{"id":11044,"date":"2022-01-19T12:54:08","date_gmt":"2022-01-19T11:54:08","guid":{"rendered":"https:\/\/new.tiketi.com\/online-shopping-in-botswana-best-online-stores\/"},"modified":"2022-02-18T13:59:37","modified_gmt":"2022-02-18T12:59:37","slug":"online-shopping-botswana","status":"publish","type":"page","link":"https:\/\/tiketi.com\/fr-fr\/online-shopping-botswana\/","title":{"rendered":"Achats en ligne au Botswana - Meilleurs magasins en ligne"},"content":{"rendered":"<h2>Achats en ligne bon march\u00e9 au Botswana<\/h2>\n<h3>T\u00e9l\u00e9chargez la meilleure application d&#039;achat en ligne au Botswana et faites des achats en ligne bon march\u00e9 au Botswana de mani\u00e8re simple et facile et \u00e9conomisez du temps et de l&#039;argent.<\/h3>\n<p>Les achats en ligne au Botswana sont un processus d&#039;achat de services ou de produits en ligne. Il existe depuis environ 20 ans et son augmentation de jour en jour. Ici, dans ce processus, l&#039;acheteur se rend en ligne pour rechercher des produits sur le march\u00e9 des achats en ligne du Botswana, choisit d&#039;acheter et organise son poste de livraison pour effectuer l&#039;achat. L&#039;acheteur peut payer pour la meilleure application d&#039;achat en ligne dans les services ou les biens du Botswana selon sa facilit\u00e9. L&#039;acheteur peut payer en ligne en utilisant Internet ou en esp\u00e8ces \u00e0 la livraison.<\/p>\n<h2>Voici quelques-uns des avantages des achats en ligne au Botswana\u00a0:<\/h2>\n<h3>Meilleure application d&#039;achat en ligne \u00e0 prix r\u00e9duit dans les offres du Botswana<\/h3>\n<p>Des offres abordables et des offres \u00e0 prix r\u00e9duits sont accessibles via Internet. Nous pouvons utiliser des coupons de r\u00e9duction pour diminuer le prix r\u00e9el. Les articles achet\u00e9s en ligne proviennent g\u00e9n\u00e9ralement directement du fabricant \u00e0 l&#039;acheteur. Il n&#039;y a pas de commission d&#039;interm\u00e9diaire impliqu\u00e9e dans cela. Certains avantages fiscaux sont \u00e9galement pr\u00e9sents dans la meilleure application d&#039;achat en ligne du syst\u00e8me botswanais.<\/p>\n<h3>Comparaison simple des co\u00fbts<\/h3>\n<p>Les achats en ligne sont la meilleure plateforme pour acheter apr\u00e8s avoir compar\u00e9 ses prix. \u00c0 un seul endroit, nous pouvons \u00e9galer le prix des diff\u00e9rentes marques de qualit\u00e9 sup\u00e9rieure propos\u00e9es par les sites de commerce \u00e9lectronique. Nous pouvons \u00e9galement faire correspondre les critiques concernant ces choses.<\/p>\n<h3>Achetez en toute confidentialit\u00e9<\/h3>\n<p>Parfois, les choses sont achet\u00e9es dans l&#039;intimit\u00e9 de votre maison. Les achats en ligne sont la premi\u00e8re plateforme pour ce type d&#039;achat. Il permet d&#039;acheter de la lingerie et des sous-v\u00eatements sans aucune g\u00eane que les gens regardent autour.<\/p>\n<h3>Faire du shopping avec contrainte<\/h3>\n<p>Parfois, nous marchons vers un magasin et commen\u00e7ons \u00e0 faire des emplettes, nous finissons par acheter des choses m\u00eame si nous ne sommes pas tr\u00e8s d\u00e9tendus avec les marchandises. Parce que le client est \u00e0 jamais oblig\u00e9 d&#039;acheter des choses. Les achats en ligne vous permettront de rechercher et d&#039;acheter en ligne sans aucune contrainte.<\/p>\n<h3>Remboursement et retour simples<\/h3>\n<p>Les achats en ligne au Botswana permettent aux clients d&#039;acheter des choses avec la confidentialit\u00e9 des retours. Si nous ne sommes pas d\u00e9tendus avec l&#039;article achet\u00e9, il peut \u00eatre enti\u00e8rement rembours\u00e9 et renvoy\u00e9 au vendeur dans un certain d\u00e9lai.<\/p>\n<h3>Pr\u00e9sentation cadeau surprise<\/h3>\n<p>En utilisant les services d&#039;achat en ligne, vous pouvez surprendre vos proches et vos amis en leur envoyant des cadeaux de temps en temps. La boutique de cadeaux en ligne Gaborone exp\u00e9die la commande chez vos amis ou parents \u00e0 prix r\u00e9duit.<\/p>\n<h3>Achat avec facture<\/h3>\n<p>Une fois les ventes v\u00e9rifi\u00e9es, une copie \u00e9lectronique de la facture est envoy\u00e9e \u00e0 l&#039;e-mail de l&#039;acheteur. Cela rend nos achats authentiques.<\/p>\n<h3>Plus de contr\u00f4le lors des achats en ligne au Botswana<\/h3>\n<p>Parfois, nous finissons par d\u00e9penser plus que notre budget d&#039;achat que ce que nous avions pr\u00e9vu, dans les magasins de d\u00e9tail pour tout achat en divulguant notre budget aux commer\u00e7ants. Les achats en ligne nous permettent de magasiner avec notre budget sans aucune force.<\/p>","protected":false},"excerpt":{"rendered":"<p>Cheap Botswana\u00a0Online Shopping Download the best online shopping app in Botswana and do cheap online shopping in Botswana simple and easy and save time and money. Online shopping in Botswana is a process of buying services or products online. It has been around for about 20 years and its rising day to day. Here in [&hellip;]<\/p>\n","protected":false},"author":1,"featured_media":19411,"parent":0,"menu_order":0,"comment_status":"open","ping_status":"closed","template":"template-home-modern.php","meta":{"footnotes":""},"class_list":["post-11044","page","type-page","status-publish","has-post-thumbnail","hentry"],"yoast_head":"<!-- This site is optimized with the Yoast SEO plugin v27.3 - https:\/\/yoast.com\/product\/yoast-seo-wordpress\/ -->\n<title>Online shopping in Botswana - Best Online Stores<\/title>\n<meta name=\"description\" content=\"Looking for online shopping in Botswana? Use the best online shopping app in Botswana and do Botswana online shopping simple and easy\" \/>\n<meta name=\"robots\" content=\"index, follow, max-snippet:-1, max-image-preview:large, max-video-preview:-1\" \/>\n<link rel=\"canonical\" href=\"https:\/\/tiketi.com\/fr-fr\/online-shopping-botswana\/\" \/>\n<meta property=\"og:locale\" content=\"fr_FR\" \/>\n<meta property=\"og:type\" content=\"article\" \/>\n<meta property=\"og:title\" content=\"Online shopping in Botswana - Best Online Stores\" \/>\n<meta property=\"og:description\" content=\"Looking for online shopping in Botswana? Use the best online shopping app in Botswana and do Botswana online shopping simple and easy\" \/>\n<meta property=\"og:url\" content=\"https:\/\/tiketi.com\/fr-fr\/online-shopping-botswana\/\" \/>\n<meta property=\"og:site_name\" content=\"Tiketi.com\" \/>\n<meta property=\"article:publisher\" content=\"https:\/\/www.facebook.com\/TiketiCom\/\" \/>\n<meta property=\"article:modified_time\" content=\"2022-02-18T12:59:37+00:00\" \/>\n<meta property=\"og:image\" content=\"https:\/\/tiketi.com\/wp-content\/uploads\/2022\/02\/online-shopping-4538982_128.jpg\" \/>\n\t<meta property=\"og:image:width\" content=\"1200\" \/>\n\t<meta property=\"og:image:height\" content=\"200\" \/>\n\t<meta property=\"og:image:type\" content=\"image\/jpeg\" \/>\n<meta name=\"twitter:card\" content=\"summary_large_image\" \/>\n<meta name=\"twitter:label1\" content=\"Dur\u00e9e de lecture estim\u00e9e\" \/>\n\t<meta name=\"twitter:data1\" content=\"3 minutes\" \/>\n<script type=\"application\/ld+json\" class=\"yoast-schema-graph\">{\"@context\":\"https:\\\/\\\/schema.org\",\"@graph\":[{\"@type\":\"WebPage\",\"@id\":\"https:\\\/\\\/tiketi.com\\\/en-gb\\\/online-shopping-botswana\\\/\",\"url\":\"https:\\\/\\\/tiketi.com\\\/en-gb\\\/online-shopping-botswana\\\/\",\"name\":\"Online shopping in Botswana - Best Online Stores\",\"isPartOf\":{\"@id\":\"https:\\\/\\\/tiketi.com\\\/#website\"},\"primaryImageOfPage\":{\"@id\":\"https:\\\/\\\/tiketi.com\\\/en-gb\\\/online-shopping-botswana\\\/#primaryimage\"},\"image\":{\"@id\":\"https:\\\/\\\/tiketi.com\\\/en-gb\\\/online-shopping-botswana\\\/#primaryimage\"},\"thumbnailUrl\":\"https:\\\/\\\/tiketi.com\\\/wp-content\\\/uploads\\\/2022\\\/02\\\/online-shopping-4538982_128.jpg\",\"datePublished\":\"2022-01-19T11:54:08+00:00\",\"dateModified\":\"2022-02-18T12:59:37+00:00\",\"description\":\"Looking for online shopping in Botswana? Use the best online shopping app in Botswana and do Botswana online shopping simple and easy\",\"breadcrumb\":{\"@id\":\"https:\\\/\\\/tiketi.com\\\/en-gb\\\/online-shopping-botswana\\\/#breadcrumb\"},\"inLanguage\":\"fr-FR\",\"potentialAction\":[{\"@type\":\"ReadAction\",\"target\":[\"https:\\\/\\\/tiketi.com\\\/en-gb\\\/online-shopping-botswana\\\/\"]}]},{\"@type\":\"ImageObject\",\"inLanguage\":\"fr-FR\",\"@id\":\"https:\\\/\\\/tiketi.com\\\/en-gb\\\/online-shopping-botswana\\\/#primaryimage\",\"url\":\"https:\\\/\\\/tiketi.com\\\/wp-content\\\/uploads\\\/2022\\\/02\\\/online-shopping-4538982_128.jpg\",\"contentUrl\":\"https:\\\/\\\/tiketi.com\\\/wp-content\\\/uploads\\\/2022\\\/02\\\/online-shopping-4538982_128.jpg\",\"width\":1200,\"height\":200,\"caption\":\"Online Shopping Gift Delivery\"},{\"@type\":\"BreadcrumbList\",\"@id\":\"https:\\\/\\\/tiketi.com\\\/en-gb\\\/online-shopping-botswana\\\/#breadcrumb\",\"itemListElement\":[{\"@type\":\"ListItem\",\"position\":1,\"name\":\"Home\",\"item\":\"https:\\\/\\\/tiketi.com\\\/\"},{\"@type\":\"ListItem\",\"position\":2,\"name\":\"Online shopping in Botswana &#8211; Best Online Stores\"}]},{\"@type\":\"WebSite\",\"@id\":\"https:\\\/\\\/tiketi.com\\\/#website\",\"url\":\"https:\\\/\\\/tiketi.com\\\/\",\"name\":\"Flight & Bus Tickets, Tour Packages & Activitites - Tiketi.com\",\"description\":\"Flight &amp; Bus Tickets, Tours, Activitites\",\"publisher\":{\"@id\":\"https:\\\/\\\/tiketi.com\\\/#organization\"},\"potentialAction\":[{\"@type\":\"SearchAction\",\"target\":{\"@type\":\"EntryPoint\",\"urlTemplate\":\"https:\\\/\\\/tiketi.com\\\/?s={search_term_string}\"},\"query-input\":{\"@type\":\"PropertyValueSpecification\",\"valueRequired\":true,\"valueName\":\"search_term_string\"}}],\"inLanguage\":\"fr-FR\"},{\"@type\":\"Organization\",\"@id\":\"https:\\\/\\\/tiketi.com\\\/#organization\",\"name\":\"Tiketi.com\",\"alternateName\":\"Tiketi\",\"url\":\"https:\\\/\\\/tiketi.com\\\/\",\"logo\":{\"@type\":\"ImageObject\",\"inLanguage\":\"fr-FR\",\"@id\":\"https:\\\/\\\/tiketi.com\\\/#\\\/schema\\\/logo\\\/image\\\/\",\"url\":\"https:\\\/\\\/tiketi.com\\\/wp-content\\\/uploads\\\/2019\\\/05\\\/tiketi-logo-696.png\",\"contentUrl\":\"https:\\\/\\\/tiketi.com\\\/wp-content\\\/uploads\\\/2019\\\/05\\\/tiketi-logo-696.png\",\"width\":696,\"height\":696,\"caption\":\"Tiketi.com\"},\"image\":{\"@id\":\"https:\\\/\\\/tiketi.com\\\/#\\\/schema\\\/logo\\\/image\\\/\"},\"sameAs\":[\"https:\\\/\\\/www.facebook.com\\\/TiketiCom\\\/\"]}]}<\/script>\n<!-- \/ Yoast SEO plugin. -->","yoast_head_json":{"title":"Achats en ligne au Botswana - Meilleurs magasins en ligne","description":"Vous cherchez des achats en ligne au Botswana? Utilisez la meilleure application d&#039;achat en ligne au Botswana et faites des achats en ligne au Botswana simplement et facilement","robots":{"index":"index","follow":"follow","max-snippet":"max-snippet:-1","max-image-preview":"max-image-preview:large","max-video-preview":"max-video-preview:-1"},"canonical":"https:\/\/tiketi.com\/fr-fr\/online-shopping-botswana\/","og_locale":"fr_FR","og_type":"article","og_title":"Online shopping in Botswana - Best Online Stores","og_description":"Looking for online shopping in Botswana? Use the best online shopping app in Botswana and do Botswana online shopping simple and easy","og_url":"https:\/\/tiketi.com\/fr-fr\/online-shopping-botswana\/","og_site_name":"Tiketi.com","article_publisher":"https:\/\/www.facebook.com\/TiketiCom\/","article_modified_time":"2022-02-18T12:59:37+00:00","og_image":[{"width":1200,"height":200,"url":"https:\/\/tiketi.com\/wp-content\/uploads\/2022\/02\/online-shopping-4538982_128.jpg","type":"image\/jpeg"}],"twitter_card":"summary_large_image","twitter_misc":{"Dur\u00e9e de lecture estim\u00e9e":"3 minutes"},"schema":{"@context":"https:\/\/schema.org","@graph":[{"@type":"WebPage","@id":"https:\/\/tiketi.com\/en-gb\/online-shopping-botswana\/","url":"https:\/\/tiketi.com\/en-gb\/online-shopping-botswana\/","name":"Achats en ligne au Botswana - Meilleurs magasins en ligne","isPartOf":{"@id":"https:\/\/tiketi.com\/#website"},"primaryImageOfPage":{"@id":"https:\/\/tiketi.com\/en-gb\/online-shopping-botswana\/#primaryimage"},"image":{"@id":"https:\/\/tiketi.com\/en-gb\/online-shopping-botswana\/#primaryimage"},"thumbnailUrl":"https:\/\/tiketi.com\/wp-content\/uploads\/2022\/02\/online-shopping-4538982_128.jpg","datePublished":"2022-01-19T11:54:08+00:00","dateModified":"2022-02-18T12:59:37+00:00","description":"Vous cherchez des achats en ligne au Botswana? Utilisez la meilleure application d&#039;achat en ligne au Botswana et faites des achats en ligne au Botswana simplement et facilement","breadcrumb":{"@id":"https:\/\/tiketi.com\/en-gb\/online-shopping-botswana\/#breadcrumb"},"inLanguage":"fr-FR","potentialAction":[{"@type":"ReadAction","target":["https:\/\/tiketi.com\/en-gb\/online-shopping-botswana\/"]}]},{"@type":"ImageObject","inLanguage":"fr-FR","@id":"https:\/\/tiketi.com\/en-gb\/online-shopping-botswana\/#primaryimage","url":"https:\/\/tiketi.com\/wp-content\/uploads\/2022\/02\/online-shopping-4538982_128.jpg","contentUrl":"https:\/\/tiketi.com\/wp-content\/uploads\/2022\/02\/online-shopping-4538982_128.jpg","width":1200,"height":200,"caption":"Online Shopping Gift Delivery"},{"@type":"BreadcrumbList","@id":"https:\/\/tiketi.com\/en-gb\/online-shopping-botswana\/#breadcrumb","itemListElement":[{"@type":"ListItem","position":1,"name":"Home","item":"https:\/\/tiketi.com\/"},{"@type":"ListItem","position":2,"name":"Online shopping in Botswana &#8211; Best Online Stores"}]},{"@type":"WebSite","@id":"https:\/\/tiketi.com\/#website","url":"https:\/\/tiketi.com\/","name":"Billets d&#039;avion et de bus, forfaits touristiques et activit\u00e9s - Tiketi.com","description":"Billets d&#039;avion et de bus, Tours, Activit\u00e9s","publisher":{"@id":"https:\/\/tiketi.com\/#organization"},"potentialAction":[{"@type":"SearchAction","target":{"@type":"EntryPoint","urlTemplate":"https:\/\/tiketi.com\/?s={search_term_string}"},"query-input":{"@type":"PropertyValueSpecification","valueRequired":true,"valueName":"search_term_string"}}],"inLanguage":"fr-FR"},{"@type":"Organization","@id":"https:\/\/tiketi.com\/#organization","name":"Tiketi.com","alternateName":"Tiketi","url":"https:\/\/tiketi.com\/","logo":{"@type":"ImageObject","inLanguage":"fr-FR","@id":"https:\/\/tiketi.com\/#\/schema\/logo\/image\/","url":"https:\/\/tiketi.com\/wp-content\/uploads\/2019\/05\/tiketi-logo-696.png","contentUrl":"https:\/\/tiketi.com\/wp-content\/uploads\/2019\/05\/tiketi-logo-696.png","width":696,"height":696,"caption":"Tiketi.com"},"image":{"@id":"https:\/\/tiketi.com\/#\/schema\/logo\/image\/"},"sameAs":["https:\/\/www.facebook.com\/TiketiCom\/"]}]}},"_links":{"self":[{"href":"https:\/\/tiketi.com\/fr-fr\/wp-json\/wp\/v2\/pages\/11044","targetHints":{"allow":["GET"]}}],"collection":[{"href":"https:\/\/tiketi.com\/fr-fr\/wp-json\/wp\/v2\/pages"}],"about":[{"href":"https:\/\/tiketi.com\/fr-fr\/wp-json\/wp\/v2\/types\/page"}],"author":[{"embeddable":true,"href":"https:\/\/tiketi.com\/fr-fr\/wp-json\/wp\/v2\/users\/1"}],"replies":[{"embeddable":true,"href":"https:\/\/tiketi.com\/fr-fr\/wp-json\/wp\/v2\/comments?post=11044"}],"version-history":[{"count":0,"href":"https:\/\/tiketi.com\/fr-fr\/wp-json\/wp\/v2\/pages\/11044\/revisions"}],"wp:featuredmedia":[{"embeddable":true,"href":"https:\/\/tiketi.com\/fr-fr\/wp-json\/wp\/v2\/media\/19411"}],"wp:attachment":[{"href":"https:\/\/tiketi.com\/fr-fr\/wp-json\/wp\/v2\/media?parent=11044"}],"curies":[{"name":"wp","href":"https:\/\/api.w.org\/{rel}","templated":true}]}}