{"id":11045,"date":"2022-01-19T12:54:08","date_gmt":"2022-01-19T11:54:08","guid":{"rendered":"https:\/\/new.tiketi.com\/online-shopping-in-tanzania-best-online-stores\/"},"modified":"2023-08-14T14:16:55","modified_gmt":"2023-08-14T13:16:55","slug":"tanzania","status":"publish","type":"page","link":"https:\/\/tiketi.com\/fr-fr\/online-shopping\/tanzania\/","title":{"rendered":"Meilleurs achats en ligne en Tanzanie App I Boutiques en ligne"},"content":{"rendered":"<h2>Application d&#039;achat en ligne pas cher en Tanzanie<\/h2>\n<h3>T\u00e9l\u00e9chargez la meilleure application d&#039;achat en ligne en Tanzanie et faites des achats en ligne bon march\u00e9 simples et faciles et \u00e9conomisez du temps et de l&#039;argent.<\/h3>\n<p>Les meilleurs achats en ligne en Tanzanie en toute simplicit\u00e9. Les temps changent maintenant et la technologie a rendu notre vie quotidienne beaucoup plus relaxante. Tout est \u00e0 port\u00e9e de clic, faire du shopping aujourd&#039;hui est devenu beaucoup plus d\u00e9tendu car il n&#039;est pas n\u00e9cessaire qu&#039;un individu visite le magasin et investisse son temps dans la recherche physique. \u00c0 l&#039;\u00e8re actuelle, la meilleure application d&#039;achat en ligne au monde en Tanzanie a \u00e9galement r\u00e9volutionn\u00e9 toutes les fa\u00e7ons dont les gens peuvent faire leurs achats aujourd&#039;hui. En raison de nombreux avantages et avantages, de nos jours, de plus en plus de personnes pr\u00e9f\u00e8rent acheter en ligne aux magasins de visite traditionnels. Voici les principaux avantages de l&#039;application de magasinage en ligne en Tanzanie.<\/p>\n<h2>Voici quelques-uns des avantages des meilleurs achats en ligne en Tanzanie<\/h2>\n<h3>Meilleure application d&#039;achat en ligne en Tanzanie<\/h3>\n<p>La commodit\u00e9 est le plus grand avantage. O\u00f9 d&#039;autre pouvez-vous confortablement magasiner \u00e0 minuit\u00a0? Il n&#039;y a pas de files d&#039;attente et vous pouvez faire vos achats en ligne en Tanzanie en quelques minutes. La meilleure application d&#039;achat en ligne en Tanzanie vous offre la possibilit\u00e9 de faire des achats 24 heures sur 24, 7 jours sur 7, et nous r\u00e9compense \u00e9galement avec une exp\u00e9rience d&#039;achat sans pollution. Il n&#039;y a pas d&#039;endroit id\u00e9al pour acheter des produits d&#039;information comme des livres \u00e9lectroniques, qui vous sont accessibles instantan\u00e9ment, d\u00e8s que le paiement est effectu\u00e9.<\/p>\n<h3>Les meilleures applications d&#039;achat en ligne en Tanzanie permettent d&#039;envoyer des cadeaux plus facilement, n&#039;importe o\u00f9<\/h3>\n<p>Envoyer des cadeaux \u00e0 des amis et \u00e0 des proches est facile, peu importe o\u00f9 ils se trouvent. D\u00e9sormais, il n&#039;est plus n\u00e9cessaire de faire de la distance une excuse pour ne pas envoyer de cadeau \u00e0 l&#039;occasion via la meilleure application d&#039;achat en ligne de Tanzanie. Vous pouvez envoyer des cadeaux pour les anniversaires, les anniversaires, les mariages, la Saint-Valentin, etc.<\/p>\n<h3>Pas de foule lors de l&#039;utilisation de l&#039;application d&#039;achat en ligne en Tanzanie<\/h3>\n<p>Si vous \u00eates comme moi, vous d\u00e9testez les foules lorsque vous faites vos courses. Principalement lors des \u00e9v\u00e9nements sp\u00e9ciaux des festivals, ils peuvent \u00eatre un gros casse-t\u00eate. De plus, cela a tendance \u00e0 \u00eatre plus chaotique lorsqu&#039;il y a plus de monde et cela nous fait parfois nous sentir press\u00e9s ou press\u00e9s. Les gens ennuyeux, grincheux et malodorants m&#039;ennuient aussi quand je vais faire du shopping. De plus, le stationnement devient un gros probl\u00e8me. Tous ces probl\u00e8mes peuvent \u00eatre rejet\u00e9s lorsque vous utilisez la meilleure application d&#039;achat en Tanzanie.<\/p>","protected":false},"excerpt":{"rendered":"<p>Cheap Tanzania Online Shopping App Download the best online shopping app in Tanzania and do cheap online shopping simple and easy and save time and money. Best online shopping in Tanzania made easy. Times are changing now, and technology has made our regular lives chore much more relax far. Everything is just a simple click [&hellip;]<\/p>\n","protected":false},"author":1,"featured_media":19411,"parent":29006,"menu_order":0,"comment_status":"open","ping_status":"closed","template":"template-home-modern.php","meta":{"footnotes":""},"class_list":["post-11045","page","type-page","status-publish","has-post-thumbnail","hentry"],"yoast_head":"<!-- This site is optimized with the Yoast SEO plugin v27.2 - https:\/\/yoast.com\/product\/yoast-seo-wordpress\/ -->\n<title>Online shopping in Tanzania - Best Online Stores<\/title>\n<meta name=\"description\" content=\"Looking for best online shopping in Tanzania? Download the best online shopping app in Tanzania and do Tanzania online shopping simple and easy\" \/>\n<meta name=\"robots\" content=\"index, follow, max-snippet:-1, max-image-preview:large, max-video-preview:-1\" \/>\n<link rel=\"canonical\" href=\"https:\/\/tiketi.com\/fr-fr\/online-shopping\/tanzania\/\" \/>\n<meta property=\"og:locale\" content=\"fr_FR\" \/>\n<meta property=\"og:type\" content=\"article\" \/>\n<meta property=\"og:title\" content=\"Online shopping in Tanzania - Best Online Stores\" \/>\n<meta property=\"og:description\" content=\"Looking for best online shopping in Tanzania? Download the best online shopping app in Tanzania and do Tanzania online shopping simple and easy\" \/>\n<meta property=\"og:url\" content=\"https:\/\/tiketi.com\/fr-fr\/online-shopping\/tanzania\/\" \/>\n<meta property=\"og:site_name\" content=\"Tiketi.com\" \/>\n<meta property=\"article:publisher\" content=\"https:\/\/www.facebook.com\/TiketiCom\/\" \/>\n<meta property=\"article:modified_time\" content=\"2023-08-14T13:16:55+00:00\" \/>\n<meta property=\"og:image\" content=\"https:\/\/tiketi.com\/wp-content\/uploads\/2022\/02\/online-shopping-4538982_128.jpg\" \/>\n\t<meta property=\"og:image:width\" content=\"1200\" \/>\n\t<meta property=\"og:image:height\" content=\"200\" \/>\n\t<meta property=\"og:image:type\" content=\"image\/jpeg\" \/>\n<meta name=\"twitter:card\" content=\"summary_large_image\" \/>\n<meta name=\"twitter:label1\" content=\"Dur\u00e9e de lecture estim\u00e9e\" \/>\n\t<meta name=\"twitter:data1\" content=\"2 minutes\" \/>\n<script type=\"application\/ld+json\" class=\"yoast-schema-graph\">{\"@context\":\"https:\/\/schema.org\",\"@graph\":[{\"@type\":\"WebPage\",\"@id\":\"https:\/\/tiketi.com\/online-shopping\/tanzania\/\",\"url\":\"https:\/\/tiketi.com\/online-shopping\/tanzania\/\",\"name\":\"Online shopping in Tanzania - Best Online Stores\",\"isPartOf\":{\"@id\":\"https:\/\/tiketi.com\/#website\"},\"primaryImageOfPage\":{\"@id\":\"https:\/\/tiketi.com\/online-shopping\/tanzania\/#primaryimage\"},\"image\":{\"@id\":\"https:\/\/tiketi.com\/online-shopping\/tanzania\/#primaryimage\"},\"thumbnailUrl\":\"https:\/\/tiketi.com\/wp-content\/uploads\/2022\/02\/online-shopping-4538982_128.jpg\",\"datePublished\":\"2022-01-19T11:54:08+00:00\",\"dateModified\":\"2023-08-14T13:16:55+00:00\",\"description\":\"Looking for best online shopping in Tanzania? Download the best online shopping app in Tanzania and do Tanzania online shopping simple and easy\",\"breadcrumb\":{\"@id\":\"https:\/\/tiketi.com\/online-shopping\/tanzania\/#breadcrumb\"},\"inLanguage\":\"fr-FR\",\"potentialAction\":[{\"@type\":\"ReadAction\",\"target\":[\"https:\/\/tiketi.com\/online-shopping\/tanzania\/\"]}]},{\"@type\":\"ImageObject\",\"inLanguage\":\"fr-FR\",\"@id\":\"https:\/\/tiketi.com\/online-shopping\/tanzania\/#primaryimage\",\"url\":\"https:\/\/tiketi.com\/wp-content\/uploads\/2022\/02\/online-shopping-4538982_128.jpg\",\"contentUrl\":\"https:\/\/tiketi.com\/wp-content\/uploads\/2022\/02\/online-shopping-4538982_128.jpg\",\"width\":1200,\"height\":200,\"caption\":\"Online Shopping Gift Delivery\"},{\"@type\":\"BreadcrumbList\",\"@id\":\"https:\/\/tiketi.com\/online-shopping\/tanzania\/#breadcrumb\",\"itemListElement\":[{\"@type\":\"ListItem\",\"position\":1,\"name\":\"Home\",\"item\":\"https:\/\/tiketi.com\/\"},{\"@type\":\"ListItem\",\"position\":2,\"name\":\"Online Shopping\",\"item\":\"https:\/\/tiketi.com\/online-shopping\/\"},{\"@type\":\"ListItem\",\"position\":3,\"name\":\"Best Online Shopping in Tanzania App I Online Stores\"}]},{\"@type\":\"WebSite\",\"@id\":\"https:\/\/tiketi.com\/#website\",\"url\":\"https:\/\/tiketi.com\/\",\"name\":\"Flight & Bus Tickets, Tour Packages & Activitites - Tiketi.com\",\"description\":\"Flight &amp; Bus Tickets, Tours, Activitites\",\"publisher\":{\"@id\":\"https:\/\/tiketi.com\/#organization\"},\"potentialAction\":[{\"@type\":\"SearchAction\",\"target\":{\"@type\":\"EntryPoint\",\"urlTemplate\":\"https:\/\/tiketi.com\/?s={search_term_string}\"},\"query-input\":{\"@type\":\"PropertyValueSpecification\",\"valueRequired\":true,\"valueName\":\"search_term_string\"}}],\"inLanguage\":\"fr-FR\"},{\"@type\":\"Organization\",\"@id\":\"https:\/\/tiketi.com\/#organization\",\"name\":\"Tiketi.com\",\"alternateName\":\"Tiketi\",\"url\":\"https:\/\/tiketi.com\/\",\"logo\":{\"@type\":\"ImageObject\",\"inLanguage\":\"fr-FR\",\"@id\":\"https:\/\/tiketi.com\/#\/schema\/logo\/image\/\",\"url\":\"https:\/\/tiketi.com\/wp-content\/uploads\/2019\/05\/tiketi-logo-696.png\",\"contentUrl\":\"https:\/\/tiketi.com\/wp-content\/uploads\/2019\/05\/tiketi-logo-696.png\",\"width\":696,\"height\":696,\"caption\":\"Tiketi.com\"},\"image\":{\"@id\":\"https:\/\/tiketi.com\/#\/schema\/logo\/image\/\"},\"sameAs\":[\"https:\/\/www.facebook.com\/TiketiCom\/\"]}]}<\/script>\n<!-- \/ Yoast SEO plugin. -->","yoast_head_json":{"title":"Achats en ligne en Tanzanie - Meilleurs magasins en ligne","description":"Vous recherchez les meilleurs achats en ligne en Tanzanie? T\u00e9l\u00e9chargez la meilleure application d&#039;achat en ligne en Tanzanie et faites des achats en ligne en Tanzanie simples et faciles","robots":{"index":"index","follow":"follow","max-snippet":"max-snippet:-1","max-image-preview":"max-image-preview:large","max-video-preview":"max-video-preview:-1"},"canonical":"https:\/\/tiketi.com\/fr-fr\/online-shopping\/tanzania\/","og_locale":"fr_FR","og_type":"article","og_title":"Online shopping in Tanzania - Best Online Stores","og_description":"Looking for best online shopping in Tanzania? Download the best online shopping app in Tanzania and do Tanzania online shopping simple and easy","og_url":"https:\/\/tiketi.com\/fr-fr\/online-shopping\/tanzania\/","og_site_name":"Tiketi.com","article_publisher":"https:\/\/www.facebook.com\/TiketiCom\/","article_modified_time":"2023-08-14T13:16:55+00:00","og_image":[{"width":1200,"height":200,"url":"https:\/\/tiketi.com\/wp-content\/uploads\/2022\/02\/online-shopping-4538982_128.jpg","type":"image\/jpeg"}],"twitter_card":"summary_large_image","twitter_misc":{"Dur\u00e9e de lecture estim\u00e9e":"2 minutes"},"schema":{"@context":"https:\/\/schema.org","@graph":[{"@type":"WebPage","@id":"https:\/\/tiketi.com\/online-shopping\/tanzania\/","url":"https:\/\/tiketi.com\/online-shopping\/tanzania\/","name":"Achats en ligne en Tanzanie - Meilleurs magasins en ligne","isPartOf":{"@id":"https:\/\/tiketi.com\/#website"},"primaryImageOfPage":{"@id":"https:\/\/tiketi.com\/online-shopping\/tanzania\/#primaryimage"},"image":{"@id":"https:\/\/tiketi.com\/online-shopping\/tanzania\/#primaryimage"},"thumbnailUrl":"https:\/\/tiketi.com\/wp-content\/uploads\/2022\/02\/online-shopping-4538982_128.jpg","datePublished":"2022-01-19T11:54:08+00:00","dateModified":"2023-08-14T13:16:55+00:00","description":"Vous recherchez les meilleurs achats en ligne en Tanzanie? T\u00e9l\u00e9chargez la meilleure application d&#039;achat en ligne en Tanzanie et faites des achats en ligne en Tanzanie simples et faciles","breadcrumb":{"@id":"https:\/\/tiketi.com\/online-shopping\/tanzania\/#breadcrumb"},"inLanguage":"fr-FR","potentialAction":[{"@type":"ReadAction","target":["https:\/\/tiketi.com\/online-shopping\/tanzania\/"]}]},{"@type":"ImageObject","inLanguage":"fr-FR","@id":"https:\/\/tiketi.com\/online-shopping\/tanzania\/#primaryimage","url":"https:\/\/tiketi.com\/wp-content\/uploads\/2022\/02\/online-shopping-4538982_128.jpg","contentUrl":"https:\/\/tiketi.com\/wp-content\/uploads\/2022\/02\/online-shopping-4538982_128.jpg","width":1200,"height":200,"caption":"Online Shopping Gift Delivery"},{"@type":"BreadcrumbList","@id":"https:\/\/tiketi.com\/online-shopping\/tanzania\/#breadcrumb","itemListElement":[{"@type":"ListItem","position":1,"name":"Home","item":"https:\/\/tiketi.com\/"},{"@type":"ListItem","position":2,"name":"Online Shopping","item":"https:\/\/tiketi.com\/online-shopping\/"},{"@type":"ListItem","position":3,"name":"Best Online Shopping in Tanzania App I Online Stores"}]},{"@type":"WebSite","@id":"https:\/\/tiketi.com\/#website","url":"https:\/\/tiketi.com\/","name":"Billets d&#039;avion et de bus, forfaits touristiques et activit\u00e9s - Tiketi.com","description":"Billets d&#039;avion et de bus, Tours, Activit\u00e9s","publisher":{"@id":"https:\/\/tiketi.com\/#organization"},"potentialAction":[{"@type":"SearchAction","target":{"@type":"EntryPoint","urlTemplate":"https:\/\/tiketi.com\/?s={search_term_string}"},"query-input":{"@type":"PropertyValueSpecification","valueRequired":true,"valueName":"search_term_string"}}],"inLanguage":"fr-FR"},{"@type":"Organization","@id":"https:\/\/tiketi.com\/#organization","name":"Tiketi.com","alternateName":"Tiketi","url":"https:\/\/tiketi.com\/","logo":{"@type":"ImageObject","inLanguage":"fr-FR","@id":"https:\/\/tiketi.com\/#\/schema\/logo\/image\/","url":"https:\/\/tiketi.com\/wp-content\/uploads\/2019\/05\/tiketi-logo-696.png","contentUrl":"https:\/\/tiketi.com\/wp-content\/uploads\/2019\/05\/tiketi-logo-696.png","width":696,"height":696,"caption":"Tiketi.com"},"image":{"@id":"https:\/\/tiketi.com\/#\/schema\/logo\/image\/"},"sameAs":["https:\/\/www.facebook.com\/TiketiCom\/"]}]}},"_links":{"self":[{"href":"https:\/\/tiketi.com\/fr-fr\/wp-json\/wp\/v2\/pages\/11045","targetHints":{"allow":["GET"]}}],"collection":[{"href":"https:\/\/tiketi.com\/fr-fr\/wp-json\/wp\/v2\/pages"}],"about":[{"href":"https:\/\/tiketi.com\/fr-fr\/wp-json\/wp\/v2\/types\/page"}],"author":[{"embeddable":true,"href":"https:\/\/tiketi.com\/fr-fr\/wp-json\/wp\/v2\/users\/1"}],"replies":[{"embeddable":true,"href":"https:\/\/tiketi.com\/fr-fr\/wp-json\/wp\/v2\/comments?post=11045"}],"version-history":[{"count":0,"href":"https:\/\/tiketi.com\/fr-fr\/wp-json\/wp\/v2\/pages\/11045\/revisions"}],"up":[{"embeddable":true,"href":"https:\/\/tiketi.com\/fr-fr\/wp-json\/wp\/v2\/pages\/29006"}],"wp:featuredmedia":[{"embeddable":true,"href":"https:\/\/tiketi.com\/fr-fr\/wp-json\/wp\/v2\/media\/19411"}],"wp:attachment":[{"href":"https:\/\/tiketi.com\/fr-fr\/wp-json\/wp\/v2\/media?parent=11045"}],"curies":[{"name":"wp","href":"https:\/\/api.w.org\/{rel}","templated":true}]}}