{"id":11046,"date":"2022-01-19T12:54:08","date_gmt":"2022-01-19T11:54:08","guid":{"rendered":"https:\/\/new.tiketi.com\/online-shopping-in-kenya-best-online-stores\/"},"modified":"2022-02-18T14:19:15","modified_gmt":"2022-02-18T13:19:15","slug":"online-shopping-kenya","status":"publish","type":"page","link":"https:\/\/tiketi.com\/fr-fr\/online-shopping-kenya\/","title":{"rendered":"Achats en ligne au Kenya \u2013 Meilleures boutiques en ligne"},"content":{"rendered":"<h2>Achats en ligne bon march\u00e9 au Kenya<\/h2>\n<h3>T\u00e9l\u00e9chargez la meilleure application d&#039;achat en ligne au Kenya et faites des achats en ligne bon march\u00e9 au Kenya de mani\u00e8re simple et facile et \u00e9conomisez du temps et de l&#039;argent.<\/h3>\n<p>Les achats en ligne au Kenya facilit\u00e9s. Avec la croissance du monde num\u00e9rique et l&#039;existence de la meilleure application d&#039;achat en ligne au Kenya, notre comportement d&#039;achat a tendance \u00e0 changer. Au lieu d&#039;aller acheter ce dont vous avez besoin, vous pouvez obtenir n&#039;importe quel article en un seul clic en achetant en ligne au Kenya. Quoi qu&#039;il en soit, vous pouvez rencontrer des probl\u00e8mes lorsque vous achetez des produits sur Internet. Quoi qu&#039;il en soit, discutons des avantages des achats en ligne au Kenya.<\/p>\n<h2>Achats en ligne au Kenya ou achats traditionnels ?<\/h2>\n<p>Eh bien, les deux m\u00e9thodes ont leurs propres avantages et inconv\u00e9nients, tant pour les propri\u00e9taires d\u2019entreprise que pour les consommateurs.<\/p>\n<h2>Voici quelques-uns des avantages des achats en ligne au Kenya<\/h2>\n<h3>La meilleure application d&#039;achat en ligne au Kenya est plus contr\u00f4lable<\/h3>\n<p>Une fois arriv\u00e9 au supermarch\u00e9, vous pourriez trouver des articles dont vous n\u2019avez pas besoin.<\/p>\n<p>Vous avez tendance \u00e0 d\u00e9penser plus que pr\u00e9vu et pour des articles dont vous ne voulez pas.<\/p>\n<p>Lors des transactions en ligne, vous n&#039;\u00eates pas oblig\u00e9 de laisser les stocks du magasin consacrer ce que vous devez acheter.<\/p>\n<p>Vous pouvez effectuer une recherche sur n&#039;importe quel autre site et conna\u00eetre vos besoins en fonction du budget que vous pr\u00e9voyez.<\/p>\n<h3>R\u00e9ductions et notifications<\/h3>\n<p>Les magasins en ligne au Kenya souhaitent vous garder en tant que client et peuvent donc vous offrir des r\u00e9compenses, des remises et des remises en argent si vous vous inscrivez aux newsletters. Cela peut vous tenir au courant de toutes les meilleures ventes \u00e0 venir. Les codes promo \u2013 comme ceux que vous pouvez obtenir sur les sites de codes promo \u2013 sont \u00e9galement tr\u00e8s connus lors des achats en ligne au Kenya.<\/p>\n<h3>Confort de temps<\/h3>\n<p>Les sites d&#039;achats en ligne au Kenya sont accessibles \u00e0 toute heure, de nuit ou de jour. Ceci est particuli\u00e8rement utile aux parents de jeunes enfants, \u00e0 toute personne travaillant toute la journ\u00e9e et en cas de mauvais temps. La meilleure application d&#039;achat en ligne au Kenya est un luxe pratique. Que vous soyez confin\u00e9 \u00e0 la maison ou en mesure de visiter un magasin, les achats en ligne au Kenya depuis votre t\u00e9l\u00e9phone sont une exp\u00e9rience particuli\u00e8rement incroyable.<\/p>\n<h3>Aucune limitation de taille<\/h3>\n<p>Un autre avantage des achats en ligne au Kenya est que l&#039;article que vous souhaitez acheter est trop volumineux pour \u00eatre transport\u00e9 dans votre v\u00e9hicule. Acheter un bateau sur un site de ventes aux ench\u00e8res ou commander une petite maison en ligne ne sont que deux exemples de conditions dans lesquelles votre voiture ne ferait tout simplement pas l&#039;affaire.<\/p>\n<h3>Z\u00e9ro difficult\u00e9 de stationnement<\/h3>\n<p>Trouver une place de parking peut \u00eatre une raison majeure pour laquelle vous ne vous arr\u00eatez pas dans un magasin. Surtout pendant les vacances, l&#039;absence de congestion pr\u00e9sente un gros avantage lors des achats en ligne au Kenya.<\/p>\n<h3>Les achats en ligne au Kenya facilitent l&#039;acc\u00e8s aux avis des consommateurs<\/h3>\n<p>Il est simple d\u2019acc\u00e9der aux avis des consommateurs pour \u00e0 peu pr\u00e8s tous les produits auxquels vous pouvez penser en ligne, ce qui permet des achats judicieux. Si vous n\u2019\u00eates pas s\u00fbr de vouloir acheter quelque chose, effectuez une petite recherche en consultant les avis des clients.<\/p>","protected":false},"excerpt":{"rendered":"<p>Cheap Kenya Online Shopping Download the best online shopping app in Kenya and do cheap online shopping in Kenya simple and easy and save time and money. Online shopping in Kenya made easy.&nbsp;With the growth of the digital globe and the existence of the best online shopping app in Kenya, our purchasing behavior tends to [&hellip;]<\/p>\n","protected":false},"author":1,"featured_media":19411,"parent":0,"menu_order":0,"comment_status":"open","ping_status":"closed","template":"template-home-modern.php","meta":{"footnotes":""},"class_list":["post-11046","page","type-page","status-publish","has-post-thumbnail","hentry"],"yoast_head":"<!-- This site is optimized with the Yoast SEO plugin v27.3 - https:\/\/yoast.com\/product\/yoast-seo-wordpress\/ -->\n<title>Online shopping in Kenya - Best Online Stores<\/title>\n<meta name=\"description\" content=\"Looking for online shopping in Kenya? Download the best online shopping app in Kenya and do Kenya online shopping simple and easy and save time and money\" \/>\n<meta name=\"robots\" content=\"index, follow, max-snippet:-1, max-image-preview:large, max-video-preview:-1\" \/>\n<link rel=\"canonical\" href=\"https:\/\/tiketi.com\/fr-fr\/online-shopping-kenya\/\" \/>\n<meta property=\"og:locale\" content=\"fr_FR\" \/>\n<meta property=\"og:type\" content=\"article\" \/>\n<meta property=\"og:title\" content=\"Online shopping in Kenya - Best Online Stores\" \/>\n<meta property=\"og:description\" content=\"Looking for online shopping in Kenya? Download the best online shopping app in Kenya and do Kenya online shopping simple and easy and save time and money\" \/>\n<meta property=\"og:url\" content=\"https:\/\/tiketi.com\/fr-fr\/online-shopping-kenya\/\" \/>\n<meta property=\"og:site_name\" content=\"Tiketi.com\" \/>\n<meta property=\"article:publisher\" content=\"https:\/\/www.facebook.com\/TiketiCom\/\" \/>\n<meta property=\"article:modified_time\" content=\"2022-02-18T13:19:15+00:00\" \/>\n<meta property=\"og:image\" content=\"https:\/\/tiketi.com\/wp-content\/uploads\/2022\/02\/online-shopping-4538982_128.jpg\" \/>\n\t<meta property=\"og:image:width\" content=\"1200\" \/>\n\t<meta property=\"og:image:height\" content=\"200\" \/>\n\t<meta property=\"og:image:type\" content=\"image\/jpeg\" \/>\n<meta name=\"twitter:card\" content=\"summary_large_image\" \/>\n<meta name=\"twitter:label1\" content=\"Dur\u00e9e de lecture estim\u00e9e\" \/>\n\t<meta name=\"twitter:data1\" content=\"3 minutes\" \/>\n<script type=\"application\/ld+json\" class=\"yoast-schema-graph\">{\"@context\":\"https:\\\/\\\/schema.org\",\"@graph\":[{\"@type\":\"WebPage\",\"@id\":\"https:\\\/\\\/tiketi.com\\\/fr-fr\\\/online-shopping-kenya\\\/\",\"url\":\"https:\\\/\\\/tiketi.com\\\/fr-fr\\\/online-shopping-kenya\\\/\",\"name\":\"Online shopping in Kenya - Best Online Stores\",\"isPartOf\":{\"@id\":\"https:\\\/\\\/tiketi.com\\\/#website\"},\"primaryImageOfPage\":{\"@id\":\"https:\\\/\\\/tiketi.com\\\/fr-fr\\\/online-shopping-kenya\\\/#primaryimage\"},\"image\":{\"@id\":\"https:\\\/\\\/tiketi.com\\\/fr-fr\\\/online-shopping-kenya\\\/#primaryimage\"},\"thumbnailUrl\":\"https:\\\/\\\/tiketi.com\\\/wp-content\\\/uploads\\\/2022\\\/02\\\/online-shopping-4538982_128.jpg\",\"datePublished\":\"2022-01-19T11:54:08+00:00\",\"dateModified\":\"2022-02-18T13:19:15+00:00\",\"description\":\"Looking for online shopping in Kenya? Download the best online shopping app in Kenya and do Kenya online shopping simple and easy and save time and money\",\"breadcrumb\":{\"@id\":\"https:\\\/\\\/tiketi.com\\\/fr-fr\\\/online-shopping-kenya\\\/#breadcrumb\"},\"inLanguage\":\"fr-FR\",\"potentialAction\":[{\"@type\":\"ReadAction\",\"target\":[\"https:\\\/\\\/tiketi.com\\\/fr-fr\\\/online-shopping-kenya\\\/\"]}]},{\"@type\":\"ImageObject\",\"inLanguage\":\"fr-FR\",\"@id\":\"https:\\\/\\\/tiketi.com\\\/fr-fr\\\/online-shopping-kenya\\\/#primaryimage\",\"url\":\"https:\\\/\\\/tiketi.com\\\/wp-content\\\/uploads\\\/2022\\\/02\\\/online-shopping-4538982_128.jpg\",\"contentUrl\":\"https:\\\/\\\/tiketi.com\\\/wp-content\\\/uploads\\\/2022\\\/02\\\/online-shopping-4538982_128.jpg\",\"width\":1200,\"height\":200,\"caption\":\"Online Shopping Gift Delivery\"},{\"@type\":\"BreadcrumbList\",\"@id\":\"https:\\\/\\\/tiketi.com\\\/fr-fr\\\/online-shopping-kenya\\\/#breadcrumb\",\"itemListElement\":[{\"@type\":\"ListItem\",\"position\":1,\"name\":\"Home\",\"item\":\"https:\\\/\\\/tiketi.com\\\/\"},{\"@type\":\"ListItem\",\"position\":2,\"name\":\"Online shopping in Kenya &#8211; Best Online Stores\"}]},{\"@type\":\"WebSite\",\"@id\":\"https:\\\/\\\/tiketi.com\\\/#website\",\"url\":\"https:\\\/\\\/tiketi.com\\\/\",\"name\":\"Flight & Bus Tickets, Tour Packages & Activitites - Tiketi.com\",\"description\":\"Flight &amp; Bus Tickets, Tours, Activitites\",\"publisher\":{\"@id\":\"https:\\\/\\\/tiketi.com\\\/#organization\"},\"potentialAction\":[{\"@type\":\"SearchAction\",\"target\":{\"@type\":\"EntryPoint\",\"urlTemplate\":\"https:\\\/\\\/tiketi.com\\\/?s={search_term_string}\"},\"query-input\":{\"@type\":\"PropertyValueSpecification\",\"valueRequired\":true,\"valueName\":\"search_term_string\"}}],\"inLanguage\":\"fr-FR\"},{\"@type\":\"Organization\",\"@id\":\"https:\\\/\\\/tiketi.com\\\/#organization\",\"name\":\"Tiketi.com\",\"alternateName\":\"Tiketi\",\"url\":\"https:\\\/\\\/tiketi.com\\\/\",\"logo\":{\"@type\":\"ImageObject\",\"inLanguage\":\"fr-FR\",\"@id\":\"https:\\\/\\\/tiketi.com\\\/#\\\/schema\\\/logo\\\/image\\\/\",\"url\":\"https:\\\/\\\/tiketi.com\\\/wp-content\\\/uploads\\\/2019\\\/05\\\/tiketi-logo-696.png\",\"contentUrl\":\"https:\\\/\\\/tiketi.com\\\/wp-content\\\/uploads\\\/2019\\\/05\\\/tiketi-logo-696.png\",\"width\":696,\"height\":696,\"caption\":\"Tiketi.com\"},\"image\":{\"@id\":\"https:\\\/\\\/tiketi.com\\\/#\\\/schema\\\/logo\\\/image\\\/\"},\"sameAs\":[\"https:\\\/\\\/www.facebook.com\\\/TiketiCom\\\/\"]}]}<\/script>\n<!-- \/ Yoast SEO plugin. -->","yoast_head_json":{"title":"Achats en ligne au Kenya - Meilleurs magasins en ligne","description":"Vous recherchez des achats en ligne au Kenya ? T\u00e9l\u00e9chargez la meilleure application d&#039;achat en ligne au Kenya et faites des achats en ligne au Kenya de mani\u00e8re simple et facile et gagnez du temps et de l&#039;argent.","robots":{"index":"index","follow":"follow","max-snippet":"max-snippet:-1","max-image-preview":"max-image-preview:large","max-video-preview":"max-video-preview:-1"},"canonical":"https:\/\/tiketi.com\/fr-fr\/online-shopping-kenya\/","og_locale":"fr_FR","og_type":"article","og_title":"Online shopping in Kenya - Best Online Stores","og_description":"Looking for online shopping in Kenya? Download the best online shopping app in Kenya and do Kenya online shopping simple and easy and save time and money","og_url":"https:\/\/tiketi.com\/fr-fr\/online-shopping-kenya\/","og_site_name":"Tiketi.com","article_publisher":"https:\/\/www.facebook.com\/TiketiCom\/","article_modified_time":"2022-02-18T13:19:15+00:00","og_image":[{"width":1200,"height":200,"url":"https:\/\/tiketi.com\/wp-content\/uploads\/2022\/02\/online-shopping-4538982_128.jpg","type":"image\/jpeg"}],"twitter_card":"summary_large_image","twitter_misc":{"Dur\u00e9e de lecture estim\u00e9e":"3 minutes"},"schema":{"@context":"https:\/\/schema.org","@graph":[{"@type":"WebPage","@id":"https:\/\/tiketi.com\/fr-fr\/online-shopping-kenya\/","url":"https:\/\/tiketi.com\/fr-fr\/online-shopping-kenya\/","name":"Achats en ligne au Kenya - Meilleurs magasins en ligne","isPartOf":{"@id":"https:\/\/tiketi.com\/#website"},"primaryImageOfPage":{"@id":"https:\/\/tiketi.com\/fr-fr\/online-shopping-kenya\/#primaryimage"},"image":{"@id":"https:\/\/tiketi.com\/fr-fr\/online-shopping-kenya\/#primaryimage"},"thumbnailUrl":"https:\/\/tiketi.com\/wp-content\/uploads\/2022\/02\/online-shopping-4538982_128.jpg","datePublished":"2022-01-19T11:54:08+00:00","dateModified":"2022-02-18T13:19:15+00:00","description":"Vous recherchez des achats en ligne au Kenya ? T\u00e9l\u00e9chargez la meilleure application d&#039;achat en ligne au Kenya et faites des achats en ligne au Kenya de mani\u00e8re simple et facile et gagnez du temps et de l&#039;argent.","breadcrumb":{"@id":"https:\/\/tiketi.com\/fr-fr\/online-shopping-kenya\/#breadcrumb"},"inLanguage":"fr-FR","potentialAction":[{"@type":"ReadAction","target":["https:\/\/tiketi.com\/fr-fr\/online-shopping-kenya\/"]}]},{"@type":"ImageObject","inLanguage":"fr-FR","@id":"https:\/\/tiketi.com\/fr-fr\/online-shopping-kenya\/#primaryimage","url":"https:\/\/tiketi.com\/wp-content\/uploads\/2022\/02\/online-shopping-4538982_128.jpg","contentUrl":"https:\/\/tiketi.com\/wp-content\/uploads\/2022\/02\/online-shopping-4538982_128.jpg","width":1200,"height":200,"caption":"Online Shopping Gift Delivery"},{"@type":"BreadcrumbList","@id":"https:\/\/tiketi.com\/fr-fr\/online-shopping-kenya\/#breadcrumb","itemListElement":[{"@type":"ListItem","position":1,"name":"Home","item":"https:\/\/tiketi.com\/"},{"@type":"ListItem","position":2,"name":"Online shopping in Kenya &#8211; Best Online Stores"}]},{"@type":"WebSite","@id":"https:\/\/tiketi.com\/#website","url":"https:\/\/tiketi.com\/","name":"Billets d&#039;avion et de bus, forfaits touristiques et activit\u00e9s - Tiketi.com","description":"Billets d&#039;avion et de bus, Tours, Activit\u00e9s","publisher":{"@id":"https:\/\/tiketi.com\/#organization"},"potentialAction":[{"@type":"SearchAction","target":{"@type":"EntryPoint","urlTemplate":"https:\/\/tiketi.com\/?s={search_term_string}"},"query-input":{"@type":"PropertyValueSpecification","valueRequired":true,"valueName":"search_term_string"}}],"inLanguage":"fr-FR"},{"@type":"Organization","@id":"https:\/\/tiketi.com\/#organization","name":"Tiketi.com","alternateName":"Tiketi","url":"https:\/\/tiketi.com\/","logo":{"@type":"ImageObject","inLanguage":"fr-FR","@id":"https:\/\/tiketi.com\/#\/schema\/logo\/image\/","url":"https:\/\/tiketi.com\/wp-content\/uploads\/2019\/05\/tiketi-logo-696.png","contentUrl":"https:\/\/tiketi.com\/wp-content\/uploads\/2019\/05\/tiketi-logo-696.png","width":696,"height":696,"caption":"Tiketi.com"},"image":{"@id":"https:\/\/tiketi.com\/#\/schema\/logo\/image\/"},"sameAs":["https:\/\/www.facebook.com\/TiketiCom\/"]}]}},"_links":{"self":[{"href":"https:\/\/tiketi.com\/fr-fr\/wp-json\/wp\/v2\/pages\/11046","targetHints":{"allow":["GET"]}}],"collection":[{"href":"https:\/\/tiketi.com\/fr-fr\/wp-json\/wp\/v2\/pages"}],"about":[{"href":"https:\/\/tiketi.com\/fr-fr\/wp-json\/wp\/v2\/types\/page"}],"author":[{"embeddable":true,"href":"https:\/\/tiketi.com\/fr-fr\/wp-json\/wp\/v2\/users\/1"}],"replies":[{"embeddable":true,"href":"https:\/\/tiketi.com\/fr-fr\/wp-json\/wp\/v2\/comments?post=11046"}],"version-history":[{"count":0,"href":"https:\/\/tiketi.com\/fr-fr\/wp-json\/wp\/v2\/pages\/11046\/revisions"}],"wp:featuredmedia":[{"embeddable":true,"href":"https:\/\/tiketi.com\/fr-fr\/wp-json\/wp\/v2\/media\/19411"}],"wp:attachment":[{"href":"https:\/\/tiketi.com\/fr-fr\/wp-json\/wp\/v2\/media?parent=11046"}],"curies":[{"name":"wp","href":"https:\/\/api.w.org\/{rel}","templated":true}]}}