{"id":11047,"date":"2022-01-19T12:54:08","date_gmt":"2022-01-19T11:54:08","guid":{"rendered":"https:\/\/new.tiketi.com\/online-shopping-in-rwanda-best-online-stores\/"},"modified":"2022-02-18T15:45:16","modified_gmt":"2022-02-18T14:45:16","slug":"online-shopping-rwanda","status":"publish","type":"page","link":"https:\/\/tiketi.com\/fr-fr\/online-shopping-rwanda\/","title":{"rendered":"Achats en ligne au Rwanda \u2013 Meilleurs magasins en ligne"},"content":{"rendered":"<h2>Achats en ligne bon march\u00e9 au Rwanda<\/h2>\n<h3>T\u00e9l\u00e9chargez la meilleure application d&#039;achat en ligne au Rwanda et faites des achats en ligne bon march\u00e9 simples et faciles et \u00e9conomisez du temps et de l&#039;argent.<\/h3>\n<p>Les achats en ligne au Rwanda en toute simplicit\u00e9. Aujourd&#039;hui, les achats en ligne au Rwanda sont tr\u00e8s c\u00e9l\u00e8bres. Trouver les avantages et les inconv\u00e9nients de la meilleure application d&#039;achat en ligne au Rwanda en m\u00eame temps est une t\u00e2che difficile. Internet a compl\u00e8tement chang\u00e9 notre fa\u00e7on de faire nos courses et cela a favoris\u00e9 les achats en ligne ces derni\u00e8res ann\u00e9es. Les magasins en ligne Rwanda n&#039;ont pas les contraintes d&#039;espace et une large gamme de produits sur les sites. Il aide les acheteurs analytiques \u00e0 acheter un produit apr\u00e8s une meilleure recherche.<\/p>\n<h2>Ci-dessous la liste des avantages des achats en ligne au Rwanda :<\/h2>\n<h3>La meilleure application d&#039;achat en ligne au Rwanda<\/h3>\n<p>Les magasins en ligne Rwanda ouvrent \u00e0 tout moment de la journ\u00e9e et n&#039;ont pas de week-end \u00e0 fermer. Contrairement aux achats traditionnels, vous pouvez y aller n&#039;importe quand m\u00eame apr\u00e8s minuit et commander ce que vous voulez. De plus, vous pouvez obtenir une estimation pour la livraison de votre commande.<\/p>\n<p>Ceci est extr\u00eamement utile pour les personnes occup\u00e9es, qui n&#039;ont pas le temps d&#039;aller dans les magasins pendant les heures r\u00e9guli\u00e8res. Vous pouvez simplement commander en un clic chez vous.<\/p>\n<h3>Vari\u00e9t\u00e9 de produits<\/h3>\n<p>Les achats en ligne au Rwanda vous offrent une diversit\u00e9 de produits. Vous pouvez choisir le service ou les biens qui r\u00e9pondront \u00e0 vos besoins et \u00e0 votre budget. De plus, vous pouvez savoir ce qui est \u00e0 la mode et nouveau dans n&#039;importe quelle cat\u00e9gorie de produits.<\/p>\n<p>Par exemple, si vous souhaitez acheter un nouveau smartphone, vous pouvez savoir quelle est la prochaine \u00e9dition et m\u00eame la pr\u00e9commander.<\/p>\n<h3>Pas de files d&#039;attente<\/h3>\n<p>Avec la meilleure application d&#039;achat en ligne au Rwanda, il n&#039;y a plus de files d&#039;attente pour le paiement. Vous pouvez choisir la technique de paiement qui vous correspond, et payer en un clic.<\/p>\n<p>Vous pouvez profiter des offres du Black Friday, des remises saisonni\u00e8res et acheter et acheter ce que vous voulez sans vous pr\u00e9occuper des probl\u00e8mes de foule tels que le manque de place de parking, l&#039;accessibilit\u00e9 des articles et les offres.<\/p>\n<h3>Pas de pression<\/h3>\n<p>Dans les achats traditionnels, les repr\u00e9sentants des ventes tentent d&#039;influencer les acheteurs pour qu&#039;ils ach\u00e8tent plus de produits.<\/p>\n<p>Ils peuvent pr\u00e9senter \u00e0 l&#039;acheteur des articles compl\u00e9mentaires ou un produit de substitution plut\u00f4t que ce que l&#039;acheteur souhaite.<\/p>\n<p>Avec l&#039;application d&#039;achat en ligne au Rwanda, vous \u00eates libre d&#039;obtenir ce que vous voulez. Vos achats en ligne d\u00e9pendent enti\u00e8rement de ce que vous voulez.<\/p>\n<h3>Les achats en ligne au Rwanda facilitent l&#039;envoi d&#039;un cadeau<\/h3>\n<p>Avant le monde num\u00e9rique et le commerce \u00e9lectronique, envoyer un cadeau pour aller au magasin physique Rwanda, choisir l&#039;article offert, l&#039;emballer, aller \u00e0 l&#039;entreprise commerciale pour envoyer votre cadeau, ou aller chez votre ami pour le lui donner, cela semble \u00eatre un plan qui n\u00e9cessite une technique sp\u00e9cifique.<\/p>\n<p>Maintenant, vous pouvez faire des achats en ligne au Rwanda, choisir l&#039;article que vous voulez, choisir celui que vous voulez emballer comme cadeau, ajouter l&#039;adresse de vos amis, payer et ensuite l&#039;envoyer \u00e0 votre ami.<\/p>","protected":false},"excerpt":{"rendered":"<p>Cheap Rwanda\u00a0Online Shopping Download the best online shopping app in Rwanda and do cheap online shopping simple and easy and save time and money. Online shopping in Rwanda made easy. Today Rwanda\u00a0online shopping is very famous. Finding advantage and disadvantage of the best online shopping app in Rwanda at same time is hard task. Internet [&hellip;]<\/p>\n","protected":false},"author":1,"featured_media":19411,"parent":0,"menu_order":0,"comment_status":"open","ping_status":"closed","template":"template-home-modern.php","meta":{"footnotes":""},"class_list":["post-11047","page","type-page","status-publish","has-post-thumbnail","hentry"],"yoast_head":"<!-- This site is optimized with the Yoast SEO plugin v27.3 - https:\/\/yoast.com\/product\/yoast-seo-wordpress\/ -->\n<title>Online shopping in Rwanda - Best Online Stores<\/title>\n<meta name=\"description\" content=\"Looking for cheap online shopping in Rwanda? Download the best online shopping app in Rwanda and do Rwanda online shopping simple and easy and save time and money\" \/>\n<meta name=\"robots\" content=\"index, follow, max-snippet:-1, max-image-preview:large, max-video-preview:-1\" \/>\n<link rel=\"canonical\" href=\"https:\/\/tiketi.com\/fr-fr\/online-shopping-rwanda\/\" \/>\n<meta property=\"og:locale\" content=\"fr_FR\" \/>\n<meta property=\"og:type\" content=\"article\" \/>\n<meta property=\"og:title\" content=\"Online shopping in Rwanda - Best Online Stores\" \/>\n<meta property=\"og:description\" content=\"Looking for cheap online shopping in Rwanda? Download the best online shopping app in Rwanda and do Rwanda online shopping simple and easy and save time and money\" \/>\n<meta property=\"og:url\" content=\"https:\/\/tiketi.com\/fr-fr\/online-shopping-rwanda\/\" \/>\n<meta property=\"og:site_name\" content=\"Tiketi.com\" \/>\n<meta property=\"article:publisher\" content=\"https:\/\/www.facebook.com\/TiketiCom\/\" \/>\n<meta property=\"article:modified_time\" content=\"2022-02-18T14:45:16+00:00\" \/>\n<meta property=\"og:image\" content=\"https:\/\/tiketi.com\/wp-content\/uploads\/2022\/02\/online-shopping-4538982_128.jpg\" \/>\n\t<meta property=\"og:image:width\" content=\"1200\" \/>\n\t<meta property=\"og:image:height\" content=\"200\" \/>\n\t<meta property=\"og:image:type\" content=\"image\/jpeg\" \/>\n<meta name=\"twitter:card\" content=\"summary_large_image\" \/>\n<meta name=\"twitter:label1\" content=\"Dur\u00e9e de lecture estim\u00e9e\" \/>\n\t<meta name=\"twitter:data1\" content=\"3 minutes\" \/>\n<script type=\"application\/ld+json\" class=\"yoast-schema-graph\">{\"@context\":\"https:\\\/\\\/schema.org\",\"@graph\":[{\"@type\":\"WebPage\",\"@id\":\"https:\\\/\\\/tiketi.com\\\/online-shopping-rwanda\\\/\",\"url\":\"https:\\\/\\\/tiketi.com\\\/online-shopping-rwanda\\\/\",\"name\":\"Online shopping in Rwanda - Best Online Stores\",\"isPartOf\":{\"@id\":\"https:\\\/\\\/tiketi.com\\\/#website\"},\"primaryImageOfPage\":{\"@id\":\"https:\\\/\\\/tiketi.com\\\/online-shopping-rwanda\\\/#primaryimage\"},\"image\":{\"@id\":\"https:\\\/\\\/tiketi.com\\\/online-shopping-rwanda\\\/#primaryimage\"},\"thumbnailUrl\":\"https:\\\/\\\/tiketi.com\\\/wp-content\\\/uploads\\\/2022\\\/02\\\/online-shopping-4538982_128.jpg\",\"datePublished\":\"2022-01-19T11:54:08+00:00\",\"dateModified\":\"2022-02-18T14:45:16+00:00\",\"description\":\"Looking for cheap online shopping in Rwanda? Download the best online shopping app in Rwanda and do Rwanda online shopping simple and easy and save time and money\",\"breadcrumb\":{\"@id\":\"https:\\\/\\\/tiketi.com\\\/online-shopping-rwanda\\\/#breadcrumb\"},\"inLanguage\":\"fr-FR\",\"potentialAction\":[{\"@type\":\"ReadAction\",\"target\":[\"https:\\\/\\\/tiketi.com\\\/online-shopping-rwanda\\\/\"]}]},{\"@type\":\"ImageObject\",\"inLanguage\":\"fr-FR\",\"@id\":\"https:\\\/\\\/tiketi.com\\\/online-shopping-rwanda\\\/#primaryimage\",\"url\":\"https:\\\/\\\/tiketi.com\\\/wp-content\\\/uploads\\\/2022\\\/02\\\/online-shopping-4538982_128.jpg\",\"contentUrl\":\"https:\\\/\\\/tiketi.com\\\/wp-content\\\/uploads\\\/2022\\\/02\\\/online-shopping-4538982_128.jpg\",\"width\":1200,\"height\":200,\"caption\":\"Online Shopping Gift Delivery\"},{\"@type\":\"BreadcrumbList\",\"@id\":\"https:\\\/\\\/tiketi.com\\\/online-shopping-rwanda\\\/#breadcrumb\",\"itemListElement\":[{\"@type\":\"ListItem\",\"position\":1,\"name\":\"Home\",\"item\":\"https:\\\/\\\/tiketi.com\\\/\"},{\"@type\":\"ListItem\",\"position\":2,\"name\":\"Online shopping in Rwanda &#8211; Best Online Stores\"}]},{\"@type\":\"WebSite\",\"@id\":\"https:\\\/\\\/tiketi.com\\\/#website\",\"url\":\"https:\\\/\\\/tiketi.com\\\/\",\"name\":\"Flight & Bus Tickets, Tour Packages & Activitites - Tiketi.com\",\"description\":\"Flight &amp; Bus Tickets, Tours, Activitites\",\"publisher\":{\"@id\":\"https:\\\/\\\/tiketi.com\\\/#organization\"},\"potentialAction\":[{\"@type\":\"SearchAction\",\"target\":{\"@type\":\"EntryPoint\",\"urlTemplate\":\"https:\\\/\\\/tiketi.com\\\/?s={search_term_string}\"},\"query-input\":{\"@type\":\"PropertyValueSpecification\",\"valueRequired\":true,\"valueName\":\"search_term_string\"}}],\"inLanguage\":\"fr-FR\"},{\"@type\":\"Organization\",\"@id\":\"https:\\\/\\\/tiketi.com\\\/#organization\",\"name\":\"Tiketi.com\",\"alternateName\":\"Tiketi\",\"url\":\"https:\\\/\\\/tiketi.com\\\/\",\"logo\":{\"@type\":\"ImageObject\",\"inLanguage\":\"fr-FR\",\"@id\":\"https:\\\/\\\/tiketi.com\\\/#\\\/schema\\\/logo\\\/image\\\/\",\"url\":\"https:\\\/\\\/tiketi.com\\\/wp-content\\\/uploads\\\/2019\\\/05\\\/tiketi-logo-696.png\",\"contentUrl\":\"https:\\\/\\\/tiketi.com\\\/wp-content\\\/uploads\\\/2019\\\/05\\\/tiketi-logo-696.png\",\"width\":696,\"height\":696,\"caption\":\"Tiketi.com\"},\"image\":{\"@id\":\"https:\\\/\\\/tiketi.com\\\/#\\\/schema\\\/logo\\\/image\\\/\"},\"sameAs\":[\"https:\\\/\\\/www.facebook.com\\\/TiketiCom\\\/\"]}]}<\/script>\n<!-- \/ Yoast SEO plugin. -->","yoast_head_json":{"title":"Achats en ligne au Rwanda - Meilleurs magasins en ligne","description":"Vous cherchez des achats en ligne bon march\u00e9 au Rwanda? T\u00e9l\u00e9chargez la meilleure application d&#039;achat en ligne au Rwanda et faites des achats en ligne au Rwanda simples et faciles et \u00e9conomisez du temps et de l&#039;argent","robots":{"index":"index","follow":"follow","max-snippet":"max-snippet:-1","max-image-preview":"max-image-preview:large","max-video-preview":"max-video-preview:-1"},"canonical":"https:\/\/tiketi.com\/fr-fr\/online-shopping-rwanda\/","og_locale":"fr_FR","og_type":"article","og_title":"Online shopping in Rwanda - Best Online Stores","og_description":"Looking for cheap online shopping in Rwanda? Download the best online shopping app in Rwanda and do Rwanda online shopping simple and easy and save time and money","og_url":"https:\/\/tiketi.com\/fr-fr\/online-shopping-rwanda\/","og_site_name":"Tiketi.com","article_publisher":"https:\/\/www.facebook.com\/TiketiCom\/","article_modified_time":"2022-02-18T14:45:16+00:00","og_image":[{"width":1200,"height":200,"url":"https:\/\/tiketi.com\/wp-content\/uploads\/2022\/02\/online-shopping-4538982_128.jpg","type":"image\/jpeg"}],"twitter_card":"summary_large_image","twitter_misc":{"Dur\u00e9e de lecture estim\u00e9e":"3 minutes"},"schema":{"@context":"https:\/\/schema.org","@graph":[{"@type":"WebPage","@id":"https:\/\/tiketi.com\/online-shopping-rwanda\/","url":"https:\/\/tiketi.com\/online-shopping-rwanda\/","name":"Achats en ligne au Rwanda - Meilleurs magasins en ligne","isPartOf":{"@id":"https:\/\/tiketi.com\/#website"},"primaryImageOfPage":{"@id":"https:\/\/tiketi.com\/online-shopping-rwanda\/#primaryimage"},"image":{"@id":"https:\/\/tiketi.com\/online-shopping-rwanda\/#primaryimage"},"thumbnailUrl":"https:\/\/tiketi.com\/wp-content\/uploads\/2022\/02\/online-shopping-4538982_128.jpg","datePublished":"2022-01-19T11:54:08+00:00","dateModified":"2022-02-18T14:45:16+00:00","description":"Vous cherchez des achats en ligne bon march\u00e9 au Rwanda? T\u00e9l\u00e9chargez la meilleure application d&#039;achat en ligne au Rwanda et faites des achats en ligne au Rwanda simples et faciles et \u00e9conomisez du temps et de l&#039;argent","breadcrumb":{"@id":"https:\/\/tiketi.com\/online-shopping-rwanda\/#breadcrumb"},"inLanguage":"fr-FR","potentialAction":[{"@type":"ReadAction","target":["https:\/\/tiketi.com\/online-shopping-rwanda\/"]}]},{"@type":"ImageObject","inLanguage":"fr-FR","@id":"https:\/\/tiketi.com\/online-shopping-rwanda\/#primaryimage","url":"https:\/\/tiketi.com\/wp-content\/uploads\/2022\/02\/online-shopping-4538982_128.jpg","contentUrl":"https:\/\/tiketi.com\/wp-content\/uploads\/2022\/02\/online-shopping-4538982_128.jpg","width":1200,"height":200,"caption":"Online Shopping Gift Delivery"},{"@type":"BreadcrumbList","@id":"https:\/\/tiketi.com\/online-shopping-rwanda\/#breadcrumb","itemListElement":[{"@type":"ListItem","position":1,"name":"Home","item":"https:\/\/tiketi.com\/"},{"@type":"ListItem","position":2,"name":"Online shopping in Rwanda &#8211; Best Online Stores"}]},{"@type":"WebSite","@id":"https:\/\/tiketi.com\/#website","url":"https:\/\/tiketi.com\/","name":"Billets d&#039;avion et de bus, forfaits touristiques et activit\u00e9s - Tiketi.com","description":"Billets d&#039;avion et de bus, Tours, Activit\u00e9s","publisher":{"@id":"https:\/\/tiketi.com\/#organization"},"potentialAction":[{"@type":"SearchAction","target":{"@type":"EntryPoint","urlTemplate":"https:\/\/tiketi.com\/?s={search_term_string}"},"query-input":{"@type":"PropertyValueSpecification","valueRequired":true,"valueName":"search_term_string"}}],"inLanguage":"fr-FR"},{"@type":"Organization","@id":"https:\/\/tiketi.com\/#organization","name":"Tiketi.com","alternateName":"Tiketi","url":"https:\/\/tiketi.com\/","logo":{"@type":"ImageObject","inLanguage":"fr-FR","@id":"https:\/\/tiketi.com\/#\/schema\/logo\/image\/","url":"https:\/\/tiketi.com\/wp-content\/uploads\/2019\/05\/tiketi-logo-696.png","contentUrl":"https:\/\/tiketi.com\/wp-content\/uploads\/2019\/05\/tiketi-logo-696.png","width":696,"height":696,"caption":"Tiketi.com"},"image":{"@id":"https:\/\/tiketi.com\/#\/schema\/logo\/image\/"},"sameAs":["https:\/\/www.facebook.com\/TiketiCom\/"]}]}},"_links":{"self":[{"href":"https:\/\/tiketi.com\/fr-fr\/wp-json\/wp\/v2\/pages\/11047","targetHints":{"allow":["GET"]}}],"collection":[{"href":"https:\/\/tiketi.com\/fr-fr\/wp-json\/wp\/v2\/pages"}],"about":[{"href":"https:\/\/tiketi.com\/fr-fr\/wp-json\/wp\/v2\/types\/page"}],"author":[{"embeddable":true,"href":"https:\/\/tiketi.com\/fr-fr\/wp-json\/wp\/v2\/users\/1"}],"replies":[{"embeddable":true,"href":"https:\/\/tiketi.com\/fr-fr\/wp-json\/wp\/v2\/comments?post=11047"}],"version-history":[{"count":0,"href":"https:\/\/tiketi.com\/fr-fr\/wp-json\/wp\/v2\/pages\/11047\/revisions"}],"wp:featuredmedia":[{"embeddable":true,"href":"https:\/\/tiketi.com\/fr-fr\/wp-json\/wp\/v2\/media\/19411"}],"wp:attachment":[{"href":"https:\/\/tiketi.com\/fr-fr\/wp-json\/wp\/v2\/media?parent=11047"}],"curies":[{"name":"wp","href":"https:\/\/api.w.org\/{rel}","templated":true}]}}