{"id":11048,"date":"2022-01-19T12:54:08","date_gmt":"2022-01-19T11:54:08","guid":{"rendered":"https:\/\/new.tiketi.com\/online-shopping-in-ghana-best-online-stores\/"},"modified":"2022-02-18T14:34:10","modified_gmt":"2022-02-18T13:34:10","slug":"online-shopping-ghana","status":"publish","type":"page","link":"https:\/\/tiketi.com\/fr-fr\/online-shopping-ghana\/","title":{"rendered":"Achats en ligne au Ghana - Meilleurs magasins en ligne"},"content":{"rendered":"<h2>Achats en ligne bon march\u00e9 au Ghana<\/h2>\n<h3>T\u00e9l\u00e9chargez la meilleure application d&#039;achat en ligne au Ghana et faites des achats en ligne bon march\u00e9 au Ghana de mani\u00e8re simple et facile et \u00e9conomisez du temps et de l&#039;argent.<\/h3>\n<p>Les achats en ligne au Ghana sont le meilleur moyen de gagner du temps et de l&#039;argent. Maintenant, en raison de la pand\u00e9mie, vous devez rester en s\u00e9curit\u00e9 et rester en forme \u00e0 la maison. Donc, si vous avez besoin de quoi que ce soit, vous pouvez vous en tenir aux boutiques en ligne du Ghana. La meilleure application d&#039;achat en ligne au Ghana offre tout, \u00e0 chaque fois \u00e0 un prix tr\u00e8s abordable. Si vous recherchez le meilleur magasin en ligne, vous devez parcourir les achats en ligne au Ghana.<\/p>\n<h2>Voici les avantages des achats en ligne au Ghana :<\/h2>\n<h3>Garde le temps<\/h3>\n<p>Maintenant, vous pouvez gagner du temps en faisant vos achats en ligne. C&#039;est l&#039;un des meilleurs moyens d&#039;acheter des choses \u00e0 la maison et de ne pas visiter le magasin en raison de COVID-19. Les achats en ligne au Ghana sont les meilleurs pour de nombreuses personnes et ils conna\u00eetront les diff\u00e9rents produits \u00e0 un prix abordable. Si vous avez besoin d&#039;un excellent r\u00e9sultat dans vos achats, vous devez visiter la boutique en ligne Ghana pour d&#039;excellents produits standard.<\/p>\n<h3>Meilleures affaires<\/h3>\n<p>Dans la boutique en ligne Ghana, vous obtiendrez une offre remarquable pour les produits que vous aimez acheter. La meilleure fa\u00e7on de garder de l&#039;argent est de faire des achats en ligne. Si vous avez besoin d&#039;excellents r\u00e9sultats et d&#039;obtenir les meilleures remises, vous devez visiter la boutique en ligne pour des produits de qualit\u00e9 sup\u00e9rieure et de meilleure qualit\u00e9.<\/p>\n<h3>Pas besoin de voyager<\/h3>\n<p>Les gens n&#039;aiment g\u00e9n\u00e9ralement pas beaucoup bouger pour obtenir ce qu&#039;ils veulent. Certainement, rien ne peut \u00eatre compl\u00e9t\u00e9 par l&#039;exp\u00e9rience d&#039;aller dans une boutique de v\u00eatements et d&#039;acheter ce que vous voulez, mais g\u00e9n\u00e9ralement les gens ne veulent tout simplement pas voyager. Les clients ne partent g\u00e9n\u00e9ralement pas \u00e0 proximit\u00e9 des magasins qu&#039;ils souhaiteraient visiter, mais aujourd&#039;hui, ils ont le choix de faire des achats en ligne au Ghana.<\/p>\n<h3>Des comparaisons de prix \u00e0 tout moment et en tout lieu avec la meilleure application d&#039;achat en ligne au Ghana<\/h3>\n<p>Faire correspondre et rechercher des articles et leurs prix est tellement plus facile gr\u00e2ce \u00e0 la meilleure application d&#039;achat en ligne au Ghana. De plus, nous avons la possibilit\u00e9 de partager des avis et des informations avec d&#039;autres acheteurs qui ont une exp\u00e9rience directe avec un article ou un d\u00e9taillant.<\/p>\n<h3>Moins de pi\u00e8ges<\/h3>\n<p>Les magasins physiques sont faits pour vous inciter \u00e0 acheter plus de choses. Ils utilisent des messages de vente, des affiches, des couleurs et le placement de produits pour vous faire acheter des articles suppl\u00e9mentaires. Les produits les plus c\u00e9l\u00e8bres sont g\u00e9n\u00e9ralement \u00e0 l&#039;arri\u00e8re, car le propri\u00e9taire souhaite voir tous ses autres articles. Beaucoup de gens trouveront quelques articles suppl\u00e9mentaires au moment o\u00f9 ils atteindront la chose pour laquelle ils sont venus.<\/p>\n<h3>Achats en ligne discrets au Ghana<\/h3>\n<p>Les magasins physiques rendent g\u00e9n\u00e9ralement difficile l&#039;achat de certains articles. Par exemple, acheter de la lingerie sans avoir quelques mauvais regards est presque impossible. Il existe de nombreux exemples de cela, et parfois vous pourriez vous sentir mal \u00e0 l&#039;aise sans raison.<\/p>","protected":false},"excerpt":{"rendered":"<p>Cheap Ghana\u00a0Online Shopping Download the best online shopping app in Ghana and do cheap online shopping in Ghana simple and easy and save time and money. Online shopping in Ghana is a best way to keep money and time. Now due to pandemic you have to stay safe and stay fit at home. So if [&hellip;]<\/p>\n","protected":false},"author":1,"featured_media":19411,"parent":0,"menu_order":0,"comment_status":"open","ping_status":"closed","template":"template-home-modern.php","meta":{"footnotes":""},"class_list":["post-11048","page","type-page","status-publish","has-post-thumbnail","hentry"],"yoast_head":"<!-- This site is optimized with the Yoast SEO plugin v27.3 - https:\/\/yoast.com\/product\/yoast-seo-wordpress\/ -->\n<title>Online shopping in Ghana - Best Online Stores<\/title>\n<meta name=\"description\" content=\"Looking for online shopping in Ghana store? Download the best online shopping app in Ghana and do Ghana online shopping simple and easy and save time and money\" \/>\n<meta name=\"robots\" content=\"index, follow, max-snippet:-1, max-image-preview:large, max-video-preview:-1\" \/>\n<link rel=\"canonical\" href=\"https:\/\/tiketi.com\/fr-fr\/online-shopping-ghana\/\" \/>\n<meta property=\"og:locale\" content=\"fr_FR\" \/>\n<meta property=\"og:type\" content=\"article\" \/>\n<meta property=\"og:title\" content=\"Online shopping in Ghana - Best Online Stores\" \/>\n<meta property=\"og:description\" content=\"Looking for online shopping in Ghana store? Download the best online shopping app in Ghana and do Ghana online shopping simple and easy and save time and money\" \/>\n<meta property=\"og:url\" content=\"https:\/\/tiketi.com\/fr-fr\/online-shopping-ghana\/\" \/>\n<meta property=\"og:site_name\" content=\"Tiketi.com\" \/>\n<meta property=\"article:publisher\" content=\"https:\/\/www.facebook.com\/TiketiCom\/\" \/>\n<meta property=\"article:modified_time\" content=\"2022-02-18T13:34:10+00:00\" \/>\n<meta property=\"og:image\" content=\"https:\/\/tiketi.com\/wp-content\/uploads\/2022\/02\/online-shopping-4538982_128.jpg\" \/>\n\t<meta property=\"og:image:width\" content=\"1200\" \/>\n\t<meta property=\"og:image:height\" content=\"200\" \/>\n\t<meta property=\"og:image:type\" content=\"image\/jpeg\" \/>\n<meta name=\"twitter:card\" content=\"summary_large_image\" \/>\n<meta name=\"twitter:label1\" content=\"Dur\u00e9e de lecture estim\u00e9e\" \/>\n\t<meta name=\"twitter:data1\" content=\"3 minutes\" \/>\n<script type=\"application\/ld+json\" class=\"yoast-schema-graph\">{\"@context\":\"https:\\\/\\\/schema.org\",\"@graph\":[{\"@type\":\"WebPage\",\"@id\":\"https:\\\/\\\/tiketi.com\\\/fr-fr\\\/online-shopping-ghana\\\/\",\"url\":\"https:\\\/\\\/tiketi.com\\\/fr-fr\\\/online-shopping-ghana\\\/\",\"name\":\"Online shopping in Ghana - Best Online Stores\",\"isPartOf\":{\"@id\":\"https:\\\/\\\/tiketi.com\\\/#website\"},\"primaryImageOfPage\":{\"@id\":\"https:\\\/\\\/tiketi.com\\\/fr-fr\\\/online-shopping-ghana\\\/#primaryimage\"},\"image\":{\"@id\":\"https:\\\/\\\/tiketi.com\\\/fr-fr\\\/online-shopping-ghana\\\/#primaryimage\"},\"thumbnailUrl\":\"https:\\\/\\\/tiketi.com\\\/wp-content\\\/uploads\\\/2022\\\/02\\\/online-shopping-4538982_128.jpg\",\"datePublished\":\"2022-01-19T11:54:08+00:00\",\"dateModified\":\"2022-02-18T13:34:10+00:00\",\"description\":\"Looking for online shopping in Ghana store? Download the best online shopping app in Ghana and do Ghana online shopping simple and easy and save time and money\",\"breadcrumb\":{\"@id\":\"https:\\\/\\\/tiketi.com\\\/fr-fr\\\/online-shopping-ghana\\\/#breadcrumb\"},\"inLanguage\":\"fr-FR\",\"potentialAction\":[{\"@type\":\"ReadAction\",\"target\":[\"https:\\\/\\\/tiketi.com\\\/fr-fr\\\/online-shopping-ghana\\\/\"]}]},{\"@type\":\"ImageObject\",\"inLanguage\":\"fr-FR\",\"@id\":\"https:\\\/\\\/tiketi.com\\\/fr-fr\\\/online-shopping-ghana\\\/#primaryimage\",\"url\":\"https:\\\/\\\/tiketi.com\\\/wp-content\\\/uploads\\\/2022\\\/02\\\/online-shopping-4538982_128.jpg\",\"contentUrl\":\"https:\\\/\\\/tiketi.com\\\/wp-content\\\/uploads\\\/2022\\\/02\\\/online-shopping-4538982_128.jpg\",\"width\":1200,\"height\":200,\"caption\":\"Online Shopping Gift Delivery\"},{\"@type\":\"BreadcrumbList\",\"@id\":\"https:\\\/\\\/tiketi.com\\\/fr-fr\\\/online-shopping-ghana\\\/#breadcrumb\",\"itemListElement\":[{\"@type\":\"ListItem\",\"position\":1,\"name\":\"Home\",\"item\":\"https:\\\/\\\/tiketi.com\\\/\"},{\"@type\":\"ListItem\",\"position\":2,\"name\":\"Online shopping in Ghana &#8211; Best Online Stores\"}]},{\"@type\":\"WebSite\",\"@id\":\"https:\\\/\\\/tiketi.com\\\/#website\",\"url\":\"https:\\\/\\\/tiketi.com\\\/\",\"name\":\"Flight & Bus Tickets, Tour Packages & Activitites - Tiketi.com\",\"description\":\"Flight &amp; Bus Tickets, Tours, Activitites\",\"publisher\":{\"@id\":\"https:\\\/\\\/tiketi.com\\\/#organization\"},\"potentialAction\":[{\"@type\":\"SearchAction\",\"target\":{\"@type\":\"EntryPoint\",\"urlTemplate\":\"https:\\\/\\\/tiketi.com\\\/?s={search_term_string}\"},\"query-input\":{\"@type\":\"PropertyValueSpecification\",\"valueRequired\":true,\"valueName\":\"search_term_string\"}}],\"inLanguage\":\"fr-FR\"},{\"@type\":\"Organization\",\"@id\":\"https:\\\/\\\/tiketi.com\\\/#organization\",\"name\":\"Tiketi.com\",\"alternateName\":\"Tiketi\",\"url\":\"https:\\\/\\\/tiketi.com\\\/\",\"logo\":{\"@type\":\"ImageObject\",\"inLanguage\":\"fr-FR\",\"@id\":\"https:\\\/\\\/tiketi.com\\\/#\\\/schema\\\/logo\\\/image\\\/\",\"url\":\"https:\\\/\\\/tiketi.com\\\/wp-content\\\/uploads\\\/2019\\\/05\\\/tiketi-logo-696.png\",\"contentUrl\":\"https:\\\/\\\/tiketi.com\\\/wp-content\\\/uploads\\\/2019\\\/05\\\/tiketi-logo-696.png\",\"width\":696,\"height\":696,\"caption\":\"Tiketi.com\"},\"image\":{\"@id\":\"https:\\\/\\\/tiketi.com\\\/#\\\/schema\\\/logo\\\/image\\\/\"},\"sameAs\":[\"https:\\\/\\\/www.facebook.com\\\/TiketiCom\\\/\"]}]}<\/script>\n<!-- \/ Yoast SEO plugin. -->","yoast_head_json":{"title":"Achats en ligne au Ghana - Meilleurs magasins en ligne","description":"Vous recherchez des achats en ligne dans un magasin Ghana? T\u00e9l\u00e9chargez la meilleure application d&#039;achat en ligne au Ghana et faites des achats en ligne au Ghana simples et faciles et \u00e9conomisez du temps et de l&#039;argent","robots":{"index":"index","follow":"follow","max-snippet":"max-snippet:-1","max-image-preview":"max-image-preview:large","max-video-preview":"max-video-preview:-1"},"canonical":"https:\/\/tiketi.com\/fr-fr\/online-shopping-ghana\/","og_locale":"fr_FR","og_type":"article","og_title":"Online shopping in Ghana - Best Online Stores","og_description":"Looking for online shopping in Ghana store? Download the best online shopping app in Ghana and do Ghana online shopping simple and easy and save time and money","og_url":"https:\/\/tiketi.com\/fr-fr\/online-shopping-ghana\/","og_site_name":"Tiketi.com","article_publisher":"https:\/\/www.facebook.com\/TiketiCom\/","article_modified_time":"2022-02-18T13:34:10+00:00","og_image":[{"width":1200,"height":200,"url":"https:\/\/tiketi.com\/wp-content\/uploads\/2022\/02\/online-shopping-4538982_128.jpg","type":"image\/jpeg"}],"twitter_card":"summary_large_image","twitter_misc":{"Dur\u00e9e de lecture estim\u00e9e":"3 minutes"},"schema":{"@context":"https:\/\/schema.org","@graph":[{"@type":"WebPage","@id":"https:\/\/tiketi.com\/fr-fr\/online-shopping-ghana\/","url":"https:\/\/tiketi.com\/fr-fr\/online-shopping-ghana\/","name":"Achats en ligne au Ghana - Meilleurs magasins en ligne","isPartOf":{"@id":"https:\/\/tiketi.com\/#website"},"primaryImageOfPage":{"@id":"https:\/\/tiketi.com\/fr-fr\/online-shopping-ghana\/#primaryimage"},"image":{"@id":"https:\/\/tiketi.com\/fr-fr\/online-shopping-ghana\/#primaryimage"},"thumbnailUrl":"https:\/\/tiketi.com\/wp-content\/uploads\/2022\/02\/online-shopping-4538982_128.jpg","datePublished":"2022-01-19T11:54:08+00:00","dateModified":"2022-02-18T13:34:10+00:00","description":"Vous recherchez des achats en ligne dans un magasin Ghana? T\u00e9l\u00e9chargez la meilleure application d&#039;achat en ligne au Ghana et faites des achats en ligne au Ghana simples et faciles et \u00e9conomisez du temps et de l&#039;argent","breadcrumb":{"@id":"https:\/\/tiketi.com\/fr-fr\/online-shopping-ghana\/#breadcrumb"},"inLanguage":"fr-FR","potentialAction":[{"@type":"ReadAction","target":["https:\/\/tiketi.com\/fr-fr\/online-shopping-ghana\/"]}]},{"@type":"ImageObject","inLanguage":"fr-FR","@id":"https:\/\/tiketi.com\/fr-fr\/online-shopping-ghana\/#primaryimage","url":"https:\/\/tiketi.com\/wp-content\/uploads\/2022\/02\/online-shopping-4538982_128.jpg","contentUrl":"https:\/\/tiketi.com\/wp-content\/uploads\/2022\/02\/online-shopping-4538982_128.jpg","width":1200,"height":200,"caption":"Online Shopping Gift Delivery"},{"@type":"BreadcrumbList","@id":"https:\/\/tiketi.com\/fr-fr\/online-shopping-ghana\/#breadcrumb","itemListElement":[{"@type":"ListItem","position":1,"name":"Home","item":"https:\/\/tiketi.com\/"},{"@type":"ListItem","position":2,"name":"Online shopping in Ghana &#8211; Best Online Stores"}]},{"@type":"WebSite","@id":"https:\/\/tiketi.com\/#website","url":"https:\/\/tiketi.com\/","name":"Billets d&#039;avion et de bus, forfaits touristiques et activit\u00e9s - Tiketi.com","description":"Billets d&#039;avion et de bus, Tours, Activit\u00e9s","publisher":{"@id":"https:\/\/tiketi.com\/#organization"},"potentialAction":[{"@type":"SearchAction","target":{"@type":"EntryPoint","urlTemplate":"https:\/\/tiketi.com\/?s={search_term_string}"},"query-input":{"@type":"PropertyValueSpecification","valueRequired":true,"valueName":"search_term_string"}}],"inLanguage":"fr-FR"},{"@type":"Organization","@id":"https:\/\/tiketi.com\/#organization","name":"Tiketi.com","alternateName":"Tiketi","url":"https:\/\/tiketi.com\/","logo":{"@type":"ImageObject","inLanguage":"fr-FR","@id":"https:\/\/tiketi.com\/#\/schema\/logo\/image\/","url":"https:\/\/tiketi.com\/wp-content\/uploads\/2019\/05\/tiketi-logo-696.png","contentUrl":"https:\/\/tiketi.com\/wp-content\/uploads\/2019\/05\/tiketi-logo-696.png","width":696,"height":696,"caption":"Tiketi.com"},"image":{"@id":"https:\/\/tiketi.com\/#\/schema\/logo\/image\/"},"sameAs":["https:\/\/www.facebook.com\/TiketiCom\/"]}]}},"_links":{"self":[{"href":"https:\/\/tiketi.com\/fr-fr\/wp-json\/wp\/v2\/pages\/11048","targetHints":{"allow":["GET"]}}],"collection":[{"href":"https:\/\/tiketi.com\/fr-fr\/wp-json\/wp\/v2\/pages"}],"about":[{"href":"https:\/\/tiketi.com\/fr-fr\/wp-json\/wp\/v2\/types\/page"}],"author":[{"embeddable":true,"href":"https:\/\/tiketi.com\/fr-fr\/wp-json\/wp\/v2\/users\/1"}],"replies":[{"embeddable":true,"href":"https:\/\/tiketi.com\/fr-fr\/wp-json\/wp\/v2\/comments?post=11048"}],"version-history":[{"count":0,"href":"https:\/\/tiketi.com\/fr-fr\/wp-json\/wp\/v2\/pages\/11048\/revisions"}],"wp:featuredmedia":[{"embeddable":true,"href":"https:\/\/tiketi.com\/fr-fr\/wp-json\/wp\/v2\/media\/19411"}],"wp:attachment":[{"href":"https:\/\/tiketi.com\/fr-fr\/wp-json\/wp\/v2\/media?parent=11048"}],"curies":[{"name":"wp","href":"https:\/\/api.w.org\/{rel}","templated":true}]}}