{"id":11049,"date":"2022-01-19T12:54:10","date_gmt":"2022-01-19T11:54:10","guid":{"rendered":"https:\/\/new.tiketi.com\/gift-delivery-in-dar-es-salaam-tanzania\/"},"modified":"2022-02-13T21:45:10","modified_gmt":"2022-02-13T20:45:10","slug":"online-gift-delivery-dar-es-salaam","status":"publish","type":"page","link":"https:\/\/tiketi.com\/fr-fr\/online-gift-delivery-dar-es-salaam\/","title":{"rendered":"Livraison de cadeaux \u00e0 Dar es Salaam Tanzanie"},"content":{"rendered":"<h2>Boutique de cadeaux en ligne \u00e0 Dar es Salaam, Tanzanie<\/h2>\n<h3>T\u00e9l\u00e9chargez notre application de livraison de cadeaux \u00e0 Dar es Salaam et faites des achats en ligne de cadeaux bon march\u00e9 \u00e0 Dar es Salaam simples et faciles et \u00e9conomisez du temps et de l&#039;argent.<\/h3>\n<p>La livraison de cadeaux \u00e0 Dar es Salaam en Tanzanie en toute simplicit\u00e9. Les achats dans ce monde num\u00e9rique ont \u00e9t\u00e9 r\u00e9volutionn\u00e9s, la plupart des achats \u00e9tant pass\u00e9s en ligne au lieu des boutiques de cadeaux nationales. C&#039;est en raison des nombreux avantages li\u00e9s \u00e0 l&#039;achat en ligne et chaque personne veut en avoir une part. Voici les meilleurs avantages de l&#039;application de livraison de cadeaux en ligne \u00e0 Dar es Salaam que vous devez conna\u00eetre\u00a0:<\/p>\n<h2>Livraison de cadeaux \u00e0 Dar es Salaam Tanzanie Avantages<\/h2>\n<h3>La boutique de cadeaux en ligne \u00e0 Dar es Salaam est pratique<\/h3>\n<p>Les achats de cadeaux en ligne sont faciles car vous magasinez o\u00f9 que vous soyez sans avoir \u00e0 visiter les magasins de cadeaux nationaux qui sont normalement bond\u00e9s, en particulier pendant la saison des festivals et autres grands jours. De plus, avec la livraison de cadeaux en ligne \u00e0 Dar es Salaam, vous pouvez faire vos achats 24h\/24 et 7j\/7 dans le confort de votre maison et vous n&#039;avez pas \u00e0 faire la queue. Vous commandez simplement ce que vous voulez \u00e0 votre aise et il est livr\u00e9 \u00e0 temps.<\/p>\n<h3>L&#039;envoi de cadeaux est simplifi\u00e9<\/h3>\n<p>Le monde en ligne est un march\u00e9 international et des liens partout. Ainsi, vos cadeaux \u00e0 vos amis et parents leur sont simplement livr\u00e9s, peu importe o\u00f9 ils se trouvent \u00e0 Dar es Salaam. Boutique de cadeaux \u00e0 Dar es Salaam exp\u00e9diez vos cadeaux \u00e0 l&#039;endroit de votre choix. L&#039;espace de distance est combl\u00e9 et vous pouvez envoyer des cadeaux \u00e0 vos proches sans aucun probl\u00e8me.<\/p>\n<h3>Gain de temps<\/h3>\n<p>Eh bien, avec l&#039;application de livraison de cadeaux \u00e0 Dar es Salaam, vous passez moins de temps \u00e0 faire du shopping car vous devez parcourir la cat\u00e9gorie de vos cadeaux requis, les choisir, payer et vous feriez mieux d&#039;aller o\u00f9 que vous soyez en utilisant le gadget compatible Internet.<\/p>\n<p>Contrairement aux boutiques de cadeaux terrestres o\u00f9 vous devez conduire jusqu&#039;\u00e0 l&#039;endroit et passer beaucoup de temps \u00e0 parcourir la boutique de cadeaux \u00e0 la recherche de ce que vous voulez.<\/p>\n<h3>Offrir une large gamme de produits<\/h3>\n<p>Vous avez le choix entre une large gamme de livraison de paniers \u00e0 Dar es Salaam. Ils fournissent presque toutes les marques de produits et vous avez acc\u00e8s \u00e0 des cadeaux conformes aux normes internationales et m\u00eame en dehors de votre r\u00e9gion, car ils peuvent vous \u00eatre exp\u00e9di\u00e9s.<\/p>\n<p>Mieux encore, les meilleures boutiques de cadeaux de Dar es Salaam prennent les commandes d&#039;articles en rupture de stock et peuvent vous les livrer apr\u00e8s r\u00e9approvisionnement.<\/p>\n<h3>Application de livraison de cadeaux \u00e0 Dar es Salaam - offre d&#039;excellents prix<\/h3>\n<p>La plupart des boutiques de cadeaux en ligne en Tanzanie proposent de meilleurs prix et des offres abordables. En effet, la plupart des marchandises sont livr\u00e9es directement par les producteurs. Vous pouvez \u00e9galement conserver l&#039;argent que vous auriez d\u00e9pens\u00e9 en frais de stationnement et en carburant dans les boutiques de cadeaux terrestres. De plus, il existe de nombreux services de livraison de paniers-cadeaux en ligne \u00e0 Dar es Salaam afin que vous puissiez v\u00e9rifier et acheter en un seul avec les meilleurs prix.<\/p>","protected":false},"excerpt":{"rendered":"<p>Online Gift Shop in Dar es Salaam, Tanzania Download our gift delivery app in Dar es Salaam and do cheap Dar es Salaam gift online shopping simple and easy and save time and money. Gift delivery in\u00a0Dar es Salaam Tanzania made easy.\u00a0Shopping in this digital globe has been revolutionized whereby most of the shopping has [&hellip;]<\/p>\n","protected":false},"author":1,"featured_media":19411,"parent":0,"menu_order":0,"comment_status":"open","ping_status":"closed","template":"template-home-modern.php","meta":{"footnotes":""},"class_list":["post-11049","page","type-page","status-publish","has-post-thumbnail","hentry"],"yoast_head":"<!-- This site is optimized with the Yoast SEO plugin v27.2 - https:\/\/yoast.com\/product\/yoast-seo-wordpress\/ -->\n<title>Gift Delivery in Dar es Salaam Tanzania<\/title>\n<meta name=\"description\" content=\"Looking for cheap online gift delivery in Dar es Salaam, Tanzania store? Download our gift delivery app in Dar es Salaam and do gift online shopping simple and easy\" \/>\n<meta name=\"robots\" content=\"index, follow, max-snippet:-1, max-image-preview:large, max-video-preview:-1\" \/>\n<link rel=\"canonical\" href=\"https:\/\/tiketi.com\/fr-fr\/online-gift-delivery-dar-es-salaam\/\" \/>\n<meta property=\"og:locale\" content=\"fr_FR\" \/>\n<meta property=\"og:type\" content=\"article\" \/>\n<meta property=\"og:title\" content=\"Gift Delivery in Dar es Salaam Tanzania\" \/>\n<meta property=\"og:description\" content=\"Looking for cheap online gift delivery in Dar es Salaam, Tanzania store? Download our gift delivery app in Dar es Salaam and do gift online shopping simple and easy\" \/>\n<meta property=\"og:url\" content=\"https:\/\/tiketi.com\/fr-fr\/online-gift-delivery-dar-es-salaam\/\" \/>\n<meta property=\"og:site_name\" content=\"Tiketi.com\" \/>\n<meta property=\"article:publisher\" content=\"https:\/\/www.facebook.com\/TiketiCom\/\" \/>\n<meta property=\"article:modified_time\" content=\"2022-02-13T20:45:10+00:00\" \/>\n<meta property=\"og:image\" content=\"https:\/\/tiketi.com\/wp-content\/uploads\/2022\/02\/online-shopping-4538982_128.jpg\" \/>\n\t<meta property=\"og:image:width\" content=\"1200\" \/>\n\t<meta property=\"og:image:height\" content=\"200\" \/>\n\t<meta property=\"og:image:type\" content=\"image\/jpeg\" \/>\n<meta name=\"twitter:card\" content=\"summary_large_image\" \/>\n<meta name=\"twitter:label1\" content=\"Dur\u00e9e de lecture estim\u00e9e\" \/>\n\t<meta name=\"twitter:data1\" content=\"3 minutes\" \/>\n<script type=\"application\/ld+json\" class=\"yoast-schema-graph\">{\"@context\":\"https:\/\/schema.org\",\"@graph\":[{\"@type\":\"WebPage\",\"@id\":\"https:\/\/tiketi.com\/online-gift-delivery-dar-es-salaam\/\",\"url\":\"https:\/\/tiketi.com\/online-gift-delivery-dar-es-salaam\/\",\"name\":\"Gift Delivery in Dar es Salaam Tanzania\",\"isPartOf\":{\"@id\":\"https:\/\/tiketi.com\/#website\"},\"primaryImageOfPage\":{\"@id\":\"https:\/\/tiketi.com\/online-gift-delivery-dar-es-salaam\/#primaryimage\"},\"image\":{\"@id\":\"https:\/\/tiketi.com\/online-gift-delivery-dar-es-salaam\/#primaryimage\"},\"thumbnailUrl\":\"https:\/\/tiketi.com\/wp-content\/uploads\/2022\/02\/online-shopping-4538982_128.jpg\",\"datePublished\":\"2022-01-19T11:54:10+00:00\",\"dateModified\":\"2022-02-13T20:45:10+00:00\",\"description\":\"Looking for cheap online gift delivery in Dar es Salaam, Tanzania store? Download our gift delivery app in Dar es Salaam and do gift online shopping simple and easy\",\"breadcrumb\":{\"@id\":\"https:\/\/tiketi.com\/online-gift-delivery-dar-es-salaam\/#breadcrumb\"},\"inLanguage\":\"fr-FR\",\"potentialAction\":[{\"@type\":\"ReadAction\",\"target\":[\"https:\/\/tiketi.com\/online-gift-delivery-dar-es-salaam\/\"]}]},{\"@type\":\"ImageObject\",\"inLanguage\":\"fr-FR\",\"@id\":\"https:\/\/tiketi.com\/online-gift-delivery-dar-es-salaam\/#primaryimage\",\"url\":\"https:\/\/tiketi.com\/wp-content\/uploads\/2022\/02\/online-shopping-4538982_128.jpg\",\"contentUrl\":\"https:\/\/tiketi.com\/wp-content\/uploads\/2022\/02\/online-shopping-4538982_128.jpg\",\"width\":1200,\"height\":200,\"caption\":\"Online Shopping Gift Delivery\"},{\"@type\":\"BreadcrumbList\",\"@id\":\"https:\/\/tiketi.com\/online-gift-delivery-dar-es-salaam\/#breadcrumb\",\"itemListElement\":[{\"@type\":\"ListItem\",\"position\":1,\"name\":\"Home\",\"item\":\"https:\/\/tiketi.com\/\"},{\"@type\":\"ListItem\",\"position\":2,\"name\":\"Gift Delivery in Dar es Salaam Tanzania\"}]},{\"@type\":\"WebSite\",\"@id\":\"https:\/\/tiketi.com\/#website\",\"url\":\"https:\/\/tiketi.com\/\",\"name\":\"Flight & Bus Tickets, Tour Packages & Activitites - Tiketi.com\",\"description\":\"Flight &amp; Bus Tickets, Tours, Activitites\",\"publisher\":{\"@id\":\"https:\/\/tiketi.com\/#organization\"},\"potentialAction\":[{\"@type\":\"SearchAction\",\"target\":{\"@type\":\"EntryPoint\",\"urlTemplate\":\"https:\/\/tiketi.com\/?s={search_term_string}\"},\"query-input\":{\"@type\":\"PropertyValueSpecification\",\"valueRequired\":true,\"valueName\":\"search_term_string\"}}],\"inLanguage\":\"fr-FR\"},{\"@type\":\"Organization\",\"@id\":\"https:\/\/tiketi.com\/#organization\",\"name\":\"Tiketi.com\",\"alternateName\":\"Tiketi\",\"url\":\"https:\/\/tiketi.com\/\",\"logo\":{\"@type\":\"ImageObject\",\"inLanguage\":\"fr-FR\",\"@id\":\"https:\/\/tiketi.com\/#\/schema\/logo\/image\/\",\"url\":\"https:\/\/tiketi.com\/wp-content\/uploads\/2019\/05\/tiketi-logo-696.png\",\"contentUrl\":\"https:\/\/tiketi.com\/wp-content\/uploads\/2019\/05\/tiketi-logo-696.png\",\"width\":696,\"height\":696,\"caption\":\"Tiketi.com\"},\"image\":{\"@id\":\"https:\/\/tiketi.com\/#\/schema\/logo\/image\/\"},\"sameAs\":[\"https:\/\/www.facebook.com\/TiketiCom\/\"]}]}<\/script>\n<!-- \/ Yoast SEO plugin. -->","yoast_head_json":{"title":"Livraison de cadeaux \u00e0 Dar es Salaam Tanzanie","description":"Vous recherchez une livraison de cadeaux en ligne bon march\u00e9 \u00e0 Dar es Salaam, en Tanzanie? T\u00e9l\u00e9chargez notre application de livraison de cadeaux \u00e0 Dar es Salaam et faites des achats de cadeaux en ligne simplement et facilement","robots":{"index":"index","follow":"follow","max-snippet":"max-snippet:-1","max-image-preview":"max-image-preview:large","max-video-preview":"max-video-preview:-1"},"canonical":"https:\/\/tiketi.com\/fr-fr\/online-gift-delivery-dar-es-salaam\/","og_locale":"fr_FR","og_type":"article","og_title":"Gift Delivery in Dar es Salaam Tanzania","og_description":"Looking for cheap online gift delivery in Dar es Salaam, Tanzania store? Download our gift delivery app in Dar es Salaam and do gift online shopping simple and easy","og_url":"https:\/\/tiketi.com\/fr-fr\/online-gift-delivery-dar-es-salaam\/","og_site_name":"Tiketi.com","article_publisher":"https:\/\/www.facebook.com\/TiketiCom\/","article_modified_time":"2022-02-13T20:45:10+00:00","og_image":[{"width":1200,"height":200,"url":"https:\/\/tiketi.com\/wp-content\/uploads\/2022\/02\/online-shopping-4538982_128.jpg","type":"image\/jpeg"}],"twitter_card":"summary_large_image","twitter_misc":{"Dur\u00e9e de lecture estim\u00e9e":"3 minutes"},"schema":{"@context":"https:\/\/schema.org","@graph":[{"@type":"WebPage","@id":"https:\/\/tiketi.com\/online-gift-delivery-dar-es-salaam\/","url":"https:\/\/tiketi.com\/online-gift-delivery-dar-es-salaam\/","name":"Livraison de cadeaux \u00e0 Dar es Salaam Tanzanie","isPartOf":{"@id":"https:\/\/tiketi.com\/#website"},"primaryImageOfPage":{"@id":"https:\/\/tiketi.com\/online-gift-delivery-dar-es-salaam\/#primaryimage"},"image":{"@id":"https:\/\/tiketi.com\/online-gift-delivery-dar-es-salaam\/#primaryimage"},"thumbnailUrl":"https:\/\/tiketi.com\/wp-content\/uploads\/2022\/02\/online-shopping-4538982_128.jpg","datePublished":"2022-01-19T11:54:10+00:00","dateModified":"2022-02-13T20:45:10+00:00","description":"Vous recherchez une livraison de cadeaux en ligne bon march\u00e9 \u00e0 Dar es Salaam, en Tanzanie? T\u00e9l\u00e9chargez notre application de livraison de cadeaux \u00e0 Dar es Salaam et faites des achats de cadeaux en ligne simplement et facilement","breadcrumb":{"@id":"https:\/\/tiketi.com\/online-gift-delivery-dar-es-salaam\/#breadcrumb"},"inLanguage":"fr-FR","potentialAction":[{"@type":"ReadAction","target":["https:\/\/tiketi.com\/online-gift-delivery-dar-es-salaam\/"]}]},{"@type":"ImageObject","inLanguage":"fr-FR","@id":"https:\/\/tiketi.com\/online-gift-delivery-dar-es-salaam\/#primaryimage","url":"https:\/\/tiketi.com\/wp-content\/uploads\/2022\/02\/online-shopping-4538982_128.jpg","contentUrl":"https:\/\/tiketi.com\/wp-content\/uploads\/2022\/02\/online-shopping-4538982_128.jpg","width":1200,"height":200,"caption":"Online Shopping Gift Delivery"},{"@type":"BreadcrumbList","@id":"https:\/\/tiketi.com\/online-gift-delivery-dar-es-salaam\/#breadcrumb","itemListElement":[{"@type":"ListItem","position":1,"name":"Home","item":"https:\/\/tiketi.com\/"},{"@type":"ListItem","position":2,"name":"Gift Delivery in Dar es Salaam Tanzania"}]},{"@type":"WebSite","@id":"https:\/\/tiketi.com\/#website","url":"https:\/\/tiketi.com\/","name":"Billets d&#039;avion et de bus, forfaits touristiques et activit\u00e9s - Tiketi.com","description":"Billets d&#039;avion et de bus, Tours, Activit\u00e9s","publisher":{"@id":"https:\/\/tiketi.com\/#organization"},"potentialAction":[{"@type":"SearchAction","target":{"@type":"EntryPoint","urlTemplate":"https:\/\/tiketi.com\/?s={search_term_string}"},"query-input":{"@type":"PropertyValueSpecification","valueRequired":true,"valueName":"search_term_string"}}],"inLanguage":"fr-FR"},{"@type":"Organization","@id":"https:\/\/tiketi.com\/#organization","name":"Tiketi.com","alternateName":"Tiketi","url":"https:\/\/tiketi.com\/","logo":{"@type":"ImageObject","inLanguage":"fr-FR","@id":"https:\/\/tiketi.com\/#\/schema\/logo\/image\/","url":"https:\/\/tiketi.com\/wp-content\/uploads\/2019\/05\/tiketi-logo-696.png","contentUrl":"https:\/\/tiketi.com\/wp-content\/uploads\/2019\/05\/tiketi-logo-696.png","width":696,"height":696,"caption":"Tiketi.com"},"image":{"@id":"https:\/\/tiketi.com\/#\/schema\/logo\/image\/"},"sameAs":["https:\/\/www.facebook.com\/TiketiCom\/"]}]}},"_links":{"self":[{"href":"https:\/\/tiketi.com\/fr-fr\/wp-json\/wp\/v2\/pages\/11049","targetHints":{"allow":["GET"]}}],"collection":[{"href":"https:\/\/tiketi.com\/fr-fr\/wp-json\/wp\/v2\/pages"}],"about":[{"href":"https:\/\/tiketi.com\/fr-fr\/wp-json\/wp\/v2\/types\/page"}],"author":[{"embeddable":true,"href":"https:\/\/tiketi.com\/fr-fr\/wp-json\/wp\/v2\/users\/1"}],"replies":[{"embeddable":true,"href":"https:\/\/tiketi.com\/fr-fr\/wp-json\/wp\/v2\/comments?post=11049"}],"version-history":[{"count":0,"href":"https:\/\/tiketi.com\/fr-fr\/wp-json\/wp\/v2\/pages\/11049\/revisions"}],"wp:featuredmedia":[{"embeddable":true,"href":"https:\/\/tiketi.com\/fr-fr\/wp-json\/wp\/v2\/media\/19411"}],"wp:attachment":[{"href":"https:\/\/tiketi.com\/fr-fr\/wp-json\/wp\/v2\/media?parent=11049"}],"curies":[{"name":"wp","href":"https:\/\/api.w.org\/{rel}","templated":true}]}}