{"id":11050,"date":"2022-01-19T12:54:10","date_gmt":"2022-01-19T11:54:10","guid":{"rendered":"https:\/\/new.tiketi.com\/online-shopping-in-lagos-nigeria-best-online-stores\/"},"modified":"2022-02-18T14:20:41","modified_gmt":"2022-02-18T13:20:41","slug":"online-shopping-lagos-nigeria","status":"publish","type":"page","link":"https:\/\/tiketi.com\/fr-fr\/online-shopping-lagos-nigeria\/","title":{"rendered":"Achats en ligne \u00e0 Lagos Nigeria \u2013 Meilleurs magasins en ligne"},"content":{"rendered":"<h2>Achats en ligne pas chers \u00e0 Lagos Nigeria<\/h2>\n<h3>T\u00e9l\u00e9chargez l&#039;application d&#039;achat \u00e0 Lagos Nigeria et faites des achats en ligne bon march\u00e9 \u00e0 Lagos Nigeria de mani\u00e8re simple et facile et \u00e9conomisez du temps et de l&#039;argent.<\/h3>\n<p>Les achats en ligne \u00e0 Lagos Nigeria facilit\u00e9s. De nos jours, les achats en ligne \u00e0 Lagos Nigeria sont devenus une activit\u00e9 r\u00e9guli\u00e8re pour pratiquement toutes les personnes cherchant \u00e0 acheter quelque chose ayant acc\u00e8s \u00e0 l&#039;application d&#039;achat en ligne dans le monde de Lagos Nigeria, quel que soit le lieu. Mais, malgr\u00e9 leurs d\u00e9fauts presque imperceptibles, les magasins de vente en ligne au Nigeria pr\u00e9sentent de nombreux avantages que nous devrions conna\u00eetre. Cette page pr\u00e9sentera les avantages des achats en ligne \u00e0 Lagos Nigeria.<\/p>\n<h2>Avantages des achats en ligne \u00e0 Lagos Nigeria<\/h2>\n<h3>Disponibilit\u00e9 de l&#039;application d&#039;achat \u00e0 Lagos Nigeria<\/h3>\n<p>La disponibilit\u00e9 est un autre avantage dont une boutique en ligne Lagos Nigeria peut toujours se contenter. Il est pratiquement impossible que des articles soient en rupture de stock. La disponibilit\u00e9 d&#039;un produit lors des achats en ligne \u00e0 Lagos Nigeria est incontestable, ce qui permet aux acheteurs sur Internet de rester calmes sans se soucier de la rupture de stock d&#039;un article.<\/p>\n<p>Livraison \u00e0 domicile<\/p>\n<p>L&#039;un des avantages les plus visibles et les plus promus des sites d&#039;achat en ligne \u00e0 Lagos au Nigeria est la possibilit\u00e9 de faire livrer l&#039;article que vous avez achet\u00e9 directement \u00e0 votre porte.<br \/>\nCette id\u00e9e est exclusive \u00e0 l&#039;achat en ligne, ce qui \u00e9liminera toute h\u00e9sitation quant au d\u00e9placement des marchandises depuis l&#039;entreprise de livraison directe jusqu&#039;au point de livraison du client.<\/p>\n<h3>S\u00e9curit\u00e9<\/h3>\n<p>C\u2019est peut-\u00eatre le sujet que beaucoup de gens n\u00e9gligent et qui abandonnent donc les achats en ligne. Mais c\u2019est aussi un sujet auquel le propri\u00e9taire de la boutique en ligne a accord\u00e9 une plus grande importance. Suppl\u00e9mentaires, pratiquement tous<br \/>\nL&#039;application d&#039;achat en ligne \u00e0 Lagos Nigeria dispose de param\u00e8tres de s\u00e9curit\u00e9 pour emp\u00eacher la compromission des fonds ou des donn\u00e9es des clients.<\/p>\n<p>Cet avantage \u00e0 lui seul conf\u00e8re de la cr\u00e9dibilit\u00e9 aux sites d&#039;achats en ligne \u00e0 Lagos au Nigeria et c&#039;est un avantage qui devrait \u00eatre exploit\u00e9.<\/p>\n<h3>Prix comp\u00e9titifs<\/h3>\n<p>Parce qu&#039;il existe des milliers de magasins en ligne dans tout le pays, les prix sont extr\u00eamement comp\u00e9titifs et bien inf\u00e9rieurs \u00e0 ceux que l&#039;on peut obtenir dans les magasins traditionnels. Il s\u2019agit d\u2019un avantage que les acheteurs sur Internet devraient chercher \u00e0 exploiter afin d\u2019en avoir pour leur argent.<\/p>\n<h3>Comparaisons de prix simples<\/h3>\n<p>Vous pouvez simplement faire correspondre les prix en ligne, puis pr\u00e9voir d&#039;acheter parmi les meilleurs. Aucun d\u00e9placement ne peut rendre votre processus de comparaison de prix difficile. Lorsque vous faites correspondre de nombreux vendeurs, il devient simple de localiser le meilleur.<\/p>\n<h3>Pas de pression commerciale<\/h3>\n<p>Vous aimeriez obtenir les meilleures offres lorsque vous faites des boutiques en ligne \u00e0 Lagos Nigeria. Vous ne rencontrerez aucune force de vente apr\u00e8s avoir envisag\u00e9 de vous rendre dans des magasins d&#039;achat en ligne au Nigeria. Il vous faudra quelques minutes pour faire correspondre les prix et acheter. Il n\u2019y a pas de vendeurs insistants pour vous intriguer.<\/p>\n<h2>Conclusion des achats en ligne \u00e0 Lagos Nigeria<\/h2>\n<p>En conclusion, il est pr\u00e9f\u00e9rable d&#039;utiliser ces applications d&#039;achat en ligne \u00e0 Lagos Nigeria afin non seulement d&#039;acheter le bon produit avec un excellent rapport qualit\u00e9-prix, mais \u00e9galement de profiter de la facilit\u00e9 offerte par les achats en ligne \u00e0 Lagos Nigeria.<\/p>","protected":false},"excerpt":{"rendered":"<p>Cheap Lagos\u00a0Nigeria\u00a0Online Shopping Download shopping app in Lagos Nigeria and do cheap online shopping in Lagos Nigeria simple and easy and save time and money. Online shopping in Lagos\u00a0Nigeria made easy.\u00a0Nowadays, online shopping Lagos\u00a0Nigeria has become more like a regular activity for virtually every person looking to buy something with access to the online shopping [&hellip;]<\/p>\n","protected":false},"author":1,"featured_media":19411,"parent":0,"menu_order":0,"comment_status":"open","ping_status":"closed","template":"template-home-modern.php","meta":{"footnotes":""},"class_list":["post-11050","page","type-page","status-publish","has-post-thumbnail","hentry"],"yoast_head":"<!-- This site is optimized with the Yoast SEO plugin v27.2 - https:\/\/yoast.com\/product\/yoast-seo-wordpress\/ -->\n<title>Online Shopping in Lagos Nigeria - Best Online Stores<\/title>\n<meta name=\"description\" content=\"Looking for cheap online shopping in Lagos\u00a0Nigeria? Download a online shopping app in Lagos\u00a0Nigeria and do Lagos\u00a0Nigeria online shopping simple and easy\" \/>\n<meta name=\"robots\" content=\"index, follow, max-snippet:-1, max-image-preview:large, max-video-preview:-1\" \/>\n<link rel=\"canonical\" href=\"https:\/\/tiketi.com\/fr-fr\/online-shopping-lagos-nigeria\/\" \/>\n<meta property=\"og:locale\" content=\"fr_FR\" \/>\n<meta property=\"og:type\" content=\"article\" \/>\n<meta property=\"og:title\" content=\"Online Shopping in Lagos Nigeria - Best Online Stores\" \/>\n<meta property=\"og:description\" content=\"Looking for cheap online shopping in Lagos\u00a0Nigeria? Download a online shopping app in Lagos\u00a0Nigeria and do Lagos\u00a0Nigeria online shopping simple and easy\" \/>\n<meta property=\"og:url\" content=\"https:\/\/tiketi.com\/fr-fr\/online-shopping-lagos-nigeria\/\" \/>\n<meta property=\"og:site_name\" content=\"Tiketi.com\" \/>\n<meta property=\"article:publisher\" content=\"https:\/\/www.facebook.com\/TiketiCom\/\" \/>\n<meta property=\"article:modified_time\" content=\"2022-02-18T13:20:41+00:00\" \/>\n<meta property=\"og:image\" content=\"https:\/\/tiketi.com\/wp-content\/uploads\/2022\/02\/online-shopping-4538982_128.jpg\" \/>\n\t<meta property=\"og:image:width\" content=\"1200\" \/>\n\t<meta property=\"og:image:height\" content=\"200\" \/>\n\t<meta property=\"og:image:type\" content=\"image\/jpeg\" \/>\n<meta name=\"twitter:card\" content=\"summary_large_image\" \/>\n<meta name=\"twitter:label1\" content=\"Dur\u00e9e de lecture estim\u00e9e\" \/>\n\t<meta name=\"twitter:data1\" content=\"3 minutes\" \/>\n<script type=\"application\/ld+json\" class=\"yoast-schema-graph\">{\"@context\":\"https:\/\/schema.org\",\"@graph\":[{\"@type\":\"WebPage\",\"@id\":\"https:\/\/tiketi.com\/fr-fr\/online-shopping-lagos-nigeria\/\",\"url\":\"https:\/\/tiketi.com\/fr-fr\/online-shopping-lagos-nigeria\/\",\"name\":\"Online Shopping in Lagos Nigeria - Best Online Stores\",\"isPartOf\":{\"@id\":\"https:\/\/tiketi.com\/#website\"},\"primaryImageOfPage\":{\"@id\":\"https:\/\/tiketi.com\/fr-fr\/online-shopping-lagos-nigeria\/#primaryimage\"},\"image\":{\"@id\":\"https:\/\/tiketi.com\/fr-fr\/online-shopping-lagos-nigeria\/#primaryimage\"},\"thumbnailUrl\":\"https:\/\/tiketi.com\/wp-content\/uploads\/2022\/02\/online-shopping-4538982_128.jpg\",\"datePublished\":\"2022-01-19T11:54:10+00:00\",\"dateModified\":\"2022-02-18T13:20:41+00:00\",\"description\":\"Looking for cheap online shopping in Lagos\u00a0Nigeria? Download a online shopping app in Lagos\u00a0Nigeria and do Lagos\u00a0Nigeria online shopping simple and easy\",\"breadcrumb\":{\"@id\":\"https:\/\/tiketi.com\/fr-fr\/online-shopping-lagos-nigeria\/#breadcrumb\"},\"inLanguage\":\"fr-FR\",\"potentialAction\":[{\"@type\":\"ReadAction\",\"target\":[\"https:\/\/tiketi.com\/fr-fr\/online-shopping-lagos-nigeria\/\"]}]},{\"@type\":\"ImageObject\",\"inLanguage\":\"fr-FR\",\"@id\":\"https:\/\/tiketi.com\/fr-fr\/online-shopping-lagos-nigeria\/#primaryimage\",\"url\":\"https:\/\/tiketi.com\/wp-content\/uploads\/2022\/02\/online-shopping-4538982_128.jpg\",\"contentUrl\":\"https:\/\/tiketi.com\/wp-content\/uploads\/2022\/02\/online-shopping-4538982_128.jpg\",\"width\":1200,\"height\":200,\"caption\":\"Online Shopping Gift Delivery\"},{\"@type\":\"BreadcrumbList\",\"@id\":\"https:\/\/tiketi.com\/fr-fr\/online-shopping-lagos-nigeria\/#breadcrumb\",\"itemListElement\":[{\"@type\":\"ListItem\",\"position\":1,\"name\":\"Home\",\"item\":\"https:\/\/tiketi.com\/\"},{\"@type\":\"ListItem\",\"position\":2,\"name\":\"Online Shopping in Lagos Nigeria &#8211; Best Online Stores\"}]},{\"@type\":\"WebSite\",\"@id\":\"https:\/\/tiketi.com\/#website\",\"url\":\"https:\/\/tiketi.com\/\",\"name\":\"Flight & Bus Tickets, Tour Packages & Activitites - Tiketi.com\",\"description\":\"Flight &amp; Bus Tickets, Tours, Activitites\",\"publisher\":{\"@id\":\"https:\/\/tiketi.com\/#organization\"},\"potentialAction\":[{\"@type\":\"SearchAction\",\"target\":{\"@type\":\"EntryPoint\",\"urlTemplate\":\"https:\/\/tiketi.com\/?s={search_term_string}\"},\"query-input\":{\"@type\":\"PropertyValueSpecification\",\"valueRequired\":true,\"valueName\":\"search_term_string\"}}],\"inLanguage\":\"fr-FR\"},{\"@type\":\"Organization\",\"@id\":\"https:\/\/tiketi.com\/#organization\",\"name\":\"Tiketi.com\",\"alternateName\":\"Tiketi\",\"url\":\"https:\/\/tiketi.com\/\",\"logo\":{\"@type\":\"ImageObject\",\"inLanguage\":\"fr-FR\",\"@id\":\"https:\/\/tiketi.com\/#\/schema\/logo\/image\/\",\"url\":\"https:\/\/tiketi.com\/wp-content\/uploads\/2019\/05\/tiketi-logo-696.png\",\"contentUrl\":\"https:\/\/tiketi.com\/wp-content\/uploads\/2019\/05\/tiketi-logo-696.png\",\"width\":696,\"height\":696,\"caption\":\"Tiketi.com\"},\"image\":{\"@id\":\"https:\/\/tiketi.com\/#\/schema\/logo\/image\/\"},\"sameAs\":[\"https:\/\/www.facebook.com\/TiketiCom\/\"]}]}<\/script>\n<!-- \/ Yoast SEO plugin. -->","yoast_head_json":{"title":"Achats en ligne \u00e0 Lagos Nigeria - Meilleurs magasins en ligne","description":"Vous recherchez des achats en ligne bon march\u00e9 \u00e0 Lagos Nigeria ? T\u00e9l\u00e9chargez une application d&#039;achat en ligne \u00e0 Lagos Nigeria et faites des achats en ligne \u00e0 Lagos Nigeria de mani\u00e8re simple et facile.","robots":{"index":"index","follow":"follow","max-snippet":"max-snippet:-1","max-image-preview":"max-image-preview:large","max-video-preview":"max-video-preview:-1"},"canonical":"https:\/\/tiketi.com\/fr-fr\/online-shopping-lagos-nigeria\/","og_locale":"fr_FR","og_type":"article","og_title":"Online Shopping in Lagos Nigeria - Best Online Stores","og_description":"Looking for cheap online shopping in Lagos\u00a0Nigeria? Download a online shopping app in Lagos\u00a0Nigeria and do Lagos\u00a0Nigeria online shopping simple and easy","og_url":"https:\/\/tiketi.com\/fr-fr\/online-shopping-lagos-nigeria\/","og_site_name":"Tiketi.com","article_publisher":"https:\/\/www.facebook.com\/TiketiCom\/","article_modified_time":"2022-02-18T13:20:41+00:00","og_image":[{"width":1200,"height":200,"url":"https:\/\/tiketi.com\/wp-content\/uploads\/2022\/02\/online-shopping-4538982_128.jpg","type":"image\/jpeg"}],"twitter_card":"summary_large_image","twitter_misc":{"Dur\u00e9e de lecture estim\u00e9e":"3 minutes"},"schema":{"@context":"https:\/\/schema.org","@graph":[{"@type":"WebPage","@id":"https:\/\/tiketi.com\/fr-fr\/online-shopping-lagos-nigeria\/","url":"https:\/\/tiketi.com\/fr-fr\/online-shopping-lagos-nigeria\/","name":"Achats en ligne \u00e0 Lagos Nigeria - Meilleurs magasins en ligne","isPartOf":{"@id":"https:\/\/tiketi.com\/#website"},"primaryImageOfPage":{"@id":"https:\/\/tiketi.com\/fr-fr\/online-shopping-lagos-nigeria\/#primaryimage"},"image":{"@id":"https:\/\/tiketi.com\/fr-fr\/online-shopping-lagos-nigeria\/#primaryimage"},"thumbnailUrl":"https:\/\/tiketi.com\/wp-content\/uploads\/2022\/02\/online-shopping-4538982_128.jpg","datePublished":"2022-01-19T11:54:10+00:00","dateModified":"2022-02-18T13:20:41+00:00","description":"Vous recherchez des achats en ligne bon march\u00e9 \u00e0 Lagos Nigeria ? T\u00e9l\u00e9chargez une application d&#039;achat en ligne \u00e0 Lagos Nigeria et faites des achats en ligne \u00e0 Lagos Nigeria de mani\u00e8re simple et facile.","breadcrumb":{"@id":"https:\/\/tiketi.com\/fr-fr\/online-shopping-lagos-nigeria\/#breadcrumb"},"inLanguage":"fr-FR","potentialAction":[{"@type":"ReadAction","target":["https:\/\/tiketi.com\/fr-fr\/online-shopping-lagos-nigeria\/"]}]},{"@type":"ImageObject","inLanguage":"fr-FR","@id":"https:\/\/tiketi.com\/fr-fr\/online-shopping-lagos-nigeria\/#primaryimage","url":"https:\/\/tiketi.com\/wp-content\/uploads\/2022\/02\/online-shopping-4538982_128.jpg","contentUrl":"https:\/\/tiketi.com\/wp-content\/uploads\/2022\/02\/online-shopping-4538982_128.jpg","width":1200,"height":200,"caption":"Online Shopping Gift Delivery"},{"@type":"BreadcrumbList","@id":"https:\/\/tiketi.com\/fr-fr\/online-shopping-lagos-nigeria\/#breadcrumb","itemListElement":[{"@type":"ListItem","position":1,"name":"Home","item":"https:\/\/tiketi.com\/"},{"@type":"ListItem","position":2,"name":"Online Shopping in Lagos Nigeria &#8211; Best Online Stores"}]},{"@type":"WebSite","@id":"https:\/\/tiketi.com\/#website","url":"https:\/\/tiketi.com\/","name":"Billets d&#039;avion et de bus, forfaits touristiques et activit\u00e9s - Tiketi.com","description":"Billets d&#039;avion et de bus, Tours, Activit\u00e9s","publisher":{"@id":"https:\/\/tiketi.com\/#organization"},"potentialAction":[{"@type":"SearchAction","target":{"@type":"EntryPoint","urlTemplate":"https:\/\/tiketi.com\/?s={search_term_string}"},"query-input":{"@type":"PropertyValueSpecification","valueRequired":true,"valueName":"search_term_string"}}],"inLanguage":"fr-FR"},{"@type":"Organization","@id":"https:\/\/tiketi.com\/#organization","name":"Tiketi.com","alternateName":"Tiketi","url":"https:\/\/tiketi.com\/","logo":{"@type":"ImageObject","inLanguage":"fr-FR","@id":"https:\/\/tiketi.com\/#\/schema\/logo\/image\/","url":"https:\/\/tiketi.com\/wp-content\/uploads\/2019\/05\/tiketi-logo-696.png","contentUrl":"https:\/\/tiketi.com\/wp-content\/uploads\/2019\/05\/tiketi-logo-696.png","width":696,"height":696,"caption":"Tiketi.com"},"image":{"@id":"https:\/\/tiketi.com\/#\/schema\/logo\/image\/"},"sameAs":["https:\/\/www.facebook.com\/TiketiCom\/"]}]}},"_links":{"self":[{"href":"https:\/\/tiketi.com\/fr-fr\/wp-json\/wp\/v2\/pages\/11050","targetHints":{"allow":["GET"]}}],"collection":[{"href":"https:\/\/tiketi.com\/fr-fr\/wp-json\/wp\/v2\/pages"}],"about":[{"href":"https:\/\/tiketi.com\/fr-fr\/wp-json\/wp\/v2\/types\/page"}],"author":[{"embeddable":true,"href":"https:\/\/tiketi.com\/fr-fr\/wp-json\/wp\/v2\/users\/1"}],"replies":[{"embeddable":true,"href":"https:\/\/tiketi.com\/fr-fr\/wp-json\/wp\/v2\/comments?post=11050"}],"version-history":[{"count":0,"href":"https:\/\/tiketi.com\/fr-fr\/wp-json\/wp\/v2\/pages\/11050\/revisions"}],"wp:featuredmedia":[{"embeddable":true,"href":"https:\/\/tiketi.com\/fr-fr\/wp-json\/wp\/v2\/media\/19411"}],"wp:attachment":[{"href":"https:\/\/tiketi.com\/fr-fr\/wp-json\/wp\/v2\/media?parent=11050"}],"curies":[{"name":"wp","href":"https:\/\/api.w.org\/{rel}","templated":true}]}}