{"id":11051,"date":"2022-01-19T12:54:10","date_gmt":"2022-01-19T11:54:10","guid":{"rendered":"https:\/\/new.tiketi.com\/online-shopping-in-kampala-best-online-stores\/"},"modified":"2022-02-18T14:16:50","modified_gmt":"2022-02-18T13:16:50","slug":"online-shopping-kampala","status":"publish","type":"page","link":"https:\/\/tiketi.com\/fr-fr\/online-shopping-kampala\/","title":{"rendered":"Achats en ligne \u00e0 Kampala - Meilleurs magasins en ligne"},"content":{"rendered":"<h2>Achats en ligne bon march\u00e9 \u00e0 Kampala<\/h2>\n<h3>T\u00e9l\u00e9chargez l&#039;application d&#039;achat \u00e0 Kampala et faites des achats en ligne bon march\u00e9 \u00e0 Kampala simplement et facilement et \u00e9conomisez du temps et de l&#039;argent.<\/h3>\n<p>Les gens d\u00e9cident d&#039;effectuer des achats en ligne ou hors ligne pour de nombreuses raisons. Lors de vos achats en ligne \u00e0 Kampala, vous b\u00e9n\u00e9ficierez de nombreux avantages. L&#039;application d&#039;achat \u00e0 Kampala vous permet de garder de l&#039;argent et du temps. Vous pouvez vous d\u00e9tendre dans votre maison et utiliser votre ordinateur portable pour acc\u00e9der \u00e0 de nombreux sites d&#039;achat en ligne. La possibilit\u00e9 de faire correspondre plusieurs sites d&#039;achat en ligne \u00e0 Kampala permet de garder de l&#039;argent. Vous pouvez toujours localiser facilement les meilleures offres lors de vos achats en ligne \u00e0 Kampala. Voici quelques-uns des avantages dont vous profiterez lors de vos achats en ligne \u00e0 Kampala Ouganda\u00a0:<\/p>\n<h2>Achats en ligne \u00e0 Kampala Avantages<\/h2>\n<h3>Soyez le premier \u00e0 conna\u00eetre les ventes en ligne de Kampala<\/h3>\n<p>Certaines boutiques en ligne de Kampala disposent de syst\u00e8mes de newsletter ou de plateformes de m\u00e9dias sociaux auxquels les clients peuvent s&#039;inscrire et suivre pour obtenir des mises \u00e0 jour sur les articles. Cela peut simplifier le fait d&#039;\u00eatre l&#039;un des principaux \u00e0 savoir quand un article recherch\u00e9 est disponible \u00e0 l&#039;achat. Cela peut \u00eatre particuli\u00e8rement avantageux pour les ventes saisonni\u00e8res.<\/p>\n<p>Les sites de vente en ligne \u00e0 Kampala peuvent souvent \u00eatre importants et les d\u00e9gagements d&#039;entrep\u00f4t, par exemple, voient souvent les d\u00e9taillants devoir d\u00e9placer des charges de stock et devoir r\u00e9duire consid\u00e9rablement les prix pour ce faire. Les acheteurs peuvent trouver quelques bonnes affaires de ces ventes.<\/p>\n<h3>Programmes de remise en argent<\/h3>\n<p>Certaines cartes de cr\u00e9dit et banques proposent des programmes de remise en argent qui permettent aux clients d&#039;obtenir un pourcentage de leurs achats en ligne rembours\u00e9s sur une carte de d\u00e9bit ou de cr\u00e9dit, apr\u00e8s l&#039;achat. De telles incitations peuvent aider les entreprises, car les acheteurs voudront davantage utiliser les services du march\u00e9 des achats en ligne de Kampala.<\/p>\n<h3>\u00catre capable de rester \u00e0 la maison<\/h3>\n<p>Pour certains consommateurs, le shopping peut \u00eatre un probl\u00e8me. Les foules, les files d&#039;attente et les distractions dans les magasins de d\u00e9tail physiques peuvent causer de la d\u00e9tresse chez certaines personnes. L&#039;application d&#039;achat en ligne \u00e0 Kampala peut att\u00e9nuer une partie de ce probl\u00e8me, car les acheteurs peuvent inclure des articles dans leurs paniers depuis le confort de leur maison et deviner leurs articles directement \u00e0 leur porte.<\/p>\n<h3>Soutien technique<\/h3>\n<p>Lors des achats en ligne \u00e0 Kampala, si les choses tournent mal, de nombreux magasins en ligne ont g\u00e9n\u00e9ralement des pr\u00e9ventifs d\u00e9di\u00e9s au service client par e-mail, t\u00e9l\u00e9phone ou autres plateformes pr\u00eats \u00e0 r\u00e9agir rapidement aux probl\u00e8mes.<br \/>\nIl s&#039;agit d&#039;un avantage que les acheteurs en ligne devraient toujours chercher \u00e0 utiliser, quel que soit le probl\u00e8me, car cela ne fera que r\u00e9soudre les probl\u00e8mes, qu&#039;il s&#039;agisse d&#039;un produit endommag\u00e9, d&#039;un article non livr\u00e9 ou de quoi que ce soit.<\/p>\n<h3>Application d&#039;achat \u00e0 Kampala - trouvez des bons de r\u00e9duction et des codes de r\u00e9duction partout, \u00e0 tout moment<\/h3>\n<p>Bien qu&#039;ils ne soient pas exclusifs aux achats en ligne, les codes de r\u00e9duction peuvent vous aider \u00e0 vous assurer que vous ne payez pas trop cher pour certains articles. Bien que les magasins physiques puissent publier des codes de r\u00e9duction exclusifs aux membres, par exemple, ces codes sont g\u00e9n\u00e9ralement utilisables par toute personne effectuant des achats en ligne \u00e0 Kampala. Ces codes promotionnels peuvent fournir un pourcentage de r\u00e9duction pour un achat ou une livraison abordable.<\/p>","protected":false},"excerpt":{"rendered":"<p>Cheap Kampala\u00a0Online Shopping Download shopping app in Kampala and do cheap online shopping in Kampala simple and easy and save time and money. People decide to perform online shopping or offline due to many reasons. When Kampala online shopping, there are many advantages you will enjoy. Shopping app in Kampala permits you to keep money [&hellip;]<\/p>\n","protected":false},"author":1,"featured_media":19411,"parent":0,"menu_order":0,"comment_status":"open","ping_status":"closed","template":"template-home-modern.php","meta":{"footnotes":""},"class_list":["post-11051","page","type-page","status-publish","has-post-thumbnail","hentry"],"yoast_head":"<!-- This site is optimized with the Yoast SEO plugin v27.3 - https:\/\/yoast.com\/product\/yoast-seo-wordpress\/ -->\n<title>Online Shopping in Kampala - Best Online Stores<\/title>\n<meta name=\"description\" content=\"Looking for online shopping in Kampala? Download a online shopping app in Kampala and do cheap Kampala online shopping simple and easy\" \/>\n<meta name=\"robots\" content=\"index, follow, max-snippet:-1, max-image-preview:large, max-video-preview:-1\" \/>\n<link rel=\"canonical\" href=\"https:\/\/tiketi.com\/fr-fr\/online-shopping-kampala\/\" \/>\n<meta property=\"og:locale\" content=\"fr_FR\" \/>\n<meta property=\"og:type\" content=\"article\" \/>\n<meta property=\"og:title\" content=\"Online Shopping in Kampala - Best Online Stores\" \/>\n<meta property=\"og:description\" content=\"Looking for online shopping in Kampala? Download a online shopping app in Kampala and do cheap Kampala online shopping simple and easy\" \/>\n<meta property=\"og:url\" content=\"https:\/\/tiketi.com\/fr-fr\/online-shopping-kampala\/\" \/>\n<meta property=\"og:site_name\" content=\"Tiketi.com\" \/>\n<meta property=\"article:publisher\" content=\"https:\/\/www.facebook.com\/TiketiCom\/\" \/>\n<meta property=\"article:modified_time\" content=\"2022-02-18T13:16:50+00:00\" \/>\n<meta property=\"og:image\" content=\"https:\/\/tiketi.com\/wp-content\/uploads\/2022\/02\/online-shopping-4538982_128.jpg\" \/>\n\t<meta property=\"og:image:width\" content=\"1200\" \/>\n\t<meta property=\"og:image:height\" content=\"200\" \/>\n\t<meta property=\"og:image:type\" content=\"image\/jpeg\" \/>\n<meta name=\"twitter:card\" content=\"summary_large_image\" \/>\n<meta name=\"twitter:label1\" content=\"Dur\u00e9e de lecture estim\u00e9e\" \/>\n\t<meta name=\"twitter:data1\" content=\"3 minutes\" \/>\n<script type=\"application\/ld+json\" class=\"yoast-schema-graph\">{\"@context\":\"https:\\\/\\\/schema.org\",\"@graph\":[{\"@type\":\"WebPage\",\"@id\":\"https:\\\/\\\/tiketi.com\\\/fr-fr\\\/online-shopping-kampala\\\/\",\"url\":\"https:\\\/\\\/tiketi.com\\\/fr-fr\\\/online-shopping-kampala\\\/\",\"name\":\"Online Shopping in Kampala - Best Online Stores\",\"isPartOf\":{\"@id\":\"https:\\\/\\\/tiketi.com\\\/#website\"},\"primaryImageOfPage\":{\"@id\":\"https:\\\/\\\/tiketi.com\\\/fr-fr\\\/online-shopping-kampala\\\/#primaryimage\"},\"image\":{\"@id\":\"https:\\\/\\\/tiketi.com\\\/fr-fr\\\/online-shopping-kampala\\\/#primaryimage\"},\"thumbnailUrl\":\"https:\\\/\\\/tiketi.com\\\/wp-content\\\/uploads\\\/2022\\\/02\\\/online-shopping-4538982_128.jpg\",\"datePublished\":\"2022-01-19T11:54:10+00:00\",\"dateModified\":\"2022-02-18T13:16:50+00:00\",\"description\":\"Looking for online shopping in Kampala? Download a online shopping app in Kampala and do cheap Kampala online shopping simple and easy\",\"breadcrumb\":{\"@id\":\"https:\\\/\\\/tiketi.com\\\/fr-fr\\\/online-shopping-kampala\\\/#breadcrumb\"},\"inLanguage\":\"fr-FR\",\"potentialAction\":[{\"@type\":\"ReadAction\",\"target\":[\"https:\\\/\\\/tiketi.com\\\/fr-fr\\\/online-shopping-kampala\\\/\"]}]},{\"@type\":\"ImageObject\",\"inLanguage\":\"fr-FR\",\"@id\":\"https:\\\/\\\/tiketi.com\\\/fr-fr\\\/online-shopping-kampala\\\/#primaryimage\",\"url\":\"https:\\\/\\\/tiketi.com\\\/wp-content\\\/uploads\\\/2022\\\/02\\\/online-shopping-4538982_128.jpg\",\"contentUrl\":\"https:\\\/\\\/tiketi.com\\\/wp-content\\\/uploads\\\/2022\\\/02\\\/online-shopping-4538982_128.jpg\",\"width\":1200,\"height\":200,\"caption\":\"Online Shopping Gift Delivery\"},{\"@type\":\"BreadcrumbList\",\"@id\":\"https:\\\/\\\/tiketi.com\\\/fr-fr\\\/online-shopping-kampala\\\/#breadcrumb\",\"itemListElement\":[{\"@type\":\"ListItem\",\"position\":1,\"name\":\"Home\",\"item\":\"https:\\\/\\\/tiketi.com\\\/\"},{\"@type\":\"ListItem\",\"position\":2,\"name\":\"Online Shopping in Kampala &#8211; Best Online Stores\"}]},{\"@type\":\"WebSite\",\"@id\":\"https:\\\/\\\/tiketi.com\\\/#website\",\"url\":\"https:\\\/\\\/tiketi.com\\\/\",\"name\":\"Flight & Bus Tickets, Tour Packages & Activitites - Tiketi.com\",\"description\":\"Flight &amp; Bus Tickets, Tours, Activitites\",\"publisher\":{\"@id\":\"https:\\\/\\\/tiketi.com\\\/#organization\"},\"potentialAction\":[{\"@type\":\"SearchAction\",\"target\":{\"@type\":\"EntryPoint\",\"urlTemplate\":\"https:\\\/\\\/tiketi.com\\\/?s={search_term_string}\"},\"query-input\":{\"@type\":\"PropertyValueSpecification\",\"valueRequired\":true,\"valueName\":\"search_term_string\"}}],\"inLanguage\":\"fr-FR\"},{\"@type\":\"Organization\",\"@id\":\"https:\\\/\\\/tiketi.com\\\/#organization\",\"name\":\"Tiketi.com\",\"alternateName\":\"Tiketi\",\"url\":\"https:\\\/\\\/tiketi.com\\\/\",\"logo\":{\"@type\":\"ImageObject\",\"inLanguage\":\"fr-FR\",\"@id\":\"https:\\\/\\\/tiketi.com\\\/#\\\/schema\\\/logo\\\/image\\\/\",\"url\":\"https:\\\/\\\/tiketi.com\\\/wp-content\\\/uploads\\\/2019\\\/05\\\/tiketi-logo-696.png\",\"contentUrl\":\"https:\\\/\\\/tiketi.com\\\/wp-content\\\/uploads\\\/2019\\\/05\\\/tiketi-logo-696.png\",\"width\":696,\"height\":696,\"caption\":\"Tiketi.com\"},\"image\":{\"@id\":\"https:\\\/\\\/tiketi.com\\\/#\\\/schema\\\/logo\\\/image\\\/\"},\"sameAs\":[\"https:\\\/\\\/www.facebook.com\\\/TiketiCom\\\/\"]}]}<\/script>\n<!-- \/ Yoast SEO plugin. -->","yoast_head_json":{"title":"Achats en ligne \u00e0 Kampala - Meilleurs magasins en ligne","description":"Vous cherchez des achats en ligne \u00e0 Kampala? T\u00e9l\u00e9chargez une application d&#039;achat en ligne \u00e0 Kampala et faites des achats en ligne bon march\u00e9 \u00e0 Kampala simplement et facilement","robots":{"index":"index","follow":"follow","max-snippet":"max-snippet:-1","max-image-preview":"max-image-preview:large","max-video-preview":"max-video-preview:-1"},"canonical":"https:\/\/tiketi.com\/fr-fr\/online-shopping-kampala\/","og_locale":"fr_FR","og_type":"article","og_title":"Online Shopping in Kampala - Best Online Stores","og_description":"Looking for online shopping in Kampala? Download a online shopping app in Kampala and do cheap Kampala online shopping simple and easy","og_url":"https:\/\/tiketi.com\/fr-fr\/online-shopping-kampala\/","og_site_name":"Tiketi.com","article_publisher":"https:\/\/www.facebook.com\/TiketiCom\/","article_modified_time":"2022-02-18T13:16:50+00:00","og_image":[{"width":1200,"height":200,"url":"https:\/\/tiketi.com\/wp-content\/uploads\/2022\/02\/online-shopping-4538982_128.jpg","type":"image\/jpeg"}],"twitter_card":"summary_large_image","twitter_misc":{"Dur\u00e9e de lecture estim\u00e9e":"3 minutes"},"schema":{"@context":"https:\/\/schema.org","@graph":[{"@type":"WebPage","@id":"https:\/\/tiketi.com\/fr-fr\/online-shopping-kampala\/","url":"https:\/\/tiketi.com\/fr-fr\/online-shopping-kampala\/","name":"Achats en ligne \u00e0 Kampala - Meilleurs magasins en ligne","isPartOf":{"@id":"https:\/\/tiketi.com\/#website"},"primaryImageOfPage":{"@id":"https:\/\/tiketi.com\/fr-fr\/online-shopping-kampala\/#primaryimage"},"image":{"@id":"https:\/\/tiketi.com\/fr-fr\/online-shopping-kampala\/#primaryimage"},"thumbnailUrl":"https:\/\/tiketi.com\/wp-content\/uploads\/2022\/02\/online-shopping-4538982_128.jpg","datePublished":"2022-01-19T11:54:10+00:00","dateModified":"2022-02-18T13:16:50+00:00","description":"Vous cherchez des achats en ligne \u00e0 Kampala? T\u00e9l\u00e9chargez une application d&#039;achat en ligne \u00e0 Kampala et faites des achats en ligne bon march\u00e9 \u00e0 Kampala simplement et facilement","breadcrumb":{"@id":"https:\/\/tiketi.com\/fr-fr\/online-shopping-kampala\/#breadcrumb"},"inLanguage":"fr-FR","potentialAction":[{"@type":"ReadAction","target":["https:\/\/tiketi.com\/fr-fr\/online-shopping-kampala\/"]}]},{"@type":"ImageObject","inLanguage":"fr-FR","@id":"https:\/\/tiketi.com\/fr-fr\/online-shopping-kampala\/#primaryimage","url":"https:\/\/tiketi.com\/wp-content\/uploads\/2022\/02\/online-shopping-4538982_128.jpg","contentUrl":"https:\/\/tiketi.com\/wp-content\/uploads\/2022\/02\/online-shopping-4538982_128.jpg","width":1200,"height":200,"caption":"Online Shopping Gift Delivery"},{"@type":"BreadcrumbList","@id":"https:\/\/tiketi.com\/fr-fr\/online-shopping-kampala\/#breadcrumb","itemListElement":[{"@type":"ListItem","position":1,"name":"Home","item":"https:\/\/tiketi.com\/"},{"@type":"ListItem","position":2,"name":"Online Shopping in Kampala &#8211; Best Online Stores"}]},{"@type":"WebSite","@id":"https:\/\/tiketi.com\/#website","url":"https:\/\/tiketi.com\/","name":"Billets d&#039;avion et de bus, forfaits touristiques et activit\u00e9s - Tiketi.com","description":"Billets d&#039;avion et de bus, Tours, Activit\u00e9s","publisher":{"@id":"https:\/\/tiketi.com\/#organization"},"potentialAction":[{"@type":"SearchAction","target":{"@type":"EntryPoint","urlTemplate":"https:\/\/tiketi.com\/?s={search_term_string}"},"query-input":{"@type":"PropertyValueSpecification","valueRequired":true,"valueName":"search_term_string"}}],"inLanguage":"fr-FR"},{"@type":"Organization","@id":"https:\/\/tiketi.com\/#organization","name":"Tiketi.com","alternateName":"Tiketi","url":"https:\/\/tiketi.com\/","logo":{"@type":"ImageObject","inLanguage":"fr-FR","@id":"https:\/\/tiketi.com\/#\/schema\/logo\/image\/","url":"https:\/\/tiketi.com\/wp-content\/uploads\/2019\/05\/tiketi-logo-696.png","contentUrl":"https:\/\/tiketi.com\/wp-content\/uploads\/2019\/05\/tiketi-logo-696.png","width":696,"height":696,"caption":"Tiketi.com"},"image":{"@id":"https:\/\/tiketi.com\/#\/schema\/logo\/image\/"},"sameAs":["https:\/\/www.facebook.com\/TiketiCom\/"]}]}},"_links":{"self":[{"href":"https:\/\/tiketi.com\/fr-fr\/wp-json\/wp\/v2\/pages\/11051","targetHints":{"allow":["GET"]}}],"collection":[{"href":"https:\/\/tiketi.com\/fr-fr\/wp-json\/wp\/v2\/pages"}],"about":[{"href":"https:\/\/tiketi.com\/fr-fr\/wp-json\/wp\/v2\/types\/page"}],"author":[{"embeddable":true,"href":"https:\/\/tiketi.com\/fr-fr\/wp-json\/wp\/v2\/users\/1"}],"replies":[{"embeddable":true,"href":"https:\/\/tiketi.com\/fr-fr\/wp-json\/wp\/v2\/comments?post=11051"}],"version-history":[{"count":0,"href":"https:\/\/tiketi.com\/fr-fr\/wp-json\/wp\/v2\/pages\/11051\/revisions"}],"wp:featuredmedia":[{"embeddable":true,"href":"https:\/\/tiketi.com\/fr-fr\/wp-json\/wp\/v2\/media\/19411"}],"wp:attachment":[{"href":"https:\/\/tiketi.com\/fr-fr\/wp-json\/wp\/v2\/media?parent=11051"}],"curies":[{"name":"wp","href":"https:\/\/api.w.org\/{rel}","templated":true}]}}