{"id":11053,"date":"2022-01-19T12:54:10","date_gmt":"2022-01-19T11:54:10","guid":{"rendered":"https:\/\/new.tiketi.com\/online-shopping-in-lusaka-best-online-stores\/"},"modified":"2022-02-18T14:21:53","modified_gmt":"2022-02-18T13:21:53","slug":"online-shopping-lusaka","status":"publish","type":"page","link":"https:\/\/tiketi.com\/fr-fr\/online-shopping-lusaka\/","title":{"rendered":"Achats en ligne \u00e0 Lusaka \u2013 Meilleurs magasins en ligne"},"content":{"rendered":"<h2>Achats en ligne pas chers \u00e0 Lusaka<\/h2>\n<h3>T\u00e9l\u00e9chargez l&#039;application d&#039;achat \u00e0 Lusaka et faites des achats en ligne bon march\u00e9 \u00e0 Lusaka simplement et facilement et \u00e9conomisez du temps et de l&#039;argent.<\/h3>\n<p>L&#039;avancement de la technologie a conduit la plupart des organisations \u00e0 passer au mode Internet de vente de biens. En fait, ils consid\u00e8rent les achats en ligne \u00e0 Lusaka comme l&#039;un des meilleurs choix pour r\u00e9duire les co\u00fbts et offrir une exp\u00e9rience am\u00e9lior\u00e9e aux acheteurs. Le nombre d&#039;applications d&#039;achat dans les services de Lusaka ou les sites de commerce \u00e9lectronique a consid\u00e9rablement augment\u00e9. Voici quelques-uns des avantages des achats en ligne \u00e0 Lusaka\u00a0:<\/p>\n<h2>Achats en ligne \u00e0 Lusaka Avantages<\/h2>\n<h3>L&#039;application d&#039;achat \u00e0 Lusaka vous aide \u00e0 comparer votre prix \u00e0 tout moment, partout<\/h3>\n<p>Les achats en ligne vous permettent de faire correspondre les prix des diff\u00e9rents articles plut\u00f4t simplement et facilement. Vous pouvez m\u00eame consulter quelques avis clients pour arriver au meilleur choix de produits possible. Les avis des vrais clients auraient id\u00e9alement plus de valeur que les avis payants que vous pourriez rencontrer autrement. Outre les avis sur les produits, vous pouvez \u00e9galement consulter les avis sur les vendeurs.<\/p>\n<h3>Les achats en ligne sont amusants<\/h3>\n<p>Faire du shopping dans un grand magasin ou un centre commercial peut devenir un tel probl\u00e8me que ce n&#039;est plus amusant. Les boutiques en ligne Lusaka rendent le plaisir \u00e0 nouveau, selon ce que vous recherchez. Il y a des choix illimit\u00e9s dans votre s\u00e9lection. De plus, vous pouvez acheter dans n&#039;importe quel pays depuis le confort de votre maison et vous faire livrer \u00e0 votre porte.<\/p>\n<h3>Vous pouvez rester anonyme<\/h3>\n<p>Les achats en ligne sont pr\u00e9f\u00e9rables pour les articles que vous souhaitez garder secrets, comme un cadeau surprise de l&#039;application d&#039;achat en ligne \u00e0 Lusaka ou un autre article que vous ne voudrez peut-\u00eatre pas acheter en public.<\/p>\n<h3>Meilleurs choix de cadeaux<\/h3>\n<p>Les achats en ligne sont le meilleur choix pour offrir quelque chose \u00e0 quelqu&#039;un que vous aimez. Si vos proches habitent loin, la logistique de l&#039;envoi d&#039;un cadeau peut s&#039;av\u00e9rer une d\u00e9cision assez difficile. Les achats en ligne \u00e0 Lusaka simplifient cela. En fait, cela rendrait \u00e9galement assez simple et facile de surprendre vos proches avec des cadeaux choquants.<\/p>\n<p>La boutique en ligne Lusaka vous permet \u00e9galement d&#039;envoyer vos cadeaux \u00e0 vos proches dans un emballage cadeau. Vous pouvez m\u00eame envoyer un message cadeau personnalis\u00e9. Si vous envoyez des cadeaux pour des occasions sp\u00e9ciales telles que la Saint-Valentin, la f\u00eate des p\u00e8res ou le jour de l&#039;an, vous \u00eates \u00e0 jamais b\u00e9ni avec quelques offres uniques. La distance n&#039;est plus une excuse pour ne pas envoyer de cadeau.<\/p>\n<h3>Facilit\u00e9 d&#039;achat en ligne \u00e0 Lusaka<\/h3>\n<p>Les sites d&#039;achat en ligne \u00e0 Lusaka ont remplac\u00e9 la fa\u00e7on dont vous ach\u00e8teriez des choses. Vous pouvez faire correspondre les prix de diff\u00e9rents produits et vendeurs et m\u00eame faire correspondre les sp\u00e9cifications.<\/p>","protected":false},"excerpt":{"rendered":"<p>Cheap Lusaka Online Shopping Download shopping app in Lusaka and do cheap online shopping in Lusaka simple and easy and save time and money. The advancement of technology has resulted in most of the organisations switching to the internet mode of selling goods. Actually, they look at online shopping in Lusaka to be one of [&hellip;]<\/p>\n","protected":false},"author":1,"featured_media":19411,"parent":0,"menu_order":0,"comment_status":"open","ping_status":"closed","template":"template-home-modern.php","meta":{"footnotes":""},"class_list":["post-11053","page","type-page","status-publish","has-post-thumbnail","hentry"],"yoast_head":"<!-- This site is optimized with the Yoast SEO plugin v27.3 - https:\/\/yoast.com\/product\/yoast-seo-wordpress\/ -->\n<title>Online Shopping in Lusaka - Best Online Stores<\/title>\n<meta name=\"description\" content=\"Looking for cheap online shopping in Lusaka? Download a online shopping app in Lusaka and do Lusaka online shopping simple and easy and save time and money\" \/>\n<meta name=\"robots\" content=\"index, follow, max-snippet:-1, max-image-preview:large, max-video-preview:-1\" \/>\n<link rel=\"canonical\" href=\"https:\/\/tiketi.com\/fr-fr\/online-shopping-lusaka\/\" \/>\n<meta property=\"og:locale\" content=\"fr_FR\" \/>\n<meta property=\"og:type\" content=\"article\" \/>\n<meta property=\"og:title\" content=\"Online Shopping in Lusaka - Best Online Stores\" \/>\n<meta property=\"og:description\" content=\"Looking for cheap online shopping in Lusaka? Download a online shopping app in Lusaka and do Lusaka online shopping simple and easy and save time and money\" \/>\n<meta property=\"og:url\" content=\"https:\/\/tiketi.com\/fr-fr\/online-shopping-lusaka\/\" \/>\n<meta property=\"og:site_name\" content=\"Tiketi.com\" \/>\n<meta property=\"article:publisher\" content=\"https:\/\/www.facebook.com\/TiketiCom\/\" \/>\n<meta property=\"article:modified_time\" content=\"2022-02-18T13:21:53+00:00\" \/>\n<meta property=\"og:image\" content=\"https:\/\/tiketi.com\/wp-content\/uploads\/2022\/02\/online-shopping-4538982_128.jpg\" \/>\n\t<meta property=\"og:image:width\" content=\"1200\" \/>\n\t<meta property=\"og:image:height\" content=\"200\" \/>\n\t<meta property=\"og:image:type\" content=\"image\/jpeg\" \/>\n<meta name=\"twitter:card\" content=\"summary_large_image\" \/>\n<meta name=\"twitter:label1\" content=\"Dur\u00e9e de lecture estim\u00e9e\" \/>\n\t<meta name=\"twitter:data1\" content=\"2 minutes\" \/>\n<script type=\"application\/ld+json\" class=\"yoast-schema-graph\">{\"@context\":\"https:\\\/\\\/schema.org\",\"@graph\":[{\"@type\":\"WebPage\",\"@id\":\"https:\\\/\\\/tiketi.com\\\/online-shopping-lusaka\\\/\",\"url\":\"https:\\\/\\\/tiketi.com\\\/online-shopping-lusaka\\\/\",\"name\":\"Online Shopping in Lusaka - Best Online Stores\",\"isPartOf\":{\"@id\":\"https:\\\/\\\/tiketi.com\\\/#website\"},\"primaryImageOfPage\":{\"@id\":\"https:\\\/\\\/tiketi.com\\\/online-shopping-lusaka\\\/#primaryimage\"},\"image\":{\"@id\":\"https:\\\/\\\/tiketi.com\\\/online-shopping-lusaka\\\/#primaryimage\"},\"thumbnailUrl\":\"https:\\\/\\\/tiketi.com\\\/wp-content\\\/uploads\\\/2022\\\/02\\\/online-shopping-4538982_128.jpg\",\"datePublished\":\"2022-01-19T11:54:10+00:00\",\"dateModified\":\"2022-02-18T13:21:53+00:00\",\"description\":\"Looking for cheap online shopping in Lusaka? Download a online shopping app in Lusaka and do Lusaka online shopping simple and easy and save time and money\",\"breadcrumb\":{\"@id\":\"https:\\\/\\\/tiketi.com\\\/online-shopping-lusaka\\\/#breadcrumb\"},\"inLanguage\":\"fr-FR\",\"potentialAction\":[{\"@type\":\"ReadAction\",\"target\":[\"https:\\\/\\\/tiketi.com\\\/online-shopping-lusaka\\\/\"]}]},{\"@type\":\"ImageObject\",\"inLanguage\":\"fr-FR\",\"@id\":\"https:\\\/\\\/tiketi.com\\\/online-shopping-lusaka\\\/#primaryimage\",\"url\":\"https:\\\/\\\/tiketi.com\\\/wp-content\\\/uploads\\\/2022\\\/02\\\/online-shopping-4538982_128.jpg\",\"contentUrl\":\"https:\\\/\\\/tiketi.com\\\/wp-content\\\/uploads\\\/2022\\\/02\\\/online-shopping-4538982_128.jpg\",\"width\":1200,\"height\":200,\"caption\":\"Online Shopping Gift Delivery\"},{\"@type\":\"BreadcrumbList\",\"@id\":\"https:\\\/\\\/tiketi.com\\\/online-shopping-lusaka\\\/#breadcrumb\",\"itemListElement\":[{\"@type\":\"ListItem\",\"position\":1,\"name\":\"Home\",\"item\":\"https:\\\/\\\/tiketi.com\\\/\"},{\"@type\":\"ListItem\",\"position\":2,\"name\":\"Online Shopping in Lusaka &#8211; Best Online Stores\"}]},{\"@type\":\"WebSite\",\"@id\":\"https:\\\/\\\/tiketi.com\\\/#website\",\"url\":\"https:\\\/\\\/tiketi.com\\\/\",\"name\":\"Flight & Bus Tickets, Tour Packages & Activitites - Tiketi.com\",\"description\":\"Flight &amp; Bus Tickets, Tours, Activitites\",\"publisher\":{\"@id\":\"https:\\\/\\\/tiketi.com\\\/#organization\"},\"potentialAction\":[{\"@type\":\"SearchAction\",\"target\":{\"@type\":\"EntryPoint\",\"urlTemplate\":\"https:\\\/\\\/tiketi.com\\\/?s={search_term_string}\"},\"query-input\":{\"@type\":\"PropertyValueSpecification\",\"valueRequired\":true,\"valueName\":\"search_term_string\"}}],\"inLanguage\":\"fr-FR\"},{\"@type\":\"Organization\",\"@id\":\"https:\\\/\\\/tiketi.com\\\/#organization\",\"name\":\"Tiketi.com\",\"alternateName\":\"Tiketi\",\"url\":\"https:\\\/\\\/tiketi.com\\\/\",\"logo\":{\"@type\":\"ImageObject\",\"inLanguage\":\"fr-FR\",\"@id\":\"https:\\\/\\\/tiketi.com\\\/#\\\/schema\\\/logo\\\/image\\\/\",\"url\":\"https:\\\/\\\/tiketi.com\\\/wp-content\\\/uploads\\\/2019\\\/05\\\/tiketi-logo-696.png\",\"contentUrl\":\"https:\\\/\\\/tiketi.com\\\/wp-content\\\/uploads\\\/2019\\\/05\\\/tiketi-logo-696.png\",\"width\":696,\"height\":696,\"caption\":\"Tiketi.com\"},\"image\":{\"@id\":\"https:\\\/\\\/tiketi.com\\\/#\\\/schema\\\/logo\\\/image\\\/\"},\"sameAs\":[\"https:\\\/\\\/www.facebook.com\\\/TiketiCom\\\/\"]}]}<\/script>\n<!-- \/ Yoast SEO plugin. -->","yoast_head_json":{"title":"Achats en ligne \u00e0 Lusaka - Meilleurs magasins en ligne","description":"Vous cherchez des achats en ligne bon march\u00e9 \u00e0 Lusaka? T\u00e9l\u00e9chargez une application d&#039;achat en ligne \u00e0 Lusaka et faites des achats en ligne \u00e0 Lusaka simplement et facilement et gagnez du temps et de l&#039;argent","robots":{"index":"index","follow":"follow","max-snippet":"max-snippet:-1","max-image-preview":"max-image-preview:large","max-video-preview":"max-video-preview:-1"},"canonical":"https:\/\/tiketi.com\/fr-fr\/online-shopping-lusaka\/","og_locale":"fr_FR","og_type":"article","og_title":"Online Shopping in Lusaka - Best Online Stores","og_description":"Looking for cheap online shopping in Lusaka? Download a online shopping app in Lusaka and do Lusaka online shopping simple and easy and save time and money","og_url":"https:\/\/tiketi.com\/fr-fr\/online-shopping-lusaka\/","og_site_name":"Tiketi.com","article_publisher":"https:\/\/www.facebook.com\/TiketiCom\/","article_modified_time":"2022-02-18T13:21:53+00:00","og_image":[{"width":1200,"height":200,"url":"https:\/\/tiketi.com\/wp-content\/uploads\/2022\/02\/online-shopping-4538982_128.jpg","type":"image\/jpeg"}],"twitter_card":"summary_large_image","twitter_misc":{"Dur\u00e9e de lecture estim\u00e9e":"2 minutes"},"schema":{"@context":"https:\/\/schema.org","@graph":[{"@type":"WebPage","@id":"https:\/\/tiketi.com\/online-shopping-lusaka\/","url":"https:\/\/tiketi.com\/online-shopping-lusaka\/","name":"Achats en ligne \u00e0 Lusaka - Meilleurs magasins en ligne","isPartOf":{"@id":"https:\/\/tiketi.com\/#website"},"primaryImageOfPage":{"@id":"https:\/\/tiketi.com\/online-shopping-lusaka\/#primaryimage"},"image":{"@id":"https:\/\/tiketi.com\/online-shopping-lusaka\/#primaryimage"},"thumbnailUrl":"https:\/\/tiketi.com\/wp-content\/uploads\/2022\/02\/online-shopping-4538982_128.jpg","datePublished":"2022-01-19T11:54:10+00:00","dateModified":"2022-02-18T13:21:53+00:00","description":"Vous cherchez des achats en ligne bon march\u00e9 \u00e0 Lusaka? T\u00e9l\u00e9chargez une application d&#039;achat en ligne \u00e0 Lusaka et faites des achats en ligne \u00e0 Lusaka simplement et facilement et gagnez du temps et de l&#039;argent","breadcrumb":{"@id":"https:\/\/tiketi.com\/online-shopping-lusaka\/#breadcrumb"},"inLanguage":"fr-FR","potentialAction":[{"@type":"ReadAction","target":["https:\/\/tiketi.com\/online-shopping-lusaka\/"]}]},{"@type":"ImageObject","inLanguage":"fr-FR","@id":"https:\/\/tiketi.com\/online-shopping-lusaka\/#primaryimage","url":"https:\/\/tiketi.com\/wp-content\/uploads\/2022\/02\/online-shopping-4538982_128.jpg","contentUrl":"https:\/\/tiketi.com\/wp-content\/uploads\/2022\/02\/online-shopping-4538982_128.jpg","width":1200,"height":200,"caption":"Online Shopping Gift Delivery"},{"@type":"BreadcrumbList","@id":"https:\/\/tiketi.com\/online-shopping-lusaka\/#breadcrumb","itemListElement":[{"@type":"ListItem","position":1,"name":"Home","item":"https:\/\/tiketi.com\/"},{"@type":"ListItem","position":2,"name":"Online Shopping in Lusaka &#8211; Best Online Stores"}]},{"@type":"WebSite","@id":"https:\/\/tiketi.com\/#website","url":"https:\/\/tiketi.com\/","name":"Billets d&#039;avion et de bus, forfaits touristiques et activit\u00e9s - Tiketi.com","description":"Billets d&#039;avion et de bus, Tours, Activit\u00e9s","publisher":{"@id":"https:\/\/tiketi.com\/#organization"},"potentialAction":[{"@type":"SearchAction","target":{"@type":"EntryPoint","urlTemplate":"https:\/\/tiketi.com\/?s={search_term_string}"},"query-input":{"@type":"PropertyValueSpecification","valueRequired":true,"valueName":"search_term_string"}}],"inLanguage":"fr-FR"},{"@type":"Organization","@id":"https:\/\/tiketi.com\/#organization","name":"Tiketi.com","alternateName":"Tiketi","url":"https:\/\/tiketi.com\/","logo":{"@type":"ImageObject","inLanguage":"fr-FR","@id":"https:\/\/tiketi.com\/#\/schema\/logo\/image\/","url":"https:\/\/tiketi.com\/wp-content\/uploads\/2019\/05\/tiketi-logo-696.png","contentUrl":"https:\/\/tiketi.com\/wp-content\/uploads\/2019\/05\/tiketi-logo-696.png","width":696,"height":696,"caption":"Tiketi.com"},"image":{"@id":"https:\/\/tiketi.com\/#\/schema\/logo\/image\/"},"sameAs":["https:\/\/www.facebook.com\/TiketiCom\/"]}]}},"_links":{"self":[{"href":"https:\/\/tiketi.com\/fr-fr\/wp-json\/wp\/v2\/pages\/11053","targetHints":{"allow":["GET"]}}],"collection":[{"href":"https:\/\/tiketi.com\/fr-fr\/wp-json\/wp\/v2\/pages"}],"about":[{"href":"https:\/\/tiketi.com\/fr-fr\/wp-json\/wp\/v2\/types\/page"}],"author":[{"embeddable":true,"href":"https:\/\/tiketi.com\/fr-fr\/wp-json\/wp\/v2\/users\/1"}],"replies":[{"embeddable":true,"href":"https:\/\/tiketi.com\/fr-fr\/wp-json\/wp\/v2\/comments?post=11053"}],"version-history":[{"count":0,"href":"https:\/\/tiketi.com\/fr-fr\/wp-json\/wp\/v2\/pages\/11053\/revisions"}],"wp:featuredmedia":[{"embeddable":true,"href":"https:\/\/tiketi.com\/fr-fr\/wp-json\/wp\/v2\/media\/19411"}],"wp:attachment":[{"href":"https:\/\/tiketi.com\/fr-fr\/wp-json\/wp\/v2\/media?parent=11053"}],"curies":[{"name":"wp","href":"https:\/\/api.w.org\/{rel}","templated":true}]}}