{"id":11054,"date":"2022-01-19T12:54:10","date_gmt":"2022-01-19T11:54:10","guid":{"rendered":"https:\/\/new.tiketi.com\/online-shopping-in-mauritius\/"},"modified":"2022-02-18T14:24:30","modified_gmt":"2022-02-18T13:24:30","slug":"online-shopping-mauritius","status":"publish","type":"page","link":"https:\/\/tiketi.com\/fr-fr\/online-shopping-mauritius\/","title":{"rendered":"Achats en ligne \u00e0 Maurice \u2013 Meilleurs magasins en ligne"},"content":{"rendered":"<h2>Achats en ligne pas chers \u00e0 Maurice<\/h2>\n<h3>T\u00e9l\u00e9chargez la meilleure application d&#039;achat en ligne \u00e0 l&#039;\u00eele Maurice et faites des achats en ligne bon march\u00e9 \u00e0 l&#039;\u00eele Maurice de mani\u00e8re simple et facile et \u00e9conomisez du temps et de l&#039;argent.<\/h3>\n<p>Les achats en ligne \u00e0 Maurice en toute simplicit\u00e9. Le monde en ligne a remplac\u00e9 beaucoup de choses, notre fa\u00e7on de parler, notre fa\u00e7on de travailler, mais aussi notre fa\u00e7on de magasiner. M\u00eame si aller au magasin est ce que beaucoup d&#039;entre nous font encore r\u00e9guli\u00e8rement, la meilleure application d&#039;achat en ligne \u00e0 Maurice a ses propres avantages. De nombreux magasins et entreprises offrent d\u00e9sormais le choix pour les achats en ligne, ce qui rend la chose beaucoup plus facile et plus simple pour les clients. Ici, dans cette page, nous allons discuter des avantages des achats en ligne \u00e0 Maurice\u00a0:<\/p>\n<h2>Achats en ligne \u00e0 Maurice Avantages<\/h2>\n<h3>La meilleure application d&#039;achat en ligne \u00e0 Maurice vous permet de gagner du temps<\/h3>\n<p>La meilleure application de shopping en ligne \u00e0 Maurice vous fera gagner du temps. Il n&#039;est pas n\u00e9cessaire de s&#039;habiller, d&#039;aller au magasin, d&#039;y passer une heure ou deux s&#039;il y a du monde, de faire la queue et plus encore. Tout ce que vous avez \u00e0 faire est d&#039;ouvrir des sites d&#039;achat en ligne \u00e0 Maurice sur un smartphone ou un ordinateur portable et vous \u00eates pr\u00eat \u00e0 partir.<\/p>\n<h3>Tout est simple<\/h3>\n<p>Les achats en ligne sont tr\u00e8s faciles et simples. Lorsque vous trouvez l&#039;article ou plusieurs d&#039;entre eux que vous souhaitez acheter, tout ce que vous avez \u00e0 faire est de les inclure dans votre march\u00e9 virtuel. Une fois que vous l&#039;avez fait, vous pouvez soit continuer vos achats, soit passer \u00e0 la caisse. Tout est simple, m\u00eame pour les d\u00e9butants.<\/p>\n<h3>Vous \u00eates en contr\u00f4le<\/h3>\n<p>Combien de fois \u00eates-vous all\u00e9 au magasin et \u00eates-vous revenu \u00e0 la maison avec un tas de choses dont vous n&#039;avez pas besoin\u00a0? On est tous pass\u00e9 par l\u00e0. Mais, lorsque vous achetez en ligne \u00e0 l&#039;\u00eele Maurice, vous avez le contr\u00f4le total de l&#039;achat. Vous pouvez parfaitement choisir les articles, penser \u00e0 ce dont vous avez besoin et \u00e0 ce dont vous n&#039;avez pas besoin et vous pouvez \u00e9galement vous concentrer sur vos d\u00e9penses.<\/p>\n<h3>Information produit<\/h3>\n<p>En ce qui concerne les achats en ligne \u00e0 Maurice, un autre avantage est le fait que vous pouvez obtenir tous les d\u00e9tails sur l&#039;article. Vous pouvez lire attentivement le texte complet, puis d\u00e9cider si l&#039;article est pour vous ou non. D&#039;un autre c\u00f4t\u00e9, lorsque vous \u00eates en magasin, vous n&#039;obtenez souvent pas tous les d\u00e9tails requis et vous risquez d&#039;acheter un produit qui ne correspond pas \u00e0 vos envies ou \u00e0 votre besoin.<\/p>\n<h3>Ile Maurice livraison des achats en ligne \u00e0 votre porte<\/h3>\n<p>Dernier point, mais non des moindres, les articles que vous avez command\u00e9s seront livr\u00e9s directement \u00e0 votre porte. Votre seul travail est d&#039;obtenir le plan, de l&#039;ouvrir et de profiter de votre achat. Beaucoup plus simple que d&#039;aller au magasin, vous ne trouvez pas ?<\/p>\n<p>Comme vous pouvez le constater, les boutiques en ligne mauriciennes pr\u00e9sentent de nombreux avantages qui vous simplifieront grandement la vie. Gardez le contr\u00f4le de vos d\u00e9penses, gardez le temps, obtenez les articles dont vous avez besoin et attendez une livraison \u00e0 votre porte.<\/p>","protected":false},"excerpt":{"rendered":"<p>Cheap Mauritius Online Shopping Download the best online shopping app in Mauritius and do cheap online shopping in Mauritius simple and easy and save time and money. Online shopping in Mauritius made easy. The online world has replaced a lot of things, the way we talk, the way we work, but also the way we [&hellip;]<\/p>\n","protected":false},"author":1,"featured_media":19411,"parent":0,"menu_order":0,"comment_status":"open","ping_status":"closed","template":"template-home-modern.php","meta":{"footnotes":""},"class_list":["post-11054","page","type-page","status-publish","has-post-thumbnail","hentry"],"yoast_head":"<!-- This site is optimized with the Yoast SEO plugin v27.3 - https:\/\/yoast.com\/product\/yoast-seo-wordpress\/ -->\n<title>Online Shopping in Mauritius - Best Online Stores<\/title>\n<meta name=\"description\" content=\"Looking for cheap online shopping in Mauritius? Download the best online shopping app in Mauritius and do Mauritius online shopping simple and easy\" \/>\n<meta name=\"robots\" content=\"index, follow, max-snippet:-1, max-image-preview:large, max-video-preview:-1\" \/>\n<link rel=\"canonical\" href=\"https:\/\/tiketi.com\/fr-fr\/online-shopping-mauritius\/\" \/>\n<meta property=\"og:locale\" content=\"fr_FR\" \/>\n<meta property=\"og:type\" content=\"article\" \/>\n<meta property=\"og:title\" content=\"Online Shopping in Mauritius - Best Online Stores\" \/>\n<meta property=\"og:description\" content=\"Looking for cheap online shopping in Mauritius? Download the best online shopping app in Mauritius and do Mauritius online shopping simple and easy\" \/>\n<meta property=\"og:url\" content=\"https:\/\/tiketi.com\/fr-fr\/online-shopping-mauritius\/\" \/>\n<meta property=\"og:site_name\" content=\"Tiketi.com\" \/>\n<meta property=\"article:publisher\" content=\"https:\/\/www.facebook.com\/TiketiCom\/\" \/>\n<meta property=\"article:modified_time\" content=\"2022-02-18T13:24:30+00:00\" \/>\n<meta property=\"og:image\" content=\"https:\/\/tiketi.com\/wp-content\/uploads\/2022\/02\/online-shopping-4538982_128.jpg\" \/>\n\t<meta property=\"og:image:width\" content=\"1200\" \/>\n\t<meta property=\"og:image:height\" content=\"200\" \/>\n\t<meta property=\"og:image:type\" content=\"image\/jpeg\" \/>\n<meta name=\"twitter:card\" content=\"summary_large_image\" \/>\n<meta name=\"twitter:label1\" content=\"Dur\u00e9e de lecture estim\u00e9e\" \/>\n\t<meta name=\"twitter:data1\" content=\"3 minutes\" \/>\n<script type=\"application\/ld+json\" class=\"yoast-schema-graph\">{\"@context\":\"https:\\\/\\\/schema.org\",\"@graph\":[{\"@type\":\"WebPage\",\"@id\":\"https:\\\/\\\/tiketi.com\\\/online-shopping-mauritius\\\/\",\"url\":\"https:\\\/\\\/tiketi.com\\\/online-shopping-mauritius\\\/\",\"name\":\"Online Shopping in Mauritius - Best Online Stores\",\"isPartOf\":{\"@id\":\"https:\\\/\\\/tiketi.com\\\/#website\"},\"primaryImageOfPage\":{\"@id\":\"https:\\\/\\\/tiketi.com\\\/online-shopping-mauritius\\\/#primaryimage\"},\"image\":{\"@id\":\"https:\\\/\\\/tiketi.com\\\/online-shopping-mauritius\\\/#primaryimage\"},\"thumbnailUrl\":\"https:\\\/\\\/tiketi.com\\\/wp-content\\\/uploads\\\/2022\\\/02\\\/online-shopping-4538982_128.jpg\",\"datePublished\":\"2022-01-19T11:54:10+00:00\",\"dateModified\":\"2022-02-18T13:24:30+00:00\",\"description\":\"Looking for cheap online shopping in Mauritius? Download the best online shopping app in Mauritius and do Mauritius online shopping simple and easy\",\"breadcrumb\":{\"@id\":\"https:\\\/\\\/tiketi.com\\\/online-shopping-mauritius\\\/#breadcrumb\"},\"inLanguage\":\"fr-FR\",\"potentialAction\":[{\"@type\":\"ReadAction\",\"target\":[\"https:\\\/\\\/tiketi.com\\\/online-shopping-mauritius\\\/\"]}]},{\"@type\":\"ImageObject\",\"inLanguage\":\"fr-FR\",\"@id\":\"https:\\\/\\\/tiketi.com\\\/online-shopping-mauritius\\\/#primaryimage\",\"url\":\"https:\\\/\\\/tiketi.com\\\/wp-content\\\/uploads\\\/2022\\\/02\\\/online-shopping-4538982_128.jpg\",\"contentUrl\":\"https:\\\/\\\/tiketi.com\\\/wp-content\\\/uploads\\\/2022\\\/02\\\/online-shopping-4538982_128.jpg\",\"width\":1200,\"height\":200,\"caption\":\"Online Shopping Gift Delivery\"},{\"@type\":\"BreadcrumbList\",\"@id\":\"https:\\\/\\\/tiketi.com\\\/online-shopping-mauritius\\\/#breadcrumb\",\"itemListElement\":[{\"@type\":\"ListItem\",\"position\":1,\"name\":\"Home\",\"item\":\"https:\\\/\\\/tiketi.com\\\/\"},{\"@type\":\"ListItem\",\"position\":2,\"name\":\"Online Shopping in Mauritius &#8211; Best Online Stores\"}]},{\"@type\":\"WebSite\",\"@id\":\"https:\\\/\\\/tiketi.com\\\/#website\",\"url\":\"https:\\\/\\\/tiketi.com\\\/\",\"name\":\"Flight & Bus Tickets, Tour Packages & Activitites - Tiketi.com\",\"description\":\"Flight &amp; Bus Tickets, Tours, Activitites\",\"publisher\":{\"@id\":\"https:\\\/\\\/tiketi.com\\\/#organization\"},\"potentialAction\":[{\"@type\":\"SearchAction\",\"target\":{\"@type\":\"EntryPoint\",\"urlTemplate\":\"https:\\\/\\\/tiketi.com\\\/?s={search_term_string}\"},\"query-input\":{\"@type\":\"PropertyValueSpecification\",\"valueRequired\":true,\"valueName\":\"search_term_string\"}}],\"inLanguage\":\"fr-FR\"},{\"@type\":\"Organization\",\"@id\":\"https:\\\/\\\/tiketi.com\\\/#organization\",\"name\":\"Tiketi.com\",\"alternateName\":\"Tiketi\",\"url\":\"https:\\\/\\\/tiketi.com\\\/\",\"logo\":{\"@type\":\"ImageObject\",\"inLanguage\":\"fr-FR\",\"@id\":\"https:\\\/\\\/tiketi.com\\\/#\\\/schema\\\/logo\\\/image\\\/\",\"url\":\"https:\\\/\\\/tiketi.com\\\/wp-content\\\/uploads\\\/2019\\\/05\\\/tiketi-logo-696.png\",\"contentUrl\":\"https:\\\/\\\/tiketi.com\\\/wp-content\\\/uploads\\\/2019\\\/05\\\/tiketi-logo-696.png\",\"width\":696,\"height\":696,\"caption\":\"Tiketi.com\"},\"image\":{\"@id\":\"https:\\\/\\\/tiketi.com\\\/#\\\/schema\\\/logo\\\/image\\\/\"},\"sameAs\":[\"https:\\\/\\\/www.facebook.com\\\/TiketiCom\\\/\"]}]}<\/script>\n<!-- \/ Yoast SEO plugin. -->","yoast_head_json":{"title":"Achats en ligne \u00e0 Maurice - Meilleurs magasins en ligne","description":"Vous recherchez des achats en ligne bon march\u00e9 \u00e0 l&#039;\u00eele Maurice? T\u00e9l\u00e9chargez la meilleure application d&#039;achat en ligne \u00e0 l&#039;\u00eele Maurice et faites des achats en ligne \u00e0 l&#039;\u00eele Maurice simplement et facilement","robots":{"index":"index","follow":"follow","max-snippet":"max-snippet:-1","max-image-preview":"max-image-preview:large","max-video-preview":"max-video-preview:-1"},"canonical":"https:\/\/tiketi.com\/fr-fr\/online-shopping-mauritius\/","og_locale":"fr_FR","og_type":"article","og_title":"Online Shopping in Mauritius - Best Online Stores","og_description":"Looking for cheap online shopping in Mauritius? Download the best online shopping app in Mauritius and do Mauritius online shopping simple and easy","og_url":"https:\/\/tiketi.com\/fr-fr\/online-shopping-mauritius\/","og_site_name":"Tiketi.com","article_publisher":"https:\/\/www.facebook.com\/TiketiCom\/","article_modified_time":"2022-02-18T13:24:30+00:00","og_image":[{"width":1200,"height":200,"url":"https:\/\/tiketi.com\/wp-content\/uploads\/2022\/02\/online-shopping-4538982_128.jpg","type":"image\/jpeg"}],"twitter_card":"summary_large_image","twitter_misc":{"Dur\u00e9e de lecture estim\u00e9e":"3 minutes"},"schema":{"@context":"https:\/\/schema.org","@graph":[{"@type":"WebPage","@id":"https:\/\/tiketi.com\/online-shopping-mauritius\/","url":"https:\/\/tiketi.com\/online-shopping-mauritius\/","name":"Achats en ligne \u00e0 Maurice - Meilleurs magasins en ligne","isPartOf":{"@id":"https:\/\/tiketi.com\/#website"},"primaryImageOfPage":{"@id":"https:\/\/tiketi.com\/online-shopping-mauritius\/#primaryimage"},"image":{"@id":"https:\/\/tiketi.com\/online-shopping-mauritius\/#primaryimage"},"thumbnailUrl":"https:\/\/tiketi.com\/wp-content\/uploads\/2022\/02\/online-shopping-4538982_128.jpg","datePublished":"2022-01-19T11:54:10+00:00","dateModified":"2022-02-18T13:24:30+00:00","description":"Vous recherchez des achats en ligne bon march\u00e9 \u00e0 l&#039;\u00eele Maurice? T\u00e9l\u00e9chargez la meilleure application d&#039;achat en ligne \u00e0 l&#039;\u00eele Maurice et faites des achats en ligne \u00e0 l&#039;\u00eele Maurice simplement et facilement","breadcrumb":{"@id":"https:\/\/tiketi.com\/online-shopping-mauritius\/#breadcrumb"},"inLanguage":"fr-FR","potentialAction":[{"@type":"ReadAction","target":["https:\/\/tiketi.com\/online-shopping-mauritius\/"]}]},{"@type":"ImageObject","inLanguage":"fr-FR","@id":"https:\/\/tiketi.com\/online-shopping-mauritius\/#primaryimage","url":"https:\/\/tiketi.com\/wp-content\/uploads\/2022\/02\/online-shopping-4538982_128.jpg","contentUrl":"https:\/\/tiketi.com\/wp-content\/uploads\/2022\/02\/online-shopping-4538982_128.jpg","width":1200,"height":200,"caption":"Online Shopping Gift Delivery"},{"@type":"BreadcrumbList","@id":"https:\/\/tiketi.com\/online-shopping-mauritius\/#breadcrumb","itemListElement":[{"@type":"ListItem","position":1,"name":"Home","item":"https:\/\/tiketi.com\/"},{"@type":"ListItem","position":2,"name":"Online Shopping in Mauritius &#8211; Best Online Stores"}]},{"@type":"WebSite","@id":"https:\/\/tiketi.com\/#website","url":"https:\/\/tiketi.com\/","name":"Billets d&#039;avion et de bus, forfaits touristiques et activit\u00e9s - Tiketi.com","description":"Billets d&#039;avion et de bus, Tours, Activit\u00e9s","publisher":{"@id":"https:\/\/tiketi.com\/#organization"},"potentialAction":[{"@type":"SearchAction","target":{"@type":"EntryPoint","urlTemplate":"https:\/\/tiketi.com\/?s={search_term_string}"},"query-input":{"@type":"PropertyValueSpecification","valueRequired":true,"valueName":"search_term_string"}}],"inLanguage":"fr-FR"},{"@type":"Organization","@id":"https:\/\/tiketi.com\/#organization","name":"Tiketi.com","alternateName":"Tiketi","url":"https:\/\/tiketi.com\/","logo":{"@type":"ImageObject","inLanguage":"fr-FR","@id":"https:\/\/tiketi.com\/#\/schema\/logo\/image\/","url":"https:\/\/tiketi.com\/wp-content\/uploads\/2019\/05\/tiketi-logo-696.png","contentUrl":"https:\/\/tiketi.com\/wp-content\/uploads\/2019\/05\/tiketi-logo-696.png","width":696,"height":696,"caption":"Tiketi.com"},"image":{"@id":"https:\/\/tiketi.com\/#\/schema\/logo\/image\/"},"sameAs":["https:\/\/www.facebook.com\/TiketiCom\/"]}]}},"_links":{"self":[{"href":"https:\/\/tiketi.com\/fr-fr\/wp-json\/wp\/v2\/pages\/11054","targetHints":{"allow":["GET"]}}],"collection":[{"href":"https:\/\/tiketi.com\/fr-fr\/wp-json\/wp\/v2\/pages"}],"about":[{"href":"https:\/\/tiketi.com\/fr-fr\/wp-json\/wp\/v2\/types\/page"}],"author":[{"embeddable":true,"href":"https:\/\/tiketi.com\/fr-fr\/wp-json\/wp\/v2\/users\/1"}],"replies":[{"embeddable":true,"href":"https:\/\/tiketi.com\/fr-fr\/wp-json\/wp\/v2\/comments?post=11054"}],"version-history":[{"count":0,"href":"https:\/\/tiketi.com\/fr-fr\/wp-json\/wp\/v2\/pages\/11054\/revisions"}],"wp:featuredmedia":[{"embeddable":true,"href":"https:\/\/tiketi.com\/fr-fr\/wp-json\/wp\/v2\/media\/19411"}],"wp:attachment":[{"href":"https:\/\/tiketi.com\/fr-fr\/wp-json\/wp\/v2\/media?parent=11054"}],"curies":[{"name":"wp","href":"https:\/\/api.w.org\/{rel}","templated":true}]}}