{"id":11055,"date":"2022-01-19T12:54:10","date_gmt":"2022-01-19T11:54:10","guid":{"rendered":"https:\/\/new.tiketi.com\/online-shopping-in-kigali-best-online-stores\/"},"modified":"2022-02-18T14:31:31","modified_gmt":"2022-02-18T13:31:31","slug":"online-shopping-kigali","status":"publish","type":"page","link":"https:\/\/tiketi.com\/fr-fr\/online-shopping-kigali\/","title":{"rendered":"Achats en ligne \u00e0 Kigali \u2013 Meilleurs magasins en ligne"},"content":{"rendered":"<h2>Achats en ligne pas chers \u00e0 Kigali<\/h2>\n<h3>T\u00e9l\u00e9chargez l&#039;application d&#039;achat \u00e0 Kigali et faites des achats en ligne bon march\u00e9 \u00e0 Kigali simples et faciles et \u00e9conomisez du temps et de l&#039;argent.<\/h3>\n<p>Les achats en ligne \u00e0 Kigali en toute simplicit\u00e9. Aujourd&#039;hui, de nombreuses personnes privil\u00e9gient les achats en ligne \u00e0 Kigali en raison de ses nombreux avantages \u00e9vidents. Les produits sont toujours simples \u00e0 trouver lorsque vous utilisez l&#039;application d&#039;achat en ligne \u00e0 Kigali et vous pouvez commander des articles simplement et sans effort sans vous rendre au magasin. Meilleure raison pour les gens d&#039;utiliser ce service. Les achats en ligne \u00e0 Kigali sont devenus tr\u00e8s c\u00e9l\u00e8bres en raison de l&#039;acc\u00e8s croissant aux sites d&#039;achat en ligne dans le monde de Kigali via les ordinateurs de bureau et les mobiles. Voici quelques-uns des avantages des boutiques en ligne \u00e0 Kigali :<\/p>\n<h2>Achats en ligne \u00e0 Kigali Avantages<\/h2>\n<h3>Produits abordables<\/h3>\n<p>Certains produits sont tr\u00e8s abordables en ligne, car certaines promotions sont exclusives en ligne, ce qui signifie qu&#039;il suffit d&#039;acheter en ligne \u00e0 Kigali pour que les acheteurs puissent y acc\u00e9der. Il existe de nombreuses fa\u00e7ons parfaites de parcourir les produits en ligne et de faire correspondre les prix avant de magasiner.<\/p>\n<h3>Permet d&#039;\u00e9conomiser de l&#039;\u00e9nergie et du temps<\/h3>\n<p>Vous ne voulez pas perdre un temps pr\u00e9cieux en attendant et en fouillant les all\u00e9es pendant les heures de pointe, juste pour trouver ce que vous vouliez est d\u00e9j\u00e0 \u00e9puis\u00e9. Ce probl\u00e8me peut \u00eatre simplement r\u00e9solu par des sites d&#039;achat en ligne \u00e0 Kigali et en faisant livrer vos articles au point de retrait le plus proche et le plus parfait.<\/p>\n<h3>Libre de choix<\/h3>\n<p>Les choix de produits sont beaucoup plus grands et si vous faites des achats en ligne \u00e0 Kigali. Un article particulier sera en ligne dans de nombreuses autres couleurs et tailles diff\u00e9rentes correspondant \u00e0 ce que vous trouverez en magasin.<\/p>\n<h3>Acheter en ligne \u00e0 Kigali des produits rares<\/h3>\n<p>Les achats en ligne \u00e0 Kigali peuvent \u00e9galement \u00eatre extr\u00eamement favorables \u00e0 l&#039;achat d&#039;articles rares ou de niche. Par exemple, les chaussures en \u00e9dition limit\u00e9e que vous vouliez vraiment ou le tapis de yoga qui n&#039;est accessible qu&#039;\u00e0 l&#039;\u00e9tranger.<\/p>\n<h3>Confidentialit\u00e9<\/h3>\n<p>Lorsque vous magasinez en ligne en magasin, tout le monde voit ce que vous achetez. Dans certains cas, cela peut \u00eatre embarrassant ou probl\u00e9matique. Avec le march\u00e9 des achats en ligne de Kigali, vous b\u00e9n\u00e9ficiez pour toujours de la confidentialit\u00e9 et de l&#039;anonymat souhait\u00e9s.<\/p>\n<h3>Toujours simple \u00e0 trouver via une application d&#039;achat en ligne \u00e0 Kigali<\/h3>\n<p>Trouver un article sur le monde en ligne est beaucoup plus simple que de courir via votre magasin local pour trouver la meilleure taille ou le meilleur produit. Vous pouvez commander votre produit et le faire livrer dans un point de retrait parfait ou le retirer dans un comptoir de magasin.<\/p>\n<h3>Acheter des articles inutilis\u00e9s ou anciens \u00e0 des prix inf\u00e9rieurs<\/h3>\n<p>Le march\u00e9 du monde des achats en ligne nous permet d&#039;acheter tr\u00e8s facilement des objets inutilis\u00e9s ou anciens \u00e0 des prix d\u00e9fiant toute concurrence. De plus, si nous voulons acheter des antiquit\u00e9s, il n&#039;y a pas d&#039;endroit id\u00e9al pour trouver les meilleurs.<\/p>\n<h3>Les achats en ligne \u00e0 Kigali, les achats discrets sont simples<\/h3>\n<p>Certaines choses sont excellentes faites dans l&#039;intimit\u00e9 de votre maison. Les applications d&#039;achat en ligne \u00e0 Kigali sont id\u00e9ales pour les achats discrets d&#039;articles comme la lingerie sexy, les jouets pour adultes, etc. Cela me permet d&#039;acheter en ligne \u00e0 Kigali des sous-v\u00eatements et de la lingerie sans g\u00eane ni parano\u00efa car il y a beaucoup de gens qui me regardent.<\/p>","protected":false},"excerpt":{"rendered":"<p>Cheap Kigali Online Shopping Download shopping app in Kigali and do cheap online shopping in Kigali simple and easy and save time and money. Online shopping in Kigali made easy. Today, many people favor online shopping Kigali because of its many clear advantages. Products are everytime simple to find when using online shopping app in [&hellip;]<\/p>\n","protected":false},"author":1,"featured_media":19411,"parent":0,"menu_order":0,"comment_status":"open","ping_status":"closed","template":"template-home-modern.php","meta":{"footnotes":""},"class_list":["post-11055","page","type-page","status-publish","has-post-thumbnail","hentry"],"yoast_head":"<!-- This site is optimized with the Yoast SEO plugin v27.3 - https:\/\/yoast.com\/product\/yoast-seo-wordpress\/ -->\n<title>Online shopping in Kigali - Best Online Stores<\/title>\n<meta name=\"description\" content=\"Looking for cheap online shopping in Kigali store? Download the best online shopping app\u00a0in Kigali and do Kigali online shopping simple and easy\" \/>\n<meta name=\"robots\" content=\"index, follow, max-snippet:-1, max-image-preview:large, max-video-preview:-1\" \/>\n<link rel=\"canonical\" href=\"https:\/\/tiketi.com\/fr-fr\/online-shopping-kigali\/\" \/>\n<meta property=\"og:locale\" content=\"fr_FR\" \/>\n<meta property=\"og:type\" content=\"article\" \/>\n<meta property=\"og:title\" content=\"Online shopping in Kigali - Best Online Stores\" \/>\n<meta property=\"og:description\" content=\"Looking for cheap online shopping in Kigali store? Download the best online shopping app\u00a0in Kigali and do Kigali online shopping simple and easy\" \/>\n<meta property=\"og:url\" content=\"https:\/\/tiketi.com\/fr-fr\/online-shopping-kigali\/\" \/>\n<meta property=\"og:site_name\" content=\"Tiketi.com\" \/>\n<meta property=\"article:publisher\" content=\"https:\/\/www.facebook.com\/TiketiCom\/\" \/>\n<meta property=\"article:modified_time\" content=\"2022-02-18T13:31:31+00:00\" \/>\n<meta property=\"og:image\" content=\"https:\/\/tiketi.com\/wp-content\/uploads\/2022\/02\/online-shopping-4538982_128.jpg\" \/>\n\t<meta property=\"og:image:width\" content=\"1200\" \/>\n\t<meta property=\"og:image:height\" content=\"200\" \/>\n\t<meta property=\"og:image:type\" content=\"image\/jpeg\" \/>\n<meta name=\"twitter:card\" content=\"summary_large_image\" \/>\n<meta name=\"twitter:label1\" content=\"Dur\u00e9e de lecture estim\u00e9e\" \/>\n\t<meta name=\"twitter:data1\" content=\"3 minutes\" \/>\n<script type=\"application\/ld+json\" class=\"yoast-schema-graph\">{\"@context\":\"https:\\\/\\\/schema.org\",\"@graph\":[{\"@type\":\"WebPage\",\"@id\":\"https:\\\/\\\/tiketi.com\\\/online-shopping-kigali\\\/\",\"url\":\"https:\\\/\\\/tiketi.com\\\/online-shopping-kigali\\\/\",\"name\":\"Online shopping in Kigali - Best Online Stores\",\"isPartOf\":{\"@id\":\"https:\\\/\\\/tiketi.com\\\/#website\"},\"primaryImageOfPage\":{\"@id\":\"https:\\\/\\\/tiketi.com\\\/online-shopping-kigali\\\/#primaryimage\"},\"image\":{\"@id\":\"https:\\\/\\\/tiketi.com\\\/online-shopping-kigali\\\/#primaryimage\"},\"thumbnailUrl\":\"https:\\\/\\\/tiketi.com\\\/wp-content\\\/uploads\\\/2022\\\/02\\\/online-shopping-4538982_128.jpg\",\"datePublished\":\"2022-01-19T11:54:10+00:00\",\"dateModified\":\"2022-02-18T13:31:31+00:00\",\"description\":\"Looking for cheap online shopping in Kigali store? Download the best online shopping app\u00a0in Kigali and do Kigali online shopping simple and easy\",\"breadcrumb\":{\"@id\":\"https:\\\/\\\/tiketi.com\\\/online-shopping-kigali\\\/#breadcrumb\"},\"inLanguage\":\"fr-FR\",\"potentialAction\":[{\"@type\":\"ReadAction\",\"target\":[\"https:\\\/\\\/tiketi.com\\\/online-shopping-kigali\\\/\"]}]},{\"@type\":\"ImageObject\",\"inLanguage\":\"fr-FR\",\"@id\":\"https:\\\/\\\/tiketi.com\\\/online-shopping-kigali\\\/#primaryimage\",\"url\":\"https:\\\/\\\/tiketi.com\\\/wp-content\\\/uploads\\\/2022\\\/02\\\/online-shopping-4538982_128.jpg\",\"contentUrl\":\"https:\\\/\\\/tiketi.com\\\/wp-content\\\/uploads\\\/2022\\\/02\\\/online-shopping-4538982_128.jpg\",\"width\":1200,\"height\":200,\"caption\":\"Online Shopping Gift Delivery\"},{\"@type\":\"BreadcrumbList\",\"@id\":\"https:\\\/\\\/tiketi.com\\\/online-shopping-kigali\\\/#breadcrumb\",\"itemListElement\":[{\"@type\":\"ListItem\",\"position\":1,\"name\":\"Home\",\"item\":\"https:\\\/\\\/tiketi.com\\\/\"},{\"@type\":\"ListItem\",\"position\":2,\"name\":\"Online shopping in Kigali &#8211; Best Online Stores\"}]},{\"@type\":\"WebSite\",\"@id\":\"https:\\\/\\\/tiketi.com\\\/#website\",\"url\":\"https:\\\/\\\/tiketi.com\\\/\",\"name\":\"Flight & Bus Tickets, Tour Packages & Activitites - Tiketi.com\",\"description\":\"Flight &amp; Bus Tickets, Tours, Activitites\",\"publisher\":{\"@id\":\"https:\\\/\\\/tiketi.com\\\/#organization\"},\"potentialAction\":[{\"@type\":\"SearchAction\",\"target\":{\"@type\":\"EntryPoint\",\"urlTemplate\":\"https:\\\/\\\/tiketi.com\\\/?s={search_term_string}\"},\"query-input\":{\"@type\":\"PropertyValueSpecification\",\"valueRequired\":true,\"valueName\":\"search_term_string\"}}],\"inLanguage\":\"fr-FR\"},{\"@type\":\"Organization\",\"@id\":\"https:\\\/\\\/tiketi.com\\\/#organization\",\"name\":\"Tiketi.com\",\"alternateName\":\"Tiketi\",\"url\":\"https:\\\/\\\/tiketi.com\\\/\",\"logo\":{\"@type\":\"ImageObject\",\"inLanguage\":\"fr-FR\",\"@id\":\"https:\\\/\\\/tiketi.com\\\/#\\\/schema\\\/logo\\\/image\\\/\",\"url\":\"https:\\\/\\\/tiketi.com\\\/wp-content\\\/uploads\\\/2019\\\/05\\\/tiketi-logo-696.png\",\"contentUrl\":\"https:\\\/\\\/tiketi.com\\\/wp-content\\\/uploads\\\/2019\\\/05\\\/tiketi-logo-696.png\",\"width\":696,\"height\":696,\"caption\":\"Tiketi.com\"},\"image\":{\"@id\":\"https:\\\/\\\/tiketi.com\\\/#\\\/schema\\\/logo\\\/image\\\/\"},\"sameAs\":[\"https:\\\/\\\/www.facebook.com\\\/TiketiCom\\\/\"]}]}<\/script>\n<!-- \/ Yoast SEO plugin. -->","yoast_head_json":{"title":"Achats en ligne \u00e0 Kigali - Meilleurs magasins en ligne","description":"Vous recherchez des achats en ligne bon march\u00e9 dans le magasin Kigali? T\u00e9l\u00e9chargez la meilleure application d&#039;achat en ligne \u00e0 Kigali et faites des achats en ligne \u00e0 Kigali simplement et facilement","robots":{"index":"index","follow":"follow","max-snippet":"max-snippet:-1","max-image-preview":"max-image-preview:large","max-video-preview":"max-video-preview:-1"},"canonical":"https:\/\/tiketi.com\/fr-fr\/online-shopping-kigali\/","og_locale":"fr_FR","og_type":"article","og_title":"Online shopping in Kigali - Best Online Stores","og_description":"Looking for cheap online shopping in Kigali store? Download the best online shopping app\u00a0in Kigali and do Kigali online shopping simple and easy","og_url":"https:\/\/tiketi.com\/fr-fr\/online-shopping-kigali\/","og_site_name":"Tiketi.com","article_publisher":"https:\/\/www.facebook.com\/TiketiCom\/","article_modified_time":"2022-02-18T13:31:31+00:00","og_image":[{"width":1200,"height":200,"url":"https:\/\/tiketi.com\/wp-content\/uploads\/2022\/02\/online-shopping-4538982_128.jpg","type":"image\/jpeg"}],"twitter_card":"summary_large_image","twitter_misc":{"Dur\u00e9e de lecture estim\u00e9e":"3 minutes"},"schema":{"@context":"https:\/\/schema.org","@graph":[{"@type":"WebPage","@id":"https:\/\/tiketi.com\/online-shopping-kigali\/","url":"https:\/\/tiketi.com\/online-shopping-kigali\/","name":"Achats en ligne \u00e0 Kigali - Meilleurs magasins en ligne","isPartOf":{"@id":"https:\/\/tiketi.com\/#website"},"primaryImageOfPage":{"@id":"https:\/\/tiketi.com\/online-shopping-kigali\/#primaryimage"},"image":{"@id":"https:\/\/tiketi.com\/online-shopping-kigali\/#primaryimage"},"thumbnailUrl":"https:\/\/tiketi.com\/wp-content\/uploads\/2022\/02\/online-shopping-4538982_128.jpg","datePublished":"2022-01-19T11:54:10+00:00","dateModified":"2022-02-18T13:31:31+00:00","description":"Vous recherchez des achats en ligne bon march\u00e9 dans le magasin Kigali? T\u00e9l\u00e9chargez la meilleure application d&#039;achat en ligne \u00e0 Kigali et faites des achats en ligne \u00e0 Kigali simplement et facilement","breadcrumb":{"@id":"https:\/\/tiketi.com\/online-shopping-kigali\/#breadcrumb"},"inLanguage":"fr-FR","potentialAction":[{"@type":"ReadAction","target":["https:\/\/tiketi.com\/online-shopping-kigali\/"]}]},{"@type":"ImageObject","inLanguage":"fr-FR","@id":"https:\/\/tiketi.com\/online-shopping-kigali\/#primaryimage","url":"https:\/\/tiketi.com\/wp-content\/uploads\/2022\/02\/online-shopping-4538982_128.jpg","contentUrl":"https:\/\/tiketi.com\/wp-content\/uploads\/2022\/02\/online-shopping-4538982_128.jpg","width":1200,"height":200,"caption":"Online Shopping Gift Delivery"},{"@type":"BreadcrumbList","@id":"https:\/\/tiketi.com\/online-shopping-kigali\/#breadcrumb","itemListElement":[{"@type":"ListItem","position":1,"name":"Home","item":"https:\/\/tiketi.com\/"},{"@type":"ListItem","position":2,"name":"Online shopping in Kigali &#8211; Best Online Stores"}]},{"@type":"WebSite","@id":"https:\/\/tiketi.com\/#website","url":"https:\/\/tiketi.com\/","name":"Billets d&#039;avion et de bus, forfaits touristiques et activit\u00e9s - Tiketi.com","description":"Billets d&#039;avion et de bus, Tours, Activit\u00e9s","publisher":{"@id":"https:\/\/tiketi.com\/#organization"},"potentialAction":[{"@type":"SearchAction","target":{"@type":"EntryPoint","urlTemplate":"https:\/\/tiketi.com\/?s={search_term_string}"},"query-input":{"@type":"PropertyValueSpecification","valueRequired":true,"valueName":"search_term_string"}}],"inLanguage":"fr-FR"},{"@type":"Organization","@id":"https:\/\/tiketi.com\/#organization","name":"Tiketi.com","alternateName":"Tiketi","url":"https:\/\/tiketi.com\/","logo":{"@type":"ImageObject","inLanguage":"fr-FR","@id":"https:\/\/tiketi.com\/#\/schema\/logo\/image\/","url":"https:\/\/tiketi.com\/wp-content\/uploads\/2019\/05\/tiketi-logo-696.png","contentUrl":"https:\/\/tiketi.com\/wp-content\/uploads\/2019\/05\/tiketi-logo-696.png","width":696,"height":696,"caption":"Tiketi.com"},"image":{"@id":"https:\/\/tiketi.com\/#\/schema\/logo\/image\/"},"sameAs":["https:\/\/www.facebook.com\/TiketiCom\/"]}]}},"_links":{"self":[{"href":"https:\/\/tiketi.com\/fr-fr\/wp-json\/wp\/v2\/pages\/11055","targetHints":{"allow":["GET"]}}],"collection":[{"href":"https:\/\/tiketi.com\/fr-fr\/wp-json\/wp\/v2\/pages"}],"about":[{"href":"https:\/\/tiketi.com\/fr-fr\/wp-json\/wp\/v2\/types\/page"}],"author":[{"embeddable":true,"href":"https:\/\/tiketi.com\/fr-fr\/wp-json\/wp\/v2\/users\/1"}],"replies":[{"embeddable":true,"href":"https:\/\/tiketi.com\/fr-fr\/wp-json\/wp\/v2\/comments?post=11055"}],"version-history":[{"count":0,"href":"https:\/\/tiketi.com\/fr-fr\/wp-json\/wp\/v2\/pages\/11055\/revisions"}],"wp:featuredmedia":[{"embeddable":true,"href":"https:\/\/tiketi.com\/fr-fr\/wp-json\/wp\/v2\/media\/19411"}],"wp:attachment":[{"href":"https:\/\/tiketi.com\/fr-fr\/wp-json\/wp\/v2\/media?parent=11055"}],"curies":[{"name":"wp","href":"https:\/\/api.w.org\/{rel}","templated":true}]}}