{"id":11056,"date":"2022-01-19T12:54:10","date_gmt":"2022-01-19T11:54:10","guid":{"rendered":"https:\/\/new.tiketi.com\/online-shopping-in-nairobi-best-online-stores\/"},"modified":"2022-02-18T16:44:14","modified_gmt":"2022-02-18T15:44:14","slug":"online-shopping-nairobi","status":"publish","type":"page","link":"https:\/\/tiketi.com\/fr-fr\/online-shopping-nairobi\/","title":{"rendered":"Achats en ligne \u00e0 Nairobi \u2013 Meilleurs magasins en ligne"},"content":{"rendered":"<h2>Achats en ligne bon march\u00e9 \u00e0 Nairobi<\/h2>\n<h3>T\u00e9l\u00e9chargez la meilleure application d&#039;achat en ligne \u00e0 Nairobi et faites des achats en ligne simples et faciles et \u00e9conomisez du temps et de l&#039;argent.<\/h3>\n<p>Les achats en ligne \u00e0 Nairobi peuvent \u00eatre une ressource incroyable pour ceux qui cherchent \u00e0 \u00e9largir leurs choix d&#039;achat et \u00e0 garder de l&#039;argent. Le magasin en ligne de Nairobi est tr\u00e8s comp\u00e9titif par rapport aux autres magasins, ce qui entra\u00eene une baisse des prix. La meilleure application d&#039;achat en ligne \u00e0 Nairobi et les sites de comparaison de prix en ligne \u00e0 Nairobi facilitent la recherche d&#039;offres et vous pouvez trouver les boutiques en ligne Nairobi avec les meilleures r\u00e9putations en lisant les avis soumis par d&#039;autres acheteurs. Voici quelques-uns des avantages des achats en ligne \u00e0 Nairobi au Kenya\u00a0:<\/p>\n<h2>Achats en ligne \u00e0 Nairobi Avantages<\/h2>\n<h3>La meilleure application d&#039;achat en ligne \u00e0 Nairobi<\/h3>\n<p>Les achats en ligne sont tr\u00e8s faciles. Vous n&#039;avez pas besoin de vous habiller et de conduire jusqu&#039;\u00e0 votre magasin pr\u00e9f\u00e9r\u00e9. Vous pouvez simplement visiter les sites d&#039;achat en ligne \u00e0 Nairobi, trouver le produit que vous voulez et l&#039;acheter. C&#039;est aussi parfait car vous n&#039;avez pas besoin d&#039;attendre l&#039;ouverture du magasin. Si vous travaillez des heures irr\u00e9guli\u00e8res ou \u00eates extr\u00eamement occup\u00e9, vous n&#039;avez probablement pas le temps de visiter le magasin. La meilleure application d&#039;achat en ligne \u00e0 Nairobi vous permet d&#039;acheter des choses sans nuire \u00e0 votre emploi du temps.<\/p>\n<h3>Moins de pi\u00e8ges<\/h3>\n<p>Les magasins physiques sont faits pour vous inciter \u00e0 acheter plus de choses. Ils utilisent des messages de vente, des affiches, des couleurs et le placement de produits pour vous faire acheter des articles suppl\u00e9mentaires. Les produits les plus c\u00e9l\u00e8bres sont g\u00e9n\u00e9ralement \u00e0 l&#039;arri\u00e8re, car le propri\u00e9taire souhaite voir tous ses autres articles. Beaucoup de gens trouveront peu d&#039;articles suppl\u00e9mentaires au moment o\u00f9 ils atteindront les choses pour lesquelles ils sont venus.<\/p>\n<p>Ces techniques ne sont pas aussi bond\u00e9es sur le march\u00e9 des achats en ligne. Cela signifie que vous ressentiriez la pression d&#039;acheter d&#039;autres choses.<\/p>\n<h3>Grande vari\u00e9t\u00e9<\/h3>\n<p>La plupart des magasins physiques proposent une gamme restreinte de produits. Ils peuvent contenir autant d&#039;articles, et il existe g\u00e9n\u00e9ralement de nombreuses politiques affectant la disponibilit\u00e9 des articles. Par exemple, il peut y avoir plusieurs \u00e9l\u00e9ments qui ne sont accessibles qu&#039;aux versions de l&#039;entreprise qui existent dans le centre commercial.<\/p>\n<p>Les achats en ligne \u00e0 Nairobi vous permettent de trouver de nombreux articles que vous ne seriez pas en mesure de trouver dans un magasin physique. Vous pouvez \u00e9galement acheter des produits qui ne peuvent logiquement pas se combiner comme des couettes et des sucres d&#039;orge.<\/p>\n<h3>Achats discrets<\/h3>\n<p>Les magasins physiques rendent g\u00e9n\u00e9ralement difficile l&#039;achat de certains articles. Par exemple, acheter de la lingerie sans attirer quelques regards g\u00ean\u00e9s est presque impossible. Il existe de nombreux exemples de cela, et parfois vous pourriez vous sentir mal \u00e0 l&#039;aise sans raison.<\/p>\n<h3>Conclusion des achats en ligne \u00e0 Nairobi<\/h3>\n<p>Les achats en ligne vous assurent la confidentialit\u00e9, car vous n&#039;auriez pas de personnes qui vous regardent pendant que vous magasinez. Non seulement cela, mais les re\u00e7us sont g\u00e9n\u00e9ralement faits pour que personne ne sache ce que vous avez achet\u00e9.<\/p>","protected":false},"excerpt":{"rendered":"<p>Cheap Nairobi Online Shopping Doanload the best online shopping app in Nairobi and do online shopping simple and easy and save time and money. Online shopping in Nairobi can be an amazing resource for those looking to expand their purchasing choices and keep money. Online store Nairobi are highly competitive with other stores, which drives [&hellip;]<\/p>\n","protected":false},"author":1,"featured_media":19411,"parent":0,"menu_order":0,"comment_status":"open","ping_status":"closed","template":"template-home-modern.php","meta":{"footnotes":""},"class_list":["post-11056","page","type-page","status-publish","has-post-thumbnail","hentry"],"yoast_head":"<!-- This site is optimized with the Yoast SEO plugin v27.3 - https:\/\/yoast.com\/product\/yoast-seo-wordpress\/ -->\n<title>Online shopping in Nairobi - Best Online Stores<\/title>\n<meta name=\"description\" content=\"Looking for cheap online shopping in Nairobi store? Download the best online shopping app\u00a0in Nairobi and do Nairobi online shopping simple and easy\" \/>\n<meta name=\"robots\" content=\"index, follow, max-snippet:-1, max-image-preview:large, max-video-preview:-1\" \/>\n<link rel=\"canonical\" href=\"https:\/\/tiketi.com\/fr-fr\/online-shopping-nairobi\/\" \/>\n<meta property=\"og:locale\" content=\"fr_FR\" \/>\n<meta property=\"og:type\" content=\"article\" \/>\n<meta property=\"og:title\" content=\"Online shopping in Nairobi - Best Online Stores\" \/>\n<meta property=\"og:description\" content=\"Looking for cheap online shopping in Nairobi store? Download the best online shopping app\u00a0in Nairobi and do Nairobi online shopping simple and easy\" \/>\n<meta property=\"og:url\" content=\"https:\/\/tiketi.com\/fr-fr\/online-shopping-nairobi\/\" \/>\n<meta property=\"og:site_name\" content=\"Tiketi.com\" \/>\n<meta property=\"article:publisher\" content=\"https:\/\/www.facebook.com\/TiketiCom\/\" \/>\n<meta property=\"article:modified_time\" content=\"2022-02-18T15:44:14+00:00\" \/>\n<meta property=\"og:image\" content=\"https:\/\/tiketi.com\/wp-content\/uploads\/2022\/02\/online-shopping-4538982_128.jpg\" \/>\n\t<meta property=\"og:image:width\" content=\"1200\" \/>\n\t<meta property=\"og:image:height\" content=\"200\" \/>\n\t<meta property=\"og:image:type\" content=\"image\/jpeg\" \/>\n<meta name=\"twitter:card\" content=\"summary_large_image\" \/>\n<meta name=\"twitter:label1\" content=\"Dur\u00e9e de lecture estim\u00e9e\" \/>\n\t<meta name=\"twitter:data1\" content=\"3 minutes\" \/>\n<script type=\"application\/ld+json\" class=\"yoast-schema-graph\">{\"@context\":\"https:\\\/\\\/schema.org\",\"@graph\":[{\"@type\":\"WebPage\",\"@id\":\"https:\\\/\\\/tiketi.com\\\/fr-fr\\\/online-shopping-nairobi\\\/\",\"url\":\"https:\\\/\\\/tiketi.com\\\/fr-fr\\\/online-shopping-nairobi\\\/\",\"name\":\"Online shopping in Nairobi - Best Online Stores\",\"isPartOf\":{\"@id\":\"https:\\\/\\\/tiketi.com\\\/#website\"},\"primaryImageOfPage\":{\"@id\":\"https:\\\/\\\/tiketi.com\\\/fr-fr\\\/online-shopping-nairobi\\\/#primaryimage\"},\"image\":{\"@id\":\"https:\\\/\\\/tiketi.com\\\/fr-fr\\\/online-shopping-nairobi\\\/#primaryimage\"},\"thumbnailUrl\":\"https:\\\/\\\/tiketi.com\\\/wp-content\\\/uploads\\\/2022\\\/02\\\/online-shopping-4538982_128.jpg\",\"datePublished\":\"2022-01-19T11:54:10+00:00\",\"dateModified\":\"2022-02-18T15:44:14+00:00\",\"description\":\"Looking for cheap online shopping in Nairobi store? Download the best online shopping app\u00a0in Nairobi and do Nairobi online shopping simple and easy\",\"breadcrumb\":{\"@id\":\"https:\\\/\\\/tiketi.com\\\/fr-fr\\\/online-shopping-nairobi\\\/#breadcrumb\"},\"inLanguage\":\"fr-FR\",\"potentialAction\":[{\"@type\":\"ReadAction\",\"target\":[\"https:\\\/\\\/tiketi.com\\\/fr-fr\\\/online-shopping-nairobi\\\/\"]}]},{\"@type\":\"ImageObject\",\"inLanguage\":\"fr-FR\",\"@id\":\"https:\\\/\\\/tiketi.com\\\/fr-fr\\\/online-shopping-nairobi\\\/#primaryimage\",\"url\":\"https:\\\/\\\/tiketi.com\\\/wp-content\\\/uploads\\\/2022\\\/02\\\/online-shopping-4538982_128.jpg\",\"contentUrl\":\"https:\\\/\\\/tiketi.com\\\/wp-content\\\/uploads\\\/2022\\\/02\\\/online-shopping-4538982_128.jpg\",\"width\":1200,\"height\":200,\"caption\":\"Online Shopping Gift Delivery\"},{\"@type\":\"BreadcrumbList\",\"@id\":\"https:\\\/\\\/tiketi.com\\\/fr-fr\\\/online-shopping-nairobi\\\/#breadcrumb\",\"itemListElement\":[{\"@type\":\"ListItem\",\"position\":1,\"name\":\"Home\",\"item\":\"https:\\\/\\\/tiketi.com\\\/\"},{\"@type\":\"ListItem\",\"position\":2,\"name\":\"Online shopping in Nairobi &#8211; Best Online Stores\"}]},{\"@type\":\"WebSite\",\"@id\":\"https:\\\/\\\/tiketi.com\\\/#website\",\"url\":\"https:\\\/\\\/tiketi.com\\\/\",\"name\":\"Flight & Bus Tickets, Tour Packages & Activitites - Tiketi.com\",\"description\":\"Flight &amp; Bus Tickets, Tours, Activitites\",\"publisher\":{\"@id\":\"https:\\\/\\\/tiketi.com\\\/#organization\"},\"potentialAction\":[{\"@type\":\"SearchAction\",\"target\":{\"@type\":\"EntryPoint\",\"urlTemplate\":\"https:\\\/\\\/tiketi.com\\\/?s={search_term_string}\"},\"query-input\":{\"@type\":\"PropertyValueSpecification\",\"valueRequired\":true,\"valueName\":\"search_term_string\"}}],\"inLanguage\":\"fr-FR\"},{\"@type\":\"Organization\",\"@id\":\"https:\\\/\\\/tiketi.com\\\/#organization\",\"name\":\"Tiketi.com\",\"alternateName\":\"Tiketi\",\"url\":\"https:\\\/\\\/tiketi.com\\\/\",\"logo\":{\"@type\":\"ImageObject\",\"inLanguage\":\"fr-FR\",\"@id\":\"https:\\\/\\\/tiketi.com\\\/#\\\/schema\\\/logo\\\/image\\\/\",\"url\":\"https:\\\/\\\/tiketi.com\\\/wp-content\\\/uploads\\\/2019\\\/05\\\/tiketi-logo-696.png\",\"contentUrl\":\"https:\\\/\\\/tiketi.com\\\/wp-content\\\/uploads\\\/2019\\\/05\\\/tiketi-logo-696.png\",\"width\":696,\"height\":696,\"caption\":\"Tiketi.com\"},\"image\":{\"@id\":\"https:\\\/\\\/tiketi.com\\\/#\\\/schema\\\/logo\\\/image\\\/\"},\"sameAs\":[\"https:\\\/\\\/www.facebook.com\\\/TiketiCom\\\/\"]}]}<\/script>\n<!-- \/ Yoast SEO plugin. -->","yoast_head_json":{"title":"Achats en ligne \u00e0 Nairobi - Meilleurs magasins en ligne","description":"Vous recherchez des achats en ligne bon march\u00e9 dans le magasin de Nairobi? T\u00e9l\u00e9chargez la meilleure application d&#039;achat en ligne \u00e0 Nairobi et faites des achats en ligne \u00e0 Nairobi simplement et facilement","robots":{"index":"index","follow":"follow","max-snippet":"max-snippet:-1","max-image-preview":"max-image-preview:large","max-video-preview":"max-video-preview:-1"},"canonical":"https:\/\/tiketi.com\/fr-fr\/online-shopping-nairobi\/","og_locale":"fr_FR","og_type":"article","og_title":"Online shopping in Nairobi - Best Online Stores","og_description":"Looking for cheap online shopping in Nairobi store? Download the best online shopping app\u00a0in Nairobi and do Nairobi online shopping simple and easy","og_url":"https:\/\/tiketi.com\/fr-fr\/online-shopping-nairobi\/","og_site_name":"Tiketi.com","article_publisher":"https:\/\/www.facebook.com\/TiketiCom\/","article_modified_time":"2022-02-18T15:44:14+00:00","og_image":[{"width":1200,"height":200,"url":"https:\/\/tiketi.com\/wp-content\/uploads\/2022\/02\/online-shopping-4538982_128.jpg","type":"image\/jpeg"}],"twitter_card":"summary_large_image","twitter_misc":{"Dur\u00e9e de lecture estim\u00e9e":"3 minutes"},"schema":{"@context":"https:\/\/schema.org","@graph":[{"@type":"WebPage","@id":"https:\/\/tiketi.com\/fr-fr\/online-shopping-nairobi\/","url":"https:\/\/tiketi.com\/fr-fr\/online-shopping-nairobi\/","name":"Achats en ligne \u00e0 Nairobi - Meilleurs magasins en ligne","isPartOf":{"@id":"https:\/\/tiketi.com\/#website"},"primaryImageOfPage":{"@id":"https:\/\/tiketi.com\/fr-fr\/online-shopping-nairobi\/#primaryimage"},"image":{"@id":"https:\/\/tiketi.com\/fr-fr\/online-shopping-nairobi\/#primaryimage"},"thumbnailUrl":"https:\/\/tiketi.com\/wp-content\/uploads\/2022\/02\/online-shopping-4538982_128.jpg","datePublished":"2022-01-19T11:54:10+00:00","dateModified":"2022-02-18T15:44:14+00:00","description":"Vous recherchez des achats en ligne bon march\u00e9 dans le magasin de Nairobi? T\u00e9l\u00e9chargez la meilleure application d&#039;achat en ligne \u00e0 Nairobi et faites des achats en ligne \u00e0 Nairobi simplement et facilement","breadcrumb":{"@id":"https:\/\/tiketi.com\/fr-fr\/online-shopping-nairobi\/#breadcrumb"},"inLanguage":"fr-FR","potentialAction":[{"@type":"ReadAction","target":["https:\/\/tiketi.com\/fr-fr\/online-shopping-nairobi\/"]}]},{"@type":"ImageObject","inLanguage":"fr-FR","@id":"https:\/\/tiketi.com\/fr-fr\/online-shopping-nairobi\/#primaryimage","url":"https:\/\/tiketi.com\/wp-content\/uploads\/2022\/02\/online-shopping-4538982_128.jpg","contentUrl":"https:\/\/tiketi.com\/wp-content\/uploads\/2022\/02\/online-shopping-4538982_128.jpg","width":1200,"height":200,"caption":"Online Shopping Gift Delivery"},{"@type":"BreadcrumbList","@id":"https:\/\/tiketi.com\/fr-fr\/online-shopping-nairobi\/#breadcrumb","itemListElement":[{"@type":"ListItem","position":1,"name":"Home","item":"https:\/\/tiketi.com\/"},{"@type":"ListItem","position":2,"name":"Online shopping in Nairobi &#8211; Best Online Stores"}]},{"@type":"WebSite","@id":"https:\/\/tiketi.com\/#website","url":"https:\/\/tiketi.com\/","name":"Billets d&#039;avion et de bus, forfaits touristiques et activit\u00e9s - Tiketi.com","description":"Billets d&#039;avion et de bus, Tours, Activit\u00e9s","publisher":{"@id":"https:\/\/tiketi.com\/#organization"},"potentialAction":[{"@type":"SearchAction","target":{"@type":"EntryPoint","urlTemplate":"https:\/\/tiketi.com\/?s={search_term_string}"},"query-input":{"@type":"PropertyValueSpecification","valueRequired":true,"valueName":"search_term_string"}}],"inLanguage":"fr-FR"},{"@type":"Organization","@id":"https:\/\/tiketi.com\/#organization","name":"Tiketi.com","alternateName":"Tiketi","url":"https:\/\/tiketi.com\/","logo":{"@type":"ImageObject","inLanguage":"fr-FR","@id":"https:\/\/tiketi.com\/#\/schema\/logo\/image\/","url":"https:\/\/tiketi.com\/wp-content\/uploads\/2019\/05\/tiketi-logo-696.png","contentUrl":"https:\/\/tiketi.com\/wp-content\/uploads\/2019\/05\/tiketi-logo-696.png","width":696,"height":696,"caption":"Tiketi.com"},"image":{"@id":"https:\/\/tiketi.com\/#\/schema\/logo\/image\/"},"sameAs":["https:\/\/www.facebook.com\/TiketiCom\/"]}]}},"_links":{"self":[{"href":"https:\/\/tiketi.com\/fr-fr\/wp-json\/wp\/v2\/pages\/11056","targetHints":{"allow":["GET"]}}],"collection":[{"href":"https:\/\/tiketi.com\/fr-fr\/wp-json\/wp\/v2\/pages"}],"about":[{"href":"https:\/\/tiketi.com\/fr-fr\/wp-json\/wp\/v2\/types\/page"}],"author":[{"embeddable":true,"href":"https:\/\/tiketi.com\/fr-fr\/wp-json\/wp\/v2\/users\/1"}],"replies":[{"embeddable":true,"href":"https:\/\/tiketi.com\/fr-fr\/wp-json\/wp\/v2\/comments?post=11056"}],"version-history":[{"count":0,"href":"https:\/\/tiketi.com\/fr-fr\/wp-json\/wp\/v2\/pages\/11056\/revisions"}],"wp:featuredmedia":[{"embeddable":true,"href":"https:\/\/tiketi.com\/fr-fr\/wp-json\/wp\/v2\/media\/19411"}],"wp:attachment":[{"href":"https:\/\/tiketi.com\/fr-fr\/wp-json\/wp\/v2\/media?parent=11056"}],"curies":[{"name":"wp","href":"https:\/\/api.w.org\/{rel}","templated":true}]}}