{"id":11057,"date":"2022-01-19T12:54:10","date_gmt":"2022-01-19T11:54:10","guid":{"rendered":"https:\/\/new.tiketi.com\/online-shopping-in-accra-best-online-stores\/"},"modified":"2022-02-18T13:59:11","modified_gmt":"2022-02-18T12:59:11","slug":"online-shopping-accra","status":"publish","type":"page","link":"https:\/\/tiketi.com\/fr-fr\/online-shopping-accra\/","title":{"rendered":"Achats en ligne \u00e0 Accra \u2013 Meilleurs magasins en ligne"},"content":{"rendered":"<h2>Achats en ligne pas chers \u00e0 Accra<\/h2>\n<h3>T\u00e9l\u00e9chargez notre application d&#039;achat \u00e0 Accra et faites des achats en ligne bon march\u00e9 \u00e0 Accra simplement et facilement et \u00e9conomisez du temps et de l&#039;argent.<\/h3>\n<p>Les achats en ligne \u00e0 Accra en toute simplicit\u00e9. Les temps changent maintenant et la technologie a rendu nos activit\u00e9s quotidiennes beaucoup plus relaxantes. Tout est \u00e0 port\u00e9e de clic, faire du shopping aujourd&#039;hui est devenu beaucoup plus d\u00e9tendu car il ne n\u00e9cessite pas de visite physique individuelle au magasin et d&#039;investissement de votre temps dans la recherche. \u00c0 l&#039;\u00e8re actuelle, les sites d&#039;achat en ligne \u00e0 Accra ont \u00e9galement r\u00e9volutionn\u00e9 toutes les fa\u00e7ons dont les gens peuvent faire leurs achats aujourd&#039;hui. En raison de nombreux avantages, de nos jours, de plus en plus de personnes pr\u00e9f\u00e8rent acheter sur le march\u00e9 des achats en ligne d&#039;Accra. Voici les principaux avantages de l&#039;application de shopping \u00e0 Accra.<\/p>\n<h2>Achats en ligne \u00e0 Accra Avantages<\/h2>\n<h3>Application de shopping \u00e0 Accra - comparaisons faciles<\/h3>\n<p>Les comparaisons de prix sont simples en ligne en raison du grand nombre de vari\u00e9t\u00e9s accessibles. Consid\u00e9rez-vous acheter un t\u00e9l\u00e9phone portable, les sites d&#039;achat en ligne \u00e0 Accra vous offrent plus de gamme, ce qui permet au client de faire correspondre les prix plus facilement et, surtout, il fournit une plate-forme aux acheteurs pr\u00e9c\u00e9dents pour partager leur exp\u00e9rience d&#039;achat avec eux. Sur la base de l&#039;exp\u00e9rience, vous pouvez \u00e9galement faire vos achats.<\/p>\n<h3>Tarifs abordables<\/h3>\n<p>Les boutiques en ligne d&#039;Accra proposent les m\u00eames articles \u00e0 des tarifs tr\u00e8s avantageux en raison des offres bon march\u00e9 continues qu&#039;elles proposent. La r\u00e9duction du prix est en grande partie due au fait que l&#039;article provient directement du producteur dans la plupart des cas, et qu&#039;il n&#039;implique aucune tierce personne au milieu. Plus important encore, il est \u00e9galement simple de faire correspondre tous les prix et de trouver les meilleures offres qui correspondent le mieux \u00e0 votre budget. Cela aide non seulement \u00e0 r\u00e9duire les d\u00e9penses, mais les taxes sont \u00e9galement moindres que les achats physiques.<\/p>\n<h3>Vari\u00e9t\u00e9<\/h3>\n<p>Les sites d&#039;achat en ligne \u00e0 Accra offrent aux acheteurs plus de vari\u00e9t\u00e9s. Vous pouvez trouver presque tous les articles et marques que vous recherchez sur Internet. Plus important encore, les achats en ligne \u00e0 Accra Ghana ne sont pas limit\u00e9s g\u00e9ographiquement, et vous pouvez \u00e9galement visiter des magasins internationaux et acheter des articles sur lesquels vous avez toujours eu des yeux.<\/p>\n<h3>Envoi de cadeaux<\/h3>\n<p>Fini le temps o\u00f9 vous deviez attendre des jours et des mois pour que votre cadeau soit livr\u00e9 \u00e0 vos proches. L&#039;application d&#039;achat \u00e0 Accra a \u00e9galement simplifi\u00e9 les choses, car elle s&#039;occupe de tout l&#039;emballage et de l&#039;exp\u00e9dition pour vous. Dans certains cas, la marque emballe m\u00eame vos cadeaux pour vous et les livre \u00e0 vos proches.<\/p>\n<h3>Commodit\u00e9 d&#039;achat en ligne \u00e0 Accra<\/h3>\n<p>Les achats en ligne \u00e0 Accra sont sans probl\u00e8me et sans pressions. La plupart du temps, nous finissons par acheter des choses inutiles et regrettons plus tard d&#039;avoir d\u00e9pens\u00e9 l&#039;argent suppl\u00e9mentaire pour acheter des articles l\u00e9g\u00e8rement endommag\u00e9s \u00e0 des tarifs tr\u00e8s abordables, et c&#039;est l&#039;avantage que les achats conventionnels n&#039;offrent pas.<\/p>","protected":false},"excerpt":{"rendered":"<p>Cheap Accra Online Shopping Download our shopping app in Accra and do cheap online shopping in Accra simple and easy and save time and money. Online shopping in Accra made easy. Times are replacing now, and technology has made our daily lives activities much more relax far. Everything is just a simple click away, shopping [&hellip;]<\/p>\n","protected":false},"author":1,"featured_media":19411,"parent":0,"menu_order":0,"comment_status":"open","ping_status":"closed","template":"template-home-modern.php","meta":{"footnotes":""},"class_list":["post-11057","page","type-page","status-publish","has-post-thumbnail","hentry"],"yoast_head":"<!-- This site is optimized with the Yoast SEO plugin v27.4 - https:\/\/yoast.com\/product\/yoast-seo-wordpress\/ -->\n<title>Online shopping in Accra - Best Online Stores<\/title>\n<meta name=\"description\" content=\"Looking for cheap online shopping in Accra store? Use the best online shopping app in Accra and do Accra online shopping simple and easy\" \/>\n<meta name=\"robots\" content=\"index, follow, max-snippet:-1, max-image-preview:large, max-video-preview:-1\" \/>\n<link rel=\"canonical\" href=\"https:\/\/tiketi.com\/fr-fr\/online-shopping-accra\/\" \/>\n<meta property=\"og:locale\" content=\"fr_FR\" \/>\n<meta property=\"og:type\" content=\"article\" \/>\n<meta property=\"og:title\" content=\"Online shopping in Accra - Best Online Stores\" \/>\n<meta property=\"og:description\" content=\"Looking for cheap online shopping in Accra store? Use the best online shopping app in Accra and do Accra online shopping simple and easy\" \/>\n<meta property=\"og:url\" content=\"https:\/\/tiketi.com\/fr-fr\/online-shopping-accra\/\" \/>\n<meta property=\"og:site_name\" content=\"Tiketi.com\" \/>\n<meta property=\"article:publisher\" content=\"https:\/\/www.facebook.com\/TiketiCom\/\" \/>\n<meta property=\"article:modified_time\" content=\"2022-02-18T12:59:11+00:00\" \/>\n<meta property=\"og:image\" content=\"https:\/\/tiketi.com\/wp-content\/uploads\/2022\/02\/online-shopping-4538982_128.jpg\" \/>\n\t<meta property=\"og:image:width\" content=\"1200\" \/>\n\t<meta property=\"og:image:height\" content=\"200\" \/>\n\t<meta property=\"og:image:type\" content=\"image\/jpeg\" \/>\n<meta name=\"twitter:card\" content=\"summary_large_image\" \/>\n<meta name=\"twitter:label1\" content=\"Dur\u00e9e de lecture estim\u00e9e\" \/>\n\t<meta name=\"twitter:data1\" content=\"3 minutes\" \/>\n<script type=\"application\/ld+json\" class=\"yoast-schema-graph\">{\"@context\":\"https:\\\/\\\/schema.org\",\"@graph\":[{\"@type\":\"WebPage\",\"@id\":\"https:\\\/\\\/tiketi.com\\\/online-shopping-accra\\\/\",\"url\":\"https:\\\/\\\/tiketi.com\\\/online-shopping-accra\\\/\",\"name\":\"Online shopping in Accra - Best Online Stores\",\"isPartOf\":{\"@id\":\"https:\\\/\\\/tiketi.com\\\/#website\"},\"primaryImageOfPage\":{\"@id\":\"https:\\\/\\\/tiketi.com\\\/online-shopping-accra\\\/#primaryimage\"},\"image\":{\"@id\":\"https:\\\/\\\/tiketi.com\\\/online-shopping-accra\\\/#primaryimage\"},\"thumbnailUrl\":\"https:\\\/\\\/tiketi.com\\\/wp-content\\\/uploads\\\/2022\\\/02\\\/online-shopping-4538982_128.jpg\",\"datePublished\":\"2022-01-19T11:54:10+00:00\",\"dateModified\":\"2022-02-18T12:59:11+00:00\",\"description\":\"Looking for cheap online shopping in Accra store? Use the best online shopping app in Accra and do Accra online shopping simple and easy\",\"breadcrumb\":{\"@id\":\"https:\\\/\\\/tiketi.com\\\/online-shopping-accra\\\/#breadcrumb\"},\"inLanguage\":\"fr-FR\",\"potentialAction\":[{\"@type\":\"ReadAction\",\"target\":[\"https:\\\/\\\/tiketi.com\\\/online-shopping-accra\\\/\"]}]},{\"@type\":\"ImageObject\",\"inLanguage\":\"fr-FR\",\"@id\":\"https:\\\/\\\/tiketi.com\\\/online-shopping-accra\\\/#primaryimage\",\"url\":\"https:\\\/\\\/tiketi.com\\\/wp-content\\\/uploads\\\/2022\\\/02\\\/online-shopping-4538982_128.jpg\",\"contentUrl\":\"https:\\\/\\\/tiketi.com\\\/wp-content\\\/uploads\\\/2022\\\/02\\\/online-shopping-4538982_128.jpg\",\"width\":1200,\"height\":200,\"caption\":\"Online Shopping Gift Delivery\"},{\"@type\":\"BreadcrumbList\",\"@id\":\"https:\\\/\\\/tiketi.com\\\/online-shopping-accra\\\/#breadcrumb\",\"itemListElement\":[{\"@type\":\"ListItem\",\"position\":1,\"name\":\"Home\",\"item\":\"https:\\\/\\\/tiketi.com\\\/\"},{\"@type\":\"ListItem\",\"position\":2,\"name\":\"Online shopping in Accra &#8211; Best Online Stores\"}]},{\"@type\":\"WebSite\",\"@id\":\"https:\\\/\\\/tiketi.com\\\/#website\",\"url\":\"https:\\\/\\\/tiketi.com\\\/\",\"name\":\"Flight & Bus Tickets, Tour Packages & Activitites - Tiketi.com\",\"description\":\"Flight &amp; Bus Tickets, Tours, Activitites\",\"publisher\":{\"@id\":\"https:\\\/\\\/tiketi.com\\\/#organization\"},\"potentialAction\":[{\"@type\":\"SearchAction\",\"target\":{\"@type\":\"EntryPoint\",\"urlTemplate\":\"https:\\\/\\\/tiketi.com\\\/?s={search_term_string}\"},\"query-input\":{\"@type\":\"PropertyValueSpecification\",\"valueRequired\":true,\"valueName\":\"search_term_string\"}}],\"inLanguage\":\"fr-FR\"},{\"@type\":\"Organization\",\"@id\":\"https:\\\/\\\/tiketi.com\\\/#organization\",\"name\":\"Tiketi.com\",\"alternateName\":\"Tiketi\",\"url\":\"https:\\\/\\\/tiketi.com\\\/\",\"logo\":{\"@type\":\"ImageObject\",\"inLanguage\":\"fr-FR\",\"@id\":\"https:\\\/\\\/tiketi.com\\\/#\\\/schema\\\/logo\\\/image\\\/\",\"url\":\"https:\\\/\\\/tiketi.com\\\/wp-content\\\/uploads\\\/2019\\\/05\\\/tiketi-logo-696.png\",\"contentUrl\":\"https:\\\/\\\/tiketi.com\\\/wp-content\\\/uploads\\\/2019\\\/05\\\/tiketi-logo-696.png\",\"width\":696,\"height\":696,\"caption\":\"Tiketi.com\"},\"image\":{\"@id\":\"https:\\\/\\\/tiketi.com\\\/#\\\/schema\\\/logo\\\/image\\\/\"},\"sameAs\":[\"https:\\\/\\\/www.facebook.com\\\/TiketiCom\\\/\"]}]}<\/script>\n<!-- \/ Yoast SEO plugin. -->","yoast_head_json":{"title":"Achats en ligne \u00e0 Accra - Meilleurs magasins en ligne","description":"Vous recherchez des achats en ligne bon march\u00e9 dans le magasin d&#039;Accra? Utilisez la meilleure application d&#039;achat en ligne \u00e0 Accra et faites des achats en ligne \u00e0 Accra simplement et facilement","robots":{"index":"index","follow":"follow","max-snippet":"max-snippet:-1","max-image-preview":"max-image-preview:large","max-video-preview":"max-video-preview:-1"},"canonical":"https:\/\/tiketi.com\/fr-fr\/online-shopping-accra\/","og_locale":"fr_FR","og_type":"article","og_title":"Online shopping in Accra - Best Online Stores","og_description":"Looking for cheap online shopping in Accra store? Use the best online shopping app in Accra and do Accra online shopping simple and easy","og_url":"https:\/\/tiketi.com\/fr-fr\/online-shopping-accra\/","og_site_name":"Tiketi.com","article_publisher":"https:\/\/www.facebook.com\/TiketiCom\/","article_modified_time":"2022-02-18T12:59:11+00:00","og_image":[{"width":1200,"height":200,"url":"https:\/\/tiketi.com\/wp-content\/uploads\/2022\/02\/online-shopping-4538982_128.jpg","type":"image\/jpeg"}],"twitter_card":"summary_large_image","twitter_misc":{"Dur\u00e9e de lecture estim\u00e9e":"3 minutes"},"schema":{"@context":"https:\/\/schema.org","@graph":[{"@type":"WebPage","@id":"https:\/\/tiketi.com\/online-shopping-accra\/","url":"https:\/\/tiketi.com\/online-shopping-accra\/","name":"Achats en ligne \u00e0 Accra - Meilleurs magasins en ligne","isPartOf":{"@id":"https:\/\/tiketi.com\/#website"},"primaryImageOfPage":{"@id":"https:\/\/tiketi.com\/online-shopping-accra\/#primaryimage"},"image":{"@id":"https:\/\/tiketi.com\/online-shopping-accra\/#primaryimage"},"thumbnailUrl":"https:\/\/tiketi.com\/wp-content\/uploads\/2022\/02\/online-shopping-4538982_128.jpg","datePublished":"2022-01-19T11:54:10+00:00","dateModified":"2022-02-18T12:59:11+00:00","description":"Vous recherchez des achats en ligne bon march\u00e9 dans le magasin d&#039;Accra? Utilisez la meilleure application d&#039;achat en ligne \u00e0 Accra et faites des achats en ligne \u00e0 Accra simplement et facilement","breadcrumb":{"@id":"https:\/\/tiketi.com\/online-shopping-accra\/#breadcrumb"},"inLanguage":"fr-FR","potentialAction":[{"@type":"ReadAction","target":["https:\/\/tiketi.com\/online-shopping-accra\/"]}]},{"@type":"ImageObject","inLanguage":"fr-FR","@id":"https:\/\/tiketi.com\/online-shopping-accra\/#primaryimage","url":"https:\/\/tiketi.com\/wp-content\/uploads\/2022\/02\/online-shopping-4538982_128.jpg","contentUrl":"https:\/\/tiketi.com\/wp-content\/uploads\/2022\/02\/online-shopping-4538982_128.jpg","width":1200,"height":200,"caption":"Online Shopping Gift Delivery"},{"@type":"BreadcrumbList","@id":"https:\/\/tiketi.com\/online-shopping-accra\/#breadcrumb","itemListElement":[{"@type":"ListItem","position":1,"name":"Home","item":"https:\/\/tiketi.com\/"},{"@type":"ListItem","position":2,"name":"Online shopping in Accra &#8211; Best Online Stores"}]},{"@type":"WebSite","@id":"https:\/\/tiketi.com\/#website","url":"https:\/\/tiketi.com\/","name":"Billets d&#039;avion et de bus, forfaits touristiques et activit\u00e9s - Tiketi.com","description":"Billets d&#039;avion et de bus, Tours, Activit\u00e9s","publisher":{"@id":"https:\/\/tiketi.com\/#organization"},"potentialAction":[{"@type":"SearchAction","target":{"@type":"EntryPoint","urlTemplate":"https:\/\/tiketi.com\/?s={search_term_string}"},"query-input":{"@type":"PropertyValueSpecification","valueRequired":true,"valueName":"search_term_string"}}],"inLanguage":"fr-FR"},{"@type":"Organization","@id":"https:\/\/tiketi.com\/#organization","name":"Tiketi.com","alternateName":"Tiketi","url":"https:\/\/tiketi.com\/","logo":{"@type":"ImageObject","inLanguage":"fr-FR","@id":"https:\/\/tiketi.com\/#\/schema\/logo\/image\/","url":"https:\/\/tiketi.com\/wp-content\/uploads\/2019\/05\/tiketi-logo-696.png","contentUrl":"https:\/\/tiketi.com\/wp-content\/uploads\/2019\/05\/tiketi-logo-696.png","width":696,"height":696,"caption":"Tiketi.com"},"image":{"@id":"https:\/\/tiketi.com\/#\/schema\/logo\/image\/"},"sameAs":["https:\/\/www.facebook.com\/TiketiCom\/"]}]}},"_links":{"self":[{"href":"https:\/\/tiketi.com\/fr-fr\/wp-json\/wp\/v2\/pages\/11057","targetHints":{"allow":["GET"]}}],"collection":[{"href":"https:\/\/tiketi.com\/fr-fr\/wp-json\/wp\/v2\/pages"}],"about":[{"href":"https:\/\/tiketi.com\/fr-fr\/wp-json\/wp\/v2\/types\/page"}],"author":[{"embeddable":true,"href":"https:\/\/tiketi.com\/fr-fr\/wp-json\/wp\/v2\/users\/1"}],"replies":[{"embeddable":true,"href":"https:\/\/tiketi.com\/fr-fr\/wp-json\/wp\/v2\/comments?post=11057"}],"version-history":[{"count":0,"href":"https:\/\/tiketi.com\/fr-fr\/wp-json\/wp\/v2\/pages\/11057\/revisions"}],"wp:featuredmedia":[{"embeddable":true,"href":"https:\/\/tiketi.com\/fr-fr\/wp-json\/wp\/v2\/media\/19411"}],"wp:attachment":[{"href":"https:\/\/tiketi.com\/fr-fr\/wp-json\/wp\/v2\/media?parent=11057"}],"curies":[{"name":"wp","href":"https:\/\/api.w.org\/{rel}","templated":true}]}}