{"id":11058,"date":"2022-01-19T12:54:10","date_gmt":"2022-01-19T11:54:10","guid":{"rendered":"https:\/\/new.tiketi.com\/online-shopping-in-dar-es-salaam-best-online-stores\/"},"modified":"2022-09-22T14:36:33","modified_gmt":"2022-09-22T13:36:33","slug":"online-shopping-dar-es-salaam","status":"publish","type":"page","link":"https:\/\/tiketi.com\/fr-fr\/online-shopping-dar-es-salaam\/","title":{"rendered":"Achats en ligne \u00e0 Dar es Salaam - Meilleurs magasins en ligne"},"content":{"rendered":"<h2>Application d&#039;achat en ligne pas cher \u00e0 Dar es Salaam<\/h2>\n<h3>T\u00e9l\u00e9chargez la meilleure application de shopping \u00e0 Dar es Salaam et faites des achats en ligne bon march\u00e9 \u00e0 Dar es Salaam de mani\u00e8re simple et facile et \u00e9conomisez du temps et de l&#039;argent.<\/h3>\n<p>Les meilleurs achats en ligne \u00e0 Dar es Salaam en toute simplicit\u00e9. Les sites d&#039;achat en ligne dans le monde de Dar es Salaam ont r\u00e9volutionn\u00e9 la fa\u00e7on dont nous achetons. En raison des nombreux avantages et avantages de l&#039;application d&#039;achat \u00e0 Dar es Salaam, de plus en plus de nos jours ach\u00e8tent des choses via Internet par rapport \u00e0 la technique conventionnelle d&#039;aller dans les magasins. Vous trouverez ci-dessous les meilleures raisons pour l&#039;application de magasinage en ligne de Dar es Salaam.<\/p>\n<h2>Meilleur shopping en ligne \u00e0 Dar es Salaam Avantages<\/h2>\n<p>Quelles sont les raisons pour lesquelles beaucoup de gens aiment les achats en ligne et pourquoi il est si c\u00e9l\u00e8bre\u00a0?<\/p>\n<h3>Meilleure application de shopping \u00e0 Dar es Salaam - excellents prix<\/h3>\n<p>Des offres bon march\u00e9 et d&#039;excellents prix sont accessibles via Internet, car les produits vous parviennent directement du producteur ou du vendeur sans qu&#039;aucun interm\u00e9diaire ne soit impliqu\u00e9. De nombreux meilleurs sites d&#039;achat en ligne bon march\u00e9 \u00e0 Dar es Salaam proposent \u00e9galement des codes de r\u00e9duction et des rabais. En dehors de cela, les boutiques en ligne sont simplement tenues de percevoir une taxe de vente si elles ont un emplacement physique.<\/p>\n<h3>Plus de vari\u00e9t\u00e9<\/h3>\n<p>L&#039;application d&#039;achat d&#039;options \u00e0 Dar es Salaam est remarquable. On peut obtenir de nombreux produits et marques de diff\u00e9rents vendeurs en un seul endroit. Vous pouvez profiter des derni\u00e8res tendances en ligne sans d\u00e9penser d&#039;argent en billets d&#039;avion. Vous pouvez faire vos achats aupr\u00e8s de d\u00e9taillants d&#039;autres r\u00e9gions du pays, voire du monde entier, sans \u00eatre limit\u00e9 par la g\u00e9ographie. Un choix de tailles et de couleurs bien plus grand que celui que vous trouverez localement est \u00e0 votre disposition. En dehors de cela, l&#039;inventaire est beaucoup plus grand. Certains des meilleurs sites d&#039;achat en ligne \u00e0 Dar es Salaam acceptent m\u00eame les commandes d&#039;articles en rupture de stock et les livrent lorsque le stock devient disponible. Vous avez \u00e9galement le choix de porter votre entreprise dans une autre boutique en ligne Dar es Salaam o\u00f9 le produit est accessible.<\/p>\n<h3>Pas de foule<\/h3>\n<p>Si vous \u00eates comme moi, vous d\u00e9testez les foules immenses lorsque vous faites vos courses. Principalement lors d&#039;\u00e9v\u00e9nements sp\u00e9ciaux ou de festivals, ils peuvent \u00eatre un gros casse-t\u00eate. Et, cela a tendance \u00e0 \u00eatre plus d\u00e9sordonn\u00e9 quand il y a plus de monde et cela nous fait parfois nous sentir press\u00e9s ou press\u00e9s. Les personnes ennuyeuses, grincheuses et m\u00e9chantes sont \u00e9galement ennuyeuses lorsque vous faites du shopping. De plus, le stationnement devient un gros probl\u00e8me. Tous ces probl\u00e8mes peuvent \u00eatre rejet\u00e9s lorsque vous faites les meilleurs achats en ligne \u00e0 Dar es Salaam.<\/p>\n<h3>La commodit\u00e9 de l&#039;application d&#039;achat en ligne de Dar es Salaam<\/h3>\n<p>En utilisant l&#039;application d&#039;achat en ligne de Dar es Salaam - il n&#039;y a pas de files d&#039;attente ni d&#039;assistant de magasin pour vous aider dans vos achats, et vous pouvez effectuer vos achats en quelques minutes. Les meilleurs sites d&#039;achat en ligne \u00e0 Dar es Salaam vous offrent la possibilit\u00e9 de faire des achats 24 heures sur 24, 7 jours sur 7, et nous r\u00e9compensent \u00e9galement avec une exp\u00e9rience d&#039;achat sans pollution. Il n&#039;y a pas d&#039;excellent endroit pour acheter des produits d&#039;information comme les livres \u00e9lectroniques, qui vous sont accessibles rapidement, d\u00e8s que le paiement est effectu\u00e9.<\/p>","protected":false},"excerpt":{"rendered":"<p>Cheap Dar es Salaam Online Shopping App Download the best shopping app in Dar es Salaam and do cheap online shopping in Dar es Salaam simple and easy and save time and money. Best online shopping in Dar es Salaam made easy. The online shopping sites in Dar es Salaam world has revolutionized the way [&hellip;]<\/p>\n","protected":false},"author":1,"featured_media":19411,"parent":0,"menu_order":0,"comment_status":"open","ping_status":"closed","template":"template-home-modern.php","meta":{"footnotes":""},"class_list":["post-11058","page","type-page","status-publish","has-post-thumbnail","hentry"],"yoast_head":"<!-- This site is optimized with the Yoast SEO plugin v27.3 - https:\/\/yoast.com\/product\/yoast-seo-wordpress\/ -->\n<title>Online shopping in Dar es Salaam- Best Online Stores<\/title>\n<meta name=\"description\" content=\"Looking for cheap online shopping in Dar es Salaam app store? Download the best online shopping app in Dar es Salaam\" \/>\n<meta name=\"robots\" content=\"index, follow, max-snippet:-1, max-image-preview:large, max-video-preview:-1\" \/>\n<link rel=\"canonical\" href=\"https:\/\/tiketi.com\/fr-fr\/online-shopping-dar-es-salaam\/\" \/>\n<meta property=\"og:locale\" content=\"fr_FR\" \/>\n<meta property=\"og:type\" content=\"article\" \/>\n<meta property=\"og:title\" content=\"Online shopping in Dar es Salaam- Best Online Stores\" \/>\n<meta property=\"og:description\" content=\"Looking for cheap online shopping in Dar es Salaam app store? Download the best online shopping app in Dar es Salaam\" \/>\n<meta property=\"og:url\" content=\"https:\/\/tiketi.com\/fr-fr\/online-shopping-dar-es-salaam\/\" \/>\n<meta property=\"og:site_name\" content=\"Tiketi.com\" \/>\n<meta property=\"article:publisher\" content=\"https:\/\/www.facebook.com\/TiketiCom\/\" \/>\n<meta property=\"article:modified_time\" content=\"2022-09-22T13:36:33+00:00\" \/>\n<meta property=\"og:image\" content=\"https:\/\/tiketi.com\/wp-content\/uploads\/2022\/02\/online-shopping-4538982_128.jpg\" \/>\n\t<meta property=\"og:image:width\" content=\"1200\" \/>\n\t<meta property=\"og:image:height\" content=\"200\" \/>\n\t<meta property=\"og:image:type\" content=\"image\/jpeg\" \/>\n<meta name=\"twitter:card\" content=\"summary_large_image\" \/>\n<meta name=\"twitter:label1\" content=\"Dur\u00e9e de lecture estim\u00e9e\" \/>\n\t<meta name=\"twitter:data1\" content=\"3 minutes\" \/>\n<script type=\"application\/ld+json\" class=\"yoast-schema-graph\">{\"@context\":\"https:\\\/\\\/schema.org\",\"@graph\":[{\"@type\":\"WebPage\",\"@id\":\"https:\\\/\\\/tiketi.com\\\/online-shopping-dar-es-salaam\\\/\",\"url\":\"https:\\\/\\\/tiketi.com\\\/online-shopping-dar-es-salaam\\\/\",\"name\":\"Online shopping in Dar es Salaam- Best Online Stores\",\"isPartOf\":{\"@id\":\"https:\\\/\\\/tiketi.com\\\/#website\"},\"primaryImageOfPage\":{\"@id\":\"https:\\\/\\\/tiketi.com\\\/online-shopping-dar-es-salaam\\\/#primaryimage\"},\"image\":{\"@id\":\"https:\\\/\\\/tiketi.com\\\/online-shopping-dar-es-salaam\\\/#primaryimage\"},\"thumbnailUrl\":\"https:\\\/\\\/tiketi.com\\\/wp-content\\\/uploads\\\/2022\\\/02\\\/online-shopping-4538982_128.jpg\",\"datePublished\":\"2022-01-19T11:54:10+00:00\",\"dateModified\":\"2022-09-22T13:36:33+00:00\",\"description\":\"Looking for cheap online shopping in Dar es Salaam app store? Download the best online shopping app in Dar es Salaam\",\"breadcrumb\":{\"@id\":\"https:\\\/\\\/tiketi.com\\\/online-shopping-dar-es-salaam\\\/#breadcrumb\"},\"inLanguage\":\"fr-FR\",\"potentialAction\":[{\"@type\":\"ReadAction\",\"target\":[\"https:\\\/\\\/tiketi.com\\\/online-shopping-dar-es-salaam\\\/\"]}]},{\"@type\":\"ImageObject\",\"inLanguage\":\"fr-FR\",\"@id\":\"https:\\\/\\\/tiketi.com\\\/online-shopping-dar-es-salaam\\\/#primaryimage\",\"url\":\"https:\\\/\\\/tiketi.com\\\/wp-content\\\/uploads\\\/2022\\\/02\\\/online-shopping-4538982_128.jpg\",\"contentUrl\":\"https:\\\/\\\/tiketi.com\\\/wp-content\\\/uploads\\\/2022\\\/02\\\/online-shopping-4538982_128.jpg\",\"width\":1200,\"height\":200,\"caption\":\"Online Shopping Gift Delivery\"},{\"@type\":\"BreadcrumbList\",\"@id\":\"https:\\\/\\\/tiketi.com\\\/online-shopping-dar-es-salaam\\\/#breadcrumb\",\"itemListElement\":[{\"@type\":\"ListItem\",\"position\":1,\"name\":\"Home\",\"item\":\"https:\\\/\\\/tiketi.com\\\/\"},{\"@type\":\"ListItem\",\"position\":2,\"name\":\"Online shopping in Dar es Salaam &#8211; Best Online Stores\"}]},{\"@type\":\"WebSite\",\"@id\":\"https:\\\/\\\/tiketi.com\\\/#website\",\"url\":\"https:\\\/\\\/tiketi.com\\\/\",\"name\":\"Flight & Bus Tickets, Tour Packages & Activitites - Tiketi.com\",\"description\":\"Flight &amp; Bus Tickets, Tours, Activitites\",\"publisher\":{\"@id\":\"https:\\\/\\\/tiketi.com\\\/#organization\"},\"potentialAction\":[{\"@type\":\"SearchAction\",\"target\":{\"@type\":\"EntryPoint\",\"urlTemplate\":\"https:\\\/\\\/tiketi.com\\\/?s={search_term_string}\"},\"query-input\":{\"@type\":\"PropertyValueSpecification\",\"valueRequired\":true,\"valueName\":\"search_term_string\"}}],\"inLanguage\":\"fr-FR\"},{\"@type\":\"Organization\",\"@id\":\"https:\\\/\\\/tiketi.com\\\/#organization\",\"name\":\"Tiketi.com\",\"alternateName\":\"Tiketi\",\"url\":\"https:\\\/\\\/tiketi.com\\\/\",\"logo\":{\"@type\":\"ImageObject\",\"inLanguage\":\"fr-FR\",\"@id\":\"https:\\\/\\\/tiketi.com\\\/#\\\/schema\\\/logo\\\/image\\\/\",\"url\":\"https:\\\/\\\/tiketi.com\\\/wp-content\\\/uploads\\\/2019\\\/05\\\/tiketi-logo-696.png\",\"contentUrl\":\"https:\\\/\\\/tiketi.com\\\/wp-content\\\/uploads\\\/2019\\\/05\\\/tiketi-logo-696.png\",\"width\":696,\"height\":696,\"caption\":\"Tiketi.com\"},\"image\":{\"@id\":\"https:\\\/\\\/tiketi.com\\\/#\\\/schema\\\/logo\\\/image\\\/\"},\"sameAs\":[\"https:\\\/\\\/www.facebook.com\\\/TiketiCom\\\/\"]}]}<\/script>\n<!-- \/ Yoast SEO plugin. -->","yoast_head_json":{"title":"Achats en ligne \u00e0 Dar es Salaam - Meilleurs magasins en ligne","description":"Vous cherchez des achats en ligne bon march\u00e9 dans l&#039;App Store de Dar es Salaam ? T\u00e9l\u00e9chargez la meilleure application de shopping en ligne \u00e0 Dar es Salaam","robots":{"index":"index","follow":"follow","max-snippet":"max-snippet:-1","max-image-preview":"max-image-preview:large","max-video-preview":"max-video-preview:-1"},"canonical":"https:\/\/tiketi.com\/fr-fr\/online-shopping-dar-es-salaam\/","og_locale":"fr_FR","og_type":"article","og_title":"Online shopping in Dar es Salaam- Best Online Stores","og_description":"Looking for cheap online shopping in Dar es Salaam app store? Download the best online shopping app in Dar es Salaam","og_url":"https:\/\/tiketi.com\/fr-fr\/online-shopping-dar-es-salaam\/","og_site_name":"Tiketi.com","article_publisher":"https:\/\/www.facebook.com\/TiketiCom\/","article_modified_time":"2022-09-22T13:36:33+00:00","og_image":[{"width":1200,"height":200,"url":"https:\/\/tiketi.com\/wp-content\/uploads\/2022\/02\/online-shopping-4538982_128.jpg","type":"image\/jpeg"}],"twitter_card":"summary_large_image","twitter_misc":{"Dur\u00e9e de lecture estim\u00e9e":"3 minutes"},"schema":{"@context":"https:\/\/schema.org","@graph":[{"@type":"WebPage","@id":"https:\/\/tiketi.com\/online-shopping-dar-es-salaam\/","url":"https:\/\/tiketi.com\/online-shopping-dar-es-salaam\/","name":"Achats en ligne \u00e0 Dar es Salaam - Meilleurs magasins en ligne","isPartOf":{"@id":"https:\/\/tiketi.com\/#website"},"primaryImageOfPage":{"@id":"https:\/\/tiketi.com\/online-shopping-dar-es-salaam\/#primaryimage"},"image":{"@id":"https:\/\/tiketi.com\/online-shopping-dar-es-salaam\/#primaryimage"},"thumbnailUrl":"https:\/\/tiketi.com\/wp-content\/uploads\/2022\/02\/online-shopping-4538982_128.jpg","datePublished":"2022-01-19T11:54:10+00:00","dateModified":"2022-09-22T13:36:33+00:00","description":"Vous cherchez des achats en ligne bon march\u00e9 dans l&#039;App Store de Dar es Salaam ? T\u00e9l\u00e9chargez la meilleure application de shopping en ligne \u00e0 Dar es Salaam","breadcrumb":{"@id":"https:\/\/tiketi.com\/online-shopping-dar-es-salaam\/#breadcrumb"},"inLanguage":"fr-FR","potentialAction":[{"@type":"ReadAction","target":["https:\/\/tiketi.com\/online-shopping-dar-es-salaam\/"]}]},{"@type":"ImageObject","inLanguage":"fr-FR","@id":"https:\/\/tiketi.com\/online-shopping-dar-es-salaam\/#primaryimage","url":"https:\/\/tiketi.com\/wp-content\/uploads\/2022\/02\/online-shopping-4538982_128.jpg","contentUrl":"https:\/\/tiketi.com\/wp-content\/uploads\/2022\/02\/online-shopping-4538982_128.jpg","width":1200,"height":200,"caption":"Online Shopping Gift Delivery"},{"@type":"BreadcrumbList","@id":"https:\/\/tiketi.com\/online-shopping-dar-es-salaam\/#breadcrumb","itemListElement":[{"@type":"ListItem","position":1,"name":"Home","item":"https:\/\/tiketi.com\/"},{"@type":"ListItem","position":2,"name":"Online shopping in Dar es Salaam &#8211; Best Online Stores"}]},{"@type":"WebSite","@id":"https:\/\/tiketi.com\/#website","url":"https:\/\/tiketi.com\/","name":"Billets d&#039;avion et de bus, forfaits touristiques et activit\u00e9s - Tiketi.com","description":"Billets d&#039;avion et de bus, Tours, Activit\u00e9s","publisher":{"@id":"https:\/\/tiketi.com\/#organization"},"potentialAction":[{"@type":"SearchAction","target":{"@type":"EntryPoint","urlTemplate":"https:\/\/tiketi.com\/?s={search_term_string}"},"query-input":{"@type":"PropertyValueSpecification","valueRequired":true,"valueName":"search_term_string"}}],"inLanguage":"fr-FR"},{"@type":"Organization","@id":"https:\/\/tiketi.com\/#organization","name":"Tiketi.com","alternateName":"Tiketi","url":"https:\/\/tiketi.com\/","logo":{"@type":"ImageObject","inLanguage":"fr-FR","@id":"https:\/\/tiketi.com\/#\/schema\/logo\/image\/","url":"https:\/\/tiketi.com\/wp-content\/uploads\/2019\/05\/tiketi-logo-696.png","contentUrl":"https:\/\/tiketi.com\/wp-content\/uploads\/2019\/05\/tiketi-logo-696.png","width":696,"height":696,"caption":"Tiketi.com"},"image":{"@id":"https:\/\/tiketi.com\/#\/schema\/logo\/image\/"},"sameAs":["https:\/\/www.facebook.com\/TiketiCom\/"]}]}},"_links":{"self":[{"href":"https:\/\/tiketi.com\/fr-fr\/wp-json\/wp\/v2\/pages\/11058","targetHints":{"allow":["GET"]}}],"collection":[{"href":"https:\/\/tiketi.com\/fr-fr\/wp-json\/wp\/v2\/pages"}],"about":[{"href":"https:\/\/tiketi.com\/fr-fr\/wp-json\/wp\/v2\/types\/page"}],"author":[{"embeddable":true,"href":"https:\/\/tiketi.com\/fr-fr\/wp-json\/wp\/v2\/users\/1"}],"replies":[{"embeddable":true,"href":"https:\/\/tiketi.com\/fr-fr\/wp-json\/wp\/v2\/comments?post=11058"}],"version-history":[{"count":0,"href":"https:\/\/tiketi.com\/fr-fr\/wp-json\/wp\/v2\/pages\/11058\/revisions"}],"wp:featuredmedia":[{"embeddable":true,"href":"https:\/\/tiketi.com\/fr-fr\/wp-json\/wp\/v2\/media\/19411"}],"wp:attachment":[{"href":"https:\/\/tiketi.com\/fr-fr\/wp-json\/wp\/v2\/media?parent=11058"}],"curies":[{"name":"wp","href":"https:\/\/api.w.org\/{rel}","templated":true}]}}