{"id":11059,"date":"2022-01-19T12:54:10","date_gmt":"2022-01-19T11:54:10","guid":{"rendered":"https:\/\/new.tiketi.com\/online-shopping-in-gaborone-best-online-stores\/"},"modified":"2022-02-18T14:12:04","modified_gmt":"2022-02-18T13:12:04","slug":"online-shopping-gaborone","status":"publish","type":"page","link":"https:\/\/tiketi.com\/fr-fr\/online-shopping-gaborone\/","title":{"rendered":"Achats en ligne \u00e0 Gaborone \u2013 Meilleurs magasins en ligne"},"content":{"rendered":"<h2>Achats en ligne Gaborone pas chers<\/h2>\n<h3>T\u00e9l\u00e9chargez l&#039;application d&#039;achat \u00e0 Gaborone et faites des achats en ligne bon march\u00e9 \u00e0 Gaborone de mani\u00e8re simple et facile et \u00e9conomisez du temps et de l&#039;argent.<\/h3>\n<p>Les achats en ligne \u00e0 Gaborone en toute simplicit\u00e9. Les consommateurs modernes sont encourag\u00e9s \u00e0 acheter en ligne \u00e0 Gaborone par les nombreux avantages qu&#039;il offre. Les professionnels affirment que le revenu global des achats en ligne s&#039;am\u00e9liorera consid\u00e9rablement dans les ann\u00e9es \u00e0 venir. Cela est d\u00fb \u00e0 des prix r\u00e9duits et \u00e0 des choix plus importants. Vous trouverez ci-dessous les principaux avantages que vous obtiendrez en utilisant l&#039;application d&#039;achat \u00e0 Gaborone\u00a0:<\/p>\n<h2>Achats en ligne \u00e0 Gaborone Avantages<\/h2>\n<h3>Application d&#039;achat \u00e0 Gaborone - gain de temps<\/h3>\n<p>Aller de magasin en magasin et faire correspondre les prix et les produits est un travail difficile. Vous pouvez visiter de nombreux magasins, sans aimer votre maison. Vous pouvez effectuer le paiement par transactions \u00e9lectroniques et les articles achet\u00e9s sont livr\u00e9s directement \u00e0 votre porte.<\/p>\n<h3>Capacit\u00e9s de recherche<\/h3>\n<p>Le monde en ligne permet de trouver et d&#039;acheter pratiquement tout ce dont vous pourriez avoir besoin. \u00c9crivez simplement dans votre moteur de recherche pr\u00e9f\u00e9r\u00e9 le nom du produit et vous aurez le choix parmi de nombreux choix. Tous les d\u00e9tails dont vous avez besoin sur le produit, vous les trouverez sur les sites de vente en ligne \u00e0 Gaborone. En visitant les magasins en ligne, vous trouverez des informations plus d\u00e9taill\u00e9es sur l&#039;article qui vous int\u00e9resse.<\/p>\n<h3>Plus de choix d&#039;\u00e9pargne<\/h3>\n<p>Les personnes qui ach\u00e8tent des biens via Internet ont la possibilit\u00e9 de payer moins cher avec des coupons en ligne. L&#039;application d&#039;achat en ligne \u00e0 Gaborone offre de nombreuses opportunit\u00e9s qui permettent de garder de l&#039;argent. Les acheteurs avis\u00e9s savent o\u00f9 chercher des remises sp\u00e9ciales et paient moins cher. Si vous souhaitez \u00e9conomiser avec acheter des achats en ligne \u00e0 Gaborone, faites simplement une petite recherche en ligne et recherchez des coupons et des offres sp\u00e9ciales.<\/p>\n<h3>Prix abordables<\/h3>\n<p>Le principal avantage des achats en ligne \u00e0 Gaborone est qu&#039;il permet de r\u00e9duire vos d\u00e9penses mensuelles. La plupart des applications d&#039;achat \u00e0 Gaborone proposent des prix plus bas, contrairement aux magasins hors ligne, ainsi que de nombreuses bonnes affaires qui permettent de conserver encore plus d&#039;argent. Le moyen le plus simple de payer moins cher est de faire correspondre les prix. Les achats en ligne Gaborone rendent la comparaison des prix plus rapide et plus simple. Le monde en ligne regorge de sites proposant des comparaisons de prix automatis\u00e9es.<\/p>\n<h3>Boutique en ligne \u00e0 Gaborone<\/h3>\n<p>Les magasins en ligne sont toujours ouverts 24 heures sur 24, 7 jours sur 7, ce qui vous permet de faire des achats lorsque vous avez du temps libre et que vous souhaitez. Cela, vous pouvez faire des achats \u00e0 toute heure de la nuit et du jour. Ceci est assez favorable aux personnes occup\u00e9es, qui n&#039;ont pas le temps de visiter les magasins pendant les heures de travail normales, ainsi qu&#039;aux personnes \u00e2g\u00e9es, qui ne sont pas toujours capables d&#039;aller dans les magasins de briques et de moteurs. En d&#039;autres termes, vous pouvez faire des achats en ligne Gaborone en allumant votre ordinateur ou votre application d&#039;achat Gaborone.<\/p>\n<h2>Conclusion des achats en ligne \u00e0 Gaborone<\/h2>\n<p>En bref, le march\u00e9 des achats en ligne de Gaborone pr\u00e9sente de nombreux avantages. La vente au d\u00e9tail en ligne offre des avantages importants et d\u00e9cisifs par rapport \u00e0 la brique et au mortier traditionnels, il ne devrait donc pas \u00eatre surprenant que les grandes entreprises voient de fortes augmentations des ventes en ligne.<\/p>","protected":false},"excerpt":{"rendered":"<p>Cheap Gaborone Online Shopping Download shopping app in Gaborone and do cheap online shopping in Gaborone simple and easy and save time and money. Online shopping in Gaborone made easy. Modern consumer are encouraged to Gaborone online shopping by many benefits it provides. Professionals say the overall revenue of online shopping will significantly improve in [&hellip;]<\/p>\n","protected":false},"author":1,"featured_media":19411,"parent":0,"menu_order":0,"comment_status":"open","ping_status":"closed","template":"template-home-modern.php","meta":{"footnotes":""},"class_list":["post-11059","page","type-page","status-publish","has-post-thumbnail","hentry"],"yoast_head":"<!-- This site is optimized with the Yoast SEO plugin v27.2 - https:\/\/yoast.com\/product\/yoast-seo-wordpress\/ -->\n<title>Online shopping in Gaborone - Best Online Stores<\/title>\n<meta name=\"description\" content=\"Looking for cheap online shopping in Gaborone store? Download a online shopping app in Dar es Salaam and do Gaborone online shopping simple and easy\" \/>\n<meta name=\"robots\" content=\"index, follow, max-snippet:-1, max-image-preview:large, max-video-preview:-1\" \/>\n<link rel=\"canonical\" href=\"https:\/\/tiketi.com\/fr-fr\/online-shopping-gaborone\/\" \/>\n<meta property=\"og:locale\" content=\"fr_FR\" \/>\n<meta property=\"og:type\" content=\"article\" \/>\n<meta property=\"og:title\" content=\"Online shopping in Gaborone - Best Online Stores\" \/>\n<meta property=\"og:description\" content=\"Looking for cheap online shopping in Gaborone store? Download a online shopping app in Dar es Salaam and do Gaborone online shopping simple and easy\" \/>\n<meta property=\"og:url\" content=\"https:\/\/tiketi.com\/fr-fr\/online-shopping-gaborone\/\" \/>\n<meta property=\"og:site_name\" content=\"Tiketi.com\" \/>\n<meta property=\"article:publisher\" content=\"https:\/\/www.facebook.com\/TiketiCom\/\" \/>\n<meta property=\"article:modified_time\" content=\"2022-02-18T13:12:04+00:00\" \/>\n<meta property=\"og:image\" content=\"https:\/\/tiketi.com\/wp-content\/uploads\/2022\/02\/online-shopping-4538982_128.jpg\" \/>\n\t<meta property=\"og:image:width\" content=\"1200\" \/>\n\t<meta property=\"og:image:height\" content=\"200\" \/>\n\t<meta property=\"og:image:type\" content=\"image\/jpeg\" \/>\n<meta name=\"twitter:card\" content=\"summary_large_image\" \/>\n<meta name=\"twitter:label1\" content=\"Dur\u00e9e de lecture estim\u00e9e\" \/>\n\t<meta name=\"twitter:data1\" content=\"3 minutes\" \/>\n<script type=\"application\/ld+json\" class=\"yoast-schema-graph\">{\"@context\":\"https:\/\/schema.org\",\"@graph\":[{\"@type\":\"WebPage\",\"@id\":\"https:\/\/tiketi.com\/online-shopping-gaborone\/\",\"url\":\"https:\/\/tiketi.com\/online-shopping-gaborone\/\",\"name\":\"Online shopping in Gaborone - Best Online Stores\",\"isPartOf\":{\"@id\":\"https:\/\/tiketi.com\/#website\"},\"primaryImageOfPage\":{\"@id\":\"https:\/\/tiketi.com\/online-shopping-gaborone\/#primaryimage\"},\"image\":{\"@id\":\"https:\/\/tiketi.com\/online-shopping-gaborone\/#primaryimage\"},\"thumbnailUrl\":\"https:\/\/tiketi.com\/wp-content\/uploads\/2022\/02\/online-shopping-4538982_128.jpg\",\"datePublished\":\"2022-01-19T11:54:10+00:00\",\"dateModified\":\"2022-02-18T13:12:04+00:00\",\"description\":\"Looking for cheap online shopping in Gaborone store? Download a online shopping app in Dar es Salaam and do Gaborone online shopping simple and easy\",\"breadcrumb\":{\"@id\":\"https:\/\/tiketi.com\/online-shopping-gaborone\/#breadcrumb\"},\"inLanguage\":\"fr-FR\",\"potentialAction\":[{\"@type\":\"ReadAction\",\"target\":[\"https:\/\/tiketi.com\/online-shopping-gaborone\/\"]}]},{\"@type\":\"ImageObject\",\"inLanguage\":\"fr-FR\",\"@id\":\"https:\/\/tiketi.com\/online-shopping-gaborone\/#primaryimage\",\"url\":\"https:\/\/tiketi.com\/wp-content\/uploads\/2022\/02\/online-shopping-4538982_128.jpg\",\"contentUrl\":\"https:\/\/tiketi.com\/wp-content\/uploads\/2022\/02\/online-shopping-4538982_128.jpg\",\"width\":1200,\"height\":200,\"caption\":\"Online Shopping Gift Delivery\"},{\"@type\":\"BreadcrumbList\",\"@id\":\"https:\/\/tiketi.com\/online-shopping-gaborone\/#breadcrumb\",\"itemListElement\":[{\"@type\":\"ListItem\",\"position\":1,\"name\":\"Home\",\"item\":\"https:\/\/tiketi.com\/\"},{\"@type\":\"ListItem\",\"position\":2,\"name\":\"Online shopping in Gaborone &#8211; Best Online Stores\"}]},{\"@type\":\"WebSite\",\"@id\":\"https:\/\/tiketi.com\/#website\",\"url\":\"https:\/\/tiketi.com\/\",\"name\":\"Flight & Bus Tickets, Tour Packages & Activitites - Tiketi.com\",\"description\":\"Flight &amp; Bus Tickets, Tours, Activitites\",\"publisher\":{\"@id\":\"https:\/\/tiketi.com\/#organization\"},\"potentialAction\":[{\"@type\":\"SearchAction\",\"target\":{\"@type\":\"EntryPoint\",\"urlTemplate\":\"https:\/\/tiketi.com\/?s={search_term_string}\"},\"query-input\":{\"@type\":\"PropertyValueSpecification\",\"valueRequired\":true,\"valueName\":\"search_term_string\"}}],\"inLanguage\":\"fr-FR\"},{\"@type\":\"Organization\",\"@id\":\"https:\/\/tiketi.com\/#organization\",\"name\":\"Tiketi.com\",\"alternateName\":\"Tiketi\",\"url\":\"https:\/\/tiketi.com\/\",\"logo\":{\"@type\":\"ImageObject\",\"inLanguage\":\"fr-FR\",\"@id\":\"https:\/\/tiketi.com\/#\/schema\/logo\/image\/\",\"url\":\"https:\/\/tiketi.com\/wp-content\/uploads\/2019\/05\/tiketi-logo-696.png\",\"contentUrl\":\"https:\/\/tiketi.com\/wp-content\/uploads\/2019\/05\/tiketi-logo-696.png\",\"width\":696,\"height\":696,\"caption\":\"Tiketi.com\"},\"image\":{\"@id\":\"https:\/\/tiketi.com\/#\/schema\/logo\/image\/\"},\"sameAs\":[\"https:\/\/www.facebook.com\/TiketiCom\/\"]}]}<\/script>\n<!-- \/ Yoast SEO plugin. -->","yoast_head_json":{"title":"Achats en ligne \u00e0 Gaborone - Meilleurs magasins en ligne","description":"Vous recherchez des achats en ligne bon march\u00e9 dans le magasin Gaborone? T\u00e9l\u00e9chargez une application d&#039;achat en ligne \u00e0 Dar es Salaam et faites des achats en ligne \u00e0 Gaborone simplement et facilement","robots":{"index":"index","follow":"follow","max-snippet":"max-snippet:-1","max-image-preview":"max-image-preview:large","max-video-preview":"max-video-preview:-1"},"canonical":"https:\/\/tiketi.com\/fr-fr\/online-shopping-gaborone\/","og_locale":"fr_FR","og_type":"article","og_title":"Online shopping in Gaborone - Best Online Stores","og_description":"Looking for cheap online shopping in Gaborone store? Download a online shopping app in Dar es Salaam and do Gaborone online shopping simple and easy","og_url":"https:\/\/tiketi.com\/fr-fr\/online-shopping-gaborone\/","og_site_name":"Tiketi.com","article_publisher":"https:\/\/www.facebook.com\/TiketiCom\/","article_modified_time":"2022-02-18T13:12:04+00:00","og_image":[{"width":1200,"height":200,"url":"https:\/\/tiketi.com\/wp-content\/uploads\/2022\/02\/online-shopping-4538982_128.jpg","type":"image\/jpeg"}],"twitter_card":"summary_large_image","twitter_misc":{"Dur\u00e9e de lecture estim\u00e9e":"3 minutes"},"schema":{"@context":"https:\/\/schema.org","@graph":[{"@type":"WebPage","@id":"https:\/\/tiketi.com\/online-shopping-gaborone\/","url":"https:\/\/tiketi.com\/online-shopping-gaborone\/","name":"Achats en ligne \u00e0 Gaborone - Meilleurs magasins en ligne","isPartOf":{"@id":"https:\/\/tiketi.com\/#website"},"primaryImageOfPage":{"@id":"https:\/\/tiketi.com\/online-shopping-gaborone\/#primaryimage"},"image":{"@id":"https:\/\/tiketi.com\/online-shopping-gaborone\/#primaryimage"},"thumbnailUrl":"https:\/\/tiketi.com\/wp-content\/uploads\/2022\/02\/online-shopping-4538982_128.jpg","datePublished":"2022-01-19T11:54:10+00:00","dateModified":"2022-02-18T13:12:04+00:00","description":"Vous recherchez des achats en ligne bon march\u00e9 dans le magasin Gaborone? T\u00e9l\u00e9chargez une application d&#039;achat en ligne \u00e0 Dar es Salaam et faites des achats en ligne \u00e0 Gaborone simplement et facilement","breadcrumb":{"@id":"https:\/\/tiketi.com\/online-shopping-gaborone\/#breadcrumb"},"inLanguage":"fr-FR","potentialAction":[{"@type":"ReadAction","target":["https:\/\/tiketi.com\/online-shopping-gaborone\/"]}]},{"@type":"ImageObject","inLanguage":"fr-FR","@id":"https:\/\/tiketi.com\/online-shopping-gaborone\/#primaryimage","url":"https:\/\/tiketi.com\/wp-content\/uploads\/2022\/02\/online-shopping-4538982_128.jpg","contentUrl":"https:\/\/tiketi.com\/wp-content\/uploads\/2022\/02\/online-shopping-4538982_128.jpg","width":1200,"height":200,"caption":"Online Shopping Gift Delivery"},{"@type":"BreadcrumbList","@id":"https:\/\/tiketi.com\/online-shopping-gaborone\/#breadcrumb","itemListElement":[{"@type":"ListItem","position":1,"name":"Home","item":"https:\/\/tiketi.com\/"},{"@type":"ListItem","position":2,"name":"Online shopping in Gaborone &#8211; Best Online Stores"}]},{"@type":"WebSite","@id":"https:\/\/tiketi.com\/#website","url":"https:\/\/tiketi.com\/","name":"Billets d&#039;avion et de bus, forfaits touristiques et activit\u00e9s - Tiketi.com","description":"Billets d&#039;avion et de bus, Tours, Activit\u00e9s","publisher":{"@id":"https:\/\/tiketi.com\/#organization"},"potentialAction":[{"@type":"SearchAction","target":{"@type":"EntryPoint","urlTemplate":"https:\/\/tiketi.com\/?s={search_term_string}"},"query-input":{"@type":"PropertyValueSpecification","valueRequired":true,"valueName":"search_term_string"}}],"inLanguage":"fr-FR"},{"@type":"Organization","@id":"https:\/\/tiketi.com\/#organization","name":"Tiketi.com","alternateName":"Tiketi","url":"https:\/\/tiketi.com\/","logo":{"@type":"ImageObject","inLanguage":"fr-FR","@id":"https:\/\/tiketi.com\/#\/schema\/logo\/image\/","url":"https:\/\/tiketi.com\/wp-content\/uploads\/2019\/05\/tiketi-logo-696.png","contentUrl":"https:\/\/tiketi.com\/wp-content\/uploads\/2019\/05\/tiketi-logo-696.png","width":696,"height":696,"caption":"Tiketi.com"},"image":{"@id":"https:\/\/tiketi.com\/#\/schema\/logo\/image\/"},"sameAs":["https:\/\/www.facebook.com\/TiketiCom\/"]}]}},"_links":{"self":[{"href":"https:\/\/tiketi.com\/fr-fr\/wp-json\/wp\/v2\/pages\/11059","targetHints":{"allow":["GET"]}}],"collection":[{"href":"https:\/\/tiketi.com\/fr-fr\/wp-json\/wp\/v2\/pages"}],"about":[{"href":"https:\/\/tiketi.com\/fr-fr\/wp-json\/wp\/v2\/types\/page"}],"author":[{"embeddable":true,"href":"https:\/\/tiketi.com\/fr-fr\/wp-json\/wp\/v2\/users\/1"}],"replies":[{"embeddable":true,"href":"https:\/\/tiketi.com\/fr-fr\/wp-json\/wp\/v2\/comments?post=11059"}],"version-history":[{"count":0,"href":"https:\/\/tiketi.com\/fr-fr\/wp-json\/wp\/v2\/pages\/11059\/revisions"}],"wp:featuredmedia":[{"embeddable":true,"href":"https:\/\/tiketi.com\/fr-fr\/wp-json\/wp\/v2\/media\/19411"}],"wp:attachment":[{"href":"https:\/\/tiketi.com\/fr-fr\/wp-json\/wp\/v2\/media?parent=11059"}],"curies":[{"name":"wp","href":"https:\/\/api.w.org\/{rel}","templated":true}]}}