{"id":11063,"date":"2022-01-19T12:54:10","date_gmt":"2022-01-19T11:54:10","guid":{"rendered":"https:\/\/new.tiketi.com\/grocery-delivery-kigali-i-supermarket-i-online-store\/"},"modified":"2022-02-14T10:24:56","modified_gmt":"2022-02-14T09:24:56","slug":"store-online-grocery-delivery-kigali","status":"publish","type":"page","link":"https:\/\/tiketi.com\/fr-fr\/store-online-grocery-delivery-kigali\/","title":{"rendered":"Livraison de courses dans Kigali I Supermarch\u00e9 I Boutique en ligne"},"content":{"rendered":"<h2>Faire ses courses en ligne \u00e0 Kigali<\/h2>\n<h3>Utilisez le meilleur service de livraison d&#039;\u00e9picerie Kigali pour commander vos courses pr\u00e9f\u00e9r\u00e9es simplement et facilement dans les \u00e9piceries en ligne de Kigali.<\/h3>\n<p>La livraison d&#039;\u00e9picerie en ligne \u00e0 Kigali en toute simplicit\u00e9. Une \u00e9picerie de Kigali est un endroit o\u00f9 vous pouvez acheter des produits de premi\u00e8re n\u00e9cessit\u00e9 comme des aliments emball\u00e9s ou frais, et des articles de toilette comme du papier toilette et\/ou des cr\u00e8mes \u00e0 un prix bas ou r\u00e9duit. C&#039;est un endroit o\u00f9 vous pouvez acheter de petites quantit\u00e9s ou de grandes quantit\u00e9s de produits \u00e0 un prix r\u00e9duit. De nos jours, vous pouvez faire vos courses en ligne \u00e0 Kigali depuis votre smartphone ou votre ordinateur chez vous ou n&#039;importe o\u00f9 et vous faire livrer les articles \u00e0 votre porte. De nombreux magasins ont mis au point leur version de sites mobiles, d&#039;applications et de logiciels pour l&#039;\u00e9picerie en ligne \u00e0 Kigali.<\/p>\n<h2>Voici quelques-uns des avantages de la livraison de courses en ligne \u00e0 Kigali<\/h2>\n<h3>Disponibilit\u00e9 \u00e0 tout moment via l&#039;application de livraison d&#039;\u00e9picerie en ligne Kigali<\/h3>\n<p>Que ce soit t\u00f4t le matin ou \u00e0 minuit, vous pouvez toujours faire vos courses via l&#039;application de livraison d&#039;\u00e9picerie Kigali service. L&#039;\u00e9picerie en ligne \u00e0 Kigali est accessible 24\/7\/365. Il est accessible les jours f\u00e9ri\u00e9s ou les jours f\u00e9ri\u00e9s uniques. Ainsi, vous pouvez parcourir et magasiner \u00e0 un moment de facilit\u00e9. Vous pouvez \u00e9galement d\u00e9finir un cr\u00e9neau horaire de livraison qui vous convient en fonction de vos disponibilit\u00e9s.<\/p>\n<h3>Plus de vari\u00e9t\u00e9<\/h3>\n<p>Comme toute entreprise de commerce \u00e9lectronique, les \u00e9piceries en ligne proposent \u00e9galement une plus grande gamme d&#039;articles accessibles correspondant \u00e0 ce que vous trouvez dans votre magasin local. La plupart des grands acteurs pr\u00e9tendent avoir des produits accessibles \u00e0 partir de plus de 1 000 marques. Vous constaterez \u00e9galement que la d\u00e9couverte de produits est plus facile et que vous pouvez afficher tous les d\u00e9tails des offres uniques en un seul endroit. De plus, ils stockent g\u00e9n\u00e9ralement des marques import\u00e9es difficiles \u00e0 trouver.<\/p>\n<h3>Suivi simple de vos courses en ligne \u00e0 Kigali commander<\/h3>\n<p>La livraison de courses en ligne \u00e0 Kigali peut \u00e9galement vous avantager en vous aidant \u00e0 suivre vos d\u00e9penses. Bien qu&#039;il soit simple de mettre des articles dans votre panier lorsque vous magasinez physiquement dans le magasin national, les \u00e9piceries en ligne de Kigali vous aideront en gardant une trace de combien vous d\u00e9pensez lorsque vous incluez des articles dans votre panier num\u00e9rique.<\/p>\n<p>En g\u00e9n\u00e9ral, nous ne comptons pas toujours le total dans notre panier physique jusqu&#039;\u00e0 ce que nous atteignions le caissier, si nous le faisons, nous avons tendance \u00e0 mal \u00e9valuer le total. C&#039;est l\u00e0 que l&#039;\u00e9picerie en ligne de Kigali vient \u00e0 la rescousse, car elle nous pr\u00e9sente continuellement combien nous d\u00e9pensons jusqu&#039;\u00e0 pr\u00e9sent.<\/p>\n<h2>Conseils de livraison d&#039;\u00e9picerie en ligne \u00e0 Kigali<\/h2>\n<p>Les \u00e9piceries et les supermarch\u00e9s sont toujours confondus, mais il existe une grande quantit\u00e9 de diff\u00e9rences entre les deux. Les supermarch\u00e9s sont plus grands qu&#039;une \u00e9picerie et ont plus de comptoirs de vari\u00e9t\u00e9s de produits. Mais les \u00e9piceries sont plus cibl\u00e9es sur des cat\u00e9gories sp\u00e9cifiques d&#039;aliments et de fournitures domestiques g\u00e9n\u00e9rales.<\/p>","protected":false},"excerpt":{"rendered":"<p>Online grocery shopping in Kigali Use the best grocery delivery app Kigali service to order your favorite groceries simple and easy in online grocery stores in Kigali. Online grocery delivery in Kigali made easy. A Kigali grocery store is a location where you can buy daily necessities like packed or fresh food items, and some [&hellip;]<\/p>\n","protected":false},"author":1,"featured_media":19429,"parent":0,"menu_order":0,"comment_status":"open","ping_status":"closed","template":"template-home-modern.php","meta":{"footnotes":""},"class_list":["post-11063","page","type-page","status-publish","has-post-thumbnail","hentry"],"yoast_head":"<!-- This site is optimized with the Yoast SEO plugin v27.3 - https:\/\/yoast.com\/product\/yoast-seo-wordpress\/ -->\n<title>Grocery Delivery in Kigali I Supermarket I Online Store<\/title>\n<meta name=\"description\" content=\"Looking for online grocery delivery in Kigali? Download our grocery delivery app Kigali service and do cheap online grocery shopping in Kigali stores\" \/>\n<meta name=\"robots\" content=\"index, follow, max-snippet:-1, max-image-preview:large, max-video-preview:-1\" \/>\n<link rel=\"canonical\" href=\"https:\/\/tiketi.com\/fr-fr\/store-online-grocery-delivery-kigali\/\" \/>\n<meta property=\"og:locale\" content=\"fr_FR\" \/>\n<meta property=\"og:type\" content=\"article\" \/>\n<meta property=\"og:title\" content=\"Grocery Delivery in Kigali I Supermarket I Online Store\" \/>\n<meta property=\"og:description\" content=\"Looking for online grocery delivery in Kigali? Download our grocery delivery app Kigali service and do cheap online grocery shopping in Kigali stores\" \/>\n<meta property=\"og:url\" content=\"https:\/\/tiketi.com\/fr-fr\/store-online-grocery-delivery-kigali\/\" \/>\n<meta property=\"og:site_name\" content=\"Tiketi.com\" \/>\n<meta property=\"article:publisher\" content=\"https:\/\/www.facebook.com\/TiketiCom\/\" \/>\n<meta property=\"article:modified_time\" content=\"2022-02-14T09:24:56+00:00\" \/>\n<meta property=\"og:image\" content=\"https:\/\/tiketi.com\/wp-content\/uploads\/2019\/05\/grocery-woman-6289052_1280.jpg\" \/>\n\t<meta property=\"og:image:width\" content=\"1200\" \/>\n\t<meta property=\"og:image:height\" content=\"200\" \/>\n\t<meta property=\"og:image:type\" content=\"image\/jpeg\" \/>\n<meta name=\"twitter:card\" content=\"summary_large_image\" \/>\n<meta name=\"twitter:label1\" content=\"Dur\u00e9e de lecture estim\u00e9e\" \/>\n\t<meta name=\"twitter:data1\" content=\"3 minutes\" \/>\n<script type=\"application\/ld+json\" class=\"yoast-schema-graph\">{\"@context\":\"https:\\\/\\\/schema.org\",\"@graph\":[{\"@type\":\"WebPage\",\"@id\":\"https:\\\/\\\/tiketi.com\\\/store-online-grocery-delivery-kigali\\\/\",\"url\":\"https:\\\/\\\/tiketi.com\\\/store-online-grocery-delivery-kigali\\\/\",\"name\":\"Grocery Delivery in Kigali I Supermarket I Online Store\",\"isPartOf\":{\"@id\":\"https:\\\/\\\/tiketi.com\\\/#website\"},\"primaryImageOfPage\":{\"@id\":\"https:\\\/\\\/tiketi.com\\\/store-online-grocery-delivery-kigali\\\/#primaryimage\"},\"image\":{\"@id\":\"https:\\\/\\\/tiketi.com\\\/store-online-grocery-delivery-kigali\\\/#primaryimage\"},\"thumbnailUrl\":\"https:\\\/\\\/tiketi.com\\\/wp-content\\\/uploads\\\/2019\\\/05\\\/grocery-woman-6289052_1280.jpg\",\"datePublished\":\"2022-01-19T11:54:10+00:00\",\"dateModified\":\"2022-02-14T09:24:56+00:00\",\"description\":\"Looking for online grocery delivery in Kigali? Download our grocery delivery app Kigali service and do cheap online grocery shopping in Kigali stores\",\"breadcrumb\":{\"@id\":\"https:\\\/\\\/tiketi.com\\\/store-online-grocery-delivery-kigali\\\/#breadcrumb\"},\"inLanguage\":\"fr-FR\",\"potentialAction\":[{\"@type\":\"ReadAction\",\"target\":[\"https:\\\/\\\/tiketi.com\\\/store-online-grocery-delivery-kigali\\\/\"]}]},{\"@type\":\"ImageObject\",\"inLanguage\":\"fr-FR\",\"@id\":\"https:\\\/\\\/tiketi.com\\\/store-online-grocery-delivery-kigali\\\/#primaryimage\",\"url\":\"https:\\\/\\\/tiketi.com\\\/wp-content\\\/uploads\\\/2019\\\/05\\\/grocery-woman-6289052_1280.jpg\",\"contentUrl\":\"https:\\\/\\\/tiketi.com\\\/wp-content\\\/uploads\\\/2019\\\/05\\\/grocery-woman-6289052_1280.jpg\",\"width\":1200,\"height\":200,\"caption\":\"Grocery Delivery\"},{\"@type\":\"BreadcrumbList\",\"@id\":\"https:\\\/\\\/tiketi.com\\\/store-online-grocery-delivery-kigali\\\/#breadcrumb\",\"itemListElement\":[{\"@type\":\"ListItem\",\"position\":1,\"name\":\"Home\",\"item\":\"https:\\\/\\\/tiketi.com\\\/\"},{\"@type\":\"ListItem\",\"position\":2,\"name\":\"Grocery Delivery in Kigali I Supermarket I Online Store\"}]},{\"@type\":\"WebSite\",\"@id\":\"https:\\\/\\\/tiketi.com\\\/#website\",\"url\":\"https:\\\/\\\/tiketi.com\\\/\",\"name\":\"Flight & Bus Tickets, Tour Packages & Activitites - Tiketi.com\",\"description\":\"Flight &amp; Bus Tickets, Tours, Activitites\",\"publisher\":{\"@id\":\"https:\\\/\\\/tiketi.com\\\/#organization\"},\"potentialAction\":[{\"@type\":\"SearchAction\",\"target\":{\"@type\":\"EntryPoint\",\"urlTemplate\":\"https:\\\/\\\/tiketi.com\\\/?s={search_term_string}\"},\"query-input\":{\"@type\":\"PropertyValueSpecification\",\"valueRequired\":true,\"valueName\":\"search_term_string\"}}],\"inLanguage\":\"fr-FR\"},{\"@type\":\"Organization\",\"@id\":\"https:\\\/\\\/tiketi.com\\\/#organization\",\"name\":\"Tiketi.com\",\"alternateName\":\"Tiketi\",\"url\":\"https:\\\/\\\/tiketi.com\\\/\",\"logo\":{\"@type\":\"ImageObject\",\"inLanguage\":\"fr-FR\",\"@id\":\"https:\\\/\\\/tiketi.com\\\/#\\\/schema\\\/logo\\\/image\\\/\",\"url\":\"https:\\\/\\\/tiketi.com\\\/wp-content\\\/uploads\\\/2019\\\/05\\\/tiketi-logo-696.png\",\"contentUrl\":\"https:\\\/\\\/tiketi.com\\\/wp-content\\\/uploads\\\/2019\\\/05\\\/tiketi-logo-696.png\",\"width\":696,\"height\":696,\"caption\":\"Tiketi.com\"},\"image\":{\"@id\":\"https:\\\/\\\/tiketi.com\\\/#\\\/schema\\\/logo\\\/image\\\/\"},\"sameAs\":[\"https:\\\/\\\/www.facebook.com\\\/TiketiCom\\\/\"]}]}<\/script>\n<!-- \/ Yoast SEO plugin. -->","yoast_head_json":{"title":"Livraison de courses dans Kigali I Supermarch\u00e9 I Boutique en ligne","description":"Vous recherchez une livraison de courses en ligne \u00e0 Kigali ? T\u00e9l\u00e9chargez notre service de livraison d&#039;\u00e9picerie \u00e0 Kigali et faites vos courses en ligne \u00e0 bas prix dans les magasins de Kigali","robots":{"index":"index","follow":"follow","max-snippet":"max-snippet:-1","max-image-preview":"max-image-preview:large","max-video-preview":"max-video-preview:-1"},"canonical":"https:\/\/tiketi.com\/fr-fr\/store-online-grocery-delivery-kigali\/","og_locale":"fr_FR","og_type":"article","og_title":"Grocery Delivery in Kigali I Supermarket I Online Store","og_description":"Looking for online grocery delivery in Kigali? Download our grocery delivery app Kigali service and do cheap online grocery shopping in Kigali stores","og_url":"https:\/\/tiketi.com\/fr-fr\/store-online-grocery-delivery-kigali\/","og_site_name":"Tiketi.com","article_publisher":"https:\/\/www.facebook.com\/TiketiCom\/","article_modified_time":"2022-02-14T09:24:56+00:00","og_image":[{"width":1200,"height":200,"url":"https:\/\/tiketi.com\/wp-content\/uploads\/2019\/05\/grocery-woman-6289052_1280.jpg","type":"image\/jpeg"}],"twitter_card":"summary_large_image","twitter_misc":{"Dur\u00e9e de lecture estim\u00e9e":"3 minutes"},"schema":{"@context":"https:\/\/schema.org","@graph":[{"@type":"WebPage","@id":"https:\/\/tiketi.com\/store-online-grocery-delivery-kigali\/","url":"https:\/\/tiketi.com\/store-online-grocery-delivery-kigali\/","name":"Livraison de courses dans Kigali I Supermarch\u00e9 I Boutique en ligne","isPartOf":{"@id":"https:\/\/tiketi.com\/#website"},"primaryImageOfPage":{"@id":"https:\/\/tiketi.com\/store-online-grocery-delivery-kigali\/#primaryimage"},"image":{"@id":"https:\/\/tiketi.com\/store-online-grocery-delivery-kigali\/#primaryimage"},"thumbnailUrl":"https:\/\/tiketi.com\/wp-content\/uploads\/2019\/05\/grocery-woman-6289052_1280.jpg","datePublished":"2022-01-19T11:54:10+00:00","dateModified":"2022-02-14T09:24:56+00:00","description":"Vous recherchez une livraison de courses en ligne \u00e0 Kigali ? T\u00e9l\u00e9chargez notre service de livraison d&#039;\u00e9picerie \u00e0 Kigali et faites vos courses en ligne \u00e0 bas prix dans les magasins de Kigali","breadcrumb":{"@id":"https:\/\/tiketi.com\/store-online-grocery-delivery-kigali\/#breadcrumb"},"inLanguage":"fr-FR","potentialAction":[{"@type":"ReadAction","target":["https:\/\/tiketi.com\/store-online-grocery-delivery-kigali\/"]}]},{"@type":"ImageObject","inLanguage":"fr-FR","@id":"https:\/\/tiketi.com\/store-online-grocery-delivery-kigali\/#primaryimage","url":"https:\/\/tiketi.com\/wp-content\/uploads\/2019\/05\/grocery-woman-6289052_1280.jpg","contentUrl":"https:\/\/tiketi.com\/wp-content\/uploads\/2019\/05\/grocery-woman-6289052_1280.jpg","width":1200,"height":200,"caption":"Grocery Delivery"},{"@type":"BreadcrumbList","@id":"https:\/\/tiketi.com\/store-online-grocery-delivery-kigali\/#breadcrumb","itemListElement":[{"@type":"ListItem","position":1,"name":"Home","item":"https:\/\/tiketi.com\/"},{"@type":"ListItem","position":2,"name":"Grocery Delivery in Kigali I Supermarket I Online Store"}]},{"@type":"WebSite","@id":"https:\/\/tiketi.com\/#website","url":"https:\/\/tiketi.com\/","name":"Billets d&#039;avion et de bus, forfaits touristiques et activit\u00e9s - Tiketi.com","description":"Billets d&#039;avion et de bus, Tours, Activit\u00e9s","publisher":{"@id":"https:\/\/tiketi.com\/#organization"},"potentialAction":[{"@type":"SearchAction","target":{"@type":"EntryPoint","urlTemplate":"https:\/\/tiketi.com\/?s={search_term_string}"},"query-input":{"@type":"PropertyValueSpecification","valueRequired":true,"valueName":"search_term_string"}}],"inLanguage":"fr-FR"},{"@type":"Organization","@id":"https:\/\/tiketi.com\/#organization","name":"Tiketi.com","alternateName":"Tiketi","url":"https:\/\/tiketi.com\/","logo":{"@type":"ImageObject","inLanguage":"fr-FR","@id":"https:\/\/tiketi.com\/#\/schema\/logo\/image\/","url":"https:\/\/tiketi.com\/wp-content\/uploads\/2019\/05\/tiketi-logo-696.png","contentUrl":"https:\/\/tiketi.com\/wp-content\/uploads\/2019\/05\/tiketi-logo-696.png","width":696,"height":696,"caption":"Tiketi.com"},"image":{"@id":"https:\/\/tiketi.com\/#\/schema\/logo\/image\/"},"sameAs":["https:\/\/www.facebook.com\/TiketiCom\/"]}]}},"_links":{"self":[{"href":"https:\/\/tiketi.com\/fr-fr\/wp-json\/wp\/v2\/pages\/11063","targetHints":{"allow":["GET"]}}],"collection":[{"href":"https:\/\/tiketi.com\/fr-fr\/wp-json\/wp\/v2\/pages"}],"about":[{"href":"https:\/\/tiketi.com\/fr-fr\/wp-json\/wp\/v2\/types\/page"}],"author":[{"embeddable":true,"href":"https:\/\/tiketi.com\/fr-fr\/wp-json\/wp\/v2\/users\/1"}],"replies":[{"embeddable":true,"href":"https:\/\/tiketi.com\/fr-fr\/wp-json\/wp\/v2\/comments?post=11063"}],"version-history":[{"count":0,"href":"https:\/\/tiketi.com\/fr-fr\/wp-json\/wp\/v2\/pages\/11063\/revisions"}],"wp:featuredmedia":[{"embeddable":true,"href":"https:\/\/tiketi.com\/fr-fr\/wp-json\/wp\/v2\/media\/19429"}],"wp:attachment":[{"href":"https:\/\/tiketi.com\/fr-fr\/wp-json\/wp\/v2\/media?parent=11063"}],"curies":[{"name":"wp","href":"https:\/\/api.w.org\/{rel}","templated":true}]}}