{"id":11065,"date":"2022-01-19T12:54:10","date_gmt":"2022-01-19T11:54:10","guid":{"rendered":"https:\/\/new.tiketi.com\/grocery-delivery-lusaka-i-supermarket-i-online-store\/"},"modified":"2022-02-14T10:31:34","modified_gmt":"2022-02-14T09:31:34","slug":"online-grocery-delivery-lusaka-store","status":"publish","type":"page","link":"https:\/\/tiketi.com\/fr-fr\/online-grocery-delivery-lusaka-store\/","title":{"rendered":"Livraison d&#039;\u00e9picerie \u00e0 Lusaka I Supermarch\u00e9 I Boutique en ligne"},"content":{"rendered":"<h2>Faire ses courses en ligne bon march\u00e9 \u00e0 Lusaka<\/h2>\n<h3>Utilisez le meilleur service de livraison d&#039;\u00e9picerie de Lusaka pour commander vos courses pr\u00e9f\u00e9r\u00e9es de mani\u00e8re simple et facile dans les \u00e9piceries en ligne de Lusaka.<\/h3>\n<p>La livraison de courses en ligne \u00e0 Lusaka est facilit\u00e9e. Avez-vous d\u00e9j\u00e0 pens\u00e9 \u00e0 utiliser un service d&#039;application de livraison d&#039;\u00e9picerie en ligne \u00e0 Lusaka\u00a0? Cela peut sembler \u00eatre la meilleure solution et un gain de temps. Vous faites vos courses en ligne \u00e0 Lusaka, payez avec votre carte de cr\u00e9dit, et le tour est jou\u00e9 ! Vos courses sont livr\u00e9es \u00e0 votre porte.<\/p>\n<h2>Avantages de la livraison d&#039;\u00e9picerie en ligne \u00e0 Lusaka<\/h2>\n<h3>L&#039;application de livraison de courses Lusaka fait gagner du temps<\/h3>\n<p>Si vous \u00eates press\u00e9 par le temps, visiter un supermarch\u00e9 n\u2019est pas une corv\u00e9e parfaite. Opter pour un service de livraison d&#039;\u00e9picerie signifie que vous n&#039;aurez jamais \u00e0 mettre les pieds dans un magasin, \u00e0 quitter votre maison pour travailler, profiter de votre famille et m\u00eame prendre quelques minutes pour vous.<\/p>\n<h3>Les frais de livraison sont g\u00e9n\u00e9ralement raisonnables<\/h3>\n<p>Mais avant de commencer \u00e0 remplir votre panier d&#039;\u00e9picerie virtuel, assurez-vous de conna\u00eetre les co\u00fbts r\u00e9els du service plut\u00f4t que de faire vos courses vous-m\u00eame. Lorsqu&#039;ils sont plac\u00e9s c\u00f4te \u00e0 c\u00f4te, vous pourriez \u00eatre choqu\u00e9 par les r\u00e9sultats. La plupart des services de livraison de Lusaka facturent des frais de livraison plus \u00e9lev\u00e9s pour les petites commandes. Par exemple, un service de livraison g\u00e9n\u00e9rale facture des frais de $6,95 pour les commandes sup\u00e9rieures \u00e0 $100, mais $1 de plus pour l&#039;exp\u00e9dition si vous d\u00e9pensez moins que cela \u2013 et encore plus si vous d\u00e9pensez moins de $50. Ce syst\u00e8me signifie que vous obtenez plus de produits d&#039;\u00e9picerie \u00e0 moindre co\u00fbt, ce qui rend les achats plus simples et abordables pour toute votre famille.<\/p>\n<h3>Cela diminue les achats impulsifs<\/h3>\n<p>Les achats impulsifs peuvent tout simplement nuire au budget d\u2019\u00e9picerie le plus solide. Mais en utilisant une livraison de courses en ligne \u00e0 Lusaka, vous pouvez parfaitement faire vos choix, sans vous laisser tenter par les articles que vous achetez parce que vous avez faim et que vous vous ennuyez. Cela contient de la malbouffe. Lorsque vous magasinez en ligne pour votre livraison de courses \u00e0 Lusaka, vous pouvez rejeter les \u00e9tag\u00e8res de chips et de collations, vous aidant ainsi \u00e0 garder les produits malsains hors de votre maison.<\/p>\n<h3>Les promotions de livraison d&#039;\u00e9picerie en ligne \u00e0 Lusaka sont accessibles<\/h3>\n<p>Gr\u00e2ce \u00e0 l&#039;application de livraison d&#039;\u00e9picerie en ligne Lusaka Shopping, vous manquez les avantages des achats en \u00e9picerie, tels que les comparaisons de prix, les coupons et la correspondance des annonces. Quoi qu\u2019il en soit, vous pouvez obtenir les meilleures offres gr\u00e2ce aux promotions en ligne que les acheteurs en magasin ne peuvent pas obtenir. Le meilleur, c&#039;est qu&#039;au lieu de parcourir toute la ville en voiture pour acheter des articles en solde dans de nombreux supermarch\u00e9s, il suffit d&#039;un simple clic sur une touche pour profiter des meilleures offres en ligne.<\/p>\n<h2>End Words Lusaka Soci\u00e9t\u00e9 de livraison d&#039;\u00e9picerie<\/h2>\n<p>Se faire livrer ses courses co\u00fbte g\u00e9n\u00e9ralement plus cher que faire ses courses au supermarch\u00e9. Quoi qu\u2019il en soit, vous pourriez \u00eatre choqu\u00e9, car cela pourrait vous faire gagner du temps, de l\u2019argent et des calories. La meilleure approche consiste \u00e0 essayer pendant une semaine \u2013 en payant les frais de livraison $7, cela vaut la peine de voir s&#039;il est parfait pour vous.<\/p>","protected":false},"excerpt":{"rendered":"<p>Cheap Online Grocery Shopping in Lusaka Use the best grocery delivery app Lusaka service to order your favorite groceries simple and easy in online grocery stores in Lusaka. Online grocery delivery in Lusaka made easy. Have you ever thought about using an online grocery delivery app Lusaka service? It may sound like a best solution [&hellip;]<\/p>\n","protected":false},"author":1,"featured_media":19429,"parent":0,"menu_order":0,"comment_status":"open","ping_status":"closed","template":"template-home-modern.php","meta":{"footnotes":""},"class_list":["post-11065","page","type-page","status-publish","has-post-thumbnail","hentry"],"yoast_head":"<!-- This site is optimized with the Yoast SEO plugin v27.2 - https:\/\/yoast.com\/product\/yoast-seo-wordpress\/ -->\n<title>Grocery Delivery in Lusaka I Supermarket I Online Store<\/title>\n<meta name=\"description\" content=\"Looking for online grocery delivery in Lusaka? Download our grocery delivery app Lusaka service and do cheap online grocery shopping in Lusaka stores\" \/>\n<meta name=\"robots\" content=\"index, follow, max-snippet:-1, max-image-preview:large, max-video-preview:-1\" \/>\n<link rel=\"canonical\" href=\"https:\/\/tiketi.com\/fr-fr\/online-grocery-delivery-lusaka-store\/\" \/>\n<meta property=\"og:locale\" content=\"fr_FR\" \/>\n<meta property=\"og:type\" content=\"article\" \/>\n<meta property=\"og:title\" content=\"Grocery Delivery in Lusaka I Supermarket I Online Store\" \/>\n<meta property=\"og:description\" content=\"Looking for online grocery delivery in Lusaka? Download our grocery delivery app Lusaka service and do cheap online grocery shopping in Lusaka stores\" \/>\n<meta property=\"og:url\" content=\"https:\/\/tiketi.com\/fr-fr\/online-grocery-delivery-lusaka-store\/\" \/>\n<meta property=\"og:site_name\" content=\"Tiketi.com\" \/>\n<meta property=\"article:publisher\" content=\"https:\/\/www.facebook.com\/TiketiCom\/\" \/>\n<meta property=\"article:modified_time\" content=\"2022-02-14T09:31:34+00:00\" \/>\n<meta property=\"og:image\" content=\"https:\/\/tiketi.com\/wp-content\/uploads\/2019\/05\/grocery-woman-6289052_1280.jpg\" \/>\n\t<meta property=\"og:image:width\" content=\"1200\" \/>\n\t<meta property=\"og:image:height\" content=\"200\" \/>\n\t<meta property=\"og:image:type\" content=\"image\/jpeg\" \/>\n<meta name=\"twitter:card\" content=\"summary_large_image\" \/>\n<meta name=\"twitter:label1\" content=\"Dur\u00e9e de lecture estim\u00e9e\" \/>\n\t<meta name=\"twitter:data1\" content=\"3 minutes\" \/>\n<script type=\"application\/ld+json\" class=\"yoast-schema-graph\">{\"@context\":\"https:\/\/schema.org\",\"@graph\":[{\"@type\":\"WebPage\",\"@id\":\"https:\/\/tiketi.com\/sw\/online-grocery-delivery-lusaka-store\/\",\"url\":\"https:\/\/tiketi.com\/sw\/online-grocery-delivery-lusaka-store\/\",\"name\":\"Grocery Delivery in Lusaka I Supermarket I Online Store\",\"isPartOf\":{\"@id\":\"https:\/\/tiketi.com\/#website\"},\"primaryImageOfPage\":{\"@id\":\"https:\/\/tiketi.com\/sw\/online-grocery-delivery-lusaka-store\/#primaryimage\"},\"image\":{\"@id\":\"https:\/\/tiketi.com\/sw\/online-grocery-delivery-lusaka-store\/#primaryimage\"},\"thumbnailUrl\":\"https:\/\/tiketi.com\/wp-content\/uploads\/2019\/05\/grocery-woman-6289052_1280.jpg\",\"datePublished\":\"2022-01-19T11:54:10+00:00\",\"dateModified\":\"2022-02-14T09:31:34+00:00\",\"description\":\"Looking for online grocery delivery in Lusaka? Download our grocery delivery app Lusaka service and do cheap online grocery shopping in Lusaka stores\",\"breadcrumb\":{\"@id\":\"https:\/\/tiketi.com\/sw\/online-grocery-delivery-lusaka-store\/#breadcrumb\"},\"inLanguage\":\"fr-FR\",\"potentialAction\":[{\"@type\":\"ReadAction\",\"target\":[\"https:\/\/tiketi.com\/sw\/online-grocery-delivery-lusaka-store\/\"]}]},{\"@type\":\"ImageObject\",\"inLanguage\":\"fr-FR\",\"@id\":\"https:\/\/tiketi.com\/sw\/online-grocery-delivery-lusaka-store\/#primaryimage\",\"url\":\"https:\/\/tiketi.com\/wp-content\/uploads\/2019\/05\/grocery-woman-6289052_1280.jpg\",\"contentUrl\":\"https:\/\/tiketi.com\/wp-content\/uploads\/2019\/05\/grocery-woman-6289052_1280.jpg\",\"width\":1200,\"height\":200,\"caption\":\"Grocery Delivery\"},{\"@type\":\"BreadcrumbList\",\"@id\":\"https:\/\/tiketi.com\/sw\/online-grocery-delivery-lusaka-store\/#breadcrumb\",\"itemListElement\":[{\"@type\":\"ListItem\",\"position\":1,\"name\":\"Home\",\"item\":\"https:\/\/tiketi.com\/\"},{\"@type\":\"ListItem\",\"position\":2,\"name\":\"Grocery Delivery in Lusaka I Supermarket I Online Store\"}]},{\"@type\":\"WebSite\",\"@id\":\"https:\/\/tiketi.com\/#website\",\"url\":\"https:\/\/tiketi.com\/\",\"name\":\"Flight & Bus Tickets, Tour Packages & Activitites - Tiketi.com\",\"description\":\"Flight &amp; Bus Tickets, Tours, Activitites\",\"publisher\":{\"@id\":\"https:\/\/tiketi.com\/#organization\"},\"potentialAction\":[{\"@type\":\"SearchAction\",\"target\":{\"@type\":\"EntryPoint\",\"urlTemplate\":\"https:\/\/tiketi.com\/?s={search_term_string}\"},\"query-input\":{\"@type\":\"PropertyValueSpecification\",\"valueRequired\":true,\"valueName\":\"search_term_string\"}}],\"inLanguage\":\"fr-FR\"},{\"@type\":\"Organization\",\"@id\":\"https:\/\/tiketi.com\/#organization\",\"name\":\"Tiketi.com\",\"alternateName\":\"Tiketi\",\"url\":\"https:\/\/tiketi.com\/\",\"logo\":{\"@type\":\"ImageObject\",\"inLanguage\":\"fr-FR\",\"@id\":\"https:\/\/tiketi.com\/#\/schema\/logo\/image\/\",\"url\":\"https:\/\/tiketi.com\/wp-content\/uploads\/2019\/05\/tiketi-logo-696.png\",\"contentUrl\":\"https:\/\/tiketi.com\/wp-content\/uploads\/2019\/05\/tiketi-logo-696.png\",\"width\":696,\"height\":696,\"caption\":\"Tiketi.com\"},\"image\":{\"@id\":\"https:\/\/tiketi.com\/#\/schema\/logo\/image\/\"},\"sameAs\":[\"https:\/\/www.facebook.com\/TiketiCom\/\"]}]}<\/script>\n<!-- \/ Yoast SEO plugin. -->","yoast_head_json":{"title":"Livraison d&#039;\u00e9picerie \u00e0 Lusaka I Supermarch\u00e9 I Boutique en ligne","description":"Vous recherchez une livraison de courses en ligne \u00e0 Lusaka ? T\u00e9l\u00e9chargez notre application de livraison d&#039;\u00e9picerie Lusaka et faites des courses en ligne bon march\u00e9 dans les magasins de Lusaka","robots":{"index":"index","follow":"follow","max-snippet":"max-snippet:-1","max-image-preview":"max-image-preview:large","max-video-preview":"max-video-preview:-1"},"canonical":"https:\/\/tiketi.com\/fr-fr\/online-grocery-delivery-lusaka-store\/","og_locale":"fr_FR","og_type":"article","og_title":"Grocery Delivery in Lusaka I Supermarket I Online Store","og_description":"Looking for online grocery delivery in Lusaka? Download our grocery delivery app Lusaka service and do cheap online grocery shopping in Lusaka stores","og_url":"https:\/\/tiketi.com\/fr-fr\/online-grocery-delivery-lusaka-store\/","og_site_name":"Tiketi.com","article_publisher":"https:\/\/www.facebook.com\/TiketiCom\/","article_modified_time":"2022-02-14T09:31:34+00:00","og_image":[{"width":1200,"height":200,"url":"https:\/\/tiketi.com\/wp-content\/uploads\/2019\/05\/grocery-woman-6289052_1280.jpg","type":"image\/jpeg"}],"twitter_card":"summary_large_image","twitter_misc":{"Dur\u00e9e de lecture estim\u00e9e":"3 minutes"},"schema":{"@context":"https:\/\/schema.org","@graph":[{"@type":"WebPage","@id":"https:\/\/tiketi.com\/sw\/online-grocery-delivery-lusaka-store\/","url":"https:\/\/tiketi.com\/sw\/online-grocery-delivery-lusaka-store\/","name":"Livraison d&#039;\u00e9picerie \u00e0 Lusaka I Supermarch\u00e9 I Boutique en ligne","isPartOf":{"@id":"https:\/\/tiketi.com\/#website"},"primaryImageOfPage":{"@id":"https:\/\/tiketi.com\/sw\/online-grocery-delivery-lusaka-store\/#primaryimage"},"image":{"@id":"https:\/\/tiketi.com\/sw\/online-grocery-delivery-lusaka-store\/#primaryimage"},"thumbnailUrl":"https:\/\/tiketi.com\/wp-content\/uploads\/2019\/05\/grocery-woman-6289052_1280.jpg","datePublished":"2022-01-19T11:54:10+00:00","dateModified":"2022-02-14T09:31:34+00:00","description":"Vous recherchez une livraison de courses en ligne \u00e0 Lusaka ? T\u00e9l\u00e9chargez notre application de livraison d&#039;\u00e9picerie Lusaka et faites des courses en ligne bon march\u00e9 dans les magasins de Lusaka","breadcrumb":{"@id":"https:\/\/tiketi.com\/sw\/online-grocery-delivery-lusaka-store\/#breadcrumb"},"inLanguage":"fr-FR","potentialAction":[{"@type":"ReadAction","target":["https:\/\/tiketi.com\/sw\/online-grocery-delivery-lusaka-store\/"]}]},{"@type":"ImageObject","inLanguage":"fr-FR","@id":"https:\/\/tiketi.com\/sw\/online-grocery-delivery-lusaka-store\/#primaryimage","url":"https:\/\/tiketi.com\/wp-content\/uploads\/2019\/05\/grocery-woman-6289052_1280.jpg","contentUrl":"https:\/\/tiketi.com\/wp-content\/uploads\/2019\/05\/grocery-woman-6289052_1280.jpg","width":1200,"height":200,"caption":"Grocery Delivery"},{"@type":"BreadcrumbList","@id":"https:\/\/tiketi.com\/sw\/online-grocery-delivery-lusaka-store\/#breadcrumb","itemListElement":[{"@type":"ListItem","position":1,"name":"Home","item":"https:\/\/tiketi.com\/"},{"@type":"ListItem","position":2,"name":"Grocery Delivery in Lusaka I Supermarket I Online Store"}]},{"@type":"WebSite","@id":"https:\/\/tiketi.com\/#website","url":"https:\/\/tiketi.com\/","name":"Billets d&#039;avion et de bus, forfaits touristiques et activit\u00e9s - Tiketi.com","description":"Billets d&#039;avion et de bus, Tours, Activit\u00e9s","publisher":{"@id":"https:\/\/tiketi.com\/#organization"},"potentialAction":[{"@type":"SearchAction","target":{"@type":"EntryPoint","urlTemplate":"https:\/\/tiketi.com\/?s={search_term_string}"},"query-input":{"@type":"PropertyValueSpecification","valueRequired":true,"valueName":"search_term_string"}}],"inLanguage":"fr-FR"},{"@type":"Organization","@id":"https:\/\/tiketi.com\/#organization","name":"Tiketi.com","alternateName":"Tiketi","url":"https:\/\/tiketi.com\/","logo":{"@type":"ImageObject","inLanguage":"fr-FR","@id":"https:\/\/tiketi.com\/#\/schema\/logo\/image\/","url":"https:\/\/tiketi.com\/wp-content\/uploads\/2019\/05\/tiketi-logo-696.png","contentUrl":"https:\/\/tiketi.com\/wp-content\/uploads\/2019\/05\/tiketi-logo-696.png","width":696,"height":696,"caption":"Tiketi.com"},"image":{"@id":"https:\/\/tiketi.com\/#\/schema\/logo\/image\/"},"sameAs":["https:\/\/www.facebook.com\/TiketiCom\/"]}]}},"_links":{"self":[{"href":"https:\/\/tiketi.com\/fr-fr\/wp-json\/wp\/v2\/pages\/11065","targetHints":{"allow":["GET"]}}],"collection":[{"href":"https:\/\/tiketi.com\/fr-fr\/wp-json\/wp\/v2\/pages"}],"about":[{"href":"https:\/\/tiketi.com\/fr-fr\/wp-json\/wp\/v2\/types\/page"}],"author":[{"embeddable":true,"href":"https:\/\/tiketi.com\/fr-fr\/wp-json\/wp\/v2\/users\/1"}],"replies":[{"embeddable":true,"href":"https:\/\/tiketi.com\/fr-fr\/wp-json\/wp\/v2\/comments?post=11065"}],"version-history":[{"count":0,"href":"https:\/\/tiketi.com\/fr-fr\/wp-json\/wp\/v2\/pages\/11065\/revisions"}],"wp:featuredmedia":[{"embeddable":true,"href":"https:\/\/tiketi.com\/fr-fr\/wp-json\/wp\/v2\/media\/19429"}],"wp:attachment":[{"href":"https:\/\/tiketi.com\/fr-fr\/wp-json\/wp\/v2\/media?parent=11065"}],"curies":[{"name":"wp","href":"https:\/\/api.w.org\/{rel}","templated":true}]}}