{"id":11066,"date":"2022-01-19T12:54:10","date_gmt":"2022-01-19T11:54:10","guid":{"rendered":"https:\/\/new.tiketi.com\/grocery-delivery-kampala-i-supermarket-i-online-store\/"},"modified":"2022-02-14T10:16:13","modified_gmt":"2022-02-14T09:16:13","slug":"online-grocery-delivery-kampala-store","status":"publish","type":"page","link":"https:\/\/tiketi.com\/fr-fr\/online-grocery-delivery-kampala-store\/","title":{"rendered":"Livraison d&#039;\u00e9picerie Kampala I Supermarch\u00e9 I Boutique en ligne"},"content":{"rendered":"<h2>Faire ses courses en ligne pas cher \u00e0 Kampala<\/h2>\n<h3>Utilisez le meilleur service de livraison d&#039;\u00e9picerie de Kampala pour commander vos courses pr\u00e9f\u00e9r\u00e9es de mani\u00e8re simple et facile dans les \u00e9piceries en ligne de Kampala.<\/h3>\n<p>La livraison d&#039;\u00e9picerie en ligne \u00e0 Kampala est facilit\u00e9e. Pourquoi aller \u00e0 l&#039;\u00e9picerie \u00e0 Kampala quand il s&#039;agit de vous ? Avec l&#039;expansion rapide des cha\u00eenes d&#039;\u00e9picerie et des supermarch\u00e9s sur la sc\u00e8ne de la livraison de supermarch\u00e9s en ligne \u00e0 Kampala, de nombreuses personnes commencent \u00e0 utiliser l&#039;application de livraison d&#039;\u00e9picerie Kampala pour commander des produits d&#039;\u00e9picerie directement depuis leur canap\u00e9. Avec ces avantages pour la sant\u00e9 des achats d&#039;\u00e9picerie en ligne \u00e0 Kampala, vous voudrez peut-\u00eatre envisager de l&#039;essayer.<\/p>\n<h2>Avantages de la livraison d&#039;\u00e9picerie en ligne \u00e0 Kampala<\/h2>\n<h3>L&#039;\u00e9picerie en ligne \u00e0 Kampala vous fait gagner du temps<\/h3>\n<p>Au lieu de perdre du temps \u00e0 parcourir chaque zone \u00e0 la recherche d&#039;un article sp\u00e9cifique, vous pouvez simplement \u00e9crire le nom dans la barre de recherche pour l&#039;acheter. Vous pouvez utiliser le service Kampala de l&#039;application de livraison d&#039;\u00e9picerie en ligne \u00e0 tout moment de la journ\u00e9e qui vous convient parfaitement, au lieu de combattre la foule ou d&#039;essayer de vous rendre au supermarch\u00e9 avant sa fermeture. Presque toutes les \u00e9piceries en ligne \u00e0 Kampala proposent la livraison \u00e0 domicile, vous pouvez donc \u00e9galement garder le temps de vous rendre au magasin.<\/p>\n<h3>R\u00e9alisez des recettes saines<\/h3>\n<p>Il est tr\u00e8s simple de planifier des repas sains et \u00e9quilibr\u00e9s pour votre famille lorsque vous disposez de tous les ingr\u00e9dients dont vous avez besoin. Si vous souhaitez planifier les meilleurs repas mais que vous n&#039;avez pas le temps, vous faire livrer ces articles \u00e0 l&#039;aide de l&#039;\u00e9picerie en ligne de Kampala vous permettra de les utiliser au mieux.<\/p>\n<h3>Restez organis\u00e9<\/h3>\n<p>De nombreux services de livraison d&#039;\u00e9picerie \u00e0 Kampala vous permettent de conserver vos listes pour une utilisation future. Vous pouvez m\u00eame automatiser vos livraisons d&#039;\u00e9picerie afin que les articles que vous achetez fr\u00e9quemment vous soient exp\u00e9di\u00e9s r\u00e9guli\u00e8rement. Ce syst\u00e8me peut vous aider \u00e0 rester organis\u00e9 et \u00e0 \u00e9viter d&#039;oublier quelque chose au magasin.<\/p>\n<h3>L&#039;application de livraison de courses Kampala r\u00e9duit les d\u00e9penses<\/h3>\n<p>Si vous d\u00e9pensez g\u00e9n\u00e9ralement $100 \u00e0 l\u2019\u00e9picerie de Kampala chaque semaine, vous pouvez estimer qu\u2019environ $10 sont d\u00e9pens\u00e9s en achats impulsifs. Si vous supprimiez compl\u00e8tement les achats impulsifs, vous d\u00e9penseriez environ $90 via une livraison d&#039;\u00e9picerie en ligne \u00e0 Kampala. Certainement, vous devez alors inclure des frais de livraison, qui varient de $5 \u00e0 $10. Certains services de livraison acceptent \u00e9galement les pourboires, peut-\u00eatre que vous donnerez un pourboire $5. En fin de compte, vos courses r\u00e9guli\u00e8res co\u00fbteraient environ $5,200 par an, tandis qu&#039;un service de livraison co\u00fbterait environ $5,300 par an.<\/p>\n<h3>Commodit\u00e9 de notre heure de livraison de supermarch\u00e9 en ligne \u00e0 Kampala<\/h3>\n<p>Ainsi, vous pouvez estimer que vous conserveriez $100 par an en renon\u00e7ant simplement au service de livraison et en achetant simplement au supermarch\u00e9. Quoi qu&#039;il en soit, il y a d&#039;autres facteurs \u00e0 prendre en compte, comme le co\u00fbt de l&#039;essence pour se rendre \u00e0 l&#039;\u00e9picerie et la n\u00e9cessit\u00e9 ou non de faire des courses en milieu de semaine. Si vous continuez \u00e0 vous rendre au magasin quel que soit votre service de livraison \u00e0 Kampala, ou si vous devez parcourir une distance importante jusqu&#039;aux supermarch\u00e9s les plus proches, la diff\u00e9rence de co\u00fbt peut \u00eatre n\u00e9gligeable.<\/p>","protected":false},"excerpt":{"rendered":"<p>Cheap online grocery shopping in Kampala Use the best grocery delivery app Kampala service to order your favorite groceries simple and easy in online grocery stores in Kampala. Online grocery delivery Kampala made easy. Why go to the grocery store in Kampala when it came come to you? With grocery chains and supermarkets quickly expanding [&hellip;]<\/p>\n","protected":false},"author":1,"featured_media":19429,"parent":0,"menu_order":0,"comment_status":"open","ping_status":"closed","template":"template-home-modern.php","meta":{"footnotes":""},"class_list":["post-11066","page","type-page","status-publish","has-post-thumbnail","hentry"],"yoast_head":"<!-- This site is optimized with the Yoast SEO plugin v27.2 - https:\/\/yoast.com\/product\/yoast-seo-wordpress\/ -->\n<title>Grocery Delivery in Kampala I Supermarket I Online Store<\/title>\n<meta name=\"description\" content=\"Looking for online grocery delivery in Kampala? Download our grocery delivery app Kampala service and do cheap online grocery shopping in Kampala stores\" \/>\n<meta name=\"robots\" content=\"index, follow, max-snippet:-1, max-image-preview:large, max-video-preview:-1\" \/>\n<link rel=\"canonical\" href=\"https:\/\/tiketi.com\/fr-fr\/online-grocery-delivery-kampala-store\/\" \/>\n<meta property=\"og:locale\" content=\"fr_FR\" \/>\n<meta property=\"og:type\" content=\"article\" \/>\n<meta property=\"og:title\" content=\"Grocery Delivery in Kampala I Supermarket I Online Store\" \/>\n<meta property=\"og:description\" content=\"Looking for online grocery delivery in Kampala? Download our grocery delivery app Kampala service and do cheap online grocery shopping in Kampala stores\" \/>\n<meta property=\"og:url\" content=\"https:\/\/tiketi.com\/fr-fr\/online-grocery-delivery-kampala-store\/\" \/>\n<meta property=\"og:site_name\" content=\"Tiketi.com\" \/>\n<meta property=\"article:publisher\" content=\"https:\/\/www.facebook.com\/TiketiCom\/\" \/>\n<meta property=\"article:modified_time\" content=\"2022-02-14T09:16:13+00:00\" \/>\n<meta property=\"og:image\" content=\"https:\/\/tiketi.com\/wp-content\/uploads\/2019\/05\/grocery-woman-6289052_1280.jpg\" \/>\n\t<meta property=\"og:image:width\" content=\"1200\" \/>\n\t<meta property=\"og:image:height\" content=\"200\" \/>\n\t<meta property=\"og:image:type\" content=\"image\/jpeg\" \/>\n<meta name=\"twitter:card\" content=\"summary_large_image\" \/>\n<meta name=\"twitter:label1\" content=\"Dur\u00e9e de lecture estim\u00e9e\" \/>\n\t<meta name=\"twitter:data1\" content=\"3 minutes\" \/>\n<script type=\"application\/ld+json\" class=\"yoast-schema-graph\">{\"@context\":\"https:\/\/schema.org\",\"@graph\":[{\"@type\":\"WebPage\",\"@id\":\"https:\/\/tiketi.com\/online-grocery-delivery-kampala-store\/\",\"url\":\"https:\/\/tiketi.com\/online-grocery-delivery-kampala-store\/\",\"name\":\"Grocery Delivery in Kampala I Supermarket I Online Store\",\"isPartOf\":{\"@id\":\"https:\/\/tiketi.com\/#website\"},\"primaryImageOfPage\":{\"@id\":\"https:\/\/tiketi.com\/online-grocery-delivery-kampala-store\/#primaryimage\"},\"image\":{\"@id\":\"https:\/\/tiketi.com\/online-grocery-delivery-kampala-store\/#primaryimage\"},\"thumbnailUrl\":\"https:\/\/tiketi.com\/wp-content\/uploads\/2019\/05\/grocery-woman-6289052_1280.jpg\",\"datePublished\":\"2022-01-19T11:54:10+00:00\",\"dateModified\":\"2022-02-14T09:16:13+00:00\",\"description\":\"Looking for online grocery delivery in Kampala? Download our grocery delivery app Kampala service and do cheap online grocery shopping in Kampala stores\",\"breadcrumb\":{\"@id\":\"https:\/\/tiketi.com\/online-grocery-delivery-kampala-store\/#breadcrumb\"},\"inLanguage\":\"fr-FR\",\"potentialAction\":[{\"@type\":\"ReadAction\",\"target\":[\"https:\/\/tiketi.com\/online-grocery-delivery-kampala-store\/\"]}]},{\"@type\":\"ImageObject\",\"inLanguage\":\"fr-FR\",\"@id\":\"https:\/\/tiketi.com\/online-grocery-delivery-kampala-store\/#primaryimage\",\"url\":\"https:\/\/tiketi.com\/wp-content\/uploads\/2019\/05\/grocery-woman-6289052_1280.jpg\",\"contentUrl\":\"https:\/\/tiketi.com\/wp-content\/uploads\/2019\/05\/grocery-woman-6289052_1280.jpg\",\"width\":1200,\"height\":200,\"caption\":\"Grocery Delivery\"},{\"@type\":\"BreadcrumbList\",\"@id\":\"https:\/\/tiketi.com\/online-grocery-delivery-kampala-store\/#breadcrumb\",\"itemListElement\":[{\"@type\":\"ListItem\",\"position\":1,\"name\":\"Home\",\"item\":\"https:\/\/tiketi.com\/\"},{\"@type\":\"ListItem\",\"position\":2,\"name\":\"Grocery Delivery Kampala I Supermarket I Online Store\"}]},{\"@type\":\"WebSite\",\"@id\":\"https:\/\/tiketi.com\/#website\",\"url\":\"https:\/\/tiketi.com\/\",\"name\":\"Flight & Bus Tickets, Tour Packages & Activitites - Tiketi.com\",\"description\":\"Flight &amp; Bus Tickets, Tours, Activitites\",\"publisher\":{\"@id\":\"https:\/\/tiketi.com\/#organization\"},\"potentialAction\":[{\"@type\":\"SearchAction\",\"target\":{\"@type\":\"EntryPoint\",\"urlTemplate\":\"https:\/\/tiketi.com\/?s={search_term_string}\"},\"query-input\":{\"@type\":\"PropertyValueSpecification\",\"valueRequired\":true,\"valueName\":\"search_term_string\"}}],\"inLanguage\":\"fr-FR\"},{\"@type\":\"Organization\",\"@id\":\"https:\/\/tiketi.com\/#organization\",\"name\":\"Tiketi.com\",\"alternateName\":\"Tiketi\",\"url\":\"https:\/\/tiketi.com\/\",\"logo\":{\"@type\":\"ImageObject\",\"inLanguage\":\"fr-FR\",\"@id\":\"https:\/\/tiketi.com\/#\/schema\/logo\/image\/\",\"url\":\"https:\/\/tiketi.com\/wp-content\/uploads\/2019\/05\/tiketi-logo-696.png\",\"contentUrl\":\"https:\/\/tiketi.com\/wp-content\/uploads\/2019\/05\/tiketi-logo-696.png\",\"width\":696,\"height\":696,\"caption\":\"Tiketi.com\"},\"image\":{\"@id\":\"https:\/\/tiketi.com\/#\/schema\/logo\/image\/\"},\"sameAs\":[\"https:\/\/www.facebook.com\/TiketiCom\/\"]}]}<\/script>\n<!-- \/ Yoast SEO plugin. -->","yoast_head_json":{"title":"Livraison d&#039;\u00e9picerie \u00e0 Kampala I Supermarch\u00e9 I Boutique en ligne","description":"Vous recherchez une livraison de courses en ligne \u00e0 Kampala ? T\u00e9l\u00e9chargez notre application de livraison d&#039;\u00e9picerie Kampala et faites vos courses en ligne \u00e0 bas prix dans les magasins de Kampala","robots":{"index":"index","follow":"follow","max-snippet":"max-snippet:-1","max-image-preview":"max-image-preview:large","max-video-preview":"max-video-preview:-1"},"canonical":"https:\/\/tiketi.com\/fr-fr\/online-grocery-delivery-kampala-store\/","og_locale":"fr_FR","og_type":"article","og_title":"Grocery Delivery in Kampala I Supermarket I Online Store","og_description":"Looking for online grocery delivery in Kampala? Download our grocery delivery app Kampala service and do cheap online grocery shopping in Kampala stores","og_url":"https:\/\/tiketi.com\/fr-fr\/online-grocery-delivery-kampala-store\/","og_site_name":"Tiketi.com","article_publisher":"https:\/\/www.facebook.com\/TiketiCom\/","article_modified_time":"2022-02-14T09:16:13+00:00","og_image":[{"width":1200,"height":200,"url":"https:\/\/tiketi.com\/wp-content\/uploads\/2019\/05\/grocery-woman-6289052_1280.jpg","type":"image\/jpeg"}],"twitter_card":"summary_large_image","twitter_misc":{"Dur\u00e9e de lecture estim\u00e9e":"3 minutes"},"schema":{"@context":"https:\/\/schema.org","@graph":[{"@type":"WebPage","@id":"https:\/\/tiketi.com\/online-grocery-delivery-kampala-store\/","url":"https:\/\/tiketi.com\/online-grocery-delivery-kampala-store\/","name":"Livraison d&#039;\u00e9picerie \u00e0 Kampala I Supermarch\u00e9 I Boutique en ligne","isPartOf":{"@id":"https:\/\/tiketi.com\/#website"},"primaryImageOfPage":{"@id":"https:\/\/tiketi.com\/online-grocery-delivery-kampala-store\/#primaryimage"},"image":{"@id":"https:\/\/tiketi.com\/online-grocery-delivery-kampala-store\/#primaryimage"},"thumbnailUrl":"https:\/\/tiketi.com\/wp-content\/uploads\/2019\/05\/grocery-woman-6289052_1280.jpg","datePublished":"2022-01-19T11:54:10+00:00","dateModified":"2022-02-14T09:16:13+00:00","description":"Vous recherchez une livraison de courses en ligne \u00e0 Kampala ? T\u00e9l\u00e9chargez notre application de livraison d&#039;\u00e9picerie Kampala et faites vos courses en ligne \u00e0 bas prix dans les magasins de Kampala","breadcrumb":{"@id":"https:\/\/tiketi.com\/online-grocery-delivery-kampala-store\/#breadcrumb"},"inLanguage":"fr-FR","potentialAction":[{"@type":"ReadAction","target":["https:\/\/tiketi.com\/online-grocery-delivery-kampala-store\/"]}]},{"@type":"ImageObject","inLanguage":"fr-FR","@id":"https:\/\/tiketi.com\/online-grocery-delivery-kampala-store\/#primaryimage","url":"https:\/\/tiketi.com\/wp-content\/uploads\/2019\/05\/grocery-woman-6289052_1280.jpg","contentUrl":"https:\/\/tiketi.com\/wp-content\/uploads\/2019\/05\/grocery-woman-6289052_1280.jpg","width":1200,"height":200,"caption":"Grocery Delivery"},{"@type":"BreadcrumbList","@id":"https:\/\/tiketi.com\/online-grocery-delivery-kampala-store\/#breadcrumb","itemListElement":[{"@type":"ListItem","position":1,"name":"Home","item":"https:\/\/tiketi.com\/"},{"@type":"ListItem","position":2,"name":"Grocery Delivery Kampala I Supermarket I Online Store"}]},{"@type":"WebSite","@id":"https:\/\/tiketi.com\/#website","url":"https:\/\/tiketi.com\/","name":"Billets d&#039;avion et de bus, forfaits touristiques et activit\u00e9s - Tiketi.com","description":"Billets d&#039;avion et de bus, Tours, Activit\u00e9s","publisher":{"@id":"https:\/\/tiketi.com\/#organization"},"potentialAction":[{"@type":"SearchAction","target":{"@type":"EntryPoint","urlTemplate":"https:\/\/tiketi.com\/?s={search_term_string}"},"query-input":{"@type":"PropertyValueSpecification","valueRequired":true,"valueName":"search_term_string"}}],"inLanguage":"fr-FR"},{"@type":"Organization","@id":"https:\/\/tiketi.com\/#organization","name":"Tiketi.com","alternateName":"Tiketi","url":"https:\/\/tiketi.com\/","logo":{"@type":"ImageObject","inLanguage":"fr-FR","@id":"https:\/\/tiketi.com\/#\/schema\/logo\/image\/","url":"https:\/\/tiketi.com\/wp-content\/uploads\/2019\/05\/tiketi-logo-696.png","contentUrl":"https:\/\/tiketi.com\/wp-content\/uploads\/2019\/05\/tiketi-logo-696.png","width":696,"height":696,"caption":"Tiketi.com"},"image":{"@id":"https:\/\/tiketi.com\/#\/schema\/logo\/image\/"},"sameAs":["https:\/\/www.facebook.com\/TiketiCom\/"]}]}},"_links":{"self":[{"href":"https:\/\/tiketi.com\/fr-fr\/wp-json\/wp\/v2\/pages\/11066","targetHints":{"allow":["GET"]}}],"collection":[{"href":"https:\/\/tiketi.com\/fr-fr\/wp-json\/wp\/v2\/pages"}],"about":[{"href":"https:\/\/tiketi.com\/fr-fr\/wp-json\/wp\/v2\/types\/page"}],"author":[{"embeddable":true,"href":"https:\/\/tiketi.com\/fr-fr\/wp-json\/wp\/v2\/users\/1"}],"replies":[{"embeddable":true,"href":"https:\/\/tiketi.com\/fr-fr\/wp-json\/wp\/v2\/comments?post=11066"}],"version-history":[{"count":0,"href":"https:\/\/tiketi.com\/fr-fr\/wp-json\/wp\/v2\/pages\/11066\/revisions"}],"wp:featuredmedia":[{"embeddable":true,"href":"https:\/\/tiketi.com\/fr-fr\/wp-json\/wp\/v2\/media\/19429"}],"wp:attachment":[{"href":"https:\/\/tiketi.com\/fr-fr\/wp-json\/wp\/v2\/media?parent=11066"}],"curies":[{"name":"wp","href":"https:\/\/api.w.org\/{rel}","templated":true}]}}