{"id":11067,"date":"2022-01-19T12:54:10","date_gmt":"2022-01-19T11:54:10","guid":{"rendered":"https:\/\/new.tiketi.com\/online-food-delivery-tanzania-from-nearby-restaurants\/"},"modified":"2022-02-18T12:46:13","modified_gmt":"2022-02-18T11:46:13","slug":"online-food-delivery-tanzania-service","status":"publish","type":"page","link":"https:\/\/tiketi.com\/fr-fr\/online-food-delivery-tanzania-service\/","title":{"rendered":"Livraison de repas en Tanzanie- Commandez de la nourriture en ligne pr\u00e8s de chez moi"},"content":{"rendered":"<h2>Application de livraison de nourriture pas ch\u00e8re en Tanzanie<\/h2>\n<h3>Utilisez la meilleure application de livraison de nourriture en Tanzanie et commandez de la nourriture en Tanzanie \u00e0 partir de services de livraison de nourriture bon march\u00e9 en Tanzanie, simples et faciles en ligne.<\/h3>\n<p>La livraison de nourriture en ligne en Tanzanie \u00e0 partir de restaurants \u00e0 proximit\u00e9 est simplifi\u00e9e. De nombreuses personnes en Tanzanie pr\u00e9f\u00e8rent les services de livraison de nourriture en ligne en Tanzanie en utilisant l&#039;application de livraison de nourriture Tanzanie. Comment commander de la nourriture en Tanzanie en ligne et gagner du temps et de l&#039;argent.<\/p>\n<h2>Voici quelques-uns des meilleurs avantages des services de livraison de nourriture en ligne en Tanzanie\u00a0:<\/h2>\n<h3>L&#039;application de livraison de nourriture en Tanzanie est simple et rapide<\/h3>\n<p>L&#039;une des principales raisons pour lesquelles les clients utilisent l&#039;application de livraison de nourriture en Tanzanie pour commander de la nourriture est qu&#039;elle est si simple et pratique pour eux. Tout est \u00e0 port\u00e9e de main. \u00c0 peu pr\u00e8s n&#039;importe quelle personne qui poss\u00e8de un smartphone peut l&#039;utiliser pour commander de la nourriture en ligne.<\/p>\n<h3>Facilit\u00e9 d&#039;acc\u00e9s<\/h3>\n<p>Avec le service de livraison de nourriture \u00e0 Dar es Salaam, le premier avantage dont vous pouvez profiter est de choisir parmi une gamme compl\u00e8te d&#039;aliments. Vous pouvez consulter leurs menus Internet pour conna\u00eetre le type d&#039;aliments qu&#039;ils fournissent et livrent en ligne. Par exemple, vous pouvez choisir parmi les g\u00e2teaux, les granit\u00e9s, la restauration rapide et les l\u00e9gumes, pour n&#039;en nommer que quelques-uns.<\/p>\n<h3>Moins d&#039;erreurs li\u00e9es aux commandes et de frustrations des clients lorsque vous commandez de la nourriture en Tanzanie<\/h3>\n<p>Un probl\u00e8me avec la prise de commandes par t\u00e9l\u00e9phone est le potentiel d&#039;erreurs et de mauvaise communication. Que ce soit \u00e0 cause du bruit de fond au restaurant, du bruit \u00e0 la maison ou d&#039;un accent prononc\u00e9, une seule erreur peut ruiner les choses pour les deux parties impliqu\u00e9es.<\/p>\n<p>L&#039;un des principaux avantages de l&#039;application de livraison de nourriture \u00e0 domicile en Tanzanie est que les clients sont capables de sp\u00e9cifier r\u00e9ellement ce qu&#039;ils veulent. Il n&#039;y a presque aucun risque de mauvaise communication gr\u00e2ce \u00e0 la livraison de nourriture 24 heures sur 24 en Tanzanie. Les clients sont plus heureux et les clients heureux sont les meilleurs pour les affaires.<\/p>\n<h3>Les services de livraison de nourriture en ligne en Tanzanie aident \u00e0 explorer de nouveaux endroits<\/h3>\n<p>Explorer de nouveaux endroits est l&#039;un des principaux avantages de passer votre commande en ligne pour acheter de la nourriture. Ainsi, vous pouvez choisir parmi de nombreux choix en ce qui concerne la nourriture et les restaurants.<br \/>\nEn fait, les menus Internet sont explicites, ce qui permet aux utilisateurs de passer facilement leurs commandes.<\/p>\n<h3>L&#039;application de livraison de nourriture en Tanzanie les aide \u00e0 commander quand ils le souhaitent<\/h3>\n<p>Ce n&#039;est pas parce qu&#039;un restaurant n&#039;est pas ouvert que son syst\u00e8me de commande de nourriture en ligne ne l&#039;est pas. L&#039;application de livraison de nourriture en Tanzanie permet aux clients de passer des commandes quand ils le souhaitent et de choisir une heure de livraison ou de ramassage sp\u00e9cifi\u00e9e lorsque le restaurant est ouvert. Si un client sait qu&#039;il veut manger dans un restaurant dans quelques heures, il peut passer une pr\u00e9commande et r\u00e9cup\u00e9rer la nourriture lorsqu&#039;elle est pr\u00eate.<\/p>\n<p>Il y a de nombreux avantages \u00e0 permettre aux clients d&#039;utiliser les services de livraison de nourriture en Tanzanie et de commander de la nourriture en Tanzanie sur votre site. En tant que propri\u00e9taire d&#039;entreprise, c&#039;est vital car cela met votre restaurant devant plus de gens. Cela \u00e9largit votre public potentiel et augmente votre r\u00e9sultat net. Pour les clients, c&#039;est le mieux car cela leur permet de passer simplement et parfaitement des commandes quand ils le souhaitent. De plus, ils peuvent \u00eatre s\u00fbrs qu&#039;il n&#039;y aura pas de malentendu lorsqu&#039;ils passeront leurs commandes de livraison de nourriture en ligne en Tanzanie.<\/p>\n<p>L&#039;\u00e9l\u00e9ment cl\u00e9 \u00e0 r\u00e9aliser est que, malgr\u00e9 tous les avantages d&#039;avoir une entreprise de livraison de nourriture en ligne en Tanzanie, il y a absolument des avantages \u00e0 ne pas en avoir. Si quoi que ce soit, cela fonctionne m\u00eame contre vous.<\/p>","protected":false},"excerpt":{"rendered":"<p>Cheap Tanzania Food Delivery App Use the best food delivery app Tanzania and order food in Tanzania from cheap food delivery services in Tanzania simple and easy online. Online food delivery in Tanzania from nearby restaurants made easy. Many people in Tanzania prefer online food delivery services in Tanzania using food delivery app Tanzania. How [&hellip;]<\/p>\n","protected":false},"author":1,"featured_media":19299,"parent":0,"menu_order":0,"comment_status":"open","ping_status":"closed","template":"template-home-modern.php","meta":{"footnotes":""},"class_list":["post-11067","page","type-page","status-publish","has-post-thumbnail","hentry"],"yoast_head":"<!-- This site is optimized with the Yoast SEO plugin v27.3 - https:\/\/yoast.com\/product\/yoast-seo-wordpress\/ -->\n<title>Food Delivery in Tanzania - Order Food Online Near Me<\/title>\n<meta name=\"description\" content=\"Online food delivery in Tanzania from your favorite restaurants. Use the best food delivery app in Tanzania and order food in Tanzania from cheap food delivery service\" \/>\n<meta name=\"robots\" content=\"index, follow, max-snippet:-1, max-image-preview:large, max-video-preview:-1\" \/>\n<link rel=\"canonical\" href=\"https:\/\/tiketi.com\/fr-fr\/online-food-delivery-tanzania-service\/\" \/>\n<meta property=\"og:locale\" content=\"fr_FR\" \/>\n<meta property=\"og:type\" content=\"article\" \/>\n<meta property=\"og:title\" content=\"Food Delivery in Tanzania - Order Food Online Near Me\" \/>\n<meta property=\"og:description\" content=\"Online food delivery in Tanzania from your favorite restaurants. Use the best food delivery app in Tanzania and order food in Tanzania from cheap food delivery service\" \/>\n<meta property=\"og:url\" content=\"https:\/\/tiketi.com\/fr-fr\/online-food-delivery-tanzania-service\/\" \/>\n<meta property=\"og:site_name\" content=\"Tiketi.com\" \/>\n<meta property=\"article:publisher\" content=\"https:\/\/www.facebook.com\/TiketiCom\/\" \/>\n<meta property=\"article:modified_time\" content=\"2022-02-18T11:46:13+00:00\" \/>\n<meta property=\"og:image\" content=\"https:\/\/tiketi.com\/wp-content\/uploads\/2022\/02\/delivery-man2-6029429_1280.jpg\" \/>\n\t<meta property=\"og:image:width\" content=\"1200\" \/>\n\t<meta property=\"og:image:height\" content=\"200\" \/>\n\t<meta property=\"og:image:type\" content=\"image\/jpeg\" \/>\n<meta name=\"twitter:card\" content=\"summary_large_image\" \/>\n<meta name=\"twitter:label1\" content=\"Dur\u00e9e de lecture estim\u00e9e\" \/>\n\t<meta name=\"twitter:data1\" content=\"3 minutes\" \/>\n<script type=\"application\/ld+json\" class=\"yoast-schema-graph\">{\"@context\":\"https:\\\/\\\/schema.org\",\"@graph\":[{\"@type\":\"WebPage\",\"@id\":\"https:\\\/\\\/tiketi.com\\\/online-food-delivery-tanzania-service\\\/\",\"url\":\"https:\\\/\\\/tiketi.com\\\/online-food-delivery-tanzania-service\\\/\",\"name\":\"Food Delivery in Tanzania - Order Food Online Near Me\",\"isPartOf\":{\"@id\":\"https:\\\/\\\/tiketi.com\\\/#website\"},\"primaryImageOfPage\":{\"@id\":\"https:\\\/\\\/tiketi.com\\\/online-food-delivery-tanzania-service\\\/#primaryimage\"},\"image\":{\"@id\":\"https:\\\/\\\/tiketi.com\\\/online-food-delivery-tanzania-service\\\/#primaryimage\"},\"thumbnailUrl\":\"https:\\\/\\\/tiketi.com\\\/wp-content\\\/uploads\\\/2022\\\/02\\\/delivery-man2-6029429_1280.jpg\",\"datePublished\":\"2022-01-19T11:54:10+00:00\",\"dateModified\":\"2022-02-18T11:46:13+00:00\",\"description\":\"Online food delivery in Tanzania from your favorite restaurants. Use the best food delivery app in Tanzania and order food in Tanzania from cheap food delivery service\",\"breadcrumb\":{\"@id\":\"https:\\\/\\\/tiketi.com\\\/online-food-delivery-tanzania-service\\\/#breadcrumb\"},\"inLanguage\":\"fr-FR\",\"potentialAction\":[{\"@type\":\"ReadAction\",\"target\":[\"https:\\\/\\\/tiketi.com\\\/online-food-delivery-tanzania-service\\\/\"]}]},{\"@type\":\"ImageObject\",\"inLanguage\":\"fr-FR\",\"@id\":\"https:\\\/\\\/tiketi.com\\\/online-food-delivery-tanzania-service\\\/#primaryimage\",\"url\":\"https:\\\/\\\/tiketi.com\\\/wp-content\\\/uploads\\\/2022\\\/02\\\/delivery-man2-6029429_1280.jpg\",\"contentUrl\":\"https:\\\/\\\/tiketi.com\\\/wp-content\\\/uploads\\\/2022\\\/02\\\/delivery-man2-6029429_1280.jpg\",\"width\":1200,\"height\":200},{\"@type\":\"BreadcrumbList\",\"@id\":\"https:\\\/\\\/tiketi.com\\\/online-food-delivery-tanzania-service\\\/#breadcrumb\",\"itemListElement\":[{\"@type\":\"ListItem\",\"position\":1,\"name\":\"Home\",\"item\":\"https:\\\/\\\/tiketi.com\\\/\"},{\"@type\":\"ListItem\",\"position\":2,\"name\":\"Food Delivery in Tanzania- Order Food Online Near Me\"}]},{\"@type\":\"WebSite\",\"@id\":\"https:\\\/\\\/tiketi.com\\\/#website\",\"url\":\"https:\\\/\\\/tiketi.com\\\/\",\"name\":\"Flight & Bus Tickets, Tour Packages & Activitites - Tiketi.com\",\"description\":\"Flight &amp; Bus Tickets, Tours, Activitites\",\"publisher\":{\"@id\":\"https:\\\/\\\/tiketi.com\\\/#organization\"},\"potentialAction\":[{\"@type\":\"SearchAction\",\"target\":{\"@type\":\"EntryPoint\",\"urlTemplate\":\"https:\\\/\\\/tiketi.com\\\/?s={search_term_string}\"},\"query-input\":{\"@type\":\"PropertyValueSpecification\",\"valueRequired\":true,\"valueName\":\"search_term_string\"}}],\"inLanguage\":\"fr-FR\"},{\"@type\":\"Organization\",\"@id\":\"https:\\\/\\\/tiketi.com\\\/#organization\",\"name\":\"Tiketi.com\",\"alternateName\":\"Tiketi\",\"url\":\"https:\\\/\\\/tiketi.com\\\/\",\"logo\":{\"@type\":\"ImageObject\",\"inLanguage\":\"fr-FR\",\"@id\":\"https:\\\/\\\/tiketi.com\\\/#\\\/schema\\\/logo\\\/image\\\/\",\"url\":\"https:\\\/\\\/tiketi.com\\\/wp-content\\\/uploads\\\/2019\\\/05\\\/tiketi-logo-696.png\",\"contentUrl\":\"https:\\\/\\\/tiketi.com\\\/wp-content\\\/uploads\\\/2019\\\/05\\\/tiketi-logo-696.png\",\"width\":696,\"height\":696,\"caption\":\"Tiketi.com\"},\"image\":{\"@id\":\"https:\\\/\\\/tiketi.com\\\/#\\\/schema\\\/logo\\\/image\\\/\"},\"sameAs\":[\"https:\\\/\\\/www.facebook.com\\\/TiketiCom\\\/\"]}]}<\/script>\n<!-- \/ Yoast SEO plugin. -->","yoast_head_json":{"title":"Livraison de repas en Tanzanie - Commandez de la nourriture en ligne pr\u00e8s de chez moi","description":"Livraison de repas en ligne en Tanzanie depuis vos restaurants pr\u00e9f\u00e9r\u00e9s. Utilisez la meilleure application de livraison de nourriture en Tanzanie et commandez de la nourriture en Tanzanie \u00e0 partir d&#039;un service de livraison de nourriture bon march\u00e9","robots":{"index":"index","follow":"follow","max-snippet":"max-snippet:-1","max-image-preview":"max-image-preview:large","max-video-preview":"max-video-preview:-1"},"canonical":"https:\/\/tiketi.com\/fr-fr\/online-food-delivery-tanzania-service\/","og_locale":"fr_FR","og_type":"article","og_title":"Food Delivery in Tanzania - Order Food Online Near Me","og_description":"Online food delivery in Tanzania from your favorite restaurants. Use the best food delivery app in Tanzania and order food in Tanzania from cheap food delivery service","og_url":"https:\/\/tiketi.com\/fr-fr\/online-food-delivery-tanzania-service\/","og_site_name":"Tiketi.com","article_publisher":"https:\/\/www.facebook.com\/TiketiCom\/","article_modified_time":"2022-02-18T11:46:13+00:00","og_image":[{"width":1200,"height":200,"url":"https:\/\/tiketi.com\/wp-content\/uploads\/2022\/02\/delivery-man2-6029429_1280.jpg","type":"image\/jpeg"}],"twitter_card":"summary_large_image","twitter_misc":{"Dur\u00e9e de lecture estim\u00e9e":"3 minutes"},"schema":{"@context":"https:\/\/schema.org","@graph":[{"@type":"WebPage","@id":"https:\/\/tiketi.com\/online-food-delivery-tanzania-service\/","url":"https:\/\/tiketi.com\/online-food-delivery-tanzania-service\/","name":"Livraison de repas en Tanzanie - Commandez de la nourriture en ligne pr\u00e8s de chez moi","isPartOf":{"@id":"https:\/\/tiketi.com\/#website"},"primaryImageOfPage":{"@id":"https:\/\/tiketi.com\/online-food-delivery-tanzania-service\/#primaryimage"},"image":{"@id":"https:\/\/tiketi.com\/online-food-delivery-tanzania-service\/#primaryimage"},"thumbnailUrl":"https:\/\/tiketi.com\/wp-content\/uploads\/2022\/02\/delivery-man2-6029429_1280.jpg","datePublished":"2022-01-19T11:54:10+00:00","dateModified":"2022-02-18T11:46:13+00:00","description":"Livraison de repas en ligne en Tanzanie depuis vos restaurants pr\u00e9f\u00e9r\u00e9s. Utilisez la meilleure application de livraison de nourriture en Tanzanie et commandez de la nourriture en Tanzanie \u00e0 partir d&#039;un service de livraison de nourriture bon march\u00e9","breadcrumb":{"@id":"https:\/\/tiketi.com\/online-food-delivery-tanzania-service\/#breadcrumb"},"inLanguage":"fr-FR","potentialAction":[{"@type":"ReadAction","target":["https:\/\/tiketi.com\/online-food-delivery-tanzania-service\/"]}]},{"@type":"ImageObject","inLanguage":"fr-FR","@id":"https:\/\/tiketi.com\/online-food-delivery-tanzania-service\/#primaryimage","url":"https:\/\/tiketi.com\/wp-content\/uploads\/2022\/02\/delivery-man2-6029429_1280.jpg","contentUrl":"https:\/\/tiketi.com\/wp-content\/uploads\/2022\/02\/delivery-man2-6029429_1280.jpg","width":1200,"height":200},{"@type":"BreadcrumbList","@id":"https:\/\/tiketi.com\/online-food-delivery-tanzania-service\/#breadcrumb","itemListElement":[{"@type":"ListItem","position":1,"name":"Home","item":"https:\/\/tiketi.com\/"},{"@type":"ListItem","position":2,"name":"Food Delivery in Tanzania- Order Food Online Near Me"}]},{"@type":"WebSite","@id":"https:\/\/tiketi.com\/#website","url":"https:\/\/tiketi.com\/","name":"Billets d&#039;avion et de bus, forfaits touristiques et activit\u00e9s - Tiketi.com","description":"Billets d&#039;avion et de bus, Tours, Activit\u00e9s","publisher":{"@id":"https:\/\/tiketi.com\/#organization"},"potentialAction":[{"@type":"SearchAction","target":{"@type":"EntryPoint","urlTemplate":"https:\/\/tiketi.com\/?s={search_term_string}"},"query-input":{"@type":"PropertyValueSpecification","valueRequired":true,"valueName":"search_term_string"}}],"inLanguage":"fr-FR"},{"@type":"Organization","@id":"https:\/\/tiketi.com\/#organization","name":"Tiketi.com","alternateName":"Tiketi","url":"https:\/\/tiketi.com\/","logo":{"@type":"ImageObject","inLanguage":"fr-FR","@id":"https:\/\/tiketi.com\/#\/schema\/logo\/image\/","url":"https:\/\/tiketi.com\/wp-content\/uploads\/2019\/05\/tiketi-logo-696.png","contentUrl":"https:\/\/tiketi.com\/wp-content\/uploads\/2019\/05\/tiketi-logo-696.png","width":696,"height":696,"caption":"Tiketi.com"},"image":{"@id":"https:\/\/tiketi.com\/#\/schema\/logo\/image\/"},"sameAs":["https:\/\/www.facebook.com\/TiketiCom\/"]}]}},"_links":{"self":[{"href":"https:\/\/tiketi.com\/fr-fr\/wp-json\/wp\/v2\/pages\/11067","targetHints":{"allow":["GET"]}}],"collection":[{"href":"https:\/\/tiketi.com\/fr-fr\/wp-json\/wp\/v2\/pages"}],"about":[{"href":"https:\/\/tiketi.com\/fr-fr\/wp-json\/wp\/v2\/types\/page"}],"author":[{"embeddable":true,"href":"https:\/\/tiketi.com\/fr-fr\/wp-json\/wp\/v2\/users\/1"}],"replies":[{"embeddable":true,"href":"https:\/\/tiketi.com\/fr-fr\/wp-json\/wp\/v2\/comments?post=11067"}],"version-history":[{"count":0,"href":"https:\/\/tiketi.com\/fr-fr\/wp-json\/wp\/v2\/pages\/11067\/revisions"}],"wp:featuredmedia":[{"embeddable":true,"href":"https:\/\/tiketi.com\/fr-fr\/wp-json\/wp\/v2\/media\/19299"}],"wp:attachment":[{"href":"https:\/\/tiketi.com\/fr-fr\/wp-json\/wp\/v2\/media?parent=11067"}],"curies":[{"name":"wp","href":"https:\/\/api.w.org\/{rel}","templated":true}]}}