{"id":11068,"date":"2022-01-19T12:54:10","date_gmt":"2022-01-19T11:54:10","guid":{"rendered":"https:\/\/new.tiketi.com\/food-delivery-in-botswana-from-nearby-restaurants\/"},"modified":"2022-02-13T14:57:05","modified_gmt":"2022-02-13T13:57:05","slug":"online-food-delivery-botswana-service","status":"publish","type":"page","link":"https:\/\/tiketi.com\/fr-fr\/online-food-delivery-botswana-service\/","title":{"rendered":"Livraison de plats cuisin\u00e9s dans Botswana \u00e0 partir de restaurants \u00e0 proximit\u00e9"},"content":{"rendered":"<h2>Livraison de repas en ligne au Botswana<\/h2>\n<h3>Utilisez la meilleure application de livraison de nourriture Botswana et commandez de la nourriture en ligne au Botswana simple et facile<\/h3>\n<p>La livraison de nourriture en ligne au Botswana en toute simplicit\u00e9. Aujourd&#039;hui, les gens sont tellement occup\u00e9s qu&#039;ils n&#039;ont pas le temps de sortir de chez eux et d&#039;utiliser l&#039;application de livraison de nourriture Botswana pour acheter la nourriture qu&#039;ils aiment. Si vous \u00eates une personne occup\u00e9e, vous n&#039;avez peut-\u00eatre pas suffisamment de temps pour quitter votre domicile ou votre bureau pour acheter votre nourriture pr\u00e9f\u00e9r\u00e9e au magasin \u00e0 proximit\u00e9\u00a0? Quelle est donc la solution \u00e0 ce gros probl\u00e8me ? Un moyen simple de r\u00e9soudre ce probl\u00e8me consiste \u00e0 utiliser les services de livraison de nourriture en ligne Botswana.<\/p>\n<h2>Livraison de nourriture en ligne Botswana Avantages<\/h2>\n<h3>Facilit\u00e9 d&#039;acc\u00e8s via l&#039;application de livraison de nourriture Botswana<\/h3>\n<p>Avec une application de livraison de nourriture 24 heures sur 24 au Botswana, le principal avantage dont vous pouvez profiter est de choisir parmi une large gamme d&#039;aliments. Vous pouvez consulter leurs menus en ligne pour conna\u00eetre le type de nourriture qu&#039;ils proposent et livrent en ligne. Par exemple, vous pouvez choisir parmi la restauration rapide, les g\u00e2teaux et les l\u00e9gumes, pour n&#039;en nommer que quelques-uns.<\/p>\n<p>Tout ce que vous devez faire et choisir entre vos aliments pr\u00e9f\u00e9r\u00e9s, puis commander de la nourriture en ligne au Botswana. Votre article n\u00e9cessaire vous sera exp\u00e9di\u00e9 en quelques minutes.<\/p>\n<h3>Commandez de la nourriture en ligne au Botswana et explorez de nouveaux endroits<\/h3>\n<p>Explorer de nouveaux endroits est l&#039;un des principaux avantages de la commande de nourriture en ligne au Botswana. Ainsi, vous pouvez choisir parmi de nombreux choix en termes de restaurants et de nourriture.<\/p>\n<p>Les menus en ligne de livraison de nourriture au Botswana sont en fait explicites, ce qui permet aux utilisateurs de passer facilement les commandes. De cette fa\u00e7on, vous pouvez visualiser les plats propos\u00e9s par les diff\u00e9rents restaurants sans avoir \u00e0 vous d\u00e9placer dans chaque restaurant un par un. Cela peut vous garder beaucoup d&#039;efforts et de temps.<\/p>\n<h3>Livraison de nourriture en ligne abordable au Botswana<\/h3>\n<p>Les services de livraison de nourriture au Botswana peuvent \u00e9galement vous faire gagner beaucoup d&#039;argent et de temps. C&#039;est une meilleure id\u00e9e de commander votre nourriture en ligne et d&#039;utiliser les services d&#039;un service de livraison de nourriture en ligne. Vous pouvez passer votre commande depuis le confort de votre maison tant que vous \u00eates connect\u00e9 au monde en ligne. Alternativement, vous pouvez passer votre commande par t\u00e9l\u00e9phone. Une fois votre commande v\u00e9rifi\u00e9e via des applications de livraison de nourriture au Botswana, vous aurez votre article pr\u00e9f\u00e9r\u00e9 entre vos mains en quelques minutes.<\/p>\n<p>D&#039;autre part, le syst\u00e8me de commande en ligne vous aide \u00e0 personnaliser vos conceptions et votre menu rapidement et facilement en fonction de vos besoins et de ceux de vos visiteurs. Vous pouvez partager quelques images de votre nourriture ou de toute autre chose qui, selon vous, pr\u00e9senteront une meilleure image de votre marque afin qu&#039;elle devienne plus attrayante pour les clients. Vous avez un contr\u00f4le total sur votre marque.<\/p>","protected":false},"excerpt":{"rendered":"<p>Online Food Delivery&nbsp;in Botswana Use the best food delivery app Botswana and order food online in Botswana simple and easy Online food delivery in Botswana made easy. Today, people are so busy that they do not have time to get out their homes and use food delivery app Botswana to buy the food they love. [&hellip;]<\/p>\n","protected":false},"author":1,"featured_media":19299,"parent":0,"menu_order":0,"comment_status":"open","ping_status":"closed","template":"template-home-modern.php","meta":{"footnotes":""},"class_list":["post-11068","page","type-page","status-publish","has-post-thumbnail","hentry"],"yoast_head":"<!-- This site is optimized with the Yoast SEO plugin v27.3 - https:\/\/yoast.com\/product\/yoast-seo-wordpress\/ -->\n<title>Food Delivery in Botswana from Nearby Restaurants<\/title>\n<meta name=\"description\" content=\"Looking for online food delivery in Botswana from nearby restaurants. Download our food delivery app Botswana and order food online in Botswana now\" \/>\n<meta name=\"robots\" content=\"index, follow, max-snippet:-1, max-image-preview:large, max-video-preview:-1\" \/>\n<link rel=\"canonical\" href=\"https:\/\/tiketi.com\/fr-fr\/online-food-delivery-botswana-service\/\" \/>\n<meta property=\"og:locale\" content=\"fr_FR\" \/>\n<meta property=\"og:type\" content=\"article\" \/>\n<meta property=\"og:title\" content=\"Food Delivery in Botswana from Nearby Restaurants\" \/>\n<meta property=\"og:description\" content=\"Looking for online food delivery in Botswana from nearby restaurants. Download our food delivery app Botswana and order food online in Botswana now\" \/>\n<meta property=\"og:url\" content=\"https:\/\/tiketi.com\/fr-fr\/online-food-delivery-botswana-service\/\" \/>\n<meta property=\"og:site_name\" content=\"Tiketi.com\" \/>\n<meta property=\"article:publisher\" content=\"https:\/\/www.facebook.com\/TiketiCom\/\" \/>\n<meta property=\"article:modified_time\" content=\"2022-02-13T13:57:05+00:00\" \/>\n<meta property=\"og:image\" content=\"https:\/\/tiketi.com\/wp-content\/uploads\/2022\/02\/delivery-man2-6029429_1280.jpg\" \/>\n\t<meta property=\"og:image:width\" content=\"1200\" \/>\n\t<meta property=\"og:image:height\" content=\"200\" \/>\n\t<meta property=\"og:image:type\" content=\"image\/jpeg\" \/>\n<meta name=\"twitter:card\" content=\"summary_large_image\" \/>\n<meta name=\"twitter:label1\" content=\"Dur\u00e9e de lecture estim\u00e9e\" \/>\n\t<meta name=\"twitter:data1\" content=\"2 minutes\" \/>\n<script type=\"application\/ld+json\" class=\"yoast-schema-graph\">{\"@context\":\"https:\\\/\\\/schema.org\",\"@graph\":[{\"@type\":\"WebPage\",\"@id\":\"https:\\\/\\\/tiketi.com\\\/online-food-delivery-botswana-service\\\/\",\"url\":\"https:\\\/\\\/tiketi.com\\\/online-food-delivery-botswana-service\\\/\",\"name\":\"Food Delivery in Botswana from Nearby Restaurants\",\"isPartOf\":{\"@id\":\"https:\\\/\\\/tiketi.com\\\/#website\"},\"primaryImageOfPage\":{\"@id\":\"https:\\\/\\\/tiketi.com\\\/online-food-delivery-botswana-service\\\/#primaryimage\"},\"image\":{\"@id\":\"https:\\\/\\\/tiketi.com\\\/online-food-delivery-botswana-service\\\/#primaryimage\"},\"thumbnailUrl\":\"https:\\\/\\\/tiketi.com\\\/wp-content\\\/uploads\\\/2022\\\/02\\\/delivery-man2-6029429_1280.jpg\",\"datePublished\":\"2022-01-19T11:54:10+00:00\",\"dateModified\":\"2022-02-13T13:57:05+00:00\",\"description\":\"Looking for online food delivery in Botswana from nearby restaurants. Download our food delivery app Botswana and order food online in Botswana now\",\"breadcrumb\":{\"@id\":\"https:\\\/\\\/tiketi.com\\\/online-food-delivery-botswana-service\\\/#breadcrumb\"},\"inLanguage\":\"fr-FR\",\"potentialAction\":[{\"@type\":\"ReadAction\",\"target\":[\"https:\\\/\\\/tiketi.com\\\/online-food-delivery-botswana-service\\\/\"]}]},{\"@type\":\"ImageObject\",\"inLanguage\":\"fr-FR\",\"@id\":\"https:\\\/\\\/tiketi.com\\\/online-food-delivery-botswana-service\\\/#primaryimage\",\"url\":\"https:\\\/\\\/tiketi.com\\\/wp-content\\\/uploads\\\/2022\\\/02\\\/delivery-man2-6029429_1280.jpg\",\"contentUrl\":\"https:\\\/\\\/tiketi.com\\\/wp-content\\\/uploads\\\/2022\\\/02\\\/delivery-man2-6029429_1280.jpg\",\"width\":1200,\"height\":200},{\"@type\":\"BreadcrumbList\",\"@id\":\"https:\\\/\\\/tiketi.com\\\/online-food-delivery-botswana-service\\\/#breadcrumb\",\"itemListElement\":[{\"@type\":\"ListItem\",\"position\":1,\"name\":\"Home\",\"item\":\"https:\\\/\\\/tiketi.com\\\/\"},{\"@type\":\"ListItem\",\"position\":2,\"name\":\"Food Delivery in Botswana from Nearby Restaurants\"}]},{\"@type\":\"WebSite\",\"@id\":\"https:\\\/\\\/tiketi.com\\\/#website\",\"url\":\"https:\\\/\\\/tiketi.com\\\/\",\"name\":\"Flight & Bus Tickets, Tour Packages & Activitites - Tiketi.com\",\"description\":\"Flight &amp; Bus Tickets, Tours, Activitites\",\"publisher\":{\"@id\":\"https:\\\/\\\/tiketi.com\\\/#organization\"},\"potentialAction\":[{\"@type\":\"SearchAction\",\"target\":{\"@type\":\"EntryPoint\",\"urlTemplate\":\"https:\\\/\\\/tiketi.com\\\/?s={search_term_string}\"},\"query-input\":{\"@type\":\"PropertyValueSpecification\",\"valueRequired\":true,\"valueName\":\"search_term_string\"}}],\"inLanguage\":\"fr-FR\"},{\"@type\":\"Organization\",\"@id\":\"https:\\\/\\\/tiketi.com\\\/#organization\",\"name\":\"Tiketi.com\",\"alternateName\":\"Tiketi\",\"url\":\"https:\\\/\\\/tiketi.com\\\/\",\"logo\":{\"@type\":\"ImageObject\",\"inLanguage\":\"fr-FR\",\"@id\":\"https:\\\/\\\/tiketi.com\\\/#\\\/schema\\\/logo\\\/image\\\/\",\"url\":\"https:\\\/\\\/tiketi.com\\\/wp-content\\\/uploads\\\/2019\\\/05\\\/tiketi-logo-696.png\",\"contentUrl\":\"https:\\\/\\\/tiketi.com\\\/wp-content\\\/uploads\\\/2019\\\/05\\\/tiketi-logo-696.png\",\"width\":696,\"height\":696,\"caption\":\"Tiketi.com\"},\"image\":{\"@id\":\"https:\\\/\\\/tiketi.com\\\/#\\\/schema\\\/logo\\\/image\\\/\"},\"sameAs\":[\"https:\\\/\\\/www.facebook.com\\\/TiketiCom\\\/\"]}]}<\/script>\n<!-- \/ Yoast SEO plugin. -->","yoast_head_json":{"title":"Livraison de plats cuisin\u00e9s dans Botswana \u00e0 partir de restaurants \u00e0 proximit\u00e9","description":"Vous recherchez une livraison de nourriture en ligne au Botswana \u00e0 partir de restaurants \u00e0 proximit\u00e9. T\u00e9l\u00e9chargez notre application de livraison de nourriture Botswana et commandez de la nourriture en ligne au Botswana maintenant","robots":{"index":"index","follow":"follow","max-snippet":"max-snippet:-1","max-image-preview":"max-image-preview:large","max-video-preview":"max-video-preview:-1"},"canonical":"https:\/\/tiketi.com\/fr-fr\/online-food-delivery-botswana-service\/","og_locale":"fr_FR","og_type":"article","og_title":"Food Delivery in Botswana from Nearby Restaurants","og_description":"Looking for online food delivery in Botswana from nearby restaurants. Download our food delivery app Botswana and order food online in Botswana now","og_url":"https:\/\/tiketi.com\/fr-fr\/online-food-delivery-botswana-service\/","og_site_name":"Tiketi.com","article_publisher":"https:\/\/www.facebook.com\/TiketiCom\/","article_modified_time":"2022-02-13T13:57:05+00:00","og_image":[{"width":1200,"height":200,"url":"https:\/\/tiketi.com\/wp-content\/uploads\/2022\/02\/delivery-man2-6029429_1280.jpg","type":"image\/jpeg"}],"twitter_card":"summary_large_image","twitter_misc":{"Dur\u00e9e de lecture estim\u00e9e":"2 minutes"},"schema":{"@context":"https:\/\/schema.org","@graph":[{"@type":"WebPage","@id":"https:\/\/tiketi.com\/online-food-delivery-botswana-service\/","url":"https:\/\/tiketi.com\/online-food-delivery-botswana-service\/","name":"Livraison de plats cuisin\u00e9s dans Botswana \u00e0 partir de restaurants \u00e0 proximit\u00e9","isPartOf":{"@id":"https:\/\/tiketi.com\/#website"},"primaryImageOfPage":{"@id":"https:\/\/tiketi.com\/online-food-delivery-botswana-service\/#primaryimage"},"image":{"@id":"https:\/\/tiketi.com\/online-food-delivery-botswana-service\/#primaryimage"},"thumbnailUrl":"https:\/\/tiketi.com\/wp-content\/uploads\/2022\/02\/delivery-man2-6029429_1280.jpg","datePublished":"2022-01-19T11:54:10+00:00","dateModified":"2022-02-13T13:57:05+00:00","description":"Vous recherchez une livraison de nourriture en ligne au Botswana \u00e0 partir de restaurants \u00e0 proximit\u00e9. T\u00e9l\u00e9chargez notre application de livraison de nourriture Botswana et commandez de la nourriture en ligne au Botswana maintenant","breadcrumb":{"@id":"https:\/\/tiketi.com\/online-food-delivery-botswana-service\/#breadcrumb"},"inLanguage":"fr-FR","potentialAction":[{"@type":"ReadAction","target":["https:\/\/tiketi.com\/online-food-delivery-botswana-service\/"]}]},{"@type":"ImageObject","inLanguage":"fr-FR","@id":"https:\/\/tiketi.com\/online-food-delivery-botswana-service\/#primaryimage","url":"https:\/\/tiketi.com\/wp-content\/uploads\/2022\/02\/delivery-man2-6029429_1280.jpg","contentUrl":"https:\/\/tiketi.com\/wp-content\/uploads\/2022\/02\/delivery-man2-6029429_1280.jpg","width":1200,"height":200},{"@type":"BreadcrumbList","@id":"https:\/\/tiketi.com\/online-food-delivery-botswana-service\/#breadcrumb","itemListElement":[{"@type":"ListItem","position":1,"name":"Home","item":"https:\/\/tiketi.com\/"},{"@type":"ListItem","position":2,"name":"Food Delivery in Botswana from Nearby Restaurants"}]},{"@type":"WebSite","@id":"https:\/\/tiketi.com\/#website","url":"https:\/\/tiketi.com\/","name":"Billets d&#039;avion et de bus, forfaits touristiques et activit\u00e9s - Tiketi.com","description":"Billets d&#039;avion et de bus, Tours, Activit\u00e9s","publisher":{"@id":"https:\/\/tiketi.com\/#organization"},"potentialAction":[{"@type":"SearchAction","target":{"@type":"EntryPoint","urlTemplate":"https:\/\/tiketi.com\/?s={search_term_string}"},"query-input":{"@type":"PropertyValueSpecification","valueRequired":true,"valueName":"search_term_string"}}],"inLanguage":"fr-FR"},{"@type":"Organization","@id":"https:\/\/tiketi.com\/#organization","name":"Tiketi.com","alternateName":"Tiketi","url":"https:\/\/tiketi.com\/","logo":{"@type":"ImageObject","inLanguage":"fr-FR","@id":"https:\/\/tiketi.com\/#\/schema\/logo\/image\/","url":"https:\/\/tiketi.com\/wp-content\/uploads\/2019\/05\/tiketi-logo-696.png","contentUrl":"https:\/\/tiketi.com\/wp-content\/uploads\/2019\/05\/tiketi-logo-696.png","width":696,"height":696,"caption":"Tiketi.com"},"image":{"@id":"https:\/\/tiketi.com\/#\/schema\/logo\/image\/"},"sameAs":["https:\/\/www.facebook.com\/TiketiCom\/"]}]}},"_links":{"self":[{"href":"https:\/\/tiketi.com\/fr-fr\/wp-json\/wp\/v2\/pages\/11068","targetHints":{"allow":["GET"]}}],"collection":[{"href":"https:\/\/tiketi.com\/fr-fr\/wp-json\/wp\/v2\/pages"}],"about":[{"href":"https:\/\/tiketi.com\/fr-fr\/wp-json\/wp\/v2\/types\/page"}],"author":[{"embeddable":true,"href":"https:\/\/tiketi.com\/fr-fr\/wp-json\/wp\/v2\/users\/1"}],"replies":[{"embeddable":true,"href":"https:\/\/tiketi.com\/fr-fr\/wp-json\/wp\/v2\/comments?post=11068"}],"version-history":[{"count":0,"href":"https:\/\/tiketi.com\/fr-fr\/wp-json\/wp\/v2\/pages\/11068\/revisions"}],"wp:featuredmedia":[{"embeddable":true,"href":"https:\/\/tiketi.com\/fr-fr\/wp-json\/wp\/v2\/media\/19299"}],"wp:attachment":[{"href":"https:\/\/tiketi.com\/fr-fr\/wp-json\/wp\/v2\/media?parent=11068"}],"curies":[{"name":"wp","href":"https:\/\/api.w.org\/{rel}","templated":true}]}}