{"id":11069,"date":"2022-01-19T12:54:11","date_gmt":"2022-01-19T11:54:11","guid":{"rendered":"https:\/\/new.tiketi.com\/food-delivery-in-uganda-from-nearby-restaurants\/"},"modified":"2022-02-13T15:16:29","modified_gmt":"2022-02-13T14:16:29","slug":"online-food-delivery-uganda-service","status":"publish","type":"page","link":"https:\/\/tiketi.com\/fr-fr\/online-food-delivery-uganda-service\/","title":{"rendered":"Livraison de nourriture en Ouganda \u00e0 partir des restaurants \u00e0 proximit\u00e9"},"content":{"rendered":"<h2>Services de livraison de nourriture en ligne en Ouganda<\/h2>\n<h3>Utilisez la meilleure application de livraison de nourriture en Ouganda et commandez de la nourriture en ligne en Ouganda de mani\u00e8re simple et facile<\/h3>\n<p>La livraison de nourriture en ligne en Ouganda est facilit\u00e9e. Les gens sont tr\u00e8s occup\u00e9s de nos jours et n\u2019ont pas le temps de sortir de chez eux et n\u2019ont pas la possibilit\u00e9 d\u2019acheter de la nourriture. En tant que personne occup\u00e9e, vous n\u2019avez peut-\u00eatre pas suffisamment de temps pour quitter votre bureau ou votre domicile pour aller chercher de la nourriture. Quelle est la solution pour ce cas ? Les services de livraison de nourriture en ligne en Ouganda sont un moyen simple de r\u00e9soudre ce probl\u00e8me. Avec ce guide, nous explorerons la raison pour laquelle vous devez utiliser l&#039;application de livraison de nourriture en Ouganda pour commander de la nourriture standard dans le confort de votre propre maison.<\/p>\n<h2>Livraison de nourriture en ligne en Ouganda Avantages<\/h2>\n<h3>Application de livraison de nourriture Services en Ouganda<\/h3>\n<p>De nos jours, il est assez facile de trouver des services de livraison de nourriture en ligne en Ouganda. Si vous ne le saviez pas, la restauration rapide figure sur la liste des produits les plus command\u00e9s de la plan\u00e8te. La livraison de nourriture en ligne en Ouganda pr\u00e9sente de nombreux avantages. Sans plus tarder, parlons de quelques avantages cl\u00e9s de la commande de nourriture en ligne.<\/p>\n<h3>Commandez de la nourriture en ligne en Ouganda et b\u00e9n\u00e9ficiez d&#039;options plus actuelles<\/h3>\n<p>Explorer de nouveaux aliments signifie explorer de nouveaux endroits. Vous pouvez choisir une large gamme d\u2019aliments \u00e0 condition qu\u2019ils proviennent de restaurants. La commande de livraison de nourriture en ligne 24 heures sur 24 en Ouganda est explicite, ce qui constitue un avantage pour les utilisateurs qui souhaitent passer leur commande simplement. Gr\u00e2ce \u00e0 cela, vous serez en mesure de d\u00e9couvrir diff\u00e9rents aliments provenant de diff\u00e9rents endroits, m\u00eame sans voyager de restaurant en restaurant. Cela peut permettre d&#039;\u00e9conomiser beaucoup d&#039;\u00e9nergie, de temps et d&#039;argent.<\/p>\n<h3>Livraison de nourriture en ligne Accessibilit\u00e9 en Ouganda<\/h3>\n<p>Le principal avantage d\u2019un service de livraison de nourriture en ligne en Ouganda serait la gamme de repas parmi lesquels choisir. Vous pouvez consulter les menus pour voir quel type de nourriture ils livrent et proposent en ligne. Par exemple, vous pouvez choisir parmi des smoothies, des plats de restauration rapide et des plats de l\u00e9gumes, et tout ce \u00e0 quoi vous pouvez penser. Tout ce que vous avez \u00e0 faire est de choisir entre vos plats pr\u00e9f\u00e9r\u00e9s et de passer votre commande, puis le jeu d&#039;attente arrive. Cela ne prendrait pas des heures pour que votre nourriture soit livr\u00e9e o\u00f9 que vous soyez.<\/p>\n<h3>Services de livraison de nourriture en ligne abordables en Ouganda<\/h3>\n<p>Comme mentionn\u00e9, lorsque vous commandez de la nourriture en ligne en Ouganda, vous \u00e9conomisez beaucoup de temps, d&#039;argent et d&#039;\u00e9nergie. Vous devrez monter dans votre v\u00e9hicule et emprunter la circulation pour obtenir la nourriture dont vous avez envie. Vous pouvez commander en ligne et vous faire livrer \u00e0 votre domicile.<\/p>\n<p>L&#039;application de livraison de nourriture en Ouganda peut \u00e9galement vous faire gagner beaucoup de temps et d&#039;argent. La raison en est que vous n\u2019aurez pas \u00e0 vous asseoir dans votre v\u00e9hicule et \u00e0 vous rendre au restaurant. En cons\u00e9quence, vous pouvez \u00e9conomiser beaucoup d\u2019efforts, de temps et d\u2019argent. Apr\u00e8s tout, l&#039;achat d&#039;essence co\u00fbte de l&#039;argent et le d\u00e9placement demande beaucoup d&#039;efforts et de temps.<\/p>","protected":false},"excerpt":{"rendered":"<p>Online Food Delivery Services in Uganda Use the best food delivery app Uganda and order food online in Uganda simple and easy Online food delivery in Uganda made easy. People are very busy nowadays that they do not have time to get out of their houses and have the opportunities to buy food. As a [&hellip;]<\/p>\n","protected":false},"author":1,"featured_media":19299,"parent":0,"menu_order":0,"comment_status":"open","ping_status":"closed","template":"template-home-modern.php","meta":{"footnotes":""},"class_list":["post-11069","page","type-page","status-publish","has-post-thumbnail","hentry"],"yoast_head":"<!-- This site is optimized with the Yoast SEO plugin v27.3 - https:\/\/yoast.com\/product\/yoast-seo-wordpress\/ -->\n<title>Food Delivery in Uganda from Nearby Restaurants<\/title>\n<meta name=\"description\" content=\"Looking for cheap online food delivery in Uganda from nearby restaurants. Download our food delivery app Uganda and order food online in Uganda now\" \/>\n<meta name=\"robots\" content=\"index, follow, max-snippet:-1, max-image-preview:large, max-video-preview:-1\" \/>\n<link rel=\"canonical\" href=\"https:\/\/tiketi.com\/fr-fr\/online-food-delivery-uganda-service\/\" \/>\n<meta property=\"og:locale\" content=\"fr_FR\" \/>\n<meta property=\"og:type\" content=\"article\" \/>\n<meta property=\"og:title\" content=\"Food Delivery in Uganda from Nearby Restaurants\" \/>\n<meta property=\"og:description\" content=\"Looking for cheap online food delivery in Uganda from nearby restaurants. Download our food delivery app Uganda and order food online in Uganda now\" \/>\n<meta property=\"og:url\" content=\"https:\/\/tiketi.com\/fr-fr\/online-food-delivery-uganda-service\/\" \/>\n<meta property=\"og:site_name\" content=\"Tiketi.com\" \/>\n<meta property=\"article:publisher\" content=\"https:\/\/www.facebook.com\/TiketiCom\/\" \/>\n<meta property=\"article:modified_time\" content=\"2022-02-13T14:16:29+00:00\" \/>\n<meta property=\"og:image\" content=\"https:\/\/tiketi.com\/wp-content\/uploads\/2022\/02\/delivery-man2-6029429_1280.jpg\" \/>\n\t<meta property=\"og:image:width\" content=\"1200\" \/>\n\t<meta property=\"og:image:height\" content=\"200\" \/>\n\t<meta property=\"og:image:type\" content=\"image\/jpeg\" \/>\n<meta name=\"twitter:card\" content=\"summary_large_image\" \/>\n<meta name=\"twitter:label1\" content=\"Dur\u00e9e de lecture estim\u00e9e\" \/>\n\t<meta name=\"twitter:data1\" content=\"3 minutes\" \/>\n<script type=\"application\/ld+json\" class=\"yoast-schema-graph\">{\"@context\":\"https:\\\/\\\/schema.org\",\"@graph\":[{\"@type\":\"WebPage\",\"@id\":\"https:\\\/\\\/tiketi.com\\\/online-food-delivery-uganda-service\\\/\",\"url\":\"https:\\\/\\\/tiketi.com\\\/online-food-delivery-uganda-service\\\/\",\"name\":\"Food Delivery in Uganda from Nearby Restaurants\",\"isPartOf\":{\"@id\":\"https:\\\/\\\/tiketi.com\\\/#website\"},\"primaryImageOfPage\":{\"@id\":\"https:\\\/\\\/tiketi.com\\\/online-food-delivery-uganda-service\\\/#primaryimage\"},\"image\":{\"@id\":\"https:\\\/\\\/tiketi.com\\\/online-food-delivery-uganda-service\\\/#primaryimage\"},\"thumbnailUrl\":\"https:\\\/\\\/tiketi.com\\\/wp-content\\\/uploads\\\/2022\\\/02\\\/delivery-man2-6029429_1280.jpg\",\"datePublished\":\"2022-01-19T11:54:11+00:00\",\"dateModified\":\"2022-02-13T14:16:29+00:00\",\"description\":\"Looking for cheap online food delivery in Uganda from nearby restaurants. Download our food delivery app Uganda and order food online in Uganda now\",\"breadcrumb\":{\"@id\":\"https:\\\/\\\/tiketi.com\\\/online-food-delivery-uganda-service\\\/#breadcrumb\"},\"inLanguage\":\"fr-FR\",\"potentialAction\":[{\"@type\":\"ReadAction\",\"target\":[\"https:\\\/\\\/tiketi.com\\\/online-food-delivery-uganda-service\\\/\"]}]},{\"@type\":\"ImageObject\",\"inLanguage\":\"fr-FR\",\"@id\":\"https:\\\/\\\/tiketi.com\\\/online-food-delivery-uganda-service\\\/#primaryimage\",\"url\":\"https:\\\/\\\/tiketi.com\\\/wp-content\\\/uploads\\\/2022\\\/02\\\/delivery-man2-6029429_1280.jpg\",\"contentUrl\":\"https:\\\/\\\/tiketi.com\\\/wp-content\\\/uploads\\\/2022\\\/02\\\/delivery-man2-6029429_1280.jpg\",\"width\":1200,\"height\":200},{\"@type\":\"BreadcrumbList\",\"@id\":\"https:\\\/\\\/tiketi.com\\\/online-food-delivery-uganda-service\\\/#breadcrumb\",\"itemListElement\":[{\"@type\":\"ListItem\",\"position\":1,\"name\":\"Home\",\"item\":\"https:\\\/\\\/tiketi.com\\\/\"},{\"@type\":\"ListItem\",\"position\":2,\"name\":\"Food Delivery in Uganda from Nearby Restaurants\"}]},{\"@type\":\"WebSite\",\"@id\":\"https:\\\/\\\/tiketi.com\\\/#website\",\"url\":\"https:\\\/\\\/tiketi.com\\\/\",\"name\":\"Flight & Bus Tickets, Tour Packages & Activitites - Tiketi.com\",\"description\":\"Flight &amp; Bus Tickets, Tours, Activitites\",\"publisher\":{\"@id\":\"https:\\\/\\\/tiketi.com\\\/#organization\"},\"potentialAction\":[{\"@type\":\"SearchAction\",\"target\":{\"@type\":\"EntryPoint\",\"urlTemplate\":\"https:\\\/\\\/tiketi.com\\\/?s={search_term_string}\"},\"query-input\":{\"@type\":\"PropertyValueSpecification\",\"valueRequired\":true,\"valueName\":\"search_term_string\"}}],\"inLanguage\":\"fr-FR\"},{\"@type\":\"Organization\",\"@id\":\"https:\\\/\\\/tiketi.com\\\/#organization\",\"name\":\"Tiketi.com\",\"alternateName\":\"Tiketi\",\"url\":\"https:\\\/\\\/tiketi.com\\\/\",\"logo\":{\"@type\":\"ImageObject\",\"inLanguage\":\"fr-FR\",\"@id\":\"https:\\\/\\\/tiketi.com\\\/#\\\/schema\\\/logo\\\/image\\\/\",\"url\":\"https:\\\/\\\/tiketi.com\\\/wp-content\\\/uploads\\\/2019\\\/05\\\/tiketi-logo-696.png\",\"contentUrl\":\"https:\\\/\\\/tiketi.com\\\/wp-content\\\/uploads\\\/2019\\\/05\\\/tiketi-logo-696.png\",\"width\":696,\"height\":696,\"caption\":\"Tiketi.com\"},\"image\":{\"@id\":\"https:\\\/\\\/tiketi.com\\\/#\\\/schema\\\/logo\\\/image\\\/\"},\"sameAs\":[\"https:\\\/\\\/www.facebook.com\\\/TiketiCom\\\/\"]}]}<\/script>\n<!-- \/ Yoast SEO plugin. -->","yoast_head_json":{"title":"Livraison de nourriture en Ouganda \u00e0 partir des restaurants \u00e0 proximit\u00e9","description":"Vous recherchez une livraison de nourriture en ligne bon march\u00e9 en Ouganda \u00e0 partir de restaurants \u00e0 proximit\u00e9. T\u00e9l\u00e9chargez notre application de livraison de nourriture en Ouganda et commandez de la nourriture en ligne en Ouganda maintenant","robots":{"index":"index","follow":"follow","max-snippet":"max-snippet:-1","max-image-preview":"max-image-preview:large","max-video-preview":"max-video-preview:-1"},"canonical":"https:\/\/tiketi.com\/fr-fr\/online-food-delivery-uganda-service\/","og_locale":"fr_FR","og_type":"article","og_title":"Food Delivery in Uganda from Nearby Restaurants","og_description":"Looking for cheap online food delivery in Uganda from nearby restaurants. Download our food delivery app Uganda and order food online in Uganda now","og_url":"https:\/\/tiketi.com\/fr-fr\/online-food-delivery-uganda-service\/","og_site_name":"Tiketi.com","article_publisher":"https:\/\/www.facebook.com\/TiketiCom\/","article_modified_time":"2022-02-13T14:16:29+00:00","og_image":[{"width":1200,"height":200,"url":"https:\/\/tiketi.com\/wp-content\/uploads\/2022\/02\/delivery-man2-6029429_1280.jpg","type":"image\/jpeg"}],"twitter_card":"summary_large_image","twitter_misc":{"Dur\u00e9e de lecture estim\u00e9e":"3 minutes"},"schema":{"@context":"https:\/\/schema.org","@graph":[{"@type":"WebPage","@id":"https:\/\/tiketi.com\/online-food-delivery-uganda-service\/","url":"https:\/\/tiketi.com\/online-food-delivery-uganda-service\/","name":"Livraison de nourriture en Ouganda \u00e0 partir des restaurants \u00e0 proximit\u00e9","isPartOf":{"@id":"https:\/\/tiketi.com\/#website"},"primaryImageOfPage":{"@id":"https:\/\/tiketi.com\/online-food-delivery-uganda-service\/#primaryimage"},"image":{"@id":"https:\/\/tiketi.com\/online-food-delivery-uganda-service\/#primaryimage"},"thumbnailUrl":"https:\/\/tiketi.com\/wp-content\/uploads\/2022\/02\/delivery-man2-6029429_1280.jpg","datePublished":"2022-01-19T11:54:11+00:00","dateModified":"2022-02-13T14:16:29+00:00","description":"Vous recherchez une livraison de nourriture en ligne bon march\u00e9 en Ouganda \u00e0 partir de restaurants \u00e0 proximit\u00e9. T\u00e9l\u00e9chargez notre application de livraison de nourriture en Ouganda et commandez de la nourriture en ligne en Ouganda maintenant","breadcrumb":{"@id":"https:\/\/tiketi.com\/online-food-delivery-uganda-service\/#breadcrumb"},"inLanguage":"fr-FR","potentialAction":[{"@type":"ReadAction","target":["https:\/\/tiketi.com\/online-food-delivery-uganda-service\/"]}]},{"@type":"ImageObject","inLanguage":"fr-FR","@id":"https:\/\/tiketi.com\/online-food-delivery-uganda-service\/#primaryimage","url":"https:\/\/tiketi.com\/wp-content\/uploads\/2022\/02\/delivery-man2-6029429_1280.jpg","contentUrl":"https:\/\/tiketi.com\/wp-content\/uploads\/2022\/02\/delivery-man2-6029429_1280.jpg","width":1200,"height":200},{"@type":"BreadcrumbList","@id":"https:\/\/tiketi.com\/online-food-delivery-uganda-service\/#breadcrumb","itemListElement":[{"@type":"ListItem","position":1,"name":"Home","item":"https:\/\/tiketi.com\/"},{"@type":"ListItem","position":2,"name":"Food Delivery in Uganda from Nearby Restaurants"}]},{"@type":"WebSite","@id":"https:\/\/tiketi.com\/#website","url":"https:\/\/tiketi.com\/","name":"Billets d&#039;avion et de bus, forfaits touristiques et activit\u00e9s - Tiketi.com","description":"Billets d&#039;avion et de bus, Tours, Activit\u00e9s","publisher":{"@id":"https:\/\/tiketi.com\/#organization"},"potentialAction":[{"@type":"SearchAction","target":{"@type":"EntryPoint","urlTemplate":"https:\/\/tiketi.com\/?s={search_term_string}"},"query-input":{"@type":"PropertyValueSpecification","valueRequired":true,"valueName":"search_term_string"}}],"inLanguage":"fr-FR"},{"@type":"Organization","@id":"https:\/\/tiketi.com\/#organization","name":"Tiketi.com","alternateName":"Tiketi","url":"https:\/\/tiketi.com\/","logo":{"@type":"ImageObject","inLanguage":"fr-FR","@id":"https:\/\/tiketi.com\/#\/schema\/logo\/image\/","url":"https:\/\/tiketi.com\/wp-content\/uploads\/2019\/05\/tiketi-logo-696.png","contentUrl":"https:\/\/tiketi.com\/wp-content\/uploads\/2019\/05\/tiketi-logo-696.png","width":696,"height":696,"caption":"Tiketi.com"},"image":{"@id":"https:\/\/tiketi.com\/#\/schema\/logo\/image\/"},"sameAs":["https:\/\/www.facebook.com\/TiketiCom\/"]}]}},"_links":{"self":[{"href":"https:\/\/tiketi.com\/fr-fr\/wp-json\/wp\/v2\/pages\/11069","targetHints":{"allow":["GET"]}}],"collection":[{"href":"https:\/\/tiketi.com\/fr-fr\/wp-json\/wp\/v2\/pages"}],"about":[{"href":"https:\/\/tiketi.com\/fr-fr\/wp-json\/wp\/v2\/types\/page"}],"author":[{"embeddable":true,"href":"https:\/\/tiketi.com\/fr-fr\/wp-json\/wp\/v2\/users\/1"}],"replies":[{"embeddable":true,"href":"https:\/\/tiketi.com\/fr-fr\/wp-json\/wp\/v2\/comments?post=11069"}],"version-history":[{"count":0,"href":"https:\/\/tiketi.com\/fr-fr\/wp-json\/wp\/v2\/pages\/11069\/revisions"}],"wp:featuredmedia":[{"embeddable":true,"href":"https:\/\/tiketi.com\/fr-fr\/wp-json\/wp\/v2\/media\/19299"}],"wp:attachment":[{"href":"https:\/\/tiketi.com\/fr-fr\/wp-json\/wp\/v2\/media?parent=11069"}],"curies":[{"name":"wp","href":"https:\/\/api.w.org\/{rel}","templated":true}]}}