{"id":11070,"date":"2022-01-19T12:54:11","date_gmt":"2022-01-19T11:54:11","guid":{"rendered":"https:\/\/new.tiketi.com\/online-food-delivery-in-kenya-from-nearby-restaurants\/"},"modified":"2022-02-18T11:54:27","modified_gmt":"2022-02-18T10:54:27","slug":"online-food-delivery-kenya-service","status":"publish","type":"page","link":"https:\/\/tiketi.com\/fr-fr\/online-food-delivery-kenya-service\/","title":{"rendered":"Livraison de nourriture au Kenya \u2013 Commandez de la nourriture en ligne \u00e0 proximit\u00e9"},"content":{"rendered":"<h2>Service de livraison de nourriture en ligne bon march\u00e9 au Kenya<\/h2>\n<h3>Utilisez la meilleure application de livraison de nourriture au Kenya et commandez de la nourriture en ligne au Kenya aupr\u00e8s de services de livraison de nourriture bon march\u00e9 au Kenya, simples et faciles.<\/h3>\n<p>Comment allez-vous faire vivre l&#039;exp\u00e9rience de livraison de pizzas au Kenya \u00e0 votre porte\u00a0? Avec les changements dans la technologie actuelle, la livraison de pizzas \u00e0 domicile est devenue facile et transparente. Certains restaurants disposent d&#039;une application de livraison de nourriture au Kenya, tandis que d&#039;autres disposent de plateformes en ligne qui simplifient la commande et la livraison. Passez toujours votre commande aupr\u00e8s du service de livraison de nourriture en ligne Kenya et la livraison sera \u00e0 votre porte en un rien de temps. Parfois, vous pouvez obtenir des coupons de r\u00e9duction uniques pendant la p\u00e9riode promotionnelle. Comment commander de la nourriture en ligne au Kenya et gagner du temps et de l&#039;argent.<\/p>\n<h2>Avantages de la livraison de nourriture en ligne au Kenya<\/h2>\n<h3>Commandez de la nourriture en ligne 24 heures sur 24 au Kenya<\/h3>\n<p>Placer une livraison de nourriture en ligne 24 heures sur 24 au Kenya garantira une livraison rapide, car le fournisseur peut conserver la nourriture pendant que vous avez faim \u00e0 la maison. Vous ne perdrez pas votre temps \u00e0 aller au restaurant. Lorsque vous disposez de ce substitut, il est toujours pr\u00e9f\u00e9rable de l\u2019utiliser. De nos jours, les gens appr\u00e9cient mieux leurs repas \u00e0 la maison qu\u2019au restaurant. Visualisez simplement la file d&#039;attente pour passer une commande, puis vous constatez que le restaurant est plein.<\/p>\n<p>C&#039;est d\u00e9finitivement que vous avez opt\u00e9 pour une d\u00e9licieuse pizza parce que vous aviez faim, et si vous avez une petite amie, cela devient \u00e0 la fois embarrassant et honteux. Les services de livraison de nourriture au Kenya vous \u00e9vitent \u00e9galement de cuisiner. Avec la pizzeria pr\u00e8s de chez moi toutes les pizzas dont vous avez besoin aux meilleurs prix, le fardeau de la cuisine sera soulag\u00e9 de vos \u00e9paules. La proc\u00e9dure de cuisson implique la pr\u00e9paration, les courses, puis le d\u00e9but de la cuisson.<\/p>\n<p>Vous pouvez \u00e9galement apporter l&#039;exp\u00e9rience du restaurant partout avec la pizza au pepperoni \u00e0 emporter de la pizzeria. Vous pouvez surprendre vos week-ends de f\u00eate, vos parents, ou simplement l&#039;avoir \u00e0 votre mariage. Quelle que soit l&#039;occasion, l&#039;entreprise de livraison de nourriture Kenya prendra vos commandes comme vous le souhaitez.<\/p>\n<h3>Occasions services de livraison de nourriture au Kenya<\/h3>\n<p>Auparavant, pour les grandes occasions, vous deviez faire appel \u00e0 des experts pour pr\u00e9parer vos plats pour vos invit\u00e9s. D\u00e9sormais, lorsque vos amis sont \u00e0 la maison pour une f\u00eate, l&#039;application de livraison de nourriture Kenya ne vous servira pas seulement des pizzas, mais \u00e9galement d&#039;autres plats savoureux comme des plats chinois et autres.<\/p>\n<h3>Application de livraison de nourriture au Kenya<\/h3>\n<p>Les aliments faits \u00e0 la main ont une vraie saveur, mais le service de commande de nourriture en ligne 24 heures sur 24 au Kenya vous \u00e9vite de cuisiner et est \u00e9galement parfait lorsque vous commandez et consommez la nourriture. La pizza pepperoni \u00e0 emporter est \u00e9galement id\u00e9ale pour les personnes qui ne savent pas comment la pr\u00e9parer. C&#039;est \u00e9galement id\u00e9al pour les personnes qui aiment prendre leur petit-d\u00e9jeuner dans la chambre. Vous utilisez simplement les services de livraison de nourriture en ligne au Kenya et le petit-d\u00e9jeuner sera l\u00e0 avec vous.<\/p>","protected":false},"excerpt":{"rendered":"<p>Cheap Online&nbsp;Food Delivery Service&nbsp;Kenya Use the best food delivery app Kenya and order food online in Kenya from cheap food delivery services in Kenya simple and easy. How you will get the pizza food delivery in Kenya experience to your doorstep? With changes in the present technology, pizza home delivery has been made easy and [&hellip;]<\/p>\n","protected":false},"author":1,"featured_media":19299,"parent":0,"menu_order":0,"comment_status":"open","ping_status":"closed","template":"template-home-modern.php","meta":{"footnotes":""},"class_list":["post-11070","page","type-page","status-publish","has-post-thumbnail","hentry"],"yoast_head":"<!-- This site is optimized with the Yoast SEO plugin v27.3 - https:\/\/yoast.com\/product\/yoast-seo-wordpress\/ -->\n<title>Food Delivery in Kenya - Order Food Online Near Me<\/title>\n<meta name=\"description\" content=\"Online food delivery in Kenya from your favorite restaurants. Use the best food delivery app Kenya and order food in Kenya from cheap food delivery service\" \/>\n<meta name=\"robots\" content=\"index, follow, max-snippet:-1, max-image-preview:large, max-video-preview:-1\" \/>\n<link rel=\"canonical\" href=\"https:\/\/tiketi.com\/fr-fr\/online-food-delivery-kenya-service\/\" \/>\n<meta property=\"og:locale\" content=\"fr_FR\" \/>\n<meta property=\"og:type\" content=\"article\" \/>\n<meta property=\"og:title\" content=\"Food Delivery in Kenya - Order Food Online Near Me\" \/>\n<meta property=\"og:description\" content=\"Online food delivery in Kenya from your favorite restaurants. Use the best food delivery app Kenya and order food in Kenya from cheap food delivery service\" \/>\n<meta property=\"og:url\" content=\"https:\/\/tiketi.com\/fr-fr\/online-food-delivery-kenya-service\/\" \/>\n<meta property=\"og:site_name\" content=\"Tiketi.com\" \/>\n<meta property=\"article:publisher\" content=\"https:\/\/www.facebook.com\/TiketiCom\/\" \/>\n<meta property=\"article:modified_time\" content=\"2022-02-18T10:54:27+00:00\" \/>\n<meta property=\"og:image\" content=\"https:\/\/tiketi.com\/wp-content\/uploads\/2022\/02\/delivery-man2-6029429_1280.jpg\" \/>\n\t<meta property=\"og:image:width\" content=\"1200\" \/>\n\t<meta property=\"og:image:height\" content=\"200\" \/>\n\t<meta property=\"og:image:type\" content=\"image\/jpeg\" \/>\n<meta name=\"twitter:card\" content=\"summary_large_image\" \/>\n<meta name=\"twitter:label1\" content=\"Dur\u00e9e de lecture estim\u00e9e\" \/>\n\t<meta name=\"twitter:data1\" content=\"3 minutes\" \/>\n<script type=\"application\/ld+json\" class=\"yoast-schema-graph\">{\"@context\":\"https:\\\/\\\/schema.org\",\"@graph\":[{\"@type\":\"WebPage\",\"@id\":\"https:\\\/\\\/tiketi.com\\\/sw\\\/online-food-delivery-kenya-service\\\/\",\"url\":\"https:\\\/\\\/tiketi.com\\\/sw\\\/online-food-delivery-kenya-service\\\/\",\"name\":\"Food Delivery in Kenya - Order Food Online Near Me\",\"isPartOf\":{\"@id\":\"https:\\\/\\\/tiketi.com\\\/#website\"},\"primaryImageOfPage\":{\"@id\":\"https:\\\/\\\/tiketi.com\\\/sw\\\/online-food-delivery-kenya-service\\\/#primaryimage\"},\"image\":{\"@id\":\"https:\\\/\\\/tiketi.com\\\/sw\\\/online-food-delivery-kenya-service\\\/#primaryimage\"},\"thumbnailUrl\":\"https:\\\/\\\/tiketi.com\\\/wp-content\\\/uploads\\\/2022\\\/02\\\/delivery-man2-6029429_1280.jpg\",\"datePublished\":\"2022-01-19T11:54:11+00:00\",\"dateModified\":\"2022-02-18T10:54:27+00:00\",\"description\":\"Online food delivery in Kenya from your favorite restaurants. Use the best food delivery app Kenya and order food in Kenya from cheap food delivery service\",\"breadcrumb\":{\"@id\":\"https:\\\/\\\/tiketi.com\\\/sw\\\/online-food-delivery-kenya-service\\\/#breadcrumb\"},\"inLanguage\":\"fr-FR\",\"potentialAction\":[{\"@type\":\"ReadAction\",\"target\":[\"https:\\\/\\\/tiketi.com\\\/sw\\\/online-food-delivery-kenya-service\\\/\"]}]},{\"@type\":\"ImageObject\",\"inLanguage\":\"fr-FR\",\"@id\":\"https:\\\/\\\/tiketi.com\\\/sw\\\/online-food-delivery-kenya-service\\\/#primaryimage\",\"url\":\"https:\\\/\\\/tiketi.com\\\/wp-content\\\/uploads\\\/2022\\\/02\\\/delivery-man2-6029429_1280.jpg\",\"contentUrl\":\"https:\\\/\\\/tiketi.com\\\/wp-content\\\/uploads\\\/2022\\\/02\\\/delivery-man2-6029429_1280.jpg\",\"width\":1200,\"height\":200},{\"@type\":\"BreadcrumbList\",\"@id\":\"https:\\\/\\\/tiketi.com\\\/sw\\\/online-food-delivery-kenya-service\\\/#breadcrumb\",\"itemListElement\":[{\"@type\":\"ListItem\",\"position\":1,\"name\":\"Home\",\"item\":\"https:\\\/\\\/tiketi.com\\\/\"},{\"@type\":\"ListItem\",\"position\":2,\"name\":\"Food Delivery in Kenya &#8211; Order Food Online Near Me\"}]},{\"@type\":\"WebSite\",\"@id\":\"https:\\\/\\\/tiketi.com\\\/#website\",\"url\":\"https:\\\/\\\/tiketi.com\\\/\",\"name\":\"Flight & Bus Tickets, Tour Packages & Activitites - Tiketi.com\",\"description\":\"Flight &amp; Bus Tickets, Tours, Activitites\",\"publisher\":{\"@id\":\"https:\\\/\\\/tiketi.com\\\/#organization\"},\"potentialAction\":[{\"@type\":\"SearchAction\",\"target\":{\"@type\":\"EntryPoint\",\"urlTemplate\":\"https:\\\/\\\/tiketi.com\\\/?s={search_term_string}\"},\"query-input\":{\"@type\":\"PropertyValueSpecification\",\"valueRequired\":true,\"valueName\":\"search_term_string\"}}],\"inLanguage\":\"fr-FR\"},{\"@type\":\"Organization\",\"@id\":\"https:\\\/\\\/tiketi.com\\\/#organization\",\"name\":\"Tiketi.com\",\"alternateName\":\"Tiketi\",\"url\":\"https:\\\/\\\/tiketi.com\\\/\",\"logo\":{\"@type\":\"ImageObject\",\"inLanguage\":\"fr-FR\",\"@id\":\"https:\\\/\\\/tiketi.com\\\/#\\\/schema\\\/logo\\\/image\\\/\",\"url\":\"https:\\\/\\\/tiketi.com\\\/wp-content\\\/uploads\\\/2019\\\/05\\\/tiketi-logo-696.png\",\"contentUrl\":\"https:\\\/\\\/tiketi.com\\\/wp-content\\\/uploads\\\/2019\\\/05\\\/tiketi-logo-696.png\",\"width\":696,\"height\":696,\"caption\":\"Tiketi.com\"},\"image\":{\"@id\":\"https:\\\/\\\/tiketi.com\\\/#\\\/schema\\\/logo\\\/image\\\/\"},\"sameAs\":[\"https:\\\/\\\/www.facebook.com\\\/TiketiCom\\\/\"]}]}<\/script>\n<!-- \/ Yoast SEO plugin. -->","yoast_head_json":{"title":"Livraison de nourriture au Kenya - Commandez de la nourriture en ligne \u00e0 proximit\u00e9","description":"Livraison de nourriture en ligne au Kenya \u00e0 partir de vos restaurants pr\u00e9f\u00e9r\u00e9s. Utilisez la meilleure application de livraison de nourriture au Kenya et commandez de la nourriture au Kenya aupr\u00e8s d&#039;un service de livraison de nourriture bon march\u00e9","robots":{"index":"index","follow":"follow","max-snippet":"max-snippet:-1","max-image-preview":"max-image-preview:large","max-video-preview":"max-video-preview:-1"},"canonical":"https:\/\/tiketi.com\/fr-fr\/online-food-delivery-kenya-service\/","og_locale":"fr_FR","og_type":"article","og_title":"Food Delivery in Kenya - Order Food Online Near Me","og_description":"Online food delivery in Kenya from your favorite restaurants. Use the best food delivery app Kenya and order food in Kenya from cheap food delivery service","og_url":"https:\/\/tiketi.com\/fr-fr\/online-food-delivery-kenya-service\/","og_site_name":"Tiketi.com","article_publisher":"https:\/\/www.facebook.com\/TiketiCom\/","article_modified_time":"2022-02-18T10:54:27+00:00","og_image":[{"width":1200,"height":200,"url":"https:\/\/tiketi.com\/wp-content\/uploads\/2022\/02\/delivery-man2-6029429_1280.jpg","type":"image\/jpeg"}],"twitter_card":"summary_large_image","twitter_misc":{"Dur\u00e9e de lecture estim\u00e9e":"3 minutes"},"schema":{"@context":"https:\/\/schema.org","@graph":[{"@type":"WebPage","@id":"https:\/\/tiketi.com\/sw\/online-food-delivery-kenya-service\/","url":"https:\/\/tiketi.com\/sw\/online-food-delivery-kenya-service\/","name":"Livraison de nourriture au Kenya - Commandez de la nourriture en ligne \u00e0 proximit\u00e9","isPartOf":{"@id":"https:\/\/tiketi.com\/#website"},"primaryImageOfPage":{"@id":"https:\/\/tiketi.com\/sw\/online-food-delivery-kenya-service\/#primaryimage"},"image":{"@id":"https:\/\/tiketi.com\/sw\/online-food-delivery-kenya-service\/#primaryimage"},"thumbnailUrl":"https:\/\/tiketi.com\/wp-content\/uploads\/2022\/02\/delivery-man2-6029429_1280.jpg","datePublished":"2022-01-19T11:54:11+00:00","dateModified":"2022-02-18T10:54:27+00:00","description":"Livraison de nourriture en ligne au Kenya \u00e0 partir de vos restaurants pr\u00e9f\u00e9r\u00e9s. Utilisez la meilleure application de livraison de nourriture au Kenya et commandez de la nourriture au Kenya aupr\u00e8s d&#039;un service de livraison de nourriture bon march\u00e9","breadcrumb":{"@id":"https:\/\/tiketi.com\/sw\/online-food-delivery-kenya-service\/#breadcrumb"},"inLanguage":"fr-FR","potentialAction":[{"@type":"ReadAction","target":["https:\/\/tiketi.com\/sw\/online-food-delivery-kenya-service\/"]}]},{"@type":"ImageObject","inLanguage":"fr-FR","@id":"https:\/\/tiketi.com\/sw\/online-food-delivery-kenya-service\/#primaryimage","url":"https:\/\/tiketi.com\/wp-content\/uploads\/2022\/02\/delivery-man2-6029429_1280.jpg","contentUrl":"https:\/\/tiketi.com\/wp-content\/uploads\/2022\/02\/delivery-man2-6029429_1280.jpg","width":1200,"height":200},{"@type":"BreadcrumbList","@id":"https:\/\/tiketi.com\/sw\/online-food-delivery-kenya-service\/#breadcrumb","itemListElement":[{"@type":"ListItem","position":1,"name":"Home","item":"https:\/\/tiketi.com\/"},{"@type":"ListItem","position":2,"name":"Food Delivery in Kenya &#8211; Order Food Online Near Me"}]},{"@type":"WebSite","@id":"https:\/\/tiketi.com\/#website","url":"https:\/\/tiketi.com\/","name":"Billets d&#039;avion et de bus, forfaits touristiques et activit\u00e9s - Tiketi.com","description":"Billets d&#039;avion et de bus, Tours, Activit\u00e9s","publisher":{"@id":"https:\/\/tiketi.com\/#organization"},"potentialAction":[{"@type":"SearchAction","target":{"@type":"EntryPoint","urlTemplate":"https:\/\/tiketi.com\/?s={search_term_string}"},"query-input":{"@type":"PropertyValueSpecification","valueRequired":true,"valueName":"search_term_string"}}],"inLanguage":"fr-FR"},{"@type":"Organization","@id":"https:\/\/tiketi.com\/#organization","name":"Tiketi.com","alternateName":"Tiketi","url":"https:\/\/tiketi.com\/","logo":{"@type":"ImageObject","inLanguage":"fr-FR","@id":"https:\/\/tiketi.com\/#\/schema\/logo\/image\/","url":"https:\/\/tiketi.com\/wp-content\/uploads\/2019\/05\/tiketi-logo-696.png","contentUrl":"https:\/\/tiketi.com\/wp-content\/uploads\/2019\/05\/tiketi-logo-696.png","width":696,"height":696,"caption":"Tiketi.com"},"image":{"@id":"https:\/\/tiketi.com\/#\/schema\/logo\/image\/"},"sameAs":["https:\/\/www.facebook.com\/TiketiCom\/"]}]}},"_links":{"self":[{"href":"https:\/\/tiketi.com\/fr-fr\/wp-json\/wp\/v2\/pages\/11070","targetHints":{"allow":["GET"]}}],"collection":[{"href":"https:\/\/tiketi.com\/fr-fr\/wp-json\/wp\/v2\/pages"}],"about":[{"href":"https:\/\/tiketi.com\/fr-fr\/wp-json\/wp\/v2\/types\/page"}],"author":[{"embeddable":true,"href":"https:\/\/tiketi.com\/fr-fr\/wp-json\/wp\/v2\/users\/1"}],"replies":[{"embeddable":true,"href":"https:\/\/tiketi.com\/fr-fr\/wp-json\/wp\/v2\/comments?post=11070"}],"version-history":[{"count":0,"href":"https:\/\/tiketi.com\/fr-fr\/wp-json\/wp\/v2\/pages\/11070\/revisions"}],"wp:featuredmedia":[{"embeddable":true,"href":"https:\/\/tiketi.com\/fr-fr\/wp-json\/wp\/v2\/media\/19299"}],"wp:attachment":[{"href":"https:\/\/tiketi.com\/fr-fr\/wp-json\/wp\/v2\/media?parent=11070"}],"curies":[{"name":"wp","href":"https:\/\/api.w.org\/{rel}","templated":true}]}}