{"id":11071,"date":"2022-01-19T12:54:11","date_gmt":"2022-01-19T11:54:11","guid":{"rendered":"https:\/\/new.tiketi.com\/imani-coach-online-booking-mombasa-bus-tickets-routes-fares\/"},"modified":"2022-07-14T13:02:09","modified_gmt":"2022-07-14T12:02:09","slug":"imani-coach","status":"publish","type":"page","link":"https:\/\/tiketi.com\/fr-fr\/imani-coach\/","title":{"rendered":"Imani Coach R\u00e9servation en ligne Mombasa, billets de bus, itin\u00e9raire, horaires et tarifs"},"content":{"rendered":"<p><strong>Un d:\u00a0<\/strong><\/p>\n<p><strong><a href=\"https:\/\/fiymo.com\/register\" target=\"_blank\" rel=\"noopener\"><\/a><\/strong><\/p>\n<h2>Imani Coaches R\u00e9servation en ligne \u2013 De Nairobi \u00e0 Mombasa, Kenya<\/h2>\n<h3>D\u00e9couvrez votre itin\u00e9raire de voyage sur le web, le mobile ou l&#039;application et r\u00e9servez d\u00e8s maintenant en ligne des billets de bus Imani Coach pas chers.<\/h3>\n<p>La r\u00e9servation en ligne d&#039;Imani Coach simplifi\u00e9e. Imani Coaches limited est une entreprise de bus bas\u00e9e \u00e0 Mombasa qui propose des services interurbains publics quotidiens entre la ville de Mombasa et d&#039;autres pays du Coung. Ils sont dans l&#039;industrie du bus depuis environ 10 ans avec un meilleur statut parmi les clients. La r\u00e9servation en ligne Imani Coaches vous permet d&#039;\u00e9conomiser du temps et de l&#039;argent.<\/p>\n<p>Imani Coaches commence par la route Mombasa \u00e0 Chiakargia o\u00f9 elle menait la route et gagnait le c\u0153ur des passagers. Plus tard, l&#039;entreprise a \u00e9tendu ses services \u00e0 d&#039;autres grandes villes et villages du Kenya, y compris Nairobi.<\/p>\n<p>Les autocars Imani font d\u00e9sormais partie des meilleures entreprises de bus au Kenya avec diff\u00e9rentes flottes de bus, y compris les mod\u00e8les de bus Nissan UD \u00e0 Scania.<\/p>\n<h2>FAQ sur la r\u00e9servation en ligne, les contacts, les itin\u00e9raires et les tarifs Imani Coach<\/h2>\n<h3>Quels sont les tarifs et les trajets couverts par les cars et bus Imani\u00a0?<\/h3>\n<p>Embu \u00e0 Mombasa<br \/>\nD\u00e9part : 18h00<br \/>\nPrix : 1400 Ksh<\/p>\n<p>Meru \u00e0 Mombasa<br \/>\nD\u00e9part : 16h00<br \/>\nPrix : 1400 Ksh<\/p>\n<p>Isiolo \u00e0 Mombasa<br \/>\nD\u00e9part : 15h00<br \/>\nPrix : 1500 Ksh<\/p>\n<p>Mombasa \u00e0 Nairobi<br \/>\nD\u00e9part : 21h30<br \/>\nPrix : 1000 Ksh<\/p>\n<p>Mwea \u00e0 Mombasa<br \/>\nD\u00e9part : 19h00<br \/>\nPrix : 1400 Ksh<\/p>\n<p>Ishiara \u00e0 Mombasa<br \/>\nD\u00e9part : 17h00<br \/>\nPrix : 1400 Ksh<\/p>\n<p>De Kathwana \u00e0 Mombasa<br \/>\nD\u00e9part : 16h30<br \/>\nPrix : 1400 Ksh<\/p>\n<p>Chiakariga \u00e0 Mombasa<br \/>\nD\u00e9part : 16h30<br \/>\nPrix : 1500 Ksh<\/p>\n<p>Tunyai \u00e0 Mombasa<br \/>\nD\u00e9part : 15h30<br \/>\nPrix : 1500 Ksh<\/p>\n<p>Mitunguu \u00e0 Mombasa<br \/>\nD\u00e9part : 15h00<br \/>\nPrix : 1500 Ksh<\/p>\n<p>Chuka \u00e0 Mombasa<br \/>\nD\u00e9part : 17h00<br \/>\nPrix : 1400 Ksh<\/p>\n<p>Nkubu \u00e0 Mombasa<br \/>\nD\u00e9part : 16h30<br \/>\nPrix : 1400 Ksh<\/p>\n<h3>Quelles sont les coordonn\u00e9es de la r\u00e9servation en ligne de bus Imani et des bus\u00a0?<\/h3>\n<p>Majengo, chemin Jomo Kenyatta, Mvita, Kenya<\/p>\n<h2>Imani Coaches R\u00e9servation en ligne de Nairobi \u00e0 Mombasa, Kenya Conseils<\/h2>\n<h2>Lien vers le service des autocars Imani<\/h2>\n<p>Bas\u00e9e dans la ville de Mombasa, la soci\u00e9t\u00e9 dessert les passagers et autres clients de la ville vers d&#039;autres parties au Kenya. Ils offrent des services quotidiens \u00e0 des prix abordables qui peuvent \u00eatre pay\u00e9s par n&#039;importe qui.<\/p>\n<p>La r\u00e9servation de leurs billets est accessible sur tous leurs guichets dans les gares routi\u00e8res et autres \u00e0 l&#039;ext\u00e9rieur des gares. Lorsque vous n&#039;avez pas le temps de vous rendre dans leurs bureaux pour r\u00e9server un bus. Vous pouvez les joindre en passant un appel via les num\u00e9ros de t\u00e9l\u00e9phone indiqu\u00e9s \u00e0.<\/p>","protected":false},"excerpt":{"rendered":"<p>Ad:\u00a0 Imani Coaches Online Booking &#8211; Nairobi to Mombasa, Kenya Discover your travel route on web, mobile or app and book cheap Imani Coach bus tickets online now. Imani Coach\u00a0online booking made easy. Imani Coaches limited is a Mombasa based bus firm offering daily public intercity services between Mombasa city to other nations in the [&hellip;]<\/p>\n","protected":false},"author":1,"featured_media":13999,"parent":0,"menu_order":0,"comment_status":"open","ping_status":"closed","template":"","meta":{"footnotes":""},"class_list":["post-11071","page","type-page","status-publish","has-post-thumbnail","hentry"],"yoast_head":"<!-- This site is optimized with the Yoast SEO plugin v27.2 - https:\/\/yoast.com\/product\/yoast-seo-wordpress\/ -->\n<title>Imani Coach Online Booking Mombasa, Bus Tickets, Routes &amp; Fares<\/title>\n<meta name=\"description\" content=\"Looking for Imani Coach online booking Nairobi to Mombasa, app, contacts, bus routes, fare and schedule? Make cheap Imani Coach online bus ticket booking\" \/>\n<meta name=\"robots\" content=\"index, follow, max-snippet:-1, max-image-preview:large, max-video-preview:-1\" \/>\n<link rel=\"canonical\" href=\"https:\/\/tiketi.com\/fr-fr\/imani-coach\/\" \/>\n<meta property=\"og:locale\" content=\"fr_FR\" \/>\n<meta property=\"og:type\" content=\"article\" \/>\n<meta property=\"og:title\" content=\"Imani Coach Online Booking Mombasa, Bus Tickets, Routes &amp; Fares\" \/>\n<meta property=\"og:description\" content=\"Looking for Imani Coach online booking Nairobi to Mombasa, app, contacts, bus routes, fare and schedule? Make cheap Imani Coach online bus ticket booking\" \/>\n<meta property=\"og:url\" content=\"https:\/\/tiketi.com\/fr-fr\/imani-coach\/\" \/>\n<meta property=\"og:site_name\" content=\"Tiketi.com\" \/>\n<meta property=\"article:publisher\" content=\"https:\/\/www.facebook.com\/TiketiCom\/\" \/>\n<meta property=\"article:modified_time\" content=\"2022-07-14T12:02:09+00:00\" \/>\n<meta property=\"og:image\" content=\"https:\/\/tiketi.com\/wp-content\/uploads\/2022\/01\/bus-ticket-online-booking.jpg\" \/>\n\t<meta property=\"og:image:width\" content=\"1200\" \/>\n\t<meta property=\"og:image:height\" content=\"206\" \/>\n\t<meta property=\"og:image:type\" content=\"image\/jpeg\" \/>\n<meta name=\"twitter:card\" content=\"summary_large_image\" \/>\n<meta name=\"twitter:label1\" content=\"Dur\u00e9e de lecture estim\u00e9e\" \/>\n\t<meta name=\"twitter:data1\" content=\"2 minutes\" \/>\n<script type=\"application\/ld+json\" class=\"yoast-schema-graph\">{\"@context\":\"https:\/\/schema.org\",\"@graph\":[{\"@type\":\"WebPage\",\"@id\":\"https:\/\/tiketi.com\/imani-coach\/\",\"url\":\"https:\/\/tiketi.com\/imani-coach\/\",\"name\":\"Imani Coach Online Booking Mombasa, Bus Tickets, Routes & Fares\",\"isPartOf\":{\"@id\":\"https:\/\/tiketi.com\/#website\"},\"primaryImageOfPage\":{\"@id\":\"https:\/\/tiketi.com\/imani-coach\/#primaryimage\"},\"image\":{\"@id\":\"https:\/\/tiketi.com\/imani-coach\/#primaryimage\"},\"thumbnailUrl\":\"https:\/\/tiketi.com\/wp-content\/uploads\/2022\/01\/bus-ticket-online-booking.jpg\",\"datePublished\":\"2022-01-19T11:54:11+00:00\",\"dateModified\":\"2022-07-14T12:02:09+00:00\",\"description\":\"Looking for Imani Coach online booking Nairobi to Mombasa, app, contacts, bus routes, fare and schedule? Make cheap Imani Coach online bus ticket booking\",\"breadcrumb\":{\"@id\":\"https:\/\/tiketi.com\/imani-coach\/#breadcrumb\"},\"inLanguage\":\"fr-FR\",\"potentialAction\":[{\"@type\":\"ReadAction\",\"target\":[\"https:\/\/tiketi.com\/imani-coach\/\"]}]},{\"@type\":\"ImageObject\",\"inLanguage\":\"fr-FR\",\"@id\":\"https:\/\/tiketi.com\/imani-coach\/#primaryimage\",\"url\":\"https:\/\/tiketi.com\/wp-content\/uploads\/2022\/01\/bus-ticket-online-booking.jpg\",\"contentUrl\":\"https:\/\/tiketi.com\/wp-content\/uploads\/2022\/01\/bus-ticket-online-booking.jpg\",\"width\":1200,\"height\":206,\"caption\":\"Online Bus Ticket Booking\"},{\"@type\":\"BreadcrumbList\",\"@id\":\"https:\/\/tiketi.com\/imani-coach\/#breadcrumb\",\"itemListElement\":[{\"@type\":\"ListItem\",\"position\":1,\"name\":\"Home\",\"item\":\"https:\/\/tiketi.com\/\"},{\"@type\":\"ListItem\",\"position\":2,\"name\":\"Imani Coach Online Booking Mombasa, Bus Tickets, Route, Schedule &#038; Fare\"}]},{\"@type\":\"WebSite\",\"@id\":\"https:\/\/tiketi.com\/#website\",\"url\":\"https:\/\/tiketi.com\/\",\"name\":\"Flight & Bus Tickets, Tour Packages & Activitites - Tiketi.com\",\"description\":\"Flight &amp; Bus Tickets, Tours, Activitites\",\"publisher\":{\"@id\":\"https:\/\/tiketi.com\/#organization\"},\"potentialAction\":[{\"@type\":\"SearchAction\",\"target\":{\"@type\":\"EntryPoint\",\"urlTemplate\":\"https:\/\/tiketi.com\/?s={search_term_string}\"},\"query-input\":{\"@type\":\"PropertyValueSpecification\",\"valueRequired\":true,\"valueName\":\"search_term_string\"}}],\"inLanguage\":\"fr-FR\"},{\"@type\":\"Organization\",\"@id\":\"https:\/\/tiketi.com\/#organization\",\"name\":\"Tiketi.com\",\"alternateName\":\"Tiketi\",\"url\":\"https:\/\/tiketi.com\/\",\"logo\":{\"@type\":\"ImageObject\",\"inLanguage\":\"fr-FR\",\"@id\":\"https:\/\/tiketi.com\/#\/schema\/logo\/image\/\",\"url\":\"https:\/\/tiketi.com\/wp-content\/uploads\/2019\/05\/tiketi-logo-696.png\",\"contentUrl\":\"https:\/\/tiketi.com\/wp-content\/uploads\/2019\/05\/tiketi-logo-696.png\",\"width\":696,\"height\":696,\"caption\":\"Tiketi.com\"},\"image\":{\"@id\":\"https:\/\/tiketi.com\/#\/schema\/logo\/image\/\"},\"sameAs\":[\"https:\/\/www.facebook.com\/TiketiCom\/\"]}]}<\/script>\n<!-- \/ Yoast SEO plugin. -->","yoast_head_json":{"title":"Imani Coach R\u00e9servation en ligne Mombasa, billets de bus, itin\u00e9raires et tarifs","description":"Vous recherchez Imani Coach, r\u00e9servation en ligne de Nairobi \u00e0 Mombasa, application, contacts, itin\u00e9raires de bus, tarifs et horaires? R\u00e9servez vos billets de bus en ligne Imani Coach \u00e0 bas prix","robots":{"index":"index","follow":"follow","max-snippet":"max-snippet:-1","max-image-preview":"max-image-preview:large","max-video-preview":"max-video-preview:-1"},"canonical":"https:\/\/tiketi.com\/fr-fr\/imani-coach\/","og_locale":"fr_FR","og_type":"article","og_title":"Imani Coach Online Booking Mombasa, Bus Tickets, Routes & Fares","og_description":"Looking for Imani Coach online booking Nairobi to Mombasa, app, contacts, bus routes, fare and schedule? Make cheap Imani Coach online bus ticket booking","og_url":"https:\/\/tiketi.com\/fr-fr\/imani-coach\/","og_site_name":"Tiketi.com","article_publisher":"https:\/\/www.facebook.com\/TiketiCom\/","article_modified_time":"2022-07-14T12:02:09+00:00","og_image":[{"width":1200,"height":206,"url":"https:\/\/tiketi.com\/wp-content\/uploads\/2022\/01\/bus-ticket-online-booking.jpg","type":"image\/jpeg"}],"twitter_card":"summary_large_image","twitter_misc":{"Dur\u00e9e de lecture estim\u00e9e":"2 minutes"},"schema":{"@context":"https:\/\/schema.org","@graph":[{"@type":"WebPage","@id":"https:\/\/tiketi.com\/imani-coach\/","url":"https:\/\/tiketi.com\/imani-coach\/","name":"Imani Coach R\u00e9servation en ligne Mombasa, billets de bus, itin\u00e9raires et tarifs","isPartOf":{"@id":"https:\/\/tiketi.com\/#website"},"primaryImageOfPage":{"@id":"https:\/\/tiketi.com\/imani-coach\/#primaryimage"},"image":{"@id":"https:\/\/tiketi.com\/imani-coach\/#primaryimage"},"thumbnailUrl":"https:\/\/tiketi.com\/wp-content\/uploads\/2022\/01\/bus-ticket-online-booking.jpg","datePublished":"2022-01-19T11:54:11+00:00","dateModified":"2022-07-14T12:02:09+00:00","description":"Vous recherchez Imani Coach, r\u00e9servation en ligne de Nairobi \u00e0 Mombasa, application, contacts, itin\u00e9raires de bus, tarifs et horaires? R\u00e9servez vos billets de bus en ligne Imani Coach \u00e0 bas prix","breadcrumb":{"@id":"https:\/\/tiketi.com\/imani-coach\/#breadcrumb"},"inLanguage":"fr-FR","potentialAction":[{"@type":"ReadAction","target":["https:\/\/tiketi.com\/imani-coach\/"]}]},{"@type":"ImageObject","inLanguage":"fr-FR","@id":"https:\/\/tiketi.com\/imani-coach\/#primaryimage","url":"https:\/\/tiketi.com\/wp-content\/uploads\/2022\/01\/bus-ticket-online-booking.jpg","contentUrl":"https:\/\/tiketi.com\/wp-content\/uploads\/2022\/01\/bus-ticket-online-booking.jpg","width":1200,"height":206,"caption":"Online Bus Ticket Booking"},{"@type":"BreadcrumbList","@id":"https:\/\/tiketi.com\/imani-coach\/#breadcrumb","itemListElement":[{"@type":"ListItem","position":1,"name":"Home","item":"https:\/\/tiketi.com\/"},{"@type":"ListItem","position":2,"name":"Imani Coach Online Booking Mombasa, Bus Tickets, Route, Schedule &#038; Fare"}]},{"@type":"WebSite","@id":"https:\/\/tiketi.com\/#website","url":"https:\/\/tiketi.com\/","name":"Billets d&#039;avion et de bus, forfaits touristiques et activit\u00e9s - Tiketi.com","description":"Billets d&#039;avion et de bus, Tours, Activit\u00e9s","publisher":{"@id":"https:\/\/tiketi.com\/#organization"},"potentialAction":[{"@type":"SearchAction","target":{"@type":"EntryPoint","urlTemplate":"https:\/\/tiketi.com\/?s={search_term_string}"},"query-input":{"@type":"PropertyValueSpecification","valueRequired":true,"valueName":"search_term_string"}}],"inLanguage":"fr-FR"},{"@type":"Organization","@id":"https:\/\/tiketi.com\/#organization","name":"Tiketi.com","alternateName":"Tiketi","url":"https:\/\/tiketi.com\/","logo":{"@type":"ImageObject","inLanguage":"fr-FR","@id":"https:\/\/tiketi.com\/#\/schema\/logo\/image\/","url":"https:\/\/tiketi.com\/wp-content\/uploads\/2019\/05\/tiketi-logo-696.png","contentUrl":"https:\/\/tiketi.com\/wp-content\/uploads\/2019\/05\/tiketi-logo-696.png","width":696,"height":696,"caption":"Tiketi.com"},"image":{"@id":"https:\/\/tiketi.com\/#\/schema\/logo\/image\/"},"sameAs":["https:\/\/www.facebook.com\/TiketiCom\/"]}]}},"_links":{"self":[{"href":"https:\/\/tiketi.com\/fr-fr\/wp-json\/wp\/v2\/pages\/11071","targetHints":{"allow":["GET"]}}],"collection":[{"href":"https:\/\/tiketi.com\/fr-fr\/wp-json\/wp\/v2\/pages"}],"about":[{"href":"https:\/\/tiketi.com\/fr-fr\/wp-json\/wp\/v2\/types\/page"}],"author":[{"embeddable":true,"href":"https:\/\/tiketi.com\/fr-fr\/wp-json\/wp\/v2\/users\/1"}],"replies":[{"embeddable":true,"href":"https:\/\/tiketi.com\/fr-fr\/wp-json\/wp\/v2\/comments?post=11071"}],"version-history":[{"count":0,"href":"https:\/\/tiketi.com\/fr-fr\/wp-json\/wp\/v2\/pages\/11071\/revisions"}],"wp:featuredmedia":[{"embeddable":true,"href":"https:\/\/tiketi.com\/fr-fr\/wp-json\/wp\/v2\/media\/13999"}],"wp:attachment":[{"href":"https:\/\/tiketi.com\/fr-fr\/wp-json\/wp\/v2\/media?parent=11071"}],"curies":[{"name":"wp","href":"https:\/\/api.w.org\/{rel}","templated":true}]}}