{"id":11072,"date":"2022-01-19T12:54:11","date_gmt":"2022-01-19T11:54:11","guid":{"rendered":"https:\/\/new.tiketi.com\/scenic-air-online-booking-namibia-cheap-flights\/"},"modified":"2022-02-21T13:01:32","modified_gmt":"2022-02-21T12:01:32","slug":"scenic-air-online-flight-booking","status":"publish","type":"page","link":"https:\/\/tiketi.com\/fr-fr\/scenic-air-online-flight-booking\/","title":{"rendered":"Scenic Air R\u00e9servation en ligne Namibie \u2013 Vols pas chers"},"content":{"rendered":"<h2>R\u00e9servation de vol Scenic Air Namibie<\/h2>\n<h3>Comparez et r\u00e9servez vos billets Scenic Air pas chers en ligne d\u00e8s maintenant.<\/h3>\n<p>Recherchez, comparez et faites une r\u00e9servation en ligne pas cher Scenic Air. Scenic Air Safari propose des vols priv\u00e9s guid\u00e9s sur mesure et des services d&#039;affr\u00e8tement a\u00e9rien de safaris, vers toutes les destinations populaires de safari en Afrique australe et orientale. R\u00e9servez en ligne d\u00e8s maintenant vos vols Scenic Air \u00e0 bas prix et \u00e9conomisez du temps et de l&#039;argent.<\/p>\n<h2>FAQ sur la r\u00e9servation en ligne de Scenic Air<\/h2>\n<p>R\u00e9servation de vol Scenic Air offrant des moyens infinis d&#039;explorer la grande nature sauvage du continent africain, le safari Scenic Air rassemble une exp\u00e9rience de vol vraiment exclusive, hors des sentiers battus, combinant le luxe avec l&#039;\u00e9conomie et la facilit\u00e9 de voler en priv\u00e9. Soutenu par une gamme compl\u00e8te de services VIP et de conciergerie sur tout le territoire, aucune demande n&#039;est hors de notre port\u00e9e pour rendre votre voyage aussi exceptionnel que le lieu.<\/p>\n<h3>Billets Scenic Air destinations populaires<\/h3>\n<p>Scenic Air s&#039;adresse aux visiteurs individuels, aux familles ainsi qu&#039;aux groupes. nous proposons des vols vers tous les lieux touristiques populaires de Namibie\u00a0: tels que\u00a0: Swakopmund, Luderitz, Sossuvlvei, les chutes d&#039;Epupa, le Damaraland, la rivi\u00e8re Knuene et le parc national d&#039;Etosha.<\/p>\n<h3>Informations sur la flotte<\/h3>\n<p>Actuellement, la flotte de Scenic Air se compose de 2x Cessna 208B Grand Caravans, 7x Cessna 210, 3x Quest Kodiak 100 et 1x Pilatus PC-12ng. Scenic Air booking est en train de d\u00e9velopper sa flotte pour s&#039;\u00e9tendre sur ses op\u00e9rations monomoteur turbopropulseur. \u00c0 l&#039;avenir, cela deviendra l&#039;\u00e9pine dorsale des op\u00e9rations.<\/p>\n<h3>Franchise de bagages<\/h3>\n<p>Vous pouvez emporter autant de bagages que possible dans les avions. Habituellement, une r\u00e8gle empirique s\u00fbre est de vingt kg par personne.<\/p>\n<h2>Conseils de r\u00e9servation de vol Scenic Air<\/h2>\n<h3>Id\u00e9e et mission<\/h3>\n<p>L&#039;id\u00e9e pour les gens, les safaris \u00e0 basse altitude est n\u00e9e lorsque le capitaine Aslam Khan, le capitaine Torben Rune et M. Severin Shullte ont achet\u00e9 un Cessna Grand Caravan ex\u00e9cutif pour leur usage priv\u00e9. Ils ont invit\u00e9 des amis et se sont embarqu\u00e9s depuis l&#039;Afrique du Sud pour un vol \u00e9pique suivant une route peu emprunt\u00e9e, jusqu&#039;\u00e0 la c\u00f4te est de l&#039;Afrique. L&#039;incroyable exp\u00e9rience de vol \u00e0 basse altitude de la mer, de la terre et du ciel \u00e9tait trop incroyable pour ne pas \u00eatre partag\u00e9e, et ils ont form\u00e9 des safaris Scenic Air pour partager une telle exp\u00e9rience magique avec un public plus large.<\/p>","protected":false},"excerpt":{"rendered":"<p>Scenic Air Flight Booking&nbsp;Namibia Compare and book your cheap Scenic Air tickets online now. Search, compare and do cheap Scenic Air online booking.&nbsp;Scenic Air safari provides bespoke guided flying private and safaris air charter services, to all safari popular destinations throughout Southern and East Africa.&nbsp;Do&nbsp;cheap Scenic Air flight booking&nbsp;online now&nbsp;and save time and money. Scenic [&hellip;]<\/p>\n","protected":false},"author":1,"featured_media":14041,"parent":0,"menu_order":0,"comment_status":"open","ping_status":"closed","template":"template-home-modern.php","meta":{"footnotes":""},"class_list":["post-11072","page","type-page","status-publish","has-post-thumbnail","hentry"],"yoast_head":"<!-- This site is optimized with the Yoast SEO plugin v27.3 - https:\/\/yoast.com\/product\/yoast-seo-wordpress\/ -->\n<title>Scenic Air Online Booking Namibia - Cheap Flights<\/title>\n<meta name=\"description\" content=\"Looking for Scenic Air online booking in Namibia, app, route &amp; fare? Do cheap Scenic Air flight booking Namibia online now and save time and money\" \/>\n<meta name=\"robots\" content=\"index, follow, max-snippet:-1, max-image-preview:large, max-video-preview:-1\" \/>\n<link rel=\"canonical\" href=\"https:\/\/tiketi.com\/fr-fr\/scenic-air-online-flight-booking\/\" \/>\n<meta property=\"og:locale\" content=\"fr_FR\" \/>\n<meta property=\"og:type\" content=\"article\" \/>\n<meta property=\"og:title\" content=\"Scenic Air Online Booking Namibia - Cheap Flights\" \/>\n<meta property=\"og:description\" content=\"Looking for Scenic Air online booking in Namibia, app, route &amp; fare? Do cheap Scenic Air flight booking Namibia online now and save time and money\" \/>\n<meta property=\"og:url\" content=\"https:\/\/tiketi.com\/fr-fr\/scenic-air-online-flight-booking\/\" \/>\n<meta property=\"og:site_name\" content=\"Tiketi.com\" \/>\n<meta property=\"article:publisher\" content=\"https:\/\/www.facebook.com\/TiketiCom\/\" \/>\n<meta property=\"article:modified_time\" content=\"2022-02-21T12:01:32+00:00\" \/>\n<meta property=\"og:image\" content=\"https:\/\/tiketi.com\/wp-content\/uploads\/2022\/01\/flight-ticket-booking-sorasak-KxCJXXGsv9I-unsplas.jpg\" \/>\n\t<meta property=\"og:image:width\" content=\"1200\" \/>\n\t<meta property=\"og:image:height\" content=\"240\" \/>\n\t<meta property=\"og:image:type\" content=\"image\/jpeg\" \/>\n<meta name=\"twitter:card\" content=\"summary_large_image\" \/>\n<meta name=\"twitter:label1\" content=\"Dur\u00e9e de lecture estim\u00e9e\" \/>\n\t<meta name=\"twitter:data1\" content=\"2 minutes\" \/>\n<script type=\"application\/ld+json\" class=\"yoast-schema-graph\">{\"@context\":\"https:\\\/\\\/schema.org\",\"@graph\":[{\"@type\":\"WebPage\",\"@id\":\"https:\\\/\\\/tiketi.com\\\/scenic-air-online-flight-booking\\\/\",\"url\":\"https:\\\/\\\/tiketi.com\\\/scenic-air-online-flight-booking\\\/\",\"name\":\"Scenic Air Online Booking Namibia - Cheap Flights\",\"isPartOf\":{\"@id\":\"https:\\\/\\\/tiketi.com\\\/#website\"},\"primaryImageOfPage\":{\"@id\":\"https:\\\/\\\/tiketi.com\\\/scenic-air-online-flight-booking\\\/#primaryimage\"},\"image\":{\"@id\":\"https:\\\/\\\/tiketi.com\\\/scenic-air-online-flight-booking\\\/#primaryimage\"},\"thumbnailUrl\":\"https:\\\/\\\/tiketi.com\\\/wp-content\\\/uploads\\\/2022\\\/01\\\/flight-ticket-booking-sorasak-KxCJXXGsv9I-unsplas.jpg\",\"datePublished\":\"2022-01-19T11:54:11+00:00\",\"dateModified\":\"2022-02-21T12:01:32+00:00\",\"description\":\"Looking for Scenic Air online booking in Namibia, app, route & fare? Do cheap Scenic Air flight booking Namibia online now and save time and money\",\"breadcrumb\":{\"@id\":\"https:\\\/\\\/tiketi.com\\\/scenic-air-online-flight-booking\\\/#breadcrumb\"},\"inLanguage\":\"fr-FR\",\"potentialAction\":[{\"@type\":\"ReadAction\",\"target\":[\"https:\\\/\\\/tiketi.com\\\/scenic-air-online-flight-booking\\\/\"]}]},{\"@type\":\"ImageObject\",\"inLanguage\":\"fr-FR\",\"@id\":\"https:\\\/\\\/tiketi.com\\\/scenic-air-online-flight-booking\\\/#primaryimage\",\"url\":\"https:\\\/\\\/tiketi.com\\\/wp-content\\\/uploads\\\/2022\\\/01\\\/flight-ticket-booking-sorasak-KxCJXXGsv9I-unsplas.jpg\",\"contentUrl\":\"https:\\\/\\\/tiketi.com\\\/wp-content\\\/uploads\\\/2022\\\/01\\\/flight-ticket-booking-sorasak-KxCJXXGsv9I-unsplas.jpg\",\"width\":1200,\"height\":240,\"caption\":\"Online flight ticket booking\"},{\"@type\":\"BreadcrumbList\",\"@id\":\"https:\\\/\\\/tiketi.com\\\/scenic-air-online-flight-booking\\\/#breadcrumb\",\"itemListElement\":[{\"@type\":\"ListItem\",\"position\":1,\"name\":\"Home\",\"item\":\"https:\\\/\\\/tiketi.com\\\/\"},{\"@type\":\"ListItem\",\"position\":2,\"name\":\"Scenic Air Online Booking Namibia &#8211; Cheap Flights\"}]},{\"@type\":\"WebSite\",\"@id\":\"https:\\\/\\\/tiketi.com\\\/#website\",\"url\":\"https:\\\/\\\/tiketi.com\\\/\",\"name\":\"Flight & Bus Tickets, Tour Packages & Activitites - Tiketi.com\",\"description\":\"Flight &amp; Bus Tickets, Tours, Activitites\",\"publisher\":{\"@id\":\"https:\\\/\\\/tiketi.com\\\/#organization\"},\"potentialAction\":[{\"@type\":\"SearchAction\",\"target\":{\"@type\":\"EntryPoint\",\"urlTemplate\":\"https:\\\/\\\/tiketi.com\\\/?s={search_term_string}\"},\"query-input\":{\"@type\":\"PropertyValueSpecification\",\"valueRequired\":true,\"valueName\":\"search_term_string\"}}],\"inLanguage\":\"fr-FR\"},{\"@type\":\"Organization\",\"@id\":\"https:\\\/\\\/tiketi.com\\\/#organization\",\"name\":\"Tiketi.com\",\"alternateName\":\"Tiketi\",\"url\":\"https:\\\/\\\/tiketi.com\\\/\",\"logo\":{\"@type\":\"ImageObject\",\"inLanguage\":\"fr-FR\",\"@id\":\"https:\\\/\\\/tiketi.com\\\/#\\\/schema\\\/logo\\\/image\\\/\",\"url\":\"https:\\\/\\\/tiketi.com\\\/wp-content\\\/uploads\\\/2019\\\/05\\\/tiketi-logo-696.png\",\"contentUrl\":\"https:\\\/\\\/tiketi.com\\\/wp-content\\\/uploads\\\/2019\\\/05\\\/tiketi-logo-696.png\",\"width\":696,\"height\":696,\"caption\":\"Tiketi.com\"},\"image\":{\"@id\":\"https:\\\/\\\/tiketi.com\\\/#\\\/schema\\\/logo\\\/image\\\/\"},\"sameAs\":[\"https:\\\/\\\/www.facebook.com\\\/TiketiCom\\\/\"]}]}<\/script>\n<!-- \/ Yoast SEO plugin. -->","yoast_head_json":{"title":"Scenic Air R\u00e9servation en ligne Namibie - Vols pas chers","description":"Vous recherchez une r\u00e9servation en ligne Scenic Air en Namibie, une application, un itin\u00e9raire et un tarif\u00a0? R\u00e9servez des vols pas chers avec Scenic Air Namibie en ligne maintenant et \u00e9conomisez du temps et de l&#039;argent","robots":{"index":"index","follow":"follow","max-snippet":"max-snippet:-1","max-image-preview":"max-image-preview:large","max-video-preview":"max-video-preview:-1"},"canonical":"https:\/\/tiketi.com\/fr-fr\/scenic-air-online-flight-booking\/","og_locale":"fr_FR","og_type":"article","og_title":"Scenic Air Online Booking Namibia - Cheap Flights","og_description":"Looking for Scenic Air online booking in Namibia, app, route & fare? Do cheap Scenic Air flight booking Namibia online now and save time and money","og_url":"https:\/\/tiketi.com\/fr-fr\/scenic-air-online-flight-booking\/","og_site_name":"Tiketi.com","article_publisher":"https:\/\/www.facebook.com\/TiketiCom\/","article_modified_time":"2022-02-21T12:01:32+00:00","og_image":[{"width":1200,"height":240,"url":"https:\/\/tiketi.com\/wp-content\/uploads\/2022\/01\/flight-ticket-booking-sorasak-KxCJXXGsv9I-unsplas.jpg","type":"image\/jpeg"}],"twitter_card":"summary_large_image","twitter_misc":{"Dur\u00e9e de lecture estim\u00e9e":"2 minutes"},"schema":{"@context":"https:\/\/schema.org","@graph":[{"@type":"WebPage","@id":"https:\/\/tiketi.com\/scenic-air-online-flight-booking\/","url":"https:\/\/tiketi.com\/scenic-air-online-flight-booking\/","name":"Scenic Air R\u00e9servation en ligne Namibie - Vols pas chers","isPartOf":{"@id":"https:\/\/tiketi.com\/#website"},"primaryImageOfPage":{"@id":"https:\/\/tiketi.com\/scenic-air-online-flight-booking\/#primaryimage"},"image":{"@id":"https:\/\/tiketi.com\/scenic-air-online-flight-booking\/#primaryimage"},"thumbnailUrl":"https:\/\/tiketi.com\/wp-content\/uploads\/2022\/01\/flight-ticket-booking-sorasak-KxCJXXGsv9I-unsplas.jpg","datePublished":"2022-01-19T11:54:11+00:00","dateModified":"2022-02-21T12:01:32+00:00","description":"Vous recherchez une r\u00e9servation en ligne Scenic Air en Namibie, une application, un itin\u00e9raire et un tarif\u00a0? R\u00e9servez des vols pas chers avec Scenic Air Namibie en ligne maintenant et \u00e9conomisez du temps et de l&#039;argent","breadcrumb":{"@id":"https:\/\/tiketi.com\/scenic-air-online-flight-booking\/#breadcrumb"},"inLanguage":"fr-FR","potentialAction":[{"@type":"ReadAction","target":["https:\/\/tiketi.com\/scenic-air-online-flight-booking\/"]}]},{"@type":"ImageObject","inLanguage":"fr-FR","@id":"https:\/\/tiketi.com\/scenic-air-online-flight-booking\/#primaryimage","url":"https:\/\/tiketi.com\/wp-content\/uploads\/2022\/01\/flight-ticket-booking-sorasak-KxCJXXGsv9I-unsplas.jpg","contentUrl":"https:\/\/tiketi.com\/wp-content\/uploads\/2022\/01\/flight-ticket-booking-sorasak-KxCJXXGsv9I-unsplas.jpg","width":1200,"height":240,"caption":"Online flight ticket booking"},{"@type":"BreadcrumbList","@id":"https:\/\/tiketi.com\/scenic-air-online-flight-booking\/#breadcrumb","itemListElement":[{"@type":"ListItem","position":1,"name":"Home","item":"https:\/\/tiketi.com\/"},{"@type":"ListItem","position":2,"name":"Scenic Air Online Booking Namibia &#8211; Cheap Flights"}]},{"@type":"WebSite","@id":"https:\/\/tiketi.com\/#website","url":"https:\/\/tiketi.com\/","name":"Billets d&#039;avion et de bus, forfaits touristiques et activit\u00e9s - Tiketi.com","description":"Billets d&#039;avion et de bus, Tours, Activit\u00e9s","publisher":{"@id":"https:\/\/tiketi.com\/#organization"},"potentialAction":[{"@type":"SearchAction","target":{"@type":"EntryPoint","urlTemplate":"https:\/\/tiketi.com\/?s={search_term_string}"},"query-input":{"@type":"PropertyValueSpecification","valueRequired":true,"valueName":"search_term_string"}}],"inLanguage":"fr-FR"},{"@type":"Organization","@id":"https:\/\/tiketi.com\/#organization","name":"Tiketi.com","alternateName":"Tiketi","url":"https:\/\/tiketi.com\/","logo":{"@type":"ImageObject","inLanguage":"fr-FR","@id":"https:\/\/tiketi.com\/#\/schema\/logo\/image\/","url":"https:\/\/tiketi.com\/wp-content\/uploads\/2019\/05\/tiketi-logo-696.png","contentUrl":"https:\/\/tiketi.com\/wp-content\/uploads\/2019\/05\/tiketi-logo-696.png","width":696,"height":696,"caption":"Tiketi.com"},"image":{"@id":"https:\/\/tiketi.com\/#\/schema\/logo\/image\/"},"sameAs":["https:\/\/www.facebook.com\/TiketiCom\/"]}]}},"_links":{"self":[{"href":"https:\/\/tiketi.com\/fr-fr\/wp-json\/wp\/v2\/pages\/11072","targetHints":{"allow":["GET"]}}],"collection":[{"href":"https:\/\/tiketi.com\/fr-fr\/wp-json\/wp\/v2\/pages"}],"about":[{"href":"https:\/\/tiketi.com\/fr-fr\/wp-json\/wp\/v2\/types\/page"}],"author":[{"embeddable":true,"href":"https:\/\/tiketi.com\/fr-fr\/wp-json\/wp\/v2\/users\/1"}],"replies":[{"embeddable":true,"href":"https:\/\/tiketi.com\/fr-fr\/wp-json\/wp\/v2\/comments?post=11072"}],"version-history":[{"count":0,"href":"https:\/\/tiketi.com\/fr-fr\/wp-json\/wp\/v2\/pages\/11072\/revisions"}],"wp:featuredmedia":[{"embeddable":true,"href":"https:\/\/tiketi.com\/fr-fr\/wp-json\/wp\/v2\/media\/14041"}],"wp:attachment":[{"href":"https:\/\/tiketi.com\/fr-fr\/wp-json\/wp\/v2\/media?parent=11072"}],"curies":[{"name":"wp","href":"https:\/\/api.w.org\/{rel}","templated":true}]}}