{"id":11073,"date":"2022-01-19T12:54:11","date_gmt":"2022-01-19T11:54:11","guid":{"rendered":"https:\/\/new.tiketi.com\/kulula-online-booking-south-africa-cheap-flights\/"},"modified":"2022-02-16T13:02:01","modified_gmt":"2022-02-16T12:02:01","slug":"kulala-online-flight-booking","status":"publish","type":"page","link":"https:\/\/tiketi.com\/fr-fr\/kulala-online-flight-booking\/","title":{"rendered":"Kulula R\u00e9servation en ligne Afrique du Sud \u2013 Vols pas chers"},"content":{"rendered":"<h2>Kulula R\u00e9servation de vol en ligne Afrique du Sud<\/h2>\n<h3>Comparez et r\u00e9servez d\u00e8s maintenant vos billets d&#039;avion \u00e0 bas prix pour Kulula en ligne.<\/h3>\n<p>Recherchez, comparez et faites des r\u00e9servations en ligne bon march\u00e9 \u00e0 Kulula. Kulula Airlines, parfois simplement appel\u00e9e Kulula, est une compagnie a\u00e9rienne sud-africaine sans fioritures op\u00e9rant actuellement sur les grandes routes int\u00e9rieures sud-africaines, ainsi que sur d&#039;autres routes r\u00e9gionales africaines. Les a\u00e9roports principaux de la compagnie a\u00e9rienne sont l&#039;a\u00e9roport international de Lanseria ou l&#039;a\u00e9roport international de Tambo, tous deux juste \u00e0 l&#039;ext\u00e9rieur de Johannesburg. Faites la r\u00e9servation de vols pas chers pour Kulula en ligne d\u00e8s maintenant et \u00e9conomisez du temps et de l&#039;argent.<\/p>\n<h2>FAQ sur la r\u00e9servation en ligne de Kulula<\/h2>\n<h3>Itin\u00e9raires des billets d&#039;avion Kulula<\/h3>\n<p>La compagnie a\u00e9rienne a actuellement son si\u00e8ge social au parc Boanero, Ekurhuleni, Gauteng, Kempton Park. La soci\u00e9t\u00e9 m\u00e8re de la compagnie a\u00e9rienne est Comair, une compagnie a\u00e9rienne \u00e9galement bas\u00e9e en Afrique du Sud qui exploite des services r\u00e9guliers sur les services int\u00e9rieurs en tant que franchise de British Airways. \u00c0 partir de juin 2013, dessert les destinations populaires suivantes, Durban, Cape Town, East London, Johannesburg et George.<\/p>\n<h3>Informations sur la flotte<\/h3>\n<p>Kulula dessert actuellement leurs itin\u00e9raires \u00e0 l&#039;aide d&#039;avions Boeing, y compris les s\u00e9ries Boeing 800 et 737-400. L&#039;un de leurs avions, appel\u00e9 Flying 101, est couvert d&#039;une l\u00e9gende d\u00e9crivant les diff\u00e9rentes parties de l&#039;avion.<\/p>\n<h3>Franchises bagages<\/h3>\n<p><strong>Les bagages \u00e0 main<\/strong><\/p>\n<p>Les passagers ont droit \u00e0 un bagage \u00e0 main d&#039;un poids maximal de 7 kg.<\/p>\n<p>De plus, les passagers ont droit \u00e0 1 petit objet personnel, comme un sac pour ordinateur portable ou un petit sac \u00e0 main.<\/p>\n<p><strong>Bagages enregistr\u00e9s<\/strong><\/p>\n<p>Les passagers ont \u00e9galement droit \u00e0 1\u00a0bagage enregistr\u00e9, pesant jusqu&#039;\u00e0 20\u00a0kg. Les passagers ayant besoin de bagages suppl\u00e9mentaires peuvent simplement acheter des bagages suppl\u00e9mentaires en ligne \u00e0 un tarif r\u00e9duit ou \u00e0 l&#039;a\u00e9roport. Tout bagage pesant entre 20 kg et 32 kg appliquera des frais de bagages lourds \u00e0 l&#039;a\u00e9roport.<\/p>\n<h3>Enregistrement \u00e0 l&#039;a\u00e9roport<\/h3>\n<p>Apr\u00e8s la r\u00e9servation en ligne du vol Kulula, les passagers peuvent s&#039;enregistrer \u00e0 l&#039;a\u00e9roport en se rendant soit au comptoir d&#039;enregistrement de l&#039;a\u00e9roport, soit aux bornes libre-service. Si le num\u00e9ro de vol commence par MN, les passagers peuvent se rendre au comptoir d&#039;enregistrement de Kulula. Quoi qu&#039;il en soit, si le num\u00e9ro de vol commence par BA, les passagers doivent se rendre au comptoir d&#039;enregistrement de British Airways. L&#039;enregistrement \u00e0 l&#039;a\u00e9roport ferme soixante minutes avant l&#039;heure de d\u00e9part pr\u00e9vue du vol sur les vols internationaux et quarante-cinq minutes avant sur les vols int\u00e9rieurs.<\/p>\n<h2>Kulula R\u00e9servation de vol en ligne Afrique du Sud Conseils<\/h2>\n<p>En mars 2019, la compagnie a\u00e9rienne a annonc\u00e9 un nouvel accord interligne avec les grandes compagnies a\u00e9riennes Delta. Cela augmentera consid\u00e9rablement la connectivit\u00e9 entre l&#039;Afrique du Sud et les \u00c9tats-Unis.<\/p>","protected":false},"excerpt":{"rendered":"<p>Kulula Flight Booking Online South Africa Compare and book your cheap Kulula flight tickets online now. Search, compare and do cheap Kulula online booking.\u00a0Kulula Airlines, sometimes simply called as Kulula is a South African no-frills airline presently operating on big South African domestic routes, as well as other regional African routes. The airline key hub [&hellip;]<\/p>\n","protected":false},"author":1,"featured_media":14041,"parent":0,"menu_order":0,"comment_status":"open","ping_status":"closed","template":"template-home-modern.php","meta":{"footnotes":""},"class_list":["post-11073","page","type-page","status-publish","has-post-thumbnail","hentry"],"yoast_head":"<!-- This site is optimized with the Yoast SEO plugin v27.2 - https:\/\/yoast.com\/product\/yoast-seo-wordpress\/ -->\n<title>Kulula Online Booking South Africa - Cheap Flights<\/title>\n<meta name=\"description\" content=\"Looking for Kulula online booking in South Africa? Do cheap Kulula flight booking online now and save time and money\" \/>\n<meta name=\"robots\" content=\"index, follow, max-snippet:-1, max-image-preview:large, max-video-preview:-1\" \/>\n<link rel=\"canonical\" href=\"https:\/\/tiketi.com\/fr-fr\/kulala-online-flight-booking\/\" \/>\n<meta property=\"og:locale\" content=\"fr_FR\" \/>\n<meta property=\"og:type\" content=\"article\" \/>\n<meta property=\"og:title\" content=\"Kulula Online Booking South Africa - Cheap Flights\" \/>\n<meta property=\"og:description\" content=\"Looking for Kulula online booking in South Africa? Do cheap Kulula flight booking online now and save time and money\" \/>\n<meta property=\"og:url\" content=\"https:\/\/tiketi.com\/fr-fr\/kulala-online-flight-booking\/\" \/>\n<meta property=\"og:site_name\" content=\"Tiketi.com\" \/>\n<meta property=\"article:publisher\" content=\"https:\/\/www.facebook.com\/TiketiCom\/\" \/>\n<meta property=\"article:modified_time\" content=\"2022-02-16T12:02:01+00:00\" \/>\n<meta property=\"og:image\" content=\"https:\/\/tiketi.com\/wp-content\/uploads\/2022\/01\/flight-ticket-booking-sorasak-KxCJXXGsv9I-unsplas.jpg\" \/>\n\t<meta property=\"og:image:width\" content=\"1200\" \/>\n\t<meta property=\"og:image:height\" content=\"240\" \/>\n\t<meta property=\"og:image:type\" content=\"image\/jpeg\" \/>\n<meta name=\"twitter:card\" content=\"summary_large_image\" \/>\n<meta name=\"twitter:label1\" content=\"Dur\u00e9e de lecture estim\u00e9e\" \/>\n\t<meta name=\"twitter:data1\" content=\"2 minutes\" \/>\n<script type=\"application\/ld+json\" class=\"yoast-schema-graph\">{\"@context\":\"https:\/\/schema.org\",\"@graph\":[{\"@type\":\"WebPage\",\"@id\":\"https:\/\/tiketi.com\/fr-fr\/kulala-online-flight-booking\/\",\"url\":\"https:\/\/tiketi.com\/fr-fr\/kulala-online-flight-booking\/\",\"name\":\"Kulula Online Booking South Africa - Cheap Flights\",\"isPartOf\":{\"@id\":\"https:\/\/tiketi.com\/#website\"},\"primaryImageOfPage\":{\"@id\":\"https:\/\/tiketi.com\/fr-fr\/kulala-online-flight-booking\/#primaryimage\"},\"image\":{\"@id\":\"https:\/\/tiketi.com\/fr-fr\/kulala-online-flight-booking\/#primaryimage\"},\"thumbnailUrl\":\"https:\/\/tiketi.com\/wp-content\/uploads\/2022\/01\/flight-ticket-booking-sorasak-KxCJXXGsv9I-unsplas.jpg\",\"datePublished\":\"2022-01-19T11:54:11+00:00\",\"dateModified\":\"2022-02-16T12:02:01+00:00\",\"description\":\"Looking for Kulula online booking in South Africa? Do cheap Kulula flight booking online now and save time and money\",\"breadcrumb\":{\"@id\":\"https:\/\/tiketi.com\/fr-fr\/kulala-online-flight-booking\/#breadcrumb\"},\"inLanguage\":\"fr-FR\",\"potentialAction\":[{\"@type\":\"ReadAction\",\"target\":[\"https:\/\/tiketi.com\/fr-fr\/kulala-online-flight-booking\/\"]}]},{\"@type\":\"ImageObject\",\"inLanguage\":\"fr-FR\",\"@id\":\"https:\/\/tiketi.com\/fr-fr\/kulala-online-flight-booking\/#primaryimage\",\"url\":\"https:\/\/tiketi.com\/wp-content\/uploads\/2022\/01\/flight-ticket-booking-sorasak-KxCJXXGsv9I-unsplas.jpg\",\"contentUrl\":\"https:\/\/tiketi.com\/wp-content\/uploads\/2022\/01\/flight-ticket-booking-sorasak-KxCJXXGsv9I-unsplas.jpg\",\"width\":1200,\"height\":240,\"caption\":\"Online flight ticket booking\"},{\"@type\":\"BreadcrumbList\",\"@id\":\"https:\/\/tiketi.com\/fr-fr\/kulala-online-flight-booking\/#breadcrumb\",\"itemListElement\":[{\"@type\":\"ListItem\",\"position\":1,\"name\":\"Home\",\"item\":\"https:\/\/tiketi.com\/\"},{\"@type\":\"ListItem\",\"position\":2,\"name\":\"Kulula Online Booking South Africa &#8211; Cheap Flights\"}]},{\"@type\":\"WebSite\",\"@id\":\"https:\/\/tiketi.com\/#website\",\"url\":\"https:\/\/tiketi.com\/\",\"name\":\"Flight & Bus Tickets, Tour Packages & Activitites - Tiketi.com\",\"description\":\"Flight &amp; Bus Tickets, Tours, Activitites\",\"publisher\":{\"@id\":\"https:\/\/tiketi.com\/#organization\"},\"potentialAction\":[{\"@type\":\"SearchAction\",\"target\":{\"@type\":\"EntryPoint\",\"urlTemplate\":\"https:\/\/tiketi.com\/?s={search_term_string}\"},\"query-input\":{\"@type\":\"PropertyValueSpecification\",\"valueRequired\":true,\"valueName\":\"search_term_string\"}}],\"inLanguage\":\"fr-FR\"},{\"@type\":\"Organization\",\"@id\":\"https:\/\/tiketi.com\/#organization\",\"name\":\"Tiketi.com\",\"alternateName\":\"Tiketi\",\"url\":\"https:\/\/tiketi.com\/\",\"logo\":{\"@type\":\"ImageObject\",\"inLanguage\":\"fr-FR\",\"@id\":\"https:\/\/tiketi.com\/#\/schema\/logo\/image\/\",\"url\":\"https:\/\/tiketi.com\/wp-content\/uploads\/2019\/05\/tiketi-logo-696.png\",\"contentUrl\":\"https:\/\/tiketi.com\/wp-content\/uploads\/2019\/05\/tiketi-logo-696.png\",\"width\":696,\"height\":696,\"caption\":\"Tiketi.com\"},\"image\":{\"@id\":\"https:\/\/tiketi.com\/#\/schema\/logo\/image\/\"},\"sameAs\":[\"https:\/\/www.facebook.com\/TiketiCom\/\"]}]}<\/script>\n<!-- \/ Yoast SEO plugin. -->","yoast_head_json":{"title":"Kulula R\u00e9servation en ligne Afrique du Sud - Vols pas chers","description":"Vous recherchez une r\u00e9servation en ligne Kulula en Afrique du Sud? R\u00e9servez en ligne des vols pas chers pour Kulula et \u00e9conomisez du temps et de l&#039;argent","robots":{"index":"index","follow":"follow","max-snippet":"max-snippet:-1","max-image-preview":"max-image-preview:large","max-video-preview":"max-video-preview:-1"},"canonical":"https:\/\/tiketi.com\/fr-fr\/kulala-online-flight-booking\/","og_locale":"fr_FR","og_type":"article","og_title":"Kulula Online Booking South Africa - Cheap Flights","og_description":"Looking for Kulula online booking in South Africa? Do cheap Kulula flight booking online now and save time and money","og_url":"https:\/\/tiketi.com\/fr-fr\/kulala-online-flight-booking\/","og_site_name":"Tiketi.com","article_publisher":"https:\/\/www.facebook.com\/TiketiCom\/","article_modified_time":"2022-02-16T12:02:01+00:00","og_image":[{"width":1200,"height":240,"url":"https:\/\/tiketi.com\/wp-content\/uploads\/2022\/01\/flight-ticket-booking-sorasak-KxCJXXGsv9I-unsplas.jpg","type":"image\/jpeg"}],"twitter_card":"summary_large_image","twitter_misc":{"Dur\u00e9e de lecture estim\u00e9e":"2 minutes"},"schema":{"@context":"https:\/\/schema.org","@graph":[{"@type":"WebPage","@id":"https:\/\/tiketi.com\/fr-fr\/kulala-online-flight-booking\/","url":"https:\/\/tiketi.com\/fr-fr\/kulala-online-flight-booking\/","name":"Kulula R\u00e9servation en ligne Afrique du Sud - Vols pas chers","isPartOf":{"@id":"https:\/\/tiketi.com\/#website"},"primaryImageOfPage":{"@id":"https:\/\/tiketi.com\/fr-fr\/kulala-online-flight-booking\/#primaryimage"},"image":{"@id":"https:\/\/tiketi.com\/fr-fr\/kulala-online-flight-booking\/#primaryimage"},"thumbnailUrl":"https:\/\/tiketi.com\/wp-content\/uploads\/2022\/01\/flight-ticket-booking-sorasak-KxCJXXGsv9I-unsplas.jpg","datePublished":"2022-01-19T11:54:11+00:00","dateModified":"2022-02-16T12:02:01+00:00","description":"Vous recherchez une r\u00e9servation en ligne Kulula en Afrique du Sud? R\u00e9servez en ligne des vols pas chers pour Kulula et \u00e9conomisez du temps et de l&#039;argent","breadcrumb":{"@id":"https:\/\/tiketi.com\/fr-fr\/kulala-online-flight-booking\/#breadcrumb"},"inLanguage":"fr-FR","potentialAction":[{"@type":"ReadAction","target":["https:\/\/tiketi.com\/fr-fr\/kulala-online-flight-booking\/"]}]},{"@type":"ImageObject","inLanguage":"fr-FR","@id":"https:\/\/tiketi.com\/fr-fr\/kulala-online-flight-booking\/#primaryimage","url":"https:\/\/tiketi.com\/wp-content\/uploads\/2022\/01\/flight-ticket-booking-sorasak-KxCJXXGsv9I-unsplas.jpg","contentUrl":"https:\/\/tiketi.com\/wp-content\/uploads\/2022\/01\/flight-ticket-booking-sorasak-KxCJXXGsv9I-unsplas.jpg","width":1200,"height":240,"caption":"Online flight ticket booking"},{"@type":"BreadcrumbList","@id":"https:\/\/tiketi.com\/fr-fr\/kulala-online-flight-booking\/#breadcrumb","itemListElement":[{"@type":"ListItem","position":1,"name":"Home","item":"https:\/\/tiketi.com\/"},{"@type":"ListItem","position":2,"name":"Kulula Online Booking South Africa &#8211; Cheap Flights"}]},{"@type":"WebSite","@id":"https:\/\/tiketi.com\/#website","url":"https:\/\/tiketi.com\/","name":"Billets d&#039;avion et de bus, forfaits touristiques et activit\u00e9s - Tiketi.com","description":"Billets d&#039;avion et de bus, Tours, Activit\u00e9s","publisher":{"@id":"https:\/\/tiketi.com\/#organization"},"potentialAction":[{"@type":"SearchAction","target":{"@type":"EntryPoint","urlTemplate":"https:\/\/tiketi.com\/?s={search_term_string}"},"query-input":{"@type":"PropertyValueSpecification","valueRequired":true,"valueName":"search_term_string"}}],"inLanguage":"fr-FR"},{"@type":"Organization","@id":"https:\/\/tiketi.com\/#organization","name":"Tiketi.com","alternateName":"Tiketi","url":"https:\/\/tiketi.com\/","logo":{"@type":"ImageObject","inLanguage":"fr-FR","@id":"https:\/\/tiketi.com\/#\/schema\/logo\/image\/","url":"https:\/\/tiketi.com\/wp-content\/uploads\/2019\/05\/tiketi-logo-696.png","contentUrl":"https:\/\/tiketi.com\/wp-content\/uploads\/2019\/05\/tiketi-logo-696.png","width":696,"height":696,"caption":"Tiketi.com"},"image":{"@id":"https:\/\/tiketi.com\/#\/schema\/logo\/image\/"},"sameAs":["https:\/\/www.facebook.com\/TiketiCom\/"]}]}},"_links":{"self":[{"href":"https:\/\/tiketi.com\/fr-fr\/wp-json\/wp\/v2\/pages\/11073","targetHints":{"allow":["GET"]}}],"collection":[{"href":"https:\/\/tiketi.com\/fr-fr\/wp-json\/wp\/v2\/pages"}],"about":[{"href":"https:\/\/tiketi.com\/fr-fr\/wp-json\/wp\/v2\/types\/page"}],"author":[{"embeddable":true,"href":"https:\/\/tiketi.com\/fr-fr\/wp-json\/wp\/v2\/users\/1"}],"replies":[{"embeddable":true,"href":"https:\/\/tiketi.com\/fr-fr\/wp-json\/wp\/v2\/comments?post=11073"}],"version-history":[{"count":0,"href":"https:\/\/tiketi.com\/fr-fr\/wp-json\/wp\/v2\/pages\/11073\/revisions"}],"wp:featuredmedia":[{"embeddable":true,"href":"https:\/\/tiketi.com\/fr-fr\/wp-json\/wp\/v2\/media\/14041"}],"wp:attachment":[{"href":"https:\/\/tiketi.com\/fr-fr\/wp-json\/wp\/v2\/media?parent=11073"}],"curies":[{"name":"wp","href":"https:\/\/api.w.org\/{rel}","templated":true}]}}