{"id":11074,"date":"2022-01-19T12:54:11","date_gmt":"2022-01-19T11:54:11","guid":{"rendered":"https:\/\/new.tiketi.com\/airlink-online-booking-southern-africa-cheap-flights\/"},"modified":"2022-01-24T13:22:35","modified_gmt":"2022-01-24T12:22:35","slug":"airlink-online-flight-booking","status":"publish","type":"page","link":"https:\/\/tiketi.com\/fr-fr\/airlink-online-flight-booking\/","title":{"rendered":"R\u00e9servation en ligne Airlink Afrique australe \u2013 Vols pas chers"},"content":{"rendered":"<h2>Airlink R\u00e9servation de vols en ligne Afrique australe<\/h2>\n<h3>D\u00e9couvrez votre itin\u00e9raire de voyage sur le web, le mobile ou l&#039;application et r\u00e9servez des billets d&#039;avion Airlink pas chers en ligne d\u00e8s maintenant.<\/h3>\n<p>Recherchez, comparez et faites des r\u00e9servations en ligne Airlink bon march\u00e9 en Afrique australe. Airlink, \u00e9galement appel\u00e9e SA Airlink, ou Airlink Airlines, est une compagnie a\u00e9rienne priv\u00e9e et r\u00e9gionale fond\u00e9e en 1992 et exploit\u00e9e en tant que franchis\u00e9 de South African Airways. Recherchez, comparez et r\u00e9servez en ligne d\u00e8s maintenant des billets d&#039;avion Airlink pas chers et gagnez du temps et de l&#039;argent<\/p>\n<h2>FAQ sur la r\u00e9servation en ligne Airlink<\/h2>\n<p>SA Airlink a un accord de partage de code avec South African Express et South African Airways. Airlink a \u00e9galement un partenariat avec Swaziland Airlink et propose des vols aller-retour quotidiens directs et parfaits de Manzini \u00e0 Johannesburg.<\/p>\n<p>Les origines d&#039;Airlink sont enracin\u00e9es dans 3 petites compagnies a\u00e9riennes : Boarder Air, Magnum Airlines et City Air, qui se sont combin\u00e9es pour former Link Airways dans les ann\u00e9es 1980. En 1997, SA Airlink a combin\u00e9 South African Express et South African Airways dans une alliance strat\u00e9gique solide.<\/p>\n<p>Aujourd&#039;hui, Airlink est la plus grande compagnie a\u00e9rienne r\u00e9gionale ind\u00e9pendante d&#039;Afrique australe, reliant les passagers \u00e0 plus de 30 destinations populaires en Afrique australe.<\/p>\n<h3>Airlink r\u00e9servation en ligne destinations populaires<\/h3>\n<p>Depuis ao\u00fbt 2020, la r\u00e9servation de vols en ligne Airlink pour l&#039;Afrique australe est possible dans trente-six destinations de la sous-zone de la communaut\u00e9 de d\u00e9veloppement sud-africaine. Airlink vole depuis et son a\u00e9roport central, l&#039;a\u00e9roport international OR Tambo, y compris de nombreux autres endroits tels que Maun, Kasane, Cape Town, Bloemfontein, East London, Johannesburg, George, Nelspruit, Pretoria, Sishen, Skuzura et Maseuri et Upington, Maputo, Beira , Antannarivo et Pemba.<\/p>\n<h3>Enregistrement<\/h3>\n<p>Si les passagers ne s&#039;enregistrent pas en ligne, ils doivent se rendre au comptoir d&#039;enregistrement de l&#039;a\u00e9roport de r\u00e9servation Airlink \u00e0 l&#039;a\u00e9roport.<br \/>\nPour les vols int\u00e9rieurs, l&#039;enregistrement \u00e0 l&#039;a\u00e9roport ouvrira 1h30 avant le d\u00e9part pr\u00e9vu et fermera 30 minutes avant le d\u00e9part.<br \/>\nPour les vols r\u00e9gionaux ou internationaux, l&#039;enregistrement \u00e0 l&#039;a\u00e9roport ouvrira deux heures avant le d\u00e9part pr\u00e9vu et fermera cinquante minutes avant le d\u00e9part.<\/p>\n<h3>Informations sur la flotte<\/h3>\n<p>En ao\u00fbt 2020, la flotte Airlink se compose de 53 avions dont six en commande:<\/p>\n<p>\u2022 11 Embraer ERJ-140<br \/>\n\u2022 3 Embraer 140<br \/>\n\u2022 11 Embraer 190IGW avec 6 sur plus sur commande<br \/>\n\u2022 7 BAe Jetstream 41<br \/>\n\u2022 4 Cessna Grand Caravan EX<br \/>\n\u2022 17 Embraer ERJ-135<\/p>\n<h2>Conseils de r\u00e9servation de vols en ligne d&#039;Airlink pour l&#039;Afrique australe<\/h2>\n<p>Airlink fournit des services aux enfants non accompagn\u00e9s, aux personnes handicap\u00e9es, aux nourrissons, aux femmes enceintes et aux personnes malades.<\/p>","protected":false},"excerpt":{"rendered":"<p>Airlink Online Flight Booking Southern Africa Discover your travel route on web, mobile or app and book cheap Airlink flight tickets online now. Search, compare and do cheap Airlink online booking in Southern Africa. Airlink, also called as SA Airlink, or Airlink airlines, is a privately owned and regional airline that was founded in 1992 [&hellip;]<\/p>\n","protected":false},"author":1,"featured_media":14041,"parent":0,"menu_order":0,"comment_status":"open","ping_status":"closed","template":"template-home-modern.php","meta":{"footnotes":""},"class_list":["post-11074","page","type-page","status-publish","has-post-thumbnail","hentry"],"yoast_head":"<!-- This site is optimized with the Yoast SEO plugin v27.2 - https:\/\/yoast.com\/product\/yoast-seo-wordpress\/ -->\n<title>Airlink Online Booking Southern Africa - Cheap Flights<\/title>\n<meta name=\"description\" content=\"Looking for Airlink online booking in Southern Africa app? Search &amp; book cheap Airlink flight tickets online now and save time and money\" \/>\n<meta name=\"robots\" content=\"index, follow, max-snippet:-1, max-image-preview:large, max-video-preview:-1\" \/>\n<link rel=\"canonical\" href=\"https:\/\/tiketi.com\/fr-fr\/airlink-online-flight-booking\/\" \/>\n<meta property=\"og:locale\" content=\"fr_FR\" \/>\n<meta property=\"og:type\" content=\"article\" \/>\n<meta property=\"og:title\" content=\"Airlink Online Booking Southern Africa - Cheap Flights\" \/>\n<meta property=\"og:description\" content=\"Looking for Airlink online booking in Southern Africa app? Search &amp; book cheap Airlink flight tickets online now and save time and money\" \/>\n<meta property=\"og:url\" content=\"https:\/\/tiketi.com\/fr-fr\/airlink-online-flight-booking\/\" \/>\n<meta property=\"og:site_name\" content=\"Tiketi.com\" \/>\n<meta property=\"article:publisher\" content=\"https:\/\/www.facebook.com\/TiketiCom\/\" \/>\n<meta property=\"article:modified_time\" content=\"2022-01-24T12:22:35+00:00\" \/>\n<meta property=\"og:image\" content=\"https:\/\/tiketi.com\/wp-content\/uploads\/2022\/01\/flight-ticket-booking-sorasak-KxCJXXGsv9I-unsplas.jpg\" \/>\n\t<meta property=\"og:image:width\" content=\"1200\" \/>\n\t<meta property=\"og:image:height\" content=\"240\" \/>\n\t<meta property=\"og:image:type\" content=\"image\/jpeg\" \/>\n<meta name=\"twitter:card\" content=\"summary_large_image\" \/>\n<meta name=\"twitter:label1\" content=\"Dur\u00e9e de lecture estim\u00e9e\" \/>\n\t<meta name=\"twitter:data1\" content=\"2 minutes\" \/>\n<script type=\"application\/ld+json\" class=\"yoast-schema-graph\">{\"@context\":\"https:\/\/schema.org\",\"@graph\":[{\"@type\":\"WebPage\",\"@id\":\"https:\/\/tiketi.com\/airlink-online-flight-booking\/\",\"url\":\"https:\/\/tiketi.com\/airlink-online-flight-booking\/\",\"name\":\"Airlink Online Booking Southern Africa - Cheap Flights\",\"isPartOf\":{\"@id\":\"https:\/\/tiketi.com\/#website\"},\"primaryImageOfPage\":{\"@id\":\"https:\/\/tiketi.com\/airlink-online-flight-booking\/#primaryimage\"},\"image\":{\"@id\":\"https:\/\/tiketi.com\/airlink-online-flight-booking\/#primaryimage\"},\"thumbnailUrl\":\"https:\/\/tiketi.com\/wp-content\/uploads\/2022\/01\/flight-ticket-booking-sorasak-KxCJXXGsv9I-unsplas.jpg\",\"datePublished\":\"2022-01-19T11:54:11+00:00\",\"dateModified\":\"2022-01-24T12:22:35+00:00\",\"description\":\"Looking for Airlink online booking in Southern Africa app? Search & book cheap Airlink flight tickets online now and save time and money\",\"breadcrumb\":{\"@id\":\"https:\/\/tiketi.com\/airlink-online-flight-booking\/#breadcrumb\"},\"inLanguage\":\"fr-FR\",\"potentialAction\":[{\"@type\":\"ReadAction\",\"target\":[\"https:\/\/tiketi.com\/airlink-online-flight-booking\/\"]}]},{\"@type\":\"ImageObject\",\"inLanguage\":\"fr-FR\",\"@id\":\"https:\/\/tiketi.com\/airlink-online-flight-booking\/#primaryimage\",\"url\":\"https:\/\/tiketi.com\/wp-content\/uploads\/2022\/01\/flight-ticket-booking-sorasak-KxCJXXGsv9I-unsplas.jpg\",\"contentUrl\":\"https:\/\/tiketi.com\/wp-content\/uploads\/2022\/01\/flight-ticket-booking-sorasak-KxCJXXGsv9I-unsplas.jpg\",\"width\":1200,\"height\":240,\"caption\":\"Online flight ticket booking\"},{\"@type\":\"BreadcrumbList\",\"@id\":\"https:\/\/tiketi.com\/airlink-online-flight-booking\/#breadcrumb\",\"itemListElement\":[{\"@type\":\"ListItem\",\"position\":1,\"name\":\"Home\",\"item\":\"https:\/\/tiketi.com\/\"},{\"@type\":\"ListItem\",\"position\":2,\"name\":\"Airlink Online Booking Southern Africa &#8211; Cheap Flights\"}]},{\"@type\":\"WebSite\",\"@id\":\"https:\/\/tiketi.com\/#website\",\"url\":\"https:\/\/tiketi.com\/\",\"name\":\"Flight & Bus Tickets, Tour Packages & Activitites - Tiketi.com\",\"description\":\"Flight &amp; Bus Tickets, Tours, Activitites\",\"publisher\":{\"@id\":\"https:\/\/tiketi.com\/#organization\"},\"potentialAction\":[{\"@type\":\"SearchAction\",\"target\":{\"@type\":\"EntryPoint\",\"urlTemplate\":\"https:\/\/tiketi.com\/?s={search_term_string}\"},\"query-input\":{\"@type\":\"PropertyValueSpecification\",\"valueRequired\":true,\"valueName\":\"search_term_string\"}}],\"inLanguage\":\"fr-FR\"},{\"@type\":\"Organization\",\"@id\":\"https:\/\/tiketi.com\/#organization\",\"name\":\"Tiketi.com\",\"alternateName\":\"Tiketi\",\"url\":\"https:\/\/tiketi.com\/\",\"logo\":{\"@type\":\"ImageObject\",\"inLanguage\":\"fr-FR\",\"@id\":\"https:\/\/tiketi.com\/#\/schema\/logo\/image\/\",\"url\":\"https:\/\/tiketi.com\/wp-content\/uploads\/2019\/05\/tiketi-logo-696.png\",\"contentUrl\":\"https:\/\/tiketi.com\/wp-content\/uploads\/2019\/05\/tiketi-logo-696.png\",\"width\":696,\"height\":696,\"caption\":\"Tiketi.com\"},\"image\":{\"@id\":\"https:\/\/tiketi.com\/#\/schema\/logo\/image\/\"},\"sameAs\":[\"https:\/\/www.facebook.com\/TiketiCom\/\"]}]}<\/script>\n<!-- \/ Yoast SEO plugin. -->","yoast_head_json":{"title":"Airlink R\u00e9servation en ligne Afrique australe - Vols pas chers","description":"Vous recherchez une application de r\u00e9servation en ligne Airlink dans l&#039;Afrique australe\u00a0? Recherchez et r\u00e9servez des billets d&#039;avion Airlink pas chers en ligne d\u00e8s maintenant et \u00e9conomisez du temps et de l&#039;argent","robots":{"index":"index","follow":"follow","max-snippet":"max-snippet:-1","max-image-preview":"max-image-preview:large","max-video-preview":"max-video-preview:-1"},"canonical":"https:\/\/tiketi.com\/fr-fr\/airlink-online-flight-booking\/","og_locale":"fr_FR","og_type":"article","og_title":"Airlink Online Booking Southern Africa - Cheap Flights","og_description":"Looking for Airlink online booking in Southern Africa app? Search & book cheap Airlink flight tickets online now and save time and money","og_url":"https:\/\/tiketi.com\/fr-fr\/airlink-online-flight-booking\/","og_site_name":"Tiketi.com","article_publisher":"https:\/\/www.facebook.com\/TiketiCom\/","article_modified_time":"2022-01-24T12:22:35+00:00","og_image":[{"width":1200,"height":240,"url":"https:\/\/tiketi.com\/wp-content\/uploads\/2022\/01\/flight-ticket-booking-sorasak-KxCJXXGsv9I-unsplas.jpg","type":"image\/jpeg"}],"twitter_card":"summary_large_image","twitter_misc":{"Dur\u00e9e de lecture estim\u00e9e":"2 minutes"},"schema":{"@context":"https:\/\/schema.org","@graph":[{"@type":"WebPage","@id":"https:\/\/tiketi.com\/airlink-online-flight-booking\/","url":"https:\/\/tiketi.com\/airlink-online-flight-booking\/","name":"Airlink R\u00e9servation en ligne Afrique australe - Vols pas chers","isPartOf":{"@id":"https:\/\/tiketi.com\/#website"},"primaryImageOfPage":{"@id":"https:\/\/tiketi.com\/airlink-online-flight-booking\/#primaryimage"},"image":{"@id":"https:\/\/tiketi.com\/airlink-online-flight-booking\/#primaryimage"},"thumbnailUrl":"https:\/\/tiketi.com\/wp-content\/uploads\/2022\/01\/flight-ticket-booking-sorasak-KxCJXXGsv9I-unsplas.jpg","datePublished":"2022-01-19T11:54:11+00:00","dateModified":"2022-01-24T12:22:35+00:00","description":"Vous recherchez une application de r\u00e9servation en ligne Airlink dans l&#039;Afrique australe\u00a0? Recherchez et r\u00e9servez des billets d&#039;avion Airlink pas chers en ligne d\u00e8s maintenant et \u00e9conomisez du temps et de l&#039;argent","breadcrumb":{"@id":"https:\/\/tiketi.com\/airlink-online-flight-booking\/#breadcrumb"},"inLanguage":"fr-FR","potentialAction":[{"@type":"ReadAction","target":["https:\/\/tiketi.com\/airlink-online-flight-booking\/"]}]},{"@type":"ImageObject","inLanguage":"fr-FR","@id":"https:\/\/tiketi.com\/airlink-online-flight-booking\/#primaryimage","url":"https:\/\/tiketi.com\/wp-content\/uploads\/2022\/01\/flight-ticket-booking-sorasak-KxCJXXGsv9I-unsplas.jpg","contentUrl":"https:\/\/tiketi.com\/wp-content\/uploads\/2022\/01\/flight-ticket-booking-sorasak-KxCJXXGsv9I-unsplas.jpg","width":1200,"height":240,"caption":"Online flight ticket booking"},{"@type":"BreadcrumbList","@id":"https:\/\/tiketi.com\/airlink-online-flight-booking\/#breadcrumb","itemListElement":[{"@type":"ListItem","position":1,"name":"Home","item":"https:\/\/tiketi.com\/"},{"@type":"ListItem","position":2,"name":"Airlink Online Booking Southern Africa &#8211; Cheap Flights"}]},{"@type":"WebSite","@id":"https:\/\/tiketi.com\/#website","url":"https:\/\/tiketi.com\/","name":"Billets d&#039;avion et de bus, forfaits touristiques et activit\u00e9s - Tiketi.com","description":"Billets d&#039;avion et de bus, Tours, Activit\u00e9s","publisher":{"@id":"https:\/\/tiketi.com\/#organization"},"potentialAction":[{"@type":"SearchAction","target":{"@type":"EntryPoint","urlTemplate":"https:\/\/tiketi.com\/?s={search_term_string}"},"query-input":{"@type":"PropertyValueSpecification","valueRequired":true,"valueName":"search_term_string"}}],"inLanguage":"fr-FR"},{"@type":"Organization","@id":"https:\/\/tiketi.com\/#organization","name":"Tiketi.com","alternateName":"Tiketi","url":"https:\/\/tiketi.com\/","logo":{"@type":"ImageObject","inLanguage":"fr-FR","@id":"https:\/\/tiketi.com\/#\/schema\/logo\/image\/","url":"https:\/\/tiketi.com\/wp-content\/uploads\/2019\/05\/tiketi-logo-696.png","contentUrl":"https:\/\/tiketi.com\/wp-content\/uploads\/2019\/05\/tiketi-logo-696.png","width":696,"height":696,"caption":"Tiketi.com"},"image":{"@id":"https:\/\/tiketi.com\/#\/schema\/logo\/image\/"},"sameAs":["https:\/\/www.facebook.com\/TiketiCom\/"]}]}},"_links":{"self":[{"href":"https:\/\/tiketi.com\/fr-fr\/wp-json\/wp\/v2\/pages\/11074","targetHints":{"allow":["GET"]}}],"collection":[{"href":"https:\/\/tiketi.com\/fr-fr\/wp-json\/wp\/v2\/pages"}],"about":[{"href":"https:\/\/tiketi.com\/fr-fr\/wp-json\/wp\/v2\/types\/page"}],"author":[{"embeddable":true,"href":"https:\/\/tiketi.com\/fr-fr\/wp-json\/wp\/v2\/users\/1"}],"replies":[{"embeddable":true,"href":"https:\/\/tiketi.com\/fr-fr\/wp-json\/wp\/v2\/comments?post=11074"}],"version-history":[{"count":0,"href":"https:\/\/tiketi.com\/fr-fr\/wp-json\/wp\/v2\/pages\/11074\/revisions"}],"wp:featuredmedia":[{"embeddable":true,"href":"https:\/\/tiketi.com\/fr-fr\/wp-json\/wp\/v2\/media\/14041"}],"wp:attachment":[{"href":"https:\/\/tiketi.com\/fr-fr\/wp-json\/wp\/v2\/media?parent=11074"}],"curies":[{"name":"wp","href":"https:\/\/api.w.org\/{rel}","templated":true}]}}