{"id":11075,"date":"2022-01-19T12:54:11","date_gmt":"2022-01-19T11:54:11","guid":{"rendered":"https:\/\/new.tiketi.com\/lift-airline-online-booking-south-africa-cheap-flights\/"},"modified":"2022-02-16T14:03:02","modified_gmt":"2022-02-16T13:03:02","slug":"lift-airline-online-flight-booking","status":"publish","type":"page","link":"https:\/\/tiketi.com\/fr-fr\/lift-airline-online-flight-booking\/","title":{"rendered":"LIFT Airline R\u00e9servation en ligne Afrique du Sud \u2013 Vols pas chers"},"content":{"rendered":"<h2>LIFT R\u00e9servation de vols de la compagnie a\u00e9rienne Afrique du Sud<\/h2>\n<h3>D\u00e9couvrez votre itin\u00e9raire de voyage sur le Web, sur mobile ou sur une application et r\u00e9servez d\u00e8s maintenant des billets LIFT Airline \u00e0 bas prix en ligne.<\/h3>\n<p>Recherchez, comparez et effectuez des r\u00e9servations en ligne pas ch\u00e8res avec LIFT Airline. Lift Airlines est une start-up sud-africaine de compagnies a\u00e9riennes abordables. La compagnie a\u00e9rienne a \u00e9t\u00e9 cr\u00e9\u00e9e en octobre 2020 et a lanc\u00e9 ses op\u00e9rations en d\u00e9cembre 2020, ce qui correspond au d\u00e9but des vacances d&#039;\u00e9t\u00e9 en Afrique du Sud. R\u00e9servez d\u00e8s maintenant des vols pas chers avec LIFT Airline en ligne et \u00e9conomisez du temps et de l&#039;argent.<\/p>\n<h2>FAQ sur la r\u00e9servation en ligne de la compagnie a\u00e9rienne LIFT<\/h2>\n<p>Lift g\u00e8re de grandes lignes locales entre l&#039;a\u00e9roport international du Cap et l&#039;a\u00e9roport international OR Tambo, ainsi qu&#039;un vol vers l&#039;a\u00e9roport de George et l&#039;a\u00e9roport international du Cap.<\/p>\n<h3>LIFT Franchise de bagages des compagnies a\u00e9riennes<\/h3>\n<h4>Les bagages \u00e0 main<\/h4>\n<p>Les passagers sont autoris\u00e9s \u00e0 emporter 1 bagage \u00e0 main. Les dimensions totales ne doivent pas d\u00e9passer 115 cm (56 cm (L) + 36 cm (L) + 23 cm (H) et ne doivent pas augmenter le poids de sept kg.<br \/>\nLes passagers ont \u00e9galement droit \u00e0 un objet personnel suppl\u00e9mentaire, tel qu&#039;un petit sac \u00e0 main ou un cahier, en plus du bagage \u00e0 main autoris\u00e9.<\/p>\n<h4>Bagages enregistr\u00e9s<\/h4>\n<p>Chaque bagage enregistr\u00e9 ne doit pas d\u00e9passer vingt-trois kg et ne doit pas d\u00e9passer les dimensions les plus \u00e9lev\u00e9es de 208 cm (90 cm (L) + 75 cm (L) + 43 cm (H). Veuillez noter que tout sac pesant plus de 23 kg peut \u00eatre soumis \u00e0 un suppl\u00e9ment pour bagages lourds \u00e0 l&#039;a\u00e9roport.<\/p>\n<h2>R\u00e9servation de vol LIFT Airline \u2013 informations d\u2019enregistrement<\/h2>\n<p>\u2022 Pour les vols locaux : les comptoirs d&#039;enregistrement ouvriront deux heures avant le d\u00e9part pr\u00e9vu.<br \/>\n\u2022 Pour les vols internationaux\u00a0: les comptoirs d&#039;enregistrement ouvriront deux heures avant le d\u00e9part pr\u00e9vu.<br \/>\n\u2022 Bureaux d&#039;enregistrement pr\u00e8s de quarante-cinq minutes avant le d\u00e9part pr\u00e9vu.<br \/>\n\u2022 Les passagers devront arriver \u00e0 la porte d&#039;embarquement trente minutes avant le d\u00e9part.<\/p>\n<h3>Informations sur la flotte<\/h3>\n<p>La compagnie a\u00e9rienne exploitera 3 Airbus A320, ayant tous une capacit\u00e9 de 180 passagers.<br \/>\nLift Airline Booking s&#039;efforcera toujours d&#039;offrir des services uniques aux personnes handicap\u00e9es ou ayant besoin d&#039;une assistance suppl\u00e9mentaire. Quoi qu\u2019il en soit, l\u2019acceptation du nombre de passagers ayant des besoins uniques par vol est limit\u00e9e.<\/p>\n<h2>Conseils pour r\u00e9server un vol avec la compagnie a\u00e9rienne LIFT<\/h2>\n<p>La compagnie a\u00e9rienne esp\u00e8re \u00e9galement ouvrir tr\u00e8s prochainement des vols vers l\u2019a\u00e9roport international King Shaka. Lift se veut un transporteur a\u00e9rien flexible, adaptant ses liaisons int\u00e9rieures et ses horaires en fonction de la demande.<\/p>","protected":false},"excerpt":{"rendered":"<p>LIFT Airline Flight Booking South Africa Discover your travel route on web, mobile or app and book cheap LIFT Airline tickets online now. Search, compare and do cheap LIFT Airline online booking.\u00a0Lift Airlines is a start-up South African affordable airline. The airline was established in 2020 October, and launched operations in December 2020 &#8211; timed [&hellip;]<\/p>\n","protected":false},"author":1,"featured_media":14041,"parent":0,"menu_order":0,"comment_status":"open","ping_status":"closed","template":"template-home-modern.php","meta":{"footnotes":""},"class_list":["post-11075","page","type-page","status-publish","has-post-thumbnail","hentry"],"yoast_head":"<!-- This site is optimized with the Yoast SEO plugin v27.3 - https:\/\/yoast.com\/product\/yoast-seo-wordpress\/ -->\n<title>LIFT Airline Online Booking South Africa - Cheap Flights<\/title>\n<meta name=\"description\" content=\"Looking for LIFT Airline online booking in South Africa? Do cheap LIFT Airline flight booking South Africa online now and save time and money\" \/>\n<meta name=\"robots\" content=\"index, follow, max-snippet:-1, max-image-preview:large, max-video-preview:-1\" \/>\n<link rel=\"canonical\" href=\"https:\/\/tiketi.com\/fr-fr\/lift-airline-online-flight-booking\/\" \/>\n<meta property=\"og:locale\" content=\"fr_FR\" \/>\n<meta property=\"og:type\" content=\"article\" \/>\n<meta property=\"og:title\" content=\"LIFT Airline Online Booking South Africa - Cheap Flights\" \/>\n<meta property=\"og:description\" content=\"Looking for LIFT Airline online booking in South Africa? Do cheap LIFT Airline flight booking South Africa online now and save time and money\" \/>\n<meta property=\"og:url\" content=\"https:\/\/tiketi.com\/fr-fr\/lift-airline-online-flight-booking\/\" \/>\n<meta property=\"og:site_name\" content=\"Tiketi.com\" \/>\n<meta property=\"article:publisher\" content=\"https:\/\/www.facebook.com\/TiketiCom\/\" \/>\n<meta property=\"article:modified_time\" content=\"2022-02-16T13:03:02+00:00\" \/>\n<meta property=\"og:image\" content=\"https:\/\/tiketi.com\/wp-content\/uploads\/2022\/01\/flight-ticket-booking-sorasak-KxCJXXGsv9I-unsplas.jpg\" \/>\n\t<meta property=\"og:image:width\" content=\"1200\" \/>\n\t<meta property=\"og:image:height\" content=\"240\" \/>\n\t<meta property=\"og:image:type\" content=\"image\/jpeg\" \/>\n<meta name=\"twitter:card\" content=\"summary_large_image\" \/>\n<meta name=\"twitter:label1\" content=\"Dur\u00e9e de lecture estim\u00e9e\" \/>\n\t<meta name=\"twitter:data1\" content=\"2 minutes\" \/>\n<script type=\"application\/ld+json\" class=\"yoast-schema-graph\">{\"@context\":\"https:\\\/\\\/schema.org\",\"@graph\":[{\"@type\":\"WebPage\",\"@id\":\"https:\\\/\\\/tiketi.com\\\/lift-airline-online-flight-booking\\\/\",\"url\":\"https:\\\/\\\/tiketi.com\\\/lift-airline-online-flight-booking\\\/\",\"name\":\"LIFT Airline Online Booking South Africa - Cheap Flights\",\"isPartOf\":{\"@id\":\"https:\\\/\\\/tiketi.com\\\/#website\"},\"primaryImageOfPage\":{\"@id\":\"https:\\\/\\\/tiketi.com\\\/lift-airline-online-flight-booking\\\/#primaryimage\"},\"image\":{\"@id\":\"https:\\\/\\\/tiketi.com\\\/lift-airline-online-flight-booking\\\/#primaryimage\"},\"thumbnailUrl\":\"https:\\\/\\\/tiketi.com\\\/wp-content\\\/uploads\\\/2022\\\/01\\\/flight-ticket-booking-sorasak-KxCJXXGsv9I-unsplas.jpg\",\"datePublished\":\"2022-01-19T11:54:11+00:00\",\"dateModified\":\"2022-02-16T13:03:02+00:00\",\"description\":\"Looking for LIFT Airline online booking in South Africa? Do cheap LIFT Airline flight booking South Africa online now and save time and money\",\"breadcrumb\":{\"@id\":\"https:\\\/\\\/tiketi.com\\\/lift-airline-online-flight-booking\\\/#breadcrumb\"},\"inLanguage\":\"fr-FR\",\"potentialAction\":[{\"@type\":\"ReadAction\",\"target\":[\"https:\\\/\\\/tiketi.com\\\/lift-airline-online-flight-booking\\\/\"]}]},{\"@type\":\"ImageObject\",\"inLanguage\":\"fr-FR\",\"@id\":\"https:\\\/\\\/tiketi.com\\\/lift-airline-online-flight-booking\\\/#primaryimage\",\"url\":\"https:\\\/\\\/tiketi.com\\\/wp-content\\\/uploads\\\/2022\\\/01\\\/flight-ticket-booking-sorasak-KxCJXXGsv9I-unsplas.jpg\",\"contentUrl\":\"https:\\\/\\\/tiketi.com\\\/wp-content\\\/uploads\\\/2022\\\/01\\\/flight-ticket-booking-sorasak-KxCJXXGsv9I-unsplas.jpg\",\"width\":1200,\"height\":240,\"caption\":\"Online flight ticket booking\"},{\"@type\":\"BreadcrumbList\",\"@id\":\"https:\\\/\\\/tiketi.com\\\/lift-airline-online-flight-booking\\\/#breadcrumb\",\"itemListElement\":[{\"@type\":\"ListItem\",\"position\":1,\"name\":\"Home\",\"item\":\"https:\\\/\\\/tiketi.com\\\/\"},{\"@type\":\"ListItem\",\"position\":2,\"name\":\"LIFT Airline Online Booking South Africa &#8211; Cheap Flights\"}]},{\"@type\":\"WebSite\",\"@id\":\"https:\\\/\\\/tiketi.com\\\/#website\",\"url\":\"https:\\\/\\\/tiketi.com\\\/\",\"name\":\"Flight & Bus Tickets, Tour Packages & Activitites - Tiketi.com\",\"description\":\"Flight &amp; Bus Tickets, Tours, Activitites\",\"publisher\":{\"@id\":\"https:\\\/\\\/tiketi.com\\\/#organization\"},\"potentialAction\":[{\"@type\":\"SearchAction\",\"target\":{\"@type\":\"EntryPoint\",\"urlTemplate\":\"https:\\\/\\\/tiketi.com\\\/?s={search_term_string}\"},\"query-input\":{\"@type\":\"PropertyValueSpecification\",\"valueRequired\":true,\"valueName\":\"search_term_string\"}}],\"inLanguage\":\"fr-FR\"},{\"@type\":\"Organization\",\"@id\":\"https:\\\/\\\/tiketi.com\\\/#organization\",\"name\":\"Tiketi.com\",\"alternateName\":\"Tiketi\",\"url\":\"https:\\\/\\\/tiketi.com\\\/\",\"logo\":{\"@type\":\"ImageObject\",\"inLanguage\":\"fr-FR\",\"@id\":\"https:\\\/\\\/tiketi.com\\\/#\\\/schema\\\/logo\\\/image\\\/\",\"url\":\"https:\\\/\\\/tiketi.com\\\/wp-content\\\/uploads\\\/2019\\\/05\\\/tiketi-logo-696.png\",\"contentUrl\":\"https:\\\/\\\/tiketi.com\\\/wp-content\\\/uploads\\\/2019\\\/05\\\/tiketi-logo-696.png\",\"width\":696,\"height\":696,\"caption\":\"Tiketi.com\"},\"image\":{\"@id\":\"https:\\\/\\\/tiketi.com\\\/#\\\/schema\\\/logo\\\/image\\\/\"},\"sameAs\":[\"https:\\\/\\\/www.facebook.com\\\/TiketiCom\\\/\"]}]}<\/script>\n<!-- \/ Yoast SEO plugin. -->","yoast_head_json":{"title":"LIFT Airline R\u00e9servation en ligne Afrique du Sud - Vols pas chers","description":"Vous recherchez une r\u00e9servation en ligne avec LIFT Airline en Afrique du Sud ? R\u00e9servez d\u00e8s maintenant des vols LIFT Airline pour l&#039;Afrique du Sud en ligne et \u00e9conomisez du temps et de l&#039;argent.","robots":{"index":"index","follow":"follow","max-snippet":"max-snippet:-1","max-image-preview":"max-image-preview:large","max-video-preview":"max-video-preview:-1"},"canonical":"https:\/\/tiketi.com\/fr-fr\/lift-airline-online-flight-booking\/","og_locale":"fr_FR","og_type":"article","og_title":"LIFT Airline Online Booking South Africa - Cheap Flights","og_description":"Looking for LIFT Airline online booking in South Africa? Do cheap LIFT Airline flight booking South Africa online now and save time and money","og_url":"https:\/\/tiketi.com\/fr-fr\/lift-airline-online-flight-booking\/","og_site_name":"Tiketi.com","article_publisher":"https:\/\/www.facebook.com\/TiketiCom\/","article_modified_time":"2022-02-16T13:03:02+00:00","og_image":[{"width":1200,"height":240,"url":"https:\/\/tiketi.com\/wp-content\/uploads\/2022\/01\/flight-ticket-booking-sorasak-KxCJXXGsv9I-unsplas.jpg","type":"image\/jpeg"}],"twitter_card":"summary_large_image","twitter_misc":{"Dur\u00e9e de lecture estim\u00e9e":"2 minutes"},"schema":{"@context":"https:\/\/schema.org","@graph":[{"@type":"WebPage","@id":"https:\/\/tiketi.com\/lift-airline-online-flight-booking\/","url":"https:\/\/tiketi.com\/lift-airline-online-flight-booking\/","name":"LIFT Airline R\u00e9servation en ligne Afrique du Sud - Vols pas chers","isPartOf":{"@id":"https:\/\/tiketi.com\/#website"},"primaryImageOfPage":{"@id":"https:\/\/tiketi.com\/lift-airline-online-flight-booking\/#primaryimage"},"image":{"@id":"https:\/\/tiketi.com\/lift-airline-online-flight-booking\/#primaryimage"},"thumbnailUrl":"https:\/\/tiketi.com\/wp-content\/uploads\/2022\/01\/flight-ticket-booking-sorasak-KxCJXXGsv9I-unsplas.jpg","datePublished":"2022-01-19T11:54:11+00:00","dateModified":"2022-02-16T13:03:02+00:00","description":"Vous recherchez une r\u00e9servation en ligne avec LIFT Airline en Afrique du Sud ? R\u00e9servez d\u00e8s maintenant des vols LIFT Airline pour l&#039;Afrique du Sud en ligne et \u00e9conomisez du temps et de l&#039;argent.","breadcrumb":{"@id":"https:\/\/tiketi.com\/lift-airline-online-flight-booking\/#breadcrumb"},"inLanguage":"fr-FR","potentialAction":[{"@type":"ReadAction","target":["https:\/\/tiketi.com\/lift-airline-online-flight-booking\/"]}]},{"@type":"ImageObject","inLanguage":"fr-FR","@id":"https:\/\/tiketi.com\/lift-airline-online-flight-booking\/#primaryimage","url":"https:\/\/tiketi.com\/wp-content\/uploads\/2022\/01\/flight-ticket-booking-sorasak-KxCJXXGsv9I-unsplas.jpg","contentUrl":"https:\/\/tiketi.com\/wp-content\/uploads\/2022\/01\/flight-ticket-booking-sorasak-KxCJXXGsv9I-unsplas.jpg","width":1200,"height":240,"caption":"Online flight ticket booking"},{"@type":"BreadcrumbList","@id":"https:\/\/tiketi.com\/lift-airline-online-flight-booking\/#breadcrumb","itemListElement":[{"@type":"ListItem","position":1,"name":"Home","item":"https:\/\/tiketi.com\/"},{"@type":"ListItem","position":2,"name":"LIFT Airline Online Booking South Africa &#8211; Cheap Flights"}]},{"@type":"WebSite","@id":"https:\/\/tiketi.com\/#website","url":"https:\/\/tiketi.com\/","name":"Billets d&#039;avion et de bus, forfaits touristiques et activit\u00e9s - Tiketi.com","description":"Billets d&#039;avion et de bus, Tours, Activit\u00e9s","publisher":{"@id":"https:\/\/tiketi.com\/#organization"},"potentialAction":[{"@type":"SearchAction","target":{"@type":"EntryPoint","urlTemplate":"https:\/\/tiketi.com\/?s={search_term_string}"},"query-input":{"@type":"PropertyValueSpecification","valueRequired":true,"valueName":"search_term_string"}}],"inLanguage":"fr-FR"},{"@type":"Organization","@id":"https:\/\/tiketi.com\/#organization","name":"Tiketi.com","alternateName":"Tiketi","url":"https:\/\/tiketi.com\/","logo":{"@type":"ImageObject","inLanguage":"fr-FR","@id":"https:\/\/tiketi.com\/#\/schema\/logo\/image\/","url":"https:\/\/tiketi.com\/wp-content\/uploads\/2019\/05\/tiketi-logo-696.png","contentUrl":"https:\/\/tiketi.com\/wp-content\/uploads\/2019\/05\/tiketi-logo-696.png","width":696,"height":696,"caption":"Tiketi.com"},"image":{"@id":"https:\/\/tiketi.com\/#\/schema\/logo\/image\/"},"sameAs":["https:\/\/www.facebook.com\/TiketiCom\/"]}]}},"_links":{"self":[{"href":"https:\/\/tiketi.com\/fr-fr\/wp-json\/wp\/v2\/pages\/11075","targetHints":{"allow":["GET"]}}],"collection":[{"href":"https:\/\/tiketi.com\/fr-fr\/wp-json\/wp\/v2\/pages"}],"about":[{"href":"https:\/\/tiketi.com\/fr-fr\/wp-json\/wp\/v2\/types\/page"}],"author":[{"embeddable":true,"href":"https:\/\/tiketi.com\/fr-fr\/wp-json\/wp\/v2\/users\/1"}],"replies":[{"embeddable":true,"href":"https:\/\/tiketi.com\/fr-fr\/wp-json\/wp\/v2\/comments?post=11075"}],"version-history":[{"count":0,"href":"https:\/\/tiketi.com\/fr-fr\/wp-json\/wp\/v2\/pages\/11075\/revisions"}],"wp:featuredmedia":[{"embeddable":true,"href":"https:\/\/tiketi.com\/fr-fr\/wp-json\/wp\/v2\/media\/14041"}],"wp:attachment":[{"href":"https:\/\/tiketi.com\/fr-fr\/wp-json\/wp\/v2\/media?parent=11075"}],"curies":[{"name":"wp","href":"https:\/\/api.w.org\/{rel}","templated":true}]}}