{"id":11076,"date":"2022-01-19T12:54:11","date_gmt":"2022-01-19T11:54:11","guid":{"rendered":"https:\/\/new.tiketi.com\/air-tanzania-flight-booking-cheap-tickets\/"},"modified":"2023-07-21T09:33:28","modified_gmt":"2023-07-21T08:33:28","slug":"air-tanzania","status":"publish","type":"page","link":"https:\/\/tiketi.com\/fr-fr\/cheap-flights\/air-tanzania-reservation-de-vol-en-ligne\/","title":{"rendered":"R\u00e9servation de vol Air Tanzanie \u2013 Billets pas chers"},"content":{"rendered":"<h2>R\u00e9servation en ligne Air Tanzanie pas cher<\/h2>\n<h3>D\u00e9couvrez votre itin\u00e9raire de voyage sur le web, le mobile ou l&#039;application et r\u00e9servez des billets d&#039;avion Air Tanzanie pas chers en ligne d\u00e8s maintenant.<\/h3>\n<p>Recherchez, comparez et faites des r\u00e9servations en ligne bon march\u00e9 avec Air Tanzanie. Air Tanzania company limited est le transporteur national tanzanien. Cette entreprise, dont le si\u00e8ge est \u00e0 Dar es Salaam, a vu le jour en 1977 apr\u00e8s la dissolution d&#039;East African Airways. R\u00e9servez en ligne d\u00e8s maintenant vos vols Air Tanzanie \u00e0 bas prix et \u00e9conomisez du temps et de l&#039;argent. Planifiez votre voyage et r\u00e9servez d\u00e8s maintenant vos billets d&#039;avion Air Tanzania sur Tiketi.com !<\/p>\n<h2>FAQ sur la r\u00e9servation de vols Air Tanzania<\/h2>\n<h3>\u00c0 propos d&#039;Air Tanzanie<\/h3>\n<p>L&#039;ATCL, qui fait partie de l&#039;Association des compagnies a\u00e9riennes africaines depuis ses d\u00e9buts, a \u00e9t\u00e9 t\u00e9moin d&#039;un certain nombre de changements, non seulement dans sa structure mais aussi dans sa propri\u00e9t\u00e9, jusqu&#039;\u00e0 pr\u00e9sent. Cela a \u00e9t\u00e9 effectu\u00e9 par le gouvernement pour s&#039;assurer qu&#039;il disposait d&#039;une compagnie a\u00e9rienne nationale puissante et responsable.<\/p>\n<h3>Air Tanzania r\u00e9servation en ligne destinations populaires<\/h3>\n<p>Dar es Salaam, Dodoma, Kigoma, Tabora, Mbeya, Mtwara, Zanzibar, Bujumbura, Kilimandjaro, Songea, Comores, Bukoba, Mwanza, Entebbe, Mumbai, Iringa, Harare, Lusaka, Johannesburg et Guangzhou.<\/p>\n<h2>Franchise de bagages<\/h2>\n<h3>Bagages enregistr\u00e9s<\/h3>\n<p>La limite de poids totale autoris\u00e9e pour les bagages enregistr\u00e9s est de vingt kg pour les passagers en classe \u00e9conomique. Pour la classe affaires, le plafond est de 30 kg.<\/p>\n<h3>Les bagages \u00e0 main<\/h3>\n<p>Air Tanzania autorise 7 kg de bagages \u00e0 main sans frais. Tout bagage suppl\u00e9mentaire enregistr\u00e9 ou \u00e0 main est factur\u00e9. Et le tarif des bagages suppl\u00e9mentaires est de 800 Tshs par kilo pour les vols int\u00e9rieurs et de 5,00 USD pour les vols internationaux.<\/p>\n<h3>Enregistrement Air Tanzanie<\/h3>\n<p>Apr\u00e8s les billets d&#039;avion d&#039;Air Tanzania, la compagnie a\u00e9rienne a besoin que les passagers s&#039;enregistrent quarante minutes avant le d\u00e9part pour les vols locaux et deux heures pour les liaisons internationales. L&#039;embarquement a tendance \u00e0 commencer environ vingt minutes avant le d\u00e9part alors que les portes d&#039;embarquement se ferment dix minutes avant l&#039;heure de d\u00e9part.<\/p>\n<h3>Informations sur la flotte d&#039;Air Tanzanie<\/h3>\n<p>ATCL s&#039;est lanc\u00e9 dans une mission de mise \u00e0 niveau de la flotte dans le cadre de laquelle 6 transporteurs d&#039;\u00e9quipage devaient \u00eatre ajout\u00e9s de 2016 \u00e0 2018. La mission a ajout\u00e9 l&#039;acquisition de 3 Bombardier DASH8 Q400, en plus d&#039;un Boeing 787 Dreamliner et de deux Bombardier CS300 \u00e0 acqu\u00e9rir d&#039;ici juin 2018.<\/p>\n<h2>Conseils de r\u00e9servation en ligne d&#039;Air Tanzania<\/h2>\n<p>En 2002, ATCL a subi une privatisation partielle, lorsque l&#039;administration a r\u00e9duit sa participation \u00e0 cinquante et un pour cent et s&#039;est associ\u00e9e \u00e0 South African Airways. En 2006, le gouvernement a rachet\u00e9 cette part de la compagnie a\u00e9rienne et est redevenu le propri\u00e9taire complet de l&#039;entreprise. Il a desservi des dizaines de routes int\u00e9rieures, de destinations r\u00e9gionales et intercontinentales au fil des ans.<\/p>","protected":false},"excerpt":{"rendered":"<p>Cheap Air Tanzania Online Booking Discover your travel route on web, mobile or app and book cheap Air Tanzania flight tickets online now. Search, compare and do cheap Air Tanzania online booking.&nbsp;Air Tanzania company limited is the national Tanzania carrier. This firm, headquartered at Dar es Salaam, came into existence in the year 1977 after [&hellip;]<\/p>\n","protected":false},"author":1,"featured_media":14041,"parent":23264,"menu_order":0,"comment_status":"open","ping_status":"closed","template":"template-home-modern.php","meta":{"footnotes":""},"class_list":["post-11076","page","type-page","status-publish","has-post-thumbnail","hentry"],"yoast_head":"<!-- This site is optimized with the Yoast SEO plugin v27.2 - https:\/\/yoast.com\/product\/yoast-seo-wordpress\/ -->\n<title>Air Tanzania Flight Booking - Cheap Tickets<\/title>\n<meta name=\"description\" content=\"Looking for Air Tanzania flight booking, app, fare, route or timetable? Book cheap Air Tanzania flight tickets online now\" \/>\n<meta name=\"robots\" content=\"index, follow, max-snippet:-1, max-image-preview:large, max-video-preview:-1\" \/>\n<link rel=\"canonical\" href=\"https:\/\/tiketi.com\/fr-fr\/nauli-ndege\/air-tanzania\/\" \/>\n<meta property=\"og:locale\" content=\"fr_FR\" \/>\n<meta property=\"og:type\" content=\"article\" \/>\n<meta property=\"og:title\" content=\"Air Tanzania Flight Booking - Cheap Tickets\" \/>\n<meta property=\"og:description\" content=\"Looking for Air Tanzania flight booking, app, fare, route or timetable? Book cheap Air Tanzania flight tickets online now\" \/>\n<meta property=\"og:url\" content=\"https:\/\/tiketi.com\/fr-fr\/nauli-ndege\/air-tanzania\/\" \/>\n<meta property=\"og:site_name\" content=\"Tiketi.com\" \/>\n<meta property=\"article:publisher\" content=\"https:\/\/www.facebook.com\/TiketiCom\/\" \/>\n<meta property=\"article:modified_time\" content=\"2023-07-21T08:33:28+00:00\" \/>\n<meta property=\"og:image\" content=\"https:\/\/tiketi.com\/wp-content\/uploads\/2022\/01\/flight-ticket-booking-sorasak-KxCJXXGsv9I-unsplas.jpg\" \/>\n\t<meta property=\"og:image:width\" content=\"1200\" \/>\n\t<meta property=\"og:image:height\" content=\"240\" \/>\n\t<meta property=\"og:image:type\" content=\"image\/jpeg\" \/>\n<meta name=\"twitter:card\" content=\"summary_large_image\" \/>\n<meta name=\"twitter:label1\" content=\"Dur\u00e9e de lecture estim\u00e9e\" \/>\n\t<meta name=\"twitter:data1\" content=\"2 minutes\" \/>\n<script type=\"application\/ld+json\" class=\"yoast-schema-graph\">{\"@context\":\"https:\/\/schema.org\",\"@graph\":[{\"@type\":\"WebPage\",\"@id\":\"https:\/\/tiketi.com\/sw\/nauli-ndege\/air-tanzania\/\",\"url\":\"https:\/\/tiketi.com\/sw\/nauli-ndege\/air-tanzania\/\",\"name\":\"Air Tanzania Flight Booking - Cheap Tickets\",\"isPartOf\":{\"@id\":\"https:\/\/tiketi.com\/#website\"},\"primaryImageOfPage\":{\"@id\":\"https:\/\/tiketi.com\/sw\/nauli-ndege\/air-tanzania\/#primaryimage\"},\"image\":{\"@id\":\"https:\/\/tiketi.com\/sw\/nauli-ndege\/air-tanzania\/#primaryimage\"},\"thumbnailUrl\":\"https:\/\/tiketi.com\/wp-content\/uploads\/2022\/01\/flight-ticket-booking-sorasak-KxCJXXGsv9I-unsplas.jpg\",\"datePublished\":\"2022-01-19T11:54:11+00:00\",\"dateModified\":\"2023-07-21T08:33:28+00:00\",\"description\":\"Looking for Air Tanzania flight booking, app, fare, route or timetable? Book cheap Air Tanzania flight tickets online now\",\"breadcrumb\":{\"@id\":\"https:\/\/tiketi.com\/sw\/nauli-ndege\/air-tanzania\/#breadcrumb\"},\"inLanguage\":\"fr-FR\",\"potentialAction\":[{\"@type\":\"ReadAction\",\"target\":[\"https:\/\/tiketi.com\/sw\/nauli-ndege\/air-tanzania\/\"]}]},{\"@type\":\"ImageObject\",\"inLanguage\":\"fr-FR\",\"@id\":\"https:\/\/tiketi.com\/sw\/nauli-ndege\/air-tanzania\/#primaryimage\",\"url\":\"https:\/\/tiketi.com\/wp-content\/uploads\/2022\/01\/flight-ticket-booking-sorasak-KxCJXXGsv9I-unsplas.jpg\",\"contentUrl\":\"https:\/\/tiketi.com\/wp-content\/uploads\/2022\/01\/flight-ticket-booking-sorasak-KxCJXXGsv9I-unsplas.jpg\",\"width\":1200,\"height\":240,\"caption\":\"Online flight ticket booking\"},{\"@type\":\"BreadcrumbList\",\"@id\":\"https:\/\/tiketi.com\/sw\/nauli-ndege\/air-tanzania\/#breadcrumb\",\"itemListElement\":[{\"@type\":\"ListItem\",\"position\":1,\"name\":\"Home\",\"item\":\"https:\/\/tiketi.com\/\"},{\"@type\":\"ListItem\",\"position\":2,\"name\":\"Cheap Flights\",\"item\":\"https:\/\/tiketi.com\/cheap-flights\/\"},{\"@type\":\"ListItem\",\"position\":3,\"name\":\"Air Tanzania Flight Booking &#8211; Cheap Tickets\"}]},{\"@type\":\"WebSite\",\"@id\":\"https:\/\/tiketi.com\/#website\",\"url\":\"https:\/\/tiketi.com\/\",\"name\":\"Flight & Bus Tickets, Tour Packages & Activitites - Tiketi.com\",\"description\":\"Flight &amp; Bus Tickets, Tours, Activitites\",\"publisher\":{\"@id\":\"https:\/\/tiketi.com\/#organization\"},\"potentialAction\":[{\"@type\":\"SearchAction\",\"target\":{\"@type\":\"EntryPoint\",\"urlTemplate\":\"https:\/\/tiketi.com\/?s={search_term_string}\"},\"query-input\":{\"@type\":\"PropertyValueSpecification\",\"valueRequired\":true,\"valueName\":\"search_term_string\"}}],\"inLanguage\":\"fr-FR\"},{\"@type\":\"Organization\",\"@id\":\"https:\/\/tiketi.com\/#organization\",\"name\":\"Tiketi.com\",\"alternateName\":\"Tiketi\",\"url\":\"https:\/\/tiketi.com\/\",\"logo\":{\"@type\":\"ImageObject\",\"inLanguage\":\"fr-FR\",\"@id\":\"https:\/\/tiketi.com\/#\/schema\/logo\/image\/\",\"url\":\"https:\/\/tiketi.com\/wp-content\/uploads\/2019\/05\/tiketi-logo-696.png\",\"contentUrl\":\"https:\/\/tiketi.com\/wp-content\/uploads\/2019\/05\/tiketi-logo-696.png\",\"width\":696,\"height\":696,\"caption\":\"Tiketi.com\"},\"image\":{\"@id\":\"https:\/\/tiketi.com\/#\/schema\/logo\/image\/\"},\"sameAs\":[\"https:\/\/www.facebook.com\/TiketiCom\/\"]}]}<\/script>\n<!-- \/ Yoast SEO plugin. -->","yoast_head_json":{"title":"Air Tanzanie R\u00e9servation de vol - Billets pas chers","description":"Vous recherchez une r\u00e9servation de vol Air Tanzanie, une application, un tarif, un itin\u00e9raire ou un horaire ? R\u00e9servez des billets d&#039;avion Air Tanzania pas chers en ligne d\u00e8s maintenant","robots":{"index":"index","follow":"follow","max-snippet":"max-snippet:-1","max-image-preview":"max-image-preview:large","max-video-preview":"max-video-preview:-1"},"canonical":"https:\/\/tiketi.com\/fr-fr\/nauli-ndege\/air-tanzania\/","og_locale":"fr_FR","og_type":"article","og_title":"Air Tanzania Flight Booking - Cheap Tickets","og_description":"Looking for Air Tanzania flight booking, app, fare, route or timetable? Book cheap Air Tanzania flight tickets online now","og_url":"https:\/\/tiketi.com\/fr-fr\/nauli-ndege\/air-tanzania\/","og_site_name":"Tiketi.com","article_publisher":"https:\/\/www.facebook.com\/TiketiCom\/","article_modified_time":"2023-07-21T08:33:28+00:00","og_image":[{"width":1200,"height":240,"url":"https:\/\/tiketi.com\/wp-content\/uploads\/2022\/01\/flight-ticket-booking-sorasak-KxCJXXGsv9I-unsplas.jpg","type":"image\/jpeg"}],"twitter_card":"summary_large_image","twitter_misc":{"Dur\u00e9e de lecture estim\u00e9e":"2 minutes"},"schema":{"@context":"https:\/\/schema.org","@graph":[{"@type":"WebPage","@id":"https:\/\/tiketi.com\/sw\/nauli-ndege\/air-tanzania\/","url":"https:\/\/tiketi.com\/sw\/nauli-ndege\/air-tanzania\/","name":"Air Tanzanie R\u00e9servation de vol - Billets pas chers","isPartOf":{"@id":"https:\/\/tiketi.com\/#website"},"primaryImageOfPage":{"@id":"https:\/\/tiketi.com\/sw\/nauli-ndege\/air-tanzania\/#primaryimage"},"image":{"@id":"https:\/\/tiketi.com\/sw\/nauli-ndege\/air-tanzania\/#primaryimage"},"thumbnailUrl":"https:\/\/tiketi.com\/wp-content\/uploads\/2022\/01\/flight-ticket-booking-sorasak-KxCJXXGsv9I-unsplas.jpg","datePublished":"2022-01-19T11:54:11+00:00","dateModified":"2023-07-21T08:33:28+00:00","description":"Vous recherchez une r\u00e9servation de vol Air Tanzanie, une application, un tarif, un itin\u00e9raire ou un horaire ? R\u00e9servez des billets d&#039;avion Air Tanzania pas chers en ligne d\u00e8s maintenant","breadcrumb":{"@id":"https:\/\/tiketi.com\/sw\/nauli-ndege\/air-tanzania\/#breadcrumb"},"inLanguage":"fr-FR","potentialAction":[{"@type":"ReadAction","target":["https:\/\/tiketi.com\/sw\/nauli-ndege\/air-tanzania\/"]}]},{"@type":"ImageObject","inLanguage":"fr-FR","@id":"https:\/\/tiketi.com\/sw\/nauli-ndege\/air-tanzania\/#primaryimage","url":"https:\/\/tiketi.com\/wp-content\/uploads\/2022\/01\/flight-ticket-booking-sorasak-KxCJXXGsv9I-unsplas.jpg","contentUrl":"https:\/\/tiketi.com\/wp-content\/uploads\/2022\/01\/flight-ticket-booking-sorasak-KxCJXXGsv9I-unsplas.jpg","width":1200,"height":240,"caption":"Online flight ticket booking"},{"@type":"BreadcrumbList","@id":"https:\/\/tiketi.com\/sw\/nauli-ndege\/air-tanzania\/#breadcrumb","itemListElement":[{"@type":"ListItem","position":1,"name":"Home","item":"https:\/\/tiketi.com\/"},{"@type":"ListItem","position":2,"name":"Cheap Flights","item":"https:\/\/tiketi.com\/cheap-flights\/"},{"@type":"ListItem","position":3,"name":"Air Tanzania Flight Booking &#8211; Cheap Tickets"}]},{"@type":"WebSite","@id":"https:\/\/tiketi.com\/#website","url":"https:\/\/tiketi.com\/","name":"Billets d&#039;avion et de bus, forfaits touristiques et activit\u00e9s - Tiketi.com","description":"Billets d&#039;avion et de bus, Tours, Activit\u00e9s","publisher":{"@id":"https:\/\/tiketi.com\/#organization"},"potentialAction":[{"@type":"SearchAction","target":{"@type":"EntryPoint","urlTemplate":"https:\/\/tiketi.com\/?s={search_term_string}"},"query-input":{"@type":"PropertyValueSpecification","valueRequired":true,"valueName":"search_term_string"}}],"inLanguage":"fr-FR"},{"@type":"Organization","@id":"https:\/\/tiketi.com\/#organization","name":"Tiketi.com","alternateName":"Tiketi","url":"https:\/\/tiketi.com\/","logo":{"@type":"ImageObject","inLanguage":"fr-FR","@id":"https:\/\/tiketi.com\/#\/schema\/logo\/image\/","url":"https:\/\/tiketi.com\/wp-content\/uploads\/2019\/05\/tiketi-logo-696.png","contentUrl":"https:\/\/tiketi.com\/wp-content\/uploads\/2019\/05\/tiketi-logo-696.png","width":696,"height":696,"caption":"Tiketi.com"},"image":{"@id":"https:\/\/tiketi.com\/#\/schema\/logo\/image\/"},"sameAs":["https:\/\/www.facebook.com\/TiketiCom\/"]}]}},"_links":{"self":[{"href":"https:\/\/tiketi.com\/fr-fr\/wp-json\/wp\/v2\/pages\/11076","targetHints":{"allow":["GET"]}}],"collection":[{"href":"https:\/\/tiketi.com\/fr-fr\/wp-json\/wp\/v2\/pages"}],"about":[{"href":"https:\/\/tiketi.com\/fr-fr\/wp-json\/wp\/v2\/types\/page"}],"author":[{"embeddable":true,"href":"https:\/\/tiketi.com\/fr-fr\/wp-json\/wp\/v2\/users\/1"}],"replies":[{"embeddable":true,"href":"https:\/\/tiketi.com\/fr-fr\/wp-json\/wp\/v2\/comments?post=11076"}],"version-history":[{"count":0,"href":"https:\/\/tiketi.com\/fr-fr\/wp-json\/wp\/v2\/pages\/11076\/revisions"}],"up":[{"embeddable":true,"href":"https:\/\/tiketi.com\/fr-fr\/wp-json\/wp\/v2\/pages\/23264"}],"wp:featuredmedia":[{"embeddable":true,"href":"https:\/\/tiketi.com\/fr-fr\/wp-json\/wp\/v2\/media\/14041"}],"wp:attachment":[{"href":"https:\/\/tiketi.com\/fr-fr\/wp-json\/wp\/v2\/media?parent=11076"}],"curies":[{"name":"wp","href":"https:\/\/api.w.org\/{rel}","templated":true}]}}