{"id":11077,"date":"2022-01-19T12:54:11","date_gmt":"2022-01-19T11:54:11","guid":{"rendered":"https:\/\/new.tiketi.com\/airkenya-online-booking-kenya-east-africa-cheap-flights\/"},"modified":"2022-01-24T13:12:30","modified_gmt":"2022-01-24T12:12:30","slug":"airkenya-express-online-flight-booking","status":"publish","type":"page","link":"https:\/\/tiketi.com\/fr-fr\/airkenya-express-online-flight-booking\/","title":{"rendered":"AirKenya R\u00e9servation en ligne Kenya, Afrique de l&#039;Est - Vols pas chers"},"content":{"rendered":"<h2>R\u00e9server des billets d&#039;avion AirKenya Express<\/h2>\n<h3>D\u00e9couvrez votre itin\u00e9raire de voyage sur le web, le mobile ou l&#039;application et r\u00e9servez des billets AirKenya Express pas chers<\/h3>\n<h3>maintenant en ligne.<\/h3>\n<p>Recherchez, comparez et effectuez des r\u00e9servations en ligne AirKenya bon march\u00e9 au Kenya, Afrique de l&#039;Est. Air Kenya est une compagnie a\u00e9rienne k\u00e9nyane bas\u00e9e \u00e0 Nairobi et propose des vols r\u00e9guliers int\u00e9rieurs au Kenya, ainsi que des vols internationaux vers le pays voisin, la Tanzanie. R\u00e9servez en ligne d\u00e8s maintenant vos billets d&#039;avion AirKenya Express au Kenya et gagnez du temps et de l&#039;argent.<\/p>\n<h2>FAQ sur la r\u00e9servation en ligne AirKenya<\/h2>\n<p>Depuis son hub \u00e0 l&#039;a\u00e9roport de Wilson, cette compagnie a\u00e9rienne propose des vols charters et r\u00e9guliers dans la r\u00e9gion. La compagnie a\u00e9rienne poss\u00e8de \u00e9galement 2 filiales en propri\u00e9t\u00e9 exclusive. Services a\u00e9riens r\u00e9gionaux en Aerolink en Ouganda et en Tanzanie.<\/p>\n<h3>AirKenya r\u00e9servation en ligne destinations populaires<\/h3>\n<p>Ce Kenyan transporte des mouches vers de nombreuses destinations populaires au Kenya, y compris vers les principales r\u00e9serves de gibier connues du Kenya, \u00e0 savoir Amboseli, Masai Mara, Meru, Loisba, Samburu et Lewa Downs.<\/p>\n<h3>Franchise de bagages<\/h3>\n<p>\u2022 Sacs \u00e0 coque souple uniquement. Poids maximum 30lb. rejeter les roues si facile.<br \/>\n\u2022 Une pi\u00e8ce par personne<br \/>\n\u2022 Y compris les bagages \u00e0 main, la franchise totale par passager est de 33 lb.<br \/>\n\u2022 La taille maximale des bagages est de hauteur 25 cm x largeur 30 cm x longueur 62 cm.<br \/>\n\u2022 L&#039;exc\u00e9dent de bagages est factur\u00e9 3 dollars am\u00e9ricains par kilo pour les trajets int\u00e9rieurs et 4 dollars am\u00e9ricains pour les trajets internationaux.<\/p>\n<h3>Enregistrement<\/h3>\n<p>\u2022 1 heure avant le vol au plus tard<br \/>\n\u2022 Nous demandons aux passagers d&#039;arriver deux heures avant le vol afin de s&#039;assurer qu&#039;ils disposent de suffisamment de temps pour l&#039;enregistrement.<\/p>\n<h3>Informations sur la flotte<\/h3>\n<p>Voler en Afrique de l&#039;Est a besoin d&#039;avions dot\u00e9s de capacit\u00e9s STOL. Chaque avion de la flotte AirKenya Express est con\u00e7u pour vous amener \u00e0 la destination populaire de votre choix de mani\u00e8re aussi s\u00fbre, efficace et rentable que facile. Ainsi, que vous d\u00e9barquiez dans un a\u00e9roport international ou sur la piste de terre du parc national, le bon avion fera le travail.<\/p>\n<p>\u2022 3x DeHavilland Twin autres 300<br \/>\n\u2022 1x DeHavilland Dash 8<br \/>\n\u2022 2 x Dehavilland Dash 7<br \/>\n\u2022 3X Cessna Caravane C 208 B<br \/>\n\u2022 2 h\u00e9licopt\u00e8res Eurocopter AS 350 B3<\/p>\n<h2>Billets d&#039;avion AirKenya Express au Kenya, Afrique de l&#039;Est<\/h2>\n<p>La r\u00e9servation AirKenya propose des vols court-courriers dans des avions l\u00e9gers, qui ont une capacit\u00e9 de 11 \u00e0 50 passagers, selon l&#039;avion. Il n&#039;y a pas de syst\u00e8me de classe sp\u00e9cifique pour les passagers, seuls les si\u00e8ges standard sont accessibles.<\/p>","protected":false},"excerpt":{"rendered":"<p>Book AirKenya Express Flight Tickets Discover your travel route on web, mobile or app and book cheap AirKenya Express tickets online now. Search, compare and do cheap AirKenya online booking in Kenya, East Africa. Air Kenya is a Kenyan airline based in Nairobi and run domestic scheduled flights within Kenya, as well as international routes [&hellip;]<\/p>\n","protected":false},"author":1,"featured_media":14041,"parent":0,"menu_order":0,"comment_status":"open","ping_status":"closed","template":"template-home-modern.php","meta":{"footnotes":""},"class_list":["post-11077","page","type-page","status-publish","has-post-thumbnail","hentry"],"yoast_head":"<!-- This site is optimized with the Yoast SEO plugin v27.5 - https:\/\/yoast.com\/product\/yoast-seo-wordpress\/ -->\n<title>AirKenya Online Booking Kenya, East Africa - Cheap Flights<\/title>\n<meta name=\"description\" content=\"Looking for AirKenya online booking Kenya, East Africa? Bookcheap AirKenya Express flight tickets in Kenya online now and save time and money\" \/>\n<meta name=\"robots\" content=\"index, follow, max-snippet:-1, max-image-preview:large, max-video-preview:-1\" \/>\n<link rel=\"canonical\" href=\"https:\/\/tiketi.com\/fr-fr\/airkenya-express-online-flight-booking\/\" \/>\n<meta property=\"og:locale\" content=\"fr_FR\" \/>\n<meta property=\"og:type\" content=\"article\" \/>\n<meta property=\"og:title\" content=\"AirKenya Online Booking Kenya, East Africa - Cheap Flights\" \/>\n<meta property=\"og:description\" content=\"Looking for AirKenya online booking Kenya, East Africa? Bookcheap AirKenya Express flight tickets in Kenya online now and save time and money\" \/>\n<meta property=\"og:url\" content=\"https:\/\/tiketi.com\/fr-fr\/airkenya-express-online-flight-booking\/\" \/>\n<meta property=\"og:site_name\" content=\"Tiketi.com\" \/>\n<meta property=\"article:publisher\" content=\"https:\/\/www.facebook.com\/TiketiCom\/\" \/>\n<meta property=\"article:modified_time\" content=\"2022-01-24T12:12:30+00:00\" \/>\n<meta property=\"og:image\" content=\"https:\/\/tiketi.com\/wp-content\/uploads\/2022\/01\/flight-ticket-booking-sorasak-KxCJXXGsv9I-unsplas.jpg\" \/>\n\t<meta property=\"og:image:width\" content=\"1200\" \/>\n\t<meta property=\"og:image:height\" content=\"240\" \/>\n\t<meta property=\"og:image:type\" content=\"image\/jpeg\" \/>\n<meta name=\"twitter:card\" content=\"summary_large_image\" \/>\n<meta name=\"twitter:label1\" content=\"Dur\u00e9e de lecture estim\u00e9e\" \/>\n\t<meta name=\"twitter:data1\" content=\"2 minutes\" \/>\n<script type=\"application\/ld+json\" class=\"yoast-schema-graph\">{\"@context\":\"https:\\\/\\\/schema.org\",\"@graph\":[{\"@type\":\"WebPage\",\"@id\":\"https:\\\/\\\/tiketi.com\\\/airkenya-express-online-flight-booking\\\/\",\"url\":\"https:\\\/\\\/tiketi.com\\\/airkenya-express-online-flight-booking\\\/\",\"name\":\"AirKenya Online Booking Kenya, East Africa - Cheap Flights\",\"isPartOf\":{\"@id\":\"https:\\\/\\\/tiketi.com\\\/#website\"},\"primaryImageOfPage\":{\"@id\":\"https:\\\/\\\/tiketi.com\\\/airkenya-express-online-flight-booking\\\/#primaryimage\"},\"image\":{\"@id\":\"https:\\\/\\\/tiketi.com\\\/airkenya-express-online-flight-booking\\\/#primaryimage\"},\"thumbnailUrl\":\"https:\\\/\\\/tiketi.com\\\/wp-content\\\/uploads\\\/2022\\\/01\\\/flight-ticket-booking-sorasak-KxCJXXGsv9I-unsplas.jpg\",\"datePublished\":\"2022-01-19T11:54:11+00:00\",\"dateModified\":\"2022-01-24T12:12:30+00:00\",\"description\":\"Looking for AirKenya online booking Kenya, East Africa? Bookcheap AirKenya Express flight tickets in Kenya online now and save time and money\",\"breadcrumb\":{\"@id\":\"https:\\\/\\\/tiketi.com\\\/airkenya-express-online-flight-booking\\\/#breadcrumb\"},\"inLanguage\":\"fr-FR\",\"potentialAction\":[{\"@type\":\"ReadAction\",\"target\":[\"https:\\\/\\\/tiketi.com\\\/airkenya-express-online-flight-booking\\\/\"]}]},{\"@type\":\"ImageObject\",\"inLanguage\":\"fr-FR\",\"@id\":\"https:\\\/\\\/tiketi.com\\\/airkenya-express-online-flight-booking\\\/#primaryimage\",\"url\":\"https:\\\/\\\/tiketi.com\\\/wp-content\\\/uploads\\\/2022\\\/01\\\/flight-ticket-booking-sorasak-KxCJXXGsv9I-unsplas.jpg\",\"contentUrl\":\"https:\\\/\\\/tiketi.com\\\/wp-content\\\/uploads\\\/2022\\\/01\\\/flight-ticket-booking-sorasak-KxCJXXGsv9I-unsplas.jpg\",\"width\":1200,\"height\":240,\"caption\":\"Online flight ticket booking\"},{\"@type\":\"BreadcrumbList\",\"@id\":\"https:\\\/\\\/tiketi.com\\\/airkenya-express-online-flight-booking\\\/#breadcrumb\",\"itemListElement\":[{\"@type\":\"ListItem\",\"position\":1,\"name\":\"Home\",\"item\":\"https:\\\/\\\/tiketi.com\\\/\"},{\"@type\":\"ListItem\",\"position\":2,\"name\":\"AirKenya Online Booking Kenya, East Africa &#8211; Cheap Flights\"}]},{\"@type\":\"WebSite\",\"@id\":\"https:\\\/\\\/tiketi.com\\\/#website\",\"url\":\"https:\\\/\\\/tiketi.com\\\/\",\"name\":\"Flight & Bus Tickets, Tour Packages & Activitites - Tiketi.com\",\"description\":\"Flight &amp; Bus Tickets, Tours, Activitites\",\"publisher\":{\"@id\":\"https:\\\/\\\/tiketi.com\\\/#organization\"},\"potentialAction\":[{\"@type\":\"SearchAction\",\"target\":{\"@type\":\"EntryPoint\",\"urlTemplate\":\"https:\\\/\\\/tiketi.com\\\/?s={search_term_string}\"},\"query-input\":{\"@type\":\"PropertyValueSpecification\",\"valueRequired\":true,\"valueName\":\"search_term_string\"}}],\"inLanguage\":\"fr-FR\"},{\"@type\":\"Organization\",\"@id\":\"https:\\\/\\\/tiketi.com\\\/#organization\",\"name\":\"Tiketi.com\",\"alternateName\":\"Tiketi\",\"url\":\"https:\\\/\\\/tiketi.com\\\/\",\"logo\":{\"@type\":\"ImageObject\",\"inLanguage\":\"fr-FR\",\"@id\":\"https:\\\/\\\/tiketi.com\\\/#\\\/schema\\\/logo\\\/image\\\/\",\"url\":\"https:\\\/\\\/tiketi.com\\\/wp-content\\\/uploads\\\/2019\\\/05\\\/tiketi-logo-696.png\",\"contentUrl\":\"https:\\\/\\\/tiketi.com\\\/wp-content\\\/uploads\\\/2019\\\/05\\\/tiketi-logo-696.png\",\"width\":696,\"height\":696,\"caption\":\"Tiketi.com\"},\"image\":{\"@id\":\"https:\\\/\\\/tiketi.com\\\/#\\\/schema\\\/logo\\\/image\\\/\"},\"sameAs\":[\"https:\\\/\\\/www.facebook.com\\\/TiketiCom\\\/\"]}]}<\/script>\n<!-- \/ Yoast SEO plugin. -->","yoast_head_json":{"title":"AirKenya R\u00e9servation en ligne Kenya, Afrique de l&#039;Est - Vols pas chers","description":"Vous recherchez une r\u00e9servation en ligne AirKenya Kenya, Afrique de l&#039;Est? R\u00e9servez en ligne maintenant des billets d&#039;avion AirKenya Express bon march\u00e9 au Kenya et \u00e9conomisez du temps et de l&#039;argent","robots":{"index":"index","follow":"follow","max-snippet":"max-snippet:-1","max-image-preview":"max-image-preview:large","max-video-preview":"max-video-preview:-1"},"canonical":"https:\/\/tiketi.com\/fr-fr\/airkenya-express-online-flight-booking\/","og_locale":"fr_FR","og_type":"article","og_title":"AirKenya Online Booking Kenya, East Africa - Cheap Flights","og_description":"Looking for AirKenya online booking Kenya, East Africa? Bookcheap AirKenya Express flight tickets in Kenya online now and save time and money","og_url":"https:\/\/tiketi.com\/fr-fr\/airkenya-express-online-flight-booking\/","og_site_name":"Tiketi.com","article_publisher":"https:\/\/www.facebook.com\/TiketiCom\/","article_modified_time":"2022-01-24T12:12:30+00:00","og_image":[{"width":1200,"height":240,"url":"https:\/\/tiketi.com\/wp-content\/uploads\/2022\/01\/flight-ticket-booking-sorasak-KxCJXXGsv9I-unsplas.jpg","type":"image\/jpeg"}],"twitter_card":"summary_large_image","twitter_misc":{"Dur\u00e9e de lecture estim\u00e9e":"2 minutes"},"schema":{"@context":"https:\/\/schema.org","@graph":[{"@type":"WebPage","@id":"https:\/\/tiketi.com\/airkenya-express-online-flight-booking\/","url":"https:\/\/tiketi.com\/airkenya-express-online-flight-booking\/","name":"AirKenya R\u00e9servation en ligne Kenya, Afrique de l&#039;Est - Vols pas chers","isPartOf":{"@id":"https:\/\/tiketi.com\/#website"},"primaryImageOfPage":{"@id":"https:\/\/tiketi.com\/airkenya-express-online-flight-booking\/#primaryimage"},"image":{"@id":"https:\/\/tiketi.com\/airkenya-express-online-flight-booking\/#primaryimage"},"thumbnailUrl":"https:\/\/tiketi.com\/wp-content\/uploads\/2022\/01\/flight-ticket-booking-sorasak-KxCJXXGsv9I-unsplas.jpg","datePublished":"2022-01-19T11:54:11+00:00","dateModified":"2022-01-24T12:12:30+00:00","description":"Vous recherchez une r\u00e9servation en ligne AirKenya Kenya, Afrique de l&#039;Est? R\u00e9servez en ligne maintenant des billets d&#039;avion AirKenya Express bon march\u00e9 au Kenya et \u00e9conomisez du temps et de l&#039;argent","breadcrumb":{"@id":"https:\/\/tiketi.com\/airkenya-express-online-flight-booking\/#breadcrumb"},"inLanguage":"fr-FR","potentialAction":[{"@type":"ReadAction","target":["https:\/\/tiketi.com\/airkenya-express-online-flight-booking\/"]}]},{"@type":"ImageObject","inLanguage":"fr-FR","@id":"https:\/\/tiketi.com\/airkenya-express-online-flight-booking\/#primaryimage","url":"https:\/\/tiketi.com\/wp-content\/uploads\/2022\/01\/flight-ticket-booking-sorasak-KxCJXXGsv9I-unsplas.jpg","contentUrl":"https:\/\/tiketi.com\/wp-content\/uploads\/2022\/01\/flight-ticket-booking-sorasak-KxCJXXGsv9I-unsplas.jpg","width":1200,"height":240,"caption":"Online flight ticket booking"},{"@type":"BreadcrumbList","@id":"https:\/\/tiketi.com\/airkenya-express-online-flight-booking\/#breadcrumb","itemListElement":[{"@type":"ListItem","position":1,"name":"Home","item":"https:\/\/tiketi.com\/"},{"@type":"ListItem","position":2,"name":"AirKenya Online Booking Kenya, East Africa &#8211; Cheap Flights"}]},{"@type":"WebSite","@id":"https:\/\/tiketi.com\/#website","url":"https:\/\/tiketi.com\/","name":"Billets d&#039;avion et de bus, forfaits touristiques et activit\u00e9s - Tiketi.com","description":"Billets d&#039;avion et de bus, Tours, Activit\u00e9s","publisher":{"@id":"https:\/\/tiketi.com\/#organization"},"potentialAction":[{"@type":"SearchAction","target":{"@type":"EntryPoint","urlTemplate":"https:\/\/tiketi.com\/?s={search_term_string}"},"query-input":{"@type":"PropertyValueSpecification","valueRequired":true,"valueName":"search_term_string"}}],"inLanguage":"fr-FR"},{"@type":"Organization","@id":"https:\/\/tiketi.com\/#organization","name":"Tiketi.com","alternateName":"Tiketi","url":"https:\/\/tiketi.com\/","logo":{"@type":"ImageObject","inLanguage":"fr-FR","@id":"https:\/\/tiketi.com\/#\/schema\/logo\/image\/","url":"https:\/\/tiketi.com\/wp-content\/uploads\/2019\/05\/tiketi-logo-696.png","contentUrl":"https:\/\/tiketi.com\/wp-content\/uploads\/2019\/05\/tiketi-logo-696.png","width":696,"height":696,"caption":"Tiketi.com"},"image":{"@id":"https:\/\/tiketi.com\/#\/schema\/logo\/image\/"},"sameAs":["https:\/\/www.facebook.com\/TiketiCom\/"]}]}},"_links":{"self":[{"href":"https:\/\/tiketi.com\/fr-fr\/wp-json\/wp\/v2\/pages\/11077","targetHints":{"allow":["GET"]}}],"collection":[{"href":"https:\/\/tiketi.com\/fr-fr\/wp-json\/wp\/v2\/pages"}],"about":[{"href":"https:\/\/tiketi.com\/fr-fr\/wp-json\/wp\/v2\/types\/page"}],"author":[{"embeddable":true,"href":"https:\/\/tiketi.com\/fr-fr\/wp-json\/wp\/v2\/users\/1"}],"replies":[{"embeddable":true,"href":"https:\/\/tiketi.com\/fr-fr\/wp-json\/wp\/v2\/comments?post=11077"}],"version-history":[{"count":0,"href":"https:\/\/tiketi.com\/fr-fr\/wp-json\/wp\/v2\/pages\/11077\/revisions"}],"wp:featuredmedia":[{"embeddable":true,"href":"https:\/\/tiketi.com\/fr-fr\/wp-json\/wp\/v2\/media\/14041"}],"wp:attachment":[{"href":"https:\/\/tiketi.com\/fr-fr\/wp-json\/wp\/v2\/media?parent=11077"}],"curies":[{"name":"wp","href":"https:\/\/api.w.org\/{rel}","templated":true}]}}