{"id":11078,"date":"2022-01-19T12:54:11","date_gmt":"2022-01-19T11:54:11","guid":{"rendered":"https:\/\/new.tiketi.com\/mack-air-online-booking-botswana-cheap-flights\/"},"modified":"2022-02-16T22:02:08","modified_gmt":"2022-02-16T21:02:08","slug":"mack-air-online-flight-booking","status":"publish","type":"page","link":"https:\/\/tiketi.com\/fr-fr\/mack-air-online-flight-booking\/","title":{"rendered":"R\u00e9servation en ligne Mack Air Botswana \u2013 Vols pas chers"},"content":{"rendered":"<h2>Mack Air R\u00e9servation Vols Botswana<\/h2>\n<h3>Comparez et r\u00e9servez vos billets Mack Air pas chers en ligne d\u00e8s maintenant.<\/h3>\n<p>Recherchez, comparez et effectuez des r\u00e9servations en ligne Mack Air pas ch\u00e8res au Botswana. Mac Air est une compagnie a\u00e9rienne charter qui propose un vol r\u00e9gulier ainsi que des \u00e9vacuations m\u00e9dicales et dessert un large \u00e9ventail de destinations touristiques pris\u00e9es au Botswana et dans la r\u00e9gion de l&#039;Afrique australe \u00e0 partir de sa base principale, l&#039;a\u00e9roport international de Maun. R\u00e9servez d\u00e8s maintenant vos vols Mack Air en ligne et \u00e9conomisez du temps et de l&#039;argent.<\/p>\n<h2>FAQ sur la r\u00e9servation en ligne de Mack Air<\/h2>\n<h3>Billets Mack Air r\u00e9servant des destinations populaires<\/h3>\n<p>\u00c0 partir de novembre 2020, la compagnie a\u00e9rienne envisage de proposer 3 vols r\u00e9guliers vers la Namibie, le Zimbabwe et 1 au Botswana. Ces destinations de r\u00e9servation de vols Mack Air comprendront Maun, Gaborone, Maun, Kasane et Windhoek - Chutes Victoria. La compagnie a\u00e9rienne propose actuellement des vols charters au Botswana et dans le delta de l&#039;Okavango.<\/p>\n<h3>Enregistrement<\/h3>\n<p>\u00c0 leur arriv\u00e9e au terminal de l\u2019a\u00e9roport, les passagers remettront leur carte d\u2019embarquement. L&#039;enregistrement peut prendre quelques minutes. La compagnie a\u00e9rienne conseille aux passagers d&#039;arriver au moins quarante-cinq minutes avant l&#039;heure de d\u00e9part pr\u00e9vue. L&#039;\u00e9quipage de la compagnie a\u00e9rienne sera sur place pour vous aider dans le processus d&#039;enregistrement et d&#039;embarquement.<\/p>\n<h3>Franchise de bagages<\/h3>\n<p>Les bagages des compagnies a\u00e9riennes Mack Air contiennent tous les bagages \u00e0 main, sacs souples, sacs pour ordinateurs portables, sacs \u00e0 main et autres articles. Tous les bagages doivent \u00eatre pes\u00e9s.<\/p>\n<h3>Informations sur la flotte<\/h3>\n<p>Depuis novembre 2020, la compagnie a\u00e9rienne exploite une flotte de vingt-trois avions<\/p>\n<p>\u2022 18 x Cessna 208 Grand Caravan EX (14 passagers par avion)<br \/>\n\u2022 2 x Cessna Citation M2 (6 passagers par avion)<br \/>\n\u2022 3 x GippsAero GA8 Airvan (8 passagers par avion)<br \/>\n\u2022 1 x Cessna 210 Centurion (6 passagers par avion)<\/p>\n<h2>Conseils pour r\u00e9server des vols Mack Air au Botswana<\/h2>\n<p>La compagnie a\u00e9rienne Mack Air commencera \u00e0 op\u00e9rer un vol r\u00e9gulier du Botswana vers la Namibie et aimerait \u00e9galement proposer des vols \u00e0 destination et en provenance du Zimbabwe en 2021 pour relier de mani\u00e8re transparente le safari. La compagnie a\u00e9rienne propose de nombreux vols charters au Botswana transportant les amateurs de safari dans et autour du delta de l&#039;Okavango. Au total, la compagnie a\u00e9rienne dispose d&#039;une flotte de vingt-trois avions, allant des GippsAeros aux Cessnas, pouvant transporter au total 288 passagers \u00e0 la fois.<\/p>","protected":false},"excerpt":{"rendered":"<p>Mack Air Flights Booking Botswana Compare and book your cheap Mack Air tickets online now. Search, compare and do cheap Mack Air online booking in Botswana.\u00a0Mac Air is a charter airline that runs one scheduled flight as well as medical evacuation and serves a big range of charter tourist popular destinations within Botswana and Southern [&hellip;]<\/p>\n","protected":false},"author":1,"featured_media":14041,"parent":0,"menu_order":0,"comment_status":"open","ping_status":"closed","template":"template-home-modern.php","meta":{"footnotes":""},"class_list":["post-11078","page","type-page","status-publish","has-post-thumbnail","hentry"],"yoast_head":"<!-- This site is optimized with the Yoast SEO plugin v27.5 - https:\/\/yoast.com\/product\/yoast-seo-wordpress\/ -->\n<title>Mack Air Online Booking Botswana - Cheap Flights<\/title>\n<meta name=\"description\" content=\"Looking for Mack Air online booking Botswana? Do cheap Mack Air flights booking Botswana online now and save time and money\" \/>\n<meta name=\"robots\" content=\"index, follow, max-snippet:-1, max-image-preview:large, max-video-preview:-1\" \/>\n<link rel=\"canonical\" href=\"https:\/\/tiketi.com\/fr-fr\/mack-air-online-flight-booking\/\" \/>\n<meta property=\"og:locale\" content=\"fr_FR\" \/>\n<meta property=\"og:type\" content=\"article\" \/>\n<meta property=\"og:title\" content=\"Mack Air Online Booking Botswana - Cheap Flights\" \/>\n<meta property=\"og:description\" content=\"Looking for Mack Air online booking Botswana? Do cheap Mack Air flights booking Botswana online now and save time and money\" \/>\n<meta property=\"og:url\" content=\"https:\/\/tiketi.com\/fr-fr\/mack-air-online-flight-booking\/\" \/>\n<meta property=\"og:site_name\" content=\"Tiketi.com\" \/>\n<meta property=\"article:publisher\" content=\"https:\/\/www.facebook.com\/TiketiCom\/\" \/>\n<meta property=\"article:modified_time\" content=\"2022-02-16T21:02:08+00:00\" \/>\n<meta property=\"og:image\" content=\"https:\/\/tiketi.com\/wp-content\/uploads\/2022\/01\/flight-ticket-booking-sorasak-KxCJXXGsv9I-unsplas.jpg\" \/>\n\t<meta property=\"og:image:width\" content=\"1200\" \/>\n\t<meta property=\"og:image:height\" content=\"240\" \/>\n\t<meta property=\"og:image:type\" content=\"image\/jpeg\" \/>\n<meta name=\"twitter:card\" content=\"summary_large_image\" \/>\n<meta name=\"twitter:label1\" content=\"Dur\u00e9e de lecture estim\u00e9e\" \/>\n\t<meta name=\"twitter:data1\" content=\"2 minutes\" \/>\n<script type=\"application\/ld+json\" class=\"yoast-schema-graph\">{\"@context\":\"https:\\\/\\\/schema.org\",\"@graph\":[{\"@type\":\"WebPage\",\"@id\":\"https:\\\/\\\/tiketi.com\\\/en-gb\\\/mack-air-online-flight-booking\\\/\",\"url\":\"https:\\\/\\\/tiketi.com\\\/en-gb\\\/mack-air-online-flight-booking\\\/\",\"name\":\"Mack Air Online Booking Botswana - Cheap Flights\",\"isPartOf\":{\"@id\":\"https:\\\/\\\/tiketi.com\\\/#website\"},\"primaryImageOfPage\":{\"@id\":\"https:\\\/\\\/tiketi.com\\\/en-gb\\\/mack-air-online-flight-booking\\\/#primaryimage\"},\"image\":{\"@id\":\"https:\\\/\\\/tiketi.com\\\/en-gb\\\/mack-air-online-flight-booking\\\/#primaryimage\"},\"thumbnailUrl\":\"https:\\\/\\\/tiketi.com\\\/wp-content\\\/uploads\\\/2022\\\/01\\\/flight-ticket-booking-sorasak-KxCJXXGsv9I-unsplas.jpg\",\"datePublished\":\"2022-01-19T11:54:11+00:00\",\"dateModified\":\"2022-02-16T21:02:08+00:00\",\"description\":\"Looking for Mack Air online booking Botswana? Do cheap Mack Air flights booking Botswana online now and save time and money\",\"breadcrumb\":{\"@id\":\"https:\\\/\\\/tiketi.com\\\/en-gb\\\/mack-air-online-flight-booking\\\/#breadcrumb\"},\"inLanguage\":\"fr-FR\",\"potentialAction\":[{\"@type\":\"ReadAction\",\"target\":[\"https:\\\/\\\/tiketi.com\\\/en-gb\\\/mack-air-online-flight-booking\\\/\"]}]},{\"@type\":\"ImageObject\",\"inLanguage\":\"fr-FR\",\"@id\":\"https:\\\/\\\/tiketi.com\\\/en-gb\\\/mack-air-online-flight-booking\\\/#primaryimage\",\"url\":\"https:\\\/\\\/tiketi.com\\\/wp-content\\\/uploads\\\/2022\\\/01\\\/flight-ticket-booking-sorasak-KxCJXXGsv9I-unsplas.jpg\",\"contentUrl\":\"https:\\\/\\\/tiketi.com\\\/wp-content\\\/uploads\\\/2022\\\/01\\\/flight-ticket-booking-sorasak-KxCJXXGsv9I-unsplas.jpg\",\"width\":1200,\"height\":240,\"caption\":\"Online flight ticket booking\"},{\"@type\":\"BreadcrumbList\",\"@id\":\"https:\\\/\\\/tiketi.com\\\/en-gb\\\/mack-air-online-flight-booking\\\/#breadcrumb\",\"itemListElement\":[{\"@type\":\"ListItem\",\"position\":1,\"name\":\"Home\",\"item\":\"https:\\\/\\\/tiketi.com\\\/\"},{\"@type\":\"ListItem\",\"position\":2,\"name\":\"Mack Air Online Booking Botswana &#8211; Cheap Flights\"}]},{\"@type\":\"WebSite\",\"@id\":\"https:\\\/\\\/tiketi.com\\\/#website\",\"url\":\"https:\\\/\\\/tiketi.com\\\/\",\"name\":\"Flight & Bus Tickets, Tour Packages & Activitites - Tiketi.com\",\"description\":\"Flight &amp; Bus Tickets, Tours, Activitites\",\"publisher\":{\"@id\":\"https:\\\/\\\/tiketi.com\\\/#organization\"},\"potentialAction\":[{\"@type\":\"SearchAction\",\"target\":{\"@type\":\"EntryPoint\",\"urlTemplate\":\"https:\\\/\\\/tiketi.com\\\/?s={search_term_string}\"},\"query-input\":{\"@type\":\"PropertyValueSpecification\",\"valueRequired\":true,\"valueName\":\"search_term_string\"}}],\"inLanguage\":\"fr-FR\"},{\"@type\":\"Organization\",\"@id\":\"https:\\\/\\\/tiketi.com\\\/#organization\",\"name\":\"Tiketi.com\",\"alternateName\":\"Tiketi\",\"url\":\"https:\\\/\\\/tiketi.com\\\/\",\"logo\":{\"@type\":\"ImageObject\",\"inLanguage\":\"fr-FR\",\"@id\":\"https:\\\/\\\/tiketi.com\\\/#\\\/schema\\\/logo\\\/image\\\/\",\"url\":\"https:\\\/\\\/tiketi.com\\\/wp-content\\\/uploads\\\/2019\\\/05\\\/tiketi-logo-696.png\",\"contentUrl\":\"https:\\\/\\\/tiketi.com\\\/wp-content\\\/uploads\\\/2019\\\/05\\\/tiketi-logo-696.png\",\"width\":696,\"height\":696,\"caption\":\"Tiketi.com\"},\"image\":{\"@id\":\"https:\\\/\\\/tiketi.com\\\/#\\\/schema\\\/logo\\\/image\\\/\"},\"sameAs\":[\"https:\\\/\\\/www.facebook.com\\\/TiketiCom\\\/\"]}]}<\/script>\n<!-- \/ Yoast SEO plugin. -->","yoast_head_json":{"title":"Mack Air R\u00e9servation en ligne Botswana - Vols pas chers","description":"Vous recherchez une r\u00e9servation en ligne de Mack Air au Botswana\u00a0? Faites des vols Mack Air pas chers en r\u00e9servant le Botswana en ligne maintenant et \u00e9conomisez du temps et de l&#039;argent","robots":{"index":"index","follow":"follow","max-snippet":"max-snippet:-1","max-image-preview":"max-image-preview:large","max-video-preview":"max-video-preview:-1"},"canonical":"https:\/\/tiketi.com\/fr-fr\/mack-air-online-flight-booking\/","og_locale":"fr_FR","og_type":"article","og_title":"Mack Air Online Booking Botswana - Cheap Flights","og_description":"Looking for Mack Air online booking Botswana? Do cheap Mack Air flights booking Botswana online now and save time and money","og_url":"https:\/\/tiketi.com\/fr-fr\/mack-air-online-flight-booking\/","og_site_name":"Tiketi.com","article_publisher":"https:\/\/www.facebook.com\/TiketiCom\/","article_modified_time":"2022-02-16T21:02:08+00:00","og_image":[{"width":1200,"height":240,"url":"https:\/\/tiketi.com\/wp-content\/uploads\/2022\/01\/flight-ticket-booking-sorasak-KxCJXXGsv9I-unsplas.jpg","type":"image\/jpeg"}],"twitter_card":"summary_large_image","twitter_misc":{"Dur\u00e9e de lecture estim\u00e9e":"2 minutes"},"schema":{"@context":"https:\/\/schema.org","@graph":[{"@type":"WebPage","@id":"https:\/\/tiketi.com\/en-gb\/mack-air-online-flight-booking\/","url":"https:\/\/tiketi.com\/en-gb\/mack-air-online-flight-booking\/","name":"Mack Air R\u00e9servation en ligne Botswana - Vols pas chers","isPartOf":{"@id":"https:\/\/tiketi.com\/#website"},"primaryImageOfPage":{"@id":"https:\/\/tiketi.com\/en-gb\/mack-air-online-flight-booking\/#primaryimage"},"image":{"@id":"https:\/\/tiketi.com\/en-gb\/mack-air-online-flight-booking\/#primaryimage"},"thumbnailUrl":"https:\/\/tiketi.com\/wp-content\/uploads\/2022\/01\/flight-ticket-booking-sorasak-KxCJXXGsv9I-unsplas.jpg","datePublished":"2022-01-19T11:54:11+00:00","dateModified":"2022-02-16T21:02:08+00:00","description":"Vous recherchez une r\u00e9servation en ligne de Mack Air au Botswana\u00a0? Faites des vols Mack Air pas chers en r\u00e9servant le Botswana en ligne maintenant et \u00e9conomisez du temps et de l&#039;argent","breadcrumb":{"@id":"https:\/\/tiketi.com\/en-gb\/mack-air-online-flight-booking\/#breadcrumb"},"inLanguage":"fr-FR","potentialAction":[{"@type":"ReadAction","target":["https:\/\/tiketi.com\/en-gb\/mack-air-online-flight-booking\/"]}]},{"@type":"ImageObject","inLanguage":"fr-FR","@id":"https:\/\/tiketi.com\/en-gb\/mack-air-online-flight-booking\/#primaryimage","url":"https:\/\/tiketi.com\/wp-content\/uploads\/2022\/01\/flight-ticket-booking-sorasak-KxCJXXGsv9I-unsplas.jpg","contentUrl":"https:\/\/tiketi.com\/wp-content\/uploads\/2022\/01\/flight-ticket-booking-sorasak-KxCJXXGsv9I-unsplas.jpg","width":1200,"height":240,"caption":"Online flight ticket booking"},{"@type":"BreadcrumbList","@id":"https:\/\/tiketi.com\/en-gb\/mack-air-online-flight-booking\/#breadcrumb","itemListElement":[{"@type":"ListItem","position":1,"name":"Home","item":"https:\/\/tiketi.com\/"},{"@type":"ListItem","position":2,"name":"Mack Air Online Booking Botswana &#8211; Cheap Flights"}]},{"@type":"WebSite","@id":"https:\/\/tiketi.com\/#website","url":"https:\/\/tiketi.com\/","name":"Billets d&#039;avion et de bus, forfaits touristiques et activit\u00e9s - Tiketi.com","description":"Billets d&#039;avion et de bus, Tours, Activit\u00e9s","publisher":{"@id":"https:\/\/tiketi.com\/#organization"},"potentialAction":[{"@type":"SearchAction","target":{"@type":"EntryPoint","urlTemplate":"https:\/\/tiketi.com\/?s={search_term_string}"},"query-input":{"@type":"PropertyValueSpecification","valueRequired":true,"valueName":"search_term_string"}}],"inLanguage":"fr-FR"},{"@type":"Organization","@id":"https:\/\/tiketi.com\/#organization","name":"Tiketi.com","alternateName":"Tiketi","url":"https:\/\/tiketi.com\/","logo":{"@type":"ImageObject","inLanguage":"fr-FR","@id":"https:\/\/tiketi.com\/#\/schema\/logo\/image\/","url":"https:\/\/tiketi.com\/wp-content\/uploads\/2019\/05\/tiketi-logo-696.png","contentUrl":"https:\/\/tiketi.com\/wp-content\/uploads\/2019\/05\/tiketi-logo-696.png","width":696,"height":696,"caption":"Tiketi.com"},"image":{"@id":"https:\/\/tiketi.com\/#\/schema\/logo\/image\/"},"sameAs":["https:\/\/www.facebook.com\/TiketiCom\/"]}]}},"_links":{"self":[{"href":"https:\/\/tiketi.com\/fr-fr\/wp-json\/wp\/v2\/pages\/11078","targetHints":{"allow":["GET"]}}],"collection":[{"href":"https:\/\/tiketi.com\/fr-fr\/wp-json\/wp\/v2\/pages"}],"about":[{"href":"https:\/\/tiketi.com\/fr-fr\/wp-json\/wp\/v2\/types\/page"}],"author":[{"embeddable":true,"href":"https:\/\/tiketi.com\/fr-fr\/wp-json\/wp\/v2\/users\/1"}],"replies":[{"embeddable":true,"href":"https:\/\/tiketi.com\/fr-fr\/wp-json\/wp\/v2\/comments?post=11078"}],"version-history":[{"count":0,"href":"https:\/\/tiketi.com\/fr-fr\/wp-json\/wp\/v2\/pages\/11078\/revisions"}],"wp:featuredmedia":[{"embeddable":true,"href":"https:\/\/tiketi.com\/fr-fr\/wp-json\/wp\/v2\/media\/14041"}],"wp:attachment":[{"href":"https:\/\/tiketi.com\/fr-fr\/wp-json\/wp\/v2\/media?parent=11078"}],"curies":[{"name":"wp","href":"https:\/\/api.w.org\/{rel}","templated":true}]}}