{"id":11079,"date":"2022-01-19T12:54:11","date_gmt":"2022-01-19T11:54:11","guid":{"rendered":"https:\/\/new.tiketi.com\/wilderness-air-online-booking-botswana-cheap-flights\/"},"modified":"2022-02-23T13:43:26","modified_gmt":"2022-02-23T12:43:26","slug":"wilderness-air-online-flight-booking","status":"publish","type":"page","link":"https:\/\/tiketi.com\/fr-fr\/wilderness-air-online-flight-booking\/","title":{"rendered":"Wilderness Air R\u00e9servation en ligne Botswana \u2013 Vols pas chers"},"content":{"rendered":"<h2>R\u00e9servation de vols Wilderness Air en Namibie, en Zambie et au Zimbabwe<\/h2>\n<h3>Comparez et r\u00e9servez d\u00e8s maintenant vos billets Wilderness Air pas chers en ligne.<\/h3>\n<p>Recherchez, comparez et effectuez des r\u00e9servations en ligne Wilderness Air \u00e0 bas prix en Namibie, en Zambie et au Zimbabwe. Wilderness Air a \u00e9t\u00e9 cr\u00e9\u00e9e au Botswana en 1991. Depuis sa cr\u00e9ation, l&#039;objectif principal est d&#039;offrir un service s\u00fbr, efficace et fiable aux clients. Les pilotes sont soigneusement s\u00e9lectionn\u00e9s d\u00e8s le d\u00e9part pour garantir le meilleur m\u00e9lange d&#039;aptitudes et de personnalit\u00e9. Apr\u00e8s s\u00e9lection, ils sont rigoureusement form\u00e9s pour garantir la p\u00e9rennit\u00e9 d\u2019une culture d\u2019excellence et de s\u00e9curit\u00e9. R\u00e9servez d\u00e8s maintenant vos vols Wilderness Air en ligne \u00e0 bas prix et \u00e9conomisez du temps et de l&#039;argent.<\/p>\n<h2>FAQ sur la r\u00e9servation en ligne de Wilderness Air en Namibie, en Zambie et au Zimbabwe<\/h2>\n<h3>R\u00e9servation de vols Wilderness Air \u2013 destinations populaires<\/h3>\n<p>Wilderness Air a le privil\u00e8ge de desservir certaines des destinations sauvages les plus pris\u00e9es de la plan\u00e8te. Nous sommes convaincus que voler fait partie int\u00e9grante de l&#039;exp\u00e9rience de voyage de chaque client et que la passion et le professionnalisme des pilotes peuvent apporter une r\u00e9elle contribution \u00e0 des voyages qui changent des vies.<\/p>\n<p>La flotte exploit\u00e9e et d\u00e9tenue par Wilderness Air se compose d&#039;environ 20 avions, 1 Cessna 206, Cessna Caravans et 210l. En outre, la r\u00e9servation de vols en pleine nature loue une gamme diversifi\u00e9e d&#039;avions, des Pilatus PC121, des Beech King Air 200l et parfois des avions plus gros.<\/p>\n<h3>Informations sur la flotte<\/h3>\n<p>\u2022 18- Cessna 208 Grand Caravan EX<br \/>\n\u2022 1-Cessna Citatation M2<br \/>\n\u2022 1\u00a0Cessna\u00a0210\u00a0Centurion<br \/>\n\u2022\u00a0Avion Gipps Aero GA8<\/p>\n<h2>Conseils de r\u00e9servation de vols Wilderness Air<\/h2>\n<p>Aujourd&#039;hui, Wilderness Air est \u00e9galement bas\u00e9e en Zambie, en Namibie et au Zimbabwe, exploitant plus de vingt-six avions et employant plus de quarante pilotes avec environ 70 liaisons quotidiennes. Tout au long de son histoire, Wilderness Air a conserv\u00e9 son meilleur statut en mati\u00e8re de service aux clients et de s\u00e9curit\u00e9.<\/p>","protected":false},"excerpt":{"rendered":"<p>Wilderness Air Flight Booking Namibia, Zambia and Zimbabwe Compare and book your cheap Wilderness Air tickets online now. Search, compare and do cheap Wilderness Air online booking in Namibia, Zambia and Zimbabwe. Wilderness Air was formed in Botswana in 1991. Since inception the key target has remained on offering a safe, efficient and reliable service [&hellip;]<\/p>\n","protected":false},"author":1,"featured_media":14041,"parent":0,"menu_order":0,"comment_status":"open","ping_status":"closed","template":"template-home-modern.php","meta":{"footnotes":""},"class_list":["post-11079","page","type-page","status-publish","has-post-thumbnail","hentry"],"yoast_head":"<!-- This site is optimized with the Yoast SEO plugin v27.4 - https:\/\/yoast.com\/product\/yoast-seo-wordpress\/ -->\n<title>Wilderness Air Online Booking Botswana - Cheap Flights<\/title>\n<meta name=\"description\" content=\"Looking for Wilderness Air online booking Botswana, tickets, route, schedule &amp; fare? Do cheap Wilderness Air flight booking Botswana online now\" \/>\n<meta name=\"robots\" content=\"index, follow, max-snippet:-1, max-image-preview:large, max-video-preview:-1\" \/>\n<link rel=\"canonical\" href=\"https:\/\/tiketi.com\/fr-fr\/wilderness-air-online-flight-booking\/\" \/>\n<meta property=\"og:locale\" content=\"fr_FR\" \/>\n<meta property=\"og:type\" content=\"article\" \/>\n<meta property=\"og:title\" content=\"Wilderness Air Online Booking Botswana - Cheap Flights\" \/>\n<meta property=\"og:description\" content=\"Looking for Wilderness Air online booking Botswana, tickets, route, schedule &amp; fare? Do cheap Wilderness Air flight booking Botswana online now\" \/>\n<meta property=\"og:url\" content=\"https:\/\/tiketi.com\/fr-fr\/wilderness-air-online-flight-booking\/\" \/>\n<meta property=\"og:site_name\" content=\"Tiketi.com\" \/>\n<meta property=\"article:publisher\" content=\"https:\/\/www.facebook.com\/TiketiCom\/\" \/>\n<meta property=\"article:modified_time\" content=\"2022-02-23T12:43:26+00:00\" \/>\n<meta property=\"og:image\" content=\"https:\/\/tiketi.com\/wp-content\/uploads\/2022\/01\/flight-ticket-booking-sorasak-KxCJXXGsv9I-unsplas.jpg\" \/>\n\t<meta property=\"og:image:width\" content=\"1200\" \/>\n\t<meta property=\"og:image:height\" content=\"240\" \/>\n\t<meta property=\"og:image:type\" content=\"image\/jpeg\" \/>\n<meta name=\"twitter:card\" content=\"summary_large_image\" \/>\n<meta name=\"twitter:label1\" content=\"Dur\u00e9e de lecture estim\u00e9e\" \/>\n\t<meta name=\"twitter:data1\" content=\"2 minutes\" \/>\n<script type=\"application\/ld+json\" class=\"yoast-schema-graph\">{\"@context\":\"https:\\\/\\\/schema.org\",\"@graph\":[{\"@type\":\"WebPage\",\"@id\":\"https:\\\/\\\/tiketi.com\\\/fr-fr\\\/wilderness-air-online-flight-booking\\\/\",\"url\":\"https:\\\/\\\/tiketi.com\\\/fr-fr\\\/wilderness-air-online-flight-booking\\\/\",\"name\":\"Wilderness Air Online Booking Botswana - Cheap Flights\",\"isPartOf\":{\"@id\":\"https:\\\/\\\/tiketi.com\\\/#website\"},\"primaryImageOfPage\":{\"@id\":\"https:\\\/\\\/tiketi.com\\\/fr-fr\\\/wilderness-air-online-flight-booking\\\/#primaryimage\"},\"image\":{\"@id\":\"https:\\\/\\\/tiketi.com\\\/fr-fr\\\/wilderness-air-online-flight-booking\\\/#primaryimage\"},\"thumbnailUrl\":\"https:\\\/\\\/tiketi.com\\\/wp-content\\\/uploads\\\/2022\\\/01\\\/flight-ticket-booking-sorasak-KxCJXXGsv9I-unsplas.jpg\",\"datePublished\":\"2022-01-19T11:54:11+00:00\",\"dateModified\":\"2022-02-23T12:43:26+00:00\",\"description\":\"Looking for Wilderness Air online booking Botswana, tickets, route, schedule & fare? Do cheap Wilderness Air flight booking Botswana online now\",\"breadcrumb\":{\"@id\":\"https:\\\/\\\/tiketi.com\\\/fr-fr\\\/wilderness-air-online-flight-booking\\\/#breadcrumb\"},\"inLanguage\":\"fr-FR\",\"potentialAction\":[{\"@type\":\"ReadAction\",\"target\":[\"https:\\\/\\\/tiketi.com\\\/fr-fr\\\/wilderness-air-online-flight-booking\\\/\"]}]},{\"@type\":\"ImageObject\",\"inLanguage\":\"fr-FR\",\"@id\":\"https:\\\/\\\/tiketi.com\\\/fr-fr\\\/wilderness-air-online-flight-booking\\\/#primaryimage\",\"url\":\"https:\\\/\\\/tiketi.com\\\/wp-content\\\/uploads\\\/2022\\\/01\\\/flight-ticket-booking-sorasak-KxCJXXGsv9I-unsplas.jpg\",\"contentUrl\":\"https:\\\/\\\/tiketi.com\\\/wp-content\\\/uploads\\\/2022\\\/01\\\/flight-ticket-booking-sorasak-KxCJXXGsv9I-unsplas.jpg\",\"width\":1200,\"height\":240,\"caption\":\"Online flight ticket booking\"},{\"@type\":\"BreadcrumbList\",\"@id\":\"https:\\\/\\\/tiketi.com\\\/fr-fr\\\/wilderness-air-online-flight-booking\\\/#breadcrumb\",\"itemListElement\":[{\"@type\":\"ListItem\",\"position\":1,\"name\":\"Home\",\"item\":\"https:\\\/\\\/tiketi.com\\\/\"},{\"@type\":\"ListItem\",\"position\":2,\"name\":\"Wilderness Air Online Booking Botswana &#8211; Cheap Flights\"}]},{\"@type\":\"WebSite\",\"@id\":\"https:\\\/\\\/tiketi.com\\\/#website\",\"url\":\"https:\\\/\\\/tiketi.com\\\/\",\"name\":\"Flight & Bus Tickets, Tour Packages & Activitites - Tiketi.com\",\"description\":\"Flight &amp; Bus Tickets, Tours, Activitites\",\"publisher\":{\"@id\":\"https:\\\/\\\/tiketi.com\\\/#organization\"},\"potentialAction\":[{\"@type\":\"SearchAction\",\"target\":{\"@type\":\"EntryPoint\",\"urlTemplate\":\"https:\\\/\\\/tiketi.com\\\/?s={search_term_string}\"},\"query-input\":{\"@type\":\"PropertyValueSpecification\",\"valueRequired\":true,\"valueName\":\"search_term_string\"}}],\"inLanguage\":\"fr-FR\"},{\"@type\":\"Organization\",\"@id\":\"https:\\\/\\\/tiketi.com\\\/#organization\",\"name\":\"Tiketi.com\",\"alternateName\":\"Tiketi\",\"url\":\"https:\\\/\\\/tiketi.com\\\/\",\"logo\":{\"@type\":\"ImageObject\",\"inLanguage\":\"fr-FR\",\"@id\":\"https:\\\/\\\/tiketi.com\\\/#\\\/schema\\\/logo\\\/image\\\/\",\"url\":\"https:\\\/\\\/tiketi.com\\\/wp-content\\\/uploads\\\/2019\\\/05\\\/tiketi-logo-696.png\",\"contentUrl\":\"https:\\\/\\\/tiketi.com\\\/wp-content\\\/uploads\\\/2019\\\/05\\\/tiketi-logo-696.png\",\"width\":696,\"height\":696,\"caption\":\"Tiketi.com\"},\"image\":{\"@id\":\"https:\\\/\\\/tiketi.com\\\/#\\\/schema\\\/logo\\\/image\\\/\"},\"sameAs\":[\"https:\\\/\\\/www.facebook.com\\\/TiketiCom\\\/\"]}]}<\/script>\n<!-- \/ Yoast SEO plugin. -->","yoast_head_json":{"title":"Wilderness Air R\u00e9servation en ligne Botswana - Vols pas chers","description":"Vous recherchez une r\u00e9servation en ligne par Wilderness Air pour le Botswana, des billets, un itin\u00e9raire, un horaire et un tarif\u00a0? R\u00e9servez des vols Wilderness Air pas chers pour le Botswana en ligne maintenant","robots":{"index":"index","follow":"follow","max-snippet":"max-snippet:-1","max-image-preview":"max-image-preview:large","max-video-preview":"max-video-preview:-1"},"canonical":"https:\/\/tiketi.com\/fr-fr\/wilderness-air-online-flight-booking\/","og_locale":"fr_FR","og_type":"article","og_title":"Wilderness Air Online Booking Botswana - Cheap Flights","og_description":"Looking for Wilderness Air online booking Botswana, tickets, route, schedule & fare? Do cheap Wilderness Air flight booking Botswana online now","og_url":"https:\/\/tiketi.com\/fr-fr\/wilderness-air-online-flight-booking\/","og_site_name":"Tiketi.com","article_publisher":"https:\/\/www.facebook.com\/TiketiCom\/","article_modified_time":"2022-02-23T12:43:26+00:00","og_image":[{"width":1200,"height":240,"url":"https:\/\/tiketi.com\/wp-content\/uploads\/2022\/01\/flight-ticket-booking-sorasak-KxCJXXGsv9I-unsplas.jpg","type":"image\/jpeg"}],"twitter_card":"summary_large_image","twitter_misc":{"Dur\u00e9e de lecture estim\u00e9e":"2 minutes"},"schema":{"@context":"https:\/\/schema.org","@graph":[{"@type":"WebPage","@id":"https:\/\/tiketi.com\/fr-fr\/wilderness-air-online-flight-booking\/","url":"https:\/\/tiketi.com\/fr-fr\/wilderness-air-online-flight-booking\/","name":"Wilderness Air R\u00e9servation en ligne Botswana - Vols pas chers","isPartOf":{"@id":"https:\/\/tiketi.com\/#website"},"primaryImageOfPage":{"@id":"https:\/\/tiketi.com\/fr-fr\/wilderness-air-online-flight-booking\/#primaryimage"},"image":{"@id":"https:\/\/tiketi.com\/fr-fr\/wilderness-air-online-flight-booking\/#primaryimage"},"thumbnailUrl":"https:\/\/tiketi.com\/wp-content\/uploads\/2022\/01\/flight-ticket-booking-sorasak-KxCJXXGsv9I-unsplas.jpg","datePublished":"2022-01-19T11:54:11+00:00","dateModified":"2022-02-23T12:43:26+00:00","description":"Vous recherchez une r\u00e9servation en ligne par Wilderness Air pour le Botswana, des billets, un itin\u00e9raire, un horaire et un tarif\u00a0? R\u00e9servez des vols Wilderness Air pas chers pour le Botswana en ligne maintenant","breadcrumb":{"@id":"https:\/\/tiketi.com\/fr-fr\/wilderness-air-online-flight-booking\/#breadcrumb"},"inLanguage":"fr-FR","potentialAction":[{"@type":"ReadAction","target":["https:\/\/tiketi.com\/fr-fr\/wilderness-air-online-flight-booking\/"]}]},{"@type":"ImageObject","inLanguage":"fr-FR","@id":"https:\/\/tiketi.com\/fr-fr\/wilderness-air-online-flight-booking\/#primaryimage","url":"https:\/\/tiketi.com\/wp-content\/uploads\/2022\/01\/flight-ticket-booking-sorasak-KxCJXXGsv9I-unsplas.jpg","contentUrl":"https:\/\/tiketi.com\/wp-content\/uploads\/2022\/01\/flight-ticket-booking-sorasak-KxCJXXGsv9I-unsplas.jpg","width":1200,"height":240,"caption":"Online flight ticket booking"},{"@type":"BreadcrumbList","@id":"https:\/\/tiketi.com\/fr-fr\/wilderness-air-online-flight-booking\/#breadcrumb","itemListElement":[{"@type":"ListItem","position":1,"name":"Home","item":"https:\/\/tiketi.com\/"},{"@type":"ListItem","position":2,"name":"Wilderness Air Online Booking Botswana &#8211; Cheap Flights"}]},{"@type":"WebSite","@id":"https:\/\/tiketi.com\/#website","url":"https:\/\/tiketi.com\/","name":"Billets d&#039;avion et de bus, forfaits touristiques et activit\u00e9s - Tiketi.com","description":"Billets d&#039;avion et de bus, Tours, Activit\u00e9s","publisher":{"@id":"https:\/\/tiketi.com\/#organization"},"potentialAction":[{"@type":"SearchAction","target":{"@type":"EntryPoint","urlTemplate":"https:\/\/tiketi.com\/?s={search_term_string}"},"query-input":{"@type":"PropertyValueSpecification","valueRequired":true,"valueName":"search_term_string"}}],"inLanguage":"fr-FR"},{"@type":"Organization","@id":"https:\/\/tiketi.com\/#organization","name":"Tiketi.com","alternateName":"Tiketi","url":"https:\/\/tiketi.com\/","logo":{"@type":"ImageObject","inLanguage":"fr-FR","@id":"https:\/\/tiketi.com\/#\/schema\/logo\/image\/","url":"https:\/\/tiketi.com\/wp-content\/uploads\/2019\/05\/tiketi-logo-696.png","contentUrl":"https:\/\/tiketi.com\/wp-content\/uploads\/2019\/05\/tiketi-logo-696.png","width":696,"height":696,"caption":"Tiketi.com"},"image":{"@id":"https:\/\/tiketi.com\/#\/schema\/logo\/image\/"},"sameAs":["https:\/\/www.facebook.com\/TiketiCom\/"]}]}},"_links":{"self":[{"href":"https:\/\/tiketi.com\/fr-fr\/wp-json\/wp\/v2\/pages\/11079","targetHints":{"allow":["GET"]}}],"collection":[{"href":"https:\/\/tiketi.com\/fr-fr\/wp-json\/wp\/v2\/pages"}],"about":[{"href":"https:\/\/tiketi.com\/fr-fr\/wp-json\/wp\/v2\/types\/page"}],"author":[{"embeddable":true,"href":"https:\/\/tiketi.com\/fr-fr\/wp-json\/wp\/v2\/users\/1"}],"replies":[{"embeddable":true,"href":"https:\/\/tiketi.com\/fr-fr\/wp-json\/wp\/v2\/comments?post=11079"}],"version-history":[{"count":0,"href":"https:\/\/tiketi.com\/fr-fr\/wp-json\/wp\/v2\/pages\/11079\/revisions"}],"wp:featuredmedia":[{"embeddable":true,"href":"https:\/\/tiketi.com\/fr-fr\/wp-json\/wp\/v2\/media\/14041"}],"wp:attachment":[{"href":"https:\/\/tiketi.com\/fr-fr\/wp-json\/wp\/v2\/media?parent=11079"}],"curies":[{"name":"wp","href":"https:\/\/api.w.org\/{rel}","templated":true}]}}