{"id":11080,"date":"2022-01-19T12:54:11","date_gmt":"2022-01-19T11:54:11","guid":{"rendered":"https:\/\/new.tiketi.com\/flysafair-online-booking-cheap-flights\/"},"modified":"2022-02-12T15:49:17","modified_gmt":"2022-02-12T14:49:17","slug":"flysafair-online-flight-booking","status":"publish","type":"page","link":"https:\/\/tiketi.com\/fr-fr\/flysafair-online-flight-booking\/","title":{"rendered":"R\u00e9servation en ligne FlySafair - Vols pas chers"},"content":{"rendered":"<h2>FlySafair R\u00e9servations de vol Johannesbourg, Afrique du Sud<\/h2>\n<h3>Comparez et r\u00e9servez vos billets FlySafair pas chers en ligne d\u00e8s maintenant.<\/h3>\n<p>Recherchez, comparez et effectuez des r\u00e9servations en ligne FlySafair bon march\u00e9 \u00e0 Johannesburg, Afrique du Sud. FlySafair est une compagnie a\u00e9rienne sud-africaine abordable bas\u00e9e \u00e0 Johannesburg, en Afrique du Sud. La compagnie a\u00e9rienne est experte dans les vols int\u00e9rieurs en Afrique du Sud, desservant plus de 5 destinations populaires diff\u00e9rentes \u00e0 travers le pays. Faites des r\u00e9servations de vols FlySafair bon march\u00e9 en ligne d\u00e8s maintenant et \u00e9conomisez du temps et de l&#039;argent.<\/p>\n<h2>FAQ sur la r\u00e9servation en ligne FlySafair<\/h2>\n<p>La compagnie a\u00e9rienne a commenc\u00e9 ses activit\u00e9s en octobre 2014, bien que la soci\u00e9t\u00e9 derri\u00e8re FlySafair op\u00e8re depuis cinquante ans. FlySafair a ses hubs bas\u00e9s \u00e0 l&#039;a\u00e9roport international du Cap, \u00e0 l&#039;a\u00e9roport international King Shaka et \u00e0 l&#039;a\u00e9roport international de Tambo.<\/p>\n<h3>Enregistrement<\/h3>\n<p>Les passagers peuvent s&#039;enregistrer pour leur vol de r\u00e9servation FlySafair en visitant la page d&#039;enregistrement en ligne et en saisissant leur r\u00e9f\u00e9rence de livre et leur nom de famille. L&#039;enregistrement en ligne est accessible de vingt-quatre heures \u00e0 quatre heures avant l&#039;heure de d\u00e9part pr\u00e9vue du vol sur tous les vols.<\/p>\n<h3>Informations sur la flotte<\/h3>\n<p>Depuis janvier 2020, FlySafari g\u00e8re des passagers r\u00e9guliers en utilisant la flotte d&#039;avions Lockheed et Boeing. Au total, FlySafair compte plus de seize avions dans sa flotte, qui contient des mod\u00e8les tels que le Boeing 737-800 et le Boeing 737-400. Ces avions sont \u00e9galement utilis\u00e9s par de nombreuses autres meilleures compagnies a\u00e9riennes sud-africaines.<\/p>\n<h3>Les bagages \u00e0 main<\/h3>\n<p>Les passagers ont droit \u00e0 2 bagages \u00e0 main de ferry, chacun ne pesant pas plus de sept kg. Le plus grand des deux ne d\u00e9passant pas les dimensions de 56 x 36 x 25 cm et le petit des 2 ne d\u00e9passant pas 40 x 15 x 20 cm s&#039;enregistrent pour leur vol FlySafair. Apr\u00e8s les r\u00e9servations de vol FlySafair, l&#039;enregistrement en ligne est accessible de vingt-quatre heures \u00e0 quatre heures avant l&#039;heure de d\u00e9part pr\u00e9vue du vol sur tous les vols.<\/p>\n<p>Les bagages \u00e0 main ne peuvent pas avoir des dimensions sup\u00e9rieures \u00e0 56 x 36 x 23 cm, et les bagages enregistr\u00e9s ne peuvent pas d\u00e9passer 90 x 75 x 43 cm.<\/p>\n<h2>Conseils de r\u00e9servation de vol FlySafair<\/h2>\n<p>Billets FlySafair r\u00e9servant des destinations populaires<\/p>\n<p>FlySafair dessert sept destinations nationales en Afrique du Sud, dont Durban, Cape Town, George, East London, Johannesburg et Port Elizabeth. Si vole \u00e0 ces endroits en utilisant sa flotte de seize avions Boeing.<\/p>","protected":false},"excerpt":{"rendered":"<p>FlySafair Flight Bookings Johannesburg, South Africa Compare and book your cheap FlySafair tickets online now. Search, compare and do cheap FlySafair online booking in Johannesburg, South Africa.&nbsp;FlySafair is an affordable South African airline based in Johannesburg, South Africa. The airline is expert in flying domestic routes within South Africa, flying to more than 5 different [&hellip;]<\/p>\n","protected":false},"author":1,"featured_media":14041,"parent":0,"menu_order":0,"comment_status":"open","ping_status":"closed","template":"template-home-modern.php","meta":{"footnotes":""},"class_list":["post-11080","page","type-page","status-publish","has-post-thumbnail","hentry"],"yoast_head":"<!-- This site is optimized with the Yoast SEO plugin v27.2 - https:\/\/yoast.com\/product\/yoast-seo-wordpress\/ -->\n<title>FlySafair Online Booking - Cheap Flights<\/title>\n<meta name=\"description\" content=\"Looking for domestic FlySafair online booking Johannesburg, South Africa? Do cheap FlySafair flight bookings South Africa online now and save time and money\" \/>\n<meta name=\"robots\" content=\"index, follow, max-snippet:-1, max-image-preview:large, max-video-preview:-1\" \/>\n<link rel=\"canonical\" href=\"https:\/\/tiketi.com\/fr-fr\/flysafair-online-flight-booking\/\" \/>\n<meta property=\"og:locale\" content=\"fr_FR\" \/>\n<meta property=\"og:type\" content=\"article\" \/>\n<meta property=\"og:title\" content=\"FlySafair Online Booking - Cheap Flights\" \/>\n<meta property=\"og:description\" content=\"Looking for domestic FlySafair online booking Johannesburg, South Africa? Do cheap FlySafair flight bookings South Africa online now and save time and money\" \/>\n<meta property=\"og:url\" content=\"https:\/\/tiketi.com\/fr-fr\/flysafair-online-flight-booking\/\" \/>\n<meta property=\"og:site_name\" content=\"Tiketi.com\" \/>\n<meta property=\"article:publisher\" content=\"https:\/\/www.facebook.com\/TiketiCom\/\" \/>\n<meta property=\"article:modified_time\" content=\"2022-02-12T14:49:17+00:00\" \/>\n<meta property=\"og:image\" content=\"https:\/\/tiketi.com\/wp-content\/uploads\/2022\/01\/flight-ticket-booking-sorasak-KxCJXXGsv9I-unsplas.jpg\" \/>\n\t<meta property=\"og:image:width\" content=\"1200\" \/>\n\t<meta property=\"og:image:height\" content=\"240\" \/>\n\t<meta property=\"og:image:type\" content=\"image\/jpeg\" \/>\n<meta name=\"twitter:card\" content=\"summary_large_image\" \/>\n<meta name=\"twitter:label1\" content=\"Dur\u00e9e de lecture estim\u00e9e\" \/>\n\t<meta name=\"twitter:data1\" content=\"2 minutes\" \/>\n<script type=\"application\/ld+json\" class=\"yoast-schema-graph\">{\"@context\":\"https:\/\/schema.org\",\"@graph\":[{\"@type\":\"WebPage\",\"@id\":\"https:\/\/tiketi.com\/flysafair-online-flight-booking\/\",\"url\":\"https:\/\/tiketi.com\/flysafair-online-flight-booking\/\",\"name\":\"FlySafair Online Booking - Cheap Flights\",\"isPartOf\":{\"@id\":\"https:\/\/tiketi.com\/#website\"},\"primaryImageOfPage\":{\"@id\":\"https:\/\/tiketi.com\/flysafair-online-flight-booking\/#primaryimage\"},\"image\":{\"@id\":\"https:\/\/tiketi.com\/flysafair-online-flight-booking\/#primaryimage\"},\"thumbnailUrl\":\"https:\/\/tiketi.com\/wp-content\/uploads\/2022\/01\/flight-ticket-booking-sorasak-KxCJXXGsv9I-unsplas.jpg\",\"datePublished\":\"2022-01-19T11:54:11+00:00\",\"dateModified\":\"2022-02-12T14:49:17+00:00\",\"description\":\"Looking for domestic FlySafair online booking Johannesburg, South Africa? Do cheap FlySafair flight bookings South Africa online now and save time and money\",\"breadcrumb\":{\"@id\":\"https:\/\/tiketi.com\/flysafair-online-flight-booking\/#breadcrumb\"},\"inLanguage\":\"fr-FR\",\"potentialAction\":[{\"@type\":\"ReadAction\",\"target\":[\"https:\/\/tiketi.com\/flysafair-online-flight-booking\/\"]}]},{\"@type\":\"ImageObject\",\"inLanguage\":\"fr-FR\",\"@id\":\"https:\/\/tiketi.com\/flysafair-online-flight-booking\/#primaryimage\",\"url\":\"https:\/\/tiketi.com\/wp-content\/uploads\/2022\/01\/flight-ticket-booking-sorasak-KxCJXXGsv9I-unsplas.jpg\",\"contentUrl\":\"https:\/\/tiketi.com\/wp-content\/uploads\/2022\/01\/flight-ticket-booking-sorasak-KxCJXXGsv9I-unsplas.jpg\",\"width\":1200,\"height\":240,\"caption\":\"Online flight ticket booking\"},{\"@type\":\"BreadcrumbList\",\"@id\":\"https:\/\/tiketi.com\/flysafair-online-flight-booking\/#breadcrumb\",\"itemListElement\":[{\"@type\":\"ListItem\",\"position\":1,\"name\":\"Home\",\"item\":\"https:\/\/tiketi.com\/\"},{\"@type\":\"ListItem\",\"position\":2,\"name\":\"FlySafair Online Booking &#8211; Cheap Flights\"}]},{\"@type\":\"WebSite\",\"@id\":\"https:\/\/tiketi.com\/#website\",\"url\":\"https:\/\/tiketi.com\/\",\"name\":\"Flight & Bus Tickets, Tour Packages & Activitites - Tiketi.com\",\"description\":\"Flight &amp; Bus Tickets, Tours, Activitites\",\"publisher\":{\"@id\":\"https:\/\/tiketi.com\/#organization\"},\"potentialAction\":[{\"@type\":\"SearchAction\",\"target\":{\"@type\":\"EntryPoint\",\"urlTemplate\":\"https:\/\/tiketi.com\/?s={search_term_string}\"},\"query-input\":{\"@type\":\"PropertyValueSpecification\",\"valueRequired\":true,\"valueName\":\"search_term_string\"}}],\"inLanguage\":\"fr-FR\"},{\"@type\":\"Organization\",\"@id\":\"https:\/\/tiketi.com\/#organization\",\"name\":\"Tiketi.com\",\"alternateName\":\"Tiketi\",\"url\":\"https:\/\/tiketi.com\/\",\"logo\":{\"@type\":\"ImageObject\",\"inLanguage\":\"fr-FR\",\"@id\":\"https:\/\/tiketi.com\/#\/schema\/logo\/image\/\",\"url\":\"https:\/\/tiketi.com\/wp-content\/uploads\/2019\/05\/tiketi-logo-696.png\",\"contentUrl\":\"https:\/\/tiketi.com\/wp-content\/uploads\/2019\/05\/tiketi-logo-696.png\",\"width\":696,\"height\":696,\"caption\":\"Tiketi.com\"},\"image\":{\"@id\":\"https:\/\/tiketi.com\/#\/schema\/logo\/image\/\"},\"sameAs\":[\"https:\/\/www.facebook.com\/TiketiCom\/\"]}]}<\/script>\n<!-- \/ Yoast SEO plugin. -->","yoast_head_json":{"title":"R\u00e9servation en ligne FlySafair - Vols pas chers","description":"Vous recherchez une r\u00e9servation en ligne domestique FlySafair Johannesburg, Afrique du Sud? Faites des r\u00e9servations de vols pas chers FlySafair Afrique du Sud en ligne maintenant et \u00e9conomisez du temps et de l&#039;argent","robots":{"index":"index","follow":"follow","max-snippet":"max-snippet:-1","max-image-preview":"max-image-preview:large","max-video-preview":"max-video-preview:-1"},"canonical":"https:\/\/tiketi.com\/fr-fr\/flysafair-online-flight-booking\/","og_locale":"fr_FR","og_type":"article","og_title":"FlySafair Online Booking - Cheap Flights","og_description":"Looking for domestic FlySafair online booking Johannesburg, South Africa? Do cheap FlySafair flight bookings South Africa online now and save time and money","og_url":"https:\/\/tiketi.com\/fr-fr\/flysafair-online-flight-booking\/","og_site_name":"Tiketi.com","article_publisher":"https:\/\/www.facebook.com\/TiketiCom\/","article_modified_time":"2022-02-12T14:49:17+00:00","og_image":[{"width":1200,"height":240,"url":"https:\/\/tiketi.com\/wp-content\/uploads\/2022\/01\/flight-ticket-booking-sorasak-KxCJXXGsv9I-unsplas.jpg","type":"image\/jpeg"}],"twitter_card":"summary_large_image","twitter_misc":{"Dur\u00e9e de lecture estim\u00e9e":"2 minutes"},"schema":{"@context":"https:\/\/schema.org","@graph":[{"@type":"WebPage","@id":"https:\/\/tiketi.com\/flysafair-online-flight-booking\/","url":"https:\/\/tiketi.com\/flysafair-online-flight-booking\/","name":"R\u00e9servation en ligne FlySafair - Vols pas chers","isPartOf":{"@id":"https:\/\/tiketi.com\/#website"},"primaryImageOfPage":{"@id":"https:\/\/tiketi.com\/flysafair-online-flight-booking\/#primaryimage"},"image":{"@id":"https:\/\/tiketi.com\/flysafair-online-flight-booking\/#primaryimage"},"thumbnailUrl":"https:\/\/tiketi.com\/wp-content\/uploads\/2022\/01\/flight-ticket-booking-sorasak-KxCJXXGsv9I-unsplas.jpg","datePublished":"2022-01-19T11:54:11+00:00","dateModified":"2022-02-12T14:49:17+00:00","description":"Vous recherchez une r\u00e9servation en ligne domestique FlySafair Johannesburg, Afrique du Sud? Faites des r\u00e9servations de vols pas chers FlySafair Afrique du Sud en ligne maintenant et \u00e9conomisez du temps et de l&#039;argent","breadcrumb":{"@id":"https:\/\/tiketi.com\/flysafair-online-flight-booking\/#breadcrumb"},"inLanguage":"fr-FR","potentialAction":[{"@type":"ReadAction","target":["https:\/\/tiketi.com\/flysafair-online-flight-booking\/"]}]},{"@type":"ImageObject","inLanguage":"fr-FR","@id":"https:\/\/tiketi.com\/flysafair-online-flight-booking\/#primaryimage","url":"https:\/\/tiketi.com\/wp-content\/uploads\/2022\/01\/flight-ticket-booking-sorasak-KxCJXXGsv9I-unsplas.jpg","contentUrl":"https:\/\/tiketi.com\/wp-content\/uploads\/2022\/01\/flight-ticket-booking-sorasak-KxCJXXGsv9I-unsplas.jpg","width":1200,"height":240,"caption":"Online flight ticket booking"},{"@type":"BreadcrumbList","@id":"https:\/\/tiketi.com\/flysafair-online-flight-booking\/#breadcrumb","itemListElement":[{"@type":"ListItem","position":1,"name":"Home","item":"https:\/\/tiketi.com\/"},{"@type":"ListItem","position":2,"name":"FlySafair Online Booking &#8211; Cheap Flights"}]},{"@type":"WebSite","@id":"https:\/\/tiketi.com\/#website","url":"https:\/\/tiketi.com\/","name":"Billets d&#039;avion et de bus, forfaits touristiques et activit\u00e9s - Tiketi.com","description":"Billets d&#039;avion et de bus, Tours, Activit\u00e9s","publisher":{"@id":"https:\/\/tiketi.com\/#organization"},"potentialAction":[{"@type":"SearchAction","target":{"@type":"EntryPoint","urlTemplate":"https:\/\/tiketi.com\/?s={search_term_string}"},"query-input":{"@type":"PropertyValueSpecification","valueRequired":true,"valueName":"search_term_string"}}],"inLanguage":"fr-FR"},{"@type":"Organization","@id":"https:\/\/tiketi.com\/#organization","name":"Tiketi.com","alternateName":"Tiketi","url":"https:\/\/tiketi.com\/","logo":{"@type":"ImageObject","inLanguage":"fr-FR","@id":"https:\/\/tiketi.com\/#\/schema\/logo\/image\/","url":"https:\/\/tiketi.com\/wp-content\/uploads\/2019\/05\/tiketi-logo-696.png","contentUrl":"https:\/\/tiketi.com\/wp-content\/uploads\/2019\/05\/tiketi-logo-696.png","width":696,"height":696,"caption":"Tiketi.com"},"image":{"@id":"https:\/\/tiketi.com\/#\/schema\/logo\/image\/"},"sameAs":["https:\/\/www.facebook.com\/TiketiCom\/"]}]}},"_links":{"self":[{"href":"https:\/\/tiketi.com\/fr-fr\/wp-json\/wp\/v2\/pages\/11080","targetHints":{"allow":["GET"]}}],"collection":[{"href":"https:\/\/tiketi.com\/fr-fr\/wp-json\/wp\/v2\/pages"}],"about":[{"href":"https:\/\/tiketi.com\/fr-fr\/wp-json\/wp\/v2\/types\/page"}],"author":[{"embeddable":true,"href":"https:\/\/tiketi.com\/fr-fr\/wp-json\/wp\/v2\/users\/1"}],"replies":[{"embeddable":true,"href":"https:\/\/tiketi.com\/fr-fr\/wp-json\/wp\/v2\/comments?post=11080"}],"version-history":[{"count":0,"href":"https:\/\/tiketi.com\/fr-fr\/wp-json\/wp\/v2\/pages\/11080\/revisions"}],"wp:featuredmedia":[{"embeddable":true,"href":"https:\/\/tiketi.com\/fr-fr\/wp-json\/wp\/v2\/media\/14041"}],"wp:attachment":[{"href":"https:\/\/tiketi.com\/fr-fr\/wp-json\/wp\/v2\/media?parent=11080"}],"curies":[{"name":"wp","href":"https:\/\/api.w.org\/{rel}","templated":true}]}}