{"id":11081,"date":"2022-01-19T12:54:11","date_gmt":"2022-01-19T11:54:11","guid":{"rendered":"https:\/\/new.tiketi.com\/as-salaam-air-online-booking-zanzibar-tanzania-cheap-flights\/"},"modified":"2022-01-24T23:15:20","modified_gmt":"2022-01-24T22:15:20","slug":"as-salaam-air-online-booking-zanzibar-tanzania-cheap-flights","status":"publish","type":"page","link":"https:\/\/tiketi.com\/fr-fr\/as-salaam-air-online-booking-zanzibar-tanzania-cheap-flights\/","title":{"rendered":"As Salaam Air R\u00e9servation en ligne Zanzibar, Tanzanie \u2013 Vols pas chers"},"content":{"rendered":"<h2>As Salaam Air R\u00e9servation de vol Zanzibar, Tanzanie, Afrique de l&#039;Est<\/h2>\n<h3>D\u00e9couvrez votre itin\u00e9raire de voyage sur le web, le mobile ou l&#039;application et r\u00e9servez d\u00e8s maintenant des billets As Salaam Air pas chers en ligne.<\/h3>\n<p>Recherchez, comparez et faites des r\u00e9servations en ligne As Salaam Air bon march\u00e9 \u00e0 Zanzibar, Tanzanie, Afrique de l&#039;Est. Fond\u00e9e en 2021, As Salaam Air est une compagnie a\u00e9rienne qui fournit des services locaux en Tanzanie. La compagnie a\u00e9rienne g\u00e8re \u00e0 la fois des vols charters priv\u00e9s et des services passagers r\u00e9guliers depuis son a\u00e9roport central Abeid Amani Karume Zanzibar international Airport. R\u00e9servez en ligne d\u00e8s maintenant vos vols As Salaam Air et \u00e9conomisez du temps et de l&#039;argent.<\/p>\n<h2>FAQ sur la r\u00e9servation en ligne d&#039;As Salaam Air<\/h2>\n<p>La compagnie a\u00e9rienne vole actuellement vers plus de 5 a\u00e9roports de destinations populaires avec la Tanzanie, en utilisant une combinaison d&#039;avions Cessna et Embraer.<\/p>\n<h3>As Salaam Air r\u00e9servation en ligne destinations populaires<\/h3>\n<p>Comme Salaam Air a programm\u00e9 des liaisons int\u00e9rieures quotidiennes entre Arusha, Pemba, Zanzibar, Dar es Salaam et Dodoma.<\/p>\n<h3>Franchise de bagages<\/h3>\n<p>\u2022 Comme pour la plupart des compagnies a\u00e9riennes locales en Afrique de l&#039;Est, et principalement celles qui desservent les \u00eeles et les pistes d&#039;atterrissage \u00e9loign\u00e9es, le poids est un facteur tr\u00e8s important pour ces petits avions, tout comme la taille limit\u00e9e de la soute.<br \/>\n\u2022 Quinze kg par passager<br \/>\n\u2022 Seuls les sacs \u00e0 coque souple sont conseill\u00e9s pour s&#039;assurer qu&#039;ils peuvent entrer dans les soutes\/nacelles.<br \/>\n\u2022 Les bagages exc\u00e9dentaires seront pris en charge moyennant des frais suppl\u00e9mentaires, mais le passage sur le m\u00eame vol que le passager n&#039;est pas promis.<br \/>\n\u2022 Il existe des limitations strictes pour les bagages de cabine\/de cabine. Cela se limite aux petits effets personnels tels que la documentation, les appareils photo, les cahiers et les m\u00e9dicaments.<\/p>\n<h3>Enregistrement<\/h3>\n<p>Nous vous sugg\u00e9rons de vous enregistrer au moins quarante-cinq minutes avant le d\u00e9part. Les proc\u00e9dures d&#039;embarquement sont extr\u00eamement simples et le comptoir d&#039;enregistrement ferme trente minutes avant le d\u00e9part.<\/p>\n<h3>Informations sur la flotte<\/h3>\n<p>\u2022 1 Cessna Grand Caravan 208B si\u00e8ges 11-13<br \/>\n\u2022 1 Embraer EMB 120 Brasilia 30 places<\/p>\n<h3>Tarifs de classe<\/h3>\n<p>La compagnie a\u00e9rienne propose une classe \u00e9conomique, mais dans ce tarif, il existe diff\u00e9rents types de tarifs, amical, l\u00e9ger et flexi.<\/p>\n<h2>As Salaam Air R\u00e9servation de vol Zanzibar, Tanzanie, Afrique de l&#039;Est Conseils<\/h2>\n<h3>A\u00e9roport international Abeid Amani Karume<\/h3>\n<p>Cet a\u00e9roport, connu sous le nom d&#039;a\u00e9roport international de Zanzibar, est le principal a\u00e9roport de Zanzibar et l&#039;a\u00e9roport central pour les r\u00e9servations d&#039;As Salaam Air. L&#039;a\u00e9roport propose des liaisons nationales et internationales depuis Zanzibar \u00e0 travers l&#039;Europe, l&#039;Afrique de l&#039;Est et le Moyen-Orient, avec des compagnies a\u00e9riennes telles que Smart Wings, Zan Air, Oman Air et bien d&#039;autres. L&#039;a\u00e9roport dispose actuellement d&#039;un terminal, le terminal 1, qui d\u00e9taille tous les vols entrants et sortants de l&#039;a\u00e9roport.<\/p>","protected":false},"excerpt":{"rendered":"<p>As Salaam Air Flight Booking Zanzibar, Tanzania,\u00a0East Africa Discover your travel route on web, mobile or app and book cheap As Salaam Air tickets online now. Search, compare and do cheap As Salaam Air online booking in Zanzibar, Tanzania, East Africa.\u00a0Founded in 2021, As Salaam Air is an airline that provides local services within Tanzania. [&hellip;]<\/p>\n","protected":false},"author":1,"featured_media":14041,"parent":0,"menu_order":0,"comment_status":"open","ping_status":"closed","template":"template-home-modern.php","meta":{"footnotes":""},"class_list":["post-11081","page","type-page","status-publish","has-post-thumbnail","hentry"],"yoast_head":"<!-- This site is optimized with the Yoast SEO plugin v27.3 - https:\/\/yoast.com\/product\/yoast-seo-wordpress\/ -->\n<title>As Salaam Air Online Booking Zanzibar, Tanzania - Cheap Flights<\/title>\n<meta name=\"description\" content=\"Looking for As Salaam Air online booking app, Zanzibar, Tanzania? Book As Salaam Air flight booking online now and save time and money\" \/>\n<meta name=\"robots\" content=\"index, follow, max-snippet:-1, max-image-preview:large, max-video-preview:-1\" \/>\n<link rel=\"canonical\" href=\"https:\/\/tiketi.com\/fr-fr\/as-salaam-air-online-booking-zanzibar-tanzania-cheap-flights\/\" \/>\n<meta property=\"og:locale\" content=\"fr_FR\" \/>\n<meta property=\"og:type\" content=\"article\" \/>\n<meta property=\"og:title\" content=\"As Salaam Air Online Booking Zanzibar, Tanzania - Cheap Flights\" \/>\n<meta property=\"og:description\" content=\"Looking for As Salaam Air online booking app, Zanzibar, Tanzania? Book As Salaam Air flight booking online now and save time and money\" \/>\n<meta property=\"og:url\" content=\"https:\/\/tiketi.com\/fr-fr\/as-salaam-air-online-booking-zanzibar-tanzania-cheap-flights\/\" \/>\n<meta property=\"og:site_name\" content=\"Tiketi.com\" \/>\n<meta property=\"article:publisher\" content=\"https:\/\/www.facebook.com\/TiketiCom\/\" \/>\n<meta property=\"article:modified_time\" content=\"2022-01-24T22:15:20+00:00\" \/>\n<meta property=\"og:image\" content=\"https:\/\/tiketi.com\/wp-content\/uploads\/2022\/01\/flight-ticket-booking-sorasak-KxCJXXGsv9I-unsplas.jpg\" \/>\n\t<meta property=\"og:image:width\" content=\"1200\" \/>\n\t<meta property=\"og:image:height\" content=\"240\" \/>\n\t<meta property=\"og:image:type\" content=\"image\/jpeg\" \/>\n<meta name=\"twitter:card\" content=\"summary_large_image\" \/>\n<meta name=\"twitter:label1\" content=\"Dur\u00e9e de lecture estim\u00e9e\" \/>\n\t<meta name=\"twitter:data1\" content=\"2 minutes\" \/>\n<script type=\"application\/ld+json\" class=\"yoast-schema-graph\">{\"@context\":\"https:\\\/\\\/schema.org\",\"@graph\":[{\"@type\":\"WebPage\",\"@id\":\"https:\\\/\\\/tiketi.com\\\/as-salaam-air-online-booking-zanzibar-tanzania-cheap-flights\\\/\",\"url\":\"https:\\\/\\\/tiketi.com\\\/as-salaam-air-online-booking-zanzibar-tanzania-cheap-flights\\\/\",\"name\":\"As Salaam Air Online Booking Zanzibar, Tanzania - Cheap Flights\",\"isPartOf\":{\"@id\":\"https:\\\/\\\/tiketi.com\\\/#website\"},\"primaryImageOfPage\":{\"@id\":\"https:\\\/\\\/tiketi.com\\\/as-salaam-air-online-booking-zanzibar-tanzania-cheap-flights\\\/#primaryimage\"},\"image\":{\"@id\":\"https:\\\/\\\/tiketi.com\\\/as-salaam-air-online-booking-zanzibar-tanzania-cheap-flights\\\/#primaryimage\"},\"thumbnailUrl\":\"https:\\\/\\\/tiketi.com\\\/wp-content\\\/uploads\\\/2022\\\/01\\\/flight-ticket-booking-sorasak-KxCJXXGsv9I-unsplas.jpg\",\"datePublished\":\"2022-01-19T11:54:11+00:00\",\"dateModified\":\"2022-01-24T22:15:20+00:00\",\"description\":\"Looking for As Salaam Air online booking app, Zanzibar, Tanzania? Book As Salaam Air flight booking online now and save time and money\",\"breadcrumb\":{\"@id\":\"https:\\\/\\\/tiketi.com\\\/as-salaam-air-online-booking-zanzibar-tanzania-cheap-flights\\\/#breadcrumb\"},\"inLanguage\":\"fr-FR\",\"potentialAction\":[{\"@type\":\"ReadAction\",\"target\":[\"https:\\\/\\\/tiketi.com\\\/as-salaam-air-online-booking-zanzibar-tanzania-cheap-flights\\\/\"]}]},{\"@type\":\"ImageObject\",\"inLanguage\":\"fr-FR\",\"@id\":\"https:\\\/\\\/tiketi.com\\\/as-salaam-air-online-booking-zanzibar-tanzania-cheap-flights\\\/#primaryimage\",\"url\":\"https:\\\/\\\/tiketi.com\\\/wp-content\\\/uploads\\\/2022\\\/01\\\/flight-ticket-booking-sorasak-KxCJXXGsv9I-unsplas.jpg\",\"contentUrl\":\"https:\\\/\\\/tiketi.com\\\/wp-content\\\/uploads\\\/2022\\\/01\\\/flight-ticket-booking-sorasak-KxCJXXGsv9I-unsplas.jpg\",\"width\":1200,\"height\":240,\"caption\":\"Online flight ticket booking\"},{\"@type\":\"BreadcrumbList\",\"@id\":\"https:\\\/\\\/tiketi.com\\\/as-salaam-air-online-booking-zanzibar-tanzania-cheap-flights\\\/#breadcrumb\",\"itemListElement\":[{\"@type\":\"ListItem\",\"position\":1,\"name\":\"Home\",\"item\":\"https:\\\/\\\/tiketi.com\\\/\"},{\"@type\":\"ListItem\",\"position\":2,\"name\":\"As Salaam Air Online Booking Zanzibar, Tanzania &#8211; Cheap Flights\"}]},{\"@type\":\"WebSite\",\"@id\":\"https:\\\/\\\/tiketi.com\\\/#website\",\"url\":\"https:\\\/\\\/tiketi.com\\\/\",\"name\":\"Flight & Bus Tickets, Tour Packages & Activitites - Tiketi.com\",\"description\":\"Flight &amp; Bus Tickets, Tours, Activitites\",\"publisher\":{\"@id\":\"https:\\\/\\\/tiketi.com\\\/#organization\"},\"potentialAction\":[{\"@type\":\"SearchAction\",\"target\":{\"@type\":\"EntryPoint\",\"urlTemplate\":\"https:\\\/\\\/tiketi.com\\\/?s={search_term_string}\"},\"query-input\":{\"@type\":\"PropertyValueSpecification\",\"valueRequired\":true,\"valueName\":\"search_term_string\"}}],\"inLanguage\":\"fr-FR\"},{\"@type\":\"Organization\",\"@id\":\"https:\\\/\\\/tiketi.com\\\/#organization\",\"name\":\"Tiketi.com\",\"alternateName\":\"Tiketi\",\"url\":\"https:\\\/\\\/tiketi.com\\\/\",\"logo\":{\"@type\":\"ImageObject\",\"inLanguage\":\"fr-FR\",\"@id\":\"https:\\\/\\\/tiketi.com\\\/#\\\/schema\\\/logo\\\/image\\\/\",\"url\":\"https:\\\/\\\/tiketi.com\\\/wp-content\\\/uploads\\\/2019\\\/05\\\/tiketi-logo-696.png\",\"contentUrl\":\"https:\\\/\\\/tiketi.com\\\/wp-content\\\/uploads\\\/2019\\\/05\\\/tiketi-logo-696.png\",\"width\":696,\"height\":696,\"caption\":\"Tiketi.com\"},\"image\":{\"@id\":\"https:\\\/\\\/tiketi.com\\\/#\\\/schema\\\/logo\\\/image\\\/\"},\"sameAs\":[\"https:\\\/\\\/www.facebook.com\\\/TiketiCom\\\/\"]}]}<\/script>\n<!-- \/ Yoast SEO plugin. -->","yoast_head_json":{"title":"As Salaam Air R\u00e9servation en ligne Zanzibar, Tanzanie - Vols pas chers","description":"Vous recherchez l&#039;application de r\u00e9servation en ligne As Salaam Air, Zanzibar, Tanzanie\u00a0? R\u00e9servez en ligne d\u00e8s maintenant votre vol As Salaam Air et \u00e9conomisez du temps et de l&#039;argent","robots":{"index":"index","follow":"follow","max-snippet":"max-snippet:-1","max-image-preview":"max-image-preview:large","max-video-preview":"max-video-preview:-1"},"canonical":"https:\/\/tiketi.com\/fr-fr\/as-salaam-air-online-booking-zanzibar-tanzania-cheap-flights\/","og_locale":"fr_FR","og_type":"article","og_title":"As Salaam Air Online Booking Zanzibar, Tanzania - Cheap Flights","og_description":"Looking for As Salaam Air online booking app, Zanzibar, Tanzania? Book As Salaam Air flight booking online now and save time and money","og_url":"https:\/\/tiketi.com\/fr-fr\/as-salaam-air-online-booking-zanzibar-tanzania-cheap-flights\/","og_site_name":"Tiketi.com","article_publisher":"https:\/\/www.facebook.com\/TiketiCom\/","article_modified_time":"2022-01-24T22:15:20+00:00","og_image":[{"width":1200,"height":240,"url":"https:\/\/tiketi.com\/wp-content\/uploads\/2022\/01\/flight-ticket-booking-sorasak-KxCJXXGsv9I-unsplas.jpg","type":"image\/jpeg"}],"twitter_card":"summary_large_image","twitter_misc":{"Dur\u00e9e de lecture estim\u00e9e":"2 minutes"},"schema":{"@context":"https:\/\/schema.org","@graph":[{"@type":"WebPage","@id":"https:\/\/tiketi.com\/as-salaam-air-online-booking-zanzibar-tanzania-cheap-flights\/","url":"https:\/\/tiketi.com\/as-salaam-air-online-booking-zanzibar-tanzania-cheap-flights\/","name":"As Salaam Air R\u00e9servation en ligne Zanzibar, Tanzanie - Vols pas chers","isPartOf":{"@id":"https:\/\/tiketi.com\/#website"},"primaryImageOfPage":{"@id":"https:\/\/tiketi.com\/as-salaam-air-online-booking-zanzibar-tanzania-cheap-flights\/#primaryimage"},"image":{"@id":"https:\/\/tiketi.com\/as-salaam-air-online-booking-zanzibar-tanzania-cheap-flights\/#primaryimage"},"thumbnailUrl":"https:\/\/tiketi.com\/wp-content\/uploads\/2022\/01\/flight-ticket-booking-sorasak-KxCJXXGsv9I-unsplas.jpg","datePublished":"2022-01-19T11:54:11+00:00","dateModified":"2022-01-24T22:15:20+00:00","description":"Vous recherchez l&#039;application de r\u00e9servation en ligne As Salaam Air, Zanzibar, Tanzanie\u00a0? R\u00e9servez en ligne d\u00e8s maintenant votre vol As Salaam Air et \u00e9conomisez du temps et de l&#039;argent","breadcrumb":{"@id":"https:\/\/tiketi.com\/as-salaam-air-online-booking-zanzibar-tanzania-cheap-flights\/#breadcrumb"},"inLanguage":"fr-FR","potentialAction":[{"@type":"ReadAction","target":["https:\/\/tiketi.com\/as-salaam-air-online-booking-zanzibar-tanzania-cheap-flights\/"]}]},{"@type":"ImageObject","inLanguage":"fr-FR","@id":"https:\/\/tiketi.com\/as-salaam-air-online-booking-zanzibar-tanzania-cheap-flights\/#primaryimage","url":"https:\/\/tiketi.com\/wp-content\/uploads\/2022\/01\/flight-ticket-booking-sorasak-KxCJXXGsv9I-unsplas.jpg","contentUrl":"https:\/\/tiketi.com\/wp-content\/uploads\/2022\/01\/flight-ticket-booking-sorasak-KxCJXXGsv9I-unsplas.jpg","width":1200,"height":240,"caption":"Online flight ticket booking"},{"@type":"BreadcrumbList","@id":"https:\/\/tiketi.com\/as-salaam-air-online-booking-zanzibar-tanzania-cheap-flights\/#breadcrumb","itemListElement":[{"@type":"ListItem","position":1,"name":"Home","item":"https:\/\/tiketi.com\/"},{"@type":"ListItem","position":2,"name":"As Salaam Air Online Booking Zanzibar, Tanzania &#8211; Cheap Flights"}]},{"@type":"WebSite","@id":"https:\/\/tiketi.com\/#website","url":"https:\/\/tiketi.com\/","name":"Billets d&#039;avion et de bus, forfaits touristiques et activit\u00e9s - Tiketi.com","description":"Billets d&#039;avion et de bus, Tours, Activit\u00e9s","publisher":{"@id":"https:\/\/tiketi.com\/#organization"},"potentialAction":[{"@type":"SearchAction","target":{"@type":"EntryPoint","urlTemplate":"https:\/\/tiketi.com\/?s={search_term_string}"},"query-input":{"@type":"PropertyValueSpecification","valueRequired":true,"valueName":"search_term_string"}}],"inLanguage":"fr-FR"},{"@type":"Organization","@id":"https:\/\/tiketi.com\/#organization","name":"Tiketi.com","alternateName":"Tiketi","url":"https:\/\/tiketi.com\/","logo":{"@type":"ImageObject","inLanguage":"fr-FR","@id":"https:\/\/tiketi.com\/#\/schema\/logo\/image\/","url":"https:\/\/tiketi.com\/wp-content\/uploads\/2019\/05\/tiketi-logo-696.png","contentUrl":"https:\/\/tiketi.com\/wp-content\/uploads\/2019\/05\/tiketi-logo-696.png","width":696,"height":696,"caption":"Tiketi.com"},"image":{"@id":"https:\/\/tiketi.com\/#\/schema\/logo\/image\/"},"sameAs":["https:\/\/www.facebook.com\/TiketiCom\/"]}]}},"_links":{"self":[{"href":"https:\/\/tiketi.com\/fr-fr\/wp-json\/wp\/v2\/pages\/11081","targetHints":{"allow":["GET"]}}],"collection":[{"href":"https:\/\/tiketi.com\/fr-fr\/wp-json\/wp\/v2\/pages"}],"about":[{"href":"https:\/\/tiketi.com\/fr-fr\/wp-json\/wp\/v2\/types\/page"}],"author":[{"embeddable":true,"href":"https:\/\/tiketi.com\/fr-fr\/wp-json\/wp\/v2\/users\/1"}],"replies":[{"embeddable":true,"href":"https:\/\/tiketi.com\/fr-fr\/wp-json\/wp\/v2\/comments?post=11081"}],"version-history":[{"count":0,"href":"https:\/\/tiketi.com\/fr-fr\/wp-json\/wp\/v2\/pages\/11081\/revisions"}],"wp:featuredmedia":[{"embeddable":true,"href":"https:\/\/tiketi.com\/fr-fr\/wp-json\/wp\/v2\/media\/14041"}],"wp:attachment":[{"href":"https:\/\/tiketi.com\/fr-fr\/wp-json\/wp\/v2\/media?parent=11081"}],"curies":[{"name":"wp","href":"https:\/\/api.w.org\/{rel}","templated":true}]}}