{"id":11082,"date":"2022-01-19T12:54:11","date_gmt":"2022-01-19T11:54:11","guid":{"rendered":"https:\/\/new.tiketi.com\/asante-aviation-online-booking-cheap-flights\/"},"modified":"2022-01-24T23:11:57","modified_gmt":"2022-01-24T22:11:57","slug":"asante-aviation-online-flight-booking","status":"publish","type":"page","link":"https:\/\/tiketi.com\/fr-fr\/asante-aviation-online-flight-booking\/","title":{"rendered":"R\u00e9servation en ligne Asante Aviation \u2013 Vols pas chers"},"content":{"rendered":"<h2>Asante Aviation R\u00e9servation de vol Ouganda, Afrique de l&#039;Est<\/h2>\n<h3>D\u00e9couvrez votre itin\u00e9raire de voyage sur le web, le mobile ou l&#039;application et r\u00e9servez des billets Asante Aviation pas chers en ligne d\u00e8s maintenant.<\/h3>\n<p>Recherchez, comparez et effectuez des r\u00e9servations en ligne Asante Aviation bon march\u00e9 en Ouganda, Afrique de l&#039;Est. Cr\u00e9\u00e9e en 2006, Asante Aviation propose des services de vols charters vers des routes int\u00e9rieures et des destinations r\u00e9gionales populaires pour les passagers et le fret. Il existe une large gamme de choix d&#039;affr\u00e8tement avec Asante Aviation, tels que l&#039;affr\u00e8tement pour le gros fret - fret extra-large et lourd, les affr\u00e8tements vers des endroits \u00e9loign\u00e9s, les affr\u00e8tements pour les secours et les services humanitaires - l&#039;aide \u00e0 ceux qui en ont besoin, et les affr\u00e8tements urgents . La soci\u00e9t\u00e9 d&#039;aviation propose \u00e9galement les services suivants - relev\u00e9 a\u00e9rien, vol sous contrat, vols photographiques, \u00e9vacuation m\u00e9dicale et charters a\u00e9riens de safari. Les passagers peuvent \u00e9galement affr\u00e9ter des vols vers de nombreuses destinations populaires en Afrique de l&#039;Est. Faites la r\u00e9servation de vols pas chers Asante Aviation en ligne d\u00e8s maintenant et \u00e9conomisez du temps et de l&#039;argent.<\/p>\n<h2>FAQ sur la r\u00e9servation en ligne d&#039;Asante Aviation<\/h2>\n<p>La compagnie a\u00e9rienne propose \u00e9galement des \u00e9vacuations a\u00e9riennes pour les entreprises et le gouvernement dans la r\u00e9gion. Asante Aviation acc\u00e9l\u00e8re et maintient des horaires continus pour r\u00e9pondre aux besoins ou aux demandes des passagers. Les experts de l&#039;affr\u00e8tement aux sp\u00e9cifications du cabinet qui sont des professionnels et ont pass\u00e9 du temps sur le tarmac et peuvent g\u00e9rer des vols charters du d\u00e9but \u00e0 la fin.<\/p>\n<h3>Franchise de bagages<\/h3>\n<p>Pour les vols charters de fret, l&#039;avion a la capacit\u00e9 de transporter un poids maximum d&#039;une fois. Pour la r\u00e9servation en ligne de vols charters de passagers par Asante Aviation, il n&#039;y a pas de limite de bagages, mais vous devez emballer et transporter des sacs l\u00e9gers et souples pouvant tenir \u00e0 bord, car les avions sont plus petits que des avions commerciaux.<\/p>\n<h3>Enregistrement<\/h3>\n<p>Pour l&#039;affr\u00e8tement a\u00e9rien de passagers, il n&#039;y a pas d&#039;enregistrement ni d&#039;horaire de d\u00e9part.<\/p>\n<h3>Informations sur la flotte<\/h3>\n<p>Asante sp\u00e9cifie la flotte d&#039;avions de premier ordre - 4 Cessna Grand Caravans. L&#039;avion est \u00e9quip\u00e9 d&#039;un syst\u00e8me de suivi, de cartographie et de communication GPS indigo pour un suivi simple du fret et des passagers. Pour les vols cargo, l&#039;int\u00e9rieur de l&#039;avion peut \u00eatre chang\u00e9 en configuration de fret pour transporter des capacit\u00e9s de poids uniques.<\/p>\n<h2>Asante Aviation Conseils de r\u00e9servation de vol en ligne<\/h2>\n<p>Avec un v\u00e9ritable service sur mesure, chaque aspect de l&#039;exp\u00e9rience de charter pour les passagers est personnalis\u00e9 en fonction de leurs besoins. La soci\u00e9t\u00e9 d&#039;aviation a \u00e9tabli un statut pour fournir des solutions d&#039;affr\u00e8tement parfaites pour les soci\u00e9t\u00e9s p\u00e9troli\u00e8res, gouvernementales et gazi\u00e8res, les agences de secours et les dirigeants d&#039;entreprise.<\/p>","protected":false},"excerpt":{"rendered":"<p>Asante Aviation Flight Booking Uganda,\u00a0East Africa Discover your travel route on web, mobile or app and book cheap Asante Aviation tickets online now. Search, compare and do cheap Asante Aviation online booking in Uganda, East Africa.\u00a0Established in 2006, Asante Aviation runs charter flight services to domestic routes and regional popular destinations for passengers and cargo. [&hellip;]<\/p>\n","protected":false},"author":1,"featured_media":14041,"parent":0,"menu_order":0,"comment_status":"open","ping_status":"closed","template":"template-home-modern.php","meta":{"footnotes":""},"class_list":["post-11082","page","type-page","status-publish","has-post-thumbnail","hentry"],"yoast_head":"<!-- This site is optimized with the Yoast SEO plugin v27.3 - https:\/\/yoast.com\/product\/yoast-seo-wordpress\/ -->\n<title>Asante Aviation Online Booking - Cheap Flights<\/title>\n<meta name=\"description\" content=\"Looking for Asante Aviation online booking app,\u00a0East Africa? Book cheap Asante Aviation flight booking,\u00a0East Africa online now\" \/>\n<meta name=\"robots\" content=\"index, follow, max-snippet:-1, max-image-preview:large, max-video-preview:-1\" \/>\n<link rel=\"canonical\" href=\"https:\/\/tiketi.com\/fr-fr\/asante-aviation-online-flight-booking\/\" \/>\n<meta property=\"og:locale\" content=\"fr_FR\" \/>\n<meta property=\"og:type\" content=\"article\" \/>\n<meta property=\"og:title\" content=\"Asante Aviation Online Booking - Cheap Flights\" \/>\n<meta property=\"og:description\" content=\"Looking for Asante Aviation online booking app,\u00a0East Africa? Book cheap Asante Aviation flight booking,\u00a0East Africa online now\" \/>\n<meta property=\"og:url\" content=\"https:\/\/tiketi.com\/fr-fr\/asante-aviation-online-flight-booking\/\" \/>\n<meta property=\"og:site_name\" content=\"Tiketi.com\" \/>\n<meta property=\"article:publisher\" content=\"https:\/\/www.facebook.com\/TiketiCom\/\" \/>\n<meta property=\"article:modified_time\" content=\"2022-01-24T22:11:57+00:00\" \/>\n<meta property=\"og:image\" content=\"https:\/\/tiketi.com\/wp-content\/uploads\/2022\/01\/flight-ticket-booking-sorasak-KxCJXXGsv9I-unsplas.jpg\" \/>\n\t<meta property=\"og:image:width\" content=\"1200\" \/>\n\t<meta property=\"og:image:height\" content=\"240\" \/>\n\t<meta property=\"og:image:type\" content=\"image\/jpeg\" \/>\n<meta name=\"twitter:card\" content=\"summary_large_image\" \/>\n<meta name=\"twitter:label1\" content=\"Dur\u00e9e de lecture estim\u00e9e\" \/>\n\t<meta name=\"twitter:data1\" content=\"2 minutes\" \/>\n<script type=\"application\/ld+json\" class=\"yoast-schema-graph\">{\"@context\":\"https:\\\/\\\/schema.org\",\"@graph\":[{\"@type\":\"WebPage\",\"@id\":\"https:\\\/\\\/tiketi.com\\\/asante-aviation-online-flight-booking\\\/\",\"url\":\"https:\\\/\\\/tiketi.com\\\/asante-aviation-online-flight-booking\\\/\",\"name\":\"Asante Aviation Online Booking - Cheap Flights\",\"isPartOf\":{\"@id\":\"https:\\\/\\\/tiketi.com\\\/#website\"},\"primaryImageOfPage\":{\"@id\":\"https:\\\/\\\/tiketi.com\\\/asante-aviation-online-flight-booking\\\/#primaryimage\"},\"image\":{\"@id\":\"https:\\\/\\\/tiketi.com\\\/asante-aviation-online-flight-booking\\\/#primaryimage\"},\"thumbnailUrl\":\"https:\\\/\\\/tiketi.com\\\/wp-content\\\/uploads\\\/2022\\\/01\\\/flight-ticket-booking-sorasak-KxCJXXGsv9I-unsplas.jpg\",\"datePublished\":\"2022-01-19T11:54:11+00:00\",\"dateModified\":\"2022-01-24T22:11:57+00:00\",\"description\":\"Looking for Asante Aviation online booking app,\u00a0East Africa? Book cheap Asante Aviation flight booking,\u00a0East Africa online now\",\"breadcrumb\":{\"@id\":\"https:\\\/\\\/tiketi.com\\\/asante-aviation-online-flight-booking\\\/#breadcrumb\"},\"inLanguage\":\"fr-FR\",\"potentialAction\":[{\"@type\":\"ReadAction\",\"target\":[\"https:\\\/\\\/tiketi.com\\\/asante-aviation-online-flight-booking\\\/\"]}]},{\"@type\":\"ImageObject\",\"inLanguage\":\"fr-FR\",\"@id\":\"https:\\\/\\\/tiketi.com\\\/asante-aviation-online-flight-booking\\\/#primaryimage\",\"url\":\"https:\\\/\\\/tiketi.com\\\/wp-content\\\/uploads\\\/2022\\\/01\\\/flight-ticket-booking-sorasak-KxCJXXGsv9I-unsplas.jpg\",\"contentUrl\":\"https:\\\/\\\/tiketi.com\\\/wp-content\\\/uploads\\\/2022\\\/01\\\/flight-ticket-booking-sorasak-KxCJXXGsv9I-unsplas.jpg\",\"width\":1200,\"height\":240,\"caption\":\"Online flight ticket booking\"},{\"@type\":\"BreadcrumbList\",\"@id\":\"https:\\\/\\\/tiketi.com\\\/asante-aviation-online-flight-booking\\\/#breadcrumb\",\"itemListElement\":[{\"@type\":\"ListItem\",\"position\":1,\"name\":\"Home\",\"item\":\"https:\\\/\\\/tiketi.com\\\/\"},{\"@type\":\"ListItem\",\"position\":2,\"name\":\"Asante Aviation Online Booking &#8211; Cheap Flights\"}]},{\"@type\":\"WebSite\",\"@id\":\"https:\\\/\\\/tiketi.com\\\/#website\",\"url\":\"https:\\\/\\\/tiketi.com\\\/\",\"name\":\"Flight & Bus Tickets, Tour Packages & Activitites - Tiketi.com\",\"description\":\"Flight &amp; Bus Tickets, Tours, Activitites\",\"publisher\":{\"@id\":\"https:\\\/\\\/tiketi.com\\\/#organization\"},\"potentialAction\":[{\"@type\":\"SearchAction\",\"target\":{\"@type\":\"EntryPoint\",\"urlTemplate\":\"https:\\\/\\\/tiketi.com\\\/?s={search_term_string}\"},\"query-input\":{\"@type\":\"PropertyValueSpecification\",\"valueRequired\":true,\"valueName\":\"search_term_string\"}}],\"inLanguage\":\"fr-FR\"},{\"@type\":\"Organization\",\"@id\":\"https:\\\/\\\/tiketi.com\\\/#organization\",\"name\":\"Tiketi.com\",\"alternateName\":\"Tiketi\",\"url\":\"https:\\\/\\\/tiketi.com\\\/\",\"logo\":{\"@type\":\"ImageObject\",\"inLanguage\":\"fr-FR\",\"@id\":\"https:\\\/\\\/tiketi.com\\\/#\\\/schema\\\/logo\\\/image\\\/\",\"url\":\"https:\\\/\\\/tiketi.com\\\/wp-content\\\/uploads\\\/2019\\\/05\\\/tiketi-logo-696.png\",\"contentUrl\":\"https:\\\/\\\/tiketi.com\\\/wp-content\\\/uploads\\\/2019\\\/05\\\/tiketi-logo-696.png\",\"width\":696,\"height\":696,\"caption\":\"Tiketi.com\"},\"image\":{\"@id\":\"https:\\\/\\\/tiketi.com\\\/#\\\/schema\\\/logo\\\/image\\\/\"},\"sameAs\":[\"https:\\\/\\\/www.facebook.com\\\/TiketiCom\\\/\"]}]}<\/script>\n<!-- \/ Yoast SEO plugin. -->","yoast_head_json":{"title":"Asante Aviation R\u00e9servation en ligne - Vols pas chers","description":"Vous recherchez l&#039;application de r\u00e9servation en ligne Asante Aviation, Afrique de l&#039;Est\u00a0? R\u00e9servez \u00e0 bas prix Asante Aviation r\u00e9servation de vol, Afrique de l&#039;Est en ligne maintenant","robots":{"index":"index","follow":"follow","max-snippet":"max-snippet:-1","max-image-preview":"max-image-preview:large","max-video-preview":"max-video-preview:-1"},"canonical":"https:\/\/tiketi.com\/fr-fr\/asante-aviation-online-flight-booking\/","og_locale":"fr_FR","og_type":"article","og_title":"Asante Aviation Online Booking - Cheap Flights","og_description":"Looking for Asante Aviation online booking app,\u00a0East Africa? Book cheap Asante Aviation flight booking,\u00a0East Africa online now","og_url":"https:\/\/tiketi.com\/fr-fr\/asante-aviation-online-flight-booking\/","og_site_name":"Tiketi.com","article_publisher":"https:\/\/www.facebook.com\/TiketiCom\/","article_modified_time":"2022-01-24T22:11:57+00:00","og_image":[{"width":1200,"height":240,"url":"https:\/\/tiketi.com\/wp-content\/uploads\/2022\/01\/flight-ticket-booking-sorasak-KxCJXXGsv9I-unsplas.jpg","type":"image\/jpeg"}],"twitter_card":"summary_large_image","twitter_misc":{"Dur\u00e9e de lecture estim\u00e9e":"2 minutes"},"schema":{"@context":"https:\/\/schema.org","@graph":[{"@type":"WebPage","@id":"https:\/\/tiketi.com\/asante-aviation-online-flight-booking\/","url":"https:\/\/tiketi.com\/asante-aviation-online-flight-booking\/","name":"Asante Aviation R\u00e9servation en ligne - Vols pas chers","isPartOf":{"@id":"https:\/\/tiketi.com\/#website"},"primaryImageOfPage":{"@id":"https:\/\/tiketi.com\/asante-aviation-online-flight-booking\/#primaryimage"},"image":{"@id":"https:\/\/tiketi.com\/asante-aviation-online-flight-booking\/#primaryimage"},"thumbnailUrl":"https:\/\/tiketi.com\/wp-content\/uploads\/2022\/01\/flight-ticket-booking-sorasak-KxCJXXGsv9I-unsplas.jpg","datePublished":"2022-01-19T11:54:11+00:00","dateModified":"2022-01-24T22:11:57+00:00","description":"Vous recherchez l&#039;application de r\u00e9servation en ligne Asante Aviation, Afrique de l&#039;Est\u00a0? R\u00e9servez \u00e0 bas prix Asante Aviation r\u00e9servation de vol, Afrique de l&#039;Est en ligne maintenant","breadcrumb":{"@id":"https:\/\/tiketi.com\/asante-aviation-online-flight-booking\/#breadcrumb"},"inLanguage":"fr-FR","potentialAction":[{"@type":"ReadAction","target":["https:\/\/tiketi.com\/asante-aviation-online-flight-booking\/"]}]},{"@type":"ImageObject","inLanguage":"fr-FR","@id":"https:\/\/tiketi.com\/asante-aviation-online-flight-booking\/#primaryimage","url":"https:\/\/tiketi.com\/wp-content\/uploads\/2022\/01\/flight-ticket-booking-sorasak-KxCJXXGsv9I-unsplas.jpg","contentUrl":"https:\/\/tiketi.com\/wp-content\/uploads\/2022\/01\/flight-ticket-booking-sorasak-KxCJXXGsv9I-unsplas.jpg","width":1200,"height":240,"caption":"Online flight ticket booking"},{"@type":"BreadcrumbList","@id":"https:\/\/tiketi.com\/asante-aviation-online-flight-booking\/#breadcrumb","itemListElement":[{"@type":"ListItem","position":1,"name":"Home","item":"https:\/\/tiketi.com\/"},{"@type":"ListItem","position":2,"name":"Asante Aviation Online Booking &#8211; Cheap Flights"}]},{"@type":"WebSite","@id":"https:\/\/tiketi.com\/#website","url":"https:\/\/tiketi.com\/","name":"Billets d&#039;avion et de bus, forfaits touristiques et activit\u00e9s - Tiketi.com","description":"Billets d&#039;avion et de bus, Tours, Activit\u00e9s","publisher":{"@id":"https:\/\/tiketi.com\/#organization"},"potentialAction":[{"@type":"SearchAction","target":{"@type":"EntryPoint","urlTemplate":"https:\/\/tiketi.com\/?s={search_term_string}"},"query-input":{"@type":"PropertyValueSpecification","valueRequired":true,"valueName":"search_term_string"}}],"inLanguage":"fr-FR"},{"@type":"Organization","@id":"https:\/\/tiketi.com\/#organization","name":"Tiketi.com","alternateName":"Tiketi","url":"https:\/\/tiketi.com\/","logo":{"@type":"ImageObject","inLanguage":"fr-FR","@id":"https:\/\/tiketi.com\/#\/schema\/logo\/image\/","url":"https:\/\/tiketi.com\/wp-content\/uploads\/2019\/05\/tiketi-logo-696.png","contentUrl":"https:\/\/tiketi.com\/wp-content\/uploads\/2019\/05\/tiketi-logo-696.png","width":696,"height":696,"caption":"Tiketi.com"},"image":{"@id":"https:\/\/tiketi.com\/#\/schema\/logo\/image\/"},"sameAs":["https:\/\/www.facebook.com\/TiketiCom\/"]}]}},"_links":{"self":[{"href":"https:\/\/tiketi.com\/fr-fr\/wp-json\/wp\/v2\/pages\/11082","targetHints":{"allow":["GET"]}}],"collection":[{"href":"https:\/\/tiketi.com\/fr-fr\/wp-json\/wp\/v2\/pages"}],"about":[{"href":"https:\/\/tiketi.com\/fr-fr\/wp-json\/wp\/v2\/types\/page"}],"author":[{"embeddable":true,"href":"https:\/\/tiketi.com\/fr-fr\/wp-json\/wp\/v2\/users\/1"}],"replies":[{"embeddable":true,"href":"https:\/\/tiketi.com\/fr-fr\/wp-json\/wp\/v2\/comments?post=11082"}],"version-history":[{"count":0,"href":"https:\/\/tiketi.com\/fr-fr\/wp-json\/wp\/v2\/pages\/11082\/revisions"}],"wp:featuredmedia":[{"embeddable":true,"href":"https:\/\/tiketi.com\/fr-fr\/wp-json\/wp\/v2\/media\/14041"}],"wp:attachment":[{"href":"https:\/\/tiketi.com\/fr-fr\/wp-json\/wp\/v2\/media?parent=11082"}],"curies":[{"name":"wp","href":"https:\/\/api.w.org\/{rel}","templated":true}]}}