{"id":11083,"date":"2022-01-19T12:54:11","date_gmt":"2022-01-19T11:54:11","guid":{"rendered":"https:\/\/new.tiketi.com\/air-excel-online-booking-cheap-flights\/"},"modified":"2022-01-26T15:49:23","modified_gmt":"2022-01-26T14:49:23","slug":"air-excel-online-flight-booking","status":"publish","type":"page","link":"https:\/\/tiketi.com\/fr-fr\/air-excel-online-flight-booking\/","title":{"rendered":"Air Excel Tanzanie R\u00e9servation en ligne \u2013 Vols pas chers"},"content":{"rendered":"<h2>R\u00e9servation de billets d&#039;avion Air Excel pas chers Tanzanie, Afrique de l&#039;Est<\/h2>\n<h3>D\u00e9couvrez votre itin\u00e9raire de voyage sur le web, le mobile ou l&#039;application et r\u00e9servez des billets d&#039;avion Air Excel pas chers en ligne d\u00e8s maintenant.<\/h3>\n<p>Recherchez, comparez et faites des r\u00e9servations en ligne Air Excel Tanzanie pas ch\u00e8res, Afrique de l&#039;Est. Air Excel est une compagnie a\u00e9rienne tanzanienne, bas\u00e9e \u00e0 Arusha, en Tanzanie. La compagnie a\u00e9rienne a \u00e9t\u00e9 fond\u00e9e en 1887, en tant que compagnie a\u00e9rienne unique et s&#039;est aujourd&#039;hui \u00e9tendue \u00e0 une flotte de neuf avions, dont la plus grande partie sont des Cessna 208B. Faites une r\u00e9servation de vol Air Excel pas cher en ligne maintenant et \u00e9conomisez du temps et de l&#039;argent. Les compagnies a\u00e9riennes de r\u00e9servation Air Excel sont sp\u00e9cialis\u00e9es dans les services d&#039;affr\u00e8tement a\u00e9rien priv\u00e9 en Afrique de l&#039;Est et en Tanzanie.<\/p>\n<h2>FAQ sur la r\u00e9servation en ligne Air Excel Tanzanie<\/h2>\n<h3>Air Excel r\u00e9servation en ligne destinations populaires<\/h3>\n<p>La compagnie a\u00e9rienne propose \u00e9galement des services r\u00e9guliers entre des destinations populaires, telles que la plaine de savane de Kopje Strewn du Serengeti, et les charmantes mers turquoises et plages de sable de Zanzibar. Les billets d&#039;avion Air Excel Tanzanie r\u00e9servant des itin\u00e9raires r\u00e9guliers comprennent le transfert depuis\/vers Arusha, vers le circuit des parcs du Nord (Serengeti, Tarangire, Manyara), ainsi que depuis\/vers les grands a\u00e9roports internationaux de Dar es Salaam et du Kilimandjaro.<\/p>\n<h3>Franchise de bagages<\/h3>\n<p><strong>Bagage enregistr\u00e9<\/strong><\/p>\n<p>\u2022 Sacs \u00e0 coque souple uniquement. Poids maximum 30 lb - rejeter les roues si c&#039;est facile<br \/>\n\u2022 Une pi\u00e8ce par personne<br \/>\n\u2022 La taille maximale des bagages est de hauteur 25 cm x largeur 30 cm x longueur 63 cm.<br \/>\n\u2022 Exc\u00e9dent de bagages juste enregistr\u00e9 s&#039;il y a une capacit\u00e9 et factur\u00e9 \u00e0 $3utilis\u00e9 par kg.<\/p>\n<h3>Enregistrement<\/h3>\n<p>\u2022   Rapide et facile<br \/>\n\u2022 \u00c0 l&#039;a\u00e9roport\/la piste d&#039;atterrissage<br \/>\n\u2022 Doit \u00eatre fait au moins 45 minutes avant le d\u00e9part<\/p>\n<h3>Informations sur la flotte<\/h3>\n<p>\u2022 7 x Cessna 208B - la Grande Caravane<br \/>\n\u2022 Un treize places et incroyable pour voler dans et hors de petites pistes d&#039;atterrissage avec une charge lourde.<br \/>\n\u2022 1 x Cessna 406 \u2013 la Caravane,<br \/>\n\u2022 Un rapide douze places id\u00e9al pour les vols longue distance<br \/>\n\u2022 1x LET 410<br \/>\n\u2022 Le plus gros avion de la flotte. Si\u00e8ges 17-19 passagers avec la cabine la plus parfaite de sa cat\u00e9gorie.<\/p>\n<h2>Conseils de r\u00e9servation de billets d&#039;avion Air Excel<\/h2>\n<h3>A\u00e9roport d&#039;Arusha<\/h3>\n<p>L&#039;a\u00e9roport d&#039;Arusha est l&#039;a\u00e9roport qui dessert la Tanzanie. En 2015, il a desservi plus de 141 000 passagers, mais dans le pass\u00e9, il en a desservi pr\u00e8s de 190 000. Il est actuellement desservi par six compagnies a\u00e9riennes, Coastal Aviation, Salaam Air, Auric Air, Tropical Air, Precision Air et Zan Air.<\/p>","protected":false},"excerpt":{"rendered":"<p>Cheap Air Excel Flight Tickets Booking Tanzania, East Africa Discover your travel route on web, mobile or app and book cheap\u00a0Air Excel\u00a0flight tickets online now. Search, compare and do cheap Air Excel Tanzania online booking, East Africa. Air Excel is a Tanzanian airline, based in Arusha, Tanzania. The airline was founded in 1887, primary as [&hellip;]<\/p>\n","protected":false},"author":1,"featured_media":14041,"parent":0,"menu_order":0,"comment_status":"open","ping_status":"closed","template":"template-home-modern.php","meta":{"footnotes":""},"class_list":["post-11083","page","type-page","status-publish","has-post-thumbnail","hentry"],"yoast_head":"<!-- This site is optimized with the Yoast SEO plugin v27.3 - https:\/\/yoast.com\/product\/yoast-seo-wordpress\/ -->\n<title>Air Excel Tanzania Online Booking - Cheap Flights<\/title>\n<meta name=\"description\" content=\"Looking for Air Excel Tanzania online booking, app, fare, or timetable? Book cheap Air Excel flight tickets online now\" \/>\n<meta name=\"robots\" content=\"index, follow, max-snippet:-1, max-image-preview:large, max-video-preview:-1\" \/>\n<link rel=\"canonical\" href=\"https:\/\/tiketi.com\/fr-fr\/air-excel-online-flight-booking\/\" \/>\n<meta property=\"og:locale\" content=\"fr_FR\" \/>\n<meta property=\"og:type\" content=\"article\" \/>\n<meta property=\"og:title\" content=\"Air Excel Tanzania Online Booking - Cheap Flights\" \/>\n<meta property=\"og:description\" content=\"Looking for Air Excel Tanzania online booking, app, fare, or timetable? Book cheap Air Excel flight tickets online now\" \/>\n<meta property=\"og:url\" content=\"https:\/\/tiketi.com\/fr-fr\/air-excel-online-flight-booking\/\" \/>\n<meta property=\"og:site_name\" content=\"Tiketi.com\" \/>\n<meta property=\"article:publisher\" content=\"https:\/\/www.facebook.com\/TiketiCom\/\" \/>\n<meta property=\"article:modified_time\" content=\"2022-01-26T14:49:23+00:00\" \/>\n<meta property=\"og:image\" content=\"https:\/\/tiketi.com\/wp-content\/uploads\/2022\/01\/flight-ticket-booking-sorasak-KxCJXXGsv9I-unsplas.jpg\" \/>\n\t<meta property=\"og:image:width\" content=\"1200\" \/>\n\t<meta property=\"og:image:height\" content=\"240\" \/>\n\t<meta property=\"og:image:type\" content=\"image\/jpeg\" \/>\n<meta name=\"twitter:card\" content=\"summary_large_image\" \/>\n<meta name=\"twitter:label1\" content=\"Dur\u00e9e de lecture estim\u00e9e\" \/>\n\t<meta name=\"twitter:data1\" content=\"2 minutes\" \/>\n<script type=\"application\/ld+json\" class=\"yoast-schema-graph\">{\"@context\":\"https:\\\/\\\/schema.org\",\"@graph\":[{\"@type\":\"WebPage\",\"@id\":\"https:\\\/\\\/tiketi.com\\\/air-excel-online-flight-booking\\\/\",\"url\":\"https:\\\/\\\/tiketi.com\\\/air-excel-online-flight-booking\\\/\",\"name\":\"Air Excel Tanzania Online Booking - Cheap Flights\",\"isPartOf\":{\"@id\":\"https:\\\/\\\/tiketi.com\\\/#website\"},\"primaryImageOfPage\":{\"@id\":\"https:\\\/\\\/tiketi.com\\\/air-excel-online-flight-booking\\\/#primaryimage\"},\"image\":{\"@id\":\"https:\\\/\\\/tiketi.com\\\/air-excel-online-flight-booking\\\/#primaryimage\"},\"thumbnailUrl\":\"https:\\\/\\\/tiketi.com\\\/wp-content\\\/uploads\\\/2022\\\/01\\\/flight-ticket-booking-sorasak-KxCJXXGsv9I-unsplas.jpg\",\"datePublished\":\"2022-01-19T11:54:11+00:00\",\"dateModified\":\"2022-01-26T14:49:23+00:00\",\"description\":\"Looking for Air Excel Tanzania online booking, app, fare, or timetable? Book cheap Air Excel flight tickets online now\",\"breadcrumb\":{\"@id\":\"https:\\\/\\\/tiketi.com\\\/air-excel-online-flight-booking\\\/#breadcrumb\"},\"inLanguage\":\"fr-FR\",\"potentialAction\":[{\"@type\":\"ReadAction\",\"target\":[\"https:\\\/\\\/tiketi.com\\\/air-excel-online-flight-booking\\\/\"]}]},{\"@type\":\"ImageObject\",\"inLanguage\":\"fr-FR\",\"@id\":\"https:\\\/\\\/tiketi.com\\\/air-excel-online-flight-booking\\\/#primaryimage\",\"url\":\"https:\\\/\\\/tiketi.com\\\/wp-content\\\/uploads\\\/2022\\\/01\\\/flight-ticket-booking-sorasak-KxCJXXGsv9I-unsplas.jpg\",\"contentUrl\":\"https:\\\/\\\/tiketi.com\\\/wp-content\\\/uploads\\\/2022\\\/01\\\/flight-ticket-booking-sorasak-KxCJXXGsv9I-unsplas.jpg\",\"width\":1200,\"height\":240,\"caption\":\"Online flight ticket booking\"},{\"@type\":\"BreadcrumbList\",\"@id\":\"https:\\\/\\\/tiketi.com\\\/air-excel-online-flight-booking\\\/#breadcrumb\",\"itemListElement\":[{\"@type\":\"ListItem\",\"position\":1,\"name\":\"Home\",\"item\":\"https:\\\/\\\/tiketi.com\\\/\"},{\"@type\":\"ListItem\",\"position\":2,\"name\":\"Air Excel Tanzania Online Booking &#8211; Cheap Flights\"}]},{\"@type\":\"WebSite\",\"@id\":\"https:\\\/\\\/tiketi.com\\\/#website\",\"url\":\"https:\\\/\\\/tiketi.com\\\/\",\"name\":\"Flight & Bus Tickets, Tour Packages & Activitites - Tiketi.com\",\"description\":\"Flight &amp; Bus Tickets, Tours, Activitites\",\"publisher\":{\"@id\":\"https:\\\/\\\/tiketi.com\\\/#organization\"},\"potentialAction\":[{\"@type\":\"SearchAction\",\"target\":{\"@type\":\"EntryPoint\",\"urlTemplate\":\"https:\\\/\\\/tiketi.com\\\/?s={search_term_string}\"},\"query-input\":{\"@type\":\"PropertyValueSpecification\",\"valueRequired\":true,\"valueName\":\"search_term_string\"}}],\"inLanguage\":\"fr-FR\"},{\"@type\":\"Organization\",\"@id\":\"https:\\\/\\\/tiketi.com\\\/#organization\",\"name\":\"Tiketi.com\",\"alternateName\":\"Tiketi\",\"url\":\"https:\\\/\\\/tiketi.com\\\/\",\"logo\":{\"@type\":\"ImageObject\",\"inLanguage\":\"fr-FR\",\"@id\":\"https:\\\/\\\/tiketi.com\\\/#\\\/schema\\\/logo\\\/image\\\/\",\"url\":\"https:\\\/\\\/tiketi.com\\\/wp-content\\\/uploads\\\/2019\\\/05\\\/tiketi-logo-696.png\",\"contentUrl\":\"https:\\\/\\\/tiketi.com\\\/wp-content\\\/uploads\\\/2019\\\/05\\\/tiketi-logo-696.png\",\"width\":696,\"height\":696,\"caption\":\"Tiketi.com\"},\"image\":{\"@id\":\"https:\\\/\\\/tiketi.com\\\/#\\\/schema\\\/logo\\\/image\\\/\"},\"sameAs\":[\"https:\\\/\\\/www.facebook.com\\\/TiketiCom\\\/\"]}]}<\/script>\n<!-- \/ Yoast SEO plugin. -->","yoast_head_json":{"title":"Air Excel Tanzanie R\u00e9servation en ligne - Vols pas chers","description":"Vous recherchez une r\u00e9servation en ligne, une application, un tarif ou un horaire pour Air Excel Tanzanie ? R\u00e9servez des billets d&#039;avion Air Excel pas chers en ligne d\u00e8s maintenant","robots":{"index":"index","follow":"follow","max-snippet":"max-snippet:-1","max-image-preview":"max-image-preview:large","max-video-preview":"max-video-preview:-1"},"canonical":"https:\/\/tiketi.com\/fr-fr\/air-excel-online-flight-booking\/","og_locale":"fr_FR","og_type":"article","og_title":"Air Excel Tanzania Online Booking - Cheap Flights","og_description":"Looking for Air Excel Tanzania online booking, app, fare, or timetable? Book cheap Air Excel flight tickets online now","og_url":"https:\/\/tiketi.com\/fr-fr\/air-excel-online-flight-booking\/","og_site_name":"Tiketi.com","article_publisher":"https:\/\/www.facebook.com\/TiketiCom\/","article_modified_time":"2022-01-26T14:49:23+00:00","og_image":[{"width":1200,"height":240,"url":"https:\/\/tiketi.com\/wp-content\/uploads\/2022\/01\/flight-ticket-booking-sorasak-KxCJXXGsv9I-unsplas.jpg","type":"image\/jpeg"}],"twitter_card":"summary_large_image","twitter_misc":{"Dur\u00e9e de lecture estim\u00e9e":"2 minutes"},"schema":{"@context":"https:\/\/schema.org","@graph":[{"@type":"WebPage","@id":"https:\/\/tiketi.com\/air-excel-online-flight-booking\/","url":"https:\/\/tiketi.com\/air-excel-online-flight-booking\/","name":"Air Excel Tanzanie R\u00e9servation en ligne - Vols pas chers","isPartOf":{"@id":"https:\/\/tiketi.com\/#website"},"primaryImageOfPage":{"@id":"https:\/\/tiketi.com\/air-excel-online-flight-booking\/#primaryimage"},"image":{"@id":"https:\/\/tiketi.com\/air-excel-online-flight-booking\/#primaryimage"},"thumbnailUrl":"https:\/\/tiketi.com\/wp-content\/uploads\/2022\/01\/flight-ticket-booking-sorasak-KxCJXXGsv9I-unsplas.jpg","datePublished":"2022-01-19T11:54:11+00:00","dateModified":"2022-01-26T14:49:23+00:00","description":"Vous recherchez une r\u00e9servation en ligne, une application, un tarif ou un horaire pour Air Excel Tanzanie ? R\u00e9servez des billets d&#039;avion Air Excel pas chers en ligne d\u00e8s maintenant","breadcrumb":{"@id":"https:\/\/tiketi.com\/air-excel-online-flight-booking\/#breadcrumb"},"inLanguage":"fr-FR","potentialAction":[{"@type":"ReadAction","target":["https:\/\/tiketi.com\/air-excel-online-flight-booking\/"]}]},{"@type":"ImageObject","inLanguage":"fr-FR","@id":"https:\/\/tiketi.com\/air-excel-online-flight-booking\/#primaryimage","url":"https:\/\/tiketi.com\/wp-content\/uploads\/2022\/01\/flight-ticket-booking-sorasak-KxCJXXGsv9I-unsplas.jpg","contentUrl":"https:\/\/tiketi.com\/wp-content\/uploads\/2022\/01\/flight-ticket-booking-sorasak-KxCJXXGsv9I-unsplas.jpg","width":1200,"height":240,"caption":"Online flight ticket booking"},{"@type":"BreadcrumbList","@id":"https:\/\/tiketi.com\/air-excel-online-flight-booking\/#breadcrumb","itemListElement":[{"@type":"ListItem","position":1,"name":"Home","item":"https:\/\/tiketi.com\/"},{"@type":"ListItem","position":2,"name":"Air Excel Tanzania Online Booking &#8211; Cheap Flights"}]},{"@type":"WebSite","@id":"https:\/\/tiketi.com\/#website","url":"https:\/\/tiketi.com\/","name":"Billets d&#039;avion et de bus, forfaits touristiques et activit\u00e9s - Tiketi.com","description":"Billets d&#039;avion et de bus, Tours, Activit\u00e9s","publisher":{"@id":"https:\/\/tiketi.com\/#organization"},"potentialAction":[{"@type":"SearchAction","target":{"@type":"EntryPoint","urlTemplate":"https:\/\/tiketi.com\/?s={search_term_string}"},"query-input":{"@type":"PropertyValueSpecification","valueRequired":true,"valueName":"search_term_string"}}],"inLanguage":"fr-FR"},{"@type":"Organization","@id":"https:\/\/tiketi.com\/#organization","name":"Tiketi.com","alternateName":"Tiketi","url":"https:\/\/tiketi.com\/","logo":{"@type":"ImageObject","inLanguage":"fr-FR","@id":"https:\/\/tiketi.com\/#\/schema\/logo\/image\/","url":"https:\/\/tiketi.com\/wp-content\/uploads\/2019\/05\/tiketi-logo-696.png","contentUrl":"https:\/\/tiketi.com\/wp-content\/uploads\/2019\/05\/tiketi-logo-696.png","width":696,"height":696,"caption":"Tiketi.com"},"image":{"@id":"https:\/\/tiketi.com\/#\/schema\/logo\/image\/"},"sameAs":["https:\/\/www.facebook.com\/TiketiCom\/"]}]}},"_links":{"self":[{"href":"https:\/\/tiketi.com\/fr-fr\/wp-json\/wp\/v2\/pages\/11083","targetHints":{"allow":["GET"]}}],"collection":[{"href":"https:\/\/tiketi.com\/fr-fr\/wp-json\/wp\/v2\/pages"}],"about":[{"href":"https:\/\/tiketi.com\/fr-fr\/wp-json\/wp\/v2\/types\/page"}],"author":[{"embeddable":true,"href":"https:\/\/tiketi.com\/fr-fr\/wp-json\/wp\/v2\/users\/1"}],"replies":[{"embeddable":true,"href":"https:\/\/tiketi.com\/fr-fr\/wp-json\/wp\/v2\/comments?post=11083"}],"version-history":[{"count":0,"href":"https:\/\/tiketi.com\/fr-fr\/wp-json\/wp\/v2\/pages\/11083\/revisions"}],"wp:featuredmedia":[{"embeddable":true,"href":"https:\/\/tiketi.com\/fr-fr\/wp-json\/wp\/v2\/media\/14041"}],"wp:attachment":[{"href":"https:\/\/tiketi.com\/fr-fr\/wp-json\/wp\/v2\/media?parent=11083"}],"curies":[{"name":"wp","href":"https:\/\/api.w.org\/{rel}","templated":true}]}}