{"id":11084,"date":"2022-01-19T12:54:11","date_gmt":"2022-01-19T11:54:11","guid":{"rendered":"https:\/\/new.tiketi.com\/aerolink-online-booking-cheap-flights\/"},"modified":"2022-01-26T15:27:48","modified_gmt":"2022-01-26T14:27:48","slug":"aerolink-online-flight-booking","status":"publish","type":"page","link":"https:\/\/tiketi.com\/fr-fr\/aerolink-online-flight-booking\/","title":{"rendered":"Aerolink Ouganda R\u00e9servation en ligne \u2013 Vols pas chers"},"content":{"rendered":"<h2>R\u00e9servation de vol AeroLink Ouganda, Afrique de l&#039;Est<\/h2>\n<h3>D\u00e9couvrez votre itin\u00e9raire de voyage sur le Web, le mobile ou l&#039;application et r\u00e9servez des billets d&#039;avion AeroLink pas chers en ligne d\u00e8s maintenant.<\/h3>\n<p>Recherchez, comparez et effectuez des r\u00e9servations en ligne AeroLink Uganda bon march\u00e9 en Ouganda, Afrique de l&#039;Est. Aerolink Uganda limit est une compagnie a\u00e9rienne locale qui propose des vols r\u00e9guliers et des vols charters vers les parcs nationaux ougandais. Faites une r\u00e9servation de vol AeroLink pas cher en ligne d\u00e8s maintenant et \u00e9conomisez du temps et de l&#039;argent.<\/p>\n<p>La compagnie a\u00e9rienne propose des vols quotidiens dans le parc national Queen Elizabeth (pistes d&#039;atterrissage de Mweya et Kasese), les chutes de Murchison (pistes d&#039;atterrissage de Chobe, Pakuba et Bungungu), la for\u00eat imp\u00e9n\u00e9trable de Bwindi, le parc national de Kidepo Valley et le parc national de Semuluki et depuis sa base \u00e0 l&#039;a\u00e9roport international d&#039;Entebbe. .<\/p>\n<h2>FAQ sur la r\u00e9servation en ligne AeroLink Ouganda<\/h2>\n<p>Les vols sont remplis de cockpits en verre transparent, permettant aux passagers d&#039;offrir un vol avec le bord des pilotes, ajoutant un \u00e9l\u00e9ment de confort et d&#039;aventure. Depuis Entrebbe, les vols durent environ 1 heure et 15 minutes jusqu&#039;\u00e0 chaque lieu, garantissant ainsi que les passagers arrivent chez eux en se sentant \u00e9nergis\u00e9s et rafra\u00eechis pour affronter la nature sauvage. Les visiteurs peuvent d\u00e9couvrir l&#039;aventure du rafting en eau vive et s&#039;approcher des gorilles.<\/p>\n<h3>AeroLink Ouganda destinations populaires<\/h3>\n<p>Cette compagnie a\u00e9rienne dessert de nombreux endroits nationaux en Ouganda\u00a0:<\/p>\n<p>\u2022 Parc national des chutes de Murchison<br \/>\n\u2022 Parc national de Kideopo<br \/>\n\u2022 Parc national de Semulki<br \/>\n\u2022 Entebbe<br \/>\n\u2022 Parc national Reine Elizabeth<br \/>\n\u2022 Parc national de Biwindi<br \/>\n\u2022 Parc national de Mgahinga<\/p>\n<h3>Franchise de bagages<\/h3>\n<p>\u2022 15\u00a0kg maximum pour tous les bagages, y compris les bagages \u00e0 main et les appareils photo<br \/>\n\u2022 Un sac souple est pr\u00e9f\u00e9rable<br \/>\n\u2022 L&#039;exc\u00e9dent de bagages est factur\u00e9 3 US par kilogramme.<\/p>\n<h3>Enregistrement<\/h3>\n<p>\u2022 Quatre-vingt-dix minutes avant l&#039;heure de d\u00e9part, les passagers arrivent \u00e0 l&#039;a\u00e9roport deux heures \u00e0 l&#039;avance pour vous assurer d&#039;avoir suffisamment de temps pour vous enregistrer.<br \/>\n\u2022 Les comptoirs d&#039;enregistrement ferment trente minutes avant l&#039;heure de d\u00e9part pr\u00e9vue.<\/p>\n<h3>Informations sur la flotte<\/h3>\n<p>Aerolink utilise des avions Cessna Grand Caravans. Ceux-ci procurent excitation et confort car les passagers sont capables de voler avec les pilotes gr\u00e2ce aux cockpits en verre transparent.<\/p>\n<h2>Conseils de r\u00e9servation de vol Aerolink<\/h2>\n<p>Une information important<\/p>\n<p>Qu&#039;il ait un impact direct sur les horaires des vols en Afrique de l&#039;Est principalement pendant les saisons o\u00f9 les orages localis\u00e9s sont bien connus. Les vols vers Kisoro, en Ouganda, sont g\u00e9n\u00e9ralement affect\u00e9s par ces orages.<\/p>","protected":false},"excerpt":{"rendered":"<p>AeroLink Flight Booking Uganda, East Africa Discover your travel route on web, mobile or app and book cheap AeroLink flights tickets online now. Search, compare and do cheap AeroLink Uganda online booking in Uganda, East Africa. Aerolink Uganda limit is a local airline providing both schedule and charter flights into Uganda national parks. Do cheap [&hellip;]<\/p>\n","protected":false},"author":1,"featured_media":14041,"parent":0,"menu_order":0,"comment_status":"open","ping_status":"closed","template":"template-home-modern.php","meta":{"footnotes":""},"class_list":["post-11084","page","type-page","status-publish","has-post-thumbnail","hentry"],"yoast_head":"<!-- This site is optimized with the Yoast SEO plugin v27.3 - https:\/\/yoast.com\/product\/yoast-seo-wordpress\/ -->\n<title>Aerolink Uganda Online Booking - Cheap Flights<\/title>\n<meta name=\"description\" content=\"Looking for AeroLink Uganda online booking,\u00a0East Africa, app, fare, timetable? Book cheap AeroLink Uganda flight tickets online now\" \/>\n<meta name=\"robots\" content=\"index, follow, max-snippet:-1, max-image-preview:large, max-video-preview:-1\" \/>\n<link rel=\"canonical\" href=\"https:\/\/tiketi.com\/fr-fr\/aerolink-online-flight-booking\/\" \/>\n<meta property=\"og:locale\" content=\"fr_FR\" \/>\n<meta property=\"og:type\" content=\"article\" \/>\n<meta property=\"og:title\" content=\"Aerolink Uganda Online Booking - Cheap Flights\" \/>\n<meta property=\"og:description\" content=\"Looking for AeroLink Uganda online booking,\u00a0East Africa, app, fare, timetable? Book cheap AeroLink Uganda flight tickets online now\" \/>\n<meta property=\"og:url\" content=\"https:\/\/tiketi.com\/fr-fr\/aerolink-online-flight-booking\/\" \/>\n<meta property=\"og:site_name\" content=\"Tiketi.com\" \/>\n<meta property=\"article:publisher\" content=\"https:\/\/www.facebook.com\/TiketiCom\/\" \/>\n<meta property=\"article:modified_time\" content=\"2022-01-26T14:27:48+00:00\" \/>\n<meta property=\"og:image\" content=\"https:\/\/tiketi.com\/wp-content\/uploads\/2022\/01\/flight-ticket-booking-sorasak-KxCJXXGsv9I-unsplas.jpg\" \/>\n\t<meta property=\"og:image:width\" content=\"1200\" \/>\n\t<meta property=\"og:image:height\" content=\"240\" \/>\n\t<meta property=\"og:image:type\" content=\"image\/jpeg\" \/>\n<meta name=\"twitter:card\" content=\"summary_large_image\" \/>\n<meta name=\"twitter:label1\" content=\"Dur\u00e9e de lecture estim\u00e9e\" \/>\n\t<meta name=\"twitter:data1\" content=\"2 minutes\" \/>\n<script type=\"application\/ld+json\" class=\"yoast-schema-graph\">{\"@context\":\"https:\\\/\\\/schema.org\",\"@graph\":[{\"@type\":\"WebPage\",\"@id\":\"https:\\\/\\\/tiketi.com\\\/aerolink-online-flight-booking\\\/\",\"url\":\"https:\\\/\\\/tiketi.com\\\/aerolink-online-flight-booking\\\/\",\"name\":\"Aerolink Uganda Online Booking - Cheap Flights\",\"isPartOf\":{\"@id\":\"https:\\\/\\\/tiketi.com\\\/#website\"},\"primaryImageOfPage\":{\"@id\":\"https:\\\/\\\/tiketi.com\\\/aerolink-online-flight-booking\\\/#primaryimage\"},\"image\":{\"@id\":\"https:\\\/\\\/tiketi.com\\\/aerolink-online-flight-booking\\\/#primaryimage\"},\"thumbnailUrl\":\"https:\\\/\\\/tiketi.com\\\/wp-content\\\/uploads\\\/2022\\\/01\\\/flight-ticket-booking-sorasak-KxCJXXGsv9I-unsplas.jpg\",\"datePublished\":\"2022-01-19T11:54:11+00:00\",\"dateModified\":\"2022-01-26T14:27:48+00:00\",\"description\":\"Looking for AeroLink Uganda online booking,\u00a0East Africa, app, fare, timetable? Book cheap AeroLink Uganda flight tickets online now\",\"breadcrumb\":{\"@id\":\"https:\\\/\\\/tiketi.com\\\/aerolink-online-flight-booking\\\/#breadcrumb\"},\"inLanguage\":\"fr-FR\",\"potentialAction\":[{\"@type\":\"ReadAction\",\"target\":[\"https:\\\/\\\/tiketi.com\\\/aerolink-online-flight-booking\\\/\"]}]},{\"@type\":\"ImageObject\",\"inLanguage\":\"fr-FR\",\"@id\":\"https:\\\/\\\/tiketi.com\\\/aerolink-online-flight-booking\\\/#primaryimage\",\"url\":\"https:\\\/\\\/tiketi.com\\\/wp-content\\\/uploads\\\/2022\\\/01\\\/flight-ticket-booking-sorasak-KxCJXXGsv9I-unsplas.jpg\",\"contentUrl\":\"https:\\\/\\\/tiketi.com\\\/wp-content\\\/uploads\\\/2022\\\/01\\\/flight-ticket-booking-sorasak-KxCJXXGsv9I-unsplas.jpg\",\"width\":1200,\"height\":240,\"caption\":\"Online flight ticket booking\"},{\"@type\":\"BreadcrumbList\",\"@id\":\"https:\\\/\\\/tiketi.com\\\/aerolink-online-flight-booking\\\/#breadcrumb\",\"itemListElement\":[{\"@type\":\"ListItem\",\"position\":1,\"name\":\"Home\",\"item\":\"https:\\\/\\\/tiketi.com\\\/\"},{\"@type\":\"ListItem\",\"position\":2,\"name\":\"Aerolink Uganda Online Booking &#8211; Cheap Flights\"}]},{\"@type\":\"WebSite\",\"@id\":\"https:\\\/\\\/tiketi.com\\\/#website\",\"url\":\"https:\\\/\\\/tiketi.com\\\/\",\"name\":\"Flight & Bus Tickets, Tour Packages & Activitites - Tiketi.com\",\"description\":\"Flight &amp; Bus Tickets, Tours, Activitites\",\"publisher\":{\"@id\":\"https:\\\/\\\/tiketi.com\\\/#organization\"},\"potentialAction\":[{\"@type\":\"SearchAction\",\"target\":{\"@type\":\"EntryPoint\",\"urlTemplate\":\"https:\\\/\\\/tiketi.com\\\/?s={search_term_string}\"},\"query-input\":{\"@type\":\"PropertyValueSpecification\",\"valueRequired\":true,\"valueName\":\"search_term_string\"}}],\"inLanguage\":\"fr-FR\"},{\"@type\":\"Organization\",\"@id\":\"https:\\\/\\\/tiketi.com\\\/#organization\",\"name\":\"Tiketi.com\",\"alternateName\":\"Tiketi\",\"url\":\"https:\\\/\\\/tiketi.com\\\/\",\"logo\":{\"@type\":\"ImageObject\",\"inLanguage\":\"fr-FR\",\"@id\":\"https:\\\/\\\/tiketi.com\\\/#\\\/schema\\\/logo\\\/image\\\/\",\"url\":\"https:\\\/\\\/tiketi.com\\\/wp-content\\\/uploads\\\/2019\\\/05\\\/tiketi-logo-696.png\",\"contentUrl\":\"https:\\\/\\\/tiketi.com\\\/wp-content\\\/uploads\\\/2019\\\/05\\\/tiketi-logo-696.png\",\"width\":696,\"height\":696,\"caption\":\"Tiketi.com\"},\"image\":{\"@id\":\"https:\\\/\\\/tiketi.com\\\/#\\\/schema\\\/logo\\\/image\\\/\"},\"sameAs\":[\"https:\\\/\\\/www.facebook.com\\\/TiketiCom\\\/\"]}]}<\/script>\n<!-- \/ Yoast SEO plugin. -->","yoast_head_json":{"title":"Aerolink Ouganda R\u00e9servation en ligne - Vols pas chers","description":"Vous recherchez une r\u00e9servation en ligne AeroLink Ouganda, l&#039;Afrique de l&#039;Est, une application, un tarif, un horaire\u00a0? R\u00e9servez des billets d&#039;avion AeroLink Ouganda pas chers en ligne d\u00e8s maintenant","robots":{"index":"index","follow":"follow","max-snippet":"max-snippet:-1","max-image-preview":"max-image-preview:large","max-video-preview":"max-video-preview:-1"},"canonical":"https:\/\/tiketi.com\/fr-fr\/aerolink-online-flight-booking\/","og_locale":"fr_FR","og_type":"article","og_title":"Aerolink Uganda Online Booking - Cheap Flights","og_description":"Looking for AeroLink Uganda online booking,\u00a0East Africa, app, fare, timetable? Book cheap AeroLink Uganda flight tickets online now","og_url":"https:\/\/tiketi.com\/fr-fr\/aerolink-online-flight-booking\/","og_site_name":"Tiketi.com","article_publisher":"https:\/\/www.facebook.com\/TiketiCom\/","article_modified_time":"2022-01-26T14:27:48+00:00","og_image":[{"width":1200,"height":240,"url":"https:\/\/tiketi.com\/wp-content\/uploads\/2022\/01\/flight-ticket-booking-sorasak-KxCJXXGsv9I-unsplas.jpg","type":"image\/jpeg"}],"twitter_card":"summary_large_image","twitter_misc":{"Dur\u00e9e de lecture estim\u00e9e":"2 minutes"},"schema":{"@context":"https:\/\/schema.org","@graph":[{"@type":"WebPage","@id":"https:\/\/tiketi.com\/aerolink-online-flight-booking\/","url":"https:\/\/tiketi.com\/aerolink-online-flight-booking\/","name":"Aerolink Ouganda R\u00e9servation en ligne - Vols pas chers","isPartOf":{"@id":"https:\/\/tiketi.com\/#website"},"primaryImageOfPage":{"@id":"https:\/\/tiketi.com\/aerolink-online-flight-booking\/#primaryimage"},"image":{"@id":"https:\/\/tiketi.com\/aerolink-online-flight-booking\/#primaryimage"},"thumbnailUrl":"https:\/\/tiketi.com\/wp-content\/uploads\/2022\/01\/flight-ticket-booking-sorasak-KxCJXXGsv9I-unsplas.jpg","datePublished":"2022-01-19T11:54:11+00:00","dateModified":"2022-01-26T14:27:48+00:00","description":"Vous recherchez une r\u00e9servation en ligne AeroLink Ouganda, l&#039;Afrique de l&#039;Est, une application, un tarif, un horaire\u00a0? R\u00e9servez des billets d&#039;avion AeroLink Ouganda pas chers en ligne d\u00e8s maintenant","breadcrumb":{"@id":"https:\/\/tiketi.com\/aerolink-online-flight-booking\/#breadcrumb"},"inLanguage":"fr-FR","potentialAction":[{"@type":"ReadAction","target":["https:\/\/tiketi.com\/aerolink-online-flight-booking\/"]}]},{"@type":"ImageObject","inLanguage":"fr-FR","@id":"https:\/\/tiketi.com\/aerolink-online-flight-booking\/#primaryimage","url":"https:\/\/tiketi.com\/wp-content\/uploads\/2022\/01\/flight-ticket-booking-sorasak-KxCJXXGsv9I-unsplas.jpg","contentUrl":"https:\/\/tiketi.com\/wp-content\/uploads\/2022\/01\/flight-ticket-booking-sorasak-KxCJXXGsv9I-unsplas.jpg","width":1200,"height":240,"caption":"Online flight ticket booking"},{"@type":"BreadcrumbList","@id":"https:\/\/tiketi.com\/aerolink-online-flight-booking\/#breadcrumb","itemListElement":[{"@type":"ListItem","position":1,"name":"Home","item":"https:\/\/tiketi.com\/"},{"@type":"ListItem","position":2,"name":"Aerolink Uganda Online Booking &#8211; Cheap Flights"}]},{"@type":"WebSite","@id":"https:\/\/tiketi.com\/#website","url":"https:\/\/tiketi.com\/","name":"Billets d&#039;avion et de bus, forfaits touristiques et activit\u00e9s - Tiketi.com","description":"Billets d&#039;avion et de bus, Tours, Activit\u00e9s","publisher":{"@id":"https:\/\/tiketi.com\/#organization"},"potentialAction":[{"@type":"SearchAction","target":{"@type":"EntryPoint","urlTemplate":"https:\/\/tiketi.com\/?s={search_term_string}"},"query-input":{"@type":"PropertyValueSpecification","valueRequired":true,"valueName":"search_term_string"}}],"inLanguage":"fr-FR"},{"@type":"Organization","@id":"https:\/\/tiketi.com\/#organization","name":"Tiketi.com","alternateName":"Tiketi","url":"https:\/\/tiketi.com\/","logo":{"@type":"ImageObject","inLanguage":"fr-FR","@id":"https:\/\/tiketi.com\/#\/schema\/logo\/image\/","url":"https:\/\/tiketi.com\/wp-content\/uploads\/2019\/05\/tiketi-logo-696.png","contentUrl":"https:\/\/tiketi.com\/wp-content\/uploads\/2019\/05\/tiketi-logo-696.png","width":696,"height":696,"caption":"Tiketi.com"},"image":{"@id":"https:\/\/tiketi.com\/#\/schema\/logo\/image\/"},"sameAs":["https:\/\/www.facebook.com\/TiketiCom\/"]}]}},"_links":{"self":[{"href":"https:\/\/tiketi.com\/fr-fr\/wp-json\/wp\/v2\/pages\/11084","targetHints":{"allow":["GET"]}}],"collection":[{"href":"https:\/\/tiketi.com\/fr-fr\/wp-json\/wp\/v2\/pages"}],"about":[{"href":"https:\/\/tiketi.com\/fr-fr\/wp-json\/wp\/v2\/types\/page"}],"author":[{"embeddable":true,"href":"https:\/\/tiketi.com\/fr-fr\/wp-json\/wp\/v2\/users\/1"}],"replies":[{"embeddable":true,"href":"https:\/\/tiketi.com\/fr-fr\/wp-json\/wp\/v2\/comments?post=11084"}],"version-history":[{"count":0,"href":"https:\/\/tiketi.com\/fr-fr\/wp-json\/wp\/v2\/pages\/11084\/revisions"}],"wp:featuredmedia":[{"embeddable":true,"href":"https:\/\/tiketi.com\/fr-fr\/wp-json\/wp\/v2\/media\/14041"}],"wp:attachment":[{"href":"https:\/\/tiketi.com\/fr-fr\/wp-json\/wp\/v2\/media?parent=11084"}],"curies":[{"name":"wp","href":"https:\/\/api.w.org\/{rel}","templated":true}]}}