{"id":11085,"date":"2022-01-19T12:54:11","date_gmt":"2022-01-19T11:54:11","guid":{"rendered":"https:\/\/new.tiketi.com\/abyssinian-online-booking-cheap-flights\/"},"modified":"2022-01-26T14:05:17","modified_gmt":"2022-01-26T13:05:17","slug":"abyssinian-online-flight-booking","status":"publish","type":"page","link":"https:\/\/tiketi.com\/fr-fr\/abyssinian-online-flight-booking\/","title":{"rendered":"R\u00e9servez des services de vol pour l&#039;Abyssinie \u2013 Vols pas chers"},"content":{"rendered":"<h2>R\u00e9servation de vols pas chers pour l&#039;Abyssin en \u00c9thiopie, Afrique de l&#039;Est<\/h2>\n<h3>D\u00e9couvrez votre itin\u00e9raire de voyage sur le Web, votre mobile ou votre application et r\u00e9servez d\u00e8s maintenant en ligne des billets pas chers d&#039;Abyssinian Airlines.<\/h3>\n<p>Recherchez, comparez et r\u00e9servez en ligne des services de vol Abyssin bon march\u00e9 en \u00c9thiopie, Afrique de l&#039;Est. Le service de vol Abyssinia a \u00e9t\u00e9 lanc\u00e9 en 1999 en tant que premi\u00e8re soci\u00e9t\u00e9 d&#039;affr\u00e8tement a\u00e9rien certifi\u00e9 en \u00c9thiopie. Depuis lors, les entreprises ont fourni une gamme de services a\u00e9ronautiques aux particuliers, aux repr\u00e9sentants du gouvernement, aux dirigeants d\u2019entreprises et autres. L&#039;objectif est d&#039;offrir \u00e0 ses clients des niveaux incroyables de service client, de fiabilit\u00e9, de valeur et de gestion des risques. R\u00e9servez d\u00e8s maintenant en ligne des Abyssins bon march\u00e9 en \u00c9thiopie et \u00e9conomisez du temps et de l&#039;argent.<\/p>\n<h2>FAQ sur les services de vol en Abyssin<\/h2>\n<h3>Franchise de bagages de r\u00e9servation en ligne pour les Abyssins<\/h3>\n<p>Pour les vols charters, il n&#039;y a pas de restriction de bagages mais vos bagages doivent tenir \u00e0 bord car la plupart des avions sont de petits avions. Quoi qu\u2019il en soit, il est pr\u00e9f\u00e9rable de voyager l\u00e9ger car le poids compte dans les petits avions.<\/p>\n<h3>Informations sur la flotte<\/h3>\n<p>La flotte a\u00e9rienne comprend des avions Diamond et Cessna\u00a0:<\/p>\n<p>\u2022 Deux avions bimoteurs Diamond DA42<br \/>\n\u2022 Deux avions monomoteurs Diamond DA40<br \/>\n\u2022 Six Cessna 208\/208B<br \/>\n\u2022 Six avions monomoteurs Cessna 172<\/p>\n<p>Quatre des C208 sont bas\u00e9s \u00e0 Addis-Abeba, en \u00c9thiopie, et deux \u00e0 Juba, au Soudan du Sud. Les six avions C172 et 4 diamants sont utilis\u00e9s pour la formation \u00e0 l&#039;\u00e9cole de pilotage en Ethiopie, mais ils sont parfois utilis\u00e9s pour des vols charters ponctuels.<\/p>\n<h2>Conseils de r\u00e9servation en ligne pour l&#039;Abyssin<\/h2>\n<p>En 2006, l&#039;entreprise a cr\u00e9\u00e9 une acad\u00e9mie d&#039;aviation priv\u00e9e et des services d&#039;aviation g\u00e9n\u00e9rale en \u00c9thiopie en raison de son impact positif sur la promotion de la croissance \u00e9conomique et sociale du pays. L&#039;\u00e9cole de pilotage est unique en son genre dans le pays et propose une formation de pilote priv\u00e9 \u00e0 un prix abordable et orient\u00e9e vers le d\u00e9veloppement de l&#039;aviation commune. L&#039;entreprise est autoris\u00e9e \u00e0 fournir une licence de pilote priv\u00e9, une licence de pilote professionnel, une qualification multimoteur, une qualification d&#039;instructeur et une qualification aux instruments.<\/p>\n<p>La soci\u00e9t\u00e9 de r\u00e9servation en ligne Scenic Air offre un haut niveau de service pour chaque besoin d&#039;affr\u00e8tement d&#039;avion. Outre les vols charters pour le fret et les passagers, la soci\u00e9t\u00e9 propose \u00e9galement une large gamme de services de vol tels que des relev\u00e9s a\u00e9riens, des ambulances a\u00e9riennes, des photographies a\u00e9riennes, des tournages et des vols pour des organisations humanitaires telles que l&#039;UNHAS.<\/p>","protected":false},"excerpt":{"rendered":"<p>Cheap Abyssinian flight services booking in Ethiopia, East Africa Discover your travel route on web, mobile or app and book cheap Abyssinian airlines ticket online now. Search, compare and book cheap Abyssinian flight services online in Ethiopia, East Africa. Abyssinia flight service was released in 1999 as Ethiopia first Certified Air charter firm. Since then, [&hellip;]<\/p>\n","protected":false},"author":1,"featured_media":14041,"parent":0,"menu_order":0,"comment_status":"open","ping_status":"closed","template":"template-home-modern.php","meta":{"footnotes":""},"class_list":["post-11085","page","type-page","status-publish","has-post-thumbnail","hentry"],"yoast_head":"<!-- This site is optimized with the Yoast SEO plugin v27.3 - https:\/\/yoast.com\/product\/yoast-seo-wordpress\/ -->\n<title>Book Abyssinian flight services - Cheap Flights<\/title>\n<meta name=\"description\" content=\"Looking for Abyssinian online booking Ethiopia,\u00a0East Africa, app, fare, route or timetable? Book cheap Abyssinian flight services online now\" \/>\n<meta name=\"robots\" content=\"index, follow, max-snippet:-1, max-image-preview:large, max-video-preview:-1\" \/>\n<link rel=\"canonical\" href=\"https:\/\/tiketi.com\/fr-fr\/abyssinian-online-flight-booking\/\" \/>\n<meta property=\"og:locale\" content=\"fr_FR\" \/>\n<meta property=\"og:type\" content=\"article\" \/>\n<meta property=\"og:title\" content=\"Book Abyssinian flight services - Cheap Flights\" \/>\n<meta property=\"og:description\" content=\"Looking for Abyssinian online booking Ethiopia,\u00a0East Africa, app, fare, route or timetable? Book cheap Abyssinian flight services online now\" \/>\n<meta property=\"og:url\" content=\"https:\/\/tiketi.com\/fr-fr\/abyssinian-online-flight-booking\/\" \/>\n<meta property=\"og:site_name\" content=\"Tiketi.com\" \/>\n<meta property=\"article:publisher\" content=\"https:\/\/www.facebook.com\/TiketiCom\/\" \/>\n<meta property=\"article:modified_time\" content=\"2022-01-26T13:05:17+00:00\" \/>\n<meta property=\"og:image\" content=\"https:\/\/tiketi.com\/wp-content\/uploads\/2022\/01\/flight-ticket-booking-sorasak-KxCJXXGsv9I-unsplas.jpg\" \/>\n\t<meta property=\"og:image:width\" content=\"1200\" \/>\n\t<meta property=\"og:image:height\" content=\"240\" \/>\n\t<meta property=\"og:image:type\" content=\"image\/jpeg\" \/>\n<meta name=\"twitter:card\" content=\"summary_large_image\" \/>\n<meta name=\"twitter:label1\" content=\"Dur\u00e9e de lecture estim\u00e9e\" \/>\n\t<meta name=\"twitter:data1\" content=\"2 minutes\" \/>\n<script type=\"application\/ld+json\" class=\"yoast-schema-graph\">{\"@context\":\"https:\\\/\\\/schema.org\",\"@graph\":[{\"@type\":\"WebPage\",\"@id\":\"https:\\\/\\\/tiketi.com\\\/abyssinian-online-flight-booking\\\/\",\"url\":\"https:\\\/\\\/tiketi.com\\\/abyssinian-online-flight-booking\\\/\",\"name\":\"Book Abyssinian flight services - Cheap Flights\",\"isPartOf\":{\"@id\":\"https:\\\/\\\/tiketi.com\\\/#website\"},\"primaryImageOfPage\":{\"@id\":\"https:\\\/\\\/tiketi.com\\\/abyssinian-online-flight-booking\\\/#primaryimage\"},\"image\":{\"@id\":\"https:\\\/\\\/tiketi.com\\\/abyssinian-online-flight-booking\\\/#primaryimage\"},\"thumbnailUrl\":\"https:\\\/\\\/tiketi.com\\\/wp-content\\\/uploads\\\/2022\\\/01\\\/flight-ticket-booking-sorasak-KxCJXXGsv9I-unsplas.jpg\",\"datePublished\":\"2022-01-19T11:54:11+00:00\",\"dateModified\":\"2022-01-26T13:05:17+00:00\",\"description\":\"Looking for Abyssinian online booking Ethiopia,\u00a0East Africa, app, fare, route or timetable? Book cheap Abyssinian flight services online now\",\"breadcrumb\":{\"@id\":\"https:\\\/\\\/tiketi.com\\\/abyssinian-online-flight-booking\\\/#breadcrumb\"},\"inLanguage\":\"fr-FR\",\"potentialAction\":[{\"@type\":\"ReadAction\",\"target\":[\"https:\\\/\\\/tiketi.com\\\/abyssinian-online-flight-booking\\\/\"]}]},{\"@type\":\"ImageObject\",\"inLanguage\":\"fr-FR\",\"@id\":\"https:\\\/\\\/tiketi.com\\\/abyssinian-online-flight-booking\\\/#primaryimage\",\"url\":\"https:\\\/\\\/tiketi.com\\\/wp-content\\\/uploads\\\/2022\\\/01\\\/flight-ticket-booking-sorasak-KxCJXXGsv9I-unsplas.jpg\",\"contentUrl\":\"https:\\\/\\\/tiketi.com\\\/wp-content\\\/uploads\\\/2022\\\/01\\\/flight-ticket-booking-sorasak-KxCJXXGsv9I-unsplas.jpg\",\"width\":1200,\"height\":240,\"caption\":\"Online flight ticket booking\"},{\"@type\":\"BreadcrumbList\",\"@id\":\"https:\\\/\\\/tiketi.com\\\/abyssinian-online-flight-booking\\\/#breadcrumb\",\"itemListElement\":[{\"@type\":\"ListItem\",\"position\":1,\"name\":\"Home\",\"item\":\"https:\\\/\\\/tiketi.com\\\/\"},{\"@type\":\"ListItem\",\"position\":2,\"name\":\"Book Abyssinian flight services &#8211; Cheap Flights\"}]},{\"@type\":\"WebSite\",\"@id\":\"https:\\\/\\\/tiketi.com\\\/#website\",\"url\":\"https:\\\/\\\/tiketi.com\\\/\",\"name\":\"Flight & Bus Tickets, Tour Packages & Activitites - Tiketi.com\",\"description\":\"Flight &amp; Bus Tickets, Tours, Activitites\",\"publisher\":{\"@id\":\"https:\\\/\\\/tiketi.com\\\/#organization\"},\"potentialAction\":[{\"@type\":\"SearchAction\",\"target\":{\"@type\":\"EntryPoint\",\"urlTemplate\":\"https:\\\/\\\/tiketi.com\\\/?s={search_term_string}\"},\"query-input\":{\"@type\":\"PropertyValueSpecification\",\"valueRequired\":true,\"valueName\":\"search_term_string\"}}],\"inLanguage\":\"fr-FR\"},{\"@type\":\"Organization\",\"@id\":\"https:\\\/\\\/tiketi.com\\\/#organization\",\"name\":\"Tiketi.com\",\"alternateName\":\"Tiketi\",\"url\":\"https:\\\/\\\/tiketi.com\\\/\",\"logo\":{\"@type\":\"ImageObject\",\"inLanguage\":\"fr-FR\",\"@id\":\"https:\\\/\\\/tiketi.com\\\/#\\\/schema\\\/logo\\\/image\\\/\",\"url\":\"https:\\\/\\\/tiketi.com\\\/wp-content\\\/uploads\\\/2019\\\/05\\\/tiketi-logo-696.png\",\"contentUrl\":\"https:\\\/\\\/tiketi.com\\\/wp-content\\\/uploads\\\/2019\\\/05\\\/tiketi-logo-696.png\",\"width\":696,\"height\":696,\"caption\":\"Tiketi.com\"},\"image\":{\"@id\":\"https:\\\/\\\/tiketi.com\\\/#\\\/schema\\\/logo\\\/image\\\/\"},\"sameAs\":[\"https:\\\/\\\/www.facebook.com\\\/TiketiCom\\\/\"]}]}<\/script>\n<!-- \/ Yoast SEO plugin. -->","yoast_head_json":{"title":"R\u00e9servez des services de vol pour Abyssin - Vols pas chers","description":"Vous recherchez une r\u00e9servation en ligne pour l&#039;Abyssin en \u00c9thiopie, en Afrique de l&#039;Est, une application, un tarif, un itin\u00e9raire ou un horaire ? R\u00e9servez d\u00e8s maintenant des services de vol pour Abyssin \u00e0 bas prix en ligne","robots":{"index":"index","follow":"follow","max-snippet":"max-snippet:-1","max-image-preview":"max-image-preview:large","max-video-preview":"max-video-preview:-1"},"canonical":"https:\/\/tiketi.com\/fr-fr\/abyssinian-online-flight-booking\/","og_locale":"fr_FR","og_type":"article","og_title":"Book Abyssinian flight services - Cheap Flights","og_description":"Looking for Abyssinian online booking Ethiopia,\u00a0East Africa, app, fare, route or timetable? Book cheap Abyssinian flight services online now","og_url":"https:\/\/tiketi.com\/fr-fr\/abyssinian-online-flight-booking\/","og_site_name":"Tiketi.com","article_publisher":"https:\/\/www.facebook.com\/TiketiCom\/","article_modified_time":"2022-01-26T13:05:17+00:00","og_image":[{"width":1200,"height":240,"url":"https:\/\/tiketi.com\/wp-content\/uploads\/2022\/01\/flight-ticket-booking-sorasak-KxCJXXGsv9I-unsplas.jpg","type":"image\/jpeg"}],"twitter_card":"summary_large_image","twitter_misc":{"Dur\u00e9e de lecture estim\u00e9e":"2 minutes"},"schema":{"@context":"https:\/\/schema.org","@graph":[{"@type":"WebPage","@id":"https:\/\/tiketi.com\/abyssinian-online-flight-booking\/","url":"https:\/\/tiketi.com\/abyssinian-online-flight-booking\/","name":"R\u00e9servez des services de vol pour Abyssin - Vols pas chers","isPartOf":{"@id":"https:\/\/tiketi.com\/#website"},"primaryImageOfPage":{"@id":"https:\/\/tiketi.com\/abyssinian-online-flight-booking\/#primaryimage"},"image":{"@id":"https:\/\/tiketi.com\/abyssinian-online-flight-booking\/#primaryimage"},"thumbnailUrl":"https:\/\/tiketi.com\/wp-content\/uploads\/2022\/01\/flight-ticket-booking-sorasak-KxCJXXGsv9I-unsplas.jpg","datePublished":"2022-01-19T11:54:11+00:00","dateModified":"2022-01-26T13:05:17+00:00","description":"Vous recherchez une r\u00e9servation en ligne pour l&#039;Abyssin en \u00c9thiopie, en Afrique de l&#039;Est, une application, un tarif, un itin\u00e9raire ou un horaire ? R\u00e9servez d\u00e8s maintenant des services de vol pour Abyssin \u00e0 bas prix en ligne","breadcrumb":{"@id":"https:\/\/tiketi.com\/abyssinian-online-flight-booking\/#breadcrumb"},"inLanguage":"fr-FR","potentialAction":[{"@type":"ReadAction","target":["https:\/\/tiketi.com\/abyssinian-online-flight-booking\/"]}]},{"@type":"ImageObject","inLanguage":"fr-FR","@id":"https:\/\/tiketi.com\/abyssinian-online-flight-booking\/#primaryimage","url":"https:\/\/tiketi.com\/wp-content\/uploads\/2022\/01\/flight-ticket-booking-sorasak-KxCJXXGsv9I-unsplas.jpg","contentUrl":"https:\/\/tiketi.com\/wp-content\/uploads\/2022\/01\/flight-ticket-booking-sorasak-KxCJXXGsv9I-unsplas.jpg","width":1200,"height":240,"caption":"Online flight ticket booking"},{"@type":"BreadcrumbList","@id":"https:\/\/tiketi.com\/abyssinian-online-flight-booking\/#breadcrumb","itemListElement":[{"@type":"ListItem","position":1,"name":"Home","item":"https:\/\/tiketi.com\/"},{"@type":"ListItem","position":2,"name":"Book Abyssinian flight services &#8211; Cheap Flights"}]},{"@type":"WebSite","@id":"https:\/\/tiketi.com\/#website","url":"https:\/\/tiketi.com\/","name":"Billets d&#039;avion et de bus, forfaits touristiques et activit\u00e9s - Tiketi.com","description":"Billets d&#039;avion et de bus, Tours, Activit\u00e9s","publisher":{"@id":"https:\/\/tiketi.com\/#organization"},"potentialAction":[{"@type":"SearchAction","target":{"@type":"EntryPoint","urlTemplate":"https:\/\/tiketi.com\/?s={search_term_string}"},"query-input":{"@type":"PropertyValueSpecification","valueRequired":true,"valueName":"search_term_string"}}],"inLanguage":"fr-FR"},{"@type":"Organization","@id":"https:\/\/tiketi.com\/#organization","name":"Tiketi.com","alternateName":"Tiketi","url":"https:\/\/tiketi.com\/","logo":{"@type":"ImageObject","inLanguage":"fr-FR","@id":"https:\/\/tiketi.com\/#\/schema\/logo\/image\/","url":"https:\/\/tiketi.com\/wp-content\/uploads\/2019\/05\/tiketi-logo-696.png","contentUrl":"https:\/\/tiketi.com\/wp-content\/uploads\/2019\/05\/tiketi-logo-696.png","width":696,"height":696,"caption":"Tiketi.com"},"image":{"@id":"https:\/\/tiketi.com\/#\/schema\/logo\/image\/"},"sameAs":["https:\/\/www.facebook.com\/TiketiCom\/"]}]}},"_links":{"self":[{"href":"https:\/\/tiketi.com\/fr-fr\/wp-json\/wp\/v2\/pages\/11085","targetHints":{"allow":["GET"]}}],"collection":[{"href":"https:\/\/tiketi.com\/fr-fr\/wp-json\/wp\/v2\/pages"}],"about":[{"href":"https:\/\/tiketi.com\/fr-fr\/wp-json\/wp\/v2\/types\/page"}],"author":[{"embeddable":true,"href":"https:\/\/tiketi.com\/fr-fr\/wp-json\/wp\/v2\/users\/1"}],"replies":[{"embeddable":true,"href":"https:\/\/tiketi.com\/fr-fr\/wp-json\/wp\/v2\/comments?post=11085"}],"version-history":[{"count":0,"href":"https:\/\/tiketi.com\/fr-fr\/wp-json\/wp\/v2\/pages\/11085\/revisions"}],"wp:featuredmedia":[{"embeddable":true,"href":"https:\/\/tiketi.com\/fr-fr\/wp-json\/wp\/v2\/media\/14041"}],"wp:attachment":[{"href":"https:\/\/tiketi.com\/fr-fr\/wp-json\/wp\/v2\/media?parent=11085"}],"curies":[{"name":"wp","href":"https:\/\/api.w.org\/{rel}","templated":true}]}}