{"id":11086,"date":"2022-01-19T12:54:11","date_gmt":"2022-01-19T11:54:11","guid":{"rendered":"https:\/\/new.tiketi.com\/748-air-services-booking-kenya-cheap-flights\/"},"modified":"2022-01-26T14:34:32","modified_gmt":"2022-01-26T13:34:32","slug":"748-air-services-online-flight-booking","status":"publish","type":"page","link":"https:\/\/tiketi.com\/fr-fr\/748-services-aeriens-reservation-de-vols-en-ligne\/","title":{"rendered":"748 Air Services r\u00e9servation en ligne au Kenya"},"content":{"rendered":"<h2>R\u00e9servez des vols pas chers avec 748 Air Services au Kenya, en Afrique de l&#039;Est<\/h2>\n<h3>D\u00e9couvrez votre itin\u00e9raire de voyage sur le web, le mobile ou l&#039;application et r\u00e9servez des billets d&#039;avion 748 Air Services pas chers en ligne d\u00e8s maintenant.<\/h3>\n<p>Recherchez, comparez et faites la r\u00e9servation en ligne de services a\u00e9riens 748 \u00e0 bas prix au Kenya, Afrique de l&#039;Est. 748 Air services est bas\u00e9 \u00e0 l&#039;a\u00e9roport international de Kenyatta est un a\u00e9roport international \u00e0 Nairobi. Il est situ\u00e9 \u00e0 15 km du centre-ville et porte le nom de Jomo Kenyatta, premier pr\u00e9sident et premier ministre du Kenya. R\u00e9servez d\u00e8s maintenant des vols pas chers 748 Air Services au Kenya, en Afrique de l&#039;Est et \u00e9conomisez du temps et de l&#039;argent.<\/p>\n<h2>FAQ sur la r\u00e9servation en ligne de 748 services a\u00e9riens<\/h2>\n<h3>Franchise de bagages<\/h3>\n<p>M\u00eame si les usines d&#039;affr\u00e8tement de passagers ne sont pas \u00e9normes, il n&#039;y a pas de limite de bagages. Quoi qu&#039;il en soit, vos bagages doivent pouvoir tenir \u00e0 bord. Cela signifie que vous devez voyager l\u00e9ger et utiliser des sacs souples. Pour les vols cargo, vous pouvez envoyer des exc\u00e9dents de bagages vers toutes les destinations 748 Air Services populaires exploit\u00e9es par la compagnie a\u00e9rienne.<\/p>\n<h3>Informations sur la flotte<\/h3>\n<p>784 Air services exploite actuellement une flotte de neuf appareils :<\/p>\n<p>\u2022 Bombardier De Havilland Dash 8-400<br \/>\n\u2022 Bombardier DeHavilland Dash 8-100<br \/>\n\u2022 Cessna Grand Caravan 208B<\/p>\n<h3>748 destinations des vols Air Services<\/h3>\n<p>La compagnie a\u00e9rienne 748 Air Services Flights in Kenya dessert des r\u00e9gions \u00e9loign\u00e9es des pays voisins d&#039;Afrique de l&#039;Est et du Soudan. Depuis sa cr\u00e9ation, la soci\u00e9t\u00e9 d&#039;aviation fournit un travail humanitaire pr\u00e9cieux tel que la livraison par voie a\u00e9rienne de nourriture et de fournitures d&#039;urgence, d&#039;\u00e9quipements de soutien, de fournitures de d\u00e9veloppement et d&#039;extraction d&#039;urgence de personnes dans les zones de conflit. Dans le secteur des ressources naturelles, la compagnie a\u00e9rienne charter dessert des clients gaziers et p\u00e9troliers tels que la soci\u00e9t\u00e9 d&#039;exploitation Greater Pioneer, la soci\u00e9t\u00e9 d&#039;exploitation Dar Petroleum et Petroleum Geo-services. La soci\u00e9t\u00e9 d&#039;aviation 748 air services Flights propose \u00e9galement un transport fiable pour les secteurs gouvernementaux - pour les passagers et les services de fret.<\/p>\n<h2>Conseils de r\u00e9servation de vols 748 air services<\/h2>\n<p>784 Air services est un service de vols charters au Kenya qui a \u00e9t\u00e9 fond\u00e9 en 1995 dans le but de desservir le secteur humanitaire. L&#039;entreprise continue de livrer de la nourriture et des fournitures d&#039;urgence dans les endroits en difficult\u00e9. Ils soutiennent \u00e9galement l&#039;extraction de personnel dans les lieux de conflit ainsi que la livraison de fournitures de d\u00e9veloppement et d&#039;\u00e9quipements de soutien. 784 Les services a\u00e9riens travaillent \u00e9galement avec des clients du secteur des ressources naturelles, en particulier avec des soci\u00e9t\u00e9s p\u00e9troli\u00e8res et gazi\u00e8res. La compagnie a\u00e9rienne kenyane propose \u00e9galement des transports \u00e0 de nombreux agents priv\u00e9s et gouvernements.<\/p>","protected":false},"excerpt":{"rendered":"<p>Book Cheap 748 Air Services Flights in Kenya, East Africa Discover your travel route on web, mobile or app and book cheap 748 Air Services flight tickets online now. Search, compare and do cheap 748 air services online booking in Kenya, East Africa. 748 Air services is based at Kenyatta International Airport is an international [&hellip;]<\/p>\n","protected":false},"author":1,"featured_media":14041,"parent":0,"menu_order":0,"comment_status":"open","ping_status":"closed","template":"template-home-modern.php","meta":{"footnotes":""},"class_list":["post-11086","page","type-page","status-publish","has-post-thumbnail","hentry"],"yoast_head":"<!-- This site is optimized with the Yoast SEO plugin v27.2 - https:\/\/yoast.com\/product\/yoast-seo-wordpress\/ -->\n<title>748 air services online booking in Kenya - Book cheap flights<\/title>\n<meta name=\"description\" content=\"Looking for cheap 748 air services online booking Kenya,\u00a0East Africa, app, fare or timetable? Book cheap 748 Air Services flights in Kenya\" \/>\n<meta name=\"robots\" content=\"index, follow, max-snippet:-1, max-image-preview:large, max-video-preview:-1\" \/>\n<link rel=\"canonical\" href=\"https:\/\/tiketi.com\/fr-fr\/748-services-aeriens-reservation-de-vols-en-ligne\/\" \/>\n<meta property=\"og:locale\" content=\"fr_FR\" \/>\n<meta property=\"og:type\" content=\"article\" \/>\n<meta property=\"og:title\" content=\"748 air services online booking in Kenya - Book cheap flights\" \/>\n<meta property=\"og:description\" content=\"Looking for cheap 748 air services online booking Kenya,\u00a0East Africa, app, fare or timetable? Book cheap 748 Air Services flights in Kenya\" \/>\n<meta property=\"og:url\" content=\"https:\/\/tiketi.com\/fr-fr\/748-services-aeriens-reservation-de-vols-en-ligne\/\" \/>\n<meta property=\"og:site_name\" content=\"Tiketi.com\" \/>\n<meta property=\"article:publisher\" content=\"https:\/\/www.facebook.com\/TiketiCom\/\" \/>\n<meta property=\"article:modified_time\" content=\"2022-01-26T13:34:32+00:00\" \/>\n<meta property=\"og:image\" content=\"https:\/\/tiketi.com\/wp-content\/uploads\/2022\/01\/flight-ticket-booking-sorasak-KxCJXXGsv9I-unsplas.jpg\" \/>\n\t<meta property=\"og:image:width\" content=\"1200\" \/>\n\t<meta property=\"og:image:height\" content=\"240\" \/>\n\t<meta property=\"og:image:type\" content=\"image\/jpeg\" \/>\n<meta name=\"twitter:card\" content=\"summary_large_image\" \/>\n<meta name=\"twitter:label1\" content=\"Dur\u00e9e de lecture estim\u00e9e\" \/>\n\t<meta name=\"twitter:data1\" content=\"2 minutes\" \/>\n<script type=\"application\/ld+json\" class=\"yoast-schema-graph\">{\"@context\":\"https:\/\/schema.org\",\"@graph\":[{\"@type\":\"WebPage\",\"@id\":\"https:\/\/tiketi.com\/748-air-services-online-flight-booking\/\",\"url\":\"https:\/\/tiketi.com\/748-air-services-online-flight-booking\/\",\"name\":\"748 air services online booking in Kenya - Book cheap flights\",\"isPartOf\":{\"@id\":\"https:\/\/tiketi.com\/#website\"},\"primaryImageOfPage\":{\"@id\":\"https:\/\/tiketi.com\/748-air-services-online-flight-booking\/#primaryimage\"},\"image\":{\"@id\":\"https:\/\/tiketi.com\/748-air-services-online-flight-booking\/#primaryimage\"},\"thumbnailUrl\":\"https:\/\/tiketi.com\/wp-content\/uploads\/2022\/01\/flight-ticket-booking-sorasak-KxCJXXGsv9I-unsplas.jpg\",\"datePublished\":\"2022-01-19T11:54:11+00:00\",\"dateModified\":\"2022-01-26T13:34:32+00:00\",\"description\":\"Looking for cheap 748 air services online booking Kenya,\u00a0East Africa, app, fare or timetable? Book cheap 748 Air Services flights in Kenya\",\"breadcrumb\":{\"@id\":\"https:\/\/tiketi.com\/748-air-services-online-flight-booking\/#breadcrumb\"},\"inLanguage\":\"fr-FR\",\"potentialAction\":[{\"@type\":\"ReadAction\",\"target\":[\"https:\/\/tiketi.com\/748-air-services-online-flight-booking\/\"]}]},{\"@type\":\"ImageObject\",\"inLanguage\":\"fr-FR\",\"@id\":\"https:\/\/tiketi.com\/748-air-services-online-flight-booking\/#primaryimage\",\"url\":\"https:\/\/tiketi.com\/wp-content\/uploads\/2022\/01\/flight-ticket-booking-sorasak-KxCJXXGsv9I-unsplas.jpg\",\"contentUrl\":\"https:\/\/tiketi.com\/wp-content\/uploads\/2022\/01\/flight-ticket-booking-sorasak-KxCJXXGsv9I-unsplas.jpg\",\"width\":1200,\"height\":240,\"caption\":\"Online flight ticket booking\"},{\"@type\":\"BreadcrumbList\",\"@id\":\"https:\/\/tiketi.com\/748-air-services-online-flight-booking\/#breadcrumb\",\"itemListElement\":[{\"@type\":\"ListItem\",\"position\":1,\"name\":\"Home\",\"item\":\"https:\/\/tiketi.com\/\"},{\"@type\":\"ListItem\",\"position\":2,\"name\":\"748 Air Services online booking in Kenya\"}]},{\"@type\":\"WebSite\",\"@id\":\"https:\/\/tiketi.com\/#website\",\"url\":\"https:\/\/tiketi.com\/\",\"name\":\"Flight & Bus Tickets, Tour Packages & Activitites - Tiketi.com\",\"description\":\"Flight &amp; Bus Tickets, Tours, Activitites\",\"publisher\":{\"@id\":\"https:\/\/tiketi.com\/#organization\"},\"potentialAction\":[{\"@type\":\"SearchAction\",\"target\":{\"@type\":\"EntryPoint\",\"urlTemplate\":\"https:\/\/tiketi.com\/?s={search_term_string}\"},\"query-input\":{\"@type\":\"PropertyValueSpecification\",\"valueRequired\":true,\"valueName\":\"search_term_string\"}}],\"inLanguage\":\"fr-FR\"},{\"@type\":\"Organization\",\"@id\":\"https:\/\/tiketi.com\/#organization\",\"name\":\"Tiketi.com\",\"alternateName\":\"Tiketi\",\"url\":\"https:\/\/tiketi.com\/\",\"logo\":{\"@type\":\"ImageObject\",\"inLanguage\":\"fr-FR\",\"@id\":\"https:\/\/tiketi.com\/#\/schema\/logo\/image\/\",\"url\":\"https:\/\/tiketi.com\/wp-content\/uploads\/2019\/05\/tiketi-logo-696.png\",\"contentUrl\":\"https:\/\/tiketi.com\/wp-content\/uploads\/2019\/05\/tiketi-logo-696.png\",\"width\":696,\"height\":696,\"caption\":\"Tiketi.com\"},\"image\":{\"@id\":\"https:\/\/tiketi.com\/#\/schema\/logo\/image\/\"},\"sameAs\":[\"https:\/\/www.facebook.com\/TiketiCom\/\"]}]}<\/script>\n<!-- \/ Yoast SEO plugin. -->","yoast_head_json":{"title":"R\u00e9servation en ligne de services a\u00e9riens 748 au Kenya - R\u00e9servez des vols pas chers","description":"Vous recherchez une r\u00e9servation en ligne de services a\u00e9riens 748 bon march\u00e9 au Kenya, en Afrique de l&#039;Est, une application, un tarif ou un horaire? R\u00e9servez des vols pas chers avec 748 Air Services au Kenya","robots":{"index":"index","follow":"follow","max-snippet":"max-snippet:-1","max-image-preview":"max-image-preview:large","max-video-preview":"max-video-preview:-1"},"canonical":"https:\/\/tiketi.com\/fr-fr\/748-services-aeriens-reservation-de-vols-en-ligne\/","og_locale":"fr_FR","og_type":"article","og_title":"748 air services online booking in Kenya - Book cheap flights","og_description":"Looking for cheap 748 air services online booking Kenya,\u00a0East Africa, app, fare or timetable? Book cheap 748 Air Services flights in Kenya","og_url":"https:\/\/tiketi.com\/fr-fr\/748-services-aeriens-reservation-de-vols-en-ligne\/","og_site_name":"Tiketi.com","article_publisher":"https:\/\/www.facebook.com\/TiketiCom\/","article_modified_time":"2022-01-26T13:34:32+00:00","og_image":[{"width":1200,"height":240,"url":"https:\/\/tiketi.com\/wp-content\/uploads\/2022\/01\/flight-ticket-booking-sorasak-KxCJXXGsv9I-unsplas.jpg","type":"image\/jpeg"}],"twitter_card":"summary_large_image","twitter_misc":{"Dur\u00e9e de lecture estim\u00e9e":"2 minutes"},"schema":{"@context":"https:\/\/schema.org","@graph":[{"@type":"WebPage","@id":"https:\/\/tiketi.com\/748-air-services-online-flight-booking\/","url":"https:\/\/tiketi.com\/748-air-services-online-flight-booking\/","name":"R\u00e9servation en ligne de services a\u00e9riens 748 au Kenya - R\u00e9servez des vols pas chers","isPartOf":{"@id":"https:\/\/tiketi.com\/#website"},"primaryImageOfPage":{"@id":"https:\/\/tiketi.com\/748-air-services-online-flight-booking\/#primaryimage"},"image":{"@id":"https:\/\/tiketi.com\/748-air-services-online-flight-booking\/#primaryimage"},"thumbnailUrl":"https:\/\/tiketi.com\/wp-content\/uploads\/2022\/01\/flight-ticket-booking-sorasak-KxCJXXGsv9I-unsplas.jpg","datePublished":"2022-01-19T11:54:11+00:00","dateModified":"2022-01-26T13:34:32+00:00","description":"Vous recherchez une r\u00e9servation en ligne de services a\u00e9riens 748 bon march\u00e9 au Kenya, en Afrique de l&#039;Est, une application, un tarif ou un horaire? R\u00e9servez des vols pas chers avec 748 Air Services au Kenya","breadcrumb":{"@id":"https:\/\/tiketi.com\/748-air-services-online-flight-booking\/#breadcrumb"},"inLanguage":"fr-FR","potentialAction":[{"@type":"ReadAction","target":["https:\/\/tiketi.com\/748-air-services-online-flight-booking\/"]}]},{"@type":"ImageObject","inLanguage":"fr-FR","@id":"https:\/\/tiketi.com\/748-air-services-online-flight-booking\/#primaryimage","url":"https:\/\/tiketi.com\/wp-content\/uploads\/2022\/01\/flight-ticket-booking-sorasak-KxCJXXGsv9I-unsplas.jpg","contentUrl":"https:\/\/tiketi.com\/wp-content\/uploads\/2022\/01\/flight-ticket-booking-sorasak-KxCJXXGsv9I-unsplas.jpg","width":1200,"height":240,"caption":"Online flight ticket booking"},{"@type":"BreadcrumbList","@id":"https:\/\/tiketi.com\/748-air-services-online-flight-booking\/#breadcrumb","itemListElement":[{"@type":"ListItem","position":1,"name":"Home","item":"https:\/\/tiketi.com\/"},{"@type":"ListItem","position":2,"name":"748 Air Services online booking in Kenya"}]},{"@type":"WebSite","@id":"https:\/\/tiketi.com\/#website","url":"https:\/\/tiketi.com\/","name":"Billets d&#039;avion et de bus, forfaits touristiques et activit\u00e9s - Tiketi.com","description":"Billets d&#039;avion et de bus, Tours, Activit\u00e9s","publisher":{"@id":"https:\/\/tiketi.com\/#organization"},"potentialAction":[{"@type":"SearchAction","target":{"@type":"EntryPoint","urlTemplate":"https:\/\/tiketi.com\/?s={search_term_string}"},"query-input":{"@type":"PropertyValueSpecification","valueRequired":true,"valueName":"search_term_string"}}],"inLanguage":"fr-FR"},{"@type":"Organization","@id":"https:\/\/tiketi.com\/#organization","name":"Tiketi.com","alternateName":"Tiketi","url":"https:\/\/tiketi.com\/","logo":{"@type":"ImageObject","inLanguage":"fr-FR","@id":"https:\/\/tiketi.com\/#\/schema\/logo\/image\/","url":"https:\/\/tiketi.com\/wp-content\/uploads\/2019\/05\/tiketi-logo-696.png","contentUrl":"https:\/\/tiketi.com\/wp-content\/uploads\/2019\/05\/tiketi-logo-696.png","width":696,"height":696,"caption":"Tiketi.com"},"image":{"@id":"https:\/\/tiketi.com\/#\/schema\/logo\/image\/"},"sameAs":["https:\/\/www.facebook.com\/TiketiCom\/"]}]}},"_links":{"self":[{"href":"https:\/\/tiketi.com\/fr-fr\/wp-json\/wp\/v2\/pages\/11086","targetHints":{"allow":["GET"]}}],"collection":[{"href":"https:\/\/tiketi.com\/fr-fr\/wp-json\/wp\/v2\/pages"}],"about":[{"href":"https:\/\/tiketi.com\/fr-fr\/wp-json\/wp\/v2\/types\/page"}],"author":[{"embeddable":true,"href":"https:\/\/tiketi.com\/fr-fr\/wp-json\/wp\/v2\/users\/1"}],"replies":[{"embeddable":true,"href":"https:\/\/tiketi.com\/fr-fr\/wp-json\/wp\/v2\/comments?post=11086"}],"version-history":[{"count":0,"href":"https:\/\/tiketi.com\/fr-fr\/wp-json\/wp\/v2\/pages\/11086\/revisions"}],"wp:featuredmedia":[{"embeddable":true,"href":"https:\/\/tiketi.com\/fr-fr\/wp-json\/wp\/v2\/media\/14041"}],"wp:attachment":[{"href":"https:\/\/tiketi.com\/fr-fr\/wp-json\/wp\/v2\/media?parent=11086"}],"curies":[{"name":"wp","href":"https:\/\/api.w.org\/{rel}","templated":true}]}}