{"id":11087,"date":"2022-01-19T12:54:11","date_gmt":"2022-01-19T11:54:11","guid":{"rendered":"https:\/\/new.tiketi.com\/aberdair-online-booking-cheap-flights\/"},"modified":"2024-01-09T10:58:09","modified_gmt":"2024-01-09T09:58:09","slug":"aberdair-aviation","status":"publish","type":"page","link":"https:\/\/tiketi.com\/fr-fr\/provider\/flights\/aberdair-aviation\/","title":{"rendered":"Aberdair Aviation Online Booking &#8211; Flights, Routes &#038; Fares"},"content":{"rendered":"<h2>R\u00e9servez des billets d&#039;avion Aberdair pas chers au Kenya, en Tanzanie, au Lib\u00e9ria et en Ouganda<\/h2>\n<h3>D\u00e9couvrez votre itin\u00e9raire de voyage sur le web, le mobile ou l&#039;application et r\u00e9servez des billets Aberdair pas chers en ligne d\u00e8s maintenant.<\/h3>\n<p>Search, compare and do cheap Aberdair Aviation online booking in Kenya, Ghana, Tanzania, Liberia and Uganda. A privately held group of general aviation firms, Aberdair Aviation, was originated in the 2002 year. With a pan-African client base, Aberdair target has forever been on providing high standard and secured services. While this aviation firm has its headquarters in Nairobi, Kenya, its affiliated operators are placed in Uganda, Liberia and Tanzania. Having its Air operators Certificates, with the bases Kenya, South Sudan and Ghana, the aviation firm is capable to provide customised aviation services to a big range of customers from these popular Aberdair flight tickets booking.<\/p>\n<h2>Aberdair Aviation Online Booking &#8211; Flights, Routes &amp; Fares FAQs<\/h2>\n<h3>Aberdair Aviation fleet information<\/h3>\n<p><strong>Flotte d&#039;a\u00e9ronefs \u00e0 voilure fixe<\/strong><\/p>\n<p>Aberdair Aviation has a big range of fixed-wing aircraft in operation. It has 3 Cessna C208b Grand Caravan, two aero Commander 690, 3 Embraer Emb-110 Bandeirante and One Embrarer Emb-120.<\/p>\n<p><strong>Flotte d&#039;h\u00e9licopt\u00e8res<\/strong><\/p>\n<p>La firme a\u00e9ronautique compte 3 Eurocopter AS350 B3 et 1 Bell Helicopter 407 dans sa flotte.<\/p>\n<h2>Conseils de r\u00e9servation de billets d&#039;avion Aberdair<\/h2>\n<h3>Popular Aberdair Aviation online booking destinations<\/h3>\n<p>Aberdair fournit ses avions \u00e0 ses clients de 2 mani\u00e8res : des contrats d&#039;affr\u00e8tement et des contrats cl\u00e9 en main. Cette solution charter ou ad hoc est utilis\u00e9e pour la r\u00e9alisation d&#039;activit\u00e9s telles que des visites touristiques, des relev\u00e9s a\u00e9riens, des tournages et des \u00e9vacuations m\u00e9dicales. Les avions accessibles sur une base ad hoc partent de bases comme Accra, Nairobi, Monrovia et Entebbe.<\/p>\n<p>Bien que les offres de vols de l&#039;entreprise sur la base d&#039;affr\u00e8tement soient assez populaires, son objectif principal est d&#039;offrir des solutions bas\u00e9es sur des contrats. Sur une base contractuelle, les clients n&#039;ont pas seulement acc\u00e8s \u00e0 l&#039;avion lou\u00e9, mais \u00e9galement \u00e0 des installations de maintenance, d&#039;\u00e9quipage et d&#039;assurance dans le cadre d&#039;un programme connu sous le nom d&#039;ACMI.<\/p>\n<p>Et pas seulement la maintenance et l&#039;exploitation des avions, Aberdair est \u00e9galement engag\u00e9e dans une foule d&#039;autres choses comme les services de conseil.<\/p>","protected":false},"excerpt":{"rendered":"<p>Book cheap Aberdair flight tickets in Kenya, Tanzania, Liberia and Uganda Discover your travel route on web, mobile or app and book cheap Aberdair tickets online now. Search, compare and do cheap Aberdair Aviation online booking in Kenya, Ghana, Tanzania, Liberia and Uganda. A privately held group of general aviation firms, Aberdair Aviation, was originated [&hellip;]<\/p>\n","protected":false},"author":1,"featured_media":14041,"parent":30305,"menu_order":0,"comment_status":"open","ping_status":"closed","template":"template-home-modern.php","meta":{"footnotes":""},"class_list":["post-11087","page","type-page","status-publish","has-post-thumbnail","hentry"],"yoast_head":"<!-- This site is optimized with the Yoast SEO plugin v27.3 - https:\/\/yoast.com\/product\/yoast-seo-wordpress\/ -->\n<title>Aberdair Aviation Online Booking - Flights, Routes &amp; Fares<\/title>\n<meta name=\"description\" content=\"Looking for Aberdair Aviation online booking - flights, routes, fares &amp; app in Kenya &amp; Ghana. Book cheap Aberdair flight tickets now\" \/>\n<meta name=\"robots\" content=\"index, follow, max-snippet:-1, max-image-preview:large, max-video-preview:-1\" \/>\n<link rel=\"canonical\" href=\"https:\/\/tiketi.com\/fr-fr\/provider\/flights\/aberdair-aviation\/\" \/>\n<meta property=\"og:locale\" content=\"fr_FR\" \/>\n<meta property=\"og:type\" content=\"article\" \/>\n<meta property=\"og:title\" content=\"Aberdair Aviation Online Booking - Flights, Routes &amp; Fares\" \/>\n<meta property=\"og:description\" content=\"Looking for Aberdair Aviation online booking - flights, routes, fares &amp; app in Kenya &amp; Ghana. Book cheap Aberdair flight tickets now\" \/>\n<meta property=\"og:url\" content=\"https:\/\/tiketi.com\/fr-fr\/provider\/flights\/aberdair-aviation\/\" \/>\n<meta property=\"og:site_name\" content=\"Tiketi.com\" \/>\n<meta property=\"article:publisher\" content=\"https:\/\/www.facebook.com\/TiketiCom\/\" \/>\n<meta property=\"article:modified_time\" content=\"2024-01-09T09:58:09+00:00\" \/>\n<meta property=\"og:image\" content=\"https:\/\/tiketi.com\/wp-content\/uploads\/2022\/01\/flight-ticket-booking-sorasak-KxCJXXGsv9I-unsplas.jpg\" \/>\n\t<meta property=\"og:image:width\" content=\"1200\" \/>\n\t<meta property=\"og:image:height\" content=\"240\" \/>\n\t<meta property=\"og:image:type\" content=\"image\/jpeg\" \/>\n<meta name=\"twitter:card\" content=\"summary_large_image\" \/>\n<meta name=\"twitter:label1\" content=\"Dur\u00e9e de lecture estim\u00e9e\" \/>\n\t<meta name=\"twitter:data1\" content=\"2 minutes\" \/>\n<script type=\"application\/ld+json\" class=\"yoast-schema-graph\">{\"@context\":\"https:\\\/\\\/schema.org\",\"@graph\":[{\"@type\":\"WebPage\",\"@id\":\"https:\\\/\\\/tiketi.com\\\/provider\\\/flights\\\/aberdair-aviation\\\/\",\"url\":\"https:\\\/\\\/tiketi.com\\\/provider\\\/flights\\\/aberdair-aviation\\\/\",\"name\":\"Aberdair Aviation Online Booking - Flights, Routes & Fares\",\"isPartOf\":{\"@id\":\"https:\\\/\\\/tiketi.com\\\/#website\"},\"primaryImageOfPage\":{\"@id\":\"https:\\\/\\\/tiketi.com\\\/provider\\\/flights\\\/aberdair-aviation\\\/#primaryimage\"},\"image\":{\"@id\":\"https:\\\/\\\/tiketi.com\\\/provider\\\/flights\\\/aberdair-aviation\\\/#primaryimage\"},\"thumbnailUrl\":\"https:\\\/\\\/tiketi.com\\\/wp-content\\\/uploads\\\/2022\\\/01\\\/flight-ticket-booking-sorasak-KxCJXXGsv9I-unsplas.jpg\",\"datePublished\":\"2022-01-19T11:54:11+00:00\",\"dateModified\":\"2024-01-09T09:58:09+00:00\",\"description\":\"Looking for Aberdair Aviation online booking - flights, routes, fares & app in Kenya & Ghana. Book cheap Aberdair flight tickets now\",\"breadcrumb\":{\"@id\":\"https:\\\/\\\/tiketi.com\\\/provider\\\/flights\\\/aberdair-aviation\\\/#breadcrumb\"},\"inLanguage\":\"fr-FR\",\"potentialAction\":[{\"@type\":\"ReadAction\",\"target\":[\"https:\\\/\\\/tiketi.com\\\/provider\\\/flights\\\/aberdair-aviation\\\/\"]}]},{\"@type\":\"ImageObject\",\"inLanguage\":\"fr-FR\",\"@id\":\"https:\\\/\\\/tiketi.com\\\/provider\\\/flights\\\/aberdair-aviation\\\/#primaryimage\",\"url\":\"https:\\\/\\\/tiketi.com\\\/wp-content\\\/uploads\\\/2022\\\/01\\\/flight-ticket-booking-sorasak-KxCJXXGsv9I-unsplas.jpg\",\"contentUrl\":\"https:\\\/\\\/tiketi.com\\\/wp-content\\\/uploads\\\/2022\\\/01\\\/flight-ticket-booking-sorasak-KxCJXXGsv9I-unsplas.jpg\",\"width\":1200,\"height\":240,\"caption\":\"Online flight ticket booking\"},{\"@type\":\"BreadcrumbList\",\"@id\":\"https:\\\/\\\/tiketi.com\\\/provider\\\/flights\\\/aberdair-aviation\\\/#breadcrumb\",\"itemListElement\":[{\"@type\":\"ListItem\",\"position\":1,\"name\":\"Home\",\"item\":\"https:\\\/\\\/tiketi.com\\\/\"},{\"@type\":\"ListItem\",\"position\":2,\"name\":\"Provider\",\"item\":\"https:\\\/\\\/tiketi.com\\\/provider\\\/\"},{\"@type\":\"ListItem\",\"position\":3,\"name\":\"Flights\",\"item\":\"https:\\\/\\\/tiketi.com\\\/provider\\\/flights\\\/\"},{\"@type\":\"ListItem\",\"position\":4,\"name\":\"Aberdair Aviation Online Booking &#8211; Flights, Routes &#038; Fares\"}]},{\"@type\":\"WebSite\",\"@id\":\"https:\\\/\\\/tiketi.com\\\/#website\",\"url\":\"https:\\\/\\\/tiketi.com\\\/\",\"name\":\"Flight & Bus Tickets, Tour Packages & Activitites - Tiketi.com\",\"description\":\"Flight &amp; Bus Tickets, Tours, Activitites\",\"publisher\":{\"@id\":\"https:\\\/\\\/tiketi.com\\\/#organization\"},\"potentialAction\":[{\"@type\":\"SearchAction\",\"target\":{\"@type\":\"EntryPoint\",\"urlTemplate\":\"https:\\\/\\\/tiketi.com\\\/?s={search_term_string}\"},\"query-input\":{\"@type\":\"PropertyValueSpecification\",\"valueRequired\":true,\"valueName\":\"search_term_string\"}}],\"inLanguage\":\"fr-FR\"},{\"@type\":\"Organization\",\"@id\":\"https:\\\/\\\/tiketi.com\\\/#organization\",\"name\":\"Tiketi.com\",\"alternateName\":\"Tiketi\",\"url\":\"https:\\\/\\\/tiketi.com\\\/\",\"logo\":{\"@type\":\"ImageObject\",\"inLanguage\":\"fr-FR\",\"@id\":\"https:\\\/\\\/tiketi.com\\\/#\\\/schema\\\/logo\\\/image\\\/\",\"url\":\"https:\\\/\\\/tiketi.com\\\/wp-content\\\/uploads\\\/2019\\\/05\\\/tiketi-logo-696.png\",\"contentUrl\":\"https:\\\/\\\/tiketi.com\\\/wp-content\\\/uploads\\\/2019\\\/05\\\/tiketi-logo-696.png\",\"width\":696,\"height\":696,\"caption\":\"Tiketi.com\"},\"image\":{\"@id\":\"https:\\\/\\\/tiketi.com\\\/#\\\/schema\\\/logo\\\/image\\\/\"},\"sameAs\":[\"https:\\\/\\\/www.facebook.com\\\/TiketiCom\\\/\"]}]}<\/script>\n<!-- \/ Yoast SEO plugin. -->","yoast_head_json":{"title":"Aberdair Aviation Online Booking - Flights, Routes & Fares","description":"Looking for Aberdair Aviation online booking - flights, routes, fares & app in Kenya & Ghana. Book cheap Aberdair flight tickets now","robots":{"index":"index","follow":"follow","max-snippet":"max-snippet:-1","max-image-preview":"max-image-preview:large","max-video-preview":"max-video-preview:-1"},"canonical":"https:\/\/tiketi.com\/fr-fr\/provider\/flights\/aberdair-aviation\/","og_locale":"fr_FR","og_type":"article","og_title":"Aberdair Aviation Online Booking - Flights, Routes & Fares","og_description":"Looking for Aberdair Aviation online booking - flights, routes, fares & app in Kenya & Ghana. Book cheap Aberdair flight tickets now","og_url":"https:\/\/tiketi.com\/fr-fr\/provider\/flights\/aberdair-aviation\/","og_site_name":"Tiketi.com","article_publisher":"https:\/\/www.facebook.com\/TiketiCom\/","article_modified_time":"2024-01-09T09:58:09+00:00","og_image":[{"width":1200,"height":240,"url":"https:\/\/tiketi.com\/wp-content\/uploads\/2022\/01\/flight-ticket-booking-sorasak-KxCJXXGsv9I-unsplas.jpg","type":"image\/jpeg"}],"twitter_card":"summary_large_image","twitter_misc":{"Dur\u00e9e de lecture estim\u00e9e":"2 minutes"},"schema":{"@context":"https:\/\/schema.org","@graph":[{"@type":"WebPage","@id":"https:\/\/tiketi.com\/provider\/flights\/aberdair-aviation\/","url":"https:\/\/tiketi.com\/provider\/flights\/aberdair-aviation\/","name":"Aberdair Aviation Online Booking - Flights, Routes & Fares","isPartOf":{"@id":"https:\/\/tiketi.com\/#website"},"primaryImageOfPage":{"@id":"https:\/\/tiketi.com\/provider\/flights\/aberdair-aviation\/#primaryimage"},"image":{"@id":"https:\/\/tiketi.com\/provider\/flights\/aberdair-aviation\/#primaryimage"},"thumbnailUrl":"https:\/\/tiketi.com\/wp-content\/uploads\/2022\/01\/flight-ticket-booking-sorasak-KxCJXXGsv9I-unsplas.jpg","datePublished":"2022-01-19T11:54:11+00:00","dateModified":"2024-01-09T09:58:09+00:00","description":"Looking for Aberdair Aviation online booking - flights, routes, fares & app in Kenya & Ghana. Book cheap Aberdair flight tickets now","breadcrumb":{"@id":"https:\/\/tiketi.com\/provider\/flights\/aberdair-aviation\/#breadcrumb"},"inLanguage":"fr-FR","potentialAction":[{"@type":"ReadAction","target":["https:\/\/tiketi.com\/provider\/flights\/aberdair-aviation\/"]}]},{"@type":"ImageObject","inLanguage":"fr-FR","@id":"https:\/\/tiketi.com\/provider\/flights\/aberdair-aviation\/#primaryimage","url":"https:\/\/tiketi.com\/wp-content\/uploads\/2022\/01\/flight-ticket-booking-sorasak-KxCJXXGsv9I-unsplas.jpg","contentUrl":"https:\/\/tiketi.com\/wp-content\/uploads\/2022\/01\/flight-ticket-booking-sorasak-KxCJXXGsv9I-unsplas.jpg","width":1200,"height":240,"caption":"Online flight ticket booking"},{"@type":"BreadcrumbList","@id":"https:\/\/tiketi.com\/provider\/flights\/aberdair-aviation\/#breadcrumb","itemListElement":[{"@type":"ListItem","position":1,"name":"Home","item":"https:\/\/tiketi.com\/"},{"@type":"ListItem","position":2,"name":"Provider","item":"https:\/\/tiketi.com\/provider\/"},{"@type":"ListItem","position":3,"name":"Flights","item":"https:\/\/tiketi.com\/provider\/flights\/"},{"@type":"ListItem","position":4,"name":"Aberdair Aviation Online Booking &#8211; Flights, Routes &#038; Fares"}]},{"@type":"WebSite","@id":"https:\/\/tiketi.com\/#website","url":"https:\/\/tiketi.com\/","name":"Billets d&#039;avion et de bus, forfaits touristiques et activit\u00e9s - Tiketi.com","description":"Billets d&#039;avion et de bus, Tours, Activit\u00e9s","publisher":{"@id":"https:\/\/tiketi.com\/#organization"},"potentialAction":[{"@type":"SearchAction","target":{"@type":"EntryPoint","urlTemplate":"https:\/\/tiketi.com\/?s={search_term_string}"},"query-input":{"@type":"PropertyValueSpecification","valueRequired":true,"valueName":"search_term_string"}}],"inLanguage":"fr-FR"},{"@type":"Organization","@id":"https:\/\/tiketi.com\/#organization","name":"Tiketi.com","alternateName":"Tiketi","url":"https:\/\/tiketi.com\/","logo":{"@type":"ImageObject","inLanguage":"fr-FR","@id":"https:\/\/tiketi.com\/#\/schema\/logo\/image\/","url":"https:\/\/tiketi.com\/wp-content\/uploads\/2019\/05\/tiketi-logo-696.png","contentUrl":"https:\/\/tiketi.com\/wp-content\/uploads\/2019\/05\/tiketi-logo-696.png","width":696,"height":696,"caption":"Tiketi.com"},"image":{"@id":"https:\/\/tiketi.com\/#\/schema\/logo\/image\/"},"sameAs":["https:\/\/www.facebook.com\/TiketiCom\/"]}]}},"_links":{"self":[{"href":"https:\/\/tiketi.com\/fr-fr\/wp-json\/wp\/v2\/pages\/11087","targetHints":{"allow":["GET"]}}],"collection":[{"href":"https:\/\/tiketi.com\/fr-fr\/wp-json\/wp\/v2\/pages"}],"about":[{"href":"https:\/\/tiketi.com\/fr-fr\/wp-json\/wp\/v2\/types\/page"}],"author":[{"embeddable":true,"href":"https:\/\/tiketi.com\/fr-fr\/wp-json\/wp\/v2\/users\/1"}],"replies":[{"embeddable":true,"href":"https:\/\/tiketi.com\/fr-fr\/wp-json\/wp\/v2\/comments?post=11087"}],"version-history":[{"count":0,"href":"https:\/\/tiketi.com\/fr-fr\/wp-json\/wp\/v2\/pages\/11087\/revisions"}],"up":[{"embeddable":true,"href":"https:\/\/tiketi.com\/fr-fr\/wp-json\/wp\/v2\/pages\/30305"}],"wp:featuredmedia":[{"embeddable":true,"href":"https:\/\/tiketi.com\/fr-fr\/wp-json\/wp\/v2\/media\/14041"}],"wp:attachment":[{"href":"https:\/\/tiketi.com\/fr-fr\/wp-json\/wp\/v2\/media?parent=11087"}],"curies":[{"name":"wp","href":"https:\/\/api.w.org\/{rel}","templated":true}]}}