{"id":11088,"date":"2022-01-19T12:54:11","date_gmt":"2022-01-19T11:54:11","guid":{"rendered":"https:\/\/new.tiketi.com\/tropical-air-online-booking-kenya-cheap-flights\/"},"modified":"2022-02-23T12:14:00","modified_gmt":"2022-02-23T11:14:00","slug":"tropical-air-online-flight-booking","status":"publish","type":"page","link":"https:\/\/tiketi.com\/fr-fr\/tropical-air-online-flight-booking\/","title":{"rendered":"Tropical Air R\u00e9servation en ligne Kenya \u2013 Vols pas chers"},"content":{"rendered":"<h2>R\u00e9servation de vols avec Tropical Air Zanzibar, Tanzanie, Afrique de l&#039;Est<\/h2>\n<h3>Comparez et r\u00e9servez vos billets Tropical Air pas chers en ligne d\u00e8s maintenant.<\/h3>\n<p>Recherchez, comparez et effectuez des r\u00e9servations en ligne \u00e0 bas prix Tropical Air \u00e0 Zanzibar, Tanzanie, Afrique de l&#039;Est. Tropical Air est une compagnie a\u00e9rienne priv\u00e9e bas\u00e9e \u00e0 Zanzibar. Cr\u00e9\u00e9e en 1999, avec son hub cl\u00e9 situ\u00e9 \u00e0 l&#039;a\u00e9roport international Abeid Amani Karume, la compagnie a\u00e9rienne a continu\u00e9 de cro\u00eetre \u00e0 pas de g\u00e9ant. Faites la r\u00e9servation de vols pas chers Tropical Air en ligne maintenant et \u00e9conomisez du temps et de l&#039;argent.<\/p>\n<h2>FAQ sur la r\u00e9servation en ligne de Tropical Air<\/h2>\n<h3>Destinations populaires de Tropical Air<\/h3>\n<p>L&#039;objectif est de devenir le leader incontest\u00e9 des liaisons int\u00e9rieures et des services a\u00e9riens charter au sein de Tanzani8a. avec une taille de flotte de neuf avions, Tropical Air est bien plac\u00e9 pour vous transporter ou transporter votre envoi en toute s\u00e9curit\u00e9 en Tanzanie. Tropical Air dessert plus de huit destinations depuis sa base \u00e0 l&#039;a\u00e9roport international Abeid Amani Karume de Zanzibar.<\/p>\n<p>Tropical Air vous offre la possibilit\u00e9 d&#039;explorer Zanzibar avec des vols r\u00e9guliers quotidiens entre Zanzibar, Dar es Salaam, Pemba et Mafia, avec des horaires de vol pratiques pour les loisirs ou les voyages d&#039;affaires.<\/p>\n<h3>Franchise de bagages<\/h3>\n<p>La franchise de bagages est l&#039;une des caract\u00e9ristiques \u00e9tonnantes de la compagnie a\u00e9rienne. Pour Tropical Air, le poids de bagage le plus \u00e9lev\u00e9 autoris\u00e9 par pi\u00e8ce est limit\u00e9 \u00e0 15 kg. Seuls les sacs souples sont autoris\u00e9s dans l&#039;avion. Les passagers peuvent transporter un bagage \u00e0 main de 5 kg. pour le fret et les exc\u00e9dents de bagages, les passagers seront factur\u00e9s environ $3 par kg.<\/p>\n<h3>Enregistrement<\/h3>\n<p>Les passagers voyageant avec Tropical Air sont invit\u00e9s \u00e0 s&#039;enregistrer 1 heure avant le d\u00e9part du vol.<\/p>\n<h3>Informations sur la flotte<\/h3>\n<p>La compagnie a\u00e9rienne dispose d&#039;une flotte de plus de sept appareils, dont deux tout nouveaux Cessna Grand Caravan, l&#039;ATR42-300, le LET410Turnbolet, l&#039;ATR42-320, l&#039;h\u00e9licopt\u00e8re l\u00e9ger monomoteur - Eurocopter AS350 B2 Ecureuil, et leurs anciennes flottes - Piper PA-28 Cherokee, Piper PA-28 Cherokee et Piper PA-28 Cherokee.<\/p>\n<h2>Conseils de r\u00e9servation de vol Tropical Air<\/h2>\n<p>La r\u00e9servation de vols Tropical Air propose des vols r\u00e9guliers localement \u00e0 travers Zanzibar et la Tanzanie. Il propose des vols r\u00e9guliers quotidiens vers les grandes villes de Tanzanie, ainsi que des services d&#039;affr\u00e8tement a\u00e9rien pour les clients cargo VIP, les \u00e9vacuations m\u00e9dicales ou le transport de fret. Il dispose d&#039;une franchise de bagages de taille mod\u00e9r\u00e9e et d&#039;un processus d&#039;enregistrement facile sans les goulots d&#039;\u00e9tranglement inutiles auxquels les passagers sont confront\u00e9s dans les a\u00e9roports.<\/p>","protected":false},"excerpt":{"rendered":"<p>Tropical Air Flight Booking Zanzibar, Tanzania, East Africa Compare and book your cheap Tropical Air tickets online now. Search, compare and do cheap Tropical Air online booking in Zanzibar, Tanzania, East Africa.\u00a0Tropical Air is a privately airline working out of Zanzibar. Established in 1999, with its key hub placed at Abeid Amani Karume International Airport, [&hellip;]<\/p>\n","protected":false},"author":1,"featured_media":14041,"parent":0,"menu_order":0,"comment_status":"open","ping_status":"closed","template":"template-home-modern.php","meta":{"footnotes":""},"class_list":["post-11088","page","type-page","status-publish","has-post-thumbnail","hentry"],"yoast_head":"<!-- This site is optimized with the Yoast SEO plugin v27.2 - https:\/\/yoast.com\/product\/yoast-seo-wordpress\/ -->\n<title>Tropical Air Online Booking Kenya - Cheap Flights<\/title>\n<meta name=\"description\" content=\"Looking for Tropical Air online booking in Zanzibar, Tanzania, East Africa? Do cheap Tropical Air flight booking Zanzibar, Tanzania, East Africa online now\" \/>\n<meta name=\"robots\" content=\"index, follow, max-snippet:-1, max-image-preview:large, max-video-preview:-1\" \/>\n<link rel=\"canonical\" href=\"https:\/\/tiketi.com\/fr-fr\/tropical-air-online-flight-booking\/\" \/>\n<meta property=\"og:locale\" content=\"fr_FR\" \/>\n<meta property=\"og:type\" content=\"article\" \/>\n<meta property=\"og:title\" content=\"Tropical Air Online Booking Kenya - Cheap Flights\" \/>\n<meta property=\"og:description\" content=\"Looking for Tropical Air online booking in Zanzibar, Tanzania, East Africa? Do cheap Tropical Air flight booking Zanzibar, Tanzania, East Africa online now\" \/>\n<meta property=\"og:url\" content=\"https:\/\/tiketi.com\/fr-fr\/tropical-air-online-flight-booking\/\" \/>\n<meta property=\"og:site_name\" content=\"Tiketi.com\" \/>\n<meta property=\"article:publisher\" content=\"https:\/\/www.facebook.com\/TiketiCom\/\" \/>\n<meta property=\"article:modified_time\" content=\"2022-02-23T11:14:00+00:00\" \/>\n<meta property=\"og:image\" content=\"https:\/\/tiketi.com\/wp-content\/uploads\/2022\/01\/flight-ticket-booking-sorasak-KxCJXXGsv9I-unsplas.jpg\" \/>\n\t<meta property=\"og:image:width\" content=\"1200\" \/>\n\t<meta property=\"og:image:height\" content=\"240\" \/>\n\t<meta property=\"og:image:type\" content=\"image\/jpeg\" \/>\n<meta name=\"twitter:card\" content=\"summary_large_image\" \/>\n<meta name=\"twitter:label1\" content=\"Dur\u00e9e de lecture estim\u00e9e\" \/>\n\t<meta name=\"twitter:data1\" content=\"2 minutes\" \/>\n<script type=\"application\/ld+json\" class=\"yoast-schema-graph\">{\"@context\":\"https:\/\/schema.org\",\"@graph\":[{\"@type\":\"WebPage\",\"@id\":\"https:\/\/tiketi.com\/tropical-air-online-flight-booking\/\",\"url\":\"https:\/\/tiketi.com\/tropical-air-online-flight-booking\/\",\"name\":\"Tropical Air Online Booking Kenya - Cheap Flights\",\"isPartOf\":{\"@id\":\"https:\/\/tiketi.com\/#website\"},\"primaryImageOfPage\":{\"@id\":\"https:\/\/tiketi.com\/tropical-air-online-flight-booking\/#primaryimage\"},\"image\":{\"@id\":\"https:\/\/tiketi.com\/tropical-air-online-flight-booking\/#primaryimage\"},\"thumbnailUrl\":\"https:\/\/tiketi.com\/wp-content\/uploads\/2022\/01\/flight-ticket-booking-sorasak-KxCJXXGsv9I-unsplas.jpg\",\"datePublished\":\"2022-01-19T11:54:11+00:00\",\"dateModified\":\"2022-02-23T11:14:00+00:00\",\"description\":\"Looking for Tropical Air online booking in Zanzibar, Tanzania, East Africa? Do cheap Tropical Air flight booking Zanzibar, Tanzania, East Africa online now\",\"breadcrumb\":{\"@id\":\"https:\/\/tiketi.com\/tropical-air-online-flight-booking\/#breadcrumb\"},\"inLanguage\":\"fr-FR\",\"potentialAction\":[{\"@type\":\"ReadAction\",\"target\":[\"https:\/\/tiketi.com\/tropical-air-online-flight-booking\/\"]}]},{\"@type\":\"ImageObject\",\"inLanguage\":\"fr-FR\",\"@id\":\"https:\/\/tiketi.com\/tropical-air-online-flight-booking\/#primaryimage\",\"url\":\"https:\/\/tiketi.com\/wp-content\/uploads\/2022\/01\/flight-ticket-booking-sorasak-KxCJXXGsv9I-unsplas.jpg\",\"contentUrl\":\"https:\/\/tiketi.com\/wp-content\/uploads\/2022\/01\/flight-ticket-booking-sorasak-KxCJXXGsv9I-unsplas.jpg\",\"width\":1200,\"height\":240,\"caption\":\"Online flight ticket booking\"},{\"@type\":\"BreadcrumbList\",\"@id\":\"https:\/\/tiketi.com\/tropical-air-online-flight-booking\/#breadcrumb\",\"itemListElement\":[{\"@type\":\"ListItem\",\"position\":1,\"name\":\"Home\",\"item\":\"https:\/\/tiketi.com\/\"},{\"@type\":\"ListItem\",\"position\":2,\"name\":\"Tropical Air Online Booking Kenya &#8211; Cheap Flights\"}]},{\"@type\":\"WebSite\",\"@id\":\"https:\/\/tiketi.com\/#website\",\"url\":\"https:\/\/tiketi.com\/\",\"name\":\"Flight & Bus Tickets, Tour Packages & Activitites - Tiketi.com\",\"description\":\"Flight &amp; Bus Tickets, Tours, Activitites\",\"publisher\":{\"@id\":\"https:\/\/tiketi.com\/#organization\"},\"potentialAction\":[{\"@type\":\"SearchAction\",\"target\":{\"@type\":\"EntryPoint\",\"urlTemplate\":\"https:\/\/tiketi.com\/?s={search_term_string}\"},\"query-input\":{\"@type\":\"PropertyValueSpecification\",\"valueRequired\":true,\"valueName\":\"search_term_string\"}}],\"inLanguage\":\"fr-FR\"},{\"@type\":\"Organization\",\"@id\":\"https:\/\/tiketi.com\/#organization\",\"name\":\"Tiketi.com\",\"alternateName\":\"Tiketi\",\"url\":\"https:\/\/tiketi.com\/\",\"logo\":{\"@type\":\"ImageObject\",\"inLanguage\":\"fr-FR\",\"@id\":\"https:\/\/tiketi.com\/#\/schema\/logo\/image\/\",\"url\":\"https:\/\/tiketi.com\/wp-content\/uploads\/2019\/05\/tiketi-logo-696.png\",\"contentUrl\":\"https:\/\/tiketi.com\/wp-content\/uploads\/2019\/05\/tiketi-logo-696.png\",\"width\":696,\"height\":696,\"caption\":\"Tiketi.com\"},\"image\":{\"@id\":\"https:\/\/tiketi.com\/#\/schema\/logo\/image\/\"},\"sameAs\":[\"https:\/\/www.facebook.com\/TiketiCom\/\"]}]}<\/script>\n<!-- \/ Yoast SEO plugin. -->","yoast_head_json":{"title":"Tropical Air R\u00e9servation en ligne Kenya - Vols pas chers","description":"Vous recherchez une r\u00e9servation en ligne Tropical Air \u00e0 Zanzibar, en Tanzanie, en Afrique de l&#039;Est? Faites la r\u00e9servation de vols pas chers Tropical Air Zanzibar, Tanzanie, Afrique de l&#039;Est en ligne maintenant","robots":{"index":"index","follow":"follow","max-snippet":"max-snippet:-1","max-image-preview":"max-image-preview:large","max-video-preview":"max-video-preview:-1"},"canonical":"https:\/\/tiketi.com\/fr-fr\/tropical-air-online-flight-booking\/","og_locale":"fr_FR","og_type":"article","og_title":"Tropical Air Online Booking Kenya - Cheap Flights","og_description":"Looking for Tropical Air online booking in Zanzibar, Tanzania, East Africa? Do cheap Tropical Air flight booking Zanzibar, Tanzania, East Africa online now","og_url":"https:\/\/tiketi.com\/fr-fr\/tropical-air-online-flight-booking\/","og_site_name":"Tiketi.com","article_publisher":"https:\/\/www.facebook.com\/TiketiCom\/","article_modified_time":"2022-02-23T11:14:00+00:00","og_image":[{"width":1200,"height":240,"url":"https:\/\/tiketi.com\/wp-content\/uploads\/2022\/01\/flight-ticket-booking-sorasak-KxCJXXGsv9I-unsplas.jpg","type":"image\/jpeg"}],"twitter_card":"summary_large_image","twitter_misc":{"Dur\u00e9e de lecture estim\u00e9e":"2 minutes"},"schema":{"@context":"https:\/\/schema.org","@graph":[{"@type":"WebPage","@id":"https:\/\/tiketi.com\/tropical-air-online-flight-booking\/","url":"https:\/\/tiketi.com\/tropical-air-online-flight-booking\/","name":"Tropical Air R\u00e9servation en ligne Kenya - Vols pas chers","isPartOf":{"@id":"https:\/\/tiketi.com\/#website"},"primaryImageOfPage":{"@id":"https:\/\/tiketi.com\/tropical-air-online-flight-booking\/#primaryimage"},"image":{"@id":"https:\/\/tiketi.com\/tropical-air-online-flight-booking\/#primaryimage"},"thumbnailUrl":"https:\/\/tiketi.com\/wp-content\/uploads\/2022\/01\/flight-ticket-booking-sorasak-KxCJXXGsv9I-unsplas.jpg","datePublished":"2022-01-19T11:54:11+00:00","dateModified":"2022-02-23T11:14:00+00:00","description":"Vous recherchez une r\u00e9servation en ligne Tropical Air \u00e0 Zanzibar, en Tanzanie, en Afrique de l&#039;Est? Faites la r\u00e9servation de vols pas chers Tropical Air Zanzibar, Tanzanie, Afrique de l&#039;Est en ligne maintenant","breadcrumb":{"@id":"https:\/\/tiketi.com\/tropical-air-online-flight-booking\/#breadcrumb"},"inLanguage":"fr-FR","potentialAction":[{"@type":"ReadAction","target":["https:\/\/tiketi.com\/tropical-air-online-flight-booking\/"]}]},{"@type":"ImageObject","inLanguage":"fr-FR","@id":"https:\/\/tiketi.com\/tropical-air-online-flight-booking\/#primaryimage","url":"https:\/\/tiketi.com\/wp-content\/uploads\/2022\/01\/flight-ticket-booking-sorasak-KxCJXXGsv9I-unsplas.jpg","contentUrl":"https:\/\/tiketi.com\/wp-content\/uploads\/2022\/01\/flight-ticket-booking-sorasak-KxCJXXGsv9I-unsplas.jpg","width":1200,"height":240,"caption":"Online flight ticket booking"},{"@type":"BreadcrumbList","@id":"https:\/\/tiketi.com\/tropical-air-online-flight-booking\/#breadcrumb","itemListElement":[{"@type":"ListItem","position":1,"name":"Home","item":"https:\/\/tiketi.com\/"},{"@type":"ListItem","position":2,"name":"Tropical Air Online Booking Kenya &#8211; Cheap Flights"}]},{"@type":"WebSite","@id":"https:\/\/tiketi.com\/#website","url":"https:\/\/tiketi.com\/","name":"Billets d&#039;avion et de bus, forfaits touristiques et activit\u00e9s - Tiketi.com","description":"Billets d&#039;avion et de bus, Tours, Activit\u00e9s","publisher":{"@id":"https:\/\/tiketi.com\/#organization"},"potentialAction":[{"@type":"SearchAction","target":{"@type":"EntryPoint","urlTemplate":"https:\/\/tiketi.com\/?s={search_term_string}"},"query-input":{"@type":"PropertyValueSpecification","valueRequired":true,"valueName":"search_term_string"}}],"inLanguage":"fr-FR"},{"@type":"Organization","@id":"https:\/\/tiketi.com\/#organization","name":"Tiketi.com","alternateName":"Tiketi","url":"https:\/\/tiketi.com\/","logo":{"@type":"ImageObject","inLanguage":"fr-FR","@id":"https:\/\/tiketi.com\/#\/schema\/logo\/image\/","url":"https:\/\/tiketi.com\/wp-content\/uploads\/2019\/05\/tiketi-logo-696.png","contentUrl":"https:\/\/tiketi.com\/wp-content\/uploads\/2019\/05\/tiketi-logo-696.png","width":696,"height":696,"caption":"Tiketi.com"},"image":{"@id":"https:\/\/tiketi.com\/#\/schema\/logo\/image\/"},"sameAs":["https:\/\/www.facebook.com\/TiketiCom\/"]}]}},"_links":{"self":[{"href":"https:\/\/tiketi.com\/fr-fr\/wp-json\/wp\/v2\/pages\/11088","targetHints":{"allow":["GET"]}}],"collection":[{"href":"https:\/\/tiketi.com\/fr-fr\/wp-json\/wp\/v2\/pages"}],"about":[{"href":"https:\/\/tiketi.com\/fr-fr\/wp-json\/wp\/v2\/types\/page"}],"author":[{"embeddable":true,"href":"https:\/\/tiketi.com\/fr-fr\/wp-json\/wp\/v2\/users\/1"}],"replies":[{"embeddable":true,"href":"https:\/\/tiketi.com\/fr-fr\/wp-json\/wp\/v2\/comments?post=11088"}],"version-history":[{"count":0,"href":"https:\/\/tiketi.com\/fr-fr\/wp-json\/wp\/v2\/pages\/11088\/revisions"}],"wp:featuredmedia":[{"embeddable":true,"href":"https:\/\/tiketi.com\/fr-fr\/wp-json\/wp\/v2\/media\/14041"}],"wp:attachment":[{"href":"https:\/\/tiketi.com\/fr-fr\/wp-json\/wp\/v2\/media?parent=11088"}],"curies":[{"name":"wp","href":"https:\/\/api.w.org\/{rel}","templated":true}]}}