{"id":11089,"date":"2022-01-19T12:54:13","date_gmt":"2022-01-19T11:54:13","guid":{"rendered":"https:\/\/new.tiketi.com\/zanair-online-booking-zanzibar-cheap-flights\/"},"modified":"2022-02-23T13:19:28","modified_gmt":"2022-02-23T12:19:28","slug":"zanair-online-flight-booking","status":"publish","type":"page","link":"https:\/\/tiketi.com\/fr-fr\/zanair-online-flight-booking\/","title":{"rendered":"R\u00e9servation en ligne Zanair pour Zanzibar \u2013 Vols pas chers"},"content":{"rendered":"<h2>R\u00e9servation de vols Zanair pour Zanzibar, Tanzanie, Afrique de l&#039;Est<\/h2>\n<h3>Comparez et r\u00e9servez d\u00e8s maintenant vos billets Zanair \u00e0 prix avantageux en ligne.<\/h3>\n<p>Recherchez, comparez et r\u00e9servez vos vols Zanair en ligne \u00e0 petit prix pour Zanzibar, en Tanzanie (Afrique de l&#039;Est). Zanair est une compagnie a\u00e9rienne assurant des vols int\u00e9rieurs depuis Zanzibar, en Tanzanie. Fond\u00e9e en 1992, elle est l&#039;une des compagnies a\u00e9riennes les plus r\u00e9put\u00e9es du pays. Sa flotte se compose de Cessna 207A, Cessna 404 Titan et Cessna 208B Grand Caravan. R\u00e9servez d\u00e8s maintenant vos vols Zanair en ligne \u00e0 prix avantageux et faites des \u00e9conomies de temps et d&#039;argent.<\/p>\n<p>Depuis le d\u00e9but de ses op\u00e9rations a\u00e9riennes en 1992, ZanAir n&#039;a cess\u00e9 de se forger une solide r\u00e9putation aupr\u00e8s d&#039;une client\u00e8le prestigieuse. Depuis plus de dix ans, ZanAir propose des services de vols charters de qualit\u00e9 au d\u00e9part de Zanzibar, destin\u00e9s aussi bien aux touristes qu&#039;aux voyageurs d&#039;affaires.<\/p>\n<h2>FAQ sur les r\u00e9servations en ligne Zanair<\/h2>\n<p>ZanAir est en lien avec de nombreux prestataires de services touristiques et peut vous en recommander un pour un voyage sans souci en Tanzanie. Depuis plus de dix ans, la compagnie r\u00e9pond avec succ\u00e8s aux besoins des entreprises et des touristes. Bas\u00e9e \u00e0 Zanzibar, elle offre des prestations de qualit\u00e9 \u00e0 sa client\u00e8le.<\/p>\n<h3>R\u00e9servation de vols Zanair pour destinations populaires<\/h3>\n<p>La compagnie a\u00e9rienne dessert de nombreuses destinations populaires en Tanzanie, ainsi que des r\u00e9gions recul\u00e9es et non am\u00e9nag\u00e9es en pleine brousse. Parmi celles-ci figurent Dar es Salaam, Arusha, l&#039;\u00eele de Pemba, la r\u00e9serve de gibier de Selous, le parc national de Saadani et Zanzibar.<\/p>\n<h3>Franchise de bagages<\/h3>\n<p>Les bagages \u00e0 main sont limit\u00e9s \u00e0 5 kg.<\/p>\n<h3>Bagages enregistr\u00e9s<\/h3>\n<p>Les avions de ZanAir ont une capacit\u00e9 r\u00e9duite (5 \u00e0 13 places). Par cons\u00e9quent, chaque bagage enregistr\u00e9 est limit\u00e9 \u00e0 15 kg. Il est conseill\u00e9 d&#039;utiliser des bagages souples.<\/p>\n<h3>Informations sur la flotte<\/h3>\n<h4>1 Cessna 207, l&#039;avion id\u00e9al pour les liaisons insulaires.<\/h4>\n<p>\u2022 Cinq places<br \/>\n\u2022 Moteur unique<br \/>\n\u2022 Id\u00e9al pour les vols panoramiques et de brousse<\/p>\n<h4>2 Cessna 208 B Grand Caravans<\/h4>\n<p>L&#039;avion le plus utilis\u00e9 dans le ciel tanzanien, id\u00e9al pour les vols long-courriers \u00e0 destination et en provenance des zones de safari, avec leurs conditions d&#039;atterrissage et de d\u00e9collage vari\u00e9es.<\/p>\n<p>\u2022 13 places<br \/>\n\u2022 Moteur unique<br \/>\n\u2022 Les meilleurs avions peuvent effectuer une grande vari\u00e9t\u00e9 de trajets.<\/p>\n<h2>Conseils de r\u00e9servation de vols Zanair<\/h2>\n<p>ZanAir propose d\u00e9sormais des offres de derni\u00e8re minute sur tous ses vols int\u00e9rieurs. En r\u00e9servant votre vol peu de temps avant le d\u00e9part, vous b\u00e9n\u00e9ficierez d&#039;un tarif r\u00e9duit sur une s\u00e9lection d&#039;itin\u00e9raires.<\/p>","protected":false},"excerpt":{"rendered":"<p>Zanair Flight Booking Zanzibar, Tanzania,\u00a0East Africa Compare and book your cheap Zanair tickets online now. Search, compare and do cheap Zanair online booking in Zanzibar, Tanzania,\u00a0East Africa.\u00a0ZanAir is a domestic route airline based in Zanzibar, Tanzania. It was founded in Zanzibar in 1992 and is one of Tanzania most famous airlines. Its fleet consists of [&hellip;]<\/p>\n","protected":false},"author":1,"featured_media":14041,"parent":0,"menu_order":0,"comment_status":"open","ping_status":"closed","template":"template-home-modern.php","meta":{"footnotes":""},"class_list":["post-11089","page","type-page","status-publish","has-post-thumbnail","hentry"],"yoast_head":"<!-- This site is optimized with the Yoast SEO plugin v27.5 - https:\/\/yoast.com\/product\/yoast-seo-wordpress\/ -->\n<title>Zanair Online Booking Zanzibar - Cheap Flights<\/title>\n<meta name=\"description\" content=\"Looking for Zanair online booking Zanzibar, Tanzania? Do cheap Zanair flight booking Zanzibar, Tanzania,\u00a0East Africa online now and save time and money\" \/>\n<meta name=\"robots\" content=\"index, follow, max-snippet:-1, max-image-preview:large, max-video-preview:-1\" \/>\n<link rel=\"canonical\" href=\"https:\/\/tiketi.com\/fr-fr\/zanair-online-flight-booking\/\" \/>\n<meta property=\"og:locale\" content=\"fr_FR\" \/>\n<meta property=\"og:type\" content=\"article\" \/>\n<meta property=\"og:title\" content=\"Zanair Online Booking Zanzibar - Cheap Flights\" \/>\n<meta property=\"og:description\" content=\"Looking for Zanair online booking Zanzibar, Tanzania? Do cheap Zanair flight booking Zanzibar, Tanzania,\u00a0East Africa online now and save time and money\" \/>\n<meta property=\"og:url\" content=\"https:\/\/tiketi.com\/fr-fr\/zanair-online-flight-booking\/\" \/>\n<meta property=\"og:site_name\" content=\"Tiketi.com\" \/>\n<meta property=\"article:publisher\" content=\"https:\/\/www.facebook.com\/TiketiCom\/\" \/>\n<meta property=\"article:modified_time\" content=\"2022-02-23T12:19:28+00:00\" \/>\n<meta property=\"og:image\" content=\"https:\/\/tiketi.com\/wp-content\/uploads\/2022\/01\/flight-ticket-booking-sorasak-KxCJXXGsv9I-unsplas.jpg\" \/>\n\t<meta property=\"og:image:width\" content=\"1200\" \/>\n\t<meta property=\"og:image:height\" content=\"240\" \/>\n\t<meta property=\"og:image:type\" content=\"image\/jpeg\" \/>\n<meta name=\"twitter:card\" content=\"summary_large_image\" \/>\n<meta name=\"twitter:label1\" content=\"Dur\u00e9e de lecture estim\u00e9e\" \/>\n\t<meta name=\"twitter:data1\" content=\"2 minutes\" \/>\n<script type=\"application\/ld+json\" class=\"yoast-schema-graph\">{\"@context\":\"https:\\\/\\\/schema.org\",\"@graph\":[{\"@type\":\"WebPage\",\"@id\":\"https:\\\/\\\/tiketi.com\\\/zanair-online-flight-booking\\\/\",\"url\":\"https:\\\/\\\/tiketi.com\\\/zanair-online-flight-booking\\\/\",\"name\":\"Zanair Online Booking Zanzibar - Cheap Flights\",\"isPartOf\":{\"@id\":\"https:\\\/\\\/tiketi.com\\\/#website\"},\"primaryImageOfPage\":{\"@id\":\"https:\\\/\\\/tiketi.com\\\/zanair-online-flight-booking\\\/#primaryimage\"},\"image\":{\"@id\":\"https:\\\/\\\/tiketi.com\\\/zanair-online-flight-booking\\\/#primaryimage\"},\"thumbnailUrl\":\"https:\\\/\\\/tiketi.com\\\/wp-content\\\/uploads\\\/2022\\\/01\\\/flight-ticket-booking-sorasak-KxCJXXGsv9I-unsplas.jpg\",\"datePublished\":\"2022-01-19T11:54:13+00:00\",\"dateModified\":\"2022-02-23T12:19:28+00:00\",\"description\":\"Looking for Zanair online booking Zanzibar, Tanzania? Do cheap Zanair flight booking Zanzibar, Tanzania,\u00a0East Africa online now and save time and money\",\"breadcrumb\":{\"@id\":\"https:\\\/\\\/tiketi.com\\\/zanair-online-flight-booking\\\/#breadcrumb\"},\"inLanguage\":\"fr-FR\",\"potentialAction\":[{\"@type\":\"ReadAction\",\"target\":[\"https:\\\/\\\/tiketi.com\\\/zanair-online-flight-booking\\\/\"]}]},{\"@type\":\"ImageObject\",\"inLanguage\":\"fr-FR\",\"@id\":\"https:\\\/\\\/tiketi.com\\\/zanair-online-flight-booking\\\/#primaryimage\",\"url\":\"https:\\\/\\\/tiketi.com\\\/wp-content\\\/uploads\\\/2022\\\/01\\\/flight-ticket-booking-sorasak-KxCJXXGsv9I-unsplas.jpg\",\"contentUrl\":\"https:\\\/\\\/tiketi.com\\\/wp-content\\\/uploads\\\/2022\\\/01\\\/flight-ticket-booking-sorasak-KxCJXXGsv9I-unsplas.jpg\",\"width\":1200,\"height\":240,\"caption\":\"Online flight ticket booking\"},{\"@type\":\"BreadcrumbList\",\"@id\":\"https:\\\/\\\/tiketi.com\\\/zanair-online-flight-booking\\\/#breadcrumb\",\"itemListElement\":[{\"@type\":\"ListItem\",\"position\":1,\"name\":\"Home\",\"item\":\"https:\\\/\\\/tiketi.com\\\/\"},{\"@type\":\"ListItem\",\"position\":2,\"name\":\"Zanair Online Booking Zanzibar &#8211; Cheap Flights\"}]},{\"@type\":\"WebSite\",\"@id\":\"https:\\\/\\\/tiketi.com\\\/#website\",\"url\":\"https:\\\/\\\/tiketi.com\\\/\",\"name\":\"Flight & Bus Tickets, Tour Packages & Activitites - Tiketi.com\",\"description\":\"Flight &amp; Bus Tickets, Tours, Activitites\",\"publisher\":{\"@id\":\"https:\\\/\\\/tiketi.com\\\/#organization\"},\"potentialAction\":[{\"@type\":\"SearchAction\",\"target\":{\"@type\":\"EntryPoint\",\"urlTemplate\":\"https:\\\/\\\/tiketi.com\\\/?s={search_term_string}\"},\"query-input\":{\"@type\":\"PropertyValueSpecification\",\"valueRequired\":true,\"valueName\":\"search_term_string\"}}],\"inLanguage\":\"fr-FR\"},{\"@type\":\"Organization\",\"@id\":\"https:\\\/\\\/tiketi.com\\\/#organization\",\"name\":\"Tiketi.com\",\"alternateName\":\"Tiketi\",\"url\":\"https:\\\/\\\/tiketi.com\\\/\",\"logo\":{\"@type\":\"ImageObject\",\"inLanguage\":\"fr-FR\",\"@id\":\"https:\\\/\\\/tiketi.com\\\/#\\\/schema\\\/logo\\\/image\\\/\",\"url\":\"https:\\\/\\\/tiketi.com\\\/wp-content\\\/uploads\\\/2019\\\/05\\\/tiketi-logo-696.png\",\"contentUrl\":\"https:\\\/\\\/tiketi.com\\\/wp-content\\\/uploads\\\/2019\\\/05\\\/tiketi-logo-696.png\",\"width\":696,\"height\":696,\"caption\":\"Tiketi.com\"},\"image\":{\"@id\":\"https:\\\/\\\/tiketi.com\\\/#\\\/schema\\\/logo\\\/image\\\/\"},\"sameAs\":[\"https:\\\/\\\/www.facebook.com\\\/TiketiCom\\\/\"]}]}<\/script>\n<!-- \/ Yoast SEO plugin. -->","yoast_head_json":{"title":"R\u00e9servation en ligne Zanair pour Zanzibar - Vols pas chers","description":"Vous cherchez \u00e0 r\u00e9server un vol Zanair pour Zanzibar, en Tanzanie\u00a0? R\u00e9servez d\u00e8s maintenant vos vols Zanair pas chers pour Zanzibar, en Tanzanie (Afrique de l&#039;Est), et gagnez du temps et de l&#039;argent.","robots":{"index":"index","follow":"follow","max-snippet":"max-snippet:-1","max-image-preview":"max-image-preview:large","max-video-preview":"max-video-preview:-1"},"canonical":"https:\/\/tiketi.com\/fr-fr\/zanair-online-flight-booking\/","og_locale":"fr_FR","og_type":"article","og_title":"Zanair Online Booking Zanzibar - Cheap Flights","og_description":"Looking for Zanair online booking Zanzibar, Tanzania? Do cheap Zanair flight booking Zanzibar, Tanzania,\u00a0East Africa online now and save time and money","og_url":"https:\/\/tiketi.com\/fr-fr\/zanair-online-flight-booking\/","og_site_name":"Tiketi.com","article_publisher":"https:\/\/www.facebook.com\/TiketiCom\/","article_modified_time":"2022-02-23T12:19:28+00:00","og_image":[{"width":1200,"height":240,"url":"https:\/\/tiketi.com\/wp-content\/uploads\/2022\/01\/flight-ticket-booking-sorasak-KxCJXXGsv9I-unsplas.jpg","type":"image\/jpeg"}],"twitter_card":"summary_large_image","twitter_misc":{"Dur\u00e9e de lecture estim\u00e9e":"2 minutes"},"schema":{"@context":"https:\/\/schema.org","@graph":[{"@type":"WebPage","@id":"https:\/\/tiketi.com\/zanair-online-flight-booking\/","url":"https:\/\/tiketi.com\/zanair-online-flight-booking\/","name":"R\u00e9servation en ligne Zanair pour Zanzibar - Vols pas chers","isPartOf":{"@id":"https:\/\/tiketi.com\/#website"},"primaryImageOfPage":{"@id":"https:\/\/tiketi.com\/zanair-online-flight-booking\/#primaryimage"},"image":{"@id":"https:\/\/tiketi.com\/zanair-online-flight-booking\/#primaryimage"},"thumbnailUrl":"https:\/\/tiketi.com\/wp-content\/uploads\/2022\/01\/flight-ticket-booking-sorasak-KxCJXXGsv9I-unsplas.jpg","datePublished":"2022-01-19T11:54:13+00:00","dateModified":"2022-02-23T12:19:28+00:00","description":"Vous cherchez \u00e0 r\u00e9server un vol Zanair pour Zanzibar, en Tanzanie\u00a0? R\u00e9servez d\u00e8s maintenant vos vols Zanair pas chers pour Zanzibar, en Tanzanie (Afrique de l&#039;Est), et gagnez du temps et de l&#039;argent.","breadcrumb":{"@id":"https:\/\/tiketi.com\/zanair-online-flight-booking\/#breadcrumb"},"inLanguage":"fr-FR","potentialAction":[{"@type":"ReadAction","target":["https:\/\/tiketi.com\/zanair-online-flight-booking\/"]}]},{"@type":"ImageObject","inLanguage":"fr-FR","@id":"https:\/\/tiketi.com\/zanair-online-flight-booking\/#primaryimage","url":"https:\/\/tiketi.com\/wp-content\/uploads\/2022\/01\/flight-ticket-booking-sorasak-KxCJXXGsv9I-unsplas.jpg","contentUrl":"https:\/\/tiketi.com\/wp-content\/uploads\/2022\/01\/flight-ticket-booking-sorasak-KxCJXXGsv9I-unsplas.jpg","width":1200,"height":240,"caption":"Online flight ticket booking"},{"@type":"BreadcrumbList","@id":"https:\/\/tiketi.com\/zanair-online-flight-booking\/#breadcrumb","itemListElement":[{"@type":"ListItem","position":1,"name":"Home","item":"https:\/\/tiketi.com\/"},{"@type":"ListItem","position":2,"name":"Zanair Online Booking Zanzibar &#8211; Cheap Flights"}]},{"@type":"WebSite","@id":"https:\/\/tiketi.com\/#website","url":"https:\/\/tiketi.com\/","name":"Billets d&#039;avion et de bus, forfaits touristiques et activit\u00e9s - Tiketi.com","description":"Billets d&#039;avion et de bus, Tours, Activit\u00e9s","publisher":{"@id":"https:\/\/tiketi.com\/#organization"},"potentialAction":[{"@type":"SearchAction","target":{"@type":"EntryPoint","urlTemplate":"https:\/\/tiketi.com\/?s={search_term_string}"},"query-input":{"@type":"PropertyValueSpecification","valueRequired":true,"valueName":"search_term_string"}}],"inLanguage":"fr-FR"},{"@type":"Organization","@id":"https:\/\/tiketi.com\/#organization","name":"Tiketi.com","alternateName":"Tiketi","url":"https:\/\/tiketi.com\/","logo":{"@type":"ImageObject","inLanguage":"fr-FR","@id":"https:\/\/tiketi.com\/#\/schema\/logo\/image\/","url":"https:\/\/tiketi.com\/wp-content\/uploads\/2019\/05\/tiketi-logo-696.png","contentUrl":"https:\/\/tiketi.com\/wp-content\/uploads\/2019\/05\/tiketi-logo-696.png","width":696,"height":696,"caption":"Tiketi.com"},"image":{"@id":"https:\/\/tiketi.com\/#\/schema\/logo\/image\/"},"sameAs":["https:\/\/www.facebook.com\/TiketiCom\/"]}]}},"_links":{"self":[{"href":"https:\/\/tiketi.com\/fr-fr\/wp-json\/wp\/v2\/pages\/11089","targetHints":{"allow":["GET"]}}],"collection":[{"href":"https:\/\/tiketi.com\/fr-fr\/wp-json\/wp\/v2\/pages"}],"about":[{"href":"https:\/\/tiketi.com\/fr-fr\/wp-json\/wp\/v2\/types\/page"}],"author":[{"embeddable":true,"href":"https:\/\/tiketi.com\/fr-fr\/wp-json\/wp\/v2\/users\/1"}],"replies":[{"embeddable":true,"href":"https:\/\/tiketi.com\/fr-fr\/wp-json\/wp\/v2\/comments?post=11089"}],"version-history":[{"count":0,"href":"https:\/\/tiketi.com\/fr-fr\/wp-json\/wp\/v2\/pages\/11089\/revisions"}],"wp:featuredmedia":[{"embeddable":true,"href":"https:\/\/tiketi.com\/fr-fr\/wp-json\/wp\/v2\/media\/14041"}],"wp:attachment":[{"href":"https:\/\/tiketi.com\/fr-fr\/wp-json\/wp\/v2\/media?parent=11089"}],"curies":[{"name":"wp","href":"https:\/\/api.w.org\/{rel}","templated":true}]}}