{"id":11090,"date":"2022-01-19T12:54:13","date_gmt":"2022-01-19T11:54:13","guid":{"rendered":"https:\/\/new.tiketi.com\/trans-nation-airways-online-booking-kenya-cheap-flights\/"},"modified":"2022-02-22T15:36:55","modified_gmt":"2022-02-22T14:36:55","slug":"trans-nation-airways-online-booking","status":"publish","type":"page","link":"https:\/\/tiketi.com\/fr-fr\/trans-nation-airways-online-booking\/","title":{"rendered":"R\u00e9servation en ligne Trans Nation Airways \u00c9thiopie \u2013 Vols pas chers"},"content":{"rendered":"<h2>R\u00e9servation de vols Trans Nation Airways \u00c9thiopie, Afrique de l&#039;Est<\/h2>\n<h3>Comparez et r\u00e9servez d\u00e8s maintenant vos billets Trans Nation Airways bon march\u00e9 en ligne.<\/h3>\n<p>Recherchez, comparez et effectuez des r\u00e9servations en ligne Trans Nation Airways bon march\u00e9 en \u00c9thiopie, Afrique de l&#039;Est. Si vous esp\u00e9rez visiter des destinations nationales populaires en \u00c9thiopie ou en Afrique de l&#039;Est, Trans Nation Airways facilite l&#039;affr\u00e8tement d&#039;un avion vers de tels endroits. La compagnie a\u00e9rienne met \u00e0 port\u00e9e de main des endroits moins fr\u00e9quent\u00e9s. R\u00e9servez d\u00e8s maintenant des vols Trans Nation Airways bon march\u00e9 en ligne et \u00e9conomisez du temps et de l&#039;argent.<\/p>\n<p>Trans Nation Airways Pvt. Ltd. Co, membre du groupe technologique MIDROC, offre \u00e0 ses clients les services de transport a\u00e9rien de passagers et de fret ainsi que les services de pulv\u00e9risation a\u00e9rienne les plus fiables et les plus s\u00fbrs. TNA a \u00e9t\u00e9 cr\u00e9\u00e9e en avril 2014, apr\u00e8s avoir re\u00e7u un certificat d&#039;op\u00e9rateur a\u00e9rien de l&#039;autorit\u00e9 \u00e9thiopienne de l&#039;aviation et un certificat d&#039;exploitation commerciale du minist\u00e8re du Commerce.<\/p>\n<h2>FAQ sur la r\u00e9servation en ligne de Trans Nation Airways<\/h2>\n<h3>R\u00e9servation de vols Trans Nation Airways vers des destinations c\u00e9l\u00e8bres<\/h3>\n<p>La compagnie a\u00e9rienne exploite des vols r\u00e9guliers depuis son hub d&#039;Addis-Abeba vers de nombreuses routes int\u00e9rieures.<\/p>\n<h3>Franchise de bagages<\/h3>\n<p>Tout bagage pesant plus de cinquante livres ou mesurant 8 pieds\/96 pouces sur 244 cm ne peut pas \u00eatre accept\u00e9 comme bagage enregistr\u00e9 comme n&#039;importe quel vol Trans National.<\/p>\n<h3>Enregistrement<\/h3>\n<p>Tout passager voyageant avec Trans Nation Airways doit se pr\u00e9senter \u00e0 la porte d&#039;embarquement au plus tard quinze minutes avant l&#039;heure d&#039;enregistrement pr\u00e9vue.<\/p>\n<h3>Informations sur la flotte<\/h3>\n<p>En ao\u00fbt 2016, la flotte de Trans Nation Airways comptait 2 avions, tous deux des Bombardier Dash8-Q200.<\/p>\n<p>La Trans Nation Airways Pvt. Ltd Co. est fi\u00e8re de fournir des services de qualit\u00e9 sup\u00e9rieure tels que\u00a0:<\/p>\n<p>Les services de transport a\u00e9rien de passagers et de fret les plus s\u00fbrs et les plus honn\u00eates.<\/p>\n<p>\u2022 Les choix de vols les plus relaxants et les plus abordables de la r\u00e9gion.<br \/>\n\u2022 Services d&#039;ambulance a\u00e9rienne<br \/>\n\u2022 Services de pulv\u00e9risation a\u00e9rienne de premier ordre \u00e0 ses clients<br \/>\n\u2022 Photographie a\u00e9rienne et tournage<br \/>\n\u2022 Lev\u00e9 a\u00e9rien<br \/>\n\u2022 Services d&#039;ambulance a\u00e9rienne<br \/>\n\u2022 Lev\u00e9 g\u00e9ophysique<\/p>\n<h2>Conseils pour la r\u00e9servation de vols Trans Nation Airways en \u00c9thiopie<\/h2>\n<p>Actuellement, TNA entreprend des op\u00e9rations d&#039;affr\u00e8tement et de location, au niveau national et international. Les deux avions Dash-8-200Q sont enti\u00e8rement \u00e9quip\u00e9s. ET-ALX est lou\u00e9 \u00e0 Bluebird Aviation du Soudan et ET-AKZ est \u00e9galement accessible en location Dry\/ACMI, de pr\u00e9f\u00e9rence dans les 2 Soudan. Les avions sont lou\u00e9s pour un minimum de 130 heures blocs chacun par mois, mais peuvent voler jusqu&#039;\u00e0 150 heures blocs si le locataire en a besoin.<\/p>","protected":false},"excerpt":{"rendered":"<p>Trans Nation Airways Flight Booking Ethiopia,\u00a0East Africa Compare and book your cheap Trans Nation Airways tickets online now. Search, compare and do cheap Trans Nation Airways online booking in Ethiopia, East Africa.\u00a0If you are hoping to visit domestic popular destinations in Ethiopia or within East Africa, Trans Nation Airways make it simple to charter a [&hellip;]<\/p>\n","protected":false},"author":1,"featured_media":14041,"parent":0,"menu_order":0,"comment_status":"open","ping_status":"closed","template":"template-home-modern.php","meta":{"footnotes":""},"class_list":["post-11090","page","type-page","status-publish","has-post-thumbnail","hentry"],"yoast_head":"<!-- This site is optimized with the Yoast SEO plugin v27.3 - https:\/\/yoast.com\/product\/yoast-seo-wordpress\/ -->\n<title>Trans Nation Airways Online Booking Kenya - Cheap Flights<\/title>\n<meta name=\"description\" content=\"Looking for Trans National Airways online booking in Ethiopia,\u00a0East Africa? Do cheap Trans National Airways flight booking Ethiopia,\u00a0East Africa online now\" \/>\n<meta name=\"robots\" content=\"index, follow, max-snippet:-1, max-image-preview:large, max-video-preview:-1\" \/>\n<link rel=\"canonical\" href=\"https:\/\/tiketi.com\/fr-fr\/trans-nation-airways-online-booking\/\" \/>\n<meta property=\"og:locale\" content=\"fr_FR\" \/>\n<meta property=\"og:type\" content=\"article\" \/>\n<meta property=\"og:title\" content=\"Trans Nation Airways Online Booking Kenya - Cheap Flights\" \/>\n<meta property=\"og:description\" content=\"Looking for Trans National Airways online booking in Ethiopia,\u00a0East Africa? Do cheap Trans National Airways flight booking Ethiopia,\u00a0East Africa online now\" \/>\n<meta property=\"og:url\" content=\"https:\/\/tiketi.com\/fr-fr\/trans-nation-airways-online-booking\/\" \/>\n<meta property=\"og:site_name\" content=\"Tiketi.com\" \/>\n<meta property=\"article:publisher\" content=\"https:\/\/www.facebook.com\/TiketiCom\/\" \/>\n<meta property=\"article:modified_time\" content=\"2022-02-22T14:36:55+00:00\" \/>\n<meta property=\"og:image\" content=\"https:\/\/tiketi.com\/wp-content\/uploads\/2022\/01\/flight-ticket-booking-sorasak-KxCJXXGsv9I-unsplas.jpg\" \/>\n\t<meta property=\"og:image:width\" content=\"1200\" \/>\n\t<meta property=\"og:image:height\" content=\"240\" \/>\n\t<meta property=\"og:image:type\" content=\"image\/jpeg\" \/>\n<meta name=\"twitter:card\" content=\"summary_large_image\" \/>\n<meta name=\"twitter:label1\" content=\"Dur\u00e9e de lecture estim\u00e9e\" \/>\n\t<meta name=\"twitter:data1\" content=\"2 minutes\" \/>\n<script type=\"application\/ld+json\" class=\"yoast-schema-graph\">{\"@context\":\"https:\\\/\\\/schema.org\",\"@graph\":[{\"@type\":\"WebPage\",\"@id\":\"https:\\\/\\\/tiketi.com\\\/trans-nation-airways-online-booking\\\/\",\"url\":\"https:\\\/\\\/tiketi.com\\\/trans-nation-airways-online-booking\\\/\",\"name\":\"Trans Nation Airways Online Booking Kenya - Cheap Flights\",\"isPartOf\":{\"@id\":\"https:\\\/\\\/tiketi.com\\\/#website\"},\"primaryImageOfPage\":{\"@id\":\"https:\\\/\\\/tiketi.com\\\/trans-nation-airways-online-booking\\\/#primaryimage\"},\"image\":{\"@id\":\"https:\\\/\\\/tiketi.com\\\/trans-nation-airways-online-booking\\\/#primaryimage\"},\"thumbnailUrl\":\"https:\\\/\\\/tiketi.com\\\/wp-content\\\/uploads\\\/2022\\\/01\\\/flight-ticket-booking-sorasak-KxCJXXGsv9I-unsplas.jpg\",\"datePublished\":\"2022-01-19T11:54:13+00:00\",\"dateModified\":\"2022-02-22T14:36:55+00:00\",\"description\":\"Looking for Trans National Airways online booking in Ethiopia,\u00a0East Africa? Do cheap Trans National Airways flight booking Ethiopia,\u00a0East Africa online now\",\"breadcrumb\":{\"@id\":\"https:\\\/\\\/tiketi.com\\\/trans-nation-airways-online-booking\\\/#breadcrumb\"},\"inLanguage\":\"fr-FR\",\"potentialAction\":[{\"@type\":\"ReadAction\",\"target\":[\"https:\\\/\\\/tiketi.com\\\/trans-nation-airways-online-booking\\\/\"]}]},{\"@type\":\"ImageObject\",\"inLanguage\":\"fr-FR\",\"@id\":\"https:\\\/\\\/tiketi.com\\\/trans-nation-airways-online-booking\\\/#primaryimage\",\"url\":\"https:\\\/\\\/tiketi.com\\\/wp-content\\\/uploads\\\/2022\\\/01\\\/flight-ticket-booking-sorasak-KxCJXXGsv9I-unsplas.jpg\",\"contentUrl\":\"https:\\\/\\\/tiketi.com\\\/wp-content\\\/uploads\\\/2022\\\/01\\\/flight-ticket-booking-sorasak-KxCJXXGsv9I-unsplas.jpg\",\"width\":1200,\"height\":240,\"caption\":\"Online flight ticket booking\"},{\"@type\":\"BreadcrumbList\",\"@id\":\"https:\\\/\\\/tiketi.com\\\/trans-nation-airways-online-booking\\\/#breadcrumb\",\"itemListElement\":[{\"@type\":\"ListItem\",\"position\":1,\"name\":\"Home\",\"item\":\"https:\\\/\\\/tiketi.com\\\/\"},{\"@type\":\"ListItem\",\"position\":2,\"name\":\"Trans Nation Airways Online Booking Ethiopia &#8211; Cheap Flights\"}]},{\"@type\":\"WebSite\",\"@id\":\"https:\\\/\\\/tiketi.com\\\/#website\",\"url\":\"https:\\\/\\\/tiketi.com\\\/\",\"name\":\"Flight & Bus Tickets, Tour Packages & Activitites - Tiketi.com\",\"description\":\"Flight &amp; Bus Tickets, Tours, Activitites\",\"publisher\":{\"@id\":\"https:\\\/\\\/tiketi.com\\\/#organization\"},\"potentialAction\":[{\"@type\":\"SearchAction\",\"target\":{\"@type\":\"EntryPoint\",\"urlTemplate\":\"https:\\\/\\\/tiketi.com\\\/?s={search_term_string}\"},\"query-input\":{\"@type\":\"PropertyValueSpecification\",\"valueRequired\":true,\"valueName\":\"search_term_string\"}}],\"inLanguage\":\"fr-FR\"},{\"@type\":\"Organization\",\"@id\":\"https:\\\/\\\/tiketi.com\\\/#organization\",\"name\":\"Tiketi.com\",\"alternateName\":\"Tiketi\",\"url\":\"https:\\\/\\\/tiketi.com\\\/\",\"logo\":{\"@type\":\"ImageObject\",\"inLanguage\":\"fr-FR\",\"@id\":\"https:\\\/\\\/tiketi.com\\\/#\\\/schema\\\/logo\\\/image\\\/\",\"url\":\"https:\\\/\\\/tiketi.com\\\/wp-content\\\/uploads\\\/2019\\\/05\\\/tiketi-logo-696.png\",\"contentUrl\":\"https:\\\/\\\/tiketi.com\\\/wp-content\\\/uploads\\\/2019\\\/05\\\/tiketi-logo-696.png\",\"width\":696,\"height\":696,\"caption\":\"Tiketi.com\"},\"image\":{\"@id\":\"https:\\\/\\\/tiketi.com\\\/#\\\/schema\\\/logo\\\/image\\\/\"},\"sameAs\":[\"https:\\\/\\\/www.facebook.com\\\/TiketiCom\\\/\"]}]}<\/script>\n<!-- \/ Yoast SEO plugin. -->","yoast_head_json":{"title":"R\u00e9servation en ligne de Trans Nation Airways Kenya - Vols pas chers","description":"Vous recherchez une r\u00e9servation en ligne sur Trans National Airways en \u00c9thiopie, en Afrique de l&#039;Est ? R\u00e9servez des vols pas chers avec Trans National Airways en \u00c9thiopie, Afrique de l&#039;Est en ligne maintenant","robots":{"index":"index","follow":"follow","max-snippet":"max-snippet:-1","max-image-preview":"max-image-preview:large","max-video-preview":"max-video-preview:-1"},"canonical":"https:\/\/tiketi.com\/fr-fr\/trans-nation-airways-online-booking\/","og_locale":"fr_FR","og_type":"article","og_title":"Trans Nation Airways Online Booking Kenya - Cheap Flights","og_description":"Looking for Trans National Airways online booking in Ethiopia,\u00a0East Africa? Do cheap Trans National Airways flight booking Ethiopia,\u00a0East Africa online now","og_url":"https:\/\/tiketi.com\/fr-fr\/trans-nation-airways-online-booking\/","og_site_name":"Tiketi.com","article_publisher":"https:\/\/www.facebook.com\/TiketiCom\/","article_modified_time":"2022-02-22T14:36:55+00:00","og_image":[{"width":1200,"height":240,"url":"https:\/\/tiketi.com\/wp-content\/uploads\/2022\/01\/flight-ticket-booking-sorasak-KxCJXXGsv9I-unsplas.jpg","type":"image\/jpeg"}],"twitter_card":"summary_large_image","twitter_misc":{"Dur\u00e9e de lecture estim\u00e9e":"2 minutes"},"schema":{"@context":"https:\/\/schema.org","@graph":[{"@type":"WebPage","@id":"https:\/\/tiketi.com\/trans-nation-airways-online-booking\/","url":"https:\/\/tiketi.com\/trans-nation-airways-online-booking\/","name":"R\u00e9servation en ligne de Trans Nation Airways Kenya - Vols pas chers","isPartOf":{"@id":"https:\/\/tiketi.com\/#website"},"primaryImageOfPage":{"@id":"https:\/\/tiketi.com\/trans-nation-airways-online-booking\/#primaryimage"},"image":{"@id":"https:\/\/tiketi.com\/trans-nation-airways-online-booking\/#primaryimage"},"thumbnailUrl":"https:\/\/tiketi.com\/wp-content\/uploads\/2022\/01\/flight-ticket-booking-sorasak-KxCJXXGsv9I-unsplas.jpg","datePublished":"2022-01-19T11:54:13+00:00","dateModified":"2022-02-22T14:36:55+00:00","description":"Vous recherchez une r\u00e9servation en ligne sur Trans National Airways en \u00c9thiopie, en Afrique de l&#039;Est ? R\u00e9servez des vols pas chers avec Trans National Airways en \u00c9thiopie, Afrique de l&#039;Est en ligne maintenant","breadcrumb":{"@id":"https:\/\/tiketi.com\/trans-nation-airways-online-booking\/#breadcrumb"},"inLanguage":"fr-FR","potentialAction":[{"@type":"ReadAction","target":["https:\/\/tiketi.com\/trans-nation-airways-online-booking\/"]}]},{"@type":"ImageObject","inLanguage":"fr-FR","@id":"https:\/\/tiketi.com\/trans-nation-airways-online-booking\/#primaryimage","url":"https:\/\/tiketi.com\/wp-content\/uploads\/2022\/01\/flight-ticket-booking-sorasak-KxCJXXGsv9I-unsplas.jpg","contentUrl":"https:\/\/tiketi.com\/wp-content\/uploads\/2022\/01\/flight-ticket-booking-sorasak-KxCJXXGsv9I-unsplas.jpg","width":1200,"height":240,"caption":"Online flight ticket booking"},{"@type":"BreadcrumbList","@id":"https:\/\/tiketi.com\/trans-nation-airways-online-booking\/#breadcrumb","itemListElement":[{"@type":"ListItem","position":1,"name":"Home","item":"https:\/\/tiketi.com\/"},{"@type":"ListItem","position":2,"name":"Trans Nation Airways Online Booking Ethiopia &#8211; Cheap Flights"}]},{"@type":"WebSite","@id":"https:\/\/tiketi.com\/#website","url":"https:\/\/tiketi.com\/","name":"Billets d&#039;avion et de bus, forfaits touristiques et activit\u00e9s - Tiketi.com","description":"Billets d&#039;avion et de bus, Tours, Activit\u00e9s","publisher":{"@id":"https:\/\/tiketi.com\/#organization"},"potentialAction":[{"@type":"SearchAction","target":{"@type":"EntryPoint","urlTemplate":"https:\/\/tiketi.com\/?s={search_term_string}"},"query-input":{"@type":"PropertyValueSpecification","valueRequired":true,"valueName":"search_term_string"}}],"inLanguage":"fr-FR"},{"@type":"Organization","@id":"https:\/\/tiketi.com\/#organization","name":"Tiketi.com","alternateName":"Tiketi","url":"https:\/\/tiketi.com\/","logo":{"@type":"ImageObject","inLanguage":"fr-FR","@id":"https:\/\/tiketi.com\/#\/schema\/logo\/image\/","url":"https:\/\/tiketi.com\/wp-content\/uploads\/2019\/05\/tiketi-logo-696.png","contentUrl":"https:\/\/tiketi.com\/wp-content\/uploads\/2019\/05\/tiketi-logo-696.png","width":696,"height":696,"caption":"Tiketi.com"},"image":{"@id":"https:\/\/tiketi.com\/#\/schema\/logo\/image\/"},"sameAs":["https:\/\/www.facebook.com\/TiketiCom\/"]}]}},"_links":{"self":[{"href":"https:\/\/tiketi.com\/fr-fr\/wp-json\/wp\/v2\/pages\/11090","targetHints":{"allow":["GET"]}}],"collection":[{"href":"https:\/\/tiketi.com\/fr-fr\/wp-json\/wp\/v2\/pages"}],"about":[{"href":"https:\/\/tiketi.com\/fr-fr\/wp-json\/wp\/v2\/types\/page"}],"author":[{"embeddable":true,"href":"https:\/\/tiketi.com\/fr-fr\/wp-json\/wp\/v2\/users\/1"}],"replies":[{"embeddable":true,"href":"https:\/\/tiketi.com\/fr-fr\/wp-json\/wp\/v2\/comments?post=11090"}],"version-history":[{"count":0,"href":"https:\/\/tiketi.com\/fr-fr\/wp-json\/wp\/v2\/pages\/11090\/revisions"}],"wp:featuredmedia":[{"embeddable":true,"href":"https:\/\/tiketi.com\/fr-fr\/wp-json\/wp\/v2\/media\/14041"}],"wp:attachment":[{"href":"https:\/\/tiketi.com\/fr-fr\/wp-json\/wp\/v2\/media?parent=11090"}],"curies":[{"name":"wp","href":"https:\/\/api.w.org\/{rel}","templated":true}]}}