{"id":11091,"date":"2022-01-19T12:54:13","date_gmt":"2022-01-19T11:54:13","guid":{"rendered":"https:\/\/new.tiketi.com\/african-express-airways-online-booking-kenya-cheap-flights\/"},"modified":"2022-01-20T13:33:50","modified_gmt":"2022-01-20T12:33:50","slug":"african-express-airways-booking","status":"publish","type":"page","link":"https:\/\/tiketi.com\/fr-fr\/african-express-airways-booking\/","title":{"rendered":"African Express Airways R\u00e9servation en ligne Kenya \u2013 Vols pas chers"},"content":{"rendered":"<h2>R\u00e9servation de vol African Express Kenya, Afrique de l&#039;Est<\/h2>\n<h3>D\u00e9couvrez votre itin\u00e9raire de voyage sur le web, le mobile ou l&#039;application et r\u00e9servez des billets d&#039;avion African Express pas chers en ligne d\u00e8s maintenant.<\/h3>\n<p>Recherchez, comparez et faites des r\u00e9servations en ligne bon march\u00e9 d&#039;African Express Airways au Kenya. African Express Airway est une compagnie a\u00e9rienne k\u00e9nyane \u00e0 petite distance cr\u00e9\u00e9e en 1986. La compagnie a\u00e9rienne est bas\u00e9e \u00e0 l&#039;a\u00e9roport international Jomo Kenyatta et est la plus grande compagnie a\u00e9rienne priv\u00e9e d&#039;Afrique de l&#039;Est, se concentrant sur les voyageurs d&#039;affaires et de loisirs. Faites une r\u00e9servation de vol African Express pas cher en ligne maintenant et \u00e9conomisez du temps et de l&#039;argent.<\/p>\n<h2>African Express Airways R\u00e9servation en ligne Kenya, Afrique de l&#039;Est FAQ<\/h2>\n<h3>Informations sur la flotte<\/h3>\n<p>\u2022 1 Embraer EMB 120ER Brasilia<br \/>\n\u2022 1 Embraer EMB 120RT Brasilia<br \/>\n\u2022 1 Douglas DC-9-30<br \/>\n\u2022 2 McDonnell Douglas MD-82<br \/>\n\u2022 1 Bombardier CRJ200LR<\/p>\n<h3>Destinations d&#039;African Express Airways<\/h3>\n<p>La compagnie a\u00e9rienne dessert un large \u00e9ventail de destinations en Asie et en Afrique. African Express Airways transporte un total de trois cents passagers par jour et se rend dans trente pays dans son r\u00e9seau de liaisons int\u00e9rieures.<\/p>\n<h2>R\u00e9servation de vol African Express Kenya, Conseils pour l&#039;Afrique de l&#039;Est<\/h2>\n<p><strong>Moyeu<\/strong><\/p>\n<p>L&#039;a\u00e9roport international Jomo Kenyatta est un a\u00e9roport international de Nairobi, au Kenya et un a\u00e9roport central pour African Express Airways. L&#039;a\u00e9roport porte le nom de Jomo Kenyatta, le tout premier Premier ministre et pr\u00e9sident du Kenya. Il fait partie des dix a\u00e9roports les plus fr\u00e9quent\u00e9s d&#039;Afrique, avec plus de 7 millions de passagers par an. L&#039;a\u00e9roport dispose d&#039;une piste et de 2 terminaux, bien que le terminal soit divis\u00e9 en plusieurs zones diff\u00e9rentes.<\/p>\n<p>En plus d&#039;\u00eatre le centre d&#039;African Express Airways, Jomo Kenyatta international est \u00e9galement le centre de fly540, Kenya Airways et Jambojet.<\/p>","protected":false},"excerpt":{"rendered":"<p>African Express Flight Booking Kenya, East Africa Discover your travel route on web, mobile or app and book cheap\u00a0African Express flight tickets online now. Search, compare and do cheap African Express Airways online booking in Kenya. African Express Airway is a little-haul Kenyan airline established in 1986. The airline is based at Jomo Kenyatta International [&hellip;]<\/p>\n","protected":false},"author":1,"featured_media":14041,"parent":0,"menu_order":0,"comment_status":"open","ping_status":"closed","template":"template-home-modern.php","meta":{"footnotes":""},"class_list":["post-11091","page","type-page","status-publish","has-post-thumbnail","hentry"],"yoast_head":"<!-- This site is optimized with the Yoast SEO plugin v27.2 - https:\/\/yoast.com\/product\/yoast-seo-wordpress\/ -->\n<title>African Express Airways Online Booking Kenya - Cheap Flights<\/title>\n<meta name=\"description\" content=\"Looking for African Express Airways online booking in Kenya, app, fare &amp; timetable? Book cheap African Express flight tickets now\" \/>\n<meta name=\"robots\" content=\"index, follow, max-snippet:-1, max-image-preview:large, max-video-preview:-1\" \/>\n<link rel=\"canonical\" href=\"https:\/\/tiketi.com\/fr-fr\/african-express-airways-booking\/\" \/>\n<meta property=\"og:locale\" content=\"fr_FR\" \/>\n<meta property=\"og:type\" content=\"article\" \/>\n<meta property=\"og:title\" content=\"African Express Airways Online Booking Kenya - Cheap Flights\" \/>\n<meta property=\"og:description\" content=\"Looking for African Express Airways online booking in Kenya, app, fare &amp; timetable? Book cheap African Express flight tickets now\" \/>\n<meta property=\"og:url\" content=\"https:\/\/tiketi.com\/fr-fr\/african-express-airways-booking\/\" \/>\n<meta property=\"og:site_name\" content=\"Tiketi.com\" \/>\n<meta property=\"article:publisher\" content=\"https:\/\/www.facebook.com\/TiketiCom\/\" \/>\n<meta property=\"article:modified_time\" content=\"2022-01-20T12:33:50+00:00\" \/>\n<meta property=\"og:image\" content=\"https:\/\/tiketi.com\/wp-content\/uploads\/2022\/01\/flight-ticket-booking-sorasak-KxCJXXGsv9I-unsplas.jpg\" \/>\n\t<meta property=\"og:image:width\" content=\"1200\" \/>\n\t<meta property=\"og:image:height\" content=\"240\" \/>\n\t<meta property=\"og:image:type\" content=\"image\/jpeg\" \/>\n<meta name=\"twitter:card\" content=\"summary_large_image\" \/>\n<meta name=\"twitter:label1\" content=\"Dur\u00e9e de lecture estim\u00e9e\" \/>\n\t<meta name=\"twitter:data1\" content=\"2 minutes\" \/>\n<script type=\"application\/ld+json\" class=\"yoast-schema-graph\">{\"@context\":\"https:\/\/schema.org\",\"@graph\":[{\"@type\":\"WebPage\",\"@id\":\"https:\/\/tiketi.com\/african-express-airways-booking\/\",\"url\":\"https:\/\/tiketi.com\/african-express-airways-booking\/\",\"name\":\"African Express Airways Online Booking Kenya - Cheap Flights\",\"isPartOf\":{\"@id\":\"https:\/\/tiketi.com\/#website\"},\"primaryImageOfPage\":{\"@id\":\"https:\/\/tiketi.com\/african-express-airways-booking\/#primaryimage\"},\"image\":{\"@id\":\"https:\/\/tiketi.com\/african-express-airways-booking\/#primaryimage\"},\"thumbnailUrl\":\"https:\/\/tiketi.com\/wp-content\/uploads\/2022\/01\/flight-ticket-booking-sorasak-KxCJXXGsv9I-unsplas.jpg\",\"datePublished\":\"2022-01-19T11:54:13+00:00\",\"dateModified\":\"2022-01-20T12:33:50+00:00\",\"description\":\"Looking for African Express Airways online booking in Kenya, app, fare & timetable? Book cheap African Express flight tickets now\",\"breadcrumb\":{\"@id\":\"https:\/\/tiketi.com\/african-express-airways-booking\/#breadcrumb\"},\"inLanguage\":\"fr-FR\",\"potentialAction\":[{\"@type\":\"ReadAction\",\"target\":[\"https:\/\/tiketi.com\/african-express-airways-booking\/\"]}]},{\"@type\":\"ImageObject\",\"inLanguage\":\"fr-FR\",\"@id\":\"https:\/\/tiketi.com\/african-express-airways-booking\/#primaryimage\",\"url\":\"https:\/\/tiketi.com\/wp-content\/uploads\/2022\/01\/flight-ticket-booking-sorasak-KxCJXXGsv9I-unsplas.jpg\",\"contentUrl\":\"https:\/\/tiketi.com\/wp-content\/uploads\/2022\/01\/flight-ticket-booking-sorasak-KxCJXXGsv9I-unsplas.jpg\",\"width\":1200,\"height\":240,\"caption\":\"Online flight ticket booking\"},{\"@type\":\"BreadcrumbList\",\"@id\":\"https:\/\/tiketi.com\/african-express-airways-booking\/#breadcrumb\",\"itemListElement\":[{\"@type\":\"ListItem\",\"position\":1,\"name\":\"Home\",\"item\":\"https:\/\/tiketi.com\/\"},{\"@type\":\"ListItem\",\"position\":2,\"name\":\"African Express Airways Online Booking Kenya &#8211; Cheap Flights\"}]},{\"@type\":\"WebSite\",\"@id\":\"https:\/\/tiketi.com\/#website\",\"url\":\"https:\/\/tiketi.com\/\",\"name\":\"Flight & Bus Tickets, Tour Packages & Activitites - Tiketi.com\",\"description\":\"Flight &amp; Bus Tickets, Tours, Activitites\",\"publisher\":{\"@id\":\"https:\/\/tiketi.com\/#organization\"},\"potentialAction\":[{\"@type\":\"SearchAction\",\"target\":{\"@type\":\"EntryPoint\",\"urlTemplate\":\"https:\/\/tiketi.com\/?s={search_term_string}\"},\"query-input\":{\"@type\":\"PropertyValueSpecification\",\"valueRequired\":true,\"valueName\":\"search_term_string\"}}],\"inLanguage\":\"fr-FR\"},{\"@type\":\"Organization\",\"@id\":\"https:\/\/tiketi.com\/#organization\",\"name\":\"Tiketi.com\",\"alternateName\":\"Tiketi\",\"url\":\"https:\/\/tiketi.com\/\",\"logo\":{\"@type\":\"ImageObject\",\"inLanguage\":\"fr-FR\",\"@id\":\"https:\/\/tiketi.com\/#\/schema\/logo\/image\/\",\"url\":\"https:\/\/tiketi.com\/wp-content\/uploads\/2019\/05\/tiketi-logo-696.png\",\"contentUrl\":\"https:\/\/tiketi.com\/wp-content\/uploads\/2019\/05\/tiketi-logo-696.png\",\"width\":696,\"height\":696,\"caption\":\"Tiketi.com\"},\"image\":{\"@id\":\"https:\/\/tiketi.com\/#\/schema\/logo\/image\/\"},\"sameAs\":[\"https:\/\/www.facebook.com\/TiketiCom\/\"]}]}<\/script>\n<!-- \/ Yoast SEO plugin. -->","yoast_head_json":{"title":"African Express Airways R\u00e9servation en ligne Kenya - Vols pas chers","description":"Vous recherchez une r\u00e9servation en ligne d&#039;African Express Airways au Kenya, une application, un tarif et un horaire\u00a0? R\u00e9servez maintenant des billets d&#039;avion African Express pas chers","robots":{"index":"index","follow":"follow","max-snippet":"max-snippet:-1","max-image-preview":"max-image-preview:large","max-video-preview":"max-video-preview:-1"},"canonical":"https:\/\/tiketi.com\/fr-fr\/african-express-airways-booking\/","og_locale":"fr_FR","og_type":"article","og_title":"African Express Airways Online Booking Kenya - Cheap Flights","og_description":"Looking for African Express Airways online booking in Kenya, app, fare & timetable? Book cheap African Express flight tickets now","og_url":"https:\/\/tiketi.com\/fr-fr\/african-express-airways-booking\/","og_site_name":"Tiketi.com","article_publisher":"https:\/\/www.facebook.com\/TiketiCom\/","article_modified_time":"2022-01-20T12:33:50+00:00","og_image":[{"width":1200,"height":240,"url":"https:\/\/tiketi.com\/wp-content\/uploads\/2022\/01\/flight-ticket-booking-sorasak-KxCJXXGsv9I-unsplas.jpg","type":"image\/jpeg"}],"twitter_card":"summary_large_image","twitter_misc":{"Dur\u00e9e de lecture estim\u00e9e":"2 minutes"},"schema":{"@context":"https:\/\/schema.org","@graph":[{"@type":"WebPage","@id":"https:\/\/tiketi.com\/african-express-airways-booking\/","url":"https:\/\/tiketi.com\/african-express-airways-booking\/","name":"African Express Airways R\u00e9servation en ligne Kenya - Vols pas chers","isPartOf":{"@id":"https:\/\/tiketi.com\/#website"},"primaryImageOfPage":{"@id":"https:\/\/tiketi.com\/african-express-airways-booking\/#primaryimage"},"image":{"@id":"https:\/\/tiketi.com\/african-express-airways-booking\/#primaryimage"},"thumbnailUrl":"https:\/\/tiketi.com\/wp-content\/uploads\/2022\/01\/flight-ticket-booking-sorasak-KxCJXXGsv9I-unsplas.jpg","datePublished":"2022-01-19T11:54:13+00:00","dateModified":"2022-01-20T12:33:50+00:00","description":"Vous recherchez une r\u00e9servation en ligne d&#039;African Express Airways au Kenya, une application, un tarif et un horaire\u00a0? R\u00e9servez maintenant des billets d&#039;avion African Express pas chers","breadcrumb":{"@id":"https:\/\/tiketi.com\/african-express-airways-booking\/#breadcrumb"},"inLanguage":"fr-FR","potentialAction":[{"@type":"ReadAction","target":["https:\/\/tiketi.com\/african-express-airways-booking\/"]}]},{"@type":"ImageObject","inLanguage":"fr-FR","@id":"https:\/\/tiketi.com\/african-express-airways-booking\/#primaryimage","url":"https:\/\/tiketi.com\/wp-content\/uploads\/2022\/01\/flight-ticket-booking-sorasak-KxCJXXGsv9I-unsplas.jpg","contentUrl":"https:\/\/tiketi.com\/wp-content\/uploads\/2022\/01\/flight-ticket-booking-sorasak-KxCJXXGsv9I-unsplas.jpg","width":1200,"height":240,"caption":"Online flight ticket booking"},{"@type":"BreadcrumbList","@id":"https:\/\/tiketi.com\/african-express-airways-booking\/#breadcrumb","itemListElement":[{"@type":"ListItem","position":1,"name":"Home","item":"https:\/\/tiketi.com\/"},{"@type":"ListItem","position":2,"name":"African Express Airways Online Booking Kenya &#8211; Cheap Flights"}]},{"@type":"WebSite","@id":"https:\/\/tiketi.com\/#website","url":"https:\/\/tiketi.com\/","name":"Billets d&#039;avion et de bus, forfaits touristiques et activit\u00e9s - Tiketi.com","description":"Billets d&#039;avion et de bus, Tours, Activit\u00e9s","publisher":{"@id":"https:\/\/tiketi.com\/#organization"},"potentialAction":[{"@type":"SearchAction","target":{"@type":"EntryPoint","urlTemplate":"https:\/\/tiketi.com\/?s={search_term_string}"},"query-input":{"@type":"PropertyValueSpecification","valueRequired":true,"valueName":"search_term_string"}}],"inLanguage":"fr-FR"},{"@type":"Organization","@id":"https:\/\/tiketi.com\/#organization","name":"Tiketi.com","alternateName":"Tiketi","url":"https:\/\/tiketi.com\/","logo":{"@type":"ImageObject","inLanguage":"fr-FR","@id":"https:\/\/tiketi.com\/#\/schema\/logo\/image\/","url":"https:\/\/tiketi.com\/wp-content\/uploads\/2019\/05\/tiketi-logo-696.png","contentUrl":"https:\/\/tiketi.com\/wp-content\/uploads\/2019\/05\/tiketi-logo-696.png","width":696,"height":696,"caption":"Tiketi.com"},"image":{"@id":"https:\/\/tiketi.com\/#\/schema\/logo\/image\/"},"sameAs":["https:\/\/www.facebook.com\/TiketiCom\/"]}]}},"_links":{"self":[{"href":"https:\/\/tiketi.com\/fr-fr\/wp-json\/wp\/v2\/pages\/11091","targetHints":{"allow":["GET"]}}],"collection":[{"href":"https:\/\/tiketi.com\/fr-fr\/wp-json\/wp\/v2\/pages"}],"about":[{"href":"https:\/\/tiketi.com\/fr-fr\/wp-json\/wp\/v2\/types\/page"}],"author":[{"embeddable":true,"href":"https:\/\/tiketi.com\/fr-fr\/wp-json\/wp\/v2\/users\/1"}],"replies":[{"embeddable":true,"href":"https:\/\/tiketi.com\/fr-fr\/wp-json\/wp\/v2\/comments?post=11091"}],"version-history":[{"count":0,"href":"https:\/\/tiketi.com\/fr-fr\/wp-json\/wp\/v2\/pages\/11091\/revisions"}],"wp:featuredmedia":[{"embeddable":true,"href":"https:\/\/tiketi.com\/fr-fr\/wp-json\/wp\/v2\/media\/14041"}],"wp:attachment":[{"href":"https:\/\/tiketi.com\/fr-fr\/wp-json\/wp\/v2\/media?parent=11091"}],"curies":[{"name":"wp","href":"https:\/\/api.w.org\/{rel}","templated":true}]}}