{"id":11093,"date":"2022-01-19T12:54:13","date_gmt":"2022-01-19T11:54:13","guid":{"rendered":"https:\/\/new.tiketi.com\/ferry-to-mafia-island-tanzania-ticket-booking\/"},"modified":"2023-06-24T18:18:23","modified_gmt":"2023-06-24T17:18:23","slug":"ferry-to-mafia-island","status":"publish","type":"page","link":"https:\/\/tiketi.com\/fr-fr\/ferry\/routes\/ferry-to-mafia-island\/","title":{"rendered":"R\u00e9servation de billets de ferry pour l&#039;\u00eele de Mafia en Tanzanie"},"content":{"rendered":"<h2>R\u00e9servation en ligne d&#039;un bateau pas cher vers l&#039;\u00eele de Mafia, Tanzanie<\/h2>\n<h3>R\u00e9servez vos billets de ferry pas chers pour l&#039;\u00eele de Mafia en ligne maintenant &gt;&gt;<\/h3>\n<p>La r\u00e9servation en ligne de billets de ferry pour l&#039;\u00eele de Mafia en Tanzanie est simplifi\u00e9e. Le ferry de Dar es Salaam \u00e0 l&#039;\u00eele de Mafia co\u00fbte 16 000 TSH (environ $8 aller simple). Il n&#039;est pas rare que le ferry de l&#039;\u00eele de Mafia \u00e0 Zanzibar soit clou\u00e9 au sol pour r\u00e9paration et bien qu&#039;il y ait peu de bateaux priv\u00e9s vers l&#039;\u00eele de Mafia qui font la travers\u00e9e, s&#039;il n&#039;est pas conseill\u00e9 de les prendre car ils n&#039;ont aucune mesure de s\u00e9curit\u00e9 \u00e0 bord.<\/p>\n<h2>FAQ sur le ferry pour l&#039;\u00eele de Mafia en Tanzanie<\/h2>\n<h3>Ferry de Dar es Salaam \u00e0 l&#039;\u00eele de Mafia<\/h3>\n<p>Le bateau pour l&#039;\u00eele de Mafia en Tanzanie part du continent \u00e0 Nyamasati. Vous pouvez prendre un bus depuis la gare routi\u00e8re de Dar Salaam Bagala. Le bus met environ quatre heures et part r\u00e9guli\u00e8rement tout au long de la journ\u00e9e. Le dernier bus est vers 17h, mais c&#039;est le top pour partir \u00e0 14h.<\/p>\n<h3>Ferry de l&#039;\u00eele de Mafia \u00e0 Zanzibar<\/h3>\n<p>Le ferry de l&#039;\u00eele de Mafia \u00e0 Zanzibar quitte le quai du ferry de Nyamasati \u00e0 3h du matin tous les jours. Le ferry Mafia Island Zanzibar peut \u00eatre achet\u00e9 lorsque vous arrivez au quai du ferry.<\/p>\n<p>Il y a une maison d&#039;h\u00f4tes dans le village ou vous pouvez attendre la nuit au quai du ferry.<\/p>\n<p>Le trajet en ferry de l&#039;\u00eele de Mafia \u00e0 Zanzibar peut \u00eatre assez cahoteux et n&#039;est pas des plus relaxants, il est donc un peu aventureux. Ne devinez pas que vous dormez beaucoup. Cela prend g\u00e9n\u00e9ralement quatre heures, mais comme la plupart des choses en Tanzanie, les retards sont courants.<\/p>\n<h3>FAQ sur le ferry de l&#039;\u00eele de Mafia \u00e0 Zanzibar<\/h3>\n<h3>Se d\u00e9placer<\/h3>\n<p>L&#039;\u00eele de Mafia est tr\u00e8s petite. Si vous s\u00e9journez \u00e0 Kilindoni, tout est accessible \u00e0 pied. Au centre se trouve la route cl\u00e9 et une marque. De l\u00e0, l&#039;a\u00e9roport est \u00e0 cinq minutes, le port \u00e0 cinq minutes pour l&#039;horaire du ferry de l&#039;\u00eele de Mafia et une plage baignable \u00e0 quinze minutes, avec tous les bars et restaurants assis entre les deux.<\/p>\n<p>Pour se rendre au parc marin, de l&#039;autre c\u00f4t\u00e9 de l&#039;\u00eele, cela prend une demi-heure et vous aurez besoin d&#039;un taxi, bien que si vous faites un voyage un transfert sera ajout\u00e9. La plupart des h\u00e9bergements de l&#039;\u00eele de Mafia viendront \u00e9galement vous chercher \u00e0 l&#039;a\u00e9roport si vous le demandez.<\/p>\n<p>Il y a des Tuk-Tuks sur l&#039;\u00eele, c&#039;est le moyen le plus g\u00e9n\u00e9ral de se d\u00e9placer. Un trajet en tuk-tuk de dix minutes co\u00fbte g\u00e9n\u00e9ralement environ 5 000 TSH. Si jamais vous avez besoin de commander un tuk-tok ou un taxi, demandez simplement \u00e0 votre h\u00f4tel de vous accueillir ou h\u00e9lez-en un depuis la rue.<\/p>\n<h3>Plong\u00e9e et snorkeling<\/h3>\n<p>Pour les amateurs de plong\u00e9e, Mafia propose des coraux charmants, une meilleure gamme de poissons, y compris de nombreuses esp\u00e8ces d&#039;oc\u00e9an, et une atmosph\u00e8re d\u00e9tendue sans couronne. Pour obtenir certains sites de plong\u00e9e, on utilise souvent des boutres \u00e0 moteur. Dans la baie de Chole, il existe de nombreux endroits incroyables o\u00f9 l&#039;on peut nager toute l&#039;ann\u00e9e, tandis qu&#039;\u00e0 l&#039;ext\u00e9rieur de la baie, il existe de nombreux endroits incroyables pour la saison de plong\u00e9e. Le meilleur mois est g\u00e9n\u00e9ralement octobre, les pires sont mai et avril, en juin, tout est ferm\u00e9.<\/p>","protected":false},"excerpt":{"rendered":"<p>Cheap Boat to Mafia Island Online Booking, Tanzania Reserve your cheap Mafia Island ferry tickets online now &gt;&gt; Ferry to Mafia Island Tanzania tickets\u00a0online booking made easy. Dar es Salaam to Mafia Island ferry costing 16,000 TSH (roughly $8 one way). It is not uncommon for the Mafia Island to Zanzibar ferry to be grounded [&hellip;]<\/p>\n","protected":false},"author":1,"featured_media":16435,"parent":26809,"menu_order":0,"comment_status":"open","ping_status":"closed","template":"template-home-modern.php","meta":{"footnotes":""},"class_list":["post-11093","page","type-page","status-publish","has-post-thumbnail","hentry"],"yoast_head":"<!-- This site is optimized with the Yoast SEO plugin v27.3 - https:\/\/yoast.com\/product\/yoast-seo-wordpress\/ -->\n<title>Ferry to Mafia Island Tanzania Ticket Booking<\/title>\n<meta name=\"description\" content=\"Looking for ferry to Mafia Island Tanzania or Mafia Island to Zanzibar ferry tickets? Book cheap Mafia Island ferry tickets online and save\" \/>\n<meta name=\"robots\" content=\"index, follow, max-snippet:-1, max-image-preview:large, max-video-preview:-1\" \/>\n<link rel=\"canonical\" href=\"https:\/\/tiketi.com\/fr-fr\/ferry\/routes\/ferry-to-mafia-island\/\" \/>\n<meta property=\"og:locale\" content=\"fr_FR\" \/>\n<meta property=\"og:type\" content=\"article\" \/>\n<meta property=\"og:title\" content=\"Ferry to Mafia Island Tanzania Ticket Booking\" \/>\n<meta property=\"og:description\" content=\"Looking for ferry to Mafia Island Tanzania or Mafia Island to Zanzibar ferry tickets? Book cheap Mafia Island ferry tickets online and save\" \/>\n<meta property=\"og:url\" content=\"https:\/\/tiketi.com\/fr-fr\/ferry\/routes\/ferry-to-mafia-island\/\" \/>\n<meta property=\"og:site_name\" content=\"Tiketi.com\" \/>\n<meta property=\"article:publisher\" content=\"https:\/\/www.facebook.com\/TiketiCom\/\" \/>\n<meta property=\"article:modified_time\" content=\"2023-06-24T17:18:23+00:00\" \/>\n<meta property=\"og:image\" content=\"https:\/\/tiketi.com\/wp-content\/uploads\/2022\/02\/ferry-cruise-ship-voyage-41.jpg\" \/>\n\t<meta property=\"og:image:width\" content=\"1200\" \/>\n\t<meta property=\"og:image:height\" content=\"200\" \/>\n\t<meta property=\"og:image:type\" content=\"image\/jpeg\" \/>\n<meta name=\"twitter:card\" content=\"summary_large_image\" \/>\n<meta name=\"twitter:label1\" content=\"Dur\u00e9e de lecture estim\u00e9e\" \/>\n\t<meta name=\"twitter:data1\" content=\"3 minutes\" \/>\n<script type=\"application\/ld+json\" class=\"yoast-schema-graph\">{\"@context\":\"https:\\\/\\\/schema.org\",\"@graph\":[{\"@type\":\"WebPage\",\"@id\":\"https:\\\/\\\/tiketi.com\\\/ferry\\\/routes\\\/ferry-to-mafia-island\\\/\",\"url\":\"https:\\\/\\\/tiketi.com\\\/ferry\\\/routes\\\/ferry-to-mafia-island\\\/\",\"name\":\"Ferry to Mafia Island Tanzania Ticket Booking\",\"isPartOf\":{\"@id\":\"https:\\\/\\\/tiketi.com\\\/#website\"},\"primaryImageOfPage\":{\"@id\":\"https:\\\/\\\/tiketi.com\\\/ferry\\\/routes\\\/ferry-to-mafia-island\\\/#primaryimage\"},\"image\":{\"@id\":\"https:\\\/\\\/tiketi.com\\\/ferry\\\/routes\\\/ferry-to-mafia-island\\\/#primaryimage\"},\"thumbnailUrl\":\"https:\\\/\\\/tiketi.com\\\/wp-content\\\/uploads\\\/2022\\\/02\\\/ferry-cruise-ship-voyage-41.jpg\",\"datePublished\":\"2022-01-19T11:54:13+00:00\",\"dateModified\":\"2023-06-24T17:18:23+00:00\",\"description\":\"Looking for ferry to Mafia Island Tanzania or Mafia Island to Zanzibar ferry tickets? Book cheap Mafia Island ferry tickets online and save\",\"breadcrumb\":{\"@id\":\"https:\\\/\\\/tiketi.com\\\/ferry\\\/routes\\\/ferry-to-mafia-island\\\/#breadcrumb\"},\"inLanguage\":\"fr-FR\",\"potentialAction\":[{\"@type\":\"ReadAction\",\"target\":[\"https:\\\/\\\/tiketi.com\\\/ferry\\\/routes\\\/ferry-to-mafia-island\\\/\"]}]},{\"@type\":\"ImageObject\",\"inLanguage\":\"fr-FR\",\"@id\":\"https:\\\/\\\/tiketi.com\\\/ferry\\\/routes\\\/ferry-to-mafia-island\\\/#primaryimage\",\"url\":\"https:\\\/\\\/tiketi.com\\\/wp-content\\\/uploads\\\/2022\\\/02\\\/ferry-cruise-ship-voyage-41.jpg\",\"contentUrl\":\"https:\\\/\\\/tiketi.com\\\/wp-content\\\/uploads\\\/2022\\\/02\\\/ferry-cruise-ship-voyage-41.jpg\",\"width\":1200,\"height\":200,\"caption\":\"Ferry Boat Tickets\"},{\"@type\":\"BreadcrumbList\",\"@id\":\"https:\\\/\\\/tiketi.com\\\/ferry\\\/routes\\\/ferry-to-mafia-island\\\/#breadcrumb\",\"itemListElement\":[{\"@type\":\"ListItem\",\"position\":1,\"name\":\"Home\",\"item\":\"https:\\\/\\\/tiketi.com\\\/\"},{\"@type\":\"ListItem\",\"position\":2,\"name\":\"Ferry\",\"item\":\"https:\\\/\\\/tiketi.com\\\/ferry\\\/\"},{\"@type\":\"ListItem\",\"position\":3,\"name\":\"Routes\",\"item\":\"https:\\\/\\\/tiketi.com\\\/ferry\\\/routes\\\/\"},{\"@type\":\"ListItem\",\"position\":4,\"name\":\"Ferry to Mafia Island Tanzania Ticket Booking\"}]},{\"@type\":\"WebSite\",\"@id\":\"https:\\\/\\\/tiketi.com\\\/#website\",\"url\":\"https:\\\/\\\/tiketi.com\\\/\",\"name\":\"Flight & Bus Tickets, Tour Packages & Activitites - Tiketi.com\",\"description\":\"Flight &amp; Bus Tickets, Tours, Activitites\",\"publisher\":{\"@id\":\"https:\\\/\\\/tiketi.com\\\/#organization\"},\"potentialAction\":[{\"@type\":\"SearchAction\",\"target\":{\"@type\":\"EntryPoint\",\"urlTemplate\":\"https:\\\/\\\/tiketi.com\\\/?s={search_term_string}\"},\"query-input\":{\"@type\":\"PropertyValueSpecification\",\"valueRequired\":true,\"valueName\":\"search_term_string\"}}],\"inLanguage\":\"fr-FR\"},{\"@type\":\"Organization\",\"@id\":\"https:\\\/\\\/tiketi.com\\\/#organization\",\"name\":\"Tiketi.com\",\"alternateName\":\"Tiketi\",\"url\":\"https:\\\/\\\/tiketi.com\\\/\",\"logo\":{\"@type\":\"ImageObject\",\"inLanguage\":\"fr-FR\",\"@id\":\"https:\\\/\\\/tiketi.com\\\/#\\\/schema\\\/logo\\\/image\\\/\",\"url\":\"https:\\\/\\\/tiketi.com\\\/wp-content\\\/uploads\\\/2019\\\/05\\\/tiketi-logo-696.png\",\"contentUrl\":\"https:\\\/\\\/tiketi.com\\\/wp-content\\\/uploads\\\/2019\\\/05\\\/tiketi-logo-696.png\",\"width\":696,\"height\":696,\"caption\":\"Tiketi.com\"},\"image\":{\"@id\":\"https:\\\/\\\/tiketi.com\\\/#\\\/schema\\\/logo\\\/image\\\/\"},\"sameAs\":[\"https:\\\/\\\/www.facebook.com\\\/TiketiCom\\\/\"]}]}<\/script>\n<!-- \/ Yoast SEO plugin. -->","yoast_head_json":{"title":"R\u00e9servation de billets de ferry pour l&#039;\u00eele de Mafia en Tanzanie","description":"Vous cherchez des billets de ferry pour l&#039;\u00eele de Mafia en Tanzanie ou l&#039;\u00eele de Mafia pour Zanzibar ? R\u00e9servez en ligne des billets de ferry Mafia Island pas chers et \u00e9conomisez","robots":{"index":"index","follow":"follow","max-snippet":"max-snippet:-1","max-image-preview":"max-image-preview:large","max-video-preview":"max-video-preview:-1"},"canonical":"https:\/\/tiketi.com\/fr-fr\/ferry\/routes\/ferry-to-mafia-island\/","og_locale":"fr_FR","og_type":"article","og_title":"Ferry to Mafia Island Tanzania Ticket Booking","og_description":"Looking for ferry to Mafia Island Tanzania or Mafia Island to Zanzibar ferry tickets? Book cheap Mafia Island ferry tickets online and save","og_url":"https:\/\/tiketi.com\/fr-fr\/ferry\/routes\/ferry-to-mafia-island\/","og_site_name":"Tiketi.com","article_publisher":"https:\/\/www.facebook.com\/TiketiCom\/","article_modified_time":"2023-06-24T17:18:23+00:00","og_image":[{"width":1200,"height":200,"url":"https:\/\/tiketi.com\/wp-content\/uploads\/2022\/02\/ferry-cruise-ship-voyage-41.jpg","type":"image\/jpeg"}],"twitter_card":"summary_large_image","twitter_misc":{"Dur\u00e9e de lecture estim\u00e9e":"3 minutes"},"schema":{"@context":"https:\/\/schema.org","@graph":[{"@type":"WebPage","@id":"https:\/\/tiketi.com\/ferry\/routes\/ferry-to-mafia-island\/","url":"https:\/\/tiketi.com\/ferry\/routes\/ferry-to-mafia-island\/","name":"R\u00e9servation de billets de ferry pour l&#039;\u00eele de Mafia en Tanzanie","isPartOf":{"@id":"https:\/\/tiketi.com\/#website"},"primaryImageOfPage":{"@id":"https:\/\/tiketi.com\/ferry\/routes\/ferry-to-mafia-island\/#primaryimage"},"image":{"@id":"https:\/\/tiketi.com\/ferry\/routes\/ferry-to-mafia-island\/#primaryimage"},"thumbnailUrl":"https:\/\/tiketi.com\/wp-content\/uploads\/2022\/02\/ferry-cruise-ship-voyage-41.jpg","datePublished":"2022-01-19T11:54:13+00:00","dateModified":"2023-06-24T17:18:23+00:00","description":"Vous cherchez des billets de ferry pour l&#039;\u00eele de Mafia en Tanzanie ou l&#039;\u00eele de Mafia pour Zanzibar ? R\u00e9servez en ligne des billets de ferry Mafia Island pas chers et \u00e9conomisez","breadcrumb":{"@id":"https:\/\/tiketi.com\/ferry\/routes\/ferry-to-mafia-island\/#breadcrumb"},"inLanguage":"fr-FR","potentialAction":[{"@type":"ReadAction","target":["https:\/\/tiketi.com\/ferry\/routes\/ferry-to-mafia-island\/"]}]},{"@type":"ImageObject","inLanguage":"fr-FR","@id":"https:\/\/tiketi.com\/ferry\/routes\/ferry-to-mafia-island\/#primaryimage","url":"https:\/\/tiketi.com\/wp-content\/uploads\/2022\/02\/ferry-cruise-ship-voyage-41.jpg","contentUrl":"https:\/\/tiketi.com\/wp-content\/uploads\/2022\/02\/ferry-cruise-ship-voyage-41.jpg","width":1200,"height":200,"caption":"Ferry Boat Tickets"},{"@type":"BreadcrumbList","@id":"https:\/\/tiketi.com\/ferry\/routes\/ferry-to-mafia-island\/#breadcrumb","itemListElement":[{"@type":"ListItem","position":1,"name":"Home","item":"https:\/\/tiketi.com\/"},{"@type":"ListItem","position":2,"name":"Ferry","item":"https:\/\/tiketi.com\/ferry\/"},{"@type":"ListItem","position":3,"name":"Routes","item":"https:\/\/tiketi.com\/ferry\/routes\/"},{"@type":"ListItem","position":4,"name":"Ferry to Mafia Island Tanzania Ticket Booking"}]},{"@type":"WebSite","@id":"https:\/\/tiketi.com\/#website","url":"https:\/\/tiketi.com\/","name":"Billets d&#039;avion et de bus, forfaits touristiques et activit\u00e9s - Tiketi.com","description":"Billets d&#039;avion et de bus, Tours, Activit\u00e9s","publisher":{"@id":"https:\/\/tiketi.com\/#organization"},"potentialAction":[{"@type":"SearchAction","target":{"@type":"EntryPoint","urlTemplate":"https:\/\/tiketi.com\/?s={search_term_string}"},"query-input":{"@type":"PropertyValueSpecification","valueRequired":true,"valueName":"search_term_string"}}],"inLanguage":"fr-FR"},{"@type":"Organization","@id":"https:\/\/tiketi.com\/#organization","name":"Tiketi.com","alternateName":"Tiketi","url":"https:\/\/tiketi.com\/","logo":{"@type":"ImageObject","inLanguage":"fr-FR","@id":"https:\/\/tiketi.com\/#\/schema\/logo\/image\/","url":"https:\/\/tiketi.com\/wp-content\/uploads\/2019\/05\/tiketi-logo-696.png","contentUrl":"https:\/\/tiketi.com\/wp-content\/uploads\/2019\/05\/tiketi-logo-696.png","width":696,"height":696,"caption":"Tiketi.com"},"image":{"@id":"https:\/\/tiketi.com\/#\/schema\/logo\/image\/"},"sameAs":["https:\/\/www.facebook.com\/TiketiCom\/"]}]}},"_links":{"self":[{"href":"https:\/\/tiketi.com\/fr-fr\/wp-json\/wp\/v2\/pages\/11093","targetHints":{"allow":["GET"]}}],"collection":[{"href":"https:\/\/tiketi.com\/fr-fr\/wp-json\/wp\/v2\/pages"}],"about":[{"href":"https:\/\/tiketi.com\/fr-fr\/wp-json\/wp\/v2\/types\/page"}],"author":[{"embeddable":true,"href":"https:\/\/tiketi.com\/fr-fr\/wp-json\/wp\/v2\/users\/1"}],"replies":[{"embeddable":true,"href":"https:\/\/tiketi.com\/fr-fr\/wp-json\/wp\/v2\/comments?post=11093"}],"version-history":[{"count":0,"href":"https:\/\/tiketi.com\/fr-fr\/wp-json\/wp\/v2\/pages\/11093\/revisions"}],"up":[{"embeddable":true,"href":"https:\/\/tiketi.com\/fr-fr\/wp-json\/wp\/v2\/pages\/26809"}],"wp:featuredmedia":[{"embeddable":true,"href":"https:\/\/tiketi.com\/fr-fr\/wp-json\/wp\/v2\/media\/16435"}],"wp:attachment":[{"href":"https:\/\/tiketi.com\/fr-fr\/wp-json\/wp\/v2\/media?parent=11093"}],"curies":[{"name":"wp","href":"https:\/\/api.w.org\/{rel}","templated":true}]}}