{"id":11094,"date":"2022-01-19T12:54:13","date_gmt":"2022-01-19T11:54:13","guid":{"rendered":"https:\/\/new.tiketi.com\/precision-air-online-bookings-cheap-flights\/"},"modified":"2022-02-21T11:11:33","modified_gmt":"2022-02-21T10:11:33","slug":"precision-air-online-bookings-flights","status":"publish","type":"page","link":"https:\/\/tiketi.com\/fr-fr\/precision-air-online-bookings-flights\/","title":{"rendered":"R\u00e9servations en ligne Precision Air \u2013 Vols pas chers"},"content":{"rendered":"<h2>R\u00e9servation de vols Precision Air<\/h2>\n<h3>Comparez et r\u00e9servez vos billets Precision Air pas chers en ligne d\u00e8s maintenant.<\/h3>\n<p>Recherchez, comparez et effectuez des r\u00e9servations en ligne Precision Air \u00e0 bas prix. Recherchez, comparez et effectuez des r\u00e9servations en ligne Safarilink \u00e0 bas prix. Precision Air est bas\u00e9e \u00e0 l&#039;a\u00e9roport international Julis Nyerere de Dar es Salaam en Tanzanie. La compagnie a\u00e9rienne g\u00e8re un certain nombre de vols locaux \u00e0 travers la Tanzanie, ainsi que vers d&#039;autres parties de l&#039;Afrique. Dans l&#039;ensemble, la compagnie a\u00e9rienne dessert plus de quinze destinations populaires. Faites une r\u00e9servation de vol pas cher Precision Air en ligne maintenant et \u00e9conomisez du temps et de l&#039;argent.<\/p>\n<h2>FAQ sur les r\u00e9servations en ligne de Precision Air<\/h2>\n<h3>R\u00e9servation de vols Precision Air destinations populaires<\/h3>\n<p>Cette compagnie a\u00e9rienne est bas\u00e9e \u00e0 l&#039;a\u00e9roport international Julis Nyerere de Dar es Salaam. Precision Air exploite des services passagers r\u00e9guliers vers la Tanzanie et Nairobi.<\/p>\n<p>Precision Air vole vers les endroits suivants : Zanzibar, Dar-es Salaam, Mwanza, Kilimandjaro, Mtwara, Kigoma, Bukoba. Le si\u00e8ge social de Precision Air se trouve \u00e0 Dar es Salaam et dessert plus de dix destinations \u00e0 l&#039;int\u00e9rieur et \u00e0 l&#039;ext\u00e9rieur de la Tanzanie depuis son hub principal.<\/p>\n<h3>Informations sur la flotte de Precision Air<\/h3>\n<p>Precision Air a r\u00e9cemment entam\u00e9 une cure de jouvence en 2010 avec l&#039;achat d&#039;avions \u00e0 la pointe de la technologie. Sa flotte actuelle se compose de neuf appareils, tous fabriqu\u00e9s par le constructeur a\u00e9ronautique fran\u00e7ais ATR.<\/p>\n<h3>Franchise de bagages Precision Air<\/h3>\n<p>Precision Air a une politique de franchise de bagages standard pour les vols int\u00e9rieurs et internationaux.<\/p>\n<p>La franchise de bagages int\u00e9rieurs est limit\u00e9e aux voyages en classe \u00e9conomique suivants\u00a0:<\/p>\n<p>\u2022 Enfants\u00a0: 23\u00a0kg<br \/>\n\u2022 Adultes\u00a0: 23\u00a0kg<br \/>\n\u2022 Nourrissons\u00a0: 10\u00a0kg et l&#039;ajout d&#039;une poussette pliable<br \/>\n\u2022 B\u00e9b\u00e9s ayant pay\u00e9 les charges enfant occupant un si\u00e8ge : 23 kg.<\/p>\n<p>La franchise de bagages internationale et r\u00e9gionale est limit\u00e9e aux \u00e9l\u00e9ments suivants pour les voyages en classe \u00e9conomique\u00a0:<\/p>\n<p>\u2022 Enfants\u00a0: 23\u00a0kg<br \/>\n\u2022 Adultes\u00a0: 23\u00a0kg<br \/>\n\u2022 Nourrissons\u00a0: 10\u00a0kg et l&#039;ajout d&#039;une poussette pliable<\/p>\n<h2>Conseils de r\u00e9servation de vols Precision Air<\/h2>\n<p>La compagnie a\u00e9rienne a \u00e9t\u00e9 fond\u00e9e en 1991 mais n&#039;a commenc\u00e9 \u00e0 voler qu&#039;en 1993. Au cours de ses premiers mois d&#039;exploitation, Precision Air n&#039;a propos\u00e9 que des vols charters priv\u00e9s. Quoi qu&#039;il en soit, plus tard dans la m\u00eame ann\u00e9e, il a lanc\u00e9 des services r\u00e9guliers et propose depuis un m\u00e9lange de vols r\u00e9guliers et charters.<\/p>\n<p>La r\u00e9servation de vols Precision Air propose des vols vers le parc national du Serengeti et d&#039;autres points chauds et parcs de safari, d\u00e9couvrez d&#039;autres compagnies a\u00e9riennes qui desservent les destinations Safari.<\/p>","protected":false},"excerpt":{"rendered":"<p>Precision Air Flight Booking Compare and book your cheap Precision Air tickets online now. Search, compare and do cheap Precision Air online bookings.&nbsp;Search, compare and do cheap Safarilink online booking.&nbsp;Precision Air is based at Julis Nyerere International Airport, Dar es Salaam in Tanzania. The airline runs a number of local flights throughout Tanzania, as well [&hellip;]<\/p>\n","protected":false},"author":1,"featured_media":14041,"parent":0,"menu_order":0,"comment_status":"open","ping_status":"closed","template":"template-home-modern.php","meta":{"footnotes":""},"class_list":["post-11094","page","type-page","status-publish","has-post-thumbnail","hentry"],"yoast_head":"<!-- This site is optimized with the Yoast SEO plugin v27.2 - https:\/\/yoast.com\/product\/yoast-seo-wordpress\/ -->\n<title>Precision Air Online Bookings - Cheap Flights<\/title>\n<meta name=\"description\" content=\"Looking for Precision Air online bookings in Tanzania? Do cheap Precision Air flight booking Tanzania online now and save time and money\" \/>\n<meta name=\"robots\" content=\"index, follow, max-snippet:-1, max-image-preview:large, max-video-preview:-1\" \/>\n<link rel=\"canonical\" href=\"https:\/\/tiketi.com\/fr-fr\/precision-air-online-bookings-flights\/\" \/>\n<meta property=\"og:locale\" content=\"fr_FR\" \/>\n<meta property=\"og:type\" content=\"article\" \/>\n<meta property=\"og:title\" content=\"Precision Air Online Bookings - Cheap Flights\" \/>\n<meta property=\"og:description\" content=\"Looking for Precision Air online bookings in Tanzania? Do cheap Precision Air flight booking Tanzania online now and save time and money\" \/>\n<meta property=\"og:url\" content=\"https:\/\/tiketi.com\/fr-fr\/precision-air-online-bookings-flights\/\" \/>\n<meta property=\"og:site_name\" content=\"Tiketi.com\" \/>\n<meta property=\"article:publisher\" content=\"https:\/\/www.facebook.com\/TiketiCom\/\" \/>\n<meta property=\"article:modified_time\" content=\"2022-02-21T10:11:33+00:00\" \/>\n<meta property=\"og:image\" content=\"https:\/\/tiketi.com\/wp-content\/uploads\/2022\/01\/flight-ticket-booking-sorasak-KxCJXXGsv9I-unsplas.jpg\" \/>\n\t<meta property=\"og:image:width\" content=\"1200\" \/>\n\t<meta property=\"og:image:height\" content=\"240\" \/>\n\t<meta property=\"og:image:type\" content=\"image\/jpeg\" \/>\n<meta name=\"twitter:card\" content=\"summary_large_image\" \/>\n<meta name=\"twitter:label1\" content=\"Dur\u00e9e de lecture estim\u00e9e\" \/>\n\t<meta name=\"twitter:data1\" content=\"2 minutes\" \/>\n<script type=\"application\/ld+json\" class=\"yoast-schema-graph\">{\"@context\":\"https:\/\/schema.org\",\"@graph\":[{\"@type\":\"WebPage\",\"@id\":\"https:\/\/tiketi.com\/fr-fr\/precision-air-online-bookings-flights\/\",\"url\":\"https:\/\/tiketi.com\/fr-fr\/precision-air-online-bookings-flights\/\",\"name\":\"Precision Air Online Bookings - Cheap Flights\",\"isPartOf\":{\"@id\":\"https:\/\/tiketi.com\/#website\"},\"primaryImageOfPage\":{\"@id\":\"https:\/\/tiketi.com\/fr-fr\/precision-air-online-bookings-flights\/#primaryimage\"},\"image\":{\"@id\":\"https:\/\/tiketi.com\/fr-fr\/precision-air-online-bookings-flights\/#primaryimage\"},\"thumbnailUrl\":\"https:\/\/tiketi.com\/wp-content\/uploads\/2022\/01\/flight-ticket-booking-sorasak-KxCJXXGsv9I-unsplas.jpg\",\"datePublished\":\"2022-01-19T11:54:13+00:00\",\"dateModified\":\"2022-02-21T10:11:33+00:00\",\"description\":\"Looking for Precision Air online bookings in Tanzania? Do cheap Precision Air flight booking Tanzania online now and save time and money\",\"breadcrumb\":{\"@id\":\"https:\/\/tiketi.com\/fr-fr\/precision-air-online-bookings-flights\/#breadcrumb\"},\"inLanguage\":\"fr-FR\",\"potentialAction\":[{\"@type\":\"ReadAction\",\"target\":[\"https:\/\/tiketi.com\/fr-fr\/precision-air-online-bookings-flights\/\"]}]},{\"@type\":\"ImageObject\",\"inLanguage\":\"fr-FR\",\"@id\":\"https:\/\/tiketi.com\/fr-fr\/precision-air-online-bookings-flights\/#primaryimage\",\"url\":\"https:\/\/tiketi.com\/wp-content\/uploads\/2022\/01\/flight-ticket-booking-sorasak-KxCJXXGsv9I-unsplas.jpg\",\"contentUrl\":\"https:\/\/tiketi.com\/wp-content\/uploads\/2022\/01\/flight-ticket-booking-sorasak-KxCJXXGsv9I-unsplas.jpg\",\"width\":1200,\"height\":240,\"caption\":\"Online flight ticket booking\"},{\"@type\":\"BreadcrumbList\",\"@id\":\"https:\/\/tiketi.com\/fr-fr\/precision-air-online-bookings-flights\/#breadcrumb\",\"itemListElement\":[{\"@type\":\"ListItem\",\"position\":1,\"name\":\"Home\",\"item\":\"https:\/\/tiketi.com\/\"},{\"@type\":\"ListItem\",\"position\":2,\"name\":\"Precision Air Online Bookings &#8211; Cheap Flights\"}]},{\"@type\":\"WebSite\",\"@id\":\"https:\/\/tiketi.com\/#website\",\"url\":\"https:\/\/tiketi.com\/\",\"name\":\"Flight & Bus Tickets, Tour Packages & Activitites - Tiketi.com\",\"description\":\"Flight &amp; Bus Tickets, Tours, Activitites\",\"publisher\":{\"@id\":\"https:\/\/tiketi.com\/#organization\"},\"potentialAction\":[{\"@type\":\"SearchAction\",\"target\":{\"@type\":\"EntryPoint\",\"urlTemplate\":\"https:\/\/tiketi.com\/?s={search_term_string}\"},\"query-input\":{\"@type\":\"PropertyValueSpecification\",\"valueRequired\":true,\"valueName\":\"search_term_string\"}}],\"inLanguage\":\"fr-FR\"},{\"@type\":\"Organization\",\"@id\":\"https:\/\/tiketi.com\/#organization\",\"name\":\"Tiketi.com\",\"alternateName\":\"Tiketi\",\"url\":\"https:\/\/tiketi.com\/\",\"logo\":{\"@type\":\"ImageObject\",\"inLanguage\":\"fr-FR\",\"@id\":\"https:\/\/tiketi.com\/#\/schema\/logo\/image\/\",\"url\":\"https:\/\/tiketi.com\/wp-content\/uploads\/2019\/05\/tiketi-logo-696.png\",\"contentUrl\":\"https:\/\/tiketi.com\/wp-content\/uploads\/2019\/05\/tiketi-logo-696.png\",\"width\":696,\"height\":696,\"caption\":\"Tiketi.com\"},\"image\":{\"@id\":\"https:\/\/tiketi.com\/#\/schema\/logo\/image\/\"},\"sameAs\":[\"https:\/\/www.facebook.com\/TiketiCom\/\"]}]}<\/script>\n<!-- \/ Yoast SEO plugin. -->","yoast_head_json":{"title":"R\u00e9servations en ligne Precision Air - Vols pas chers","description":"Vous recherchez des r\u00e9servations en ligne Precision Air en Tanzanie? Faites la r\u00e9servation de vols pas chers Precision Air Tanzanie en ligne maintenant et \u00e9conomisez du temps et de l&#039;argent","robots":{"index":"index","follow":"follow","max-snippet":"max-snippet:-1","max-image-preview":"max-image-preview:large","max-video-preview":"max-video-preview:-1"},"canonical":"https:\/\/tiketi.com\/fr-fr\/precision-air-online-bookings-flights\/","og_locale":"fr_FR","og_type":"article","og_title":"Precision Air Online Bookings - Cheap Flights","og_description":"Looking for Precision Air online bookings in Tanzania? Do cheap Precision Air flight booking Tanzania online now and save time and money","og_url":"https:\/\/tiketi.com\/fr-fr\/precision-air-online-bookings-flights\/","og_site_name":"Tiketi.com","article_publisher":"https:\/\/www.facebook.com\/TiketiCom\/","article_modified_time":"2022-02-21T10:11:33+00:00","og_image":[{"width":1200,"height":240,"url":"https:\/\/tiketi.com\/wp-content\/uploads\/2022\/01\/flight-ticket-booking-sorasak-KxCJXXGsv9I-unsplas.jpg","type":"image\/jpeg"}],"twitter_card":"summary_large_image","twitter_misc":{"Dur\u00e9e de lecture estim\u00e9e":"2 minutes"},"schema":{"@context":"https:\/\/schema.org","@graph":[{"@type":"WebPage","@id":"https:\/\/tiketi.com\/fr-fr\/precision-air-online-bookings-flights\/","url":"https:\/\/tiketi.com\/fr-fr\/precision-air-online-bookings-flights\/","name":"R\u00e9servations en ligne Precision Air - Vols pas chers","isPartOf":{"@id":"https:\/\/tiketi.com\/#website"},"primaryImageOfPage":{"@id":"https:\/\/tiketi.com\/fr-fr\/precision-air-online-bookings-flights\/#primaryimage"},"image":{"@id":"https:\/\/tiketi.com\/fr-fr\/precision-air-online-bookings-flights\/#primaryimage"},"thumbnailUrl":"https:\/\/tiketi.com\/wp-content\/uploads\/2022\/01\/flight-ticket-booking-sorasak-KxCJXXGsv9I-unsplas.jpg","datePublished":"2022-01-19T11:54:13+00:00","dateModified":"2022-02-21T10:11:33+00:00","description":"Vous recherchez des r\u00e9servations en ligne Precision Air en Tanzanie? Faites la r\u00e9servation de vols pas chers Precision Air Tanzanie en ligne maintenant et \u00e9conomisez du temps et de l&#039;argent","breadcrumb":{"@id":"https:\/\/tiketi.com\/fr-fr\/precision-air-online-bookings-flights\/#breadcrumb"},"inLanguage":"fr-FR","potentialAction":[{"@type":"ReadAction","target":["https:\/\/tiketi.com\/fr-fr\/precision-air-online-bookings-flights\/"]}]},{"@type":"ImageObject","inLanguage":"fr-FR","@id":"https:\/\/tiketi.com\/fr-fr\/precision-air-online-bookings-flights\/#primaryimage","url":"https:\/\/tiketi.com\/wp-content\/uploads\/2022\/01\/flight-ticket-booking-sorasak-KxCJXXGsv9I-unsplas.jpg","contentUrl":"https:\/\/tiketi.com\/wp-content\/uploads\/2022\/01\/flight-ticket-booking-sorasak-KxCJXXGsv9I-unsplas.jpg","width":1200,"height":240,"caption":"Online flight ticket booking"},{"@type":"BreadcrumbList","@id":"https:\/\/tiketi.com\/fr-fr\/precision-air-online-bookings-flights\/#breadcrumb","itemListElement":[{"@type":"ListItem","position":1,"name":"Home","item":"https:\/\/tiketi.com\/"},{"@type":"ListItem","position":2,"name":"Precision Air Online Bookings &#8211; Cheap Flights"}]},{"@type":"WebSite","@id":"https:\/\/tiketi.com\/#website","url":"https:\/\/tiketi.com\/","name":"Billets d&#039;avion et de bus, forfaits touristiques et activit\u00e9s - Tiketi.com","description":"Billets d&#039;avion et de bus, Tours, Activit\u00e9s","publisher":{"@id":"https:\/\/tiketi.com\/#organization"},"potentialAction":[{"@type":"SearchAction","target":{"@type":"EntryPoint","urlTemplate":"https:\/\/tiketi.com\/?s={search_term_string}"},"query-input":{"@type":"PropertyValueSpecification","valueRequired":true,"valueName":"search_term_string"}}],"inLanguage":"fr-FR"},{"@type":"Organization","@id":"https:\/\/tiketi.com\/#organization","name":"Tiketi.com","alternateName":"Tiketi","url":"https:\/\/tiketi.com\/","logo":{"@type":"ImageObject","inLanguage":"fr-FR","@id":"https:\/\/tiketi.com\/#\/schema\/logo\/image\/","url":"https:\/\/tiketi.com\/wp-content\/uploads\/2019\/05\/tiketi-logo-696.png","contentUrl":"https:\/\/tiketi.com\/wp-content\/uploads\/2019\/05\/tiketi-logo-696.png","width":696,"height":696,"caption":"Tiketi.com"},"image":{"@id":"https:\/\/tiketi.com\/#\/schema\/logo\/image\/"},"sameAs":["https:\/\/www.facebook.com\/TiketiCom\/"]}]}},"_links":{"self":[{"href":"https:\/\/tiketi.com\/fr-fr\/wp-json\/wp\/v2\/pages\/11094","targetHints":{"allow":["GET"]}}],"collection":[{"href":"https:\/\/tiketi.com\/fr-fr\/wp-json\/wp\/v2\/pages"}],"about":[{"href":"https:\/\/tiketi.com\/fr-fr\/wp-json\/wp\/v2\/types\/page"}],"author":[{"embeddable":true,"href":"https:\/\/tiketi.com\/fr-fr\/wp-json\/wp\/v2\/users\/1"}],"replies":[{"embeddable":true,"href":"https:\/\/tiketi.com\/fr-fr\/wp-json\/wp\/v2\/comments?post=11094"}],"version-history":[{"count":0,"href":"https:\/\/tiketi.com\/fr-fr\/wp-json\/wp\/v2\/pages\/11094\/revisions"}],"wp:featuredmedia":[{"embeddable":true,"href":"https:\/\/tiketi.com\/fr-fr\/wp-json\/wp\/v2\/media\/14041"}],"wp:attachment":[{"href":"https:\/\/tiketi.com\/fr-fr\/wp-json\/wp\/v2\/media?parent=11094"}],"curies":[{"name":"wp","href":"https:\/\/api.w.org\/{rel}","templated":true}]}}