{"id":11095,"date":"2022-01-19T12:54:13","date_gmt":"2022-01-19T11:54:13","guid":{"rendered":"https:\/\/new.tiketi.com\/rwandaair-online-booking-cheap-flights\/"},"modified":"2022-07-26T10:55:17","modified_gmt":"2022-07-26T09:55:17","slug":"rwandaair-online-bookings-flights","status":"publish","type":"page","link":"https:\/\/tiketi.com\/fr-fr\/rwandaair-online-bookings-flights\/","title":{"rendered":"RwandAir R\u00e9servation en ligne \u2013 Vols pas chers"},"content":{"rendered":"<h2>RwandAir R\u00e9servation Billet d&#039;Avion Rwanda<\/h2>\n<h3>Comparez et r\u00e9servez vos billets RwandAir pas chers en ligne d\u00e8s maintenant.<\/h3>\n<p>Recherchez, comparez et faites des r\u00e9servations en ligne bon march\u00e9 sur RwandAir. RwandAir, le transporteur national du Rwanda, dessert actuellement plus de trente destinations populaires en Afrique orientale, centrale, occidentale et australe, au Moyen-Orient, en Europe et en Asie. Avec l&#039;a\u00e9roport international de Kigali comme plaque tournante, la compagnie a\u00e9rienne est l&#039;une des compagnies a\u00e9riennes \u00e0 la croissance la plus rapide et poss\u00e8de l&#039;une des flottes les plus jeunes et \u00e0 la pointe de la technologie de toute l&#039;Afrique. Faites la r\u00e9servation de billets d&#039;avion RwandAir \u00e0 bas prix en ligne maintenant et \u00e9conomisez du temps et de l&#039;argent.<\/p>\n<h2>FAQ sur la r\u00e9servation en ligne de RwandAir<\/h2>\n<h3>Billets d&#039;avion RwandAir destinations populaires<\/h3>\n<p>La compagnie a\u00e9rienne a pour mission de fournir des services de transport a\u00e9rien s\u00fbrs, in\u00e9gal\u00e9s et fiables, notamment en reliant strat\u00e9giquement le Rwanda au monde ext\u00e9rieur.<\/p>\n<h3>Enregistrement RwandAir<\/h3>\n<p>Apr\u00e8s la r\u00e9servation du billet d&#039;avion RwandAir, les installations d&#039;enregistrement en ligne sont accessibles et les passagers doivent s&#039;enregistrer vingt-quatre heures \u00e0 trois heures avant l&#039;heure de d\u00e9part du vol. Pour l&#039;enregistrement au comptoir de l&#039;a\u00e9roport, les passagers doivent s&#039;enregistrer au moins 1 heure avant le d\u00e9part pr\u00e9vu.<\/p>\n<h3>Informations sur la flotte de RwandAir<\/h3>\n<p>La flotte de RwandAir comprend une flotte d&#039;Airbus A330-300, d&#039;Airbus A330-200, de Boeing 737-700, d&#039;A330-900neo, de Boeing 737 Max 8, d&#039;avions De Havilland Dash 8-Q400 et de Bombardier CRJ900ER.<\/p>\n<h3>RwandAir Baggage<\/h3>\n<h4>Les bagages \u00e0 main<\/h4>\n<p>Chaque passager est limit\u00e9 \u00e0 un bagage de 22 x 15 x 8 pouces ne pesant pas plus de 21 livres vers toutes les destinations populaires \u00e0 l&#039;exception de Johannesburg o\u00f9 l&#039;autorit\u00e9 limite cela \u00e0 15 livres.<\/p>\n<p>Les limites de taille et de poids ci-dessus doivent \u00eatre confirm\u00e9es et v\u00e9rifi\u00e9es \u00e0 l&#039;aide des calibreurs\/moules de bagages WB dans les zones d&#039;enregistrement. Tous les bagages d\u00e9passant les limites de bagages non enregistr\u00e9s doivent \u00eatre enregistr\u00e9s.<\/p>\n<h3>Bagages enregistr\u00e9s<\/h3>\n<p>Cette politique suit la franchise de bagages en soute standard qui est la suivante :<\/p>\n<p>\u2022 2 bagages d&#039;un poids maximal de 23 kg chacun en classe \u00e9conomique.<br \/>\n\u2022 2 bagages d&#039;un poids maximal de 32 kg chacun en classe premium.<br \/>\n\u2022 3 bagages d&#039;un poids maximal de 23 kg chacun en classe Affaires.<\/p>\n<h2>RwandAir Conseils de r\u00e9servation de billets d&#039;avion<\/h2>\n<p>Lors d&#039;un vol de Londres au Rwanda, la compagnie a\u00e9rienne propose un service en classe \u00e9conomique, affaires et \u00e9conomique premium. Les connexions vers d&#039;autres lieux c\u00e9l\u00e8bres sur RwandAir, depuis le Rwanda, contiennent des pays voisins tels que l&#039;Ouganda ou plus loin vers Cape Town et Johannesburg.<\/p>","protected":false},"excerpt":{"rendered":"<p>RwandAir Flight Ticket Booking Rwanda Compare and book your cheap RwandAir tickets online now. Search, compare and do cheap RwandAir online booking. RwandAir, the national carrier of Rwanda, presently flies to over thirty popular destinations in Eastern, Central, Western and Southern Africa, the middle East, Europe and Asia. With Kigali international Airport is its hub, [&hellip;]<\/p>\n","protected":false},"author":1,"featured_media":14041,"parent":0,"menu_order":0,"comment_status":"open","ping_status":"closed","template":"template-home-modern.php","meta":{"footnotes":""},"class_list":["post-11095","page","type-page","status-publish","has-post-thumbnail","hentry"],"yoast_head":"<!-- This site is optimized with the Yoast SEO plugin v27.4 - https:\/\/yoast.com\/product\/yoast-seo-wordpress\/ -->\n<title>RwandAir Online Booking - Cheap Flights<\/title>\n<meta name=\"description\" content=\"Looking for RwandAir online booking, app, route &amp; fare? Do cheap RwandAir flight ticket booking online now and save time and money\" \/>\n<meta name=\"robots\" content=\"index, follow, max-snippet:-1, max-image-preview:large, max-video-preview:-1\" \/>\n<link rel=\"canonical\" href=\"https:\/\/tiketi.com\/fr-fr\/rwandaair-online-bookings-flights\/\" \/>\n<meta property=\"og:locale\" content=\"fr_FR\" \/>\n<meta property=\"og:type\" content=\"article\" \/>\n<meta property=\"og:title\" content=\"RwandAir Online Booking - Cheap Flights\" \/>\n<meta property=\"og:description\" content=\"Looking for RwandAir online booking, app, route &amp; fare? Do cheap RwandAir flight ticket booking online now and save time and money\" \/>\n<meta property=\"og:url\" content=\"https:\/\/tiketi.com\/fr-fr\/rwandaair-online-bookings-flights\/\" \/>\n<meta property=\"og:site_name\" content=\"Tiketi.com\" \/>\n<meta property=\"article:publisher\" content=\"https:\/\/www.facebook.com\/TiketiCom\/\" \/>\n<meta property=\"article:modified_time\" content=\"2022-07-26T09:55:17+00:00\" \/>\n<meta property=\"og:image\" content=\"https:\/\/tiketi.com\/wp-content\/uploads\/2022\/01\/flight-ticket-booking-sorasak-KxCJXXGsv9I-unsplas.jpg\" \/>\n\t<meta property=\"og:image:width\" content=\"1200\" \/>\n\t<meta property=\"og:image:height\" content=\"240\" \/>\n\t<meta property=\"og:image:type\" content=\"image\/jpeg\" \/>\n<meta name=\"twitter:card\" content=\"summary_large_image\" \/>\n<meta name=\"twitter:label1\" content=\"Dur\u00e9e de lecture estim\u00e9e\" \/>\n\t<meta name=\"twitter:data1\" content=\"2 minutes\" \/>\n<script type=\"application\/ld+json\" class=\"yoast-schema-graph\">{\"@context\":\"https:\\\/\\\/schema.org\",\"@graph\":[{\"@type\":\"WebPage\",\"@id\":\"https:\\\/\\\/tiketi.com\\\/rwandaair-online-bookings-flights\\\/\",\"url\":\"https:\\\/\\\/tiketi.com\\\/rwandaair-online-bookings-flights\\\/\",\"name\":\"RwandAir Online Booking - Cheap Flights\",\"isPartOf\":{\"@id\":\"https:\\\/\\\/tiketi.com\\\/#website\"},\"primaryImageOfPage\":{\"@id\":\"https:\\\/\\\/tiketi.com\\\/rwandaair-online-bookings-flights\\\/#primaryimage\"},\"image\":{\"@id\":\"https:\\\/\\\/tiketi.com\\\/rwandaair-online-bookings-flights\\\/#primaryimage\"},\"thumbnailUrl\":\"https:\\\/\\\/tiketi.com\\\/wp-content\\\/uploads\\\/2022\\\/01\\\/flight-ticket-booking-sorasak-KxCJXXGsv9I-unsplas.jpg\",\"datePublished\":\"2022-01-19T11:54:13+00:00\",\"dateModified\":\"2022-07-26T09:55:17+00:00\",\"description\":\"Looking for RwandAir online booking, app, route & fare? Do cheap RwandAir flight ticket booking online now and save time and money\",\"breadcrumb\":{\"@id\":\"https:\\\/\\\/tiketi.com\\\/rwandaair-online-bookings-flights\\\/#breadcrumb\"},\"inLanguage\":\"fr-FR\",\"potentialAction\":[{\"@type\":\"ReadAction\",\"target\":[\"https:\\\/\\\/tiketi.com\\\/rwandaair-online-bookings-flights\\\/\"]}]},{\"@type\":\"ImageObject\",\"inLanguage\":\"fr-FR\",\"@id\":\"https:\\\/\\\/tiketi.com\\\/rwandaair-online-bookings-flights\\\/#primaryimage\",\"url\":\"https:\\\/\\\/tiketi.com\\\/wp-content\\\/uploads\\\/2022\\\/01\\\/flight-ticket-booking-sorasak-KxCJXXGsv9I-unsplas.jpg\",\"contentUrl\":\"https:\\\/\\\/tiketi.com\\\/wp-content\\\/uploads\\\/2022\\\/01\\\/flight-ticket-booking-sorasak-KxCJXXGsv9I-unsplas.jpg\",\"width\":1200,\"height\":240,\"caption\":\"Online flight ticket booking\"},{\"@type\":\"BreadcrumbList\",\"@id\":\"https:\\\/\\\/tiketi.com\\\/rwandaair-online-bookings-flights\\\/#breadcrumb\",\"itemListElement\":[{\"@type\":\"ListItem\",\"position\":1,\"name\":\"Home\",\"item\":\"https:\\\/\\\/tiketi.com\\\/\"},{\"@type\":\"ListItem\",\"position\":2,\"name\":\"RwandAir Online Booking &#8211; Cheap Flights\"}]},{\"@type\":\"WebSite\",\"@id\":\"https:\\\/\\\/tiketi.com\\\/#website\",\"url\":\"https:\\\/\\\/tiketi.com\\\/\",\"name\":\"Flight & Bus Tickets, Tour Packages & Activitites - Tiketi.com\",\"description\":\"Flight &amp; Bus Tickets, Tours, Activitites\",\"publisher\":{\"@id\":\"https:\\\/\\\/tiketi.com\\\/#organization\"},\"potentialAction\":[{\"@type\":\"SearchAction\",\"target\":{\"@type\":\"EntryPoint\",\"urlTemplate\":\"https:\\\/\\\/tiketi.com\\\/?s={search_term_string}\"},\"query-input\":{\"@type\":\"PropertyValueSpecification\",\"valueRequired\":true,\"valueName\":\"search_term_string\"}}],\"inLanguage\":\"fr-FR\"},{\"@type\":\"Organization\",\"@id\":\"https:\\\/\\\/tiketi.com\\\/#organization\",\"name\":\"Tiketi.com\",\"alternateName\":\"Tiketi\",\"url\":\"https:\\\/\\\/tiketi.com\\\/\",\"logo\":{\"@type\":\"ImageObject\",\"inLanguage\":\"fr-FR\",\"@id\":\"https:\\\/\\\/tiketi.com\\\/#\\\/schema\\\/logo\\\/image\\\/\",\"url\":\"https:\\\/\\\/tiketi.com\\\/wp-content\\\/uploads\\\/2019\\\/05\\\/tiketi-logo-696.png\",\"contentUrl\":\"https:\\\/\\\/tiketi.com\\\/wp-content\\\/uploads\\\/2019\\\/05\\\/tiketi-logo-696.png\",\"width\":696,\"height\":696,\"caption\":\"Tiketi.com\"},\"image\":{\"@id\":\"https:\\\/\\\/tiketi.com\\\/#\\\/schema\\\/logo\\\/image\\\/\"},\"sameAs\":[\"https:\\\/\\\/www.facebook.com\\\/TiketiCom\\\/\"]}]}<\/script>\n<!-- \/ Yoast SEO plugin. -->","yoast_head_json":{"title":"RwandAir R\u00e9servation en ligne - Vols pas chers","description":"Vous recherchez une r\u00e9servation en ligne, une application, un itin\u00e9raire et un tarif RwandAir\u00a0? Faites la r\u00e9servation de billets d&#039;avion pas cher RwandAir en ligne maintenant et \u00e9conomisez du temps et de l&#039;argent","robots":{"index":"index","follow":"follow","max-snippet":"max-snippet:-1","max-image-preview":"max-image-preview:large","max-video-preview":"max-video-preview:-1"},"canonical":"https:\/\/tiketi.com\/fr-fr\/rwandaair-online-bookings-flights\/","og_locale":"fr_FR","og_type":"article","og_title":"RwandAir Online Booking - Cheap Flights","og_description":"Looking for RwandAir online booking, app, route & fare? Do cheap RwandAir flight ticket booking online now and save time and money","og_url":"https:\/\/tiketi.com\/fr-fr\/rwandaair-online-bookings-flights\/","og_site_name":"Tiketi.com","article_publisher":"https:\/\/www.facebook.com\/TiketiCom\/","article_modified_time":"2022-07-26T09:55:17+00:00","og_image":[{"width":1200,"height":240,"url":"https:\/\/tiketi.com\/wp-content\/uploads\/2022\/01\/flight-ticket-booking-sorasak-KxCJXXGsv9I-unsplas.jpg","type":"image\/jpeg"}],"twitter_card":"summary_large_image","twitter_misc":{"Dur\u00e9e de lecture estim\u00e9e":"2 minutes"},"schema":{"@context":"https:\/\/schema.org","@graph":[{"@type":"WebPage","@id":"https:\/\/tiketi.com\/rwandaair-online-bookings-flights\/","url":"https:\/\/tiketi.com\/rwandaair-online-bookings-flights\/","name":"RwandAir R\u00e9servation en ligne - Vols pas chers","isPartOf":{"@id":"https:\/\/tiketi.com\/#website"},"primaryImageOfPage":{"@id":"https:\/\/tiketi.com\/rwandaair-online-bookings-flights\/#primaryimage"},"image":{"@id":"https:\/\/tiketi.com\/rwandaair-online-bookings-flights\/#primaryimage"},"thumbnailUrl":"https:\/\/tiketi.com\/wp-content\/uploads\/2022\/01\/flight-ticket-booking-sorasak-KxCJXXGsv9I-unsplas.jpg","datePublished":"2022-01-19T11:54:13+00:00","dateModified":"2022-07-26T09:55:17+00:00","description":"Vous recherchez une r\u00e9servation en ligne, une application, un itin\u00e9raire et un tarif RwandAir\u00a0? Faites la r\u00e9servation de billets d&#039;avion pas cher RwandAir en ligne maintenant et \u00e9conomisez du temps et de l&#039;argent","breadcrumb":{"@id":"https:\/\/tiketi.com\/rwandaair-online-bookings-flights\/#breadcrumb"},"inLanguage":"fr-FR","potentialAction":[{"@type":"ReadAction","target":["https:\/\/tiketi.com\/rwandaair-online-bookings-flights\/"]}]},{"@type":"ImageObject","inLanguage":"fr-FR","@id":"https:\/\/tiketi.com\/rwandaair-online-bookings-flights\/#primaryimage","url":"https:\/\/tiketi.com\/wp-content\/uploads\/2022\/01\/flight-ticket-booking-sorasak-KxCJXXGsv9I-unsplas.jpg","contentUrl":"https:\/\/tiketi.com\/wp-content\/uploads\/2022\/01\/flight-ticket-booking-sorasak-KxCJXXGsv9I-unsplas.jpg","width":1200,"height":240,"caption":"Online flight ticket booking"},{"@type":"BreadcrumbList","@id":"https:\/\/tiketi.com\/rwandaair-online-bookings-flights\/#breadcrumb","itemListElement":[{"@type":"ListItem","position":1,"name":"Home","item":"https:\/\/tiketi.com\/"},{"@type":"ListItem","position":2,"name":"RwandAir Online Booking &#8211; Cheap Flights"}]},{"@type":"WebSite","@id":"https:\/\/tiketi.com\/#website","url":"https:\/\/tiketi.com\/","name":"Billets d&#039;avion et de bus, forfaits touristiques et activit\u00e9s - Tiketi.com","description":"Billets d&#039;avion et de bus, Tours, Activit\u00e9s","publisher":{"@id":"https:\/\/tiketi.com\/#organization"},"potentialAction":[{"@type":"SearchAction","target":{"@type":"EntryPoint","urlTemplate":"https:\/\/tiketi.com\/?s={search_term_string}"},"query-input":{"@type":"PropertyValueSpecification","valueRequired":true,"valueName":"search_term_string"}}],"inLanguage":"fr-FR"},{"@type":"Organization","@id":"https:\/\/tiketi.com\/#organization","name":"Tiketi.com","alternateName":"Tiketi","url":"https:\/\/tiketi.com\/","logo":{"@type":"ImageObject","inLanguage":"fr-FR","@id":"https:\/\/tiketi.com\/#\/schema\/logo\/image\/","url":"https:\/\/tiketi.com\/wp-content\/uploads\/2019\/05\/tiketi-logo-696.png","contentUrl":"https:\/\/tiketi.com\/wp-content\/uploads\/2019\/05\/tiketi-logo-696.png","width":696,"height":696,"caption":"Tiketi.com"},"image":{"@id":"https:\/\/tiketi.com\/#\/schema\/logo\/image\/"},"sameAs":["https:\/\/www.facebook.com\/TiketiCom\/"]}]}},"_links":{"self":[{"href":"https:\/\/tiketi.com\/fr-fr\/wp-json\/wp\/v2\/pages\/11095","targetHints":{"allow":["GET"]}}],"collection":[{"href":"https:\/\/tiketi.com\/fr-fr\/wp-json\/wp\/v2\/pages"}],"about":[{"href":"https:\/\/tiketi.com\/fr-fr\/wp-json\/wp\/v2\/types\/page"}],"author":[{"embeddable":true,"href":"https:\/\/tiketi.com\/fr-fr\/wp-json\/wp\/v2\/users\/1"}],"replies":[{"embeddable":true,"href":"https:\/\/tiketi.com\/fr-fr\/wp-json\/wp\/v2\/comments?post=11095"}],"version-history":[{"count":0,"href":"https:\/\/tiketi.com\/fr-fr\/wp-json\/wp\/v2\/pages\/11095\/revisions"}],"wp:featuredmedia":[{"embeddable":true,"href":"https:\/\/tiketi.com\/fr-fr\/wp-json\/wp\/v2\/media\/14041"}],"wp:attachment":[{"href":"https:\/\/tiketi.com\/fr-fr\/wp-json\/wp\/v2\/media?parent=11095"}],"curies":[{"name":"wp","href":"https:\/\/api.w.org\/{rel}","templated":true}]}}