{"id":11096,"date":"2022-01-19T12:54:13","date_gmt":"2022-01-19T11:54:13","guid":{"rendered":"https:\/\/new.tiketi.com\/mango-airlines-online-bookings-cheap-flights\/"},"modified":"2022-02-16T21:57:40","modified_gmt":"2022-02-16T20:57:40","slug":"mango-airlines-online-bookings-flights","status":"publish","type":"page","link":"https:\/\/tiketi.com\/fr-fr\/mango-airlines-online-bookings-flights\/","title":{"rendered":"R\u00e9servations en ligne Mango Airlines \u2013 Vols pas chers"},"content":{"rendered":"<h2>R\u00e9servations de vols Mango en ligne, Afrique du Sud<\/h2>\n<h3>Comparez et r\u00e9servez d\u00e8s maintenant vos billets Mango Airlines pas chers en ligne.<\/h3>\n<p>Recherchez, comparez et effectuez des r\u00e9servations en ligne bon march\u00e9 avec Mango Airlines. Mango Airlines est une compagnie a\u00e9rienne sud-africaine abordable. Mango op\u00e8re actuellement des vols vers Cape Town, Johannesburg, Durban et de nombreuses autres destinations populaires en Afrique du Sud. R\u00e9servez d\u00e8s maintenant des vols Mango pas chers en ligne et \u00e9conomisez du temps et de l&#039;argent.<\/p>\n<h2>FAQ sur les r\u00e9servations en ligne de Mango Airlines<\/h2>\n<h3>Billets Mango Airlines en ligne pour destinations populaires<\/h3>\n<p>Les r\u00e9servations en ligne de Mango Airlines proposent en grande partie des vols en Afrique du Sud, notamment vers des destinations populaires telles que Durban, Cape Town, Johannesburg, Bloemfontein, George, Port Elizabeth et East London. De plus, la compagnie a\u00e9rienne propose 1 vol international vers Zanzibar.<\/p>\n<h3>Enregistrement en ligne<\/h3>\n<p>Les passagers peuvent s&#039;enregistrer en ligne pour les vols de la compagnie a\u00e9rienne Mango en utilisant la r\u00e9f\u00e9rence de r\u00e9servation de vols Mango en ligne et leur date de naissance. Ce service est ouvert vingt-quatre heures avant le d\u00e9part d&#039;un vol jusqu&#039;\u00e0 deux heures avant le d\u00e9part. L&#039;enregistrement mobile est \u00e9galement accessible pendant la m\u00eame p\u00e9riode. En plus des services d&#039;enregistrement en ligne et d&#039;enregistrement mobile. Ceux-ci sont ouverts entre douze heures et quarante minutes avant le d\u00e9part d\u2019un vol. L&#039;enregistrement mobile et en ligne ne peut pas \u00eatre utilis\u00e9 sur les vols au d\u00e9part de l&#039;a\u00e9roport de Bloemfontein ou de l&#039;a\u00e9roport de George, ainsi que sur ceux en provenance ou \u00e0 destination de l&#039;a\u00e9roport international de Zanzibar.<\/p>\n<h3>Informations sur la flotte<\/h3>\n<p>La flotte de Mango Airlines comprend des Boeing 737-800 et des Boeing 737-300.<\/p>\n<h3>Franchise de bagages<\/h3>\n<p>Les passagers de Mango Airlines peuvent enregistrer gratuitement jusqu&#039;\u00e0 vingt kg de bagages. Tant qu&#039;ils restent dans cette limite de poids, les bagages des passagers peuvent contenir autant d&#039;articles qu&#039;ils le souhaitent.<\/p>\n<h2>R\u00e9servations de vols Mango en ligne, Afrique du Sud Conseils<\/h2>\n<p>Mango est bas\u00e9e pr\u00e8s de Johannesburg \u00e0 l&#039;a\u00e9roport international OR Tambo et est une filiale de South African Airways. Cr\u00e9\u00e9e en 2006, Mango est rapidement devenue l\u2019une des r\u00e9ussites de l\u2019aviation africaine. La compagnie a\u00e9rienne dispose d&#039;une flotte de 4 Boeing 737-800 de nouvelle g\u00e9n\u00e9ration d&#039;une capacit\u00e9 de 186 passagers et propose un service d&#039;achat \u00e0 bord de boissons et de collations. Avec une palette de couleurs orange dynamique et une passion pour rendre le vol abordable et amusant, Mango est \u00e9galement fier de contribuer grandement \u00e0 rendre le transport a\u00e9rien local accessible aux Sud-Africains les plus ordinaires.<\/p>","protected":false},"excerpt":{"rendered":"<p>Mango Flight Bookings Online, South Africa Compare and book your cheap Mango Airlines tickets online now. Search, compare and do cheap Mango Airlines online bookings.&nbsp;Mango Airlines is a state-owned South African affordable airline. Mango presently operates flights to Cape Town, Johannesburg, Durban and many other popular destinations across South Africa. Do&nbsp;cheap Mango flight bookings online [&hellip;]<\/p>\n","protected":false},"author":1,"featured_media":14041,"parent":0,"menu_order":0,"comment_status":"open","ping_status":"closed","template":"template-home-modern.php","meta":{"footnotes":""},"class_list":["post-11096","page","type-page","status-publish","has-post-thumbnail","hentry"],"yoast_head":"<!-- This site is optimized with the Yoast SEO plugin v27.2 - https:\/\/yoast.com\/product\/yoast-seo-wordpress\/ -->\n<title>Mango Airlines Online Bookings - Cheap Flights<\/title>\n<meta name=\"description\" content=\"Looking for Mango Airlines online bookings in South Africa, app, contacts, fare and schedule? Compare and do cheap Mango flight bookings online South Africa online\" \/>\n<meta name=\"robots\" content=\"index, follow, max-snippet:-1, max-image-preview:large, max-video-preview:-1\" \/>\n<link rel=\"canonical\" href=\"https:\/\/tiketi.com\/fr-fr\/mango-airlines-online-bookings-flights\/\" \/>\n<meta property=\"og:locale\" content=\"fr_FR\" \/>\n<meta property=\"og:type\" content=\"article\" \/>\n<meta property=\"og:title\" content=\"Mango Airlines Online Bookings - Cheap Flights\" \/>\n<meta property=\"og:description\" content=\"Looking for Mango Airlines online bookings in South Africa, app, contacts, fare and schedule? Compare and do cheap Mango flight bookings online South Africa online\" \/>\n<meta property=\"og:url\" content=\"https:\/\/tiketi.com\/fr-fr\/mango-airlines-online-bookings-flights\/\" \/>\n<meta property=\"og:site_name\" content=\"Tiketi.com\" \/>\n<meta property=\"article:publisher\" content=\"https:\/\/www.facebook.com\/TiketiCom\/\" \/>\n<meta property=\"article:modified_time\" content=\"2022-02-16T20:57:40+00:00\" \/>\n<meta property=\"og:image\" content=\"https:\/\/tiketi.com\/wp-content\/uploads\/2022\/01\/flight-ticket-booking-sorasak-KxCJXXGsv9I-unsplas.jpg\" \/>\n\t<meta property=\"og:image:width\" content=\"1200\" \/>\n\t<meta property=\"og:image:height\" content=\"240\" \/>\n\t<meta property=\"og:image:type\" content=\"image\/jpeg\" \/>\n<meta name=\"twitter:card\" content=\"summary_large_image\" \/>\n<meta name=\"twitter:label1\" content=\"Dur\u00e9e de lecture estim\u00e9e\" \/>\n\t<meta name=\"twitter:data1\" content=\"2 minutes\" \/>\n<script type=\"application\/ld+json\" class=\"yoast-schema-graph\">{\"@context\":\"https:\/\/schema.org\",\"@graph\":[{\"@type\":\"WebPage\",\"@id\":\"https:\/\/tiketi.com\/mango-airlines-online-bookings-flights\/\",\"url\":\"https:\/\/tiketi.com\/mango-airlines-online-bookings-flights\/\",\"name\":\"Mango Airlines Online Bookings - Cheap Flights\",\"isPartOf\":{\"@id\":\"https:\/\/tiketi.com\/#website\"},\"primaryImageOfPage\":{\"@id\":\"https:\/\/tiketi.com\/mango-airlines-online-bookings-flights\/#primaryimage\"},\"image\":{\"@id\":\"https:\/\/tiketi.com\/mango-airlines-online-bookings-flights\/#primaryimage\"},\"thumbnailUrl\":\"https:\/\/tiketi.com\/wp-content\/uploads\/2022\/01\/flight-ticket-booking-sorasak-KxCJXXGsv9I-unsplas.jpg\",\"datePublished\":\"2022-01-19T11:54:13+00:00\",\"dateModified\":\"2022-02-16T20:57:40+00:00\",\"description\":\"Looking for Mango Airlines online bookings in South Africa, app, contacts, fare and schedule? Compare and do cheap Mango flight bookings online South Africa online\",\"breadcrumb\":{\"@id\":\"https:\/\/tiketi.com\/mango-airlines-online-bookings-flights\/#breadcrumb\"},\"inLanguage\":\"fr-FR\",\"potentialAction\":[{\"@type\":\"ReadAction\",\"target\":[\"https:\/\/tiketi.com\/mango-airlines-online-bookings-flights\/\"]}]},{\"@type\":\"ImageObject\",\"inLanguage\":\"fr-FR\",\"@id\":\"https:\/\/tiketi.com\/mango-airlines-online-bookings-flights\/#primaryimage\",\"url\":\"https:\/\/tiketi.com\/wp-content\/uploads\/2022\/01\/flight-ticket-booking-sorasak-KxCJXXGsv9I-unsplas.jpg\",\"contentUrl\":\"https:\/\/tiketi.com\/wp-content\/uploads\/2022\/01\/flight-ticket-booking-sorasak-KxCJXXGsv9I-unsplas.jpg\",\"width\":1200,\"height\":240,\"caption\":\"Online flight ticket booking\"},{\"@type\":\"BreadcrumbList\",\"@id\":\"https:\/\/tiketi.com\/mango-airlines-online-bookings-flights\/#breadcrumb\",\"itemListElement\":[{\"@type\":\"ListItem\",\"position\":1,\"name\":\"Home\",\"item\":\"https:\/\/tiketi.com\/\"},{\"@type\":\"ListItem\",\"position\":2,\"name\":\"Mango Airlines Online Bookings &#8211; Cheap Flights\"}]},{\"@type\":\"WebSite\",\"@id\":\"https:\/\/tiketi.com\/#website\",\"url\":\"https:\/\/tiketi.com\/\",\"name\":\"Flight & Bus Tickets, Tour Packages & Activitites - Tiketi.com\",\"description\":\"Flight &amp; Bus Tickets, Tours, Activitites\",\"publisher\":{\"@id\":\"https:\/\/tiketi.com\/#organization\"},\"potentialAction\":[{\"@type\":\"SearchAction\",\"target\":{\"@type\":\"EntryPoint\",\"urlTemplate\":\"https:\/\/tiketi.com\/?s={search_term_string}\"},\"query-input\":{\"@type\":\"PropertyValueSpecification\",\"valueRequired\":true,\"valueName\":\"search_term_string\"}}],\"inLanguage\":\"fr-FR\"},{\"@type\":\"Organization\",\"@id\":\"https:\/\/tiketi.com\/#organization\",\"name\":\"Tiketi.com\",\"alternateName\":\"Tiketi\",\"url\":\"https:\/\/tiketi.com\/\",\"logo\":{\"@type\":\"ImageObject\",\"inLanguage\":\"fr-FR\",\"@id\":\"https:\/\/tiketi.com\/#\/schema\/logo\/image\/\",\"url\":\"https:\/\/tiketi.com\/wp-content\/uploads\/2019\/05\/tiketi-logo-696.png\",\"contentUrl\":\"https:\/\/tiketi.com\/wp-content\/uploads\/2019\/05\/tiketi-logo-696.png\",\"width\":696,\"height\":696,\"caption\":\"Tiketi.com\"},\"image\":{\"@id\":\"https:\/\/tiketi.com\/#\/schema\/logo\/image\/\"},\"sameAs\":[\"https:\/\/www.facebook.com\/TiketiCom\/\"]}]}<\/script>\n<!-- \/ Yoast SEO plugin. -->","yoast_head_json":{"title":"R\u00e9servations en ligne Mango Airlines - Vols pas chers","description":"Vous recherchez des r\u00e9servations en ligne Mango Airlines en Afrique du Sud, une application, des contacts, des tarifs et des horaires\u00a0? Comparez et r\u00e9servez des vols Mango pas chers en ligne pour l&#039;Afrique du Sud en ligne","robots":{"index":"index","follow":"follow","max-snippet":"max-snippet:-1","max-image-preview":"max-image-preview:large","max-video-preview":"max-video-preview:-1"},"canonical":"https:\/\/tiketi.com\/fr-fr\/mango-airlines-online-bookings-flights\/","og_locale":"fr_FR","og_type":"article","og_title":"Mango Airlines Online Bookings - Cheap Flights","og_description":"Looking for Mango Airlines online bookings in South Africa, app, contacts, fare and schedule? Compare and do cheap Mango flight bookings online South Africa online","og_url":"https:\/\/tiketi.com\/fr-fr\/mango-airlines-online-bookings-flights\/","og_site_name":"Tiketi.com","article_publisher":"https:\/\/www.facebook.com\/TiketiCom\/","article_modified_time":"2022-02-16T20:57:40+00:00","og_image":[{"width":1200,"height":240,"url":"https:\/\/tiketi.com\/wp-content\/uploads\/2022\/01\/flight-ticket-booking-sorasak-KxCJXXGsv9I-unsplas.jpg","type":"image\/jpeg"}],"twitter_card":"summary_large_image","twitter_misc":{"Dur\u00e9e de lecture estim\u00e9e":"2 minutes"},"schema":{"@context":"https:\/\/schema.org","@graph":[{"@type":"WebPage","@id":"https:\/\/tiketi.com\/mango-airlines-online-bookings-flights\/","url":"https:\/\/tiketi.com\/mango-airlines-online-bookings-flights\/","name":"R\u00e9servations en ligne Mango Airlines - Vols pas chers","isPartOf":{"@id":"https:\/\/tiketi.com\/#website"},"primaryImageOfPage":{"@id":"https:\/\/tiketi.com\/mango-airlines-online-bookings-flights\/#primaryimage"},"image":{"@id":"https:\/\/tiketi.com\/mango-airlines-online-bookings-flights\/#primaryimage"},"thumbnailUrl":"https:\/\/tiketi.com\/wp-content\/uploads\/2022\/01\/flight-ticket-booking-sorasak-KxCJXXGsv9I-unsplas.jpg","datePublished":"2022-01-19T11:54:13+00:00","dateModified":"2022-02-16T20:57:40+00:00","description":"Vous recherchez des r\u00e9servations en ligne Mango Airlines en Afrique du Sud, une application, des contacts, des tarifs et des horaires\u00a0? Comparez et r\u00e9servez des vols Mango pas chers en ligne pour l&#039;Afrique du Sud en ligne","breadcrumb":{"@id":"https:\/\/tiketi.com\/mango-airlines-online-bookings-flights\/#breadcrumb"},"inLanguage":"fr-FR","potentialAction":[{"@type":"ReadAction","target":["https:\/\/tiketi.com\/mango-airlines-online-bookings-flights\/"]}]},{"@type":"ImageObject","inLanguage":"fr-FR","@id":"https:\/\/tiketi.com\/mango-airlines-online-bookings-flights\/#primaryimage","url":"https:\/\/tiketi.com\/wp-content\/uploads\/2022\/01\/flight-ticket-booking-sorasak-KxCJXXGsv9I-unsplas.jpg","contentUrl":"https:\/\/tiketi.com\/wp-content\/uploads\/2022\/01\/flight-ticket-booking-sorasak-KxCJXXGsv9I-unsplas.jpg","width":1200,"height":240,"caption":"Online flight ticket booking"},{"@type":"BreadcrumbList","@id":"https:\/\/tiketi.com\/mango-airlines-online-bookings-flights\/#breadcrumb","itemListElement":[{"@type":"ListItem","position":1,"name":"Home","item":"https:\/\/tiketi.com\/"},{"@type":"ListItem","position":2,"name":"Mango Airlines Online Bookings &#8211; Cheap Flights"}]},{"@type":"WebSite","@id":"https:\/\/tiketi.com\/#website","url":"https:\/\/tiketi.com\/","name":"Billets d&#039;avion et de bus, forfaits touristiques et activit\u00e9s - Tiketi.com","description":"Billets d&#039;avion et de bus, Tours, Activit\u00e9s","publisher":{"@id":"https:\/\/tiketi.com\/#organization"},"potentialAction":[{"@type":"SearchAction","target":{"@type":"EntryPoint","urlTemplate":"https:\/\/tiketi.com\/?s={search_term_string}"},"query-input":{"@type":"PropertyValueSpecification","valueRequired":true,"valueName":"search_term_string"}}],"inLanguage":"fr-FR"},{"@type":"Organization","@id":"https:\/\/tiketi.com\/#organization","name":"Tiketi.com","alternateName":"Tiketi","url":"https:\/\/tiketi.com\/","logo":{"@type":"ImageObject","inLanguage":"fr-FR","@id":"https:\/\/tiketi.com\/#\/schema\/logo\/image\/","url":"https:\/\/tiketi.com\/wp-content\/uploads\/2019\/05\/tiketi-logo-696.png","contentUrl":"https:\/\/tiketi.com\/wp-content\/uploads\/2019\/05\/tiketi-logo-696.png","width":696,"height":696,"caption":"Tiketi.com"},"image":{"@id":"https:\/\/tiketi.com\/#\/schema\/logo\/image\/"},"sameAs":["https:\/\/www.facebook.com\/TiketiCom\/"]}]}},"_links":{"self":[{"href":"https:\/\/tiketi.com\/fr-fr\/wp-json\/wp\/v2\/pages\/11096","targetHints":{"allow":["GET"]}}],"collection":[{"href":"https:\/\/tiketi.com\/fr-fr\/wp-json\/wp\/v2\/pages"}],"about":[{"href":"https:\/\/tiketi.com\/fr-fr\/wp-json\/wp\/v2\/types\/page"}],"author":[{"embeddable":true,"href":"https:\/\/tiketi.com\/fr-fr\/wp-json\/wp\/v2\/users\/1"}],"replies":[{"embeddable":true,"href":"https:\/\/tiketi.com\/fr-fr\/wp-json\/wp\/v2\/comments?post=11096"}],"version-history":[{"count":0,"href":"https:\/\/tiketi.com\/fr-fr\/wp-json\/wp\/v2\/pages\/11096\/revisions"}],"wp:featuredmedia":[{"embeddable":true,"href":"https:\/\/tiketi.com\/fr-fr\/wp-json\/wp\/v2\/media\/14041"}],"wp:attachment":[{"href":"https:\/\/tiketi.com\/fr-fr\/wp-json\/wp\/v2\/media?parent=11096"}],"curies":[{"name":"wp","href":"https:\/\/api.w.org\/{rel}","templated":true}]}}