{"id":11097,"date":"2022-01-19T12:54:13","date_gmt":"2022-01-19T11:54:13","guid":{"rendered":"https:\/\/new.tiketi.com\/safarilink-online-booking-cheap-flights\/"},"modified":"2022-02-21T12:59:11","modified_gmt":"2022-02-21T11:59:11","slug":"safarilink-online-booking-flights","status":"publish","type":"page","link":"https:\/\/tiketi.com\/fr-fr\/safarilink-online-booking-flights\/","title":{"rendered":"R\u00e9servation en ligne Safarilink \u2013 Vols pas chers"},"content":{"rendered":"<h2>R\u00e9servation en ligne de vol Safarilink<\/h2>\n<h3>Comparez et r\u00e9servez vos billets Safarilink pas chers en ligne d\u00e8s maintenant.<\/h3>\n<p>Recherchez, comparez et effectuez des r\u00e9servations en ligne Safarilink \u00e0 bas prix. Safarilink aviation est une compagnie a\u00e9rienne r\u00e9gionale du Kenya et son a\u00e9roport central est situ\u00e9 \u00e0 l&#039;a\u00e9roport Wilson de Nairobi, au Kenya. La compagnie a\u00e9rienne propose d\u00e9sormais des services r\u00e9guliers quotidiens vers vingt-deux destinations et, pendant la p\u00e9riode la plus charg\u00e9e de l&#039;ann\u00e9e, transporte plus de 14 000 passagers par mois. La premi\u00e8re compagnie a\u00e9rienne de safari au Kenya dispose d&#039;un r\u00e9seau reliant des services r\u00e9guliers locaux \u00e0 tous les meilleurs sites de safari au Kenya et de l&#039;autre c\u00f4t\u00e9 de la fronti\u00e8re dans le nord de la Tanzanie. Les compagnies a\u00e9riennes qui volent \u00e9galement depuis le Kenya sont les passerelles et Silverstone Air. Faites une r\u00e9servation en ligne de vol Safarilink pas cher maintenant et \u00e9conomisez du temps et de l&#039;argent.<\/p>\n<h2>FAQ sur la r\u00e9servation en ligne de Safarilink<\/h2>\n<h3>Billets d&#039;avion Safarilink destinations populaires<\/h3>\n<p>Safarilink dessert plus de vingt-deux destinations par jour. Ils couvrent bon nombre des principales destinations de safari au Kenya et traversent le territoire du nord de la Tanzanie pour s&#039;assurer que vous avez certains des meilleurs choix \u00e0 port\u00e9e de main.<\/p>\n<h3>Franchise de bagages<\/h3>\n<p>La franchise de bagages a une franchise de bagages compl\u00e8te de 15 kg. Celui-ci contient des bagages \u00e0 main et des objets personnels (ordinateurs portables et appareils photo), les bagages ne doivent pas d\u00e9passer 90 x 65 x 35 cm.<\/p>\n<p>Les passagers voyageant vers Kisumu, Zanzibar, Viking, Diani, Kitale et Lodwar ont une franchise de bagages de 20 kg.<\/p>\n<h3>Informations sur la flotte<\/h3>\n<p>Safarilink a les avions suivants dans sa flotte :<\/p>\n<p>\u2022 1 x Dehavilland Dash 8<br \/>\n\u2022 10 caravanes Cessna<\/p>\n<h2>Conseils de r\u00e9servation en ligne de vols Safarilink<\/h2>\n<p>La compagnie a\u00e9rienne est membre de l&#039;association des op\u00e9rateurs a\u00e9riens du Kenya. La compagnie a\u00e9rienne va maintenant commencer des services de Nairobi \u00e0 Zanzibar et emploie actuellement une centaine de personnes dont vingt-six sont des pilotes. La compagnie a\u00e9rienne, qui dessert principalement des itin\u00e9raires touristiques, a annonc\u00e9 que les vols proviendraient de l&#039;a\u00e9roport de Wilson.<\/p>\n<p>Tous les vols Safarilink fonctionnent quotidiennement, \u00e0 l&#039;exception de la ligne directe de Laikipia \u00e0 Mara, qui ne fonctionne pas entre le 1er avril et le 15 juin et entre le 15 novembre et le 15 d\u00e9cembre. Les passagers peuvent, de toute fa\u00e7on, passer par l&#039;a\u00e9roport de Wilson et prendre un vol de liaison vers Mara.<\/p>\n<p>La reconfirmation de la r\u00e9servation en ligne des vols Safarilink n&#039;est pas requise, bien qu&#039;il soit conseill\u00e9 de le faire.<\/p>","protected":false},"excerpt":{"rendered":"<p>Safarilink\u00a0Flight Online Booking Compare and book your cheap Safarilink tickets online now. Search, compare and do cheap Safarilink online booking.\u00a0Safarilink aviation is a regional airline of Kenya and its central airport is placed at Wilson Airport in Nairobi, Kenya. The airline now offers daily scheduled services to twenty-two destinations and during the busiest period of [&hellip;]<\/p>\n","protected":false},"author":1,"featured_media":14041,"parent":0,"menu_order":0,"comment_status":"open","ping_status":"closed","template":"template-home-modern.php","meta":{"footnotes":""},"class_list":["post-11097","page","type-page","status-publish","has-post-thumbnail","hentry"],"yoast_head":"<!-- This site is optimized with the Yoast SEO plugin v27.5 - https:\/\/yoast.com\/product\/yoast-seo-wordpress\/ -->\n<title>Safarilink Online Booking - Cheap Flights<\/title>\n<meta name=\"description\" content=\"Looking for Safarilink online booking in Tanzania, app, route &amp; fare? Do cheap Safarilink flight online booking now and save time and money\" \/>\n<meta name=\"robots\" content=\"index, follow, max-snippet:-1, max-image-preview:large, max-video-preview:-1\" \/>\n<link rel=\"canonical\" href=\"https:\/\/tiketi.com\/fr-fr\/safarilink-online-booking-flights\/\" \/>\n<meta property=\"og:locale\" content=\"fr_FR\" \/>\n<meta property=\"og:type\" content=\"article\" \/>\n<meta property=\"og:title\" content=\"Safarilink Online Booking - Cheap Flights\" \/>\n<meta property=\"og:description\" content=\"Looking for Safarilink online booking in Tanzania, app, route &amp; fare? Do cheap Safarilink flight online booking now and save time and money\" \/>\n<meta property=\"og:url\" content=\"https:\/\/tiketi.com\/fr-fr\/safarilink-online-booking-flights\/\" \/>\n<meta property=\"og:site_name\" content=\"Tiketi.com\" \/>\n<meta property=\"article:publisher\" content=\"https:\/\/www.facebook.com\/TiketiCom\/\" \/>\n<meta property=\"article:modified_time\" content=\"2022-02-21T11:59:11+00:00\" \/>\n<meta property=\"og:image\" content=\"https:\/\/tiketi.com\/wp-content\/uploads\/2022\/01\/flight-ticket-booking-sorasak-KxCJXXGsv9I-unsplas.jpg\" \/>\n\t<meta property=\"og:image:width\" content=\"1200\" \/>\n\t<meta property=\"og:image:height\" content=\"240\" \/>\n\t<meta property=\"og:image:type\" content=\"image\/jpeg\" \/>\n<meta name=\"twitter:card\" content=\"summary_large_image\" \/>\n<meta name=\"twitter:label1\" content=\"Dur\u00e9e de lecture estim\u00e9e\" \/>\n\t<meta name=\"twitter:data1\" content=\"2 minutes\" \/>\n<script type=\"application\/ld+json\" class=\"yoast-schema-graph\">{\"@context\":\"https:\\\/\\\/schema.org\",\"@graph\":[{\"@type\":\"WebPage\",\"@id\":\"https:\\\/\\\/tiketi.com\\\/en-gb\\\/safarilink-online-booking-flights\\\/\",\"url\":\"https:\\\/\\\/tiketi.com\\\/en-gb\\\/safarilink-online-booking-flights\\\/\",\"name\":\"Safarilink Online Booking - Cheap Flights\",\"isPartOf\":{\"@id\":\"https:\\\/\\\/tiketi.com\\\/#website\"},\"primaryImageOfPage\":{\"@id\":\"https:\\\/\\\/tiketi.com\\\/en-gb\\\/safarilink-online-booking-flights\\\/#primaryimage\"},\"image\":{\"@id\":\"https:\\\/\\\/tiketi.com\\\/en-gb\\\/safarilink-online-booking-flights\\\/#primaryimage\"},\"thumbnailUrl\":\"https:\\\/\\\/tiketi.com\\\/wp-content\\\/uploads\\\/2022\\\/01\\\/flight-ticket-booking-sorasak-KxCJXXGsv9I-unsplas.jpg\",\"datePublished\":\"2022-01-19T11:54:13+00:00\",\"dateModified\":\"2022-02-21T11:59:11+00:00\",\"description\":\"Looking for Safarilink online booking in Tanzania, app, route & fare? Do cheap Safarilink flight online booking now and save time and money\",\"breadcrumb\":{\"@id\":\"https:\\\/\\\/tiketi.com\\\/en-gb\\\/safarilink-online-booking-flights\\\/#breadcrumb\"},\"inLanguage\":\"fr-FR\",\"potentialAction\":[{\"@type\":\"ReadAction\",\"target\":[\"https:\\\/\\\/tiketi.com\\\/en-gb\\\/safarilink-online-booking-flights\\\/\"]}]},{\"@type\":\"ImageObject\",\"inLanguage\":\"fr-FR\",\"@id\":\"https:\\\/\\\/tiketi.com\\\/en-gb\\\/safarilink-online-booking-flights\\\/#primaryimage\",\"url\":\"https:\\\/\\\/tiketi.com\\\/wp-content\\\/uploads\\\/2022\\\/01\\\/flight-ticket-booking-sorasak-KxCJXXGsv9I-unsplas.jpg\",\"contentUrl\":\"https:\\\/\\\/tiketi.com\\\/wp-content\\\/uploads\\\/2022\\\/01\\\/flight-ticket-booking-sorasak-KxCJXXGsv9I-unsplas.jpg\",\"width\":1200,\"height\":240,\"caption\":\"Online flight ticket booking\"},{\"@type\":\"BreadcrumbList\",\"@id\":\"https:\\\/\\\/tiketi.com\\\/en-gb\\\/safarilink-online-booking-flights\\\/#breadcrumb\",\"itemListElement\":[{\"@type\":\"ListItem\",\"position\":1,\"name\":\"Home\",\"item\":\"https:\\\/\\\/tiketi.com\\\/\"},{\"@type\":\"ListItem\",\"position\":2,\"name\":\"Safarilink Online Booking &#8211; Cheap Flights\"}]},{\"@type\":\"WebSite\",\"@id\":\"https:\\\/\\\/tiketi.com\\\/#website\",\"url\":\"https:\\\/\\\/tiketi.com\\\/\",\"name\":\"Flight & Bus Tickets, Tour Packages & Activitites - Tiketi.com\",\"description\":\"Flight &amp; Bus Tickets, Tours, Activitites\",\"publisher\":{\"@id\":\"https:\\\/\\\/tiketi.com\\\/#organization\"},\"potentialAction\":[{\"@type\":\"SearchAction\",\"target\":{\"@type\":\"EntryPoint\",\"urlTemplate\":\"https:\\\/\\\/tiketi.com\\\/?s={search_term_string}\"},\"query-input\":{\"@type\":\"PropertyValueSpecification\",\"valueRequired\":true,\"valueName\":\"search_term_string\"}}],\"inLanguage\":\"fr-FR\"},{\"@type\":\"Organization\",\"@id\":\"https:\\\/\\\/tiketi.com\\\/#organization\",\"name\":\"Tiketi.com\",\"alternateName\":\"Tiketi\",\"url\":\"https:\\\/\\\/tiketi.com\\\/\",\"logo\":{\"@type\":\"ImageObject\",\"inLanguage\":\"fr-FR\",\"@id\":\"https:\\\/\\\/tiketi.com\\\/#\\\/schema\\\/logo\\\/image\\\/\",\"url\":\"https:\\\/\\\/tiketi.com\\\/wp-content\\\/uploads\\\/2019\\\/05\\\/tiketi-logo-696.png\",\"contentUrl\":\"https:\\\/\\\/tiketi.com\\\/wp-content\\\/uploads\\\/2019\\\/05\\\/tiketi-logo-696.png\",\"width\":696,\"height\":696,\"caption\":\"Tiketi.com\"},\"image\":{\"@id\":\"https:\\\/\\\/tiketi.com\\\/#\\\/schema\\\/logo\\\/image\\\/\"},\"sameAs\":[\"https:\\\/\\\/www.facebook.com\\\/TiketiCom\\\/\"]}]}<\/script>\n<!-- \/ Yoast SEO plugin. -->","yoast_head_json":{"title":"R\u00e9servation en ligne Safarilink - Vols pas chers","description":"Vous recherchez une r\u00e9servation en ligne Safarilink en Tanzanie, une application, un itin\u00e9raire et un tarif\u00a0? Faites une r\u00e9servation en ligne de vol Safarilink pas cher maintenant et \u00e9conomisez du temps et de l&#039;argent","robots":{"index":"index","follow":"follow","max-snippet":"max-snippet:-1","max-image-preview":"max-image-preview:large","max-video-preview":"max-video-preview:-1"},"canonical":"https:\/\/tiketi.com\/fr-fr\/safarilink-online-booking-flights\/","og_locale":"fr_FR","og_type":"article","og_title":"Safarilink Online Booking - Cheap Flights","og_description":"Looking for Safarilink online booking in Tanzania, app, route & fare? Do cheap Safarilink flight online booking now and save time and money","og_url":"https:\/\/tiketi.com\/fr-fr\/safarilink-online-booking-flights\/","og_site_name":"Tiketi.com","article_publisher":"https:\/\/www.facebook.com\/TiketiCom\/","article_modified_time":"2022-02-21T11:59:11+00:00","og_image":[{"width":1200,"height":240,"url":"https:\/\/tiketi.com\/wp-content\/uploads\/2022\/01\/flight-ticket-booking-sorasak-KxCJXXGsv9I-unsplas.jpg","type":"image\/jpeg"}],"twitter_card":"summary_large_image","twitter_misc":{"Dur\u00e9e de lecture estim\u00e9e":"2 minutes"},"schema":{"@context":"https:\/\/schema.org","@graph":[{"@type":"WebPage","@id":"https:\/\/tiketi.com\/en-gb\/safarilink-online-booking-flights\/","url":"https:\/\/tiketi.com\/en-gb\/safarilink-online-booking-flights\/","name":"R\u00e9servation en ligne Safarilink - Vols pas chers","isPartOf":{"@id":"https:\/\/tiketi.com\/#website"},"primaryImageOfPage":{"@id":"https:\/\/tiketi.com\/en-gb\/safarilink-online-booking-flights\/#primaryimage"},"image":{"@id":"https:\/\/tiketi.com\/en-gb\/safarilink-online-booking-flights\/#primaryimage"},"thumbnailUrl":"https:\/\/tiketi.com\/wp-content\/uploads\/2022\/01\/flight-ticket-booking-sorasak-KxCJXXGsv9I-unsplas.jpg","datePublished":"2022-01-19T11:54:13+00:00","dateModified":"2022-02-21T11:59:11+00:00","description":"Vous recherchez une r\u00e9servation en ligne Safarilink en Tanzanie, une application, un itin\u00e9raire et un tarif\u00a0? Faites une r\u00e9servation en ligne de vol Safarilink pas cher maintenant et \u00e9conomisez du temps et de l&#039;argent","breadcrumb":{"@id":"https:\/\/tiketi.com\/en-gb\/safarilink-online-booking-flights\/#breadcrumb"},"inLanguage":"fr-FR","potentialAction":[{"@type":"ReadAction","target":["https:\/\/tiketi.com\/en-gb\/safarilink-online-booking-flights\/"]}]},{"@type":"ImageObject","inLanguage":"fr-FR","@id":"https:\/\/tiketi.com\/en-gb\/safarilink-online-booking-flights\/#primaryimage","url":"https:\/\/tiketi.com\/wp-content\/uploads\/2022\/01\/flight-ticket-booking-sorasak-KxCJXXGsv9I-unsplas.jpg","contentUrl":"https:\/\/tiketi.com\/wp-content\/uploads\/2022\/01\/flight-ticket-booking-sorasak-KxCJXXGsv9I-unsplas.jpg","width":1200,"height":240,"caption":"Online flight ticket booking"},{"@type":"BreadcrumbList","@id":"https:\/\/tiketi.com\/en-gb\/safarilink-online-booking-flights\/#breadcrumb","itemListElement":[{"@type":"ListItem","position":1,"name":"Home","item":"https:\/\/tiketi.com\/"},{"@type":"ListItem","position":2,"name":"Safarilink Online Booking &#8211; Cheap Flights"}]},{"@type":"WebSite","@id":"https:\/\/tiketi.com\/#website","url":"https:\/\/tiketi.com\/","name":"Billets d&#039;avion et de bus, forfaits touristiques et activit\u00e9s - Tiketi.com","description":"Billets d&#039;avion et de bus, Tours, Activit\u00e9s","publisher":{"@id":"https:\/\/tiketi.com\/#organization"},"potentialAction":[{"@type":"SearchAction","target":{"@type":"EntryPoint","urlTemplate":"https:\/\/tiketi.com\/?s={search_term_string}"},"query-input":{"@type":"PropertyValueSpecification","valueRequired":true,"valueName":"search_term_string"}}],"inLanguage":"fr-FR"},{"@type":"Organization","@id":"https:\/\/tiketi.com\/#organization","name":"Tiketi.com","alternateName":"Tiketi","url":"https:\/\/tiketi.com\/","logo":{"@type":"ImageObject","inLanguage":"fr-FR","@id":"https:\/\/tiketi.com\/#\/schema\/logo\/image\/","url":"https:\/\/tiketi.com\/wp-content\/uploads\/2019\/05\/tiketi-logo-696.png","contentUrl":"https:\/\/tiketi.com\/wp-content\/uploads\/2019\/05\/tiketi-logo-696.png","width":696,"height":696,"caption":"Tiketi.com"},"image":{"@id":"https:\/\/tiketi.com\/#\/schema\/logo\/image\/"},"sameAs":["https:\/\/www.facebook.com\/TiketiCom\/"]}]}},"_links":{"self":[{"href":"https:\/\/tiketi.com\/fr-fr\/wp-json\/wp\/v2\/pages\/11097","targetHints":{"allow":["GET"]}}],"collection":[{"href":"https:\/\/tiketi.com\/fr-fr\/wp-json\/wp\/v2\/pages"}],"about":[{"href":"https:\/\/tiketi.com\/fr-fr\/wp-json\/wp\/v2\/types\/page"}],"author":[{"embeddable":true,"href":"https:\/\/tiketi.com\/fr-fr\/wp-json\/wp\/v2\/users\/1"}],"replies":[{"embeddable":true,"href":"https:\/\/tiketi.com\/fr-fr\/wp-json\/wp\/v2\/comments?post=11097"}],"version-history":[{"count":0,"href":"https:\/\/tiketi.com\/fr-fr\/wp-json\/wp\/v2\/pages\/11097\/revisions"}],"wp:featuredmedia":[{"embeddable":true,"href":"https:\/\/tiketi.com\/fr-fr\/wp-json\/wp\/v2\/media\/14041"}],"wp:attachment":[{"href":"https:\/\/tiketi.com\/fr-fr\/wp-json\/wp\/v2\/media?parent=11097"}],"curies":[{"name":"wp","href":"https:\/\/api.w.org\/{rel}","templated":true}]}}