{"id":11099,"date":"2022-01-19T12:54:13","date_gmt":"2022-01-19T11:54:13","guid":{"rendered":"https:\/\/new.tiketi.com\/tanzanair-online-booking-cheap-flights\/"},"modified":"2022-02-22T11:08:30","modified_gmt":"2022-02-22T10:08:30","slug":"tanzanair-online-booking-flights","status":"publish","type":"page","link":"https:\/\/tiketi.com\/fr-fr\/tanzanair-online-booking-flights\/","title":{"rendered":"R\u00e9servation en ligne Tanzanair \u2013 Vols pas chers"},"content":{"rendered":"<h2>Tanzanair R\u00e9servation Vol Tanzanie<\/h2>\n<h3>Comparez et r\u00e9servez vos billets Tanzanair pas chers en ligne d\u00e8s maintenant.<\/h3>\n<p>Recherchez, comparez et faites une r\u00e9servation en ligne Tanzanair pas cher. Tanzan Air est l&#039;un des principaux fournisseurs de services d&#039;affr\u00e8tement d&#039;avions et d&#039;aviation en Tanzanie. Les services d&#039;affr\u00e8tement offrent aux passagers des vols VIP vers toutes les destinations populaires de leur choix. Tanzan Air s&#039;occupe \u00e9galement des relev\u00e9s a\u00e9riens, des vols de fret, des \u00e9vacuations m\u00e9dicales, des relev\u00e9s a\u00e9riens, des campings et des parcs \u00e0 gibier et des vols contractuels vers certaines destinations r\u00e9guli\u00e8res. Faites la r\u00e9servation de vols pas chers Tanzanair en ligne maintenant et \u00e9conomisez du temps et de l&#039;argent.<\/p>\n<h2>FAQ sur la r\u00e9servation en ligne de TanzanAir<\/h2>\n<h3>R\u00e9servation de vols Tanzanair destinations populaires<\/h3>\n<p>Tanzanair vole vers toutes les destinations populaires en Tanzanie et certains endroits r\u00e9gionaux tels que le Kenya, l&#039;Ouganda, le Rwanda, Brundi, le Malawi, le Mozambique, l&#039;Afrique du Sud, le Zimbabwe, Madagascar et les Comores.<\/p>\n<p>La soci\u00e9t\u00e9 d&#039;aviation peut adapter n&#039;importe quel service d&#039;affr\u00e8tement \u00e0 vos besoins en fournissant un service haut de gamme de bout en bout. L&#039;entreprise propose des solutions personnalis\u00e9es, qui constituent la r\u00e9f\u00e9rence pour tout service d&#039;affr\u00e8tement tel que la restauration, l&#039;exp\u00e9dition de bagages et le transport terrestre.<\/p>\n<p>Tous les avions Tanzan sont \u00e9quip\u00e9s du syst\u00e8me SkyTrac qui offre une communication vocale bidirectionnelle, des donn\u00e9es de surveillance de la situation du moteur, la messagerie texte, le suivi et la cartographie des avions \u00e0 l&#039;aide de rapports de position bas\u00e9s sur GPS.<\/p>\n<p>La soci\u00e9t\u00e9 a\u00e9ronautique dispose d&#039;installations de maintenance au terminal de Tanzanair \u00e0 l&#039;a\u00e9roport international Julius Nyerere de Dar es Salaam. L&#039;installation dispose de 3 hangars, du mat\u00e9riel et de l&#039;outillage de maintenance appropri\u00e9s. Elle propose l&#039;entretien et la r\u00e9paration d&#039;a\u00e9ronefs certifi\u00e9s dans les m\u00e9tiers du transport a\u00e9rien, des h\u00e9lices, des moteurs, ainsi que la r\u00e9vision et le contr\u00f4le CND des a\u00e9ronefs.<\/p>\n<h2>Conseils de r\u00e9servation de vol Tanzanair<\/h2>\n<p>Le service d&#039;affr\u00e8tement d&#039;avions permet de r\u00e9duire le temps de vol en offrant un service de bout en bout et en rejetant l&#039;enregistrement ainsi que les probl\u00e8mes d&#039;embarquement et de franchise de bagages. Les passagers peuvent voler en fonction de leurs horaires et peuvent augmenter leur mobilit\u00e9 productive et ex\u00e9cutive tout en volant vers leur destination populaire.<\/p>","protected":false},"excerpt":{"rendered":"<p>Tanzanair Flight Booking Tanzania Compare and book your cheap Tanzanair tickets online now. Search, compare and do cheap Tanzanair online booking.\u00a0Tanzan Air is a top provider of aircraft charter and aviation services in Tanzania. The charter services offer passengers with VIP flights to any popular destinations of their choice. Tanzan Air also caters for aerial [&hellip;]<\/p>\n","protected":false},"author":1,"featured_media":14041,"parent":0,"menu_order":0,"comment_status":"open","ping_status":"closed","template":"template-home-modern.php","meta":{"footnotes":""},"class_list":["post-11099","page","type-page","status-publish","has-post-thumbnail","hentry"],"yoast_head":"<!-- This site is optimized with the Yoast SEO plugin v27.4 - https:\/\/yoast.com\/product\/yoast-seo-wordpress\/ -->\n<title>Tanzanair Online Booking - Cheap Flights<\/title>\n<meta name=\"description\" content=\"Looking for TanzanAir online booking in Tanzania, route, tickets, schedule &amp; Fare? Do cheap TanzanAir flight booking Tanzania online now\" \/>\n<meta name=\"robots\" content=\"index, follow, max-snippet:-1, max-image-preview:large, max-video-preview:-1\" \/>\n<link rel=\"canonical\" href=\"https:\/\/tiketi.com\/fr-fr\/tanzanair-online-booking-flights\/\" \/>\n<meta property=\"og:locale\" content=\"fr_FR\" \/>\n<meta property=\"og:type\" content=\"article\" \/>\n<meta property=\"og:title\" content=\"Tanzanair Online Booking - Cheap Flights\" \/>\n<meta property=\"og:description\" content=\"Looking for TanzanAir online booking in Tanzania, route, tickets, schedule &amp; Fare? Do cheap TanzanAir flight booking Tanzania online now\" \/>\n<meta property=\"og:url\" content=\"https:\/\/tiketi.com\/fr-fr\/tanzanair-online-booking-flights\/\" \/>\n<meta property=\"og:site_name\" content=\"Tiketi.com\" \/>\n<meta property=\"article:publisher\" content=\"https:\/\/www.facebook.com\/TiketiCom\/\" \/>\n<meta property=\"article:modified_time\" content=\"2022-02-22T10:08:30+00:00\" \/>\n<meta property=\"og:image\" content=\"https:\/\/tiketi.com\/wp-content\/uploads\/2022\/01\/flight-ticket-booking-sorasak-KxCJXXGsv9I-unsplas.jpg\" \/>\n\t<meta property=\"og:image:width\" content=\"1200\" \/>\n\t<meta property=\"og:image:height\" content=\"240\" \/>\n\t<meta property=\"og:image:type\" content=\"image\/jpeg\" \/>\n<meta name=\"twitter:card\" content=\"summary_large_image\" \/>\n<meta name=\"twitter:label1\" content=\"Dur\u00e9e de lecture estim\u00e9e\" \/>\n\t<meta name=\"twitter:data1\" content=\"2 minutes\" \/>\n<script type=\"application\/ld+json\" class=\"yoast-schema-graph\">{\"@context\":\"https:\\\/\\\/schema.org\",\"@graph\":[{\"@type\":\"WebPage\",\"@id\":\"https:\\\/\\\/tiketi.com\\\/tanzanair-online-booking-flights\\\/\",\"url\":\"https:\\\/\\\/tiketi.com\\\/tanzanair-online-booking-flights\\\/\",\"name\":\"Tanzanair Online Booking - Cheap Flights\",\"isPartOf\":{\"@id\":\"https:\\\/\\\/tiketi.com\\\/#website\"},\"primaryImageOfPage\":{\"@id\":\"https:\\\/\\\/tiketi.com\\\/tanzanair-online-booking-flights\\\/#primaryimage\"},\"image\":{\"@id\":\"https:\\\/\\\/tiketi.com\\\/tanzanair-online-booking-flights\\\/#primaryimage\"},\"thumbnailUrl\":\"https:\\\/\\\/tiketi.com\\\/wp-content\\\/uploads\\\/2022\\\/01\\\/flight-ticket-booking-sorasak-KxCJXXGsv9I-unsplas.jpg\",\"datePublished\":\"2022-01-19T11:54:13+00:00\",\"dateModified\":\"2022-02-22T10:08:30+00:00\",\"description\":\"Looking for TanzanAir online booking in Tanzania, route, tickets, schedule & Fare? Do cheap TanzanAir flight booking Tanzania online now\",\"breadcrumb\":{\"@id\":\"https:\\\/\\\/tiketi.com\\\/tanzanair-online-booking-flights\\\/#breadcrumb\"},\"inLanguage\":\"fr-FR\",\"potentialAction\":[{\"@type\":\"ReadAction\",\"target\":[\"https:\\\/\\\/tiketi.com\\\/tanzanair-online-booking-flights\\\/\"]}]},{\"@type\":\"ImageObject\",\"inLanguage\":\"fr-FR\",\"@id\":\"https:\\\/\\\/tiketi.com\\\/tanzanair-online-booking-flights\\\/#primaryimage\",\"url\":\"https:\\\/\\\/tiketi.com\\\/wp-content\\\/uploads\\\/2022\\\/01\\\/flight-ticket-booking-sorasak-KxCJXXGsv9I-unsplas.jpg\",\"contentUrl\":\"https:\\\/\\\/tiketi.com\\\/wp-content\\\/uploads\\\/2022\\\/01\\\/flight-ticket-booking-sorasak-KxCJXXGsv9I-unsplas.jpg\",\"width\":1200,\"height\":240,\"caption\":\"Online flight ticket booking\"},{\"@type\":\"BreadcrumbList\",\"@id\":\"https:\\\/\\\/tiketi.com\\\/tanzanair-online-booking-flights\\\/#breadcrumb\",\"itemListElement\":[{\"@type\":\"ListItem\",\"position\":1,\"name\":\"Home\",\"item\":\"https:\\\/\\\/tiketi.com\\\/\"},{\"@type\":\"ListItem\",\"position\":2,\"name\":\"Tanzanair Online Booking &#8211; Cheap Flights\"}]},{\"@type\":\"WebSite\",\"@id\":\"https:\\\/\\\/tiketi.com\\\/#website\",\"url\":\"https:\\\/\\\/tiketi.com\\\/\",\"name\":\"Flight & Bus Tickets, Tour Packages & Activitites - Tiketi.com\",\"description\":\"Flight &amp; Bus Tickets, Tours, Activitites\",\"publisher\":{\"@id\":\"https:\\\/\\\/tiketi.com\\\/#organization\"},\"potentialAction\":[{\"@type\":\"SearchAction\",\"target\":{\"@type\":\"EntryPoint\",\"urlTemplate\":\"https:\\\/\\\/tiketi.com\\\/?s={search_term_string}\"},\"query-input\":{\"@type\":\"PropertyValueSpecification\",\"valueRequired\":true,\"valueName\":\"search_term_string\"}}],\"inLanguage\":\"fr-FR\"},{\"@type\":\"Organization\",\"@id\":\"https:\\\/\\\/tiketi.com\\\/#organization\",\"name\":\"Tiketi.com\",\"alternateName\":\"Tiketi\",\"url\":\"https:\\\/\\\/tiketi.com\\\/\",\"logo\":{\"@type\":\"ImageObject\",\"inLanguage\":\"fr-FR\",\"@id\":\"https:\\\/\\\/tiketi.com\\\/#\\\/schema\\\/logo\\\/image\\\/\",\"url\":\"https:\\\/\\\/tiketi.com\\\/wp-content\\\/uploads\\\/2019\\\/05\\\/tiketi-logo-696.png\",\"contentUrl\":\"https:\\\/\\\/tiketi.com\\\/wp-content\\\/uploads\\\/2019\\\/05\\\/tiketi-logo-696.png\",\"width\":696,\"height\":696,\"caption\":\"Tiketi.com\"},\"image\":{\"@id\":\"https:\\\/\\\/tiketi.com\\\/#\\\/schema\\\/logo\\\/image\\\/\"},\"sameAs\":[\"https:\\\/\\\/www.facebook.com\\\/TiketiCom\\\/\"]}]}<\/script>\n<!-- \/ Yoast SEO plugin. -->","yoast_head_json":{"title":"R\u00e9servation en ligne Tanzanair - Vols pas chers","description":"Vous recherchez une r\u00e9servation en ligne TanzanAir en Tanzanie, un itin\u00e9raire, des billets, des horaires et des tarifs\u00a0? Faites la r\u00e9servation de vols pas chers TanzanAir Tanzanie en ligne maintenant","robots":{"index":"index","follow":"follow","max-snippet":"max-snippet:-1","max-image-preview":"max-image-preview:large","max-video-preview":"max-video-preview:-1"},"canonical":"https:\/\/tiketi.com\/fr-fr\/tanzanair-online-booking-flights\/","og_locale":"fr_FR","og_type":"article","og_title":"Tanzanair Online Booking - Cheap Flights","og_description":"Looking for TanzanAir online booking in Tanzania, route, tickets, schedule & Fare? Do cheap TanzanAir flight booking Tanzania online now","og_url":"https:\/\/tiketi.com\/fr-fr\/tanzanair-online-booking-flights\/","og_site_name":"Tiketi.com","article_publisher":"https:\/\/www.facebook.com\/TiketiCom\/","article_modified_time":"2022-02-22T10:08:30+00:00","og_image":[{"width":1200,"height":240,"url":"https:\/\/tiketi.com\/wp-content\/uploads\/2022\/01\/flight-ticket-booking-sorasak-KxCJXXGsv9I-unsplas.jpg","type":"image\/jpeg"}],"twitter_card":"summary_large_image","twitter_misc":{"Dur\u00e9e de lecture estim\u00e9e":"2 minutes"},"schema":{"@context":"https:\/\/schema.org","@graph":[{"@type":"WebPage","@id":"https:\/\/tiketi.com\/tanzanair-online-booking-flights\/","url":"https:\/\/tiketi.com\/tanzanair-online-booking-flights\/","name":"R\u00e9servation en ligne Tanzanair - Vols pas chers","isPartOf":{"@id":"https:\/\/tiketi.com\/#website"},"primaryImageOfPage":{"@id":"https:\/\/tiketi.com\/tanzanair-online-booking-flights\/#primaryimage"},"image":{"@id":"https:\/\/tiketi.com\/tanzanair-online-booking-flights\/#primaryimage"},"thumbnailUrl":"https:\/\/tiketi.com\/wp-content\/uploads\/2022\/01\/flight-ticket-booking-sorasak-KxCJXXGsv9I-unsplas.jpg","datePublished":"2022-01-19T11:54:13+00:00","dateModified":"2022-02-22T10:08:30+00:00","description":"Vous recherchez une r\u00e9servation en ligne TanzanAir en Tanzanie, un itin\u00e9raire, des billets, des horaires et des tarifs\u00a0? Faites la r\u00e9servation de vols pas chers TanzanAir Tanzanie en ligne maintenant","breadcrumb":{"@id":"https:\/\/tiketi.com\/tanzanair-online-booking-flights\/#breadcrumb"},"inLanguage":"fr-FR","potentialAction":[{"@type":"ReadAction","target":["https:\/\/tiketi.com\/tanzanair-online-booking-flights\/"]}]},{"@type":"ImageObject","inLanguage":"fr-FR","@id":"https:\/\/tiketi.com\/tanzanair-online-booking-flights\/#primaryimage","url":"https:\/\/tiketi.com\/wp-content\/uploads\/2022\/01\/flight-ticket-booking-sorasak-KxCJXXGsv9I-unsplas.jpg","contentUrl":"https:\/\/tiketi.com\/wp-content\/uploads\/2022\/01\/flight-ticket-booking-sorasak-KxCJXXGsv9I-unsplas.jpg","width":1200,"height":240,"caption":"Online flight ticket booking"},{"@type":"BreadcrumbList","@id":"https:\/\/tiketi.com\/tanzanair-online-booking-flights\/#breadcrumb","itemListElement":[{"@type":"ListItem","position":1,"name":"Home","item":"https:\/\/tiketi.com\/"},{"@type":"ListItem","position":2,"name":"Tanzanair Online Booking &#8211; Cheap Flights"}]},{"@type":"WebSite","@id":"https:\/\/tiketi.com\/#website","url":"https:\/\/tiketi.com\/","name":"Billets d&#039;avion et de bus, forfaits touristiques et activit\u00e9s - Tiketi.com","description":"Billets d&#039;avion et de bus, Tours, Activit\u00e9s","publisher":{"@id":"https:\/\/tiketi.com\/#organization"},"potentialAction":[{"@type":"SearchAction","target":{"@type":"EntryPoint","urlTemplate":"https:\/\/tiketi.com\/?s={search_term_string}"},"query-input":{"@type":"PropertyValueSpecification","valueRequired":true,"valueName":"search_term_string"}}],"inLanguage":"fr-FR"},{"@type":"Organization","@id":"https:\/\/tiketi.com\/#organization","name":"Tiketi.com","alternateName":"Tiketi","url":"https:\/\/tiketi.com\/","logo":{"@type":"ImageObject","inLanguage":"fr-FR","@id":"https:\/\/tiketi.com\/#\/schema\/logo\/image\/","url":"https:\/\/tiketi.com\/wp-content\/uploads\/2019\/05\/tiketi-logo-696.png","contentUrl":"https:\/\/tiketi.com\/wp-content\/uploads\/2019\/05\/tiketi-logo-696.png","width":696,"height":696,"caption":"Tiketi.com"},"image":{"@id":"https:\/\/tiketi.com\/#\/schema\/logo\/image\/"},"sameAs":["https:\/\/www.facebook.com\/TiketiCom\/"]}]}},"_links":{"self":[{"href":"https:\/\/tiketi.com\/fr-fr\/wp-json\/wp\/v2\/pages\/11099","targetHints":{"allow":["GET"]}}],"collection":[{"href":"https:\/\/tiketi.com\/fr-fr\/wp-json\/wp\/v2\/pages"}],"about":[{"href":"https:\/\/tiketi.com\/fr-fr\/wp-json\/wp\/v2\/types\/page"}],"author":[{"embeddable":true,"href":"https:\/\/tiketi.com\/fr-fr\/wp-json\/wp\/v2\/users\/1"}],"replies":[{"embeddable":true,"href":"https:\/\/tiketi.com\/fr-fr\/wp-json\/wp\/v2\/comments?post=11099"}],"version-history":[{"count":0,"href":"https:\/\/tiketi.com\/fr-fr\/wp-json\/wp\/v2\/pages\/11099\/revisions"}],"wp:featuredmedia":[{"embeddable":true,"href":"https:\/\/tiketi.com\/fr-fr\/wp-json\/wp\/v2\/media\/14041"}],"wp:attachment":[{"href":"https:\/\/tiketi.com\/fr-fr\/wp-json\/wp\/v2\/media?parent=11099"}],"curies":[{"name":"wp","href":"https:\/\/api.w.org\/{rel}","templated":true}]}}