{"id":11100,"date":"2022-01-19T12:54:13","date_gmt":"2022-01-19T11:54:13","guid":{"rendered":"https:\/\/new.tiketi.com\/national-airways-ethiopia-online-booking-cheap-flights\/"},"modified":"2022-02-17T14:37:30","modified_gmt":"2022-02-17T13:37:30","slug":"national-airways-ethiopia-booking","status":"publish","type":"page","link":"https:\/\/tiketi.com\/fr-fr\/national-airways-ethiopia-booking\/","title":{"rendered":"National Airways Ethiopia R\u00e9servation en ligne \u2013 Vols pas chers"},"content":{"rendered":"<h2>R\u00e9servation de vol National Airways \u00c9thiopie<\/h2>\n<h3>Comparez et r\u00e9servez vos billets pas chers National Airways Ethiopia en ligne d\u00e8s maintenant.<\/h3>\n<p>Recherchez, comparez et faites des r\u00e9servations en ligne bon march\u00e9 de National Airways Ethiopia. La compagnie a\u00e9rienne pr\u00e9voit de voler localement depuis sa base \u00e0 l&#039;a\u00e9roport international d&#039;Addis-Abeba Bole vers des destinations populaires telles que Gondar, Mekelle, Dolo, Bahir Dar et Mogadiscio, Hargeisa. R\u00e9servez en ligne d\u00e8s maintenant vos vols National Airways Ethiopia \u00e0 bas prix et \u00e9conomisez du temps et de l&#039;argent.<\/p>\n<h2>FAQ sur la r\u00e9servation en ligne de National Airways Ethiopia<\/h2>\n<h3>National Airways Ethiopia r\u00e9servation de vol destinations populaires<\/h3>\n<p>National Airway Ethiopia propose actuellement des vols hebdomadaires d&#039;Addis \u00e0 Dolo et Addis. Tout en desservant \u00e9galement les routes d&#039;Addis-Abeba \u00e0 Garowe Puntland et de Garowe Puntland \u00e0 Addis-Abeba.<\/p>\n<h3>Informations sur la flotte<\/h3>\n<p>La compagnie de r\u00e9servation National Airways Ethiopia dispose actuellement d&#039;une flotte de six avions en service et de deux autres pr\u00e9vus pour l&#039;introduction. Le transporteur cherche \u00e0 inclure 2 avions Embraer 135 dans son \u00e9curie qui compte d\u00e9j\u00e0 2 Fokker 50, deux Beech 1900D, 2 Pilus PC-12 et 1 h\u00e9licopt\u00e8re Eurocopter EC 130 B4.<\/p>\n<h3>Une information important<\/h3>\n<p>\u2022 Anciennement appel\u00e9e Air Ethiopia, la National Airways Ethiopia est la meilleure compagnie a\u00e9rienne priv\u00e9e africaine et elle part de son hub cl\u00e9 \u00e0 l&#039;a\u00e9roport international d&#039;Addis-Abeba.<br \/>\n\u2022 Cr\u00e9\u00e9e et lanc\u00e9e en 2007, elle g\u00e8re des services d&#039;affr\u00e8tement pour les passagers en \u00c9thiopie.<br \/>\n\u2022 C&#039;est l&#039;une des compagnies a\u00e9riennes charter les plus c\u00e9l\u00e8bres d&#039;Afrique, qui offre confort, fiabilit\u00e9 et s\u00e9curit\u00e9 \u00e0 ses passagers, avec une large gamme de services comprenant un transport de fret fiable, une formation a\u00e9ronautique, un transport de passagers s\u00fbr, des r\u00e9parations d&#039;entretien, une restauration de vol, services nationaux et r\u00e9gionaux et services au sol.<br \/>\n\u2022 Les passagers peuvent profiter d&#039;une large gamme de divertissements \u00e0 bord tout au long de leurs vols.<\/p>\n<h3>Franchise de bagages<\/h3>\n<p>La franchise de bagages varie de 10 \u00e0 20 kg mais varie en fonction du si\u00e8ge de cabine choisi par le passager.<\/p>\n<h3>Enregistrement<\/h3>\n<p>National Airways Ethiopia a une p\u00e9riode d&#039;enregistrement de trente minutes \u00e0 une heure pour les vols locaux \u00e0 une heure pour les vols internationaux.<\/p>\n<p>R\u00e9servation de vol National Airways \u00c9thiopie<\/p>","protected":false},"excerpt":{"rendered":"<p>National Airways Ethiopia\u00a0Flight Booking Compare and book your cheap National Airways Ethiopia tickets online now. Search, compare and do cheap National Airways Ethiopia online booking.\u00a0The airline plans to fly locally from its base at Addis Ababa Bole International Airport to popular destinations such as Gondar, Mekelle, Dolo, Bahir Dar, and Mogadishu, Hargeisa.\u00a0Do\u00a0cheap National Airways Ethiopia [&hellip;]<\/p>\n","protected":false},"author":1,"featured_media":14041,"parent":0,"menu_order":0,"comment_status":"open","ping_status":"closed","template":"template-home-modern.php","meta":{"footnotes":""},"class_list":["post-11100","page","type-page","status-publish","has-post-thumbnail","hentry"],"yoast_head":"<!-- This site is optimized with the Yoast SEO plugin v27.4 - https:\/\/yoast.com\/product\/yoast-seo-wordpress\/ -->\n<title>National Airways Ethiopia Online Booking - Cheap Flights<\/title>\n<meta name=\"description\" content=\"Looking for National Airways Ethiopia online booking in Kenya? Do cheap National Airways Ethiopia flight booking online Kenya online now\" \/>\n<meta name=\"robots\" content=\"index, follow, max-snippet:-1, max-image-preview:large, max-video-preview:-1\" \/>\n<link rel=\"canonical\" href=\"https:\/\/tiketi.com\/fr-fr\/national-airways-ethiopia-booking\/\" \/>\n<meta property=\"og:locale\" content=\"fr_FR\" \/>\n<meta property=\"og:type\" content=\"article\" \/>\n<meta property=\"og:title\" content=\"National Airways Ethiopia Online Booking - Cheap Flights\" \/>\n<meta property=\"og:description\" content=\"Looking for National Airways Ethiopia online booking in Kenya? Do cheap National Airways Ethiopia flight booking online Kenya online now\" \/>\n<meta property=\"og:url\" content=\"https:\/\/tiketi.com\/fr-fr\/national-airways-ethiopia-booking\/\" \/>\n<meta property=\"og:site_name\" content=\"Tiketi.com\" \/>\n<meta property=\"article:publisher\" content=\"https:\/\/www.facebook.com\/TiketiCom\/\" \/>\n<meta property=\"article:modified_time\" content=\"2022-02-17T13:37:30+00:00\" \/>\n<meta property=\"og:image\" content=\"https:\/\/tiketi.com\/wp-content\/uploads\/2022\/01\/flight-ticket-booking-sorasak-KxCJXXGsv9I-unsplas.jpg\" \/>\n\t<meta property=\"og:image:width\" content=\"1200\" \/>\n\t<meta property=\"og:image:height\" content=\"240\" \/>\n\t<meta property=\"og:image:type\" content=\"image\/jpeg\" \/>\n<meta name=\"twitter:card\" content=\"summary_large_image\" \/>\n<meta name=\"twitter:label1\" content=\"Dur\u00e9e de lecture estim\u00e9e\" \/>\n\t<meta name=\"twitter:data1\" content=\"2 minutes\" \/>\n<script type=\"application\/ld+json\" class=\"yoast-schema-graph\">{\"@context\":\"https:\\\/\\\/schema.org\",\"@graph\":[{\"@type\":\"WebPage\",\"@id\":\"https:\\\/\\\/tiketi.com\\\/national-airways-ethiopia-booking\\\/\",\"url\":\"https:\\\/\\\/tiketi.com\\\/national-airways-ethiopia-booking\\\/\",\"name\":\"National Airways Ethiopia Online Booking - Cheap Flights\",\"isPartOf\":{\"@id\":\"https:\\\/\\\/tiketi.com\\\/#website\"},\"primaryImageOfPage\":{\"@id\":\"https:\\\/\\\/tiketi.com\\\/national-airways-ethiopia-booking\\\/#primaryimage\"},\"image\":{\"@id\":\"https:\\\/\\\/tiketi.com\\\/national-airways-ethiopia-booking\\\/#primaryimage\"},\"thumbnailUrl\":\"https:\\\/\\\/tiketi.com\\\/wp-content\\\/uploads\\\/2022\\\/01\\\/flight-ticket-booking-sorasak-KxCJXXGsv9I-unsplas.jpg\",\"datePublished\":\"2022-01-19T11:54:13+00:00\",\"dateModified\":\"2022-02-17T13:37:30+00:00\",\"description\":\"Looking for National Airways Ethiopia online booking in Kenya? Do cheap National Airways Ethiopia flight booking online Kenya online now\",\"breadcrumb\":{\"@id\":\"https:\\\/\\\/tiketi.com\\\/national-airways-ethiopia-booking\\\/#breadcrumb\"},\"inLanguage\":\"fr-FR\",\"potentialAction\":[{\"@type\":\"ReadAction\",\"target\":[\"https:\\\/\\\/tiketi.com\\\/national-airways-ethiopia-booking\\\/\"]}]},{\"@type\":\"ImageObject\",\"inLanguage\":\"fr-FR\",\"@id\":\"https:\\\/\\\/tiketi.com\\\/national-airways-ethiopia-booking\\\/#primaryimage\",\"url\":\"https:\\\/\\\/tiketi.com\\\/wp-content\\\/uploads\\\/2022\\\/01\\\/flight-ticket-booking-sorasak-KxCJXXGsv9I-unsplas.jpg\",\"contentUrl\":\"https:\\\/\\\/tiketi.com\\\/wp-content\\\/uploads\\\/2022\\\/01\\\/flight-ticket-booking-sorasak-KxCJXXGsv9I-unsplas.jpg\",\"width\":1200,\"height\":240,\"caption\":\"Online flight ticket booking\"},{\"@type\":\"BreadcrumbList\",\"@id\":\"https:\\\/\\\/tiketi.com\\\/national-airways-ethiopia-booking\\\/#breadcrumb\",\"itemListElement\":[{\"@type\":\"ListItem\",\"position\":1,\"name\":\"Home\",\"item\":\"https:\\\/\\\/tiketi.com\\\/\"},{\"@type\":\"ListItem\",\"position\":2,\"name\":\"National Airways Ethiopia Online Booking &#8211; Cheap Flights\"}]},{\"@type\":\"WebSite\",\"@id\":\"https:\\\/\\\/tiketi.com\\\/#website\",\"url\":\"https:\\\/\\\/tiketi.com\\\/\",\"name\":\"Flight & Bus Tickets, Tour Packages & Activitites - Tiketi.com\",\"description\":\"Flight &amp; Bus Tickets, Tours, Activitites\",\"publisher\":{\"@id\":\"https:\\\/\\\/tiketi.com\\\/#organization\"},\"potentialAction\":[{\"@type\":\"SearchAction\",\"target\":{\"@type\":\"EntryPoint\",\"urlTemplate\":\"https:\\\/\\\/tiketi.com\\\/?s={search_term_string}\"},\"query-input\":{\"@type\":\"PropertyValueSpecification\",\"valueRequired\":true,\"valueName\":\"search_term_string\"}}],\"inLanguage\":\"fr-FR\"},{\"@type\":\"Organization\",\"@id\":\"https:\\\/\\\/tiketi.com\\\/#organization\",\"name\":\"Tiketi.com\",\"alternateName\":\"Tiketi\",\"url\":\"https:\\\/\\\/tiketi.com\\\/\",\"logo\":{\"@type\":\"ImageObject\",\"inLanguage\":\"fr-FR\",\"@id\":\"https:\\\/\\\/tiketi.com\\\/#\\\/schema\\\/logo\\\/image\\\/\",\"url\":\"https:\\\/\\\/tiketi.com\\\/wp-content\\\/uploads\\\/2019\\\/05\\\/tiketi-logo-696.png\",\"contentUrl\":\"https:\\\/\\\/tiketi.com\\\/wp-content\\\/uploads\\\/2019\\\/05\\\/tiketi-logo-696.png\",\"width\":696,\"height\":696,\"caption\":\"Tiketi.com\"},\"image\":{\"@id\":\"https:\\\/\\\/tiketi.com\\\/#\\\/schema\\\/logo\\\/image\\\/\"},\"sameAs\":[\"https:\\\/\\\/www.facebook.com\\\/TiketiCom\\\/\"]}]}<\/script>\n<!-- \/ Yoast SEO plugin. -->","yoast_head_json":{"title":"National Airways Ethiopia R\u00e9servation en ligne - Vols pas chers","description":"Vous recherchez une r\u00e9servation en ligne de National Airways Ethiopia au Kenya? Faites la r\u00e9servation de vols pas chers National Airways Ethiopia en ligne Kenya en ligne maintenant","robots":{"index":"index","follow":"follow","max-snippet":"max-snippet:-1","max-image-preview":"max-image-preview:large","max-video-preview":"max-video-preview:-1"},"canonical":"https:\/\/tiketi.com\/fr-fr\/national-airways-ethiopia-booking\/","og_locale":"fr_FR","og_type":"article","og_title":"National Airways Ethiopia Online Booking - Cheap Flights","og_description":"Looking for National Airways Ethiopia online booking in Kenya? Do cheap National Airways Ethiopia flight booking online Kenya online now","og_url":"https:\/\/tiketi.com\/fr-fr\/national-airways-ethiopia-booking\/","og_site_name":"Tiketi.com","article_publisher":"https:\/\/www.facebook.com\/TiketiCom\/","article_modified_time":"2022-02-17T13:37:30+00:00","og_image":[{"width":1200,"height":240,"url":"https:\/\/tiketi.com\/wp-content\/uploads\/2022\/01\/flight-ticket-booking-sorasak-KxCJXXGsv9I-unsplas.jpg","type":"image\/jpeg"}],"twitter_card":"summary_large_image","twitter_misc":{"Dur\u00e9e de lecture estim\u00e9e":"2 minutes"},"schema":{"@context":"https:\/\/schema.org","@graph":[{"@type":"WebPage","@id":"https:\/\/tiketi.com\/national-airways-ethiopia-booking\/","url":"https:\/\/tiketi.com\/national-airways-ethiopia-booking\/","name":"National Airways Ethiopia R\u00e9servation en ligne - Vols pas chers","isPartOf":{"@id":"https:\/\/tiketi.com\/#website"},"primaryImageOfPage":{"@id":"https:\/\/tiketi.com\/national-airways-ethiopia-booking\/#primaryimage"},"image":{"@id":"https:\/\/tiketi.com\/national-airways-ethiopia-booking\/#primaryimage"},"thumbnailUrl":"https:\/\/tiketi.com\/wp-content\/uploads\/2022\/01\/flight-ticket-booking-sorasak-KxCJXXGsv9I-unsplas.jpg","datePublished":"2022-01-19T11:54:13+00:00","dateModified":"2022-02-17T13:37:30+00:00","description":"Vous recherchez une r\u00e9servation en ligne de National Airways Ethiopia au Kenya? Faites la r\u00e9servation de vols pas chers National Airways Ethiopia en ligne Kenya en ligne maintenant","breadcrumb":{"@id":"https:\/\/tiketi.com\/national-airways-ethiopia-booking\/#breadcrumb"},"inLanguage":"fr-FR","potentialAction":[{"@type":"ReadAction","target":["https:\/\/tiketi.com\/national-airways-ethiopia-booking\/"]}]},{"@type":"ImageObject","inLanguage":"fr-FR","@id":"https:\/\/tiketi.com\/national-airways-ethiopia-booking\/#primaryimage","url":"https:\/\/tiketi.com\/wp-content\/uploads\/2022\/01\/flight-ticket-booking-sorasak-KxCJXXGsv9I-unsplas.jpg","contentUrl":"https:\/\/tiketi.com\/wp-content\/uploads\/2022\/01\/flight-ticket-booking-sorasak-KxCJXXGsv9I-unsplas.jpg","width":1200,"height":240,"caption":"Online flight ticket booking"},{"@type":"BreadcrumbList","@id":"https:\/\/tiketi.com\/national-airways-ethiopia-booking\/#breadcrumb","itemListElement":[{"@type":"ListItem","position":1,"name":"Home","item":"https:\/\/tiketi.com\/"},{"@type":"ListItem","position":2,"name":"National Airways Ethiopia Online Booking &#8211; Cheap Flights"}]},{"@type":"WebSite","@id":"https:\/\/tiketi.com\/#website","url":"https:\/\/tiketi.com\/","name":"Billets d&#039;avion et de bus, forfaits touristiques et activit\u00e9s - Tiketi.com","description":"Billets d&#039;avion et de bus, Tours, Activit\u00e9s","publisher":{"@id":"https:\/\/tiketi.com\/#organization"},"potentialAction":[{"@type":"SearchAction","target":{"@type":"EntryPoint","urlTemplate":"https:\/\/tiketi.com\/?s={search_term_string}"},"query-input":{"@type":"PropertyValueSpecification","valueRequired":true,"valueName":"search_term_string"}}],"inLanguage":"fr-FR"},{"@type":"Organization","@id":"https:\/\/tiketi.com\/#organization","name":"Tiketi.com","alternateName":"Tiketi","url":"https:\/\/tiketi.com\/","logo":{"@type":"ImageObject","inLanguage":"fr-FR","@id":"https:\/\/tiketi.com\/#\/schema\/logo\/image\/","url":"https:\/\/tiketi.com\/wp-content\/uploads\/2019\/05\/tiketi-logo-696.png","contentUrl":"https:\/\/tiketi.com\/wp-content\/uploads\/2019\/05\/tiketi-logo-696.png","width":696,"height":696,"caption":"Tiketi.com"},"image":{"@id":"https:\/\/tiketi.com\/#\/schema\/logo\/image\/"},"sameAs":["https:\/\/www.facebook.com\/TiketiCom\/"]}]}},"_links":{"self":[{"href":"https:\/\/tiketi.com\/fr-fr\/wp-json\/wp\/v2\/pages\/11100","targetHints":{"allow":["GET"]}}],"collection":[{"href":"https:\/\/tiketi.com\/fr-fr\/wp-json\/wp\/v2\/pages"}],"about":[{"href":"https:\/\/tiketi.com\/fr-fr\/wp-json\/wp\/v2\/types\/page"}],"author":[{"embeddable":true,"href":"https:\/\/tiketi.com\/fr-fr\/wp-json\/wp\/v2\/users\/1"}],"replies":[{"embeddable":true,"href":"https:\/\/tiketi.com\/fr-fr\/wp-json\/wp\/v2\/comments?post=11100"}],"version-history":[{"count":0,"href":"https:\/\/tiketi.com\/fr-fr\/wp-json\/wp\/v2\/pages\/11100\/revisions"}],"wp:featuredmedia":[{"embeddable":true,"href":"https:\/\/tiketi.com\/fr-fr\/wp-json\/wp\/v2\/media\/14041"}],"wp:attachment":[{"href":"https:\/\/tiketi.com\/fr-fr\/wp-json\/wp\/v2\/media?parent=11100"}],"curies":[{"name":"wp","href":"https:\/\/api.w.org\/{rel}","templated":true}]}}